{"id":1310,"date":"2018-10-29T20:33:37","date_gmt":"2018-10-29T20:33:37","guid":{"rendered":"https:\/\/naturegalapagos.com\/br\/?page_id=1310"},"modified":"2024-08-09T20:02:17","modified_gmt":"2024-08-09T20:02:17","slug":"cruzeiros-em-galapagos-selecao-de-iates-nas-ilhas","status":"publish","type":"page","link":"https:\/\/naturegalapagos.com\/br\/cruzeiros-em-galapagos-selecao-de-iates-nas-ilhas\/","title":{"rendered":"Cruzeiros em Gal\u00e1pagos, sele\u00e7\u00e3o de iates nas ilhas."},"content":{"rendered":"<div class=\"wpb-content-wrapper\"><p>[vc_row][vc_column][vc_column_text]<\/p>\n<h2>Cruzeiros em Gal\u00e1pagos<\/h2>\n<hr \/>\n<p>Que tipo de cruzeiros em Gal\u00e1pagos voc\u00ea est\u00e1 procurando? Um iate a motor sofisticado, um barco econ\u00f4mico ou voc\u00ea \u00e9 um amante da vela? Check it out, voc\u00ea tem tudo abaixo &#8230;<br \/>\nAo procurar por um cruzeiro de Gal\u00e1pagos, esta se\u00e7\u00e3o torna tudo mais f\u00e1cil e suave. Abaixo voc\u00ea pode encontrar uma sele\u00e7\u00e3o abrangente e cuidadosa dos melhores cruzeiros de Gal\u00e1pagos. Todos eles com a mais alta qualidade, seguran\u00e7a e conforto. As embarca\u00e7\u00f5es nesta se\u00e7\u00e3o foram cuidadosamente revisadas para garantir uma \u00f3tima experi\u00eancia enquanto voc\u00ea navega pelas Ilhas Gal\u00e1pagos.<\/p>\n<p>Com base na inspe\u00e7\u00e3o pessoal e nos coment\u00e1rios dos viajantes anteriores, este Cruzeiro Gal\u00e1pagos atende a todos os padr\u00f5es de qualidade e seguran\u00e7a e apresenta itiner\u00e1rios abrangentes. Para tornar as coisas mais f\u00e1ceis, nossos cruzeiros de Gal\u00e1pagos s\u00e3o divididos em categorias distintas para atender seus desejos e or\u00e7amentos na melhor das hip\u00f3teses:<\/p>\n<p>[\/vc_column_text][\/vc_column][\/vc_row][vc_row][vc_column][vc_column_text]<\/p>\n<ul>\n<li>* Cruzeiros de Luxo<\/li>\n<li>* Cruzeiros de Primeira Classe<\/li>\n<li>* Cruzeiros Tur\u00edsticos Superiores<\/li>\n<li>* Cruzeiros Econ\u00f4micos<\/li>\n<\/ul>\n<p>Entre esta sele\u00e7\u00e3o de cruzeiros, voc\u00ea tamb\u00e9m pode encontrar diferentes tipos de barcos:<\/p>\n<ul>\n<li>Navios e Embarca\u00e7\u00f5es<\/li>\n<li>Catamar\u00e3s<\/li>\n<li>Iates a motor e<\/li>\n<li>Veleiros e velaail<\/li>\n<\/ul>\n<h2>Perguntar sobre cruzeiros<\/h2>\n<p>Pergunte a um dos nossos agentes de viagens pela sua assist\u00eancia<\/p>\n<p>[\/vc_column_text][vc_column_text] <span style=\"font-size: 11pt;\">Below you may also find a brief description of each. Check them out and ask us for any further details, a travel expert will gladly help you arrange your trip!<\/span> [\/vc_column_text][\/vc_column][\/vc_row][vc_row][vc_column width=&#8221;1\/2&#8243; css=&#8221;.vc_custom_1464124946062{margin-right: 50px !important;}&#8221;]<div class=\"title title--center title--underline title--decoration-bottom-center\">\n<h3 class=\"title__primary\"><a href=\"https:\/\/naturegalapagos.com\/galapagos-cruises\/galapagos-luxury-cruises\/\" style=\"color:inherit;border:none;\">Galapagos Luxury Cruises<\/a><\/h3><\/div>\n[vc_single_image image=&#8221;1384&#8243; img_size=&#8221;full&#8221; alignment=&#8221;center&#8221; onclick=&#8221;custom_link&#8221; link=&#8221;https:\/\/naturegalapagos.com\/es\/cruceros-lujo-galapagos\/&#8221;][\/vc_column][vc_column width=&#8221;1\/2&#8243; css=&#8221;.vc_custom_1464124955120{margin-left: 50px !important;}&#8221;]<div class=\"title title--center title--underline title--decoration-bottom-center\">\n<h3 class=\"title__primary\"><a href=\"http:\/\/naturegalapagos.com\/galapagos-cruises\/galapagos-island-cruise\/\" style=\"color:inherit;border:none;\">Galapagos First Class cruises<\/a><\/h3><\/div>\n[vc_single_image image=&#8221;1385&#8243; img_size=&#8221;full&#8221; alignment=&#8221;center&#8221; onclick=&#8221;custom_link&#8221; link=&#8221;https:\/\/naturegalapagos.com\/es\/cruceros-primera-clase-galapagos\/&#8221;][\/vc_column][\/vc_row][vc_row][vc_column width=&#8221;1\/2&#8243; css=&#8221;.vc_custom_1464124946062{margin-right: 50px !important;}&#8221;]<div class=\"title title--center title--underline title--decoration-bottom-center\">\n<h3 class=\"title__primary\"><a href=\"http:\/\/naturegalapagos.com\/galapagos-cruises\/galapagos-islands-cruises\/\" style=\"color:inherit;border:none;\">Galapagos Standard cruises<\/a><\/h3><\/div>\n[vc_single_image image=&#8221;1386&#8243; img_size=&#8221;full&#8221; alignment=&#8221;center&#8221; onclick=&#8221;custom_link&#8221; link=&#8221;https:\/\/naturegalapagos.com\/es\/cruceros-turista-superior-galapagos\/&#8221;][\/vc_column][vc_column width=&#8221;1\/2&#8243; css=&#8221;.vc_custom_1464124955120{margin-left: 50px !important;}&#8221;]<div class=\"title title--center title--underline title--decoration-bottom-center\">\n<h3 class=\"title__primary\"><a href=\"http:\/\/naturegalapagos.com\/galapagos-cruises\/budget-galapagos-cruise\/\" style=\"color:inherit;border:none;\">Galapagos Budget cruises<\/a><\/h3><\/div>\n[vc_single_image image=&#8221;1387&#8243; img_size=&#8221;full&#8221; alignment=&#8221;center&#8221; onclick=&#8221;custom_link&#8221; link=&#8221;https:\/\/naturegalapagos.com\/es\/cruceros-economicos-galapagos\/&#8221;][\/vc_column][\/vc_row][vc_row][vc_column width=&#8221;1\/4&#8243; css=&#8221;.vc_custom_1464124946062{margin-right: 50px !important;}&#8221;][\/vc_column][vc_column width=&#8221;2\/4&#8243; css=&#8221;.vc_custom_1464124955120{margin-left: 50px !important;}&#8221;]<div class=\"title title--center title--underline title--decoration-bottom-center\">\n<h3 class=\"title__primary\"><a href=\"http:\/\/naturegalapagos.com\/galapagos-cruises\/galapagos-liveaboard\/\" style=\"color:inherit;border:none;\">Galapagos liveaboard diving<\/a><\/h3><\/div>\n[vc_single_image image=&#8221;1383&#8243; img_size=&#8221;full&#8221; alignment=&#8221;center&#8221; onclick=&#8221;custom_link&#8221; link=&#8221;https:\/\/naturegalapagos.com\/es\/cruceros-buceo-galapagos\/&#8221;][\/vc_column][vc_column width=&#8221;1\/4&#8243;][\/vc_column][\/vc_row][vc_row][vc_column][vc_column_text]<\/p>\n<h3><strong><em>Cruzeiros em Gal\u00e1pagos \u2013 Informa\u00e7\u00e3o<\/em><\/strong><\/h3>\n<p>Tenha em mente que todos os cruzeiros de Gal\u00e1pagos come\u00e7am com um voo de manh\u00e3 que parte de Quito ou Guayaquil no primeiro dia e o \u00faltimo dia termina com um voo de volta ao meio-dia. Todos os cruzeiros em Gal\u00e1pagos cumprem com os padr\u00f5es internacionais de seguran\u00e7a, os iates de primeira classe costumam ter o melhor equipamento quando se trata do conforto dos passageiros.<\/p>\n<p>Cruzeiros de luxo e cruzeiros de primeira classe oferecem cabines duplas com ar condicionado, banheiro privativo com \u00e1gua quente, \u00e1reas de descanso, guias naturalistas bil\u00edngues de n\u00edvel II ou n\u00edvel III. Estes barcos tamb\u00e9m oferecem servi\u00e7os de alto padr\u00e3o de qualidade. Recomenda-se que aqueles que buscam uma experi\u00eancia de luxo e maior conforto durante suas f\u00e9rias em Gal\u00e1pagos escolham qualquer uma dessas categorias que atendam \u00e0s suas necessidades.<\/p>\n<p>Os cruzeiros de classe tur\u00edstica e os cruzeiros tur\u00edsticos s\u00e3o geralmente menores, as cabines s\u00e3o menos espa\u00e7osas e n\u00e3o t\u00eam \u00e1reas sociais, no entanto, \u00e9 importante lembrar que a incr\u00edvel paisagem e vida selvagem de Gal\u00e1pagos ser\u00e1 sempre a mesma, n\u00e3o importa que tipo de barco voc\u00ea escolha!<\/p>\n<p>Cruzeiros econ\u00f4micos s\u00e3o uma boa op\u00e7\u00e3o para pessoas que viajam com or\u00e7amento limitado, os barcos s\u00e3o menores, em alguns desses iates os banheiros s\u00e3o compartilhados, as \u00e1reas sociais s\u00e3o menores ou n\u00e3o existem, os espa\u00e7os s\u00e3o pequenos mas n\u00e3o por isso a visita \u00e0s ilhas deixa de ser uma experi\u00eancia muito agrad\u00e1vel. Tenha em mente que \u00e9 necess\u00e1rio informar antecipadamente sobre as necessidades alimentares e prefer\u00eancias alimentares antes do in\u00edcio do passeio.<\/p>\n<h4>Considera\u00e7\u00f5es<\/h4>\n<p>NOTA: tenha em mente que todos os cruzeiros de Gal\u00e1pagos devem come\u00e7ar com um voo matutino de Quito ou Guayaquil no primeiro dia e terminar com um voo de volta por volta do meio-dia do \u00faltimo dia. Todos os cruzeiros Gal\u00e1pagos est\u00e3o em conformidade com os padr\u00f5es internacionais de seguran\u00e7a, e os iates de primeira classe costumam ter o melhor equipamento de seguran\u00e7a.<\/p>\n<ul>\n<li>Gal\u00e1pagos Cruzeiros de Luxo<\/li>\n<li>Cruzeiros de Luxo em Gal\u00e1pagos<\/li>\n<li>Cruzeiros em Gal\u00e1pagos<\/li>\n<li>Cruzeiros de Luxo em Gal\u00e1pagos<\/li>\n<\/ul>\n<p>&nbsp;<\/p>\n<p>Nesta se\u00e7\u00e3o voc\u00ea pode encontrar a melhor sele\u00e7\u00e3o de cruzeiros de luxo em Gal\u00e1pagos. Cada um dos cruzeiros de luxo apresentados aqui foi cuidadosamente inspecionado e selecionado por n\u00f3s para garantir conforto, com um itiner\u00e1rio de viagem completo, bem como a seguran\u00e7a de nossos passageiros.<\/p>\n<p>[\/vc_column_text][\/vc_column][\/vc_row][vc_row][vc_column][vc_column_text]<\/p>\n<p style=\"text-align: center;\"><span style=\"font-size: 10pt;\"><strong>NOTE:<\/strong> Please be aware that all Galapagos Cruises start with a morning flight from Quito or Guayaquil on the first day, and end with a return flight around noon on the last. All Galapagos Cruise boats must meet international safety standards, and higher class yachts usually have the best safety equipment.<\/span><\/p>\n<p>[\/vc_column_text][\/vc_column][\/vc_row][vc_row][vc_column][vc_column_text]<div class=\"share-buttons\" data-urlshare=\"https:\/\/naturegalapagos.com\/br\/cruzeiros-em-galapagos-selecao-de-iates-nas-ilhas\/\" data-imageshare=\"\"><div class=\"share-buttons__item share-buttons__item--facebook\" data-btntype=\"facebook\"><\/div><div class=\"share-buttons__item share-buttons__item--twitter\" data-btntype=\"twitter\"><\/div><div class=\"share-buttons__item share-buttons__item--linkedin\" data-btntype=\"linkedin\"><\/div><div class=\"share-buttons__item share-buttons__item--pinterest\" data-btntype=\"pinterest\"><\/div><div class=\"share-buttons__item share-buttons__item--vk\" data-btntype=\"vk\"><\/div><\/div>[\/vc_column_text][\/vc_column][\/vc_row]<\/p>\n<\/div>","protected":false},"excerpt":{"rendered":"<p>[vc_row][vc_column][vc_column_text] Cruzeiros em Gal\u00e1pagos Que tipo de cruzeiros em Gal\u00e1pagos voc\u00ea est\u00e1 procurando? Um iate a motor sofisticado, um barco econ\u00f4mico ou voc\u00ea \u00e9 um amante da vela? Check it out, voc\u00ea tem tudo abaixo &#8230; Ao procurar por um cruzeiro de Gal\u00e1pagos, esta se\u00e7\u00e3o torna tudo mais f\u00e1cil e suave. Abaixo voc\u00ea pode encontrar<\/p>\n<div class=\"padding-top text-center\"><a href=\"https:\/\/naturegalapagos.com\/br\/cruzeiros-em-galapagos-selecao-de-iates-nas-ilhas\/\" class=\"atbtn atbtn--medium atbtn--rounded atbtn--transparent\">Read more<i class=\"atbtn__icon atbtn__icon--right fa fa-long-arrow-right\"><\/i><\/a><\/div>\n","protected":false},"author":2,"featured_media":0,"parent":0,"menu_order":0,"comment_status":"closed","ping_status":"closed","template":"","meta":{"_joinchat":[],"footnotes":""},"class_list":["post-1310","page","type-page","status-publish","hentry"],"yoast_head":"<!-- This site is optimized with the Yoast SEO Premium plugin v25.6 (Yoast SEO v26.1.1) - https:\/\/yoast.com\/wordpress\/plugins\/seo\/ -->\n<title>Cruzeiros em Gal\u00e1pagos: Os Melhores Barcos para a sua Viagem<\/title>\n<meta name=\"description\" content=\"Encontre os melhores cruzeiros em Gal\u00e1pagos com itiner\u00e1rios abrangentes e embarca\u00e7\u00f5es de qualidade. Descubra a magia das Ilhas Gal\u00e1pagos hoje\" \/>\n<meta name=\"robots\" content=\"index, follow, max-snippet:-1, max-image-preview:large, max-video-preview:-1\" \/>\n<link rel=\"canonical\" href=\"https:\/\/naturegalapagos.com\/br\/cruzeiros-em-galapagos-selecao-de-iates-nas-ilhas\/\" \/>\n<meta property=\"og:locale\" content=\"pt_BR\" \/>\n<meta property=\"og:type\" content=\"article\" \/>\n<meta property=\"og:title\" content=\"Cruzeiros em Gal\u00e1pagos, sele\u00e7\u00e3o de iates nas ilhas.\" \/>\n<meta property=\"og:description\" content=\"Encontre os melhores cruzeiros em Gal\u00e1pagos com itiner\u00e1rios abrangentes e embarca\u00e7\u00f5es de qualidade. Descubra a magia das Ilhas Gal\u00e1pagos hoje\" \/>\n<meta property=\"og:url\" content=\"https:\/\/naturegalapagos.com\/br\/cruzeiros-em-galapagos-selecao-de-iates-nas-ilhas\/\" \/>\n<meta property=\"og:site_name\" content=\"Portugu\u00eas - Nature Galapagos &amp; Ecuador\" \/>\n<meta property=\"article:publisher\" content=\"https:\/\/www.facebook.com\/naturegalapagosecuador\/\" \/>\n<meta property=\"article:modified_time\" content=\"2024-08-09T20:02:17+00:00\" \/>\n<meta name=\"twitter:card\" content=\"summary_large_image\" \/>\n<meta name=\"twitter:site\" content=\"@naturegalapagos\" \/>\n<meta name=\"twitter:label1\" content=\"Est. reading time\" \/>\n\t<meta name=\"twitter:data1\" content=\"6 minutes\" \/>\n<!-- \/ Yoast SEO Premium plugin. -->","yoast_head_json":{"title":"Cruzeiros em Gal\u00e1pagos: Os Melhores Barcos para a sua Viagem","description":"Encontre os melhores cruzeiros em Gal\u00e1pagos com itiner\u00e1rios abrangentes e embarca\u00e7\u00f5es de qualidade. Descubra a magia das Ilhas Gal\u00e1pagos hoje","robots":{"index":"index","follow":"follow","max-snippet":"max-snippet:-1","max-image-preview":"max-image-preview:large","max-video-preview":"max-video-preview:-1"},"canonical":"https:\/\/naturegalapagos.com\/br\/cruzeiros-em-galapagos-selecao-de-iates-nas-ilhas\/","og_locale":"pt_BR","og_type":"article","og_title":"Cruzeiros em Gal\u00e1pagos, sele\u00e7\u00e3o de iates nas ilhas.","og_description":"Encontre os melhores cruzeiros em Gal\u00e1pagos com itiner\u00e1rios abrangentes e embarca\u00e7\u00f5es de qualidade. Descubra a magia das Ilhas Gal\u00e1pagos hoje","og_url":"https:\/\/naturegalapagos.com\/br\/cruzeiros-em-galapagos-selecao-de-iates-nas-ilhas\/","og_site_name":"Portugu\u00eas - Nature Galapagos &amp; Ecuador","article_publisher":"https:\/\/www.facebook.com\/naturegalapagosecuador\/","article_modified_time":"2024-08-09T20:02:17+00:00","twitter_card":"summary_large_image","twitter_site":"@naturegalapagos","twitter_misc":{"Est. reading time":"6 minutes"},"schema":{"@context":"https:\/\/schema.org","@graph":[{"@type":"WebPage","@id":"https:\/\/naturegalapagos.com\/br\/cruzeiros-em-galapagos-selecao-de-iates-nas-ilhas\/","url":"https:\/\/naturegalapagos.com\/br\/cruzeiros-em-galapagos-selecao-de-iates-nas-ilhas\/","name":"Cruzeiros em Gal\u00e1pagos: Os Melhores Barcos para a sua Viagem","isPartOf":{"@id":"https:\/\/naturegalapagos.com\/br\/#website"},"datePublished":"2018-10-29T20:33:37+00:00","dateModified":"2024-08-09T20:02:17+00:00","description":"Encontre os melhores cruzeiros em Gal\u00e1pagos com itiner\u00e1rios abrangentes e embarca\u00e7\u00f5es de qualidade. Descubra a magia das Ilhas Gal\u00e1pagos hoje","breadcrumb":{"@id":"https:\/\/naturegalapagos.com\/br\/cruzeiros-em-galapagos-selecao-de-iates-nas-ilhas\/#breadcrumb"},"inLanguage":"pt-BR","potentialAction":[{"@type":"ReadAction","target":["https:\/\/naturegalapagos.com\/br\/cruzeiros-em-galapagos-selecao-de-iates-nas-ilhas\/"]}]},{"@type":"BreadcrumbList","@id":"https:\/\/naturegalapagos.com\/br\/cruzeiros-em-galapagos-selecao-de-iates-nas-ilhas\/#breadcrumb","itemListElement":[{"@type":"ListItem","position":1,"name":"Home","item":"https:\/\/naturegalapagos.com\/br\/"},{"@type":"ListItem","position":2,"name":"Cruzeiros em Gal\u00e1pagos, sele\u00e7\u00e3o de iates nas ilhas."}]},{"@type":"WebSite","@id":"https:\/\/naturegalapagos.com\/br\/#website","url":"https:\/\/naturegalapagos.com\/br\/","name":"Portugu\u00eas - Nature Galapagos & Ecuador","description":"Portugu\u00eas - Nature Galapagos &amp; Ecuador","potentialAction":[{"@type":"SearchAction","target":{"@type":"EntryPoint","urlTemplate":"https:\/\/naturegalapagos.com\/br\/?s={search_term_string}"},"query-input":{"@type":"PropertyValueSpecification","valueRequired":true,"valueName":"search_term_string"}}],"inLanguage":"pt-BR"}]}},"_links":{"self":[{"href":"https:\/\/naturegalapagos.com\/br\/wp-json\/wp\/v2\/pages\/1310","targetHints":{"allow":["GET"]}}],"collection":[{"href":"https:\/\/naturegalapagos.com\/br\/wp-json\/wp\/v2\/pages"}],"about":[{"href":"https:\/\/naturegalapagos.com\/br\/wp-json\/wp\/v2\/types\/page"}],"author":[{"embeddable":true,"href":"https:\/\/naturegalapagos.com\/br\/wp-json\/wp\/v2\/users\/2"}],"replies":[{"embeddable":true,"href":"https:\/\/naturegalapagos.com\/br\/wp-json\/wp\/v2\/comments?post=1310"}],"version-history":[{"count":0,"href":"https:\/\/naturegalapagos.com\/br\/wp-json\/wp\/v2\/pages\/1310\/revisions"}],"wp:attachment":[{"href":"https:\/\/naturegalapagos.com\/br\/wp-json\/wp\/v2\/media?parent=1310"}],"curies":[{"name":"wp","href":"https:\/\/api.w.org\/{rel}","templated":true}]}}