{"id":18,"date":"2018-10-10T15:59:17","date_gmt":"2018-10-10T15:59:17","guid":{"rendered":"https:\/\/naturegalapagos.com\/br\/?page_id=18"},"modified":"2024-08-26T22:50:53","modified_gmt":"2024-08-26T22:50:53","slug":"quem-somos-operadora-turistica-de-galapagos","status":"publish","type":"page","link":"https:\/\/naturegalapagos.com\/br\/quem-somos-operadora-turistica-de-galapagos\/","title":{"rendered":"Quem Somos | Operadora Tur\u00edstica de Gal\u00e1pagos"},"content":{"rendered":"<div class=\"wpb-content-wrapper\"><p>[vc_row][vc_column][vc_column_text]<div class=\"title title--center title--underline\">\n\t<div class=\"title__subtitle\">Quem somos: Nature Galapagos &amp; Ecuador <\/div>\n<h3 class=\"title__primary\"><\/h3><\/div><p>Nature Galapagos &amp; Ecuador \u00e9 uma operadora local com base no Equador e nas Ilhas Gal\u00e1pagos oficialmente fundada em 2005. A ag\u00eancia foi criada por Nikolay Mancheno, viajante entusiasta e apaixonado por seu pa\u00eds com mais de 20 anos de experi\u00eancia na concep\u00e7\u00e3o de experi\u00eancias de viagem no Equador.<\/p>\n<p>Nikolay come\u00e7ou na atividade de turismo e viagem na adolesc\u00eancia, servindo de guia para familiares e amigos que visitavam a Amaz\u00f4nia equatoriana em Macas, sua terra natal. Desde ent\u00e3o, ele mergulhou profundamente no Equador como viajante.<\/p>\n<p>Depois de trabalhar com v\u00e1rias empresas pi\u00f1oneras em Gal\u00e1pagos, ele fundou a Nature Gal\u00e1pagos &amp; Ecuador, uma ag\u00eancia profundamente envolvida com a vida local de Gal\u00e1pagos e especializada em excurs\u00f5es terrestres nas ilhas.<\/p>\n<p>Como Nikolay, a equipe da Nature Galapagos &amp; Ecuador \u00e9 composta de viajantes apaixonados, pelo mesmo motivo e porque somos simplesmente apaixonados por nosso pa\u00eds, achamos que somos especialistas no Equador e em Gal\u00e1pagos.<\/p>\n<p>Entendemos o que significa ser um viajante, dedicamos tempo para projetar servi\u00e7os aut\u00eanticos para nossos viajantes, enriquecendo nossas experi\u00eancias com a participa\u00e7\u00e3o local com a comunidade.<\/p>\n<p>Natureza Gal\u00e1pagos e Equador \u00e9 legalmente reconhecido pelas autoridades do Equador, incluindo o Minist\u00e9rio do Turismo e Quito Turismo, \u00f3rg\u00e3os oficiais que regulam as atividades de turismo em nosso pa\u00eds.<\/p>\n<p>&nbsp;<\/p>\n<h2><strong>NOSSA MISS\u00c3O<\/strong><\/h2>\n<p>Oferecer experi\u00eancias de viagem \u00fanicas e aut\u00eanticas no Equador e nas Ilhas Gal\u00e1pagos. Somos apaixonados pelo nosso pa\u00eds e estamos conscientes de que viajar torna-se uma experi\u00eancia de mudan\u00e7a de vida somente atrav\u00e9s do turismo consciente. Seguindo este preceito, trabalhamos muito na prepara\u00e7\u00e3o de viagens genu\u00ednas para nossos viajantes, com atividades sustent\u00e1veis, din\u00e2micas e envolvidas com a localidade.<\/p>\n<p>&nbsp;<\/p>\n<h3><strong>O QUE FAZEMOS<\/strong><\/h3>\n<p>Como uma ag\u00eancia de viagens local em Gal\u00e1pagos e uma operadora de turismo local, projetamos maneiras interessantes, confort\u00e1veis \u200b\u200be acess\u00edveis de visitar as Ilhas Gal\u00e1pagos e o Equador continental. A maioria dos nossos passeios e programas tem itiner\u00e1rios padr\u00f5es que podem ser modificados e personalizados para atender \u00e0s prefer\u00eancias e interesses de cada viajante.<\/p>\n<p>Voc\u00ea pode analisar as viagens padr\u00f5es on-line e entrar em contato com um de nossos especialistas em viagens para criar uma viagem personalizada.<\/p>\n<p>Escolha os locais de visita (dentro dos regulamentos regionais), o idioma do guia, o tipo de acomoda\u00e7\u00e3o, o n\u00edvel de atividade f\u00edsica e o modo de viagem. Natureza Galapagos &amp; Equador \u00e9 propriet\u00e1ria do San Vicente Galapagos Hotel (Economy &#8211; T. Superior Classe) e do La Laguna Galapagos Hotel (Superior Tourist), ambos localizados na Ilha Isabela, sede de nossas opera\u00e7\u00f5es em Gal\u00e1pagos.<\/p>\n<p>Tamb\u00e9m dispomos de meios adequados de transporte e equipamentos especializados para realizar diversas modalidades de excurs\u00f5es terrestres em Gal\u00e1pagos, conduzidas por guias naturalistas bil\u00edng\u00fces e nossa equipe.<\/p>\n<p>&nbsp;<\/p>\n<h3><strong>NOSSOS TOURS EM GAL\u00c1PAGOS E NO EQUADOR<\/strong><\/h3>\n<p>Nossa p\u00e1gina \u00e9 dividida em se\u00e7\u00f5es e tipos de viagens:<\/p>\n<p>Se\u00e7\u00e3o GAL\u00c1PAGOS CRUZEIROS: Selecionamos os iates e barcos \u00e0 vela da mais alta qualidade, seguran\u00e7a e conforto, para tornar a sua estadia uma experi\u00eancia inesquec\u00edvel durante a sua visita \u00e0s maravilhosas Ilhas Gal\u00e1pagos.<\/p>\n<p>Se\u00e7\u00e3o GAL\u00c1PAGOS TOURS: N\u00f3s oferecemos uma alternativa diferente para cruzeiros, para o qual usamos os nossos hot\u00e9is e oferecemos diferentes alternativas para excurs\u00f5es a diferentes ilhas, com atividades como snorkeling (mergulho livre), bicicletas, caminhadas curtas, caiaques, mergulho, entre outras visitas a ilhas habitadas e outras inabitadas.<\/p>\n<p>Se\u00e7\u00e3o EQUADOR TOURS: Apresentamos uma grande variedade de programas pr\u00e9-estabelecidos ou op\u00e7\u00f5es personalizadas que permitem que voc\u00ea visite o Equador continental em combina\u00e7\u00e3o com a selva, passeios di\u00e1rios em diferentes cidades, passeios pela cidade, etc.<\/p>\n<p>Se\u00e7\u00e3o OFERTAS DE \u00daLTIMO MINUTO: Voc\u00ea pode encontrar uma sele\u00e7\u00e3o de cruzeiros, passeios e outros que t\u00eam partidas fixas, taxas reduzidas, possibilidade de entrar em grupos ou pessoas etc. Uma boa op\u00e7\u00e3o dar uma olhada nesta se\u00e7\u00e3o.<\/p>\n<p>A equipe da Nature Gal\u00e1pagos &amp; Ecuador est\u00e1 pronta para ajud\u00e1-lo a planejar sua aventura em Gal\u00e1pagos e no Equador, com responsabilidade e profissionalismo. Somos especialistas em criar experi\u00eancias \u00fanicas e aut\u00eanticas para os viajantes, porque, como voc\u00ea, somos viajantes apaixonados.<\/p>\n<p>&nbsp;<\/p>\n<p>Atenciosamente,<\/p>\n<h4><strong>Equipe NG &amp; E &#8211; Ag\u00eancia de viagens e operadora de turismo Gal\u00e1pagos e Equa<\/strong>dor<\/h4>\n<blockquote><p><strong><em>Fa\u00e7a seus sonhos se tornarem realidade onde a natureza se torna parte de voc\u00ea.<\/em><\/strong><\/p><\/blockquote>\n<p>[\/vc_column_text][vc_empty_space][vc_column_text]<div class=\"title title--center title--underline\">\n\t<div class=\"title__subtitle\">Conoce a Nuestro Equipo:<\/div>\n<h3 class=\"title__primary\"><\/h3><\/div>\n[\/vc_column_text][\/vc_column][\/vc_row][vc_row][vc_column width=&#8221;1\/2&#8243;][vc_row_inner][vc_column_inner width=&#8221;1\/3&#8243;][vc_single_image image=&#8221;22&#8243; style=&#8221;vc_box_circle_2&#8243;][\/vc_column_inner][vc_column_inner width=&#8221;2\/3&#8243;][vc_column_text]<span style=\"font-size: 10pt;\"><strong>Nikolay Mancheno (Gerente Geral &#8211; Fundador)<\/strong><\/span>\u00a0<span style=\"font-size: 10pt;\">Fundador e Gerente Geral da Nature Galapagos &amp; Ecuador. Apaixonado por seu pa\u00eds, com amplo conhecimento em atividades tur\u00edsticas no Equador. Como um aficionado por viagens, ele explorou extensivamente o Equador, os Estados Unidos, a Am\u00e9rica do Sul e a Europa. Ele sabe em primeira m\u00e3o o que \u00e9 ser um viajante tentando autenticamente conhecer um pa\u00eds. Tendo trabalhado com as opera\u00e7\u00f5es de Gal\u00e1pagos por 20 anos, ele est\u00e1 bem ciente de como as atividades de turismo s\u00e3o feitas nas ilhas.<\/span>[\/vc_column_text][\/vc_column_inner][\/vc_row_inner][\/vc_column][vc_column width=&#8221;1\/2&#8243;][vc_row_inner][vc_column_inner width=&#8221;1\/3&#8243;][vc_single_image image=&#8221;23&#8243; style=&#8221;vc_box_circle_2&#8243;][\/vc_column_inner][vc_column_inner width=&#8221;2\/3&#8243;][vc_column_text]<span style=\"font-size: 10pt;\"><strong>Fernanda Paredes (Agente de Viagens &#8211; Ag\u00eancias Internacionais):<\/strong> Fernanda Paredes (Agencias de Viajes Nacionales \/ Internacionales): Fernanda \u00e9 Engenheira em Administra\u00e7\u00e3o de Turismo e Gest\u00e3o de \u00c1reas Protegidas. Est\u00e1 genuinamente informada das melhores pr\u00e1ticas para gerenciar as opera\u00e7\u00f5es de viagens nas Ilhas Gal\u00e1pagos e no Equador. Ela \u00e9 respons\u00e1vel pelo planejamento de viagens principalmente para ag\u00eancias locais e internacionais. Ela tamb\u00e9m \u00e9 uma viajante \u00e1vida e visitou o pa\u00eds em v\u00e1rias ocasi\u00f5es.<\/span>[\/vc_column_text][\/vc_column_inner][\/vc_row_inner][\/vc_column][\/vc_row][vc_row][vc_column width=&#8221;1\/2&#8243;][vc_row_inner][vc_column_inner width=&#8221;1\/3&#8243;][vc_single_image image=&#8221;20&#8243; style=&#8221;vc_box_circle_2&#8243;][\/vc_column_inner][vc_column_inner width=&#8221;2\/3&#8243;][vc_column_text]<span style=\"font-size: 10pt;\"><strong>Mar\u00eda Belen Palma (Agente de Viagens):<\/strong> Mar\u00eda Bel\u00e9n \u00e9 formada em Turismo e Administra\u00e7\u00e3o e viveu e trabalhou em nossas opera\u00e7\u00f5es diretamente em Gal\u00e1pagos. Agora ele se juntou \u00e0 equipe de nossos agentes de viagens especializados. Voc\u00ea n\u00e3o encontrar\u00e1 algu\u00e9m mais experiente do que ela nas ilhas. Ela tamb\u00e9m viajou por todo o pa\u00eds, \u00e9 especialista em planejar itiner\u00e1rios super personalizados combinadas de Gal\u00e1pagos e do Equador continental.<\/span>[\/vc_column_text][\/vc_column_inner][\/vc_row_inner][\/vc_column][vc_column width=&#8221;1\/2&#8243;][vc_row_inner][vc_column_inner width=&#8221;1\/3&#8243;][vc_single_image image=&#8221;21&#8243; style=&#8221;vc_box_circle_2&#8243;][\/vc_column_inner][vc_column_inner width=&#8221;2\/3&#8243;][vc_column_text]<span style=\"font-size: 10pt;\"><strong>Andr\u00e9s Ruiz (Agente de Viagens):<\/strong> Andr\u00e9s trabalha como planejador de viagens e designer h\u00e1 10 anos. Ele viajou por todo o pa\u00eds em muitas ocasi\u00f5es com grupos de passageiros e por conta pr\u00f3pria. Engenheiro em Gest\u00e3o de Turismo e Meio Ambiente, Andr\u00e9s conhece bem o pa\u00eds e, como excelente ouvinte, organiza experi\u00eancias personalizadas no Equador para viajantes solit\u00e1rios ou para grupos.<\/span>[\/vc_column_text][\/vc_column_inner][\/vc_row_inner][\/vc_column][\/vc_row][vc_row][vc_column width=&#8221;1\/2&#8243;][vc_row_inner][vc_column_inner width=&#8221;1\/3&#8243;][vc_single_image image=&#8221;24&#8243; style=&#8221;vc_box_circle_2&#8243;][\/vc_column_inner][vc_column_inner width=&#8221;2\/3&#8243;][vc_column_text]<strong><span style=\"font-size: 10pt;\">Juan Sebasti\u00e1n Abril (Design e conte\u00fado):<\/span><\/strong> <span style=\"font-size: 10pt;\">Parte de nossa equipe de desenvolvimento web, Juan estudou Desenho Industrial e Gastronomia. Como um bom viajante, ele tamb\u00e9m \u00e9 um foodie. Sua especialidade \u00e9 criar conte\u00fado e tornar a web impressionante. Juan combina seu conhecimento sobre viagens e gastronomia do pa\u00eds e suas habilidades de design na web para dar a ele aquele toque extra de originalidade.<\/span>[\/vc_column_text][\/vc_column_inner][\/vc_row_inner][\/vc_column][vc_column width=&#8221;1\/2&#8243;][vc_row_inner][vc_column_inner width=&#8221;1\/3&#8243;][vc_single_image image=&#8221;25&#8243; style=&#8221;vc_box_circle_2&#8243;][\/vc_column_inner][vc_column_inner width=&#8221;2\/3&#8243;][vc_column_text]<strong><span style=\"font-size: 10pt;\">Sara Apolo (Desenvolvedora de conte\u00fado web):<\/span><\/strong> <span style=\"font-size: 10pt;\"> Parte de nossa equipe de desenvolvimento web, Sara viajou pelo pa\u00eds e pelo exterior v\u00e1rias vezes. Bilingue e atualmente cursando Ci\u00eancias da Educa\u00e7\u00e3o com especializa\u00e7\u00e3o em ingl\u00eas, tem trabalhado e viajado nas excurs\u00f5es com nossos viajantes e tem um profundo conhecimento dos costumes do pa\u00eds e das tend\u00eancias das viagens locais. Respons\u00e1vel pelo desenvolvimento de conte\u00fado web.<\/span>[\/vc_column_text][\/vc_column_inner][\/vc_row_inner][\/vc_column][\/vc_row][vc_row][vc_column width=&#8221;1\/2&#8243;][vc_row_inner][vc_column_inner width=&#8221;1\/3&#8243;][vc_single_image image=&#8221;27&#8243; style=&#8221;vc_box_circle_2&#8243;][\/vc_column_inner][vc_column_inner width=&#8221;2\/3&#8243;][vc_column_text]<strong><span style=\"font-size: 10pt;\">Equipe de Opera\u00e7\u00f5es de Gal\u00e1pagos: \u00a0<\/span><\/strong><span style=\"font-size: 10pt;\">Nossa equipe de Opera\u00e7\u00f5es de Gal\u00e1pagos inclui nossos guias naturalistas, funcion\u00e1rios do hotel, gerentes de log\u00edstica, anfitri\u00f5es e motoristas. Eles s\u00e3o respons\u00e1veis por conduzir todas as opera\u00e7\u00f5es nas ilhas e cuidar de nossos viajantes. A maioria deles \u00e9 local ou quase local, com amplo conhecimento sobre a vida selvagem e o ecossistema de Gal\u00e1pagos, al\u00e9m de costumes locais. Apaixonados por trabalhar com viajantes de todo o mundo, voc\u00ea vai se sentir como parte da equipe logo quando chegar em Gal\u00e1pagos.\u00a0<\/span>[\/vc_column_text][\/vc_column_inner][\/vc_row_inner][\/vc_column][vc_column width=&#8221;1\/2&#8243;][vc_row_inner][vc_column_inner width=&#8221;1\/3&#8243;][vc_single_image image=&#8221;26&#8243; style=&#8221;vc_box_circle_2&#8243;][\/vc_column_inner][vc_column_inner width=&#8221;2\/3&#8243;][vc_column_text]<strong><span style=\"font-size: 10pt;\">Jessica Serrano (Financeiro):<\/span><\/strong> A contadora da empresa, Jessy \u00e9 uma estudante de Finan\u00e7as e sua parte \u00e9 manter nossa empresa atualizada com os n\u00fameros.[\/vc_column_text][\/vc_column_inner][\/vc_row_inner][\/vc_column][\/vc_row]<\/p>\n<\/div>","protected":false},"excerpt":{"rendered":"<p>[vc_row][vc_column][vc_column_text] Nature Galapagos &amp; Ecuador \u00e9 uma operadora local com base no Equador e nas Ilhas Gal\u00e1pagos oficialmente fundada em 2005. A ag\u00eancia foi criada por Nikolay Mancheno, viajante entusiasta e apaixonado por seu pa\u00eds com mais de 20 anos de experi\u00eancia na concep\u00e7\u00e3o de experi\u00eancias de viagem no Equador. Nikolay come\u00e7ou na atividade de<\/p>\n<div class=\"padding-top text-center\"><a href=\"https:\/\/naturegalapagos.com\/br\/quem-somos-operadora-turistica-de-galapagos\/\" class=\"atbtn atbtn--medium atbtn--rounded atbtn--transparent\">Read more<i class=\"atbtn__icon atbtn__icon--right fa fa-long-arrow-right\"><\/i><\/a><\/div>\n","protected":false},"author":2,"featured_media":0,"parent":0,"menu_order":0,"comment_status":"closed","ping_status":"closed","template":"","meta":{"_joinchat":[],"footnotes":""},"class_list":["post-18","page","type-page","status-publish","hentry"],"yoast_head":"<!-- This site is optimized with the Yoast SEO Premium plugin v25.6 (Yoast SEO v26.1.1) - https:\/\/yoast.com\/wordpress\/plugins\/seo\/ -->\n<title>Operadora Turistica de Galapagos | Ecuador<\/title>\n<meta name=\"description\" content=\"Nature Galapagos &amp; Ecuador \u00e9 uma operadora local com base no Equador e nas Ilhas Gal\u00e1pagos oficialmente fundada em 2005\" \/>\n<meta name=\"robots\" content=\"index, follow, max-snippet:-1, max-image-preview:large, max-video-preview:-1\" \/>\n<link rel=\"canonical\" href=\"https:\/\/naturegalapagos.com\/br\/quem-somos-operadora-turistica-de-galapagos\/\" \/>\n<meta property=\"og:locale\" content=\"pt_BR\" \/>\n<meta property=\"og:type\" content=\"article\" \/>\n<meta property=\"og:title\" content=\"Quem Somos | Operadora Tur\u00edstica de Gal\u00e1pagos\" \/>\n<meta property=\"og:description\" content=\"Nature Galapagos &amp; Ecuador \u00e9 uma operadora local com base no Equador e nas Ilhas Gal\u00e1pagos oficialmente fundada em 2005\" \/>\n<meta property=\"og:url\" content=\"https:\/\/naturegalapagos.com\/br\/quem-somos-operadora-turistica-de-galapagos\/\" \/>\n<meta property=\"og:site_name\" content=\"Portugu\u00eas - Nature Galapagos &amp; Ecuador\" \/>\n<meta property=\"article:publisher\" content=\"https:\/\/www.facebook.com\/naturegalapagosecuador\/\" \/>\n<meta property=\"article:modified_time\" content=\"2024-08-26T22:50:53+00:00\" \/>\n<meta name=\"twitter:card\" content=\"summary_large_image\" \/>\n<meta name=\"twitter:site\" content=\"@naturegalapagos\" \/>\n<meta name=\"twitter:label1\" content=\"Est. reading time\" \/>\n\t<meta name=\"twitter:data1\" content=\"9 minutes\" \/>\n<!-- \/ Yoast SEO Premium plugin. -->","yoast_head_json":{"title":"Operadora Turistica de Galapagos | Ecuador","description":"Nature Galapagos & Ecuador \u00e9 uma operadora local com base no Equador e nas Ilhas Gal\u00e1pagos oficialmente fundada em 2005","robots":{"index":"index","follow":"follow","max-snippet":"max-snippet:-1","max-image-preview":"max-image-preview:large","max-video-preview":"max-video-preview:-1"},"canonical":"https:\/\/naturegalapagos.com\/br\/quem-somos-operadora-turistica-de-galapagos\/","og_locale":"pt_BR","og_type":"article","og_title":"Quem Somos | Operadora Tur\u00edstica de Gal\u00e1pagos","og_description":"Nature Galapagos & Ecuador \u00e9 uma operadora local com base no Equador e nas Ilhas Gal\u00e1pagos oficialmente fundada em 2005","og_url":"https:\/\/naturegalapagos.com\/br\/quem-somos-operadora-turistica-de-galapagos\/","og_site_name":"Portugu\u00eas - Nature Galapagos &amp; Ecuador","article_publisher":"https:\/\/www.facebook.com\/naturegalapagosecuador\/","article_modified_time":"2024-08-26T22:50:53+00:00","twitter_card":"summary_large_image","twitter_site":"@naturegalapagos","twitter_misc":{"Est. reading time":"9 minutes"},"schema":{"@context":"https:\/\/schema.org","@graph":[{"@type":"WebPage","@id":"https:\/\/naturegalapagos.com\/br\/quem-somos-operadora-turistica-de-galapagos\/","url":"https:\/\/naturegalapagos.com\/br\/quem-somos-operadora-turistica-de-galapagos\/","name":"Operadora Turistica de Galapagos | Ecuador","isPartOf":{"@id":"https:\/\/naturegalapagos.com\/br\/#website"},"datePublished":"2018-10-10T15:59:17+00:00","dateModified":"2024-08-26T22:50:53+00:00","description":"Nature Galapagos & Ecuador \u00e9 uma operadora local com base no Equador e nas Ilhas Gal\u00e1pagos oficialmente fundada em 2005","breadcrumb":{"@id":"https:\/\/naturegalapagos.com\/br\/quem-somos-operadora-turistica-de-galapagos\/#breadcrumb"},"inLanguage":"pt-BR","potentialAction":[{"@type":"ReadAction","target":["https:\/\/naturegalapagos.com\/br\/quem-somos-operadora-turistica-de-galapagos\/"]}]},{"@type":"BreadcrumbList","@id":"https:\/\/naturegalapagos.com\/br\/quem-somos-operadora-turistica-de-galapagos\/#breadcrumb","itemListElement":[{"@type":"ListItem","position":1,"name":"Home","item":"https:\/\/naturegalapagos.com\/br\/"},{"@type":"ListItem","position":2,"name":"Quem Somos | Operadora Tur\u00edstica de Gal\u00e1pagos"}]},{"@type":"WebSite","@id":"https:\/\/naturegalapagos.com\/br\/#website","url":"https:\/\/naturegalapagos.com\/br\/","name":"Portugu\u00eas - Nature Galapagos & Ecuador","description":"Portugu\u00eas - Nature Galapagos &amp; Ecuador","potentialAction":[{"@type":"SearchAction","target":{"@type":"EntryPoint","urlTemplate":"https:\/\/naturegalapagos.com\/br\/?s={search_term_string}"},"query-input":{"@type":"PropertyValueSpecification","valueRequired":true,"valueName":"search_term_string"}}],"inLanguage":"pt-BR"}]}},"_links":{"self":[{"href":"https:\/\/naturegalapagos.com\/br\/wp-json\/wp\/v2\/pages\/18","targetHints":{"allow":["GET"]}}],"collection":[{"href":"https:\/\/naturegalapagos.com\/br\/wp-json\/wp\/v2\/pages"}],"about":[{"href":"https:\/\/naturegalapagos.com\/br\/wp-json\/wp\/v2\/types\/page"}],"author":[{"embeddable":true,"href":"https:\/\/naturegalapagos.com\/br\/wp-json\/wp\/v2\/users\/2"}],"replies":[{"embeddable":true,"href":"https:\/\/naturegalapagos.com\/br\/wp-json\/wp\/v2\/comments?post=18"}],"version-history":[{"count":0,"href":"https:\/\/naturegalapagos.com\/br\/wp-json\/wp\/v2\/pages\/18\/revisions"}],"wp:attachment":[{"href":"https:\/\/naturegalapagos.com\/br\/wp-json\/wp\/v2\/media?parent=18"}],"curies":[{"name":"wp","href":"https:\/\/api.w.org\/{rel}","templated":true}]}}