{"id":1262,"date":"2018-10-23T21:26:08","date_gmt":"2018-10-23T21:26:08","guid":{"rendered":"https:\/\/naturegalapagos.com\/br\/?post_type=product&#038;p=1262"},"modified":"2024-02-28T15:46:09","modified_gmt":"2024-02-28T15:46:09","slug":"galapagos-tours-por-5-dias-e-4-noites-em-3-ilhas","status":"publish","type":"product","link":"https:\/\/naturegalapagos.com\/br\/tours\/tour-galapagos\/galapagos-tours-por-5-dias-e-4-noites-em-3-ilhas\/","title":{"rendered":"Gal\u00e1pagos Tours por 5 Dias e 4 Noites em 3 ilhas"},"content":{"rendered":"<div class=\"wpb-content-wrapper\"><p>[vc_row][vc_column][vc_column_text]<\/p>\n<h2><strong>5 Dias Passeios em Gal\u00e1pagos, em 5 dias visite 3 ilhas diferentes!<\/strong><\/h2>\n<p>Nosso tour Oceano de 5 dias \u00e9 ump de nosos passeios em Gal\u00e1pagos standard baseado em hotel que visita 3 ilhas: Ilha Isabela, Ilha Santa Cruz e uma ilha adicional que pode ser Bartolom\u00e9, Norte Seymour, Ilhas Plazas ou Santa F\u00e9, dependendo do dia e da disponibilidade. Os passeios em Gal\u00e1pagos s\u00e3o umas das experi\u00eancias mais emocionantes devido \u00e0 intera\u00e7\u00e3o com a fauna e as pessoas, assim como as belas paisagens.<\/p>\n<p>O sistema \u00e9 all-inclusive* (tudo inclu\u00eddo). Voc\u00ea poder\u00e1 escolher a categoria do hotel que melhor se adapte ao seu or\u00e7amento e conforto. Um guia naturalista bil\u00edngue ir\u00e1 acompanh\u00e1-lo nas atividades di\u00e1rias.<\/p>\n<p><strong>O que ver neste Tour:<\/strong><\/p>\n<p>Tartarugas gigantes de Gal\u00e1pagos, le\u00f5es-marinhos, fragatas, iguanas-marinhas, lagartos de lava, patolas-de-p\u00e9s-azuis, flamingos, fragatas, pelicanos, tentilh\u00f5es de Darwin, flycatchers de Gal\u00e1pagos, tubar\u00f5es de Gal\u00e1pagos e muito mais&#8230;<\/p>\n<p><strong>Dias de in\u00edcio:<\/strong> Todos os dias.<\/p>\n<p><strong>Atividades:<\/strong> Caminhadas curtas, snorkeling, navega\u00e7\u00e3o curta e observa\u00e7\u00e3o de flora e fauna.<\/p>\n<p><strong>Faixa Et\u00e1ria:<\/strong> De 1 a 60 anos.<\/p>\n<p><strong>Tipo de Viagem:<\/strong> Aventura Simples.<\/p>\n<p><strong>Natureza para ver:<\/strong> Pinguins de Gal\u00e1pagos, le\u00f5es-marinhos, iguanas-marinhas, lagartixas de lava,\u00a0 patolas-de-p\u00e9s-azuis, flamingos, fragatas, pelicanos, tentilh\u00f5es de Darwin, flycatchers de Gal\u00e1pagos, os tubar\u00f5es de Gal\u00e1pagos, e mais&#8230;<\/p>\n<p><span style=\"font-family: arial, helvetica, sans-serif;\"><strong>Resumo do itiner\u00e1rio<\/strong><\/span><\/p>\n<p><strong>Dia 1<\/strong>: Chegada ao Aeroporto da Ilha de Baltra (GPS), Transfer para Santa Cruz &#8211; Pm: Reserva Natural de Tartarugas<br \/>\n<strong>Dia 2<\/strong>: Ilha Santa Cruz: Am: Navega\u00e7\u00e3o para a ilha vizinha<br \/>\n<strong>Dia 3<\/strong>: Ilha Santa Cruz: Am: Esta\u00e7\u00e3o Charles Darwin &#8211; Pm: Transfer para Isabela \u2013 Lagoa dos Flamingos.<br \/>\n<strong>Dia 4<\/strong>: Am: Vulc\u00e3o Serra Negra e Concha Perla ou Cabo Rosa (Custo Extra).<br \/>\n<strong>Dia 5<\/strong>: Am: Transfer para o Aeroporto da Ilha de Baltra (GPS).<\/p>\n<p><span style=\"font-family: arial, helvetica, sans-serif;\"><strong>Para ver o itiner\u00e1rio completo, observe a guia acima \u21d1<\/strong>.<\/span><\/p>\n<h4><span style=\"font-family: arial, helvetica, sans-serif;\"><strong><br \/>\n<span style=\"font-size: 18pt;\">Informaci\u00f3n Esencial del Viaje<\/span><br \/>\n<\/strong><\/span><\/h4>\n<ul>\n<li><span style=\"font-family: arial, helvetica, sans-serif;\"><a href=\"https:\/\/naturegalapagos.com\/galapagos-tours\/galapagos-land-tours\/general-information\/\">INFORMACI\u00d3N\u00a0GENERAL\u00a0<\/a><\/span><\/li>\n<li><span style=\"font-family: arial, helvetica, sans-serif;\"><a href=\"https:\/\/naturegalapagos.com\/galapagos-tours\/galapagos-land-tours\/trip-tips\/\">TIPS\u00a0DE VIAJE<\/a><\/span><\/li>\n<\/ul>\n<h5><span style=\"font-family: arial, helvetica, sans-serif; font-size: 18pt;\"><strong>Mais informa\u00e7\u00f5es sobre este tour<\/strong><\/span><\/h5>\n<table class=\"table table-bordered tours-tabs__table\" style=\"height: 233px; width: 858px;\">\n<tbody>\n<tr style=\"height: 24px;\">\n<td style=\"height: 24px; width: 211px;\"><span style=\"font-family: arial, helvetica, sans-serif;\"><strong>LOCAL DE PARTIDA<\/strong><\/span><\/td>\n<td style=\"height: 24px; width: 631px;\"><span style=\"font-family: arial, helvetica, sans-serif;\">Aeroporto de Baltra. (GPS)<\/span><\/td>\n<\/tr>\n<tr style=\"height: 24.8125px;\">\n<td style=\"height: 24.8125px; width: 211px;\"><span style=\"font-family: arial, helvetica, sans-serif;\"><strong>LOCAL DE REGRESO<\/strong><\/span><\/td>\n<td style=\"height: 24.8125px; width: 631px;\"><span style=\"font-family: arial, helvetica, sans-serif;\">Aeroporto de Baltra. (GPS)<\/span><\/td>\n<\/tr>\n<tr style=\"height: 24px;\">\n<td style=\"height: 24px; width: 211px;\"><span style=\"font-family: arial, helvetica, sans-serif;\"><strong>HOR\u00c1RIO DE IN\u00cdCIO<\/strong><\/span><\/td>\n<td style=\"height: 24px; width: 631px;\"><span style=\"font-family: arial, helvetica, sans-serif;\">Voc\u00ea deve chegar antes das 11:00. * Consulte para mais detalhes.<\/span><\/td>\n<\/tr>\n<tr style=\"height: 24px;\">\n<td style=\"height: 24px; width: 211px;\"><span style=\"font-family: arial, helvetica, sans-serif;\"><strong>HOR\u00c1RIO DE RETORNO\u00a0<\/strong><\/span><\/td>\n<td style=\"height: 24px; width: 631px;\"><span style=\"font-family: arial, helvetica, sans-serif;\">Aproximadamente depois das 11:00 pm. * Consulte para mais detalhes.<\/span><\/td>\n<\/tr>\n<tr style=\"height: 24px;\">\n<td style=\"height: 24px; width: 211px;\"><span style=\"font-family: arial, helvetica, sans-serif;\"><strong>O QUE USAR?<\/strong><\/span><\/td>\n<td style=\"height: 24px; width: 631px;\"><span style=\"font-family: arial, helvetica, sans-serif;\">Ropa c\u00f3moda, zapatos para caminar, sombrero, chaqueta y protector solar.<\/span><\/td>\n<\/tr>\n<tr style=\"height: 23px;\">\n<td style=\"height: 23px; width: 211px;\"><span style=\"font-family: arial, helvetica, sans-serif;\"><strong>INCLUI<\/strong><\/span><\/td>\n<td style=\"height: 23px; width: 631px;\"><span style=\"font-family: arial, helvetica, sans-serif;\"><i class=\"fa fa-check icon-tick icon-tick--on\"><\/i> Alojamento em hot\u00e9is e quartos selecionados.<\/span><br \/>\n<span style=\"font-family: arial, helvetica, sans-serif;\"> <i class=\"fa fa-check icon-tick icon-tick--on\"><\/i> Todas as refei\u00e7\u00f5es (caf\u00e9 da manh\u00e3\/almo\u00e7o e jantar) * Menu do dia.<\/span><br \/>\n<span style=\"font-family: arial, helvetica, sans-serif;\"> <i class=\"fa fa-check icon-tick icon-tick--on\"><\/i> Transporte terrestre e mar\u00edtimo em Gal\u00e1pagos.<\/span><br \/>\n<span style=\"font-family: arial, helvetica, sans-serif;\"> <i class=\"fa fa-check icon-tick icon-tick--on\"><\/i> Guia naturalista bil\u00edngue, em cada ilha visitada ou atividade.<\/span><br \/>\n<span style=\"font-family: arial, helvetica, sans-serif;\"> <i class=\"fa fa-check icon-tick icon-tick--on\"><\/i> Visitas agendadas.<\/span><br \/>\n<span style=\"font-family: arial, helvetica, sans-serif;\"> <i class=\"fa fa-check icon-tick icon-tick--on\"><\/i> Equipamento snorkel (viseira, barbatanas, tubo).<\/span><br \/>\n<span style=\"font-family: arial, helvetica, sans-serif;\"> <i class=\"fa fa-check icon-tick icon-tick--on\"><\/i> Transferes Puerto Ayora &#8211; Isabela &#8211; Puerto Ayora por servi\u00e7o p\u00fablico de lancha.<\/span><br \/>\n<span style=\"font-family: arial, helvetica, sans-serif;\"> <i class=\"fa fa-check icon-tick icon-tick--on\"><\/i> Transfer Baltra &#8211; Puerto Ayora &#8211; Baltra (vans de cabine dupla ou \u00f4nibus pequenos).<\/span><\/td>\n<\/tr>\n<tr style=\"height: 38px;\">\n<td style=\"height: 38px; width: 211px;\"><span style=\"font-family: arial, helvetica, sans-serif;\"><b><strong>N\u00c3O INCLUI<\/strong><\/b><\/span><\/td>\n<td style=\"height: 38px; width: 631px;\"><span style=\"font-family: arial, helvetica, sans-serif;\"><i class=\"fa fa-times icon-tick icon-tick--off\"><\/i> Bilhete A\u00e9reo de\/para Gal\u00e1pagos.<\/span><br \/>\n<span style=\"font-family: arial, helvetica, sans-serif;\"> <i class=\"fa fa-times icon-tick icon-tick--off\"><\/i> Entrada para o Parque Nacional de Gal\u00e1pagos <strong>USD 100,00 por pessoa.<\/strong><\/span><br \/>\n<span style=\"font-family: arial, helvetica, sans-serif;\"> <i class=\"fa fa-times icon-tick icon-tick--off\"><\/i> Para os turistas nacionais e pa\u00edses do Pacto Andino outro valor \u00e9 aplicado, contate-nos.<\/span><br \/>\n<span style=\"font-family: arial, helvetica, sans-serif;\"> <i class=\"fa fa-times icon-tick icon-tick--off\"><\/i> Uso das docas em Isabela <strong>USD 10,00 por pessoa.<\/strong><\/span><br \/>\n<span style=\"font-family: arial, helvetica, sans-serif;\"> <i class=\"fa fa-times icon-tick icon-tick--off\"><\/i> Cart\u00e3o de controle de imigra\u00e7\u00e3o <strong>USD 20,00 por pessoa.<\/strong><\/span><br \/>\n<span style=\"font-family: arial, helvetica, sans-serif;\"> <i class=\"fa fa-times icon-tick icon-tick--off\"><\/i> Transporte Aeroporto Baltra \u2013 Canal de Itabaca <strong>USD 5,00 por pessoa<\/strong> (sujeito a altera\u00e7\u00f5es).<\/span><br \/>\n<span style=\"font-family: arial, helvetica, sans-serif;\"> <i class=\"fa fa-times icon-tick icon-tick--off\"><\/i> Transporte Canal de Itabaca &#8211; Aeroporto Baltra <strong>USD 5,00 por pessoa<\/strong> (sujeito a altera\u00e7\u00f5es).<\/span><br \/>\n<span style=\"font-family: arial, helvetica, sans-serif;\"> <i class=\"fa fa-times icon-tick icon-tick--off\"><\/i> T\u00e1xi aqu\u00e1tico entre docas e barcos &#8211; <strong> USD 1 por pessoa e por trecho<\/strong> (nas duas ilhas &#8211; dependendo da mar\u00e9).<\/span><br \/>\n<span style=\"font-family: arial, helvetica, sans-serif;\"> <i class=\"fa fa-times icon-tick icon-tick--off\"><\/i> Refrigerantes e bebidas alco\u00f3licas.<\/span><br \/>\n<span style=\"font-family: arial, helvetica, sans-serif;\"> <i class=\"fa fa-times icon-tick icon-tick--off\"><\/i> Gorjetas.<\/span><\/td>\n<\/tr>\n<\/tbody>\n<\/table>\n<p><span style=\"font-family: arial, helvetica, sans-serif;\"><strong><em>NOTA:<\/em><\/strong><em>\u00a0O itiner\u00e1rio est\u00e1 sempre sujeito a altera\u00e7\u00f5es sem aviso pr\u00e9vio, devido a mudan\u00e7as sazonais, condi\u00e7\u00f5es clim\u00e1ticas, ajustes de \u00faltima hora nas pol\u00edticas de visitas ao Parque Nacional de Gal\u00e1pagos e circunst\u00e2ncias operacionais de \u00faltima hora.<\/em><\/span><em style=\"font-family: arial, helvetica, sans-serif; font-size: 16px;\">\u201d<\/em><\/p>\n<p>[\/vc_column_text][\/vc_column][\/vc_row][vc_row][vc_column el_class=&#8221;accocruise&#8221;][vc_column_text]\n<div class=\"panel panel-default accordion__item\">\n\t<div class=\"panel-heading accordion__item__title-wrap\">\n\t\t<h4 class=\"panel-title\">\n\t\t\t<a data-toggle=\"collapse\" data-parent=\"#ataccordion0\" href=\"#ataccordion0_1\" class=\"accordion__item__link collapsed\">Solicite m\u00e1s informaci\u00f3n<\/a>\n\t\t<\/h4>\n\t<\/div>\n\t<div id=\"ataccordion0_1\" class=\"panel-collapse collapse\">\n\t\t<div class=\"panel-body accordion__item__content\">\n<div class=\"ml-embedded\" data-form=\"A8m0b3\"><\/div>\n<\/div>\n\t<\/div>\n<\/div>[\/vc_column_text][\/vc_column][\/vc_row]<\/p>\n<\/div>","protected":false},"excerpt":{"rendered":"<p>[vc_row][vc_column][vc_column_text] 5 Dias Passeios em Gal\u00e1pagos, em 5 dias visite 3 ilhas diferentes! Nosso tour Oceano de 5 dias \u00e9 ump de nosos passeios em Gal\u00e1pagos standard baseado em hotel que visita 3 ilhas: Ilha Isabela, Ilha Santa Cruz e uma ilha adicional que pode ser Bartolom\u00e9, Norte Seymour, Ilhas Plazas ou Santa F\u00e9, dependendo<\/p>\n<div class=\"padding-top text-center\"><a href=\"https:\/\/naturegalapagos.com\/br\/tours\/tour-galapagos\/galapagos-tours-por-5-dias-e-4-noites-em-3-ilhas\/\" class=\"atbtn atbtn--medium atbtn--rounded atbtn--transparent\">Read more<i class=\"atbtn__icon atbtn__icon--right fa fa-long-arrow-right\"><\/i><\/a><\/div>\n","protected":false},"featured_media":1264,"comment_status":"open","ping_status":"closed","template":"","meta":{"_joinchat":[]},"product_brand":[],"product_cat":[15],"product_tag":[],"class_list":{"0":"post-1262","1":"product","2":"type-product","3":"status-publish","4":"has-post-thumbnail","6":"product_cat-uncategorized","7":"tour_category-oceano-galapagos","8":"tour_category-tour-5-dias","9":"tour_category-tour-galapagos","11":"first","12":"outofstock","13":"taxable","14":"shipping-taxable","15":"product-type-tour"},"yoast_head":"<!-- This site is optimized with the Yoast SEO Premium plugin v25.6 (Yoast SEO v26.1.1) - https:\/\/yoast.com\/wordpress\/plugins\/seo\/ -->\n<title>5 Dias Tour Aventura em Gal\u00e1pagos | Multiesporte e Aventura<\/title>\n<meta name=\"description\" content=\"Tour Aventura em Gal\u00e1pagos 5 Dias. Modo de Multiesporte e Aventura para sentir a emo\u00e7\u00e3o das Ilhas Encantadas | PROMO\u00c7\u00d5ES E DESCONTOS | Mais informa\u00e7\u00f5es aqui\" \/>\n<meta name=\"robots\" content=\"index, follow, max-snippet:-1, max-image-preview:large, max-video-preview:-1\" \/>\n<link rel=\"canonical\" href=\"https:\/\/naturegalapagos.com\/br\/tours\/tour-galapagos\/galapagos-tours-por-5-dias-e-4-noites-em-3-ilhas\/\" \/>\n<meta property=\"og:locale\" content=\"pt_BR\" \/>\n<meta property=\"og:type\" content=\"article\" \/>\n<meta property=\"og:title\" content=\"Gal\u00e1pagos Tours por 5 Dias e 4 Noites em 3 ilhas\" \/>\n<meta property=\"og:description\" content=\"Tour Aventura em Gal\u00e1pagos 5 Dias. Modo de Multiesporte e Aventura para sentir a emo\u00e7\u00e3o das Ilhas Encantadas | PROMO\u00c7\u00d5ES E DESCONTOS | Mais informa\u00e7\u00f5es aqui\" \/>\n<meta property=\"og:url\" content=\"https:\/\/naturegalapagos.com\/br\/tours\/tour-galapagos\/galapagos-tours-por-5-dias-e-4-noites-em-3-ilhas\/\" \/>\n<meta property=\"og:site_name\" content=\"Portugu\u00eas - Nature Galapagos &amp; Ecuador\" \/>\n<meta property=\"article:publisher\" content=\"https:\/\/www.facebook.com\/naturegalapagosecuador\/\" \/>\n<meta property=\"article:modified_time\" content=\"2024-02-28T15:46:09+00:00\" \/>\n<meta property=\"og:image\" content=\"https:\/\/naturegalapagos.com\/br\/wp-content\/uploads\/sites\/8\/2018\/10\/passeios-em-galapagos-5-dias-feat.jpg\" \/>\n\t<meta property=\"og:image:width\" content=\"1024\" \/>\n\t<meta property=\"og:image:height\" content=\"512\" \/>\n\t<meta property=\"og:image:type\" content=\"image\/jpeg\" \/>\n<meta name=\"twitter:card\" content=\"summary_large_image\" \/>\n<meta name=\"twitter:site\" content=\"@naturegalapagos\" \/>\n<meta name=\"twitter:label1\" content=\"Est. reading time\" \/>\n\t<meta name=\"twitter:data1\" content=\"4 minutes\" \/>\n<!-- \/ Yoast SEO Premium plugin. -->","yoast_head_json":{"title":"5 Dias Tour Aventura em Gal\u00e1pagos | Multiesporte e Aventura","description":"Tour Aventura em Gal\u00e1pagos 5 Dias. Modo de Multiesporte e Aventura para sentir a emo\u00e7\u00e3o das Ilhas Encantadas | PROMO\u00c7\u00d5ES E DESCONTOS | Mais informa\u00e7\u00f5es aqui","robots":{"index":"index","follow":"follow","max-snippet":"max-snippet:-1","max-image-preview":"max-image-preview:large","max-video-preview":"max-video-preview:-1"},"canonical":"https:\/\/naturegalapagos.com\/br\/tours\/tour-galapagos\/galapagos-tours-por-5-dias-e-4-noites-em-3-ilhas\/","og_locale":"pt_BR","og_type":"article","og_title":"Gal\u00e1pagos Tours por 5 Dias e 4 Noites em 3 ilhas","og_description":"Tour Aventura em Gal\u00e1pagos 5 Dias. Modo de Multiesporte e Aventura para sentir a emo\u00e7\u00e3o das Ilhas Encantadas | PROMO\u00c7\u00d5ES E DESCONTOS | Mais informa\u00e7\u00f5es aqui","og_url":"https:\/\/naturegalapagos.com\/br\/tours\/tour-galapagos\/galapagos-tours-por-5-dias-e-4-noites-em-3-ilhas\/","og_site_name":"Portugu\u00eas - Nature Galapagos &amp; Ecuador","article_publisher":"https:\/\/www.facebook.com\/naturegalapagosecuador\/","article_modified_time":"2024-02-28T15:46:09+00:00","og_image":[{"width":1024,"height":512,"url":"https:\/\/naturegalapagos.com\/br\/wp-content\/uploads\/sites\/8\/2018\/10\/passeios-em-galapagos-5-dias-feat.jpg","type":"image\/jpeg"}],"twitter_card":"summary_large_image","twitter_site":"@naturegalapagos","twitter_misc":{"Est. reading time":"4 minutes"},"schema":{"@context":"https:\/\/schema.org","@graph":[{"@type":"WebPage","@id":"https:\/\/naturegalapagos.com\/br\/tours\/tour-galapagos\/galapagos-tours-por-5-dias-e-4-noites-em-3-ilhas\/","url":"https:\/\/naturegalapagos.com\/br\/tours\/tour-galapagos\/galapagos-tours-por-5-dias-e-4-noites-em-3-ilhas\/","name":"5 Dias Tour Aventura em Gal\u00e1pagos | Multiesporte e Aventura","isPartOf":{"@id":"https:\/\/naturegalapagos.com\/br\/#website"},"primaryImageOfPage":{"@id":"https:\/\/naturegalapagos.com\/br\/tours\/tour-galapagos\/galapagos-tours-por-5-dias-e-4-noites-em-3-ilhas\/#primaryimage"},"image":{"@id":"https:\/\/naturegalapagos.com\/br\/tours\/tour-galapagos\/galapagos-tours-por-5-dias-e-4-noites-em-3-ilhas\/#primaryimage"},"thumbnailUrl":"https:\/\/naturegalapagos.com\/br\/wp-content\/uploads\/sites\/8\/2018\/10\/passeios-em-galapagos-5-dias-feat.jpg","datePublished":"2018-10-23T21:26:08+00:00","dateModified":"2024-02-28T15:46:09+00:00","description":"Tour Aventura em Gal\u00e1pagos 5 Dias. Modo de Multiesporte e Aventura para sentir a emo\u00e7\u00e3o das Ilhas Encantadas | PROMO\u00c7\u00d5ES E DESCONTOS | Mais informa\u00e7\u00f5es aqui","breadcrumb":{"@id":"https:\/\/naturegalapagos.com\/br\/tours\/tour-galapagos\/galapagos-tours-por-5-dias-e-4-noites-em-3-ilhas\/#breadcrumb"},"inLanguage":"pt-BR","potentialAction":[{"@type":"ReadAction","target":["https:\/\/naturegalapagos.com\/br\/tours\/tour-galapagos\/galapagos-tours-por-5-dias-e-4-noites-em-3-ilhas\/"]}]},{"@type":"ImageObject","inLanguage":"pt-BR","@id":"https:\/\/naturegalapagos.com\/br\/tours\/tour-galapagos\/galapagos-tours-por-5-dias-e-4-noites-em-3-ilhas\/#primaryimage","url":"https:\/\/naturegalapagos.com\/br\/wp-content\/uploads\/sites\/8\/2018\/10\/passeios-em-galapagos-5-dias-feat.jpg","contentUrl":"https:\/\/naturegalapagos.com\/br\/wp-content\/uploads\/sites\/8\/2018\/10\/passeios-em-galapagos-5-dias-feat.jpg","width":1024,"height":512,"caption":"passeios em galapagos 5 dias feat"},{"@type":"BreadcrumbList","@id":"https:\/\/naturegalapagos.com\/br\/tours\/tour-galapagos\/galapagos-tours-por-5-dias-e-4-noites-em-3-ilhas\/#breadcrumb","itemListElement":[{"@type":"ListItem","position":1,"name":"Home","item":"https:\/\/naturegalapagos.com\/br\/"},{"@type":"ListItem","position":2,"name":"Shop","item":"https:\/\/naturegalapagos.com\/br\/shop\/"},{"@type":"ListItem","position":3,"name":"Gal\u00e1pagos Tours por 5 Dias e 4 Noites em 3 ilhas"}]},{"@type":"WebSite","@id":"https:\/\/naturegalapagos.com\/br\/#website","url":"https:\/\/naturegalapagos.com\/br\/","name":"Portugu\u00eas - Nature Galapagos & Ecuador","description":"Portugu\u00eas - Nature Galapagos &amp; Ecuador","potentialAction":[{"@type":"SearchAction","target":{"@type":"EntryPoint","urlTemplate":"https:\/\/naturegalapagos.com\/br\/?s={search_term_string}"},"query-input":{"@type":"PropertyValueSpecification","valueRequired":true,"valueName":"search_term_string"}}],"inLanguage":"pt-BR"}]}},"_links":{"self":[{"href":"https:\/\/naturegalapagos.com\/br\/wp-json\/wp\/v2\/product\/1262","targetHints":{"allow":["GET"]}}],"collection":[{"href":"https:\/\/naturegalapagos.com\/br\/wp-json\/wp\/v2\/product"}],"about":[{"href":"https:\/\/naturegalapagos.com\/br\/wp-json\/wp\/v2\/types\/product"}],"replies":[{"embeddable":true,"href":"https:\/\/naturegalapagos.com\/br\/wp-json\/wp\/v2\/comments?post=1262"}],"wp:featuredmedia":[{"embeddable":true,"href":"https:\/\/naturegalapagos.com\/br\/wp-json\/wp\/v2\/media\/1264"}],"wp:attachment":[{"href":"https:\/\/naturegalapagos.com\/br\/wp-json\/wp\/v2\/media?parent=1262"}],"wp:term":[{"taxonomy":"product_brand","embeddable":true,"href":"https:\/\/naturegalapagos.com\/br\/wp-json\/wp\/v2\/product_brand?post=1262"},{"taxonomy":"product_cat","embeddable":true,"href":"https:\/\/naturegalapagos.com\/br\/wp-json\/wp\/v2\/product_cat?post=1262"},{"taxonomy":"product_tag","embeddable":true,"href":"https:\/\/naturegalapagos.com\/br\/wp-json\/wp\/v2\/product_tag?post=1262"}],"curies":[{"name":"wp","href":"https:\/\/api.w.org\/{rel}","templated":true}]}}