{"id":1265,"date":"2018-10-23T22:26:06","date_gmt":"2018-10-23T22:26:06","guid":{"rendered":"https:\/\/naturegalapagos.com\/br\/?post_type=product&#038;p=1265"},"modified":"2026-04-07T06:52:29","modified_gmt":"2026-04-07T06:52:29","slug":"5-dias-magia-de-isabela-ilhas-galapagos-pacotes","status":"publish","type":"product","link":"https:\/\/naturegalapagos.com\/br\/tours\/tour-galapagos\/5-dias-magia-de-isabela-ilhas-galapagos-pacotes\/","title":{"rendered":"5 Dias Magia de Isabela | Ilhas Gal\u00e1pagos Pacotes"},"content":{"rendered":"<div class=\"wpb-content-wrapper\"><p><span style=\"font-size: 12pt; font-family: arial, helvetica, sans-serif;\">[vc_row][vc_column][vc_column_text]<\/span><\/p>\n<h2><span style=\"font-size: 12pt; font-family: arial, helvetica, sans-serif;\"><strong>5 Dias Magia de Isabela | Pacotes Ilhas Gal\u00e1pagos | Visite 2 ilhas em 5 dias!<\/strong><\/span><\/h2>\n<p><span style=\"font-size: 12pt; font-family: arial, helvetica, sans-serif;\">Nosso Magia de Isabela de 5 dias \u00e9 um de os Pacotes Ilhas Gal\u00e1pagos em que voc\u00ea poder\u00e1 obter v\u00e1rias alternativas com excelentes pre\u00e7os e itiner\u00e1rios e visitar 2 ilhas: Ilha Isabela e a Ilha Santa Cruz. Os pacotes nas Ilhas Gal\u00e1pagos s\u00e3o uma das experi\u00eancias mais marcantes devido \u00e0 intera\u00e7\u00e3o com a fauna e as pessoas, bem como as belas paisagens.<\/span><\/p>\n<p><span style=\"font-size: 12pt; font-family: arial, helvetica, sans-serif;\"><strong>No pre\u00e7o est\u00e1 praticamente tudo inclu\u00eddo,<\/strong> voc\u00ea poder\u00e1 escolher a categoria do hotel que melhor se adapte ao seu or\u00e7amento e conforto. Um guia naturalista bil\u00edngue ir\u00e1 acompanh\u00e1-lo nas atividades di\u00e1rias.<\/span><\/p>\n<p><span style=\"font-size: 12pt; font-family: arial, helvetica, sans-serif;\"><strong>Dias de in\u00edcio<\/strong>: Todos os dias.<\/span><br \/>\n<span style=\"font-size: 12pt; font-family: arial, helvetica, sans-serif;\"><strong>Atividades:<\/strong> Caminhadas curtas, snorkeling, navega\u00e7\u00e3o curta e observa\u00e7\u00e3o de flora e fauna.<\/span><br \/>\n<span style=\"font-size: 12pt; font-family: arial, helvetica, sans-serif;\"><strong>Faixa Et\u00e1ria<\/strong>: De 1 a 60 anos.<\/span><br \/>\n<span style=\"font-size: 12pt; font-family: arial, helvetica, sans-serif;\"><strong>Tipo de Viagem<\/strong>: Aventura Simples.<\/span><\/p>\n<p><span style=\"font-size: 12pt; font-family: arial, helvetica, sans-serif;\"><strong>Natureza para ver:<\/strong> Pinguins de Gal\u00e1pagos, le\u00f5es-marinhos, iguanas-marinhas, lagartixas de lava,\u00a0 patolas-de-p\u00e9s-azuis, flamingos, fragatas, pelicanos, tentilh\u00f5es de darwin, flycatchers de Gal\u00e1pagos, os tubar\u00f5es de Gal\u00e1pagos, e mais&#8230;<\/span><\/p>\n<p>&nbsp;<\/p>\n<p><span style=\"font-size: 12pt; font-family: arial, helvetica, sans-serif;\"><strong>Resumo do itiner\u00e1rio<\/strong><\/span><\/p>\n<p><span style=\"font-size: 12pt; font-family: arial, helvetica, sans-serif;\"><strong>Dia 1<\/strong>: Chegada ao Aeroporto da Ilha de Baltra (GPS) &#8211; Pm: Transfer para a Ilha Isabela.<\/span><br \/>\n<span style=\"font-size: 12pt; font-family: arial, helvetica, sans-serif;\"><strong>Dia 2<\/strong>: Ilha Isabela: Am: Caminhada para o Vulc\u00e3o Serra Negra ou Am: T\u00faneis do Cabo Rosa.<\/span><br \/>\n<span style=\"font-size: 12pt; font-family: arial, helvetica, sans-serif;\"><strong>Dia 3:<\/strong> Ilha Isabela: Am: Ilhotas Tintoreiras &#8211; Pm: \u00c1reas \u00famidas.<\/span><br \/>\n<span style=\"font-size: 12pt; font-family: arial, helvetica, sans-serif;\"><strong>Dia 4<\/strong>: Ilha de Santa Cruz: Am: Reserva de tartarugas Gal\u00e1pagos &#8211; Pm: Esta\u00e7\u00e3o Charles Darwin.<\/span><br \/>\n<span style=\"font-size: 12pt; font-family: arial, helvetica, sans-serif;\"><strong>Dia 5<\/strong>: Am: Transfer para o Aeroporto da Ilha de Baltra (GPS).<\/span><\/p>\n<p><span style=\"font-size: 12pt; font-family: arial, helvetica, sans-serif;\"><strong>Para ver o itiner\u00e1rio completo, observe a guia acima \u21d1<\/strong>.<\/span><\/p>\n<h4><span style=\"font-family: arial, helvetica, sans-serif;\"><strong><br \/>\n<span style=\"font-size: 12pt; font-family: arial, helvetica, sans-serif;\">Informaci\u00f3n Esencial del Viaje<\/span><br \/>\n<\/strong><\/span><\/h4>\n<ul>\n<li><span style=\"font-family: arial, helvetica, sans-serif;\"><span style=\"font-family: arial, helvetica, sans-serif;\"><a href=\"https:\/\/naturegalapagos.com\/galapagos-tours\/galapagos-land-tours\/general-information\/\">INFORMA\u00c7\u00d5ES GERAIS<\/a><\/span><\/span><\/li>\n<li><span style=\"font-family: arial, helvetica, sans-serif;\"><span style=\"font-family: arial, helvetica, sans-serif;\"><a href=\"https:\/\/naturegalapagos.com\/galapagos-tours\/galapagos-land-tours\/trip-tips\/\">DICAS DE VIAGEM<\/a><\/span><\/span><\/li>\n<\/ul>\n<h5><span style=\"font-family: arial, helvetica, sans-serif; font-size: 18pt;\"><strong>Mais informa\u00e7\u00f5es sobre este tour<\/strong><\/span><\/h5>\n<table class=\"table table-bordered tours-tabs__table\" style=\"height: 233px; width: 858px;\">\n<tbody>\n<tr style=\"height: 24px;\">\n<td style=\"height: 24px; width: 211px;\"><span style=\"font-family: arial, helvetica, sans-serif;\"><strong>LOCAL DE PARTIDA<\/strong><\/span><\/td>\n<td style=\"height: 24px; width: 631px;\"><span style=\"font-family: arial, helvetica, sans-serif;\">Aeroporto de Baltra. (GPS)<\/span><\/td>\n<\/tr>\n<tr style=\"height: 24.8125px;\">\n<td style=\"height: 24.8125px; width: 211px;\"><span style=\"font-family: arial, helvetica, sans-serif;\"><strong>LOCAL DE REGRESO<\/strong><\/span><\/td>\n<td style=\"height: 24.8125px; width: 631px;\"><span style=\"font-family: arial, helvetica, sans-serif;\">Aeroporto de Baltra. (GPS)<\/span><\/td>\n<\/tr>\n<tr style=\"height: 24px;\">\n<td style=\"height: 24px; width: 211px;\"><span style=\"font-family: arial, helvetica, sans-serif;\"><strong>HOR\u00c1RIO DE IN\u00cdCIO<\/strong><\/span><\/td>\n<td style=\"height: 24px; width: 631px;\"><span style=\"font-family: arial, helvetica, sans-serif;\">Voc\u00ea deve chegar antes das 11:00. * Consulte para mais detalhes.<\/span><\/td>\n<\/tr>\n<tr style=\"height: 24px;\">\n<td style=\"height: 24px; width: 211px;\"><span style=\"font-family: arial, helvetica, sans-serif;\"><strong>HOR\u00c1RIO DE RETORNO\u00a0<\/strong><\/span><\/td>\n<td style=\"height: 24px; width: 631px;\"><span style=\"font-family: arial, helvetica, sans-serif;\">Aproximadamente depois das 11:00 pm. * Consulte para mais detalhes.<\/span><\/td>\n<\/tr>\n<tr style=\"height: 24px;\">\n<td style=\"height: 24px; width: 211px;\"><span style=\"font-family: arial, helvetica, sans-serif;\"><strong>O QUE USAR?<\/strong><\/span><\/td>\n<td style=\"height: 24px; width: 631px;\"><span style=\"font-family: arial, helvetica, sans-serif;\">Ropa c\u00f3moda, zapatos para caminar, sombrero, chaqueta y protector solar.<\/span><\/td>\n<\/tr>\n<tr style=\"height: 23px;\">\n<td style=\"height: 23px; width: 211px;\"><span style=\"font-family: arial, helvetica, sans-serif;\"><strong>INCLUI<\/strong><\/span><\/td>\n<td style=\"height: 23px; width: 631px;\"><span style=\"font-family: arial, helvetica, sans-serif;\"><i class=\"fa fa-check icon-tick icon-tick--on\"><\/i> Alojamento em hot\u00e9is e quartos selecionados.<\/span><br \/>\n<span style=\"font-family: arial, helvetica, sans-serif;\"> <i class=\"fa fa-check icon-tick icon-tick--on\"><\/i> Todas as refei\u00e7\u00f5es (caf\u00e9 da manh\u00e3\/almo\u00e7o e jantar) * Menu do dia.<\/span><br \/>\n<span style=\"font-family: arial, helvetica, sans-serif;\"> <i class=\"fa fa-check icon-tick icon-tick--on\"><\/i> Transporte terrestre e mar\u00edtimo em Gal\u00e1pagos.<\/span><br \/>\n<span style=\"font-family: arial, helvetica, sans-serif;\"> <i class=\"fa fa-check icon-tick icon-tick--on\"><\/i> Guia naturalista bil\u00edngue, em cada ilha visitada ou atividade.<\/span><br \/>\n<span style=\"font-family: arial, helvetica, sans-serif;\"> <i class=\"fa fa-check icon-tick icon-tick--on\"><\/i> Visitas agendadas.<\/span><br \/>\n<span style=\"font-family: arial, helvetica, sans-serif;\"> <i class=\"fa fa-check icon-tick icon-tick--on\"><\/i> Equipamento snorkel (viseira, barbatanas, tubo).<\/span><br \/>\n<span style=\"font-family: arial, helvetica, sans-serif;\"> <i class=\"fa fa-check icon-tick icon-tick--on\"><\/i> Transferes Puerto Ayora &#8211; Isabela &#8211; Puerto Ayora por servi\u00e7o p\u00fablico de lancha.<\/span><br \/>\n<span style=\"font-family: arial, helvetica, sans-serif;\"> <i class=\"fa fa-check icon-tick icon-tick--on\"><\/i> Transfer Baltra &#8211; Puerto Ayora &#8211; Baltra (vans de cabine dupla ou \u00f4nibus pequenos).<\/span><\/td>\n<\/tr>\n<tr style=\"height: 38px;\">\n<td style=\"height: 38px; width: 211px;\"><span style=\"font-family: arial, helvetica, sans-serif;\"><b><strong>N\u00c3O INCLUI<\/strong><\/b><\/span><\/td>\n<td style=\"height: 38px; width: 631px;\"><span style=\"font-family: arial, helvetica, sans-serif;\"><i class=\"fa fa-times icon-tick icon-tick--off\"><\/i> Bilhete A\u00e9reo de\/para Gal\u00e1pagos.<\/span><br \/>\n<span style=\"font-family: arial, helvetica, sans-serif;\"> <i class=\"fa fa-times icon-tick icon-tick--off\"><\/i> Entrada para o Parque Nacional de Gal\u00e1pagos <strong>USD 100,00 por pessoa.<\/strong><\/span><br \/>\n<span style=\"font-family: arial, helvetica, sans-serif;\"> <i class=\"fa fa-times icon-tick icon-tick--off\"><\/i> Para os turistas nacionais e pa\u00edses do Pacto Andino outro valor \u00e9 aplicado, contate-nos.<\/span><br \/>\n<span style=\"font-family: arial, helvetica, sans-serif;\"> <i class=\"fa fa-times icon-tick icon-tick--off\"><\/i> Uso das docas em Isabela <strong>USD 10,00 por pessoa.<\/strong><\/span><br \/>\n<span style=\"font-family: arial, helvetica, sans-serif;\"> <i class=\"fa fa-times icon-tick icon-tick--off\"><\/i> Cart\u00e3o de controle de imigra\u00e7\u00e3o <strong>USD 20,00 por pessoa.<\/strong><\/span><br \/>\n<span style=\"font-family: arial, helvetica, sans-serif;\"> <i class=\"fa fa-times icon-tick icon-tick--off\"><\/i> Transporte Aeroporto Baltra \u2013 Canal de Itabaca <strong>USD 5,00 por pessoa<\/strong> (sujeito a altera\u00e7\u00f5es).<\/span><br \/>\n<span style=\"font-family: arial, helvetica, sans-serif;\"> <i class=\"fa fa-times icon-tick icon-tick--off\"><\/i> Transporte Canal de Itabaca &#8211; Aeroporto Baltra <strong>USD 5,00 por pessoa<\/strong> (sujeito a altera\u00e7\u00f5es).<\/span><br \/>\n<span style=\"font-family: arial, helvetica, sans-serif;\"> <i class=\"fa fa-times icon-tick icon-tick--off\"><\/i> T\u00e1xi aqu\u00e1tico entre docas e barcos &#8211; <strong> USD 1 por pessoa e por trecho<\/strong> (nas duas ilhas &#8211; dependendo da mar\u00e9).<\/span><br \/>\n<span style=\"font-family: arial, helvetica, sans-serif;\"> <i class=\"fa fa-times icon-tick icon-tick--off\"><\/i> Refrigerantes e bebidas alco\u00f3licas.<\/span><br \/>\n<span style=\"font-family: arial, helvetica, sans-serif;\"> <i class=\"fa fa-times icon-tick icon-tick--off\"><\/i> Gorjetas.<\/span><\/td>\n<\/tr>\n<\/tbody>\n<\/table>\n<p><span style=\"font-family: arial, helvetica, sans-serif;\"><strong><em>NOTA:<\/em><\/strong><em>\u00a0O itiner\u00e1rio est\u00e1 sempre sujeito a altera\u00e7\u00f5es sem aviso pr\u00e9vio, devido a mudan\u00e7as sazonais, condi\u00e7\u00f5es clim\u00e1ticas, ajustes de \u00faltima hora nas pol\u00edticas de visitas ao Parque Nacional de Gal\u00e1pagos e circunst\u00e2ncias operacionais de \u00faltima hora.<\/em><\/span><em style=\"font-family: arial, helvetica, sans-serif; font-size: 16px;\">\u201d<\/em><\/p>\n<p>[\/vc_column_text][\/vc_column][\/vc_row][vc_row][vc_column el_class=&#8221;accocruise&#8221;][vc_column_text]\n<div class=\"panel panel-default accordion__item\">\n\t<div class=\"panel-heading accordion__item__title-wrap\">\n\t\t<h4 class=\"panel-title\">\n\t\t\t<a data-toggle=\"collapse\" data-parent=\"#ataccordion0\" href=\"#ataccordion0_1\" class=\"accordion__item__link collapsed\">Solicite m\u00e1s informaci\u00f3n<\/a>\n\t\t<\/h4>\n\t<\/div>\n\t<div id=\"ataccordion0_1\" class=\"panel-collapse collapse\">\n\t\t<div class=\"panel-body accordion__item__content\">\n<div class=\"ml-embedded\" data-form=\"5bGjcz\"><\/div>\n<\/div>\n\t<\/div>\n<\/div>[\/vc_column_text][\/vc_column][\/vc_row]<\/p>\n<\/div>","protected":false},"excerpt":{"rendered":"<p>[vc_row][vc_column][vc_column_text] 5 Dias Magia de Isabela | Pacotes Ilhas Gal\u00e1pagos | Visite 2 ilhas em 5 dias! Nosso Magia de Isabela de 5 dias \u00e9 um de os Pacotes Ilhas Gal\u00e1pagos em que voc\u00ea poder\u00e1 obter v\u00e1rias alternativas com excelentes pre\u00e7os e itiner\u00e1rios e visitar 2 ilhas: Ilha Isabela e a Ilha Santa Cruz. Os<\/p>\n<div class=\"padding-top text-center\"><a href=\"https:\/\/naturegalapagos.com\/br\/tours\/tour-galapagos\/5-dias-magia-de-isabela-ilhas-galapagos-pacotes\/\" class=\"atbtn atbtn--medium atbtn--rounded atbtn--transparent\">Read more<i class=\"atbtn__icon atbtn__icon--right fa fa-long-arrow-right\"><\/i><\/a><\/div>\n","protected":false},"featured_media":1268,"comment_status":"open","ping_status":"closed","template":"","meta":{"_joinchat":[]},"product_brand":[],"product_cat":[15],"product_tag":[],"class_list":{"0":"post-1265","1":"product","2":"type-product","3":"status-publish","4":"has-post-thumbnail","6":"product_cat-uncategorized","7":"tour_category-tour-5-dias","8":"tour_category-tour-galapagos","9":"tour_category-tours-magia-de-isabela","11":"first","12":"outofstock","13":"taxable","14":"shipping-taxable","15":"product-type-tour"},"yoast_head":"<!-- This site is optimized with the Yoast SEO Premium plugin v25.6 (Yoast SEO v26.1.1) - https:\/\/yoast.com\/wordpress\/plugins\/seo\/ -->\n<title>5 Dias Ilhas Gal\u00e1pagos Pacotes | Magia de Isabela<\/title>\n<meta name=\"description\" content=\"Pacotes Ilhas Gal\u00e1pagos 5 dias em Isabela e Santa Cruz. 2 ilhas, tudo inclu\u00eddo para a sua viagem, ligue para 593 22908725. N\u00f3s organizamos sua excurs\u00e3o\" \/>\n<meta name=\"robots\" content=\"index, follow, max-snippet:-1, max-image-preview:large, max-video-preview:-1\" \/>\n<link rel=\"canonical\" href=\"https:\/\/naturegalapagos.com\/br\/tours\/tour-galapagos\/5-dias-magia-de-isabela-ilhas-galapagos-pacotes\/\" \/>\n<meta property=\"og:locale\" content=\"pt_BR\" \/>\n<meta property=\"og:type\" content=\"article\" \/>\n<meta property=\"og:title\" content=\"5 Dias Magia de Isabela | Ilhas Gal\u00e1pagos Pacotes\" \/>\n<meta property=\"og:description\" content=\"Pacotes Ilhas Gal\u00e1pagos 5 dias em Isabela e Santa Cruz. 2 ilhas, tudo inclu\u00eddo para a sua viagem, ligue para 593 22908725. N\u00f3s organizamos sua excurs\u00e3o\" \/>\n<meta property=\"og:url\" content=\"https:\/\/naturegalapagos.com\/br\/tours\/tour-galapagos\/5-dias-magia-de-isabela-ilhas-galapagos-pacotes\/\" \/>\n<meta property=\"og:site_name\" content=\"Portugu\u00eas - Nature Galapagos &amp; Ecuador\" \/>\n<meta property=\"article:publisher\" content=\"https:\/\/www.facebook.com\/naturegalapagosecuador\/\" \/>\n<meta property=\"article:modified_time\" content=\"2026-04-07T06:52:29+00:00\" \/>\n<meta property=\"og:image\" content=\"https:\/\/naturegalapagos.com\/br\/wp-content\/uploads\/sites\/8\/2018\/10\/ilhas-Galapagos-pacotes-feat.jpg\" \/>\n\t<meta property=\"og:image:width\" content=\"1024\" \/>\n\t<meta property=\"og:image:height\" content=\"512\" \/>\n\t<meta property=\"og:image:type\" content=\"image\/jpeg\" \/>\n<meta name=\"twitter:card\" content=\"summary_large_image\" \/>\n<meta name=\"twitter:site\" content=\"@naturegalapagos\" \/>\n<meta name=\"twitter:label1\" content=\"Est. reading time\" \/>\n\t<meta name=\"twitter:data1\" content=\"4 minutes\" \/>\n<!-- \/ Yoast SEO Premium plugin. -->","yoast_head_json":{"title":"5 Dias Ilhas Gal\u00e1pagos Pacotes | Magia de Isabela","description":"Pacotes Ilhas Gal\u00e1pagos 5 dias em Isabela e Santa Cruz. 2 ilhas, tudo inclu\u00eddo para a sua viagem, ligue para 593 22908725. N\u00f3s organizamos sua excurs\u00e3o","robots":{"index":"index","follow":"follow","max-snippet":"max-snippet:-1","max-image-preview":"max-image-preview:large","max-video-preview":"max-video-preview:-1"},"canonical":"https:\/\/naturegalapagos.com\/br\/tours\/tour-galapagos\/5-dias-magia-de-isabela-ilhas-galapagos-pacotes\/","og_locale":"pt_BR","og_type":"article","og_title":"5 Dias Magia de Isabela | Ilhas Gal\u00e1pagos Pacotes","og_description":"Pacotes Ilhas Gal\u00e1pagos 5 dias em Isabela e Santa Cruz. 2 ilhas, tudo inclu\u00eddo para a sua viagem, ligue para 593 22908725. N\u00f3s organizamos sua excurs\u00e3o","og_url":"https:\/\/naturegalapagos.com\/br\/tours\/tour-galapagos\/5-dias-magia-de-isabela-ilhas-galapagos-pacotes\/","og_site_name":"Portugu\u00eas - Nature Galapagos &amp; Ecuador","article_publisher":"https:\/\/www.facebook.com\/naturegalapagosecuador\/","article_modified_time":"2026-04-07T06:52:29+00:00","og_image":[{"width":1024,"height":512,"url":"https:\/\/naturegalapagos.com\/br\/wp-content\/uploads\/sites\/8\/2018\/10\/ilhas-Galapagos-pacotes-feat.jpg","type":"image\/jpeg"}],"twitter_card":"summary_large_image","twitter_site":"@naturegalapagos","twitter_misc":{"Est. reading time":"4 minutes"},"schema":{"@context":"https:\/\/schema.org","@graph":[{"@type":"WebPage","@id":"https:\/\/naturegalapagos.com\/br\/tours\/tour-galapagos\/5-dias-magia-de-isabela-ilhas-galapagos-pacotes\/","url":"https:\/\/naturegalapagos.com\/br\/tours\/tour-galapagos\/5-dias-magia-de-isabela-ilhas-galapagos-pacotes\/","name":"5 Dias Ilhas Gal\u00e1pagos Pacotes | Magia de Isabela","isPartOf":{"@id":"https:\/\/naturegalapagos.com\/br\/#website"},"primaryImageOfPage":{"@id":"https:\/\/naturegalapagos.com\/br\/tours\/tour-galapagos\/5-dias-magia-de-isabela-ilhas-galapagos-pacotes\/#primaryimage"},"image":{"@id":"https:\/\/naturegalapagos.com\/br\/tours\/tour-galapagos\/5-dias-magia-de-isabela-ilhas-galapagos-pacotes\/#primaryimage"},"thumbnailUrl":"https:\/\/naturegalapagos.com\/br\/wp-content\/uploads\/sites\/8\/2018\/10\/ilhas-Galapagos-pacotes-feat.jpg","datePublished":"2018-10-23T22:26:06+00:00","dateModified":"2026-04-07T06:52:29+00:00","description":"Pacotes Ilhas Gal\u00e1pagos 5 dias em Isabela e Santa Cruz. 2 ilhas, tudo inclu\u00eddo para a sua viagem, ligue para 593 22908725. N\u00f3s organizamos sua excurs\u00e3o","breadcrumb":{"@id":"https:\/\/naturegalapagos.com\/br\/tours\/tour-galapagos\/5-dias-magia-de-isabela-ilhas-galapagos-pacotes\/#breadcrumb"},"inLanguage":"pt-BR","potentialAction":[{"@type":"ReadAction","target":["https:\/\/naturegalapagos.com\/br\/tours\/tour-galapagos\/5-dias-magia-de-isabela-ilhas-galapagos-pacotes\/"]}]},{"@type":"ImageObject","inLanguage":"pt-BR","@id":"https:\/\/naturegalapagos.com\/br\/tours\/tour-galapagos\/5-dias-magia-de-isabela-ilhas-galapagos-pacotes\/#primaryimage","url":"https:\/\/naturegalapagos.com\/br\/wp-content\/uploads\/sites\/8\/2018\/10\/ilhas-Galapagos-pacotes-feat.jpg","contentUrl":"https:\/\/naturegalapagos.com\/br\/wp-content\/uploads\/sites\/8\/2018\/10\/ilhas-Galapagos-pacotes-feat.jpg","width":1024,"height":512,"caption":"ilhas Galapagos pacotes feat"},{"@type":"BreadcrumbList","@id":"https:\/\/naturegalapagos.com\/br\/tours\/tour-galapagos\/5-dias-magia-de-isabela-ilhas-galapagos-pacotes\/#breadcrumb","itemListElement":[{"@type":"ListItem","position":1,"name":"Home","item":"https:\/\/naturegalapagos.com\/br\/"},{"@type":"ListItem","position":2,"name":"Shop","item":"https:\/\/naturegalapagos.com\/br\/shop\/"},{"@type":"ListItem","position":3,"name":"5 Dias Magia de Isabela | Ilhas Gal\u00e1pagos Pacotes"}]},{"@type":"WebSite","@id":"https:\/\/naturegalapagos.com\/br\/#website","url":"https:\/\/naturegalapagos.com\/br\/","name":"Portugu\u00eas - Nature Galapagos & Ecuador","description":"Portugu\u00eas - Nature Galapagos &amp; Ecuador","potentialAction":[{"@type":"SearchAction","target":{"@type":"EntryPoint","urlTemplate":"https:\/\/naturegalapagos.com\/br\/?s={search_term_string}"},"query-input":{"@type":"PropertyValueSpecification","valueRequired":true,"valueName":"search_term_string"}}],"inLanguage":"pt-BR"}]}},"_links":{"self":[{"href":"https:\/\/naturegalapagos.com\/br\/wp-json\/wp\/v2\/product\/1265","targetHints":{"allow":["GET"]}}],"collection":[{"href":"https:\/\/naturegalapagos.com\/br\/wp-json\/wp\/v2\/product"}],"about":[{"href":"https:\/\/naturegalapagos.com\/br\/wp-json\/wp\/v2\/types\/product"}],"replies":[{"embeddable":true,"href":"https:\/\/naturegalapagos.com\/br\/wp-json\/wp\/v2\/comments?post=1265"}],"wp:featuredmedia":[{"embeddable":true,"href":"https:\/\/naturegalapagos.com\/br\/wp-json\/wp\/v2\/media\/1268"}],"wp:attachment":[{"href":"https:\/\/naturegalapagos.com\/br\/wp-json\/wp\/v2\/media?parent=1265"}],"wp:term":[{"taxonomy":"product_brand","embeddable":true,"href":"https:\/\/naturegalapagos.com\/br\/wp-json\/wp\/v2\/product_brand?post=1265"},{"taxonomy":"product_cat","embeddable":true,"href":"https:\/\/naturegalapagos.com\/br\/wp-json\/wp\/v2\/product_cat?post=1265"},{"taxonomy":"product_tag","embeddable":true,"href":"https:\/\/naturegalapagos.com\/br\/wp-json\/wp\/v2\/product_tag?post=1265"}],"curies":[{"name":"wp","href":"https:\/\/api.w.org\/{rel}","templated":true}]}}