{"id":1343,"date":"2018-10-29T20:17:06","date_gmt":"2018-10-29T20:17:06","guid":{"rendered":"https:\/\/naturegalapagos.com\/br\/?post_type=product&#038;p=1343"},"modified":"2025-06-11T20:45:28","modified_gmt":"2025-06-11T20:45:28","slug":"m-y-cruzeiro-sea-star-galapagos","status":"publish","type":"product","link":"https:\/\/naturegalapagos.com\/br\/cruzeiros-galapagos\/cruzeiro-de-luxo\/cruzeiro-sea-star-galapagos","title":{"rendered":"M\/Y Cruzeiro Sea Star Gal\u00e1pagos"},"content":{"rendered":"<div class=\"wpb-content-wrapper\"><p>[vc_row][vc_column][vc_column_text]<\/p>\n<p><span style=\"font-family: arial, helvetica, sans-serif; font-size: 18pt;\"><strong>CARACTER\u00cdSTICAS PRINCIPAIS\u00a0<\/strong><\/span><\/p>\n<ul>\n<li style=\"text-align: justify;\"><span style=\"font-family: arial, helvetica, sans-serif;\">O Sea Cruzeiro Sea Star Journey Gal\u00e1pagos \u00e9 um iate de luxo<\/span><\/li>\n<li style=\"text-align: justify;\"><span style=\"font-family: arial, helvetica, sans-serif;\">Vista panor\u00e2mica em todas as cabines.<\/span><\/li>\n<li style=\"text-align: justify;\"><span style=\"font-family: arial, helvetica, sans-serif;\">Amplas \u00e1reas sociais, sal\u00e3o elegante e duas jacuzzis no sol\u00e1rio.<\/span><\/li>\n<li style=\"text-align: justify;\"><span style=\"font-family: arial, helvetica, sans-serif;\">Caiaque e equipamento de snorkel dispon\u00edveis sem custo adicional<\/span><\/li>\n<li style=\"text-align: justify;\"><span style=\"font-family: arial, helvetica, sans-serif;\">V\u00e1rias atividades e um itiner\u00e1rio exaustivo<\/span><!--more--><\/li>\n<\/ul>\n<h2><span style=\"font-family: arial, helvetica, sans-serif;\"><strong>Descri\u00e7\u00e3o do<\/strong><\/span><strong>\u00a0M\/Y Cruzeiro Sea Star Journey Gal\u00e1pagos<\/strong><\/h2>\n<p>O Cruzeiro Sea Star Journey Gal\u00e1pagos \u00e9 um iate de luxo que combina conforto e privacidade durante a sua navega\u00e7\u00e3o no arquip\u00e9lago. Um itiner\u00e1rio variado que inclui atividades de explora\u00e7\u00e3o, como caminhadas no vulc\u00e3o, trilhas moderadas, visitas a manguezais, centros de cria\u00e7\u00e3o de tartarugas, centros de pesquisa, reservas marinhas e muito mais. Durante as excurs\u00f5es por terra, faremos trekking, passeios a cavalo, mergulho e idas \u00e0 praia. O itiner\u00e1rio a bordo do Cruzeiro Sea Star Journey Gal\u00e1pagos foi projetado para garantir a mais completa experi\u00eancia poss\u00edvel.<\/p>\n<p>Desfrute de comida local e internacional preparada pelo nosso renomado chef. Al\u00e9m disso, o iate tem um sol\u00e1rio espa\u00e7oso com duas jacuzzis e sal\u00f5es confort\u00e1veis. As \u00e1reas sociais incluem uma sala de estar e uma pequena livraria. Snorkeling e equipamento de caiaque est\u00e3o dispon\u00edveis sem custo extra.<\/p>\n<p>O Cruzeiro Sea Star Journey Gal\u00e1pagos cumpre com todas as normas de seguran\u00e7a nacionais e internacionais e \u00e9 gerido com pr\u00e1ticas sustent\u00e1veis \u200b\u200bpara proteger a fragilidade do <span style=\"font-family: arial, helvetica, sans-serif;\">arquip\u00e9lago.<\/span><\/p>\n<h3><span style=\"font-family: arial, helvetica, sans-serif;\"><strong>Hospedagem e Distribui\u00e7\u00e3o:<\/strong><\/span><\/h3>\n<p><span style=\"font-family: arial, helvetica, sans-serif;\">O Cruzeiro Sea Star Journey Gal\u00e1pagos tem capacidade para 16 passageiros acomodados em 7 cabines espa\u00e7osas (aproximadamente 25m2) e 1 Sea Star Suite (35m2) equipada com janelas panor\u00e2micas que permitem o melhor aproveitamento das maravilhosas paisagens.<\/span><\/p>\n<p><span style=\"font-family: arial, helvetica, sans-serif;\">Todas as cabines possuem banheiro privativo, ar condicionado, frigobar, TV.<\/span><\/p>\n<p><span style=\"font-family: arial, helvetica, sans-serif;\">As cabines s\u00e3o projetadas com camas de casal ou uma cama de casal e su\u00edtes anexas para fam\u00edlias.<\/span><\/p>\n<p>&nbsp;<\/p>\n<table style=\"width: 775px; height: 419px;\" border=\"0\" cellspacing=\"0\" cellpadding=\"0\" align=\"center\">\n<tbody>\n<tr style=\"background-color: #e7e7e7;\">\n<th style=\"width: 771px; height: 24px;\" colspan=\"2\" align=\"center\"><strong><span style=\"font-family: arial, helvetica, sans-serif;\">Especifica\u00e7\u00f5es t\u00e9cnicas<\/span><\/strong><\/th>\n<\/tr>\n<tr style=\"height: 24px;\">\n<td style=\"width: 198px; height: 24px;\"><strong><span style=\"font-family: arial, helvetica, sans-serif;\">Ano de constru\u00e7\u00e3o<\/span><\/strong><\/td>\n<td style=\"height: 24px; width: 571px;\"><span style=\"font-family: arial, helvetica, sans-serif;\">2011<\/span><\/td>\n<\/tr>\n<tr style=\"height: 23px;\">\n<td style=\"width: 198px; height: 23px;\"><strong><span style=\"font-family: arial, helvetica, sans-serif;\">Tipo<br \/>\n<\/span><\/strong><\/td>\n<td style=\"height: 23px; width: 571px;\"><span style=\"font-family: arial, helvetica, sans-serif;\">\u00a0Late a Motor<\/span><\/td>\n<\/tr>\n<tr style=\"height: 24px;\">\n<td style=\"width: 198px; height: 24px;\"><strong><span style=\"font-family: arial, helvetica, sans-serif;\">Classe<\/span><\/strong><\/td>\n<td style=\"height: 24px; width: 571px;\"><span style=\"font-family: arial, helvetica, sans-serif;\">Luxo<\/span><\/td>\n<\/tr>\n<tr style=\"height: 24px;\">\n<td style=\"width: 198px; height: 24px;\"><strong><span style=\"font-family: arial, helvetica, sans-serif;\">Capacidade<br \/>\n<\/span><\/strong><\/td>\n<td style=\"height: 24px; width: 571px;\"><span style=\"font-family: arial, helvetica, sans-serif;\">\u00a016 passageiros<\/span><\/td>\n<\/tr>\n<tr style=\"height: 24px;\">\n<td style=\"width: 198px; height: 24px;\"><strong><span style=\"font-family: arial, helvetica, sans-serif;\">Comprimento<\/span><\/strong><\/td>\n<td style=\"height: 24px; width: 571px;\"><span style=\"font-family: arial, helvetica, sans-serif;\">42 metros<\/span><\/td>\n<\/tr>\n<tr style=\"height: 24px;\">\n<td style=\"width: 198px; height: 24px;\"><strong><span style=\"font-family: arial, helvetica, sans-serif;\">Feixe<\/span><\/strong><\/td>\n<td style=\"height: 24px; width: 571px;\"><span style=\"font-family: arial, helvetica, sans-serif;\">\u00a09\u00a0metros<\/span><\/td>\n<\/tr>\n<tr style=\"height: 24px;\">\n<td style=\"width: 198px; height: 24px;\"><strong><span style=\"font-family: arial, helvetica, sans-serif;\">Casco<\/span><\/strong><\/td>\n<td style=\"height: 24px; width: 571px;\"><span style=\"font-family: arial, helvetica, sans-serif;\">Monocasco de a\u00e7o marinho<\/span><\/td>\n<\/tr>\n<tr style=\"height: 24px;\">\n<td style=\"width: 198px; height: 24px;\"><strong><span style=\"font-family: arial, helvetica, sans-serif;\">Motores Principais<br \/>\n<\/span><\/strong><\/td>\n<td style=\"height: 24px; width: 571px;\"><span style=\"font-family: arial, helvetica, sans-serif;\">\u00a02 Caterpillar 340 HP<\/span><\/td>\n<\/tr>\n<tr style=\"height: 24px;\">\n<td style=\"width: 198px; height: 24px;\"><strong><span style=\"font-family: arial, helvetica, sans-serif;\">Velocidade M\u00e1xima<\/span><\/strong><\/td>\n<td style=\"height: 24px; width: 571px;\"><span style=\"font-family: arial, helvetica, sans-serif;\">\u00a012 n\u00f3s<\/span><\/td>\n<\/tr>\n<tr style=\"height: 24px;\">\n<td style=\"width: 198px; height: 24px;\"><strong><span style=\"font-family: arial, helvetica, sans-serif;\">Geradores<\/span><\/strong><\/td>\n<td style=\"height: 24px; width: 571px;\"><span style=\"font-family: arial, helvetica, sans-serif;\">Perkins 114 cabe A<\/span><\/td>\n<\/tr>\n<tr style=\"height: 24px;\">\n<td style=\"width: 198px; height: 24px;\"><strong><span style=\"font-family: arial, helvetica, sans-serif;\">Marcador de \u00e1gua<\/span><\/strong><\/td>\n<td style=\"height: 24px; width: 571px;\"><span style=\"font-family: arial, helvetica, sans-serif;\">\u00a02000 gal\u00f5es por dia<\/span><\/td>\n<\/tr>\n<tr style=\"height: 108px;\">\n<td style=\"width: 198px; height: 108px;\"><strong><span style=\"font-family: arial, helvetica, sans-serif;\">Seguran\u00e7a e Navega\u00e7\u00e3o:<br \/>\n<\/span><\/strong><\/td>\n<td style=\"height: 108px; width: 571px;\"><span style=\"font-family: arial, helvetica, sans-serif;\"> 1 Furuno Radar 38.4 Km, 1 Furuno Radar 57.6 Km<br \/>\n1 b\u00fassola de sat\u00e9lite, 2 b\u00fassolas magn\u00e9ticas,<br \/>\nEquipamento de Rastreamento<br \/>\nSistema de Comunica\u00e7\u00e3o: telefone via sat\u00e9lite<br \/>\nR\u00e1dio: Consolas HF-VHF-UHF, Nactex, Distrex e unidades manuais<br \/>\n<strong>Equipamentos de seguran\u00e7a<\/strong>: detectores de fuma\u00e7a, sprinklers em todo o barco, tanque autom\u00e1tico de CO2 para a cozinha e para a sala de m\u00e1quinas<br \/>\n<\/span><\/td>\n<\/tr>\n<tr style=\"height: 24px;\">\n<td style=\"width: 198px; height: 24px;\"><strong><span style=\"font-family: arial, helvetica, sans-serif;\">Equipamentos dispon\u00edveis<\/span><\/strong><\/td>\n<td style=\"height: 24px; width: 571px;\">Caiaques &#8211; equipamento de mergulho \u2013 roupa de mergulho<\/td>\n<\/tr>\n<\/tbody>\n<\/table>\n<p>[\/vc_column_text][\/vc_column][\/vc_row][vc_row][vc_column][vc_column_text]\n<div class=\"panel panel-default accordion__item\">\n\t<div class=\"panel-heading accordion__item__title-wrap\">\n\t\t<h4 class=\"panel-title\">\n\t\t\t<a data-toggle=\"collapse\" data-parent=\"#ataccordion0\" href=\"#ataccordion0_1\" class=\"accordion__item__link collapsed\">SOLICITE MAIS INFORMA\u00c7\u00d5ES<\/a>\n\t\t<\/h4>\n\t<\/div>\n\t<div id=\"ataccordion0_1\" class=\"panel-collapse collapse\">\n\t\t<div class=\"panel-body accordion__item__content\">\n<div class=\"ml-embedded\" data-form=\"SU9ANJ\"><\/div>\n<\/div>\n\t<\/div>\n<\/div>[\/vc_column_text][\/vc_column][\/vc_row]<\/p>\n<\/div>","protected":false},"excerpt":{"rendered":"<p>[vc_row][vc_column][vc_column_text] CARACTER\u00cdSTICAS PRINCIPAIS\u00a0 O Sea Cruzeiro Sea Star Journey Gal\u00e1pagos \u00e9 um iate de luxo Vista panor\u00e2mica em todas as cabines. Amplas \u00e1reas sociais, sal\u00e3o elegante e duas jacuzzis no sol\u00e1rio. Caiaque e equipamento de snorkel dispon\u00edveis sem custo adicional V\u00e1rias atividades e um itiner\u00e1rio exaustivo<\/p>\n","protected":false},"featured_media":1348,"comment_status":"open","ping_status":"closed","template":"","meta":{"_joinchat":[]},"product_brand":[],"product_cat":[15],"product_tag":[],"class_list":{"0":"post-1343","1":"product","2":"type-product","3":"status-publish","4":"has-post-thumbnail","6":"product_cat-uncategorized","7":"tour_category-cruzeiro-de-luxo","8":"tour_category-crucero-buceo-galapagos","10":"first","11":"outofstock","12":"taxable","13":"shipping-taxable","14":"product-type-tour"},"yoast_head":"<!-- This site is optimized with the Yoast SEO Premium plugin v25.6 (Yoast SEO v26.1.1) - https:\/\/yoast.com\/wordpress\/plugins\/seo\/ -->\n<title>M\/Y Cruzeiro Sea Star Gal\u00e1pagos | Cruzeiro De Luxo<\/title>\n<meta name=\"description\" content=\"A Cruzeiro Sea Star Journey Galapagos Cruise tem uma equipe amig\u00e1vel e profissional que cuidar\u00e1 de fazer de sua viagem a Gal\u00e1pagos a melhor experi\u00eancia.\" \/>\n<meta name=\"robots\" content=\"index, follow, max-snippet:-1, max-image-preview:large, max-video-preview:-1\" \/>\n<link rel=\"canonical\" href=\"https:\/\/naturegalapagos.com\/br\/cruzeiros-galapagos\/cruzeiro-de-luxo\/cruzeiro-sea-star-galapagos\/\" \/>\n<meta property=\"og:locale\" content=\"pt_BR\" \/>\n<meta property=\"og:type\" content=\"article\" \/>\n<meta property=\"og:title\" content=\"6 Dias Magia de Isabela | Pacotes para Gal\u00e1pagos\" \/>\n<meta property=\"og:description\" content=\"Pacotes Ilhas Gal\u00e1pagos 5 dias em Isabela e Santa Cruz. 2 ilhas, tudo inclu\u00eddo para a sua viagem, ligue para 593 22908725. N\u00f3s organizamos sua excurs\u00e3o!\" \/>\n<meta property=\"og:url\" content=\"https:\/\/naturegalapagos.com\/br\/cruzeiros-galapagos\/cruzeiro-de-luxo\/cruzeiro-sea-star-galapagos\/\" \/>\n<meta property=\"og:site_name\" content=\"Portugu\u00eas - Nature Galapagos &amp; Ecuador\" \/>\n<meta property=\"article:publisher\" content=\"https:\/\/www.facebook.com\/naturegalapagosecuador\/\" \/>\n<meta property=\"article:modified_time\" content=\"2025-06-11T20:45:28+00:00\" \/>\n<meta property=\"og:image\" content=\"https:\/\/naturegalapagos.com\/br\/wp-content\/uploads\/sites\/8\/2018\/10\/Cruzeiro-sea-star-galapagos-feat.jpg\" \/>\n\t<meta property=\"og:image:width\" content=\"1024\" \/>\n\t<meta property=\"og:image:height\" content=\"512\" \/>\n\t<meta property=\"og:image:type\" content=\"image\/jpeg\" \/>\n<meta name=\"twitter:card\" content=\"summary_large_image\" \/>\n<meta name=\"twitter:title\" content=\"6 Dias Magia de Isabela | Pacotes para Gal\u00e1pagos\" \/>\n<meta name=\"twitter:description\" content=\"Pacotes Ilhas Gal\u00e1pagos 5 dias em Isabela e Santa Cruz. 2 ilhas, tudo inclu\u00eddo para a sua viagem, ligue para 593 22908725. N\u00f3s organizamos sua excurs\u00e3o!\" \/>\n<meta name=\"twitter:site\" content=\"@naturegalapagos\" \/>\n<meta name=\"twitter:label1\" content=\"Est. reading time\" \/>\n\t<meta name=\"twitter:data1\" content=\"3 minutes\" \/>\n<!-- \/ Yoast SEO Premium plugin. -->","yoast_head_json":{"title":"M\/Y Cruzeiro Sea Star Gal\u00e1pagos | Cruzeiro De Luxo","description":"A Cruzeiro Sea Star Journey Galapagos Cruise tem uma equipe amig\u00e1vel e profissional que cuidar\u00e1 de fazer de sua viagem a Gal\u00e1pagos a melhor experi\u00eancia.","robots":{"index":"index","follow":"follow","max-snippet":"max-snippet:-1","max-image-preview":"max-image-preview:large","max-video-preview":"max-video-preview:-1"},"canonical":"https:\/\/naturegalapagos.com\/br\/cruzeiros-galapagos\/cruzeiro-de-luxo\/cruzeiro-sea-star-galapagos\/","og_locale":"pt_BR","og_type":"article","og_title":"6 Dias Magia de Isabela | Pacotes para Gal\u00e1pagos","og_description":"Pacotes Ilhas Gal\u00e1pagos 5 dias em Isabela e Santa Cruz. 2 ilhas, tudo inclu\u00eddo para a sua viagem, ligue para 593 22908725. N\u00f3s organizamos sua excurs\u00e3o!","og_url":"https:\/\/naturegalapagos.com\/br\/cruzeiros-galapagos\/cruzeiro-de-luxo\/cruzeiro-sea-star-galapagos\/","og_site_name":"Portugu\u00eas - Nature Galapagos &amp; Ecuador","article_publisher":"https:\/\/www.facebook.com\/naturegalapagosecuador\/","article_modified_time":"2025-06-11T20:45:28+00:00","og_image":[{"width":1024,"height":512,"url":"https:\/\/naturegalapagos.com\/br\/wp-content\/uploads\/sites\/8\/2018\/10\/Cruzeiro-sea-star-galapagos-feat.jpg","type":"image\/jpeg"}],"twitter_card":"summary_large_image","twitter_title":"6 Dias Magia de Isabela | Pacotes para Gal\u00e1pagos","twitter_description":"Pacotes Ilhas Gal\u00e1pagos 5 dias em Isabela e Santa Cruz. 2 ilhas, tudo inclu\u00eddo para a sua viagem, ligue para 593 22908725. N\u00f3s organizamos sua excurs\u00e3o!","twitter_site":"@naturegalapagos","twitter_misc":{"Est. reading time":"3 minutes"},"schema":{"@context":"https:\/\/schema.org","@graph":[{"@type":"WebPage","@id":"https:\/\/naturegalapagos.com\/br\/cruzeiros-galapagos\/cruzeiro-de-luxo\/cruzeiro-sea-star-galapagos\/","url":"https:\/\/naturegalapagos.com\/br\/cruzeiros-galapagos\/cruzeiro-de-luxo\/cruzeiro-sea-star-galapagos\/","name":"M\/Y Cruzeiro Sea Star Gal\u00e1pagos | Cruzeiro De Luxo","isPartOf":{"@id":"https:\/\/naturegalapagos.com\/br\/#website"},"primaryImageOfPage":{"@id":"https:\/\/naturegalapagos.com\/br\/cruzeiros-galapagos\/cruzeiro-de-luxo\/cruzeiro-sea-star-galapagos\/#primaryimage"},"image":{"@id":"https:\/\/naturegalapagos.com\/br\/cruzeiros-galapagos\/cruzeiro-de-luxo\/cruzeiro-sea-star-galapagos\/#primaryimage"},"thumbnailUrl":"https:\/\/naturegalapagos.com\/br\/wp-content\/uploads\/sites\/8\/2018\/10\/Cruzeiro-sea-star-galapagos-feat.jpg","datePublished":"2018-10-29T20:17:06+00:00","dateModified":"2025-06-11T20:45:28+00:00","description":"A Cruzeiro Sea Star Journey Galapagos Cruise tem uma equipe amig\u00e1vel e profissional que cuidar\u00e1 de fazer de sua viagem a Gal\u00e1pagos a melhor experi\u00eancia.","breadcrumb":{"@id":"https:\/\/naturegalapagos.com\/br\/cruzeiros-galapagos\/cruzeiro-de-luxo\/cruzeiro-sea-star-galapagos\/#breadcrumb"},"inLanguage":"pt-BR","potentialAction":[{"@type":"ReadAction","target":["https:\/\/naturegalapagos.com\/br\/cruzeiros-galapagos\/cruzeiro-de-luxo\/cruzeiro-sea-star-galapagos\/"]}]},{"@type":"ImageObject","inLanguage":"pt-BR","@id":"https:\/\/naturegalapagos.com\/br\/cruzeiros-galapagos\/cruzeiro-de-luxo\/cruzeiro-sea-star-galapagos\/#primaryimage","url":"https:\/\/naturegalapagos.com\/br\/wp-content\/uploads\/sites\/8\/2018\/10\/Cruzeiro-sea-star-galapagos-feat.jpg","contentUrl":"https:\/\/naturegalapagos.com\/br\/wp-content\/uploads\/sites\/8\/2018\/10\/Cruzeiro-sea-star-galapagos-feat.jpg","width":1024,"height":512,"caption":"Cruzeiro sea star galapagos feat"},{"@type":"BreadcrumbList","@id":"https:\/\/naturegalapagos.com\/br\/cruzeiros-galapagos\/cruzeiro-de-luxo\/cruzeiro-sea-star-galapagos\/#breadcrumb","itemListElement":[{"@type":"ListItem","position":1,"name":"Home","item":"https:\/\/naturegalapagos.com\/br\/"},{"@type":"ListItem","position":2,"name":"Shop","item":"https:\/\/naturegalapagos.com\/br\/shop\/"},{"@type":"ListItem","position":3,"name":"M\/Y Cruzeiro Sea Star Gal\u00e1pagos"}]},{"@type":"WebSite","@id":"https:\/\/naturegalapagos.com\/br\/#website","url":"https:\/\/naturegalapagos.com\/br\/","name":"Portugu\u00eas - Nature Galapagos & Ecuador","description":"Portugu\u00eas - Nature Galapagos &amp; Ecuador","potentialAction":[{"@type":"SearchAction","target":{"@type":"EntryPoint","urlTemplate":"https:\/\/naturegalapagos.com\/br\/?s={search_term_string}"},"query-input":{"@type":"PropertyValueSpecification","valueRequired":true,"valueName":"search_term_string"}}],"inLanguage":"pt-BR"}]}},"_links":{"self":[{"href":"https:\/\/naturegalapagos.com\/br\/wp-json\/wp\/v2\/product\/1343","targetHints":{"allow":["GET"]}}],"collection":[{"href":"https:\/\/naturegalapagos.com\/br\/wp-json\/wp\/v2\/product"}],"about":[{"href":"https:\/\/naturegalapagos.com\/br\/wp-json\/wp\/v2\/types\/product"}],"replies":[{"embeddable":true,"href":"https:\/\/naturegalapagos.com\/br\/wp-json\/wp\/v2\/comments?post=1343"}],"wp:featuredmedia":[{"embeddable":true,"href":"https:\/\/naturegalapagos.com\/br\/wp-json\/wp\/v2\/media\/1348"}],"wp:attachment":[{"href":"https:\/\/naturegalapagos.com\/br\/wp-json\/wp\/v2\/media?parent=1343"}],"wp:term":[{"taxonomy":"product_brand","embeddable":true,"href":"https:\/\/naturegalapagos.com\/br\/wp-json\/wp\/v2\/product_brand?post=1343"},{"taxonomy":"product_cat","embeddable":true,"href":"https:\/\/naturegalapagos.com\/br\/wp-json\/wp\/v2\/product_cat?post=1343"},{"taxonomy":"product_tag","embeddable":true,"href":"https:\/\/naturegalapagos.com\/br\/wp-json\/wp\/v2\/product_tag?post=1343"}],"curies":[{"name":"wp","href":"https:\/\/api.w.org\/{rel}","templated":true}]}}