{"id":1831,"date":"2015-01-09T19:26:34","date_gmt":"2015-01-09T19:26:34","guid":{"rendered":"http:\/\/naturegalapagos.com\/es\/?page_id=1831"},"modified":"2025-11-17T16:22:21","modified_gmt":"2025-11-17T21:22:21","slug":"cruceros-galapagos","status":"publish","type":"page","link":"https:\/\/naturegalapagos.com\/es\/cruceros-galapagos\/","title":{"rendered":"Cruceros en Gal\u00e1pagos, selecci\u00f3n de yates en las Islas."},"content":{"rendered":"<div class=\"wpb-content-wrapper\"><p>[vc_row][vc_column][vc_column_text]<\/p>\n<h2><span style=\"font-family: arial, helvetica, sans-serif;\"><strong>Selecci\u00f3n de cruceros en gal\u00e1pagos<\/strong><\/span><\/h2>\n<hr \/>\n<p><span style=\"font-size: 16px; font-family: arial, helvetica, sans-serif;\">Hemos seleccionado los mejores <strong>cruceros en gal\u00e1pagos<em>\u00a0<\/em><\/strong>para usted considerando la mas alta exigencias en calidad, seguridad y el confort. Para que su estancia en estos barcos sea nada menos que espectacular durante su visita a las maravillosas Islas Gal\u00e1pagos. Nuestros cruceros en Gal\u00e1pagos se dividen en 5 categor\u00edas para hacer mas f\u00e1cil su elecci\u00f3n: <em><strong>*Cruceros de Lujo<\/strong><\/em> \u00a0 <em><strong>*Cruceros Primera Clase *Cruceros Turista Superior *Cruceros Econ\u00f3micos<\/strong><\/em><\/span><\/p>\n<p><span style=\"font-size: 16px; font-family: arial, helvetica, sans-serif;\"><strong>Las islas Gal\u00e1pagos siempre\u00a0ser\u00e1n\u00a0su mejor opci\u00f3n al momento de\u00a0escoger\u00a0un destino.<\/strong><\/span>[\/vc_column_text][\/vc_column][\/vc_row][vc_row][vc_column width=&#8221;1\/2&#8243; css=&#8221;.vc_custom_1464124946062&#8243;]<div class=\"title title--center title--underline title--decoration-bottom-center\">\n\t<div class=\"title__subtitle\">Gal\u00e1pagos Cruceros de Lujo<\/div>\n<h3 class=\"title__primary\"><a href=\"https:\/\/naturegalapagos.com\/es\/cruceros-lujo-galapagos\/\" style=\"color:inherit;border:none;\"><\/a><\/h3><\/div>\n[vc_single_image image=&#8221;1840&#8243; img_size=&#8221;full&#8221; onclick=&#8221;custom_link&#8221; link=&#8221;http:\/\/naturegalapagos.com\/es\/cruceros-lujo-galapagos\/&#8221;][\/vc_column][vc_column width=&#8221;1\/2&#8243; css=&#8221;.vc_custom_1464124955120&#8243;]<div class=\"title title--center title--underline title--decoration-bottom-center\">\n\t<div class=\"title__subtitle\">Gal\u00e1pagos Cruceros Primera Clase<\/div>\n<h3 class=\"title__primary\"><a href=\"https:\/\/naturegalapagos.com\/es\/cruceros-primera-clase-galapagos\/\" style=\"color:inherit;border:none;\"><\/a><\/h3><\/div>\n[vc_single_image image=&#8221;1841&#8243; img_size=&#8221;full&#8221; onclick=&#8221;custom_link&#8221; link=&#8221;http:\/\/naturegalapagos.com\/es\/cruceros-primera-clase-galapagos\/&#8221;][\/vc_column][\/vc_row][vc_row][vc_column width=&#8221;1\/2&#8243; css=&#8221;.vc_custom_1464124946062&#8243;]<div class=\"title title--center title--underline title--decoration-bottom-center\">\n\t<div class=\"title__subtitle\">Gal\u00e1pagos Cruceros Turista Superior<\/div>\n<h3 class=\"title__primary\"><a href=\"https:\/\/naturegalapagos.com\/es\/cruceros-turista-superior-galapagos\/\" style=\"color:inherit;border:none;\"><\/a><\/h3><\/div>\n[vc_single_image image=&#8221;1842&#8243; img_size=&#8221;full&#8221; onclick=&#8221;custom_link&#8221; link=&#8221;http:\/\/naturegalapagos.com\/es\/cruceros-turista-superior-galapagos\/&#8221;][\/vc_column][vc_column width=&#8221;1\/2&#8243;]<div class=\"title title--center title--underline title--decoration-bottom-center\">\n\t<div class=\"title__subtitle\">Gal\u00e1pagos Cruceros Econ\u00f3micos<\/div>\n<h3 class=\"title__primary\"><a href=\"https:\/\/naturegalapagos.com\/es\/cruceros-economicos-galapagos\/\" style=\"color:inherit;border:none;\"><\/a><\/h3><\/div>\n[vc_single_image image=&#8221;1843&#8243; img_size=&#8221;full&#8221; onclick=&#8221;custom_link&#8221; link=&#8221;http:\/\/naturegalapagos.com\/es\/cruceros-economicos-galapagos\/&#8221;][\/vc_column][\/vc_row][vc_row][vc_column width=&#8221;1\/4&#8243; css=&#8221;.vc_custom_1464124946062&#8243;][\/vc_column][vc_column width=&#8221;2\/4&#8243; css=&#8221;.vc_custom_1464124955120&#8243;]<div class=\"title title--center title--underline title--decoration-bottom-center\">\n\t<div class=\"title__subtitle\">Gal\u00e1pagos Cruceros Buceo<\/div>\n<h3 class=\"title__primary\"><a href=\"https:\/\/naturegalapagos.com\/es\/cruceros-buceo-galapagos\/\" style=\"color:inherit;border:none;\"><\/a><\/h3><\/div>\n[vc_single_image image=&#8221;1857&#8243; img_size=&#8221;full&#8221; onclick=&#8221;custom_link&#8221; link=&#8221;http:\/\/naturegalapagos.com\/es\/cruceros-buceo-galapagos\/&#8221;][\/vc_column][vc_column width=&#8221;1\/4&#8243;][\/vc_column][\/vc_row][vc_row][vc_column][vc_column_text]<\/p>\n<h2><span style=\"font-size: 20px; font-family: arial, helvetica, sans-serif;\"><strong>Cruceros en Gal\u00e1pagos Informaci\u00f3n<\/strong><\/span><\/h2>\n<p><span style=\"font-size: 16px; font-family: arial, helvetica, sans-serif;\">Tenga en cuenta que todos los cruceros en Gal\u00e1pagos comienzan con un vuelo en la ma\u00f1ana que sale desde Quito o Guayaquil, en el d\u00eda uno y el \u00faltimo d\u00eda termina con un vuelo de vuelta alrededor del mediod\u00eda. Todos los cruceros en Gal\u00e1pagos cumplen con los est\u00e1ndares internacionales de seguridad, los yates de superior categor\u00eda suelen tener el mejor equipamiento en lo que se refiere a confort de los pasajeros.<\/span><\/p>\n<h3><span style=\"font-size: 16px; font-family: arial, helvetica, sans-serif;\"><strong>Los Cruceros de Lujo y Cruceros Primera Clase<\/strong><\/span><\/h3>\n<p><span style=\"font-size: 16px; font-family: arial, helvetica, sans-serif;\">Ofrecen cabinas dobles con aire acondicionado, ba\u00f1o privado con agua caliente, zonas de descanso, gu\u00edas naturalistas biling\u00fces de nivel II o nivel III.\u00a0 Estos barcos tambi\u00e9n brindan servicios de los m\u00e1s altos est\u00e1ndares de calidad. Se recomienda que aquellos que buscan una experiencia de lujo y de mayor confort durante sus vacaciones en Gal\u00e1pagos escojan cualquiera de estas categor\u00edas que se ajustan a sus necesidades.<\/span><\/p>\n<h3><span style=\"font-size: 16px; font-family: arial, helvetica, sans-serif;\"><strong>Los Cruceros de Clase Turista y Cruceros Turista<\/strong><\/span><\/h3>\n<p><span style=\"font-size: 16px; font-family: arial, helvetica, sans-serif;\">Son generalmente m\u00e1s peque\u00f1os, la cabinas menos espaciosas, y no poseen \u00e1reas sociales. Sin embargo, es importante recordar que el incre\u00edble paisaje y la vida silvestre de las Gal\u00e1pagos ser\u00e1 siempre la misma sin importar qu\u00e9 clase de barco usted elija!.<\/span><\/p>\n<h3><span style=\"font-size: 16px; font-family: arial, helvetica, sans-serif;\"><strong>Los cruceros Econ\u00f3micos<\/strong><\/span><\/h3>\n<p><span style=\"font-size: 16px; font-family: arial, helvetica, sans-serif;\">Son una buena opci\u00f3n para las personas que viajan con poco presupuesto, los barcos son m\u00e1s peque\u00f1os, en algunos \u00a0de estos yates se comparten los ba\u00f1os, las \u00e1reas sociales son m\u00e1s peque\u00f1as o no tienen, los espacios son peque\u00f1os, no por esto deja de ser una experiencia muy agradable la visita a las islas. Tenga en cuenta que es necesario informar con anticipaci\u00f3n de las necesidades diet\u00e9ticas y preferencias alimenticias antes del inicio del tour.<\/span>[\/vc_column_text][\/vc_column][\/vc_row][vc_row][vc_column][vc_column_text]<\/p>\n<p style=\"text-align: center;\"><span style=\"font-size: 8pt;\"><strong>NOTA:<\/strong> Tenga en cuenta que todos los cruceros de Gal\u00e1pagos deben empezar con un vuelo por la ma\u00f1ana desde Quito o Guayaquil en el primer d\u00eda, y terminan con un vuelo de vuelta alrededor del mediod\u00eda en ultimo d\u00eda. Todos los barcos de crucero Gal\u00e1pagos cumplen con las normas internacionales de seguridad, y los yates de mejor\u00a0categor\u00eda por lo general tienen el mejor equipo de seguridad.<\/span><\/p>\n<p>[\/vc_column_text][\/vc_column][\/vc_row][vc_row][vc_column][vc_raw_html css=&#8221;&#8221;]JTVCdHJ1c3RpbmRleCUyMG5vLXJlZ2lzdHJhdGlvbiUzRHRyaXBhZHZpc29yJTVE[\/vc_raw_html][vc_column_text css=&#8221;&#8221;]<div class=\"share-buttons\" data-urlshare=\"https:\/\/naturegalapagos.com\/es\/cruceros-galapagos\/\" data-imageshare=\"\"><div class=\"share-buttons__item share-buttons__item--facebook\" data-btntype=\"facebook\"><\/div><div class=\"share-buttons__item share-buttons__item--twitter\" data-btntype=\"twitter\"><\/div><div class=\"share-buttons__item share-buttons__item--stumbleupon\" data-btntype=\"stumbleupon\"><\/div><div class=\"share-buttons__item share-buttons__item--linkedin\" data-btntype=\"linkedin\"><\/div><div class=\"share-buttons__item share-buttons__item--pinterest\" data-btntype=\"pinterest\"><\/div><div class=\"share-buttons__item share-buttons__item--vk\" data-btntype=\"vk\"><\/div><\/div>[\/vc_column_text][\/vc_column][\/vc_row]<\/p>\n<\/div>","protected":false},"excerpt":{"rendered":"<p>[vc_row][vc_column][vc_column_text] Selecci\u00f3n de cruceros en gal\u00e1pagos Hemos seleccionado los mejores cruceros en gal\u00e1pagos\u00a0para usted considerando la mas alta exigencias en calidad, seguridad y el confort. Para que su estancia en estos barcos sea nada menos que espectacular durante su visita a las maravillosas Islas Gal\u00e1pagos. Nuestros cruceros en Gal\u00e1pagos se dividen en 5 categor\u00edas para<\/p>\n<div class=\"padding-top text-center\"><a href=\"https:\/\/naturegalapagos.com\/es\/cruceros-galapagos\/\" class=\"atbtn atbtn--medium atbtn--rounded atbtn--transparent\">Leer m\u00e1s<i class=\"atbtn__icon atbtn__icon--right fa fa-long-arrow-right\"><\/i><\/a><\/div>\n","protected":false},"author":2,"featured_media":0,"parent":0,"menu_order":0,"comment_status":"closed","ping_status":"closed","template":"","meta":{"_joinchat":[],"footnotes":""},"class_list":["post-1831","page","type-page","status-publish","hentry"],"yoast_head":"<!-- This site is optimized with the Yoast SEO Premium plugin v25.6 (Yoast SEO v26.1.1) - https:\/\/yoast.com\/wordpress\/plugins\/seo\/ -->\n<title>Cruceros en Gal\u00e1pagos, escoja uno de estos yates para su viaje.<\/title>\n<meta name=\"description\" content=\"Los mejores precios de Cruceros en Gal\u00e1pagos contamos con una amplia selecci\u00f3n de los mejores yates en Gal\u00e1pagos, veleros y Catamaranes.Para su viaje\" \/>\n<meta name=\"robots\" content=\"index, follow, max-snippet:-1, max-image-preview:large, max-video-preview:-1\" \/>\n<link rel=\"canonical\" href=\"https:\/\/naturegalapagos.com\/es\/cruceros-galapagos\/\" \/>\n<meta property=\"og:locale\" content=\"es_ES\" \/>\n<meta property=\"og:type\" content=\"article\" \/>\n<meta property=\"og:title\" content=\"Cruceros en Gal\u00e1pagos, escoja uno de estos yates para su viaje.\" \/>\n<meta property=\"og:description\" content=\"Los mejores precios de Cruceros en Gal\u00e1pagos contamos con una amplia selecci\u00f3n de los mejores yates en Gal\u00e1pagos, veleros y Catamaranes.Para su viaje\" \/>\n<meta property=\"og:url\" content=\"https:\/\/naturegalapagos.com\/es\/cruceros-galapagos\/\" \/>\n<meta property=\"og:site_name\" content=\"Espa\u00f1ol - Nature Galapagos &amp; Ecuador\" \/>\n<meta property=\"article:publisher\" content=\"https:\/\/www.facebook.com\/naturegalapagosecuador\/\" \/>\n<meta property=\"article:modified_time\" content=\"2025-11-17T21:22:21+00:00\" \/>\n<meta property=\"og:image\" content=\"https:\/\/naturegalapagos.com\/es\/wp-content\/uploads\/sites\/3\/2016\/07\/Cruceros-de-Primera-Clase-en-Galapagos.jpg\" \/>\n\t<meta property=\"og:image:width\" content=\"1920\" \/>\n\t<meta property=\"og:image:height\" content=\"400\" \/>\n\t<meta property=\"og:image:type\" content=\"image\/jpeg\" \/>\n<meta name=\"twitter:card\" content=\"summary_large_image\" \/>\n<meta name=\"twitter:title\" content=\"Cruceros en Gal\u00e1pagos, escoja uno de estos yates para su viaje.\" \/>\n<meta name=\"twitter:description\" content=\"Los mejores precios de Cruceros en Gal\u00e1pagos contamos con una amplia selecci\u00f3n de los mejores yates en Gal\u00e1pagos, veleros y Catamaranes.Para su viaje\" \/>\n<meta name=\"twitter:site\" content=\"@naturegalapagos\" \/>\n<meta name=\"twitter:label1\" content=\"Tiempo de lectura\" \/>\n\t<meta name=\"twitter:data1\" content=\"4 minutos\" \/>\n<!-- \/ Yoast SEO Premium plugin. -->","yoast_head_json":{"title":"Cruceros en Gal\u00e1pagos, escoja uno de estos yates para su viaje.","description":"Los mejores precios de Cruceros en Gal\u00e1pagos contamos con una amplia selecci\u00f3n de los mejores yates en Gal\u00e1pagos, veleros y Catamaranes.Para su viaje","robots":{"index":"index","follow":"follow","max-snippet":"max-snippet:-1","max-image-preview":"max-image-preview:large","max-video-preview":"max-video-preview:-1"},"canonical":"https:\/\/naturegalapagos.com\/es\/cruceros-galapagos\/","og_locale":"es_ES","og_type":"article","og_title":"Cruceros en Gal\u00e1pagos, escoja uno de estos yates para su viaje.","og_description":"Los mejores precios de Cruceros en Gal\u00e1pagos contamos con una amplia selecci\u00f3n de los mejores yates en Gal\u00e1pagos, veleros y Catamaranes.Para su viaje","og_url":"https:\/\/naturegalapagos.com\/es\/cruceros-galapagos\/","og_site_name":"Espa\u00f1ol - Nature Galapagos &amp; Ecuador","article_publisher":"https:\/\/www.facebook.com\/naturegalapagosecuador\/","article_modified_time":"2025-11-17T21:22:21+00:00","og_image":[{"width":1920,"height":400,"url":"https:\/\/naturegalapagos.com\/es\/wp-content\/uploads\/sites\/3\/2016\/07\/Cruceros-de-Primera-Clase-en-Galapagos.jpg","type":"image\/jpeg"}],"twitter_card":"summary_large_image","twitter_title":"Cruceros en Gal\u00e1pagos, escoja uno de estos yates para su viaje.","twitter_description":"Los mejores precios de Cruceros en Gal\u00e1pagos contamos con una amplia selecci\u00f3n de los mejores yates en Gal\u00e1pagos, veleros y Catamaranes.Para su viaje","twitter_site":"@naturegalapagos","twitter_misc":{"Tiempo de lectura":"4 minutos"},"schema":{"@context":"https:\/\/schema.org","@graph":[{"@type":"WebPage","@id":"https:\/\/naturegalapagos.com\/es\/cruceros-galapagos\/","url":"https:\/\/naturegalapagos.com\/es\/cruceros-galapagos\/","name":"Cruceros en Gal\u00e1pagos, escoja uno de estos yates para su viaje.","isPartOf":{"@id":"https:\/\/naturegalapagos.com\/es\/#website"},"datePublished":"2015-01-09T19:26:34+00:00","dateModified":"2025-11-17T21:22:21+00:00","description":"Los mejores precios de Cruceros en Gal\u00e1pagos contamos con una amplia selecci\u00f3n de los mejores yates en Gal\u00e1pagos, veleros y Catamaranes.Para su viaje","breadcrumb":{"@id":"https:\/\/naturegalapagos.com\/es\/cruceros-galapagos\/#breadcrumb"},"inLanguage":"es","potentialAction":[{"@type":"ReadAction","target":["https:\/\/naturegalapagos.com\/es\/cruceros-galapagos\/"]}]},{"@type":"BreadcrumbList","@id":"https:\/\/naturegalapagos.com\/es\/cruceros-galapagos\/#breadcrumb","itemListElement":[{"@type":"ListItem","position":1,"name":"Home","item":"https:\/\/naturegalapagos.com\/es\/"},{"@type":"ListItem","position":2,"name":"Cruceros en Gal\u00e1pagos, selecci\u00f3n de yates en las Islas."}]},{"@type":"WebSite","@id":"https:\/\/naturegalapagos.com\/es\/#website","url":"https:\/\/naturegalapagos.com\/es\/","name":"Espa\u00f1ol - Nature Galapagos & Ecuador","description":"","publisher":{"@id":"https:\/\/naturegalapagos.com\/es\/#organization"},"potentialAction":[{"@type":"SearchAction","target":{"@type":"EntryPoint","urlTemplate":"https:\/\/naturegalapagos.com\/es\/?s={search_term_string}"},"query-input":{"@type":"PropertyValueSpecification","valueRequired":true,"valueName":"search_term_string"}}],"inLanguage":"es"},{"@type":"Organization","@id":"https:\/\/naturegalapagos.com\/es\/#organization","name":"Espa\u00f1ol - Nature Galapagos & Ecuador","url":"https:\/\/naturegalapagos.com\/es\/","logo":{"@type":"ImageObject","inLanguage":"es","@id":"https:\/\/naturegalapagos.com\/es\/#\/schema\/logo\/image\/","url":"https:\/\/naturegalapagos.com\/es\/wp-content\/uploads\/sites\/3\/2016\/10\/Nature-Galapagos-Logo-COM-300x300.jpg","contentUrl":"https:\/\/naturegalapagos.com\/es\/wp-content\/uploads\/sites\/3\/2016\/10\/Nature-Galapagos-Logo-COM-300x300.jpg","width":300,"height":300,"caption":"Espa\u00f1ol - Nature Galapagos & Ecuador"},"image":{"@id":"https:\/\/naturegalapagos.com\/es\/#\/schema\/logo\/image\/"},"sameAs":["https:\/\/www.facebook.com\/naturegalapagosecuador\/","https:\/\/x.com\/naturegalapagos","https:\/\/www.instagram.com\/naturegalapagos\/","https:\/\/www.pinterest.com\/Naturegalapagos\/","https:\/\/www.youtube.com\/user\/NatureGalapagosTours"]}]}},"_links":{"self":[{"href":"https:\/\/naturegalapagos.com\/es\/wp-json\/wp\/v2\/pages\/1831","targetHints":{"allow":["GET"]}}],"collection":[{"href":"https:\/\/naturegalapagos.com\/es\/wp-json\/wp\/v2\/pages"}],"about":[{"href":"https:\/\/naturegalapagos.com\/es\/wp-json\/wp\/v2\/types\/page"}],"author":[{"embeddable":true,"href":"https:\/\/naturegalapagos.com\/es\/wp-json\/wp\/v2\/users\/2"}],"replies":[{"embeddable":true,"href":"https:\/\/naturegalapagos.com\/es\/wp-json\/wp\/v2\/comments?post=1831"}],"version-history":[{"count":0,"href":"https:\/\/naturegalapagos.com\/es\/wp-json\/wp\/v2\/pages\/1831\/revisions"}],"wp:attachment":[{"href":"https:\/\/naturegalapagos.com\/es\/wp-json\/wp\/v2\/media?parent=1831"}],"curies":[{"name":"wp","href":"https:\/\/api.w.org\/{rel}","templated":true}]}}