{"id":1889,"date":"2024-08-27T16:04:02","date_gmt":"2024-08-27T20:04:02","guid":{"rendered":"http:\/\/naturegalapagos.com\/es\/?page_id=1889"},"modified":"2025-11-17T17:08:22","modified_gmt":"2025-11-17T22:08:22","slug":"ecuador-tours","status":"publish","type":"page","link":"https:\/\/naturegalapagos.com\/es\/ecuador-tours\/","title":{"rendered":"Ecuador Tours"},"content":{"rendered":"<div class=\"wpb-content-wrapper\"><p>[vc_row][vc_column][vc_column_text]<\/p>\n<h2><strong>ECUADOR TOURS: PAQUETES Y TOURS DE UN D\u00cdA<\/strong><\/h2>\n<hr \/>\n<p>En nuestra secci\u00f3n de <strong>Ecuador Tours<\/strong> encontrar\u00e1s <strong>todas las modalidades de viaje para descubrir Ecuador.<\/strong><\/p>\n<p><span style=\"font-size: 16px;\">A continuaci\u00f3n, se <\/span>incluye <strong>todos nuestros viajes<\/strong> personalizables <strong>a varios lugares en <\/strong>Ecuador:<\/p>\n<ul>\n<li><a href=\"https:\/\/naturegalapagos.com\/es\/quito-turismo\/\" target=\"_blank\" rel=\"noopener\">Excursiones de un d\u00eda desde Quito<\/a><\/li>\n<li><a href=\"https:\/\/naturegalapagos.com\/es\/ecuador-tours\/\" target=\"_blank\" rel=\"noopener\">Excursiones de un d\u00eda desde Cuenca<\/a><\/li>\n<li><a href=\"https:\/\/naturegalapagos.com\/es\/ecuador-tours\/\" target=\"_blank\" rel=\"noopener\">Tours y Lodges en la Selva Amaz\u00f3nica Ecuatoriana<\/a><\/li>\n<li><a href=\"https:\/\/naturegalapagos.com\/es\/costa-ecuatoriana\/\" target=\"_blank\" rel=\"noopener\">Tours en la Costa Ecuatoriana<\/a><\/li>\n<li><a href=\"https:\/\/naturegalapagos.com\/es\/vacaciones-ecuador-paquetes-especiales-sierra-galapagos-y-amazonia\/\" target=\"_blank\" rel=\"noopener\">Paquetes Especiales de Ecuador: Sierra, Gal\u00e1pagos y Amazon\u00eda<\/a><\/li>\n<li><a href=\"https:\/\/naturegalapagos.com\/es\/tren-crucero-ecuador\/\" target=\"_blank\" rel=\"noopener\">Tours en el Tren de Crucero<\/a> (3 &#8211; 4 d\u00edas)<\/li>\n<li><a href=\"https:\/\/naturegalapagos.com\/es\/tren-ecuador\/\" target=\"_blank\" rel=\"noopener\">Tren Ecuador<\/a> (Tours de 1 D\u00eda)<\/li>\n<li><a href=\"https:\/\/naturegalapagos.com\/es\/ecuador-tours\/mindo\/\" target=\"_blank\" rel=\"noopener\">Tours y Lodges en Mindo<\/a><\/li>\n<\/ul>\n<p>Aunque Ecuador es el m\u00e1s peque\u00f1o de sus vecinos en Am\u00e9rica del Sur, cu<strong>enta con un rico patrimonio cultural, ex\u00f3tica belleza natural, deliciosa cocina, variadas especies de orqu\u00eddeas y una serie de volcanes activo<\/strong>s. Ecuador es perfecto para\u00a0 <strong>armar un paquete completo<\/strong> para personas de todas las edades. .<\/p>\n<p>De la misma manera, hemos <strong>dise\u00f1ado cuidadosamente paquetes de vacaciones en de Ecuador s\u00faper aut\u00e9nticos y completos<\/strong>. As\u00ed mismo, tienes itinerarios variados y personalizables para adaptarse a las preferencias y presupuestos de todos nuestros viajeros. \u00a1\u00c9chales un vistazo!<\/p>\n<p>[\/vc_column_text][\/vc_column][\/vc_row][vc_row][vc_column width=&#8221;1\/3&#8243; css=&#8221;.vc_custom_1464128784796{margin-right: 20px !important;}&#8221;][vc_single_image image=&#8221;1892&#8243; img_size=&#8221;full&#8221; onclick=&#8221;custom_link&#8221; link=&#8221;https:\/\/naturegalapagos.com\/es\/quito-turismo\/&#8221;][\/vc_column][vc_column width=&#8221;1\/3&#8243; css=&#8221;.vc_custom_1464128793219{margin-right: 20px !important;margin-left: 20px !important;}&#8221;][vc_single_image image=&#8221;1894&#8243; img_size=&#8221;full&#8221; onclick=&#8221;custom_link&#8221; link=&#8221;https:\/\/naturegalapagos.com\/es\/amazonia-ecuatoriana\/&#8221;][\/vc_column][vc_column width=&#8221;1\/3&#8243; css=&#8221;.vc_custom_1464128798716{margin-left: 20px !important;}&#8221;][vc_single_image image=&#8221;1893&#8243; img_size=&#8221;full&#8221; onclick=&#8221;custom_link&#8221; link=&#8221;https:\/\/naturegalapagos.com\/es\/costa-ecuatoriana\/&#8221;][\/vc_column][\/vc_row][vc_row][vc_column][vc_empty_space height=&#8221;20&#8243;][\/vc_column][\/vc_row][vc_row][vc_column width=&#8221;1\/3&#8243; css=&#8221;.vc_custom_1464128784796{margin-right: 20px !important;}&#8221;][vc_single_image image=&#8221;1895&#8243; img_size=&#8221;full&#8221; onclick=&#8221;custom_link&#8221; link=&#8221;https:\/\/naturegalapagos.com\/es\/vacaciones-ecuador-paquetes-especiales-sierra-galapagos-y-amazonia\/&#8221;][\/vc_column][vc_column width=&#8221;1\/3&#8243; css=&#8221;.vc_custom_1464128793219{margin-right: 20px !important;margin-left: 20px !important;}&#8221;][vc_single_image image=&#8221;1897&#8243; img_size=&#8221;full&#8221; onclick=&#8221;custom_link&#8221; link=&#8221;https:\/\/naturegalapagos.com\/es\/tren-ecuador\/&#8221;][\/vc_column][vc_column width=&#8221;1\/3&#8243; css=&#8221;.vc_custom_1464128798716{margin-left: 20px !important;}&#8221;][vc_single_image image=&#8221;1896&#8243; img_size=&#8221;full&#8221; onclick=&#8221;custom_link&#8221; link=&#8221;https:\/\/naturegalapagos.com\/es\/tren-crucero-ecuador\/&#8221;][\/vc_column][\/vc_row][vc_row][vc_column][vc_empty_space height=&#8221;20&#8243;][\/vc_column][\/vc_row][vc_row][vc_column width=&#8221;1\/3&#8243; css=&#8221;.vc_custom_1464128784796{margin-right: 20px !important;}&#8221;][vc_single_image image=&#8221;1898&#8243; img_size=&#8221;full&#8221; onclick=&#8221;custom_link&#8221; link=&#8221;https:\/\/naturegalapagos.com\/es\/cuenca-ecuador\/cuenca-tours\/&#8221;][\/vc_column][vc_column width=&#8221;1\/3&#8243; css=&#8221;.vc_custom_1464128793219{margin-right: 20px !important;margin-left: 20px !important;}&#8221;][vc_single_image image=&#8221;1899&#8243; img_size=&#8221;full&#8221; onclick=&#8221;custom_link&#8221; link=&#8221;https:\/\/naturegalapagos.com\/es\/ecuador-tours\/mindo\/&#8221;][\/vc_column][vc_column width=&#8221;1\/3&#8243; css=&#8221;.vc_custom_1464128798716{margin-left: 20px !important;}&#8221;][vc_single_image image=&#8221;4289&#8243; img_size=&#8221;full&#8221; onclick=&#8221;custom_link&#8221; link=&#8221;https:\/\/naturegalapagos.com\/es\/trek-ecuador\/&#8221;][\/vc_column][\/vc_row][vc_row][vc_column][vc_empty_space height=&#8221;20&#8243;][\/vc_column][\/vc_row][vc_row][vc_column][vc_column_text] <div class=\"share-buttons\" data-urlshare=\"https:\/\/naturegalapagos.com\/es\/ecuador-tours\/\" data-imageshare=\"\"><div class=\"share-buttons__item share-buttons__item--facebook\" data-btntype=\"facebook\"><\/div><div class=\"share-buttons__item share-buttons__item--twitter\" data-btntype=\"twitter\"><\/div><div class=\"share-buttons__item share-buttons__item--stumbleupon\" data-btntype=\"stumbleupon\"><\/div><div class=\"share-buttons__item share-buttons__item--linkedin\" data-btntype=\"linkedin\"><\/div><div class=\"share-buttons__item share-buttons__item--pinterest\" data-btntype=\"pinterest\"><\/div><div class=\"share-buttons__item share-buttons__item--vk\" data-btntype=\"vk\"><\/div><\/div> [\/vc_column_text][\/vc_column][\/vc_row][vc_row][vc_column][vc_empty_space height=&#8221;20&#8243;][\/vc_column][\/vc_row][vc_row][vc_column][vc_column_text]<\/p>\n<h2>M\u00e1s sobre nuestra secci\u00f3n de Ecuador Tours<\/h2>\n<hr \/>\n<p><span style=\"font-size: 16px;\"><em><strong>Ecuador Tours<\/strong><\/em> tambi\u00e9n ofrece opciones predise\u00f1adas diferente duraci\u00f3n. As\u00ed mismo, puedes seleccionar uno de estos programas o contactarnos para dise\u00f1ar un tour de acuerdo a tu necesidad.<\/span><\/p>\n<p><span style=\"font-size: 16px;\">En nuestra secci\u00f3n de <a href=\"https:\/\/naturegalapagos.com\/es\/quito-turismo\/\" target=\"_blank\" rel=\"noopener\"><strong>Quito Turismo<\/strong><\/a>\u00a0puedes encontrar tours como:<\/span><\/p>\n<table style=\"border-collapse: collapse; width: 100%; height: 120px;\">\n<tbody>\n<tr style=\"height: 24px;\">\n<td style=\"width: 50%; height: 24px;\"><a href=\"https:\/\/naturegalapagos.com\/es\/quito-turismo\/city-tour-mitad-del-mundo\/\" target=\"_blank\" rel=\"noopener\"><span style=\"font-size: 16px;\">City Tour en Quito<\/span><\/a><\/td>\n<td style=\"width: 50%; height: 24px;\"><span style=\"font-size: 16px;\">City Tour Nocturno de Quito<\/span><\/td>\n<\/tr>\n<tr style=\"height: 24px;\">\n<td style=\"width: 50%; height: 24px;\"><span style=\"font-size: 16px;\">Tour al Telef\u00e9rico de Quito<\/span><\/td>\n<td style=\"width: 50%; height: 24px;\"><span style=\"font-size: 16px;\">Tour a la Mitad del Mundo<\/span><\/td>\n<\/tr>\n<tr style=\"height: 24px;\">\n<td style=\"width: 50%; height: 24px;\"><span style=\"font-size: 16px;\">Volcan Cotopaxi<\/span><\/td>\n<td style=\"width: 50%; height: 24px;\"><span style=\"font-size: 16px;\">Mercado Ind\u00edgena de Otavalo<\/span><\/td>\n<\/tr>\n<tr style=\"height: 24px;\">\n<td style=\"width: 50%; height: 24px;\"><span style=\"font-size: 16px;\">Tour al Bosque nublado de Mindo<\/span><\/td>\n<td style=\"width: 50%; height: 24px;\"><span style=\"font-size: 16px;\">Tour a la Laguna del Quilotoa<\/span><\/td>\n<\/tr>\n<tr style=\"height: 24px;\">\n<td style=\"width: 50%; height: 24px;\"><span style=\"font-size: 16px;\">Tour a las Termas de Papallacta<\/span><\/td>\n<td style=\"width: 50%; height: 24px;\"><\/td>\n<\/tr>\n<\/tbody>\n<\/table>\n<p>&nbsp;<\/p>\n<p><span style=\"font-size: 16px;\">En la secci\u00f3n de <strong>Tours en la Selva de Ecuador<\/strong> se han incluido programas en los lodges m\u00e1s reconocidos de Ecuador por su servicio y comodidad:<\/span><\/p>\n<table style=\"border-collapse: collapse; width: 100%;\">\n<tbody>\n<tr>\n<td style=\"width: 50%;\"><span style=\"font-size: 16px;\">Napo Wildlife Center<\/span><\/td>\n<td style=\"width: 50%;\"><a href=\"https:\/\/naturegalapagos.com\/es\/tapir-lodge\/cuyabeno-lodge-tours\/\" target=\"_blank\" rel=\"noopener\"><span style=\"font-size: 16px;\">Tapir Lodge en el Cuyabeno<\/span><\/a><\/td>\n<\/tr>\n<tr>\n<td style=\"width: 50%;\"><a href=\"https:\/\/naturegalapagos.com\/es\/la-selva-jungle-lodge-ecuador\/selva-ecuatoriana-tours\/\" target=\"_blank\" rel=\"noopener\"><span style=\"font-size: 16px;\">La Selva Jungle Lodge<\/span><\/a><\/td>\n<td style=\"width: 50%;\"><span style=\"font-size: 16px;\">Cuyabeno River Lodge<\/span><\/td>\n<\/tr>\n<tr>\n<td style=\"width: 50%;\"><span style=\"font-size: 16px;\">Manatee Crucero en el Rio Napo<\/span><\/td>\n<td style=\"width: 50%;\"><\/td>\n<\/tr>\n<\/tbody>\n<\/table>\n<p><span style=\"font-size: 16px;\">Para los <strong>Tours en la Costa de Ecuador<\/strong> tenemos:<\/span><\/p>\n<ul>\n<li><span style=\"font-size: 16px;\">Mantarraya Lodge ubicado en Manab\u00ed.<\/span><\/li>\n<li><a href=\"https:\/\/naturegalapagos.com\/es\/tren-crucero-ecuador\/\" target=\"_blank\" rel=\"noopener\"><span style=\"font-size: 16px;\"><strong>Tren Crucero Ecuador<\/strong><\/span><\/a><\/li>\n<\/ul>\n<p><span style=\"font-size: 16px;\">Los\u00a0<strong>Tours Especiales a tu medida<\/strong> son totamlente adaptables y personalizables. A continuaci\u00f3n puedes ver los modelos:<\/span><\/p>\n<ul>\n<li><a href=\"https:\/\/naturegalapagos.com\/es\/tours-ecuador\/vacaciones-ecuador\/tour-ecuador-galapagos-amazonia-nariz-del-diablo\/\" target=\"_blank\" rel=\"noopener\"><span style=\"font-size: 16px;\">14 d\u00edas \/ 13 noches visitando: Amazonia en un crucero por el rio, Gal\u00e1pagos, y la sierra.<\/span><\/a><\/li>\n<li><a href=\"https:\/\/naturegalapagos.com\/es\/tours-ecuador\/vacaciones-ecuador\/ecuador-galapagos-amazonia-ecuatoriana\/\" target=\"_blank\" rel=\"noopener\"><span style=\"font-size: 16px;\">12 d\u00edas \/ 11 noches visitando: Gal\u00e1pagos, la Amazonia y Quito patrimonio de la Humanidad.<\/span><\/a><\/li>\n<\/ul>\n<p><span style=\"font-size: 16px;\">Planifica junto a nosotros tus vacaciones para no omitir ning\u00fan detalle. Para continuar, lee detenidamente los programas y nuestro personal altamente calificado te asesorara en cada momento en la planificaci\u00f3n de un itinerario acorde a tus necesidades de tiempo. No hay nada mejor que viajar con un programa que se ajuste tu gusto ya tu inter\u00e9s en conocer y descansar al mismo tiempo.<\/span><\/p>\n<p><span style=\"font-size: 16px;\">Finalmente, puedes cont\u00e1ctarnos hoy mismo para conocer mas sobre nuestros Ecuador Tours.<\/span>[\/vc_column_text][\/vc_column][\/vc_row][vc_row][vc_column][vc_raw_html]JTNDYnIlMjAlMkYlM0UlMEQlMEElNUJ0cnVzdGluZGV4JTIwbm8tcmVnaXN0cmF0aW9uJTNEdHJpcGFkdmlzb3IlNUQlMjAlM0NiciUyMCUyRiUzRSUwRCUwQSU1QmN1c3RvbV9zaGFycmVfYnV0dG9ucyU1RA==[\/vc_raw_html][\/vc_column][\/vc_row]<\/p>\n<\/div>","protected":false},"excerpt":{"rendered":"<p>[vc_row][vc_column][vc_column_text] ECUADOR TOURS: PAQUETES Y TOURS DE UN D\u00cdA En nuestra secci\u00f3n de Ecuador Tours encontrar\u00e1s todas las modalidades de viaje para descubrir Ecuador. A continuaci\u00f3n, se incluye todos nuestros viajes personalizables a varios lugares en Ecuador: Excursiones de un d\u00eda desde Quito Excursiones de un d\u00eda desde Cuenca Tours y Lodges en la Selva<\/p>\n<div class=\"padding-top text-center\"><a href=\"https:\/\/naturegalapagos.com\/es\/ecuador-tours\/\" class=\"atbtn atbtn--medium atbtn--rounded atbtn--transparent\">Leer m\u00e1s<i class=\"atbtn__icon atbtn__icon--right fa fa-long-arrow-right\"><\/i><\/a><\/div>\n","protected":false},"author":2,"featured_media":0,"parent":0,"menu_order":0,"comment_status":"closed","ping_status":"closed","template":"","meta":{"_joinchat":[],"footnotes":""},"class_list":["post-1889","page","type-page","status-publish","hentry"],"yoast_head":"<!-- This site is optimized with the Yoast SEO Premium plugin v25.6 (Yoast SEO v26.1.1) - https:\/\/yoast.com\/wordpress\/plugins\/seo\/ -->\n<title>Ecuador Tours selecci\u00f3n de programas dise\u00f1ados para usted.<\/title>\n<meta name=\"description\" content=\"En Ecuador Tours usted puede escoger los m\u00e1s variados destino para visitarserran\u00eda ecuatoriana, visitar las playas de nuestra costa y la selva amaz\u00f3nica.\" \/>\n<meta name=\"robots\" content=\"index, follow, max-snippet:-1, max-image-preview:large, max-video-preview:-1\" \/>\n<link rel=\"canonical\" href=\"https:\/\/naturegalapagos.com\/es\/ecuador-tours\/\" \/>\n<meta property=\"og:locale\" content=\"es_ES\" \/>\n<meta property=\"og:type\" content=\"article\" \/>\n<meta property=\"og:title\" content=\"Ecuador Tours selecci\u00f3n de programas dise\u00f1ados para usted.\" \/>\n<meta property=\"og:description\" content=\"En Ecuador Tours usted puede escoger los m\u00e1s variados destino para visitarserran\u00eda ecuatoriana, visitar las playas de nuestra costa y la selva amaz\u00f3nica.\" \/>\n<meta property=\"og:url\" content=\"https:\/\/naturegalapagos.com\/es\/ecuador-tours\/\" \/>\n<meta property=\"og:site_name\" content=\"Espa\u00f1ol - Nature Galapagos &amp; Ecuador\" \/>\n<meta property=\"article:publisher\" content=\"https:\/\/www.facebook.com\/naturegalapagosecuador\/\" \/>\n<meta property=\"article:modified_time\" content=\"2025-11-17T22:08:22+00:00\" \/>\n<meta property=\"og:image\" content=\"https:\/\/naturegalapagos.com\/es\/wp-content\/uploads\/sites\/3\/2016\/06\/Ecuador-Tours.jpg\" \/>\n\t<meta property=\"og:image:width\" content=\"1920\" \/>\n\t<meta property=\"og:image:height\" content=\"900\" \/>\n\t<meta property=\"og:image:type\" content=\"image\/jpeg\" \/>\n<meta name=\"twitter:card\" content=\"summary_large_image\" \/>\n<meta name=\"twitter:title\" content=\"Ecuador Tours selecci\u00f3n de programas dise\u00f1ados para usted.\" \/>\n<meta name=\"twitter:description\" content=\"En Ecuador Tours usted puede escoger los m\u00e1s variados destino para visitarserran\u00eda ecuatoriana, visitar las playas de nuestra costa y la selva amaz\u00f3nica.\" \/>\n<meta name=\"twitter:site\" content=\"@naturegalapagos\" \/>\n<meta name=\"twitter:label1\" content=\"Tiempo de lectura\" \/>\n\t<meta name=\"twitter:data1\" content=\"5 minutos\" \/>\n<!-- \/ Yoast SEO Premium plugin. -->","yoast_head_json":{"title":"Ecuador Tours selecci\u00f3n de programas dise\u00f1ados para usted.","description":"En Ecuador Tours usted puede escoger los m\u00e1s variados destino para visitarserran\u00eda ecuatoriana, visitar las playas de nuestra costa y la selva amaz\u00f3nica.","robots":{"index":"index","follow":"follow","max-snippet":"max-snippet:-1","max-image-preview":"max-image-preview:large","max-video-preview":"max-video-preview:-1"},"canonical":"https:\/\/naturegalapagos.com\/es\/ecuador-tours\/","og_locale":"es_ES","og_type":"article","og_title":"Ecuador Tours selecci\u00f3n de programas dise\u00f1ados para usted.","og_description":"En Ecuador Tours usted puede escoger los m\u00e1s variados destino para visitarserran\u00eda ecuatoriana, visitar las playas de nuestra costa y la selva amaz\u00f3nica.","og_url":"https:\/\/naturegalapagos.com\/es\/ecuador-tours\/","og_site_name":"Espa\u00f1ol - Nature Galapagos &amp; Ecuador","article_publisher":"https:\/\/www.facebook.com\/naturegalapagosecuador\/","article_modified_time":"2025-11-17T22:08:22+00:00","og_image":[{"width":1920,"height":900,"url":"https:\/\/naturegalapagos.com\/es\/wp-content\/uploads\/sites\/3\/2016\/06\/Ecuador-Tours.jpg","type":"image\/jpeg"}],"twitter_card":"summary_large_image","twitter_title":"Ecuador Tours selecci\u00f3n de programas dise\u00f1ados para usted.","twitter_description":"En Ecuador Tours usted puede escoger los m\u00e1s variados destino para visitarserran\u00eda ecuatoriana, visitar las playas de nuestra costa y la selva amaz\u00f3nica.","twitter_site":"@naturegalapagos","twitter_misc":{"Tiempo de lectura":"5 minutos"},"schema":{"@context":"https:\/\/schema.org","@graph":[{"@type":"WebPage","@id":"https:\/\/naturegalapagos.com\/es\/ecuador-tours\/","url":"https:\/\/naturegalapagos.com\/es\/ecuador-tours\/","name":"Ecuador Tours selecci\u00f3n de programas dise\u00f1ados para usted.","isPartOf":{"@id":"https:\/\/naturegalapagos.com\/es\/#website"},"datePublished":"2024-08-27T20:04:02+00:00","dateModified":"2025-11-17T22:08:22+00:00","description":"En Ecuador Tours usted puede escoger los m\u00e1s variados destino para visitarserran\u00eda ecuatoriana, visitar las playas de nuestra costa y la selva amaz\u00f3nica.","breadcrumb":{"@id":"https:\/\/naturegalapagos.com\/es\/ecuador-tours\/#breadcrumb"},"inLanguage":"es","potentialAction":[{"@type":"ReadAction","target":["https:\/\/naturegalapagos.com\/es\/ecuador-tours\/"]}]},{"@type":"BreadcrumbList","@id":"https:\/\/naturegalapagos.com\/es\/ecuador-tours\/#breadcrumb","itemListElement":[{"@type":"ListItem","position":1,"name":"Home","item":"https:\/\/naturegalapagos.com\/es\/"},{"@type":"ListItem","position":2,"name":"Ecuador Tours"}]},{"@type":"WebSite","@id":"https:\/\/naturegalapagos.com\/es\/#website","url":"https:\/\/naturegalapagos.com\/es\/","name":"Espa\u00f1ol - Nature Galapagos & Ecuador","description":"","publisher":{"@id":"https:\/\/naturegalapagos.com\/es\/#organization"},"potentialAction":[{"@type":"SearchAction","target":{"@type":"EntryPoint","urlTemplate":"https:\/\/naturegalapagos.com\/es\/?s={search_term_string}"},"query-input":{"@type":"PropertyValueSpecification","valueRequired":true,"valueName":"search_term_string"}}],"inLanguage":"es"},{"@type":"Organization","@id":"https:\/\/naturegalapagos.com\/es\/#organization","name":"Espa\u00f1ol - Nature Galapagos & Ecuador","url":"https:\/\/naturegalapagos.com\/es\/","logo":{"@type":"ImageObject","inLanguage":"es","@id":"https:\/\/naturegalapagos.com\/es\/#\/schema\/logo\/image\/","url":"https:\/\/naturegalapagos.com\/es\/wp-content\/uploads\/sites\/3\/2016\/10\/Nature-Galapagos-Logo-COM-300x300.jpg","contentUrl":"https:\/\/naturegalapagos.com\/es\/wp-content\/uploads\/sites\/3\/2016\/10\/Nature-Galapagos-Logo-COM-300x300.jpg","width":300,"height":300,"caption":"Espa\u00f1ol - Nature Galapagos & Ecuador"},"image":{"@id":"https:\/\/naturegalapagos.com\/es\/#\/schema\/logo\/image\/"},"sameAs":["https:\/\/www.facebook.com\/naturegalapagosecuador\/","https:\/\/x.com\/naturegalapagos","https:\/\/www.instagram.com\/naturegalapagos\/","https:\/\/www.pinterest.com\/Naturegalapagos\/","https:\/\/www.youtube.com\/user\/NatureGalapagosTours"]}]}},"_links":{"self":[{"href":"https:\/\/naturegalapagos.com\/es\/wp-json\/wp\/v2\/pages\/1889","targetHints":{"allow":["GET"]}}],"collection":[{"href":"https:\/\/naturegalapagos.com\/es\/wp-json\/wp\/v2\/pages"}],"about":[{"href":"https:\/\/naturegalapagos.com\/es\/wp-json\/wp\/v2\/types\/page"}],"author":[{"embeddable":true,"href":"https:\/\/naturegalapagos.com\/es\/wp-json\/wp\/v2\/users\/2"}],"replies":[{"embeddable":true,"href":"https:\/\/naturegalapagos.com\/es\/wp-json\/wp\/v2\/comments?post=1889"}],"version-history":[{"count":0,"href":"https:\/\/naturegalapagos.com\/es\/wp-json\/wp\/v2\/pages\/1889\/revisions"}],"wp:attachment":[{"href":"https:\/\/naturegalapagos.com\/es\/wp-json\/wp\/v2\/media?parent=1889"}],"curies":[{"name":"wp","href":"https:\/\/api.w.org\/{rel}","templated":true}]}}