{"id":2356,"date":"2015-07-22T15:03:11","date_gmt":"2015-07-22T15:03:11","guid":{"rendered":"http:\/\/naturegalapagos.com\/es\/?page_id=2356"},"modified":"2024-03-19T16:53:56","modified_gmt":"2024-03-19T20:53:56","slug":"aeropuerto-isla-baltra","status":"publish","type":"page","link":"https:\/\/naturegalapagos.com\/es\/aeropuerto-isla-baltra\/","title":{"rendered":"Aeropuerto Isla Baltra"},"content":{"rendered":"<h2><span style=\"font-size: 24px; font-family: arial, helvetica, sans-serif;\"><strong>Aeropuerto Nacional de la Isla Baltra &#8211; Gal\u00e1pagos<\/strong><\/span><\/h2>\n<hr \/>\n<p><span style=\"font-size: 16px; font-family: arial, helvetica, sans-serif;\">Ya en el Aeropuerto Isla Baltra en Gal\u00e1pagos ser\u00e1 recibido por nuestro gu\u00eda naturalista (certificado por el Parque Nacional Gal\u00e1pagos). Recibir\u00e1 una bienvenida y las indicaciones apropiadas para el inicio del tour o crucero por las Islas Encantadas.<\/span><\/p>\n<p><span style=\"font-size: 16px; font-family: arial, helvetica, sans-serif;\"><strong>Descripci\u00f3n de la Isla Baltra:<\/strong><\/span><\/p>\n<ul>\n<li><span style=\"font-size: 16px; font-family: arial, helvetica, sans-serif;\"><strong>Area:<\/strong> 27 Km2.<\/span><\/li>\n<li><span style=\"font-size: 16px; font-family: arial, helvetica, sans-serif;\"><strong>Altitud:<\/strong> 328 pies.<\/span><\/li>\n<\/ul>\n<p><span style=\"font-size: 16px; font-family: arial, helvetica, sans-serif;\">La Isla Baltra es el primer contacto con Gal\u00e1pagos, en esta peque\u00f1a isla la mayor\u00eda de las plantas son cactus, \u00e1rboles de Palo Santo y hierbas peque\u00f1as.Se pueden encontrar animales como tortugas marinas, iguanas terrestres , iguanas marinas, pinzones , etc.<\/span><\/p>\n<p><span style=\"font-size: 16px; font-family: arial, helvetica, sans-serif;\">Durante la Segunda Guerra Mundial la Isla Baltra fue ocupada por el Ej\u00e9rcito de los EE.UU. , que construy\u00f3 la primera pista de aterrizaje para aviones en las Islas Gal\u00e1pagos.<\/span><\/p>\n","protected":false},"excerpt":{"rendered":"<p>Aeropuerto Nacional de la Isla Baltra &#8211; Gal\u00e1pagos Ya en el Aeropuerto Isla Baltra en Gal\u00e1pagos ser\u00e1 recibido por nuestro gu\u00eda naturalista (certificado por el Parque Nacional Gal\u00e1pagos). Recibir\u00e1 una bienvenida y las indicaciones apropiadas para el inicio del tour o crucero por las Islas Encantadas. Descripci\u00f3n de la Isla Baltra: Area: 27 Km2. Altitud:<\/p>\n<div class=\"padding-top text-center\"><a href=\"https:\/\/naturegalapagos.com\/es\/aeropuerto-isla-baltra\/\" class=\"atbtn atbtn--medium atbtn--rounded atbtn--transparent\">Leer m\u00e1s<i class=\"atbtn__icon atbtn__icon--right fa fa-long-arrow-right\"><\/i><\/a><\/div>\n","protected":false},"author":2,"featured_media":0,"parent":0,"menu_order":0,"comment_status":"closed","ping_status":"closed","template":"","meta":{"_joinchat":[],"footnotes":""},"class_list":["post-2356","page","type-page","status-publish","hentry"],"yoast_head":"<!-- This site is optimized with the Yoast SEO Premium plugin v25.6 (Yoast SEO v26.1.1) - https:\/\/yoast.com\/wordpress\/plugins\/seo\/ -->\n<title>Aeropuerto Isla Baltra - Islas Gal\u00e1pagos Ecuador<\/title>\n<meta name=\"description\" content=\"Aeropuerto Isla Baltra esta ubicado en esta peque\u00f1a isla que forma parte de las Islas Galapagos, aqu\u00ed se ubic\u00f3 la base de EEUU durante la II guerra mundial.\" \/>\n<meta name=\"robots\" content=\"index, follow, max-snippet:-1, max-image-preview:large, max-video-preview:-1\" \/>\n<link rel=\"canonical\" href=\"https:\/\/naturegalapagos.com\/es\/aeropuerto-isla-baltra\/\" \/>\n<meta property=\"og:locale\" content=\"es_ES\" \/>\n<meta property=\"og:type\" content=\"article\" \/>\n<meta property=\"og:title\" content=\"Aeropuerto Isla Baltra - Islas Gal\u00e1pagos Ecuador\" \/>\n<meta property=\"og:description\" content=\"Aeropuerto Isla Baltra esta ubicado en esta peque\u00f1a isla que forma parte de las Islas Galapagos, aqu\u00ed se ubic\u00f3 la base de EEUU durante la II guerra mundial.\" \/>\n<meta property=\"og:url\" content=\"https:\/\/naturegalapagos.com\/es\/aeropuerto-isla-baltra\/\" \/>\n<meta property=\"og:site_name\" content=\"Espa\u00f1ol - Nature Galapagos &amp; Ecuador\" \/>\n<meta property=\"article:publisher\" content=\"https:\/\/www.facebook.com\/naturegalapagosecuador\/\" \/>\n<meta property=\"article:modified_time\" content=\"2024-03-19T20:53:56+00:00\" \/>\n<meta property=\"og:image\" content=\"https:\/\/naturegalapagos.com\/es\/wp-content\/uploads\/sites\/3\/2016\/07\/Aeropuerto-Isla-Baltra.jpg\" \/>\n\t<meta property=\"og:image:width\" content=\"1920\" \/>\n\t<meta property=\"og:image:height\" content=\"400\" \/>\n\t<meta property=\"og:image:type\" content=\"image\/jpeg\" \/>\n<meta name=\"twitter:card\" content=\"summary_large_image\" \/>\n<meta name=\"twitter:title\" content=\"Aeropuerto Isla Baltra - Islas Gal\u00e1pagos Ecuador\" \/>\n<meta name=\"twitter:description\" content=\"Aeropuerto Isla Baltra esta ubicado en esta peque\u00f1a isla que forma parte de las Islas Galapagos, aqu\u00ed se ubic\u00f3 la base de EEUU durante la II guerra mundial.\" \/>\n<meta name=\"twitter:site\" content=\"@naturegalapagos\" \/>\n<meta name=\"twitter:label1\" content=\"Tiempo de lectura\" \/>\n\t<meta name=\"twitter:data1\" content=\"1 minuto\" \/>\n<!-- \/ Yoast SEO Premium plugin. -->","yoast_head_json":{"title":"Aeropuerto Isla Baltra - Islas Gal\u00e1pagos Ecuador","description":"Aeropuerto Isla Baltra esta ubicado en esta peque\u00f1a isla que forma parte de las Islas Galapagos, aqu\u00ed se ubic\u00f3 la base de EEUU durante la II guerra mundial.","robots":{"index":"index","follow":"follow","max-snippet":"max-snippet:-1","max-image-preview":"max-image-preview:large","max-video-preview":"max-video-preview:-1"},"canonical":"https:\/\/naturegalapagos.com\/es\/aeropuerto-isla-baltra\/","og_locale":"es_ES","og_type":"article","og_title":"Aeropuerto Isla Baltra - Islas Gal\u00e1pagos Ecuador","og_description":"Aeropuerto Isla Baltra esta ubicado en esta peque\u00f1a isla que forma parte de las Islas Galapagos, aqu\u00ed se ubic\u00f3 la base de EEUU durante la II guerra mundial.","og_url":"https:\/\/naturegalapagos.com\/es\/aeropuerto-isla-baltra\/","og_site_name":"Espa\u00f1ol - Nature Galapagos &amp; Ecuador","article_publisher":"https:\/\/www.facebook.com\/naturegalapagosecuador\/","article_modified_time":"2024-03-19T20:53:56+00:00","og_image":[{"width":1920,"height":400,"url":"https:\/\/naturegalapagos.com\/es\/wp-content\/uploads\/sites\/3\/2016\/07\/Aeropuerto-Isla-Baltra.jpg","type":"image\/jpeg"}],"twitter_card":"summary_large_image","twitter_title":"Aeropuerto Isla Baltra - Islas Gal\u00e1pagos Ecuador","twitter_description":"Aeropuerto Isla Baltra esta ubicado en esta peque\u00f1a isla que forma parte de las Islas Galapagos, aqu\u00ed se ubic\u00f3 la base de EEUU durante la II guerra mundial.","twitter_site":"@naturegalapagos","twitter_misc":{"Tiempo de lectura":"1 minuto"},"schema":{"@context":"https:\/\/schema.org","@graph":[{"@type":"WebPage","@id":"https:\/\/naturegalapagos.com\/es\/aeropuerto-isla-baltra\/","url":"https:\/\/naturegalapagos.com\/es\/aeropuerto-isla-baltra\/","name":"Aeropuerto Isla Baltra - Islas Gal\u00e1pagos Ecuador","isPartOf":{"@id":"https:\/\/naturegalapagos.com\/es\/#website"},"datePublished":"2015-07-22T15:03:11+00:00","dateModified":"2024-03-19T20:53:56+00:00","description":"Aeropuerto Isla Baltra esta ubicado en esta peque\u00f1a isla que forma parte de las Islas Galapagos, aqu\u00ed se ubic\u00f3 la base de EEUU durante la II guerra mundial.","breadcrumb":{"@id":"https:\/\/naturegalapagos.com\/es\/aeropuerto-isla-baltra\/#breadcrumb"},"inLanguage":"es","potentialAction":[{"@type":"ReadAction","target":["https:\/\/naturegalapagos.com\/es\/aeropuerto-isla-baltra\/"]}]},{"@type":"BreadcrumbList","@id":"https:\/\/naturegalapagos.com\/es\/aeropuerto-isla-baltra\/#breadcrumb","itemListElement":[{"@type":"ListItem","position":1,"name":"Home","item":"https:\/\/naturegalapagos.com\/es\/"},{"@type":"ListItem","position":2,"name":"Aeropuerto Isla Baltra"}]},{"@type":"WebSite","@id":"https:\/\/naturegalapagos.com\/es\/#website","url":"https:\/\/naturegalapagos.com\/es\/","name":"Espa\u00f1ol - Nature Galapagos & Ecuador","description":"","publisher":{"@id":"https:\/\/naturegalapagos.com\/es\/#organization"},"potentialAction":[{"@type":"SearchAction","target":{"@type":"EntryPoint","urlTemplate":"https:\/\/naturegalapagos.com\/es\/?s={search_term_string}"},"query-input":{"@type":"PropertyValueSpecification","valueRequired":true,"valueName":"search_term_string"}}],"inLanguage":"es"},{"@type":"Organization","@id":"https:\/\/naturegalapagos.com\/es\/#organization","name":"Espa\u00f1ol - Nature Galapagos & Ecuador","url":"https:\/\/naturegalapagos.com\/es\/","logo":{"@type":"ImageObject","inLanguage":"es","@id":"https:\/\/naturegalapagos.com\/es\/#\/schema\/logo\/image\/","url":"https:\/\/naturegalapagos.com\/es\/wp-content\/uploads\/sites\/3\/2016\/10\/Nature-Galapagos-Logo-COM-300x300.jpg","contentUrl":"https:\/\/naturegalapagos.com\/es\/wp-content\/uploads\/sites\/3\/2016\/10\/Nature-Galapagos-Logo-COM-300x300.jpg","width":300,"height":300,"caption":"Espa\u00f1ol - Nature Galapagos & Ecuador"},"image":{"@id":"https:\/\/naturegalapagos.com\/es\/#\/schema\/logo\/image\/"},"sameAs":["https:\/\/www.facebook.com\/naturegalapagosecuador\/","https:\/\/x.com\/naturegalapagos","https:\/\/www.instagram.com\/naturegalapagos\/","https:\/\/www.pinterest.com\/Naturegalapagos\/","https:\/\/www.youtube.com\/user\/NatureGalapagosTours"]}]}},"_links":{"self":[{"href":"https:\/\/naturegalapagos.com\/es\/wp-json\/wp\/v2\/pages\/2356","targetHints":{"allow":["GET"]}}],"collection":[{"href":"https:\/\/naturegalapagos.com\/es\/wp-json\/wp\/v2\/pages"}],"about":[{"href":"https:\/\/naturegalapagos.com\/es\/wp-json\/wp\/v2\/types\/page"}],"author":[{"embeddable":true,"href":"https:\/\/naturegalapagos.com\/es\/wp-json\/wp\/v2\/users\/2"}],"replies":[{"embeddable":true,"href":"https:\/\/naturegalapagos.com\/es\/wp-json\/wp\/v2\/comments?post=2356"}],"version-history":[{"count":0,"href":"https:\/\/naturegalapagos.com\/es\/wp-json\/wp\/v2\/pages\/2356\/revisions"}],"wp:attachment":[{"href":"https:\/\/naturegalapagos.com\/es\/wp-json\/wp\/v2\/media?parent=2356"}],"curies":[{"name":"wp","href":"https:\/\/api.w.org\/{rel}","templated":true}]}}