{"id":2376,"date":"2015-06-17T16:45:42","date_gmt":"2015-06-17T16:45:42","guid":{"rendered":"http:\/\/naturegalapagos.com\/es\/?page_id=2376"},"modified":"2025-11-17T17:09:08","modified_gmt":"2025-11-17T22:09:08","slug":"costa-ecuatoriana","status":"publish","type":"page","link":"https:\/\/naturegalapagos.com\/es\/costa-ecuatoriana\/","title":{"rendered":"Costa Ecuatoriana Tours"},"content":{"rendered":"<div class=\"wpb-content-wrapper\"><p>[vc_row][vc_column][vc_column_text]<\/p>\n<h1 class=\"header-section__title\"><span style=\"font-family: arial, helvetica, sans-serif;\">Costa Ecuatoriana Tours<\/span><\/h1>\n<hr \/>\n<p><span style=\"font-family: arial, helvetica, sans-serif;\">La <strong>costa Ecuatoriana<\/strong> es una mezcla preciosa de manglares verdes, una m\u00e1gica selva, aguas claras como en la Playa Los Frailes, impresionantes playas de arena blanca y muchos peque\u00f1os pueblos pesqueros. La l\u00ednea costera ecuatoriana tiene una cocina excelente, y es el principal proveedor de productos del mar en el pa\u00eds. Playas como Los Frailes, Atacames, Salinas, Monta\u00f1ita, y otros maravillosos lugares.<\/span><\/p>\n<p><span style=\"font-family: arial, helvetica, sans-serif;\">Nuestros Costa Ecuatoriana Tours comienza en Guayaquil, aqu\u00ed vamos a visitar algunos lugares como &#8220;<strong>El Malec\u00f3n 2000<\/strong>&#8221; que hasta el momento ha recibido muchos visitantes y tambi\u00e9n el &#8220;Cerro Santa Ana&#8221;, que es una joya colonial en el centro de la ciudad. Despu\u00e9s de visitar Guayaquil, tomamos un transporte a cualquier playa de la Costa, recomendamos todos nuestros tours, son todos incre\u00edbles e inolvidables! Por favor h\u00e1ganos saber lo desea hacer y nosotros organizaremos un itinerario ideal. Ciertamente la costa ecuatoriana es uno de los lugares de mayor concurrencia por turistas nacionales e internacionales donde estos van para relajarse y divertirse.<\/span><\/p>\n<p>[\/vc_column_text][\/vc_column][\/vc_row][vc_row][vc_column]<div id=\"swiper1\" class=\"atgrid\">\n<div class=\"title title--big title--center title--underline title--decoration-bottom-center\">\n\t<div class=\"title__subtitle\">Ecuador Tours<\/div>\n<h3 class=\"title__primary\">Costa Ecuatoriana<\/h3><\/div>\n\t<div class=\"atgrid__slider\">\n\t\t<div class=\"atgrid__slider__controls\">\n\t\t\t<a class=\"atgrid__slider__prev\" href=\"#\"><i class=\"fa fa-chevron-left\"><\/i><\/a>\n\t\t\t<a class=\"atgrid__slider__next\" href=\"#\"><i class=\"fa fa-chevron-right\"><\/i><\/a>\n\t\t<\/div>\n\n\t\t<div class=\"swiper-container swiper-slider atgrid__slider__container\">\n\t\t\t<div class=\"swiper-wrapper\">\n\t\t\t\t\t\t\t\t\t\t<div class=\"swiper-slide\">\n\t\t\t\t\t<div class=\"atgrid__item\">\n\t\t\t\t\t\t<div class=\"atgrid__item__top\">\n\t\t\t\t\t\t\t<a href=\"https:\/\/naturegalapagos.com\/es\/costa-ecuatoriana\/mantaraya-lodge\/\" class=\"atgrid__item__top__image\"><img decoding=\"async\" width=\"360\" height=\"240\" src=\"https:\/\/naturegalapagos.com\/es\/wp-content\/uploads\/sites\/3\/2016\/06\/Mantaraya-Lodge-360x240.jpg\" class=\"attachment-thumb_tour_listing_small size-thumb_tour_listing_small wp-post-image\" alt=\"Mantaraya Lodge\" srcset=\"https:\/\/naturegalapagos.com\/es\/wp-content\/uploads\/sites\/3\/2016\/06\/Mantaraya-Lodge-360x240.jpg 360w, https:\/\/naturegalapagos.com\/es\/wp-content\/uploads\/sites\/3\/2016\/06\/Mantaraya-Lodge-531x354.jpg 531w, https:\/\/naturegalapagos.com\/es\/wp-content\/uploads\/sites\/3\/2016\/06\/Mantaraya-Lodge-270x180.jpg 270w\" sizes=\"(max-width: 360px) 100vw, 360px\" \/><\/a>\t\t\t\t\t\t\t\t\t\t\t\t\t\t\t\t\t\t\t\t\t\t\t\t\t\t\t\t<div class=\"atgrid__item__icons\"><a href=\"https:\/\/naturegalapagos.com\/es\/tour-category\/costa-ecuatoriana\/\"><i data-toggle=\"tooltip\" title=\"Costa Ecuatoriana\" class=\"td-clear-day\"><\/i><\/a><\/div>\t\t\t\t\t\t<\/div>\n\n\t\t\t\t\t\t<div class=\"atgrid__item__content\">\n\t\t\t\t\t\t\t<h3 class=\"atgrid__item__title\"><a href=\"https:\/\/naturegalapagos.com\/es\/costa-ecuatoriana\/mantaraya-lodge\/\">Mantaraya Lodge<\/a><\/h3>\n\t\t\t\t\t\t\t\t\t\t\t\t\t<div class=\"atgrid__item__description\">Mantaraya Lodge | Parque Nacional Machalilla Tour Mantaraya Lodge se encuentra en el Parque Nacional Machalilla, en la provincia de<\/div>\n\t\t\t\t\t\t\t\t\t\t\t\t<\/div>\n\t\t\t\t\t\t<div class=\"item-attributes\">\n\t\t\t\t\t\t\t<div class=\"item-attributes__item\"><div class=\"item-attributes__item__content\"><div class=\"item-attributes__item__content__item\"><i class=\"td-map-marker\"><\/i><\/div><div class=\"item-attributes__item__content__item item-attributes__item__content__item--text\"><span>Machalilla<\/span><\/div><\/div><\/div><div class=\"item-attributes__item\"><div class=\"item-attributes__item__content\"><div class=\"item-attributes__item__content__item\"><i class=\"td-backpack\"><\/i><\/div><div class=\"item-attributes__item__content__item item-attributes__item__content__item--text\"><span>Aventura Sencilla<\/span><\/div><\/div><\/div>\t\t\t\t\t\t\t<div class=\"item-attributes__item\">\n\t\t\t\t\t\t\t\t<a href=\"https:\/\/naturegalapagos.com\/es\/costa-ecuatoriana\/mantaraya-lodge\/\" class=\"item-attributes__link\"><i class=\"fa fa-long-arrow-right\"><\/i><\/a>\n\t\t\t\t\t\t\t<\/div>\n\t\t\t\t\t\t<\/div>\n\t\t\t\t\t<\/div>\n\t\t\t\t<\/div>\n\t\t\t\t\t\t\t\t\t<\/div><!-- .swiper-wrapper -->\n\t\t<\/div><!-- .swiper-container -->\n\t<\/div><!-- .atgrid__slider  -->\n<\/div><!-- .atgrid -->\n[\/vc_column][\/vc_row][vc_row][vc_column][vc_empty_space height=&#8221;50px&#8221;][\/vc_column][\/vc_row][vc_row][vc_column][vc_raw_html css=&#8221;&#8221;]JTNDYnIlMjAlMkYlM0UlMEQlMEElNUJ0cnVzdGluZGV4JTIwbm8tcmVnaXN0cmF0aW9uJTNEdHJpcGFkdmlzb3IlNUQlMjAlM0NiciUyMCUyRiUzRSUwRCUwQSU1QmN1c3RvbV9zaGFycmVfYnV0dG9ucyU1RA==[\/vc_raw_html][\/vc_column][\/vc_row]<\/p>\n<\/div>","protected":false},"excerpt":{"rendered":"<p>[vc_row][vc_column][vc_column_text] Costa Ecuatoriana Tours La costa Ecuatoriana es una mezcla preciosa de manglares verdes, una m\u00e1gica selva, aguas claras como en la Playa Los Frailes, impresionantes playas de arena blanca y muchos peque\u00f1os pueblos pesqueros. La l\u00ednea costera ecuatoriana tiene una cocina excelente, y es el principal proveedor de productos del mar en el pa\u00eds.<\/p>\n<div class=\"padding-top text-center\"><a href=\"https:\/\/naturegalapagos.com\/es\/costa-ecuatoriana\/mantaraya-lodge\/\" class=\"atbtn atbtn--medium atbtn--rounded atbtn--transparent\">Leer m\u00e1s<i class=\"atbtn__icon atbtn__icon--right fa fa-long-arrow-right\"><\/i><\/a><\/div>\n","protected":false},"author":2,"featured_media":0,"parent":0,"menu_order":0,"comment_status":"closed","ping_status":"closed","template":"","meta":{"_joinchat":[],"footnotes":""},"class_list":["post-2376","page","type-page","status-publish","hentry"],"yoast_head":"<!-- This site is optimized with the Yoast SEO Premium plugin v25.6 (Yoast SEO v26.1.1) - https:\/\/yoast.com\/wordpress\/plugins\/seo\/ -->\n<title>Descubre la Belleza de la Costa Ecuatoriana<\/title>\n<meta name=\"description\" content=\"Descubre la belleza de la costa ecuatoriana con sus manglares, playas de arena blanca y encantadores pueblos pesqueros\" \/>\n<meta name=\"robots\" content=\"index, follow, max-snippet:-1, max-image-preview:large, max-video-preview:-1\" \/>\n<link rel=\"canonical\" href=\"https:\/\/naturegalapagos.com\/es\/costa-ecuatoriana\/\" \/>\n<meta property=\"og:locale\" content=\"es_ES\" \/>\n<meta property=\"og:type\" content=\"article\" \/>\n<meta property=\"og:title\" content=\"Tours en la Costa Ecuatoriana\" \/>\n<meta property=\"og:description\" content=\"Nature Galapagos &amp; Ecuador - Le ayudar\u00e1 a planificar su viaje a la costa de Ecuador. Ofrecemos tours a hermosa Costa Ecuatoriana. M\u00e1s informaci\u00f3n clic aqu\u00ed!\" \/>\n<meta property=\"og:url\" content=\"https:\/\/naturegalapagos.com\/es\/costa-ecuatoriana\/\" \/>\n<meta property=\"og:site_name\" content=\"Espa\u00f1ol - Nature Galapagos &amp; Ecuador\" \/>\n<meta property=\"article:publisher\" content=\"https:\/\/www.facebook.com\/naturegalapagosecuador\/\" \/>\n<meta property=\"article:modified_time\" content=\"2025-11-17T22:09:08+00:00\" \/>\n<meta property=\"og:image\" content=\"https:\/\/naturegalapagos.com\/es\/wp-content\/uploads\/sites\/3\/2016\/06\/Mantaraya-Lodge.jpg\" \/>\n\t<meta property=\"og:image:width\" content=\"1024\" \/>\n\t<meta property=\"og:image:height\" content=\"512\" \/>\n\t<meta property=\"og:image:type\" content=\"image\/jpeg\" \/>\n<meta name=\"twitter:card\" content=\"summary_large_image\" \/>\n<meta name=\"twitter:title\" content=\"Tours en la Costa Ecuatoriana\" \/>\n<meta name=\"twitter:description\" content=\"Nature Galapagos &amp; Ecuador - Le ayudar\u00e1 a planificar su viaje a la costa de Ecuador. Ofrecemos tours a hermosa Costa Ecuatoriana. M\u00e1s informaci\u00f3n clic aqu\u00ed!\" \/>\n<meta name=\"twitter:site\" content=\"@naturegalapagos\" \/>\n<meta name=\"twitter:label1\" content=\"Tiempo de lectura\" \/>\n\t<meta name=\"twitter:data1\" content=\"1 minuto\" \/>\n<!-- \/ Yoast SEO Premium plugin. -->","yoast_head_json":{"title":"Descubre la Belleza de la Costa Ecuatoriana","description":"Descubre la belleza de la costa ecuatoriana con sus manglares, playas de arena blanca y encantadores pueblos pesqueros","robots":{"index":"index","follow":"follow","max-snippet":"max-snippet:-1","max-image-preview":"max-image-preview:large","max-video-preview":"max-video-preview:-1"},"canonical":"https:\/\/naturegalapagos.com\/es\/costa-ecuatoriana\/","og_locale":"es_ES","og_type":"article","og_title":"Tours en la Costa Ecuatoriana","og_description":"Nature Galapagos & Ecuador - Le ayudar\u00e1 a planificar su viaje a la costa de Ecuador. Ofrecemos tours a hermosa Costa Ecuatoriana. M\u00e1s informaci\u00f3n clic aqu\u00ed!","og_url":"https:\/\/naturegalapagos.com\/es\/costa-ecuatoriana\/","og_site_name":"Espa\u00f1ol - Nature Galapagos &amp; Ecuador","article_publisher":"https:\/\/www.facebook.com\/naturegalapagosecuador\/","article_modified_time":"2025-11-17T22:09:08+00:00","og_image":[{"width":1024,"height":512,"url":"https:\/\/naturegalapagos.com\/es\/wp-content\/uploads\/sites\/3\/2016\/06\/Mantaraya-Lodge.jpg","type":"image\/jpeg"}],"twitter_card":"summary_large_image","twitter_title":"Tours en la Costa Ecuatoriana","twitter_description":"Nature Galapagos & Ecuador - Le ayudar\u00e1 a planificar su viaje a la costa de Ecuador. Ofrecemos tours a hermosa Costa Ecuatoriana. M\u00e1s informaci\u00f3n clic aqu\u00ed!","twitter_site":"@naturegalapagos","twitter_misc":{"Tiempo de lectura":"1 minuto"},"schema":{"@context":"https:\/\/schema.org","@graph":[{"@type":"WebPage","@id":"https:\/\/naturegalapagos.com\/es\/costa-ecuatoriana\/","url":"https:\/\/naturegalapagos.com\/es\/costa-ecuatoriana\/","name":"Descubre la Belleza de la Costa Ecuatoriana","isPartOf":{"@id":"https:\/\/naturegalapagos.com\/es\/#website"},"datePublished":"2015-06-17T16:45:42+00:00","dateModified":"2025-11-17T22:09:08+00:00","description":"Descubre la belleza de la costa ecuatoriana con sus manglares, playas de arena blanca y encantadores pueblos pesqueros","breadcrumb":{"@id":"https:\/\/naturegalapagos.com\/es\/costa-ecuatoriana\/#breadcrumb"},"inLanguage":"es","potentialAction":[{"@type":"ReadAction","target":["https:\/\/naturegalapagos.com\/es\/costa-ecuatoriana\/"]}]},{"@type":"BreadcrumbList","@id":"https:\/\/naturegalapagos.com\/es\/costa-ecuatoriana\/#breadcrumb","itemListElement":[{"@type":"ListItem","position":1,"name":"Home","item":"https:\/\/naturegalapagos.com\/es\/"},{"@type":"ListItem","position":2,"name":"Costa Ecuatoriana Tours"}]},{"@type":"WebSite","@id":"https:\/\/naturegalapagos.com\/es\/#website","url":"https:\/\/naturegalapagos.com\/es\/","name":"Espa\u00f1ol - Nature Galapagos & Ecuador","description":"","publisher":{"@id":"https:\/\/naturegalapagos.com\/es\/#organization"},"potentialAction":[{"@type":"SearchAction","target":{"@type":"EntryPoint","urlTemplate":"https:\/\/naturegalapagos.com\/es\/?s={search_term_string}"},"query-input":{"@type":"PropertyValueSpecification","valueRequired":true,"valueName":"search_term_string"}}],"inLanguage":"es"},{"@type":"Organization","@id":"https:\/\/naturegalapagos.com\/es\/#organization","name":"Espa\u00f1ol - Nature Galapagos & Ecuador","url":"https:\/\/naturegalapagos.com\/es\/","logo":{"@type":"ImageObject","inLanguage":"es","@id":"https:\/\/naturegalapagos.com\/es\/#\/schema\/logo\/image\/","url":"https:\/\/naturegalapagos.com\/es\/wp-content\/uploads\/sites\/3\/2016\/10\/Nature-Galapagos-Logo-COM-300x300.jpg","contentUrl":"https:\/\/naturegalapagos.com\/es\/wp-content\/uploads\/sites\/3\/2016\/10\/Nature-Galapagos-Logo-COM-300x300.jpg","width":300,"height":300,"caption":"Espa\u00f1ol - Nature Galapagos & Ecuador"},"image":{"@id":"https:\/\/naturegalapagos.com\/es\/#\/schema\/logo\/image\/"},"sameAs":["https:\/\/www.facebook.com\/naturegalapagosecuador\/","https:\/\/x.com\/naturegalapagos","https:\/\/www.instagram.com\/naturegalapagos\/","https:\/\/www.pinterest.com\/Naturegalapagos\/","https:\/\/www.youtube.com\/user\/NatureGalapagosTours"]}]}},"_links":{"self":[{"href":"https:\/\/naturegalapagos.com\/es\/wp-json\/wp\/v2\/pages\/2376","targetHints":{"allow":["GET"]}}],"collection":[{"href":"https:\/\/naturegalapagos.com\/es\/wp-json\/wp\/v2\/pages"}],"about":[{"href":"https:\/\/naturegalapagos.com\/es\/wp-json\/wp\/v2\/types\/page"}],"author":[{"embeddable":true,"href":"https:\/\/naturegalapagos.com\/es\/wp-json\/wp\/v2\/users\/2"}],"replies":[{"embeddable":true,"href":"https:\/\/naturegalapagos.com\/es\/wp-json\/wp\/v2\/comments?post=2376"}],"version-history":[{"count":0,"href":"https:\/\/naturegalapagos.com\/es\/wp-json\/wp\/v2\/pages\/2376\/revisions"}],"wp:attachment":[{"href":"https:\/\/naturegalapagos.com\/es\/wp-json\/wp\/v2\/media?parent=2376"}],"curies":[{"name":"wp","href":"https:\/\/api.w.org\/{rel}","templated":true}]}}