{"id":2399,"date":"2024-08-27T09:39:49","date_gmt":"2024-08-27T13:39:49","guid":{"rendered":"http:\/\/naturegalapagos.com\/es\/?page_id=2399"},"modified":"2025-11-17T16:34:16","modified_gmt":"2025-11-17T21:34:16","slug":"cruceros-economicos-galapagos","status":"publish","type":"page","link":"https:\/\/naturegalapagos.com\/es\/cruceros-economicos-galapagos\/","title":{"rendered":"Cruceros Econ\u00f3micos Gal\u00e1pagos"},"content":{"rendered":"<div class=\"wpb-content-wrapper\"><p>[vc_row][vc_column][vc_column_text]<\/p>\n<h2><span style=\"font-family: arial, helvetica, sans-serif; font-size: 24px;\"><strong>Cruceros Econ\u00f3micos Gal\u00e1pagos<\/strong><\/span><\/h2>\n<hr \/>\n<p><span style=\"font-size: 10pt; font-family: arial, helvetica, sans-serif;\">El equipo de Nature Gal\u00e1pagos a elegido dos Cruceros econ\u00f3micos Gal\u00e1pagos: el Crucero Gal\u00e1pagos Flamingo y el Velero Gal\u00e1pagos Merak. Los yates econ\u00f3micos generalmente son peque\u00f1os, cortos de espacio, y la mayor\u00eda tienen cabinas con ba\u00f1o compartido. De cualquier forma es importante saber que siempre se puede disfrutar al m\u00e1ximo de la biodiversidad de las Islas Encantadas sin importar que tipo de crucero se elija.<\/span><\/p>\n<p><span style=\"font-size: 10pt; font-family: arial, helvetica, sans-serif;\">Los cruceros econ\u00f3micos te llevaran a lugares remotos de las Islas Encantadas, siempre acompa\u00f1ado de un gu\u00eda naturalista biling\u00fce, una amigable opci\u00f3n para su bolsillo! Sin embargo son muy c\u00f3modos con muchos comentarios positivos!<\/span><\/p>\n<p><span style=\"font-size: 10pt; font-family: arial, helvetica, sans-serif;\">Por favor dejar saber al operador tur\u00edstico si se necesita una dieta especial antes de empezar el crucero.<\/span><\/p>\n<p><span style=\"font-size: 10pt; font-family: arial, helvetica, sans-serif;\">Disfrute de un viaje relajante y una maravillosa experiencia en las Islas Gal\u00e1pagos.<\/span><\/p>\n<p>[\/vc_column_text][\/vc_column][\/vc_row][vc_row][vc_column]<div id=\"swiper1\" class=\"atgrid\">\n<div class=\"title title--big title--center title--underline title--decoration-bottom-center\">\n\t<div class=\"title__subtitle\">Cruceros en Gal\u00e1pagos<\/div>\n<h3 class=\"title__primary\">Cruceros Econ\u00f3micos<\/h3><\/div>\n\t<div class=\"atgrid__slider\">\n\t\t<div class=\"atgrid__slider__controls\">\n\t\t\t<a class=\"atgrid__slider__prev\" href=\"#\"><i class=\"fa fa-chevron-left\"><\/i><\/a>\n\t\t\t<a class=\"atgrid__slider__next\" href=\"#\"><i class=\"fa fa-chevron-right\"><\/i><\/a>\n\t\t<\/div>\n\n\t\t<div class=\"swiper-container swiper-slider atgrid__slider__container\">\n\t\t\t<div class=\"swiper-wrapper\">\n\t\t\t\t\t\t\t\t\t\t<div class=\"swiper-slide\">\n\t\t\t\t\t<div class=\"atgrid__item\">\n\t\t\t\t\t\t<div class=\"atgrid__item__top\">\n\t\t\t\t\t\t\t<a href=\"https:\/\/naturegalapagos.com\/es\/cruceros-galapagos\/crucero-galapagos-flamingo\/\" class=\"atgrid__item__top__image\"><img decoding=\"async\" width=\"360\" height=\"240\" src=\"https:\/\/naturegalapagos.com\/es\/wp-content\/uploads\/sites\/3\/2016\/06\/crucero-galapagos-flamingo-360x240.jpg\" class=\"attachment-thumb_tour_listing_small size-thumb_tour_listing_small wp-post-image\" alt=\"Crucero Galapagos Flamingo\" srcset=\"https:\/\/naturegalapagos.com\/es\/wp-content\/uploads\/sites\/3\/2016\/06\/crucero-galapagos-flamingo-360x240.jpg 360w, https:\/\/naturegalapagos.com\/es\/wp-content\/uploads\/sites\/3\/2016\/06\/crucero-galapagos-flamingo-531x354.jpg 531w, https:\/\/naturegalapagos.com\/es\/wp-content\/uploads\/sites\/3\/2016\/06\/crucero-galapagos-flamingo-270x180.jpg 270w\" sizes=\"(max-width: 360px) 100vw, 360px\" \/><\/a>\t\t\t\t\t\t\t\t\t\t\t\t\t\t\t\t\t\t\t\t\t<div class=\"atgrid__item__rating\"><i class=\"fa fa-star\"><\/i><i class=\"fa fa-star\"><\/i><i class=\"fa fa-star\"><\/i><i class=\"fa fa-star\"><\/i><i class=\"fa fa-star\"><\/i><\/div>\t\t\t\t\t\t\t<div class=\"atgrid__item__icons\"><a href=\"https:\/\/naturegalapagos.com\/es\/tour-category\/cruceros-economicos\/\"><i data-toggle=\"tooltip\" title=\"Cruceros Econ\u00f3micos\" class=\"td-sailboat\"><\/i><\/a><\/div>\t\t\t\t\t\t<\/div>\n\n\t\t\t\t\t\t<div class=\"atgrid__item__content\">\n\t\t\t\t\t\t\t<h3 class=\"atgrid__item__title\"><a href=\"https:\/\/naturegalapagos.com\/es\/cruceros-galapagos\/crucero-galapagos-flamingo\/\">Crucero Gal\u00e1pagos Flamingo<\/a><\/h3>\n\t\t\t\t\t\t\t\t\t\t\t\t\t<div class=\"atgrid__item__description\">Descripci\u00f3n del\u00a0Crucero Gal\u00e1pagos Flamingo: El Crucero Gal\u00e1pagos Flamingo es ideal para esos viajes con bajo presupuesto. Recientemente remodelado, puede hospedar<\/div>\n\t\t\t\t\t\t\t\t\t\t\t\t<\/div>\n\t\t\t\t\t\t<div class=\"item-attributes\">\n\t\t\t\t\t\t\t<div class=\"item-attributes__item\"><div class=\"item-attributes__item__content\"><div class=\"item-attributes__item__content__item\"><i class=\"td-backpack\"><\/i><\/div><div class=\"item-attributes__item__content__item item-attributes__item__content__item--text\"><span>Aventura Sencilla<\/span><\/div><\/div><\/div><div class=\"item-attributes__item\"><div class=\"item-attributes__item__content\"><div class=\"item-attributes__item__content__item\"><i class=\"td-calendar-1\"><\/i><\/div><div class=\"item-attributes__item__content__item item-attributes__item__content__item--text\"><span>Martes y Viernes<\/span><\/div><\/div><\/div>\t\t\t\t\t\t\t<div class=\"item-attributes__item\">\n\t\t\t\t\t\t\t\t<a href=\"https:\/\/naturegalapagos.com\/es\/cruceros-galapagos\/crucero-galapagos-flamingo\/\" class=\"item-attributes__link\"><i class=\"fa fa-long-arrow-right\"><\/i><\/a>\n\t\t\t\t\t\t\t<\/div>\n\t\t\t\t\t\t<\/div>\n\t\t\t\t\t<\/div>\n\t\t\t\t<\/div>\n\t\t\t\t\t\t\t\t\t\t<div class=\"swiper-slide\">\n\t\t\t\t\t<div class=\"atgrid__item\">\n\t\t\t\t\t\t<div class=\"atgrid__item__top\">\n\t\t\t\t\t\t\t<a href=\"https:\/\/naturegalapagos.com\/es\/cruceros-galapagos\/velero-galapagos-merak\/\" class=\"atgrid__item__top__image\"><img decoding=\"async\" width=\"360\" height=\"240\" src=\"https:\/\/naturegalapagos.com\/es\/wp-content\/uploads\/sites\/3\/2016\/06\/velero-galapagos-merak-360x240.jpg\" class=\"attachment-thumb_tour_listing_small size-thumb_tour_listing_small wp-post-image\" alt=\"Velero Gal\u00e1pagos Merak\" srcset=\"https:\/\/naturegalapagos.com\/es\/wp-content\/uploads\/sites\/3\/2016\/06\/velero-galapagos-merak-360x240.jpg 360w, https:\/\/naturegalapagos.com\/es\/wp-content\/uploads\/sites\/3\/2016\/06\/velero-galapagos-merak-531x354.jpg 531w, https:\/\/naturegalapagos.com\/es\/wp-content\/uploads\/sites\/3\/2016\/06\/velero-galapagos-merak-270x180.jpg 270w, https:\/\/naturegalapagos.com\/es\/wp-content\/uploads\/sites\/3\/2016\/06\/velero-galapagos-merak-720x480.jpg 720w\" sizes=\"(max-width: 360px) 100vw, 360px\" \/><\/a>\t\t\t\t\t\t\t\t\t\t\t\t\t\t\t\t\t\t\t\t\t<div class=\"atgrid__item__rating\"><i class=\"fa fa-star\"><\/i><i class=\"fa fa-star\"><\/i><i class=\"fa fa-star\"><\/i><i class=\"fa fa-star\"><\/i><i class=\"fa fa-star\"><\/i><\/div>\t\t\t\t\t\t\t<div class=\"atgrid__item__icons\"><a href=\"https:\/\/naturegalapagos.com\/es\/tour-category\/cruceros-economicos\/\"><i data-toggle=\"tooltip\" title=\"Cruceros Econ\u00f3micos\" class=\"td-sailboat\"><\/i><\/a><\/div>\t\t\t\t\t\t<\/div>\n\n\t\t\t\t\t\t<div class=\"atgrid__item__content\">\n\t\t\t\t\t\t\t<h3 class=\"atgrid__item__title\"><a href=\"https:\/\/naturegalapagos.com\/es\/cruceros-galapagos\/velero-galapagos-merak\/\">Velero Gal\u00e1pagos Merak<\/a><\/h3>\n\t\t\t\t\t\t\t\t\t\t\t\t\t<div class=\"atgrid__item__description\">Descripci\u00f3n del Velero Gal\u00e1pagos Merak: El Velero Gal\u00e1pagos Merak es un crucero econ\u00f3mico\u00a0a motor que puede hospedar hasta 8 pasajeros.<\/div>\n\t\t\t\t\t\t\t\t\t\t\t\t<\/div>\n\t\t\t\t\t\t<div class=\"item-attributes\">\n\t\t\t\t\t\t\t<div class=\"item-attributes__item\"><div class=\"item-attributes__item__content\"><div class=\"item-attributes__item__content__item\"><i class=\"td-backpack\"><\/i><\/div><div class=\"item-attributes__item__content__item item-attributes__item__content__item--text\"><span>Aventura Sencilla<\/span><\/div><\/div><\/div><div class=\"item-attributes__item\"><div class=\"item-attributes__item__content\"><div class=\"item-attributes__item__content__item\"><i class=\"td-calendar-1\"><\/i><\/div><div class=\"item-attributes__item__content__item item-attributes__item__content__item--text\"><span>Lunes y Viernes<\/span><\/div><\/div><\/div>\t\t\t\t\t\t\t<div class=\"item-attributes__item\">\n\t\t\t\t\t\t\t\t<a href=\"https:\/\/naturegalapagos.com\/es\/cruceros-galapagos\/velero-galapagos-merak\/\" class=\"item-attributes__link\"><i class=\"fa fa-long-arrow-right\"><\/i><\/a>\n\t\t\t\t\t\t\t<\/div>\n\t\t\t\t\t\t<\/div>\n\t\t\t\t\t<\/div>\n\t\t\t\t<\/div>\n\t\t\t\t\t\t\t\t\t\t<div class=\"swiper-slide\">\n\t\t\t\t\t<div class=\"atgrid__item\">\n\t\t\t\t\t\t<div class=\"atgrid__item__top\">\n\t\t\t\t\t\t\t<a href=\"https:\/\/naturegalapagos.com\/es\/cruceros-galapagos\/danubio-azul-galapagos\/\" class=\"atgrid__item__top__image\"><img decoding=\"async\" width=\"360\" height=\"240\" src=\"https:\/\/naturegalapagos.com\/es\/wp-content\/uploads\/sites\/3\/2024\/12\/Vista-panoramica-en-el-crucero-Danubio-Azul-por-Galapagos-360x240.jpg\" class=\"attachment-thumb_tour_listing_small size-thumb_tour_listing_small wp-post-image\" alt=\"Vista panor\u00e1mica en el crucero Danubio Azul por Gal\u00e1pagos\" srcset=\"https:\/\/naturegalapagos.com\/es\/wp-content\/uploads\/sites\/3\/2024\/12\/Vista-panoramica-en-el-crucero-Danubio-Azul-por-Galapagos-360x240.jpg 360w, https:\/\/naturegalapagos.com\/es\/wp-content\/uploads\/sites\/3\/2024\/12\/Vista-panoramica-en-el-crucero-Danubio-Azul-por-Galapagos-300x200.jpg 300w, https:\/\/naturegalapagos.com\/es\/wp-content\/uploads\/sites\/3\/2024\/12\/Vista-panoramica-en-el-crucero-Danubio-Azul-por-Galapagos-768x512.jpg 768w, https:\/\/naturegalapagos.com\/es\/wp-content\/uploads\/sites\/3\/2024\/12\/Vista-panoramica-en-el-crucero-Danubio-Azul-por-Galapagos-531x354.jpg 531w, https:\/\/naturegalapagos.com\/es\/wp-content\/uploads\/sites\/3\/2024\/12\/Vista-panoramica-en-el-crucero-Danubio-Azul-por-Galapagos-600x400.jpg 600w, https:\/\/naturegalapagos.com\/es\/wp-content\/uploads\/sites\/3\/2024\/12\/Vista-panoramica-en-el-crucero-Danubio-Azul-por-Galapagos-180x120.jpg 180w, https:\/\/naturegalapagos.com\/es\/wp-content\/uploads\/sites\/3\/2024\/12\/Vista-panoramica-en-el-crucero-Danubio-Azul-por-Galapagos-270x180.jpg 270w, https:\/\/naturegalapagos.com\/es\/wp-content\/uploads\/sites\/3\/2024\/12\/Vista-panoramica-en-el-crucero-Danubio-Azul-por-Galapagos.jpg 800w\" sizes=\"(max-width: 360px) 100vw, 360px\" \/><\/a>\t\t\t\t\t\t\t<div class=\"atgrid__item__angle-wrap\"><div class=\"atgrid__item__angle\" style=\"background-color:#253081\">Oferta!<\/div><\/div>\t\t\t\t\t\t\t\t\t\t\t\t\t\t\t\t\t\t\t\t\t<div class=\"atgrid__item__icons\"><a href=\"https:\/\/naturegalapagos.com\/es\/tour-category\/crucero-buceo-galapagos\/\"><i data-toggle=\"tooltip\" title=\"Crucero Buceo Gal\u00e1pagos\" class=\"td-ship-1\"><\/i><\/a><a href=\"https:\/\/naturegalapagos.com\/es\/tour-category\/cruceros-economicos\/\"><i data-toggle=\"tooltip\" title=\"Cruceros Econ\u00f3micos\" class=\"td-sailboat\"><\/i><\/a><\/div>\t\t\t\t\t\t<\/div>\n\n\t\t\t\t\t\t<div class=\"atgrid__item__content\">\n\t\t\t\t\t\t\t<h3 class=\"atgrid__item__title\"><a href=\"https:\/\/naturegalapagos.com\/es\/cruceros-galapagos\/danubio-azul-galapagos\/\">Crucero Danubio Azul Galapagos<\/a><\/h3>\n\t\t\t\t\t\t\t\t\t\t\t\t\t<div class=\"atgrid__item__description\">El Crucero Danubio Galapagos es un hermoso yate equipado para bucear, ideal para familias o grupos peque\u00f1os con actividades bajo<\/div>\n\t\t\t\t\t\t\t\t\t\t\t\t<\/div>\n\t\t\t\t\t\t<div class=\"item-attributes\">\n\t\t\t\t\t\t\t<div class=\"item-attributes__item\"><div class=\"item-attributes__item__content\"><div class=\"item-attributes__item__content__item\"><i class=\"td-backpack\"><\/i><\/div><div class=\"item-attributes__item__content__item item-attributes__item__content__item--text\"><span>Crucero de Buceo<\/span><\/div><\/div><\/div><div class=\"item-attributes__item\"><div class=\"item-attributes__item__content\"><div class=\"item-attributes__item__content__item\"><i class=\"td-calendar-1\"><\/i><\/div><div class=\"item-attributes__item__content__item item-attributes__item__content__item--text\"><span>Martes y Sabado<\/span><\/div><\/div><\/div>\t\t\t\t\t\t\t<div class=\"item-attributes__item\">\n\t\t\t\t\t\t\t\t<a href=\"https:\/\/naturegalapagos.com\/es\/cruceros-galapagos\/danubio-azul-galapagos\/\" class=\"item-attributes__link\"><i class=\"fa fa-long-arrow-right\"><\/i><\/a>\n\t\t\t\t\t\t\t<\/div>\n\t\t\t\t\t\t<\/div>\n\t\t\t\t\t<\/div>\n\t\t\t\t<\/div>\n\t\t\t\t\t\t\t\t\t<\/div><!-- .swiper-wrapper -->\n\t\t<\/div><!-- .swiper-container -->\n\t<\/div><!-- .atgrid__slider  -->\n<\/div><!-- .atgrid -->\n[\/vc_column][\/vc_row][vc_row][vc_column][vc_empty_space height=&#8221;50px&#8221;][\/vc_column][\/vc_row][vc_row][vc_column][vc_column_text]<\/p>\n<h2><span style=\"font-size: 20px; font-family: arial, helvetica, sans-serif;\"><strong>Informaci\u00f3n importante:<\/strong><\/span><\/h2>\n<p><span style=\"font-size: 10pt; font-family: arial, helvetica, sans-serif;\">Por favor tomar en cuenta que todos los Cruceros Gal\u00e1pagos empiezan con un vuelo por la ma\u00f1ana que sale desde Quito o Guayaquil en el primer d\u00eda y concluyen\u00a0<span class=\"Apple-style-span\">con un vuelo de regreso alrededor del mediod\u00eda del \u00faltimo d\u00eda.<\/span><\/span><\/p>\n<div id=\"gallery_1\" class=\"gallery\">\n<div class=\"row gallery__items\">\n\t\t\t\t\t<div class=\"col-sm-4 gallery__item-wrap\" data-filterid=\"\">\n\t\t\t<a href=\"https:\/\/naturegalapagos.com\/es\/wp-content\/uploads\/sites\/3\/2016\/06\/velero-galapagos-merak.jpg\" class=\"swipebox gallery__item\" title=\"Velero Gal\u00e1pagos Merak\">\n\t\t\t\t<img decoding=\"async\" width=\"720\" height=\"480\" src=\"https:\/\/naturegalapagos.com\/es\/wp-content\/uploads\/sites\/3\/2016\/06\/velero-galapagos-merak-720x480.jpg\" class=\"attachment-thumb_gallery size-thumb_gallery\" alt=\"Velero Gal\u00e1pagos Merak\" srcset=\"https:\/\/naturegalapagos.com\/es\/wp-content\/uploads\/sites\/3\/2016\/06\/velero-galapagos-merak-720x480.jpg 720w, https:\/\/naturegalapagos.com\/es\/wp-content\/uploads\/sites\/3\/2016\/06\/velero-galapagos-merak-531x354.jpg 531w, https:\/\/naturegalapagos.com\/es\/wp-content\/uploads\/sites\/3\/2016\/06\/velero-galapagos-merak-360x240.jpg 360w, https:\/\/naturegalapagos.com\/es\/wp-content\/uploads\/sites\/3\/2016\/06\/velero-galapagos-merak-270x180.jpg 270w\" sizes=\"(max-width: 720px) 100vw, 720px\" \/>\t\t\t\t<span class=\"gallery__item__info\">\n\t\t\t\t\t<span class=\"gallery__item__info__content\">\n\t\t\t\t\t\t<span class=\"gallery__item__title\">Velero Gal\u00e1pagos Merak<\/span>\n\t\t\t\t\t\t\t\t\t\t<\/span>\n\t\t\t\t\t<span class=\"gallery__item__shadow\"><\/span>\n\t\t\t\t<\/span>\n\t\t\t<\/a>\n\t\t<\/div>\n\t\t\t\t\t<div class=\"col-sm-4 gallery__item-wrap\" data-filterid=\"\">\n\t\t\t<a href=\"https:\/\/naturegalapagos.com\/es\/wp-content\/uploads\/sites\/3\/2015\/05\/New-Flamingo-Cruise.jpg\" class=\"swipebox gallery__item\" title=\"New Flamingo Crucero\">\n\t\t\t\t<img decoding=\"async\" width=\"720\" height=\"480\" src=\"https:\/\/naturegalapagos.com\/es\/wp-content\/uploads\/sites\/3\/2015\/05\/New-Flamingo-Cruise-720x480.jpg\" class=\"attachment-thumb_gallery size-thumb_gallery\" alt=\"Crucero Gal\u00e1pagos Flamingo\" srcset=\"https:\/\/naturegalapagos.com\/es\/wp-content\/uploads\/sites\/3\/2015\/05\/New-Flamingo-Cruise-720x480.jpg 720w, https:\/\/naturegalapagos.com\/es\/wp-content\/uploads\/sites\/3\/2015\/05\/New-Flamingo-Cruise-300x200.jpg 300w, https:\/\/naturegalapagos.com\/es\/wp-content\/uploads\/sites\/3\/2015\/05\/New-Flamingo-Cruise-768x512.jpg 768w, https:\/\/naturegalapagos.com\/es\/wp-content\/uploads\/sites\/3\/2015\/05\/New-Flamingo-Cruise-531x354.jpg 531w, https:\/\/naturegalapagos.com\/es\/wp-content\/uploads\/sites\/3\/2015\/05\/New-Flamingo-Cruise.jpg 900w\" sizes=\"(max-width: 720px) 100vw, 720px\" \/>\t\t\t\t<span class=\"gallery__item__info\">\n\t\t\t\t\t<span class=\"gallery__item__info__content\">\n\t\t\t\t\t\t<span class=\"gallery__item__title\">New Flamingo Crucero<\/span>\n\t\t\t\t\t\t\t\t\t\t<\/span>\n\t\t\t\t\t<span class=\"gallery__item__shadow\"><\/span>\n\t\t\t\t<\/span>\n\t\t\t<\/a>\n\t\t<\/div>\n\t\t\t\t\t<div class=\"col-sm-4 gallery__item-wrap\" data-filterid=\"\">\n\t\t\t<a href=\"https:\/\/naturegalapagos.com\/es\/wp-content\/uploads\/sites\/3\/2017\/02\/crucero-danubio-azul-galapagos.jpg\" class=\"swipebox gallery__item\" title=\"Crucero Danubio Azul Galapagos\">\n\t\t\t\t<img decoding=\"async\" width=\"720\" height=\"480\" src=\"https:\/\/naturegalapagos.com\/es\/wp-content\/uploads\/sites\/3\/2017\/02\/crucero-danubio-azul-galapagos-720x480.jpg\" class=\"attachment-thumb_gallery size-thumb_gallery\" alt=\"Crucero Danubio Azul Galapagos\" srcset=\"https:\/\/naturegalapagos.com\/es\/wp-content\/uploads\/sites\/3\/2017\/02\/crucero-danubio-azul-galapagos-720x480.jpg 720w, https:\/\/naturegalapagos.com\/es\/wp-content\/uploads\/sites\/3\/2017\/02\/crucero-danubio-azul-galapagos-531x354.jpg 531w, https:\/\/naturegalapagos.com\/es\/wp-content\/uploads\/sites\/3\/2017\/02\/crucero-danubio-azul-galapagos-270x180.jpg 270w, https:\/\/naturegalapagos.com\/es\/wp-content\/uploads\/sites\/3\/2017\/02\/crucero-danubio-azul-galapagos-360x240.jpg 360w\" sizes=\"(max-width: 720px) 100vw, 720px\" \/>\t\t\t\t<span class=\"gallery__item__info\">\n\t\t\t\t\t<span class=\"gallery__item__info__content\">\n\t\t\t\t\t\t<span class=\"gallery__item__title\">Crucero Danubio Azul Galapagos<\/span>\n\t\t\t\t\t\t\t\t\t\t<\/span>\n\t\t\t\t\t<span class=\"gallery__item__shadow\"><\/span>\n\t\t\t\t<\/span>\n\t\t\t<\/a>\n\t\t<\/div>\n\t<\/div>\n<\/div>\n<p>[\/vc_column_text][\/vc_column][\/vc_row][vc_row][vc_column][vc_raw_html css=&#8221;&#8221;]JTVCdHJ1c3RpbmRleCUyMG5vLXJlZ2lzdHJhdGlvbiUzRHRyaXBhZHZpc29yJTVEJTNDYnIlMkYlM0UlMEElNUJjdXN0b21fc2hhcnJlX2J1dHRvbnMlNUQ=[\/vc_raw_html][\/vc_column][\/vc_row]<\/p>\n<\/div>","protected":false},"excerpt":{"rendered":"<p>[vc_row][vc_column][vc_column_text] Cruceros Econ\u00f3micos Gal\u00e1pagos El equipo de Nature Gal\u00e1pagos a elegido dos Cruceros econ\u00f3micos Gal\u00e1pagos: el Crucero Gal\u00e1pagos Flamingo y el Velero Gal\u00e1pagos Merak. Los yates econ\u00f3micos generalmente son peque\u00f1os, cortos de espacio, y la mayor\u00eda tienen cabinas con ba\u00f1o compartido. De cualquier forma es importante saber que siempre se puede disfrutar al m\u00e1ximo de<\/p>\n<div class=\"padding-top text-center\"><a href=\"https:\/\/naturegalapagos.com\/es\/cruceros-galapagos\/danubio-azul-galapagos\/\" class=\"atbtn atbtn--medium atbtn--rounded atbtn--transparent\">Leer m\u00e1s<i class=\"atbtn__icon atbtn__icon--right fa fa-long-arrow-right\"><\/i><\/a><\/div>\n","protected":false},"author":2,"featured_media":0,"parent":0,"menu_order":0,"comment_status":"closed","ping_status":"closed","template":"","meta":{"_joinchat":[],"footnotes":""},"class_list":["post-2399","page","type-page","status-publish","hentry"],"yoast_head":"<!-- This site is optimized with the Yoast SEO Premium plugin v25.6 (Yoast SEO v26.1.1) - https:\/\/yoast.com\/wordpress\/plugins\/seo\/ -->\n<title>Cruceros Econ\u00f3micos Gal\u00e1pagos, aqu\u00ed las mejores opciones!<\/title>\n<meta name=\"description\" content=\"Los Cruceros Econ\u00f3micos Gal\u00e1pagos m\u00e1s importantes, si esta buscando confort estas son las mejores opciones con los mejores itinerarios.\" \/>\n<meta name=\"robots\" content=\"index, follow, max-snippet:-1, max-image-preview:large, max-video-preview:-1\" \/>\n<link rel=\"canonical\" href=\"https:\/\/naturegalapagos.com\/es\/cruceros-economicos-galapagos\/\" \/>\n<meta property=\"og:locale\" content=\"es_ES\" \/>\n<meta property=\"og:type\" content=\"article\" \/>\n<meta property=\"og:title\" content=\"Cruceros Econ\u00f3micos Gal\u00e1pagos\" \/>\n<meta property=\"og:description\" content=\"Los Cruceros Econ\u00f3micos Gal\u00e1pagos m\u00e1s importantes, si esta buscando confort estas son las mejores opciones con los mejores itinerarios.\" \/>\n<meta property=\"og:url\" content=\"https:\/\/naturegalapagos.com\/es\/cruceros-economicos-galapagos\/\" \/>\n<meta property=\"og:site_name\" content=\"Espa\u00f1ol - Nature Galapagos &amp; Ecuador\" \/>\n<meta property=\"article:publisher\" content=\"https:\/\/www.facebook.com\/naturegalapagosecuador\/\" \/>\n<meta property=\"article:modified_time\" content=\"2025-11-17T21:34:16+00:00\" \/>\n<meta name=\"twitter:card\" content=\"summary_large_image\" \/>\n<meta name=\"twitter:site\" content=\"@naturegalapagos\" \/>\n<meta name=\"twitter:label1\" content=\"Tiempo de lectura\" \/>\n\t<meta name=\"twitter:data1\" content=\"1 minuto\" \/>\n<!-- \/ Yoast SEO Premium plugin. -->","yoast_head_json":{"title":"Cruceros Econ\u00f3micos Gal\u00e1pagos, aqu\u00ed las mejores opciones!","description":"Los Cruceros Econ\u00f3micos Gal\u00e1pagos m\u00e1s importantes, si esta buscando confort estas son las mejores opciones con los mejores itinerarios.","robots":{"index":"index","follow":"follow","max-snippet":"max-snippet:-1","max-image-preview":"max-image-preview:large","max-video-preview":"max-video-preview:-1"},"canonical":"https:\/\/naturegalapagos.com\/es\/cruceros-economicos-galapagos\/","og_locale":"es_ES","og_type":"article","og_title":"Cruceros Econ\u00f3micos Gal\u00e1pagos","og_description":"Los Cruceros Econ\u00f3micos Gal\u00e1pagos m\u00e1s importantes, si esta buscando confort estas son las mejores opciones con los mejores itinerarios.","og_url":"https:\/\/naturegalapagos.com\/es\/cruceros-economicos-galapagos\/","og_site_name":"Espa\u00f1ol - Nature Galapagos &amp; Ecuador","article_publisher":"https:\/\/www.facebook.com\/naturegalapagosecuador\/","article_modified_time":"2025-11-17T21:34:16+00:00","twitter_card":"summary_large_image","twitter_site":"@naturegalapagos","twitter_misc":{"Tiempo de lectura":"1 minuto"},"schema":{"@context":"https:\/\/schema.org","@graph":[{"@type":"WebPage","@id":"https:\/\/naturegalapagos.com\/es\/cruceros-economicos-galapagos\/","url":"https:\/\/naturegalapagos.com\/es\/cruceros-economicos-galapagos\/","name":"Cruceros Econ\u00f3micos Gal\u00e1pagos, aqu\u00ed las mejores opciones!","isPartOf":{"@id":"https:\/\/naturegalapagos.com\/es\/#website"},"datePublished":"2024-08-27T13:39:49+00:00","dateModified":"2025-11-17T21:34:16+00:00","description":"Los Cruceros Econ\u00f3micos Gal\u00e1pagos m\u00e1s importantes, si esta buscando confort estas son las mejores opciones con los mejores itinerarios.","breadcrumb":{"@id":"https:\/\/naturegalapagos.com\/es\/cruceros-economicos-galapagos\/#breadcrumb"},"inLanguage":"es","potentialAction":[{"@type":"ReadAction","target":["https:\/\/naturegalapagos.com\/es\/cruceros-economicos-galapagos\/"]}]},{"@type":"BreadcrumbList","@id":"https:\/\/naturegalapagos.com\/es\/cruceros-economicos-galapagos\/#breadcrumb","itemListElement":[{"@type":"ListItem","position":1,"name":"Home","item":"https:\/\/naturegalapagos.com\/es\/"},{"@type":"ListItem","position":2,"name":"Cruceros Econ\u00f3micos Gal\u00e1pagos"}]},{"@type":"WebSite","@id":"https:\/\/naturegalapagos.com\/es\/#website","url":"https:\/\/naturegalapagos.com\/es\/","name":"Espa\u00f1ol - Nature Galapagos & Ecuador","description":"","publisher":{"@id":"https:\/\/naturegalapagos.com\/es\/#organization"},"potentialAction":[{"@type":"SearchAction","target":{"@type":"EntryPoint","urlTemplate":"https:\/\/naturegalapagos.com\/es\/?s={search_term_string}"},"query-input":{"@type":"PropertyValueSpecification","valueRequired":true,"valueName":"search_term_string"}}],"inLanguage":"es"},{"@type":"Organization","@id":"https:\/\/naturegalapagos.com\/es\/#organization","name":"Espa\u00f1ol - Nature Galapagos & Ecuador","url":"https:\/\/naturegalapagos.com\/es\/","logo":{"@type":"ImageObject","inLanguage":"es","@id":"https:\/\/naturegalapagos.com\/es\/#\/schema\/logo\/image\/","url":"https:\/\/naturegalapagos.com\/es\/wp-content\/uploads\/sites\/3\/2016\/10\/Nature-Galapagos-Logo-COM-300x300.jpg","contentUrl":"https:\/\/naturegalapagos.com\/es\/wp-content\/uploads\/sites\/3\/2016\/10\/Nature-Galapagos-Logo-COM-300x300.jpg","width":300,"height":300,"caption":"Espa\u00f1ol - Nature Galapagos & Ecuador"},"image":{"@id":"https:\/\/naturegalapagos.com\/es\/#\/schema\/logo\/image\/"},"sameAs":["https:\/\/www.facebook.com\/naturegalapagosecuador\/","https:\/\/x.com\/naturegalapagos","https:\/\/www.instagram.com\/naturegalapagos\/","https:\/\/www.pinterest.com\/Naturegalapagos\/","https:\/\/www.youtube.com\/user\/NatureGalapagosTours"]}]}},"_links":{"self":[{"href":"https:\/\/naturegalapagos.com\/es\/wp-json\/wp\/v2\/pages\/2399","targetHints":{"allow":["GET"]}}],"collection":[{"href":"https:\/\/naturegalapagos.com\/es\/wp-json\/wp\/v2\/pages"}],"about":[{"href":"https:\/\/naturegalapagos.com\/es\/wp-json\/wp\/v2\/types\/page"}],"author":[{"embeddable":true,"href":"https:\/\/naturegalapagos.com\/es\/wp-json\/wp\/v2\/users\/2"}],"replies":[{"embeddable":true,"href":"https:\/\/naturegalapagos.com\/es\/wp-json\/wp\/v2\/comments?post=2399"}],"version-history":[{"count":0,"href":"https:\/\/naturegalapagos.com\/es\/wp-json\/wp\/v2\/pages\/2399\/revisions"}],"wp:attachment":[{"href":"https:\/\/naturegalapagos.com\/es\/wp-json\/wp\/v2\/media?parent=2399"}],"curies":[{"name":"wp","href":"https:\/\/api.w.org\/{rel}","templated":true}]}}