{"id":2410,"date":"2015-10-22T16:52:17","date_gmt":"2015-10-22T16:52:17","guid":{"rendered":"http:\/\/naturegalapagos.com\/es\/?page_id=2410"},"modified":"2025-11-17T17:09:05","modified_gmt":"2025-11-17T22:09:05","slug":"cuenca-ecuador-cuenca-tours","status":"publish","type":"page","link":"https:\/\/naturegalapagos.com\/es\/cuenca-ecuador\/cuenca-tours\/","title":{"rendered":"Cuenca Tours: Que hacer en Cuenca"},"content":{"rendered":"<div class=\"wpb-content-wrapper\"><p>[vc_row][vc_column][vc_column_text]<\/p>\n<h2><span style=\"font-size: 24px; font-family: arial, helvetica, sans-serif;\"><strong>Cuenca Tours<\/strong><\/span><\/h2>\n<hr \/>\n<p><span style=\"font-size: 14px; font-family: arial, helvetica, sans-serif;\">Cuenca es una de las <strong>ciudades mas hermosas en Ecuador<\/strong>, esta localizada en la parte sur del pa\u00eds y es la capital de la provincia de Azuay. Se en<\/span><span style=\"font-size: 14px; font-family: arial, helvetica, sans-serif;\">cuentra a 2,500 metros sobre el nivel del mar. El centro de la ciudad de cuenca fue nombrado como <strong>patrimonio de la humanidad<\/strong> por las UNESCO. Cuenca tambi\u00e9n es muy bien conocida por su hermosa e impresionante arquitectura, hoteles, atracciones tur\u00edsticas y activi<\/span><span style=\"font-size: 14px; font-family: arial, helvetica, sans-serif;\">dades nocturnas.<\/span><\/p>\n<div id=\"gallery_1\" class=\"gallery\">\n<div class=\"row gallery__items\">\n\t\t\t\t\t<div class=\"col-sm-6 gallery__item-wrap\" data-filterid=\"\">\n\t\t\t<a href=\"https:\/\/naturegalapagos.com\/es\/wp-content\/uploads\/sites\/3\/2019\/12\/Catedral-de-la-Inmaculada-Concepcion-de-Cuenca.jpg\" class=\"swipebox gallery__item\" title=\"Catedral-de-la-Inmaculada-Concepcion-de-Cuenca\">\n\t\t\t\t<img decoding=\"async\" width=\"720\" height=\"480\" src=\"https:\/\/naturegalapagos.com\/es\/wp-content\/uploads\/sites\/3\/2019\/12\/Catedral-de-la-Inmaculada-Concepcion-de-Cuenca-720x480.jpg\" class=\"attachment-thumb_gallery size-thumb_gallery\" alt=\"\" srcset=\"https:\/\/naturegalapagos.com\/es\/wp-content\/uploads\/sites\/3\/2019\/12\/Catedral-de-la-Inmaculada-Concepcion-de-Cuenca-720x480.jpg 720w, https:\/\/naturegalapagos.com\/es\/wp-content\/uploads\/sites\/3\/2019\/12\/Catedral-de-la-Inmaculada-Concepcion-de-Cuenca-531x354.jpg 531w, https:\/\/naturegalapagos.com\/es\/wp-content\/uploads\/sites\/3\/2019\/12\/Catedral-de-la-Inmaculada-Concepcion-de-Cuenca-180x120.jpg 180w\" sizes=\"(max-width: 720px) 100vw, 720px\" \/>\t\t\t\t<span class=\"gallery__item__info\">\n\t\t\t\t\t<span class=\"gallery__item__info__content\">\n\t\t\t\t\t\t<span class=\"gallery__item__title\">Catedral-de-la-Inmaculada-Concepcion-de-Cuenca<\/span>\n\t\t\t\t\t\t\t\t\t\t<\/span>\n\t\t\t\t\t<span class=\"gallery__item__shadow\"><\/span>\n\t\t\t\t<\/span>\n\t\t\t<\/a>\n\t\t<\/div>\n\t\t\t\t\t<div class=\"col-sm-6 gallery__item-wrap\" data-filterid=\"\">\n\t\t\t<a href=\"https:\/\/naturegalapagos.com\/es\/wp-content\/uploads\/sites\/3\/2019\/12\/cuenca_001.jpg\" class=\"swipebox gallery__item\" title=\"cuenca_001\">\n\t\t\t\t<img decoding=\"async\" width=\"720\" height=\"480\" src=\"https:\/\/naturegalapagos.com\/es\/wp-content\/uploads\/sites\/3\/2019\/12\/cuenca_001-720x480.jpg\" class=\"attachment-thumb_gallery size-thumb_gallery\" alt=\"\" srcset=\"https:\/\/naturegalapagos.com\/es\/wp-content\/uploads\/sites\/3\/2019\/12\/cuenca_001-720x480.jpg 720w, https:\/\/naturegalapagos.com\/es\/wp-content\/uploads\/sites\/3\/2019\/12\/cuenca_001-531x354.jpg 531w, https:\/\/naturegalapagos.com\/es\/wp-content\/uploads\/sites\/3\/2019\/12\/cuenca_001-180x120.jpg 180w, https:\/\/naturegalapagos.com\/es\/wp-content\/uploads\/sites\/3\/2019\/12\/cuenca_001-1140x760.jpg 1140w\" sizes=\"(max-width: 720px) 100vw, 720px\" \/>\t\t\t\t<span class=\"gallery__item__info\">\n\t\t\t\t\t<span class=\"gallery__item__info__content\">\n\t\t\t\t\t\t<span class=\"gallery__item__title\">cuenca_001<\/span>\n\t\t\t\t\t\t\t\t\t\t<\/span>\n\t\t\t\t\t<span class=\"gallery__item__shadow\"><\/span>\n\t\t\t\t<\/span>\n\t\t\t<\/a>\n\t\t<\/div>\n\t<\/div>\n<\/div>\n<p>&nbsp;<\/p>\n<h3><span style=\"font-size: 20px; font-family: arial, helvetica, sans-serif;\"><strong>Qu\u00e9 hacer en Cuenca<\/strong><\/span><\/h3>\n<p><span style=\"font-size: 14px; font-family: arial, helvetica, sans-serif;\">Cuenca, oficialmente conocido como <strong>Santa Ana de los Cuatro R\u00edos de Cuenca <\/strong>es tambi\u00e9n llamado la &#8220;Atenas&#8221; de Ecuador por su belleza colonial nombrada patrimonio de la humanidad por la UNESCO. La ciudad toma el nombre de &#8220;Santa Ana de los R\u00edos de Cuenca&#8221; en honor a Cuenca &#8211; Espa\u00f1a, Lugar de nacimiento del virrey espa\u00f1ol Andr\u00e9s Hurtado de Mendoza, quien fue el encargado de fundarla ciudad, por esta ciudad pasan los r\u00edos Tomebamba, Tarqui, Yanuncay y\u00a0Mach\u00e1ngara. Santa Ana \u00a0viene de la tradici\u00f3n espa\u00f1ola de nombrar las ciudades con santos del catolicismo, en este caso Santa Ana.<\/span><\/p>\n<p><span style=\"font-size: 14px; font-family: arial, helvetica, sans-serif;\">Si estas plaenando visitar Cuenca, Nature Galapagos &amp; Ecuador ofrece tours completos a Cuenca con diferentes destinos a lo largo de la ciudad. Incluyendo tours diarios, tours nocturnos, excursiones, observacion de aves y tpurs de pesca.<\/span>[\/vc_column_text][\/vc_column][\/vc_row][vc_row][vc_column]<div id=\"swiper1\" class=\"atgrid\">\n<div class=\"title title--big title--center title--underline title--decoration-bottom-center\">\n\t<div class=\"title__subtitle\">Ecuador Tours<\/div>\n<h3 class=\"title__primary\">Cuenca Tours<\/h3><\/div>\n\t<div class=\"atgrid__slider\">\n\t\t<div class=\"atgrid__slider__controls\">\n\t\t\t<a class=\"atgrid__slider__prev\" href=\"#\"><i class=\"fa fa-chevron-left\"><\/i><\/a>\n\t\t\t<a class=\"atgrid__slider__next\" href=\"#\"><i class=\"fa fa-chevron-right\"><\/i><\/a>\n\t\t<\/div>\n\n\t\t<div class=\"swiper-container swiper-slider atgrid__slider__container\">\n\t\t\t<div class=\"swiper-wrapper\">\n\t\t\t\t\t\t\t\t\t\t<div class=\"swiper-slide\">\n\t\t\t\t\t<div class=\"atgrid__item\">\n\t\t\t\t\t\t<div class=\"atgrid__item__top\">\n\t\t\t\t\t\t\t<a href=\"https:\/\/naturegalapagos.com\/es\/cuenca-ecuador\/cuenca-tours\/cuenca-city-tour\/\" class=\"atgrid__item__top__image\"><img decoding=\"async\" width=\"360\" height=\"240\" src=\"https:\/\/naturegalapagos.com\/es\/wp-content\/uploads\/sites\/3\/2024\/12\/catedral-de-cuenca-provincia-azuay-360x240.jpg\" class=\"attachment-thumb_tour_listing_small size-thumb_tour_listing_small wp-post-image\" alt=\"catedral de cuenca provincia azuay\" srcset=\"https:\/\/naturegalapagos.com\/es\/wp-content\/uploads\/sites\/3\/2024\/12\/catedral-de-cuenca-provincia-azuay-360x240.jpg 360w, https:\/\/naturegalapagos.com\/es\/wp-content\/uploads\/sites\/3\/2024\/12\/catedral-de-cuenca-provincia-azuay-300x200.jpg 300w, https:\/\/naturegalapagos.com\/es\/wp-content\/uploads\/sites\/3\/2024\/12\/catedral-de-cuenca-provincia-azuay-531x354.jpg 531w, https:\/\/naturegalapagos.com\/es\/wp-content\/uploads\/sites\/3\/2024\/12\/catedral-de-cuenca-provincia-azuay-600x400.jpg 600w, https:\/\/naturegalapagos.com\/es\/wp-content\/uploads\/sites\/3\/2024\/12\/catedral-de-cuenca-provincia-azuay-180x120.jpg 180w, https:\/\/naturegalapagos.com\/es\/wp-content\/uploads\/sites\/3\/2024\/12\/catedral-de-cuenca-provincia-azuay-270x180.jpg 270w, https:\/\/naturegalapagos.com\/es\/wp-content\/uploads\/sites\/3\/2024\/12\/catedral-de-cuenca-provincia-azuay.jpg 640w\" sizes=\"(max-width: 360px) 100vw, 360px\" \/><\/a>\t\t\t\t\t\t\t\t\t\t\t\t\t\t\t\t\t\t\t\t\t\t\t\t\t\t\t\t<div class=\"atgrid__item__icons\"><a href=\"https:\/\/naturegalapagos.com\/es\/tour-category\/tours-de-cuenca\/\"><i data-toggle=\"tooltip\" title=\"Tours de Cuenca\" class=\"td-building-2\"><\/i><\/a><\/div>\t\t\t\t\t\t<\/div>\n\n\t\t\t\t\t\t<div class=\"atgrid__item__content\">\n\t\t\t\t\t\t\t<h3 class=\"atgrid__item__title\"><a href=\"https:\/\/naturegalapagos.com\/es\/cuenca-ecuador\/cuenca-tours\/cuenca-city-tour\/\">Cuenca<\/a><\/h3>\n\t\t\t\t\t\t\t\t\t\t\t\t\t<div class=\"atgrid__item__description\">Cuenca, oficialmente conocida como Santa Ana de los Cuatro R\u00edos de Cuenca, es una de las ciudades mas hermosas de<\/div>\n\t\t\t\t\t\t\t\t\t\t\t\t<\/div>\n\t\t\t\t\t\t<div class=\"item-attributes\">\n\t\t\t\t\t\t\t<div class=\"item-attributes__item\"><div class=\"item-attributes__item__content\"><div class=\"item-attributes__item__content__item\"><i class=\"td-backpack\"><\/i><\/div><div class=\"item-attributes__item__content__item item-attributes__item__content__item--text\"><span>Aventura Sencilla<\/span><\/div><\/div><\/div><div class=\"item-attributes__item\"><div class=\"item-attributes__item__content\"><div class=\"item-attributes__item__content__item\"><i class=\"td-calendar-1\"><\/i><\/div><div class=\"item-attributes__item__content__item item-attributes__item__content__item--text\"><span>Todos los D\u00edas<\/span><\/div><\/div><\/div>\t\t\t\t\t\t\t<div class=\"item-attributes__item\">\n\t\t\t\t\t\t\t\t<a href=\"https:\/\/naturegalapagos.com\/es\/cuenca-ecuador\/cuenca-tours\/cuenca-city-tour\/\" class=\"item-attributes__link\"><i class=\"fa fa-long-arrow-right\"><\/i><\/a>\n\t\t\t\t\t\t\t<\/div>\n\t\t\t\t\t\t<\/div>\n\t\t\t\t\t<\/div>\n\t\t\t\t<\/div>\n\t\t\t\t\t\t\t\t\t\t<div class=\"swiper-slide\">\n\t\t\t\t\t<div class=\"atgrid__item\">\n\t\t\t\t\t\t<div class=\"atgrid__item__top\">\n\t\t\t\t\t\t\t<a href=\"https:\/\/naturegalapagos.com\/es\/cuenca-ecuador\/cuenca-tours\/cuenca-aventura\/\" class=\"atgrid__item__top__image\"><img decoding=\"async\" width=\"360\" height=\"240\" src=\"https:\/\/naturegalapagos.com\/es\/wp-content\/uploads\/sites\/3\/2015\/11\/cuenca-aventura-360x240.jpg\" class=\"attachment-thumb_tour_listing_small size-thumb_tour_listing_small wp-post-image\" alt=\"Parque Nacional El Cajas Senderismo\" srcset=\"https:\/\/naturegalapagos.com\/es\/wp-content\/uploads\/sites\/3\/2015\/11\/cuenca-aventura-360x240.jpg 360w, https:\/\/naturegalapagos.com\/es\/wp-content\/uploads\/sites\/3\/2015\/11\/cuenca-aventura-531x354.jpg 531w, https:\/\/naturegalapagos.com\/es\/wp-content\/uploads\/sites\/3\/2015\/11\/cuenca-aventura-270x180.jpg 270w\" sizes=\"(max-width: 360px) 100vw, 360px\" \/><\/a>\t\t\t\t\t\t\t\t\t\t\t\t\t\t\t\t\t\t\t\t\t\t\t\t\t\t\t\t<div class=\"atgrid__item__icons\"><a href=\"https:\/\/naturegalapagos.com\/es\/tour-category\/tours-de-cuenca\/\"><i data-toggle=\"tooltip\" title=\"Tours de Cuenca\" class=\"td-building-2\"><\/i><\/a><\/div>\t\t\t\t\t\t<\/div>\n\n\t\t\t\t\t\t<div class=\"atgrid__item__content\">\n\t\t\t\t\t\t\t<h3 class=\"atgrid__item__title\"><a href=\"https:\/\/naturegalapagos.com\/es\/cuenca-ecuador\/cuenca-tours\/cuenca-aventura\/\">Parque Nacional El Cajas Senderismo<\/a><\/h3>\n\t\t\t\t\t\t\t\t\t\t\t\t\t<div class=\"atgrid__item__description\">Cuenca aventura en la ciudad de Cuenca: Incluyen caminatas de exploraci\u00f3n en el Parque Nacional Cajas, pesca y observaci\u00f3n de<\/div>\n\t\t\t\t\t\t\t\t\t\t\t\t<\/div>\n\t\t\t\t\t\t<div class=\"item-attributes\">\n\t\t\t\t\t\t\t<div class=\"item-attributes__item\"><div class=\"item-attributes__item__content\"><div class=\"item-attributes__item__content__item\"><i class=\"td-backpack\"><\/i><\/div><div class=\"item-attributes__item__content__item item-attributes__item__content__item--text\"><span>Aventura Sencilla<\/span><\/div><\/div><\/div><div class=\"item-attributes__item\"><div class=\"item-attributes__item__content\"><div class=\"item-attributes__item__content__item\"><i class=\"td-calendar-1\"><\/i><\/div><div class=\"item-attributes__item__content__item item-attributes__item__content__item--text\"><span>Todos los D\u00edas<\/span><\/div><\/div><\/div>\t\t\t\t\t\t\t<div class=\"item-attributes__item\">\n\t\t\t\t\t\t\t\t<a href=\"https:\/\/naturegalapagos.com\/es\/cuenca-ecuador\/cuenca-tours\/cuenca-aventura\/\" class=\"item-attributes__link\"><i class=\"fa fa-long-arrow-right\"><\/i><\/a>\n\t\t\t\t\t\t\t<\/div>\n\t\t\t\t\t\t<\/div>\n\t\t\t\t\t<\/div>\n\t\t\t\t<\/div>\n\t\t\t\t\t\t\t\t\t<\/div><!-- .swiper-wrapper -->\n\t\t<\/div><!-- .swiper-container -->\n\t<\/div><!-- .atgrid__slider  -->\n<\/div><!-- .atgrid -->\n[\/vc_column][\/vc_row][vc_row][vc_column][vc_empty_space height=&#8221;50px&#8221;][\/vc_column][\/vc_row][vc_row][vc_column][vc_raw_html]JTNDYnIlMjAlMkYlM0UlMEQlMEElNUJ0cnVzdGluZGV4JTIwbm8tcmVnaXN0cmF0aW9uJTNEdHJpcGFkdmlzb3IlNUQlMjAlM0NiciUyMCUyRiUzRSUwRCUwQSU1QmN1c3RvbV9zaGFycmVfYnV0dG9ucyU1RA==[\/vc_raw_html][\/vc_column][\/vc_row]<\/p>\n<\/div>","protected":false},"excerpt":{"rendered":"<p>[vc_row][vc_column][vc_column_text] Cuenca Tours Cuenca es una de las ciudades mas hermosas en Ecuador, esta localizada en la parte sur del pa\u00eds y es la capital de la provincia de Azuay. Se encuentra a 2,500 metros sobre el nivel del mar. El centro de la ciudad de cuenca fue nombrado como patrimonio de la humanidad por<\/p>\n<div class=\"padding-top text-center\"><a href=\"https:\/\/naturegalapagos.com\/es\/cuenca-ecuador\/cuenca-tours\/cuenca-aventura\/\" class=\"atbtn atbtn--medium atbtn--rounded atbtn--transparent\">Leer m\u00e1s<i class=\"atbtn__icon atbtn__icon--right fa fa-long-arrow-right\"><\/i><\/a><\/div>\n","protected":false},"author":2,"featured_media":0,"parent":0,"menu_order":0,"comment_status":"closed","ping_status":"closed","template":"","meta":{"_joinchat":[],"footnotes":""},"class_list":["post-2410","page","type-page","status-publish","hentry"],"yoast_head":"<!-- This site is optimized with the Yoast SEO Premium plugin v25.6 (Yoast SEO v26.1.1) - https:\/\/yoast.com\/wordpress\/plugins\/seo\/ -->\n<title>Cuenca Tours | Variada selecci\u00f3n de tours en la Colonial Cuenca.<\/title>\n<meta name=\"description\" content=\"Nuestros Cuenca Tours est\u00e1n dise\u00f1ados por disfrutar de la hermosa ciudad de Cuenca, en diversos diarios, nocturnos, excursiones, observaci\u00f3n de aves y pesca\" \/>\n<meta name=\"robots\" content=\"index, follow, max-snippet:-1, max-image-preview:large, max-video-preview:-1\" \/>\n<link rel=\"canonical\" href=\"https:\/\/naturegalapagos.com\/es\/cuenca-ecuador\/cuenca-tours\/\" \/>\n<meta property=\"og:locale\" content=\"es_ES\" \/>\n<meta property=\"og:type\" content=\"article\" \/>\n<meta property=\"og:title\" content=\"Cuenca Tours\" \/>\n<meta property=\"og:description\" content=\"Nuestros Cuenca Tours est\u00e1n dise\u00f1ados por disfrutar de la hermosa ciudad de Cuenca, en diversos diarios, nocturnos, excursiones, observaci\u00f3n de aves y pesca\" \/>\n<meta property=\"og:url\" content=\"https:\/\/naturegalapagos.com\/es\/cuenca-ecuador\/cuenca-tours\/\" \/>\n<meta property=\"og:site_name\" content=\"Espa\u00f1ol - Nature Galapagos &amp; Ecuador\" \/>\n<meta property=\"article:publisher\" content=\"https:\/\/www.facebook.com\/naturegalapagosecuador\/\" \/>\n<meta property=\"article:modified_time\" content=\"2025-11-17T22:09:05+00:00\" \/>\n<meta property=\"og:image\" content=\"https:\/\/naturegalapagos.com\/es\/wp-content\/uploads\/sites\/3\/2016\/07\/Cuenca-Tours.jpg\" \/>\n\t<meta property=\"og:image:width\" content=\"1920\" \/>\n\t<meta property=\"og:image:height\" content=\"400\" \/>\n\t<meta property=\"og:image:type\" content=\"image\/jpeg\" \/>\n<meta name=\"twitter:card\" content=\"summary_large_image\" \/>\n<meta name=\"twitter:title\" content=\"Cuenca Tours\" \/>\n<meta name=\"twitter:description\" content=\"Nuestros Cuenca Tours est\u00e1n dise\u00f1ados por disfrutar de la hermosa ciudad de Cuenca, en diversos diarios, nocturnos, excursiones, observaci\u00f3n de aves y pesca\" \/>\n<meta name=\"twitter:site\" content=\"@naturegalapagos\" \/>\n<meta name=\"twitter:label1\" content=\"Tiempo de lectura\" \/>\n\t<meta name=\"twitter:data1\" content=\"2 minutos\" \/>\n<!-- \/ Yoast SEO Premium plugin. -->","yoast_head_json":{"title":"Cuenca Tours | Variada selecci\u00f3n de tours en la Colonial Cuenca.","description":"Nuestros Cuenca Tours est\u00e1n dise\u00f1ados por disfrutar de la hermosa ciudad de Cuenca, en diversos diarios, nocturnos, excursiones, observaci\u00f3n de aves y pesca","robots":{"index":"index","follow":"follow","max-snippet":"max-snippet:-1","max-image-preview":"max-image-preview:large","max-video-preview":"max-video-preview:-1"},"canonical":"https:\/\/naturegalapagos.com\/es\/cuenca-ecuador\/cuenca-tours\/","og_locale":"es_ES","og_type":"article","og_title":"Cuenca Tours","og_description":"Nuestros Cuenca Tours est\u00e1n dise\u00f1ados por disfrutar de la hermosa ciudad de Cuenca, en diversos diarios, nocturnos, excursiones, observaci\u00f3n de aves y pesca","og_url":"https:\/\/naturegalapagos.com\/es\/cuenca-ecuador\/cuenca-tours\/","og_site_name":"Espa\u00f1ol - Nature Galapagos &amp; Ecuador","article_publisher":"https:\/\/www.facebook.com\/naturegalapagosecuador\/","article_modified_time":"2025-11-17T22:09:05+00:00","og_image":[{"width":1920,"height":400,"url":"https:\/\/naturegalapagos.com\/es\/wp-content\/uploads\/sites\/3\/2016\/07\/Cuenca-Tours.jpg","type":"image\/jpeg"}],"twitter_card":"summary_large_image","twitter_title":"Cuenca Tours","twitter_description":"Nuestros Cuenca Tours est\u00e1n dise\u00f1ados por disfrutar de la hermosa ciudad de Cuenca, en diversos diarios, nocturnos, excursiones, observaci\u00f3n de aves y pesca","twitter_site":"@naturegalapagos","twitter_misc":{"Tiempo de lectura":"2 minutos"},"schema":{"@context":"https:\/\/schema.org","@graph":[{"@type":"WebPage","@id":"https:\/\/naturegalapagos.com\/es\/cuenca-ecuador\/cuenca-tours\/","url":"https:\/\/naturegalapagos.com\/es\/cuenca-ecuador\/cuenca-tours\/","name":"Cuenca Tours | Variada selecci\u00f3n de tours en la Colonial Cuenca.","isPartOf":{"@id":"https:\/\/naturegalapagos.com\/es\/#website"},"datePublished":"2015-10-22T16:52:17+00:00","dateModified":"2025-11-17T22:09:05+00:00","description":"Nuestros Cuenca Tours est\u00e1n dise\u00f1ados por disfrutar de la hermosa ciudad de Cuenca, en diversos diarios, nocturnos, excursiones, observaci\u00f3n de aves y pesca","breadcrumb":{"@id":"https:\/\/naturegalapagos.com\/es\/cuenca-ecuador\/cuenca-tours\/#breadcrumb"},"inLanguage":"es","potentialAction":[{"@type":"ReadAction","target":["https:\/\/naturegalapagos.com\/es\/cuenca-ecuador\/cuenca-tours\/"]}]},{"@type":"BreadcrumbList","@id":"https:\/\/naturegalapagos.com\/es\/cuenca-ecuador\/cuenca-tours\/#breadcrumb","itemListElement":[{"@type":"ListItem","position":1,"name":"Home","item":"https:\/\/naturegalapagos.com\/es\/"},{"@type":"ListItem","position":2,"name":"Cuenca Tours: Que hacer en Cuenca"}]},{"@type":"WebSite","@id":"https:\/\/naturegalapagos.com\/es\/#website","url":"https:\/\/naturegalapagos.com\/es\/","name":"Espa\u00f1ol - Nature Galapagos & Ecuador","description":"","publisher":{"@id":"https:\/\/naturegalapagos.com\/es\/#organization"},"potentialAction":[{"@type":"SearchAction","target":{"@type":"EntryPoint","urlTemplate":"https:\/\/naturegalapagos.com\/es\/?s={search_term_string}"},"query-input":{"@type":"PropertyValueSpecification","valueRequired":true,"valueName":"search_term_string"}}],"inLanguage":"es"},{"@type":"Organization","@id":"https:\/\/naturegalapagos.com\/es\/#organization","name":"Espa\u00f1ol - Nature Galapagos & Ecuador","url":"https:\/\/naturegalapagos.com\/es\/","logo":{"@type":"ImageObject","inLanguage":"es","@id":"https:\/\/naturegalapagos.com\/es\/#\/schema\/logo\/image\/","url":"https:\/\/naturegalapagos.com\/es\/wp-content\/uploads\/sites\/3\/2016\/10\/Nature-Galapagos-Logo-COM-300x300.jpg","contentUrl":"https:\/\/naturegalapagos.com\/es\/wp-content\/uploads\/sites\/3\/2016\/10\/Nature-Galapagos-Logo-COM-300x300.jpg","width":300,"height":300,"caption":"Espa\u00f1ol - Nature Galapagos & Ecuador"},"image":{"@id":"https:\/\/naturegalapagos.com\/es\/#\/schema\/logo\/image\/"},"sameAs":["https:\/\/www.facebook.com\/naturegalapagosecuador\/","https:\/\/x.com\/naturegalapagos","https:\/\/www.instagram.com\/naturegalapagos\/","https:\/\/www.pinterest.com\/Naturegalapagos\/","https:\/\/www.youtube.com\/user\/NatureGalapagosTours"]}]}},"_links":{"self":[{"href":"https:\/\/naturegalapagos.com\/es\/wp-json\/wp\/v2\/pages\/2410","targetHints":{"allow":["GET"]}}],"collection":[{"href":"https:\/\/naturegalapagos.com\/es\/wp-json\/wp\/v2\/pages"}],"about":[{"href":"https:\/\/naturegalapagos.com\/es\/wp-json\/wp\/v2\/types\/page"}],"author":[{"embeddable":true,"href":"https:\/\/naturegalapagos.com\/es\/wp-json\/wp\/v2\/users\/2"}],"replies":[{"embeddable":true,"href":"https:\/\/naturegalapagos.com\/es\/wp-json\/wp\/v2\/comments?post=2410"}],"version-history":[{"count":0,"href":"https:\/\/naturegalapagos.com\/es\/wp-json\/wp\/v2\/pages\/2410\/revisions"}],"wp:attachment":[{"href":"https:\/\/naturegalapagos.com\/es\/wp-json\/wp\/v2\/media?parent=2410"}],"curies":[{"name":"wp","href":"https:\/\/api.w.org\/{rel}","templated":true}]}}