{"id":2413,"date":"2014-01-07T08:25:11","date_gmt":"2014-01-07T08:25:11","guid":{"rendered":"http:\/\/naturegalapagos.com\/es\/?page_id=2413"},"modified":"2025-11-17T17:00:33","modified_gmt":"2025-11-17T22:00:33","slug":"tours-3","status":"publish","type":"page","link":"https:\/\/naturegalapagos.com\/es\/tours\/","title":{"rendered":"Gal\u00e1pagos Tour | Programas Oceano"},"content":{"rendered":"<div class=\"wpb-content-wrapper\"><p>[vc_row][vc_column][vc_column_text]<\/p>\n<h2><em>Programas Gal\u00e1pagos Oc\u00e9ano: <\/em>Tours en\u00a0Gal\u00e1pagos en tres Islas<span style=\"font-size: 16px;\">\u00a0<\/span><\/h2>\n<p>Los Paquetes\u00a0<em><strong>Gal\u00e1pagos<\/strong><\/em>\u00a0<em><strong>Oceano <\/strong><\/em>forman parte de nuestra selecci\u00f3n de Tours Terrestres de Gal\u00e1pagos de nivel moderado (aventura suave). Esto significa que sonviajes por tierra de varios d\u00edas y<strong> en base a hoteles<\/strong> en<strong> tres distintas islas m\u00e1s un tour de un d\u00eda a una Isla deshabitada<\/strong>. Estos programas son de nivel moderado (aventura suave) y tienen una <strong>duraci\u00f3n 5, 6 y 8 d\u00edas.<\/strong><\/p>\n<p>Con estos tours a Gal\u00e1pagos podr\u00e1s explorar las islas a fondo hosped\u00e1ndote en hoteles en cada isla. <strong>Adem\u00e1s de Santa Cruz, Isabela y la Isla de San Crist\u00f3bal (programa de 8 d\u00edas)<\/strong>, el itinerario de los Oc\u00e9ano i<strong>ncluyen una excursi\u00f3n de un d\u00eda completo a una isla deshabitada<\/strong> (que puede ser Bartolom\u00e9, Seymour Norte, Plazas y \/ o Santa Fe).<\/p>\n<p>Los paquetes tur\u00edsticos de <em>Oceano<\/em> te permiten e<strong>legir las categor\u00edas de hoteles en las que deseas alojarte<\/strong>: hoteles econ\u00f3micos, tur\u00edsticos, tur\u00edsticos superiores o de primera clase. El costo de la de los Oc\u00e9ano <strong>incluye alojamiento, excursiones guiadas, 3 comidas al d\u00eda y equipo de snorkel<\/strong> (para las actividades en el itinerario). Adem\u00e1s incluye caminatas moderadas, observaci\u00f3n de la fauna, navegaciones.<\/p>\n<p>[\/vc_column_text][vc_empty_space height=&#8221;40px&#8221;][\/vc_column][\/vc_row][vc_row][vc_column]<div id=\"swiper1\" class=\"atgrid\">\n<div class=\"title title--big title--center title--underline title--decoration-bottom-center\">\n\t<div class=\"title__subtitle\">Tours en Galapagos<\/div>\n<h3 class=\"title__primary\">Programas Oceano<\/h3><\/div>\n\t<div class=\"atgrid__slider\">\n\t\t<div class=\"atgrid__slider__controls\">\n\t\t\t<a class=\"atgrid__slider__prev\" href=\"#\"><i class=\"fa fa-chevron-left\"><\/i><\/a>\n\t\t\t<a class=\"atgrid__slider__next\" href=\"#\"><i class=\"fa fa-chevron-right\"><\/i><\/a>\n\t\t<\/div>\n\n\t\t<div class=\"swiper-container swiper-slider atgrid__slider__container\">\n\t\t\t<div class=\"swiper-wrapper\">\n\t\t\t\t\t\t\t\t\t\t<div class=\"swiper-slide\">\n\t\t\t\t\t<div class=\"atgrid__item\">\n\t\t\t\t\t\t<div class=\"atgrid__item__top\">\n\t\t\t\t\t\t\t<a href=\"https:\/\/naturegalapagos.com\/es\/tours\/islas-galapagos-tours-8-dias\/\" class=\"atgrid__item__top__image\"><img decoding=\"async\" width=\"360\" height=\"240\" src=\"https:\/\/naturegalapagos.com\/es\/wp-content\/uploads\/sites\/3\/2016\/06\/islas-galapagos-360x240.jpg\" class=\"attachment-thumb_tour_listing_small size-thumb_tour_listing_small wp-post-image\" alt=\"Islas Gal\u00e1pagos\" srcset=\"https:\/\/naturegalapagos.com\/es\/wp-content\/uploads\/sites\/3\/2016\/06\/islas-galapagos-360x240.jpg 360w, https:\/\/naturegalapagos.com\/es\/wp-content\/uploads\/sites\/3\/2016\/06\/islas-galapagos-531x354.jpg 531w, https:\/\/naturegalapagos.com\/es\/wp-content\/uploads\/sites\/3\/2016\/06\/islas-galapagos-270x180.jpg 270w\" sizes=\"(max-width: 360px) 100vw, 360px\" \/><\/a>\t\t\t\t\t\t\t<div class=\"atgrid__item__angle-wrap\"><div class=\"atgrid__item__angle\" style=\"background-color:#253081\">Compra en Linea! <\/div><\/div>\t\t\t\t\t\t\t<div class=\"atgrid__item__price\"><a href=\"https:\/\/naturegalapagos.com\/es\/tours\/islas-galapagos-tours-8-dias\/\" class=\"atgrid__item__price__button\"><span class=\"woocommerce-Price-amount amount\" aria-hidden=\"true\"><bdi><span class=\"woocommerce-Price-currencySymbol\">&#36;<\/span>2.203<\/bdi><\/span> <span aria-hidden=\"true\">-<\/span> <span class=\"woocommerce-Price-amount amount\" aria-hidden=\"true\"><bdi><span class=\"woocommerce-Price-currencySymbol\">&#36;<\/span>4.311<\/bdi><\/span><span class=\"screen-reader-text\">Rango de precios: desde &#36;2.203 hasta &#36;4.311<\/span><\/a><\/div>\t\t\t\t\t\t\t\t\t\t\t\t\t\t<div class=\"atgrid__item__icons\"><a href=\"https:\/\/naturegalapagos.com\/es\/tour-category\/land-tours\/\"><i data-toggle=\"tooltip\" title=\"Land Tours\" class=\"td-backpack\"><\/i><\/a><a href=\"https:\/\/naturegalapagos.com\/es\/tour-category\/oceano-programs\/\"><i data-toggle=\"tooltip\" title=\"Oceano Programs\" class=\"td-turtle\"><\/i><\/a><\/div>\t\t\t\t\t\t<\/div>\n\n\t\t\t\t\t\t<div class=\"atgrid__item__content\">\n\t\t\t\t\t\t\t<h3 class=\"atgrid__item__title\"><a href=\"https:\/\/naturegalapagos.com\/es\/tours\/islas-galapagos-tours-8-dias\/\">Islas Gal\u00e1pagos tours | 4 Islas en 8 D\u00edas 7 Noches<\/a><\/h3>\n\t\t\t\t\t\t\t\t\t\t\t\t\t<div class=\"atgrid__item__description\">Islas Galapagos tours recorriendo 3 islas de las maravillosas Galapagos disfrute de la cercan\u00eda de los lobos marinos, mire de<\/div>\n\t\t\t\t\t\t\t\t\t\t\t\t<\/div>\n\t\t\t\t\t\t<div class=\"item-attributes\">\n\t\t\t\t\t\t\t<div class=\"item-attributes__item\"><div class=\"item-attributes__item__content\"><div class=\"item-attributes__item__content__item\"><i class=\"td-backpack\"><\/i><\/div><div class=\"item-attributes__item__content__item item-attributes__item__content__item--text\"><span>Aventura Sencilla<\/span><\/div><\/div><\/div><div class=\"item-attributes__item\"><div class=\"item-attributes__item__content\"><div class=\"item-attributes__item__content__item\"><i class=\"td-calendar-1\"><\/i><\/div><div class=\"item-attributes__item__content__item item-attributes__item__content__item--text\"><span>Todos los D\u00edas<\/span><\/div><\/div><\/div>\t\t\t\t\t\t\t<div class=\"item-attributes__item\">\n\t\t\t\t\t\t\t\t<a href=\"https:\/\/naturegalapagos.com\/es\/tours\/islas-galapagos-tours-8-dias\/\" class=\"item-attributes__link\"><i class=\"fa fa-long-arrow-right\"><\/i><\/a>\n\t\t\t\t\t\t\t<\/div>\n\t\t\t\t\t\t<\/div>\n\t\t\t\t\t<\/div>\n\t\t\t\t<\/div>\n\t\t\t\t\t\t\t\t\t\t<div class=\"swiper-slide\">\n\t\t\t\t\t<div class=\"atgrid__item\">\n\t\t\t\t\t\t<div class=\"atgrid__item__top\">\n\t\t\t\t\t\t\t<a href=\"https:\/\/naturegalapagos.com\/es\/tours\/galapagos-tours-5-dias-4-noches\/\" class=\"atgrid__item__top__image\"><img decoding=\"async\" width=\"360\" height=\"240\" src=\"https:\/\/naturegalapagos.com\/es\/wp-content\/uploads\/sites\/3\/2016\/06\/Galapagos-Tours-360x240.jpg\" class=\"attachment-thumb_tour_listing_small size-thumb_tour_listing_small wp-post-image\" alt=\"Gal\u00e1pagos Tours 2\" srcset=\"https:\/\/naturegalapagos.com\/es\/wp-content\/uploads\/sites\/3\/2016\/06\/Galapagos-Tours-360x240.jpg 360w, https:\/\/naturegalapagos.com\/es\/wp-content\/uploads\/sites\/3\/2016\/06\/Galapagos-Tours-531x354.jpg 531w, https:\/\/naturegalapagos.com\/es\/wp-content\/uploads\/sites\/3\/2016\/06\/Galapagos-Tours-270x180.jpg 270w\" sizes=\"(max-width: 360px) 100vw, 360px\" \/><\/a>\t\t\t\t\t\t\t<div class=\"atgrid__item__angle-wrap\"><div class=\"atgrid__item__angle\" style=\"background-color:#253081\">Compra en Linea! <\/div><\/div>\t\t\t\t\t\t\t<div class=\"atgrid__item__price\"><a href=\"https:\/\/naturegalapagos.com\/es\/tours\/galapagos-tours-5-dias-4-noches\/\" class=\"atgrid__item__price__button\"><span class=\"woocommerce-Price-amount amount\" aria-hidden=\"true\"><bdi><span class=\"woocommerce-Price-currencySymbol\">&#36;<\/span>1.236<\/bdi><\/span> <span aria-hidden=\"true\">-<\/span> <span class=\"woocommerce-Price-amount amount\" aria-hidden=\"true\"><bdi><span class=\"woocommerce-Price-currencySymbol\">&#36;<\/span>2.528<\/bdi><\/span><span class=\"screen-reader-text\">Rango de precios: desde &#36;1.236 hasta &#36;2.528<\/span><\/a><\/div>\t\t\t\t\t\t\t<div class=\"atgrid__item__rating\"><i class=\"fa fa-star\"><\/i><i class=\"fa fa-star\"><\/i><i class=\"fa fa-star\"><\/i><i class=\"fa fa-star\"><\/i><i class=\"fa fa-star\"><\/i><\/div>\t\t\t\t\t\t\t<div class=\"atgrid__item__icons\"><a href=\"https:\/\/naturegalapagos.com\/es\/tour-category\/land-tours\/\"><i data-toggle=\"tooltip\" title=\"Land Tours\" class=\"td-backpack\"><\/i><\/a><a href=\"https:\/\/naturegalapagos.com\/es\/tour-category\/oceano-programs\/\"><i data-toggle=\"tooltip\" title=\"Oceano Programs\" class=\"td-turtle\"><\/i><\/a><\/div>\t\t\t\t\t\t<\/div>\n\n\t\t\t\t\t\t<div class=\"atgrid__item__content\">\n\t\t\t\t\t\t\t<h3 class=\"atgrid__item__title\"><a href=\"https:\/\/naturegalapagos.com\/es\/tours\/galapagos-tours-5-dias-4-noches\/\">Gal\u00e1pagos Tours por 5 D\u00edas y 4 Noches en 3 Islas<\/a><\/h3>\n\t\t\t\t\t\t\t\t\t\t\t\t\t<div class=\"atgrid__item__description\">Nuestro 5-d\u00edas Oc\u00e9ano\u00a0es un tour con base en hoteles y que visita\u00a03\u00a0islas, la Isla Isabela, Isla Santa Cruz, y una<\/div>\n\t\t\t\t\t\t\t\t\t\t\t\t<\/div>\n\t\t\t\t\t\t<div class=\"item-attributes\">\n\t\t\t\t\t\t\t<div class=\"item-attributes__item\"><div class=\"item-attributes__item__content\"><div class=\"item-attributes__item__content__item\"><i class=\"td-backpack\"><\/i><\/div><div class=\"item-attributes__item__content__item item-attributes__item__content__item--text\"><span>Aventura Sencilla<\/span><\/div><\/div><\/div><div class=\"item-attributes__item\"><div class=\"item-attributes__item__content\"><div class=\"item-attributes__item__content__item\"><i class=\"td-calendar-1\"><\/i><\/div><div class=\"item-attributes__item__content__item item-attributes__item__content__item--text\"><span>Todos los D\u00edas<\/span><\/div><\/div><\/div>\t\t\t\t\t\t\t<div class=\"item-attributes__item\">\n\t\t\t\t\t\t\t\t<a href=\"https:\/\/naturegalapagos.com\/es\/tours\/galapagos-tours-5-dias-4-noches\/\" class=\"item-attributes__link\"><i class=\"fa fa-long-arrow-right\"><\/i><\/a>\n\t\t\t\t\t\t\t<\/div>\n\t\t\t\t\t\t<\/div>\n\t\t\t\t\t<\/div>\n\t\t\t\t<\/div>\n\t\t\t\t\t\t\t\t\t\t<div class=\"swiper-slide\">\n\t\t\t\t\t<div class=\"atgrid__item\">\n\t\t\t\t\t\t<div class=\"atgrid__item__top\">\n\t\t\t\t\t\t\t<a href=\"https:\/\/naturegalapagos.com\/es\/tours\/viajes-galapagos-6-dias-5-noches\/\" class=\"atgrid__item__top__image\"><img decoding=\"async\" width=\"360\" height=\"240\" src=\"https:\/\/naturegalapagos.com\/es\/wp-content\/uploads\/sites\/3\/2016\/06\/Viajes-a-Galapagos-360x240.jpg\" class=\"attachment-thumb_tour_listing_small size-thumb_tour_listing_small wp-post-image\" alt=\"Viajes a Gal\u00e1pagos\" srcset=\"https:\/\/naturegalapagos.com\/es\/wp-content\/uploads\/sites\/3\/2016\/06\/Viajes-a-Galapagos-360x240.jpg 360w, https:\/\/naturegalapagos.com\/es\/wp-content\/uploads\/sites\/3\/2016\/06\/Viajes-a-Galapagos-531x354.jpg 531w, https:\/\/naturegalapagos.com\/es\/wp-content\/uploads\/sites\/3\/2016\/06\/Viajes-a-Galapagos-270x180.jpg 270w\" sizes=\"(max-width: 360px) 100vw, 360px\" \/><\/a>\t\t\t\t\t\t\t<div class=\"atgrid__item__angle-wrap\"><div class=\"atgrid__item__angle\" style=\"background-color:#253081\">Compra en Linea! <\/div><\/div>\t\t\t\t\t\t\t<div class=\"atgrid__item__price\"><a href=\"https:\/\/naturegalapagos.com\/es\/tours\/viajes-galapagos-6-dias-5-noches\/\" class=\"atgrid__item__price__button\"><span class=\"woocommerce-Price-amount amount\" aria-hidden=\"true\"><bdi><span class=\"woocommerce-Price-currencySymbol\">&#36;<\/span>1.547<\/bdi><\/span> <span aria-hidden=\"true\">-<\/span> <span class=\"woocommerce-Price-amount amount\" aria-hidden=\"true\"><bdi><span class=\"woocommerce-Price-currencySymbol\">&#36;<\/span>3.033<\/bdi><\/span><span class=\"screen-reader-text\">Rango de precios: desde &#36;1.547 hasta &#36;3.033<\/span><\/a><\/div>\t\t\t\t\t\t\t\t\t\t\t\t\t\t<div class=\"atgrid__item__icons\"><a href=\"https:\/\/naturegalapagos.com\/es\/tour-category\/land-tours\/\"><i data-toggle=\"tooltip\" title=\"Land Tours\" class=\"td-backpack\"><\/i><\/a><a href=\"https:\/\/naturegalapagos.com\/es\/tour-category\/oceano-programs\/\"><i data-toggle=\"tooltip\" title=\"Oceano Programs\" class=\"td-turtle\"><\/i><\/a><\/div>\t\t\t\t\t\t<\/div>\n\n\t\t\t\t\t\t<div class=\"atgrid__item__content\">\n\t\t\t\t\t\t\t<h3 class=\"atgrid__item__title\"><a href=\"https:\/\/naturegalapagos.com\/es\/tours\/viajes-galapagos-6-dias-5-noches\/\">Viajes a Gal\u00e1pagos, 3 Islas en 6 D\u00edas 5 Noches<\/a><\/h3>\n\t\t\t\t\t\t\t\t\t\t\t\t\t<div class=\"atgrid__item__description\">Viajes a Gal\u00e1pagos en 6 d\u00edas disfrutando de plantas, paisajes, especies animales en estado natural, solicita tu cotizaci\u00f3n y disfruta<\/div>\n\t\t\t\t\t\t\t\t\t\t\t\t<\/div>\n\t\t\t\t\t\t<div class=\"item-attributes\">\n\t\t\t\t\t\t\t<div class=\"item-attributes__item\"><div class=\"item-attributes__item__content\"><div class=\"item-attributes__item__content__item\"><i class=\"td-backpack\"><\/i><\/div><div class=\"item-attributes__item__content__item item-attributes__item__content__item--text\"><span>Aventura Sencilla<\/span><\/div><\/div><\/div><div class=\"item-attributes__item\"><div class=\"item-attributes__item__content\"><div class=\"item-attributes__item__content__item\"><i class=\"td-calendar-1\"><\/i><\/div><div class=\"item-attributes__item__content__item item-attributes__item__content__item--text\"><span>Todos los D\u00edas<\/span><\/div><\/div><\/div>\t\t\t\t\t\t\t<div class=\"item-attributes__item\">\n\t\t\t\t\t\t\t\t<a href=\"https:\/\/naturegalapagos.com\/es\/tours\/viajes-galapagos-6-dias-5-noches\/\" class=\"item-attributes__link\"><i class=\"fa fa-long-arrow-right\"><\/i><\/a>\n\t\t\t\t\t\t\t<\/div>\n\t\t\t\t\t\t<\/div>\n\t\t\t\t\t<\/div>\n\t\t\t\t<\/div>\n\t\t\t\t\t\t\t\t\t<\/div><!-- .swiper-wrapper -->\n\t\t<\/div><!-- .swiper-container -->\n\t<\/div><!-- .atgrid__slider  -->\n<\/div><!-- .atgrid -->\n[\/vc_column][\/vc_row][vc_row][vc_column][vc_raw_html css=&#8221;&#8221;]JTNDYnIlMjAlMkYlM0UlMEQlMEElNUJ0cnVzdGluZGV4JTIwbm8tcmVnaXN0cmF0aW9uJTNEdHJpcGFkdmlzb3IlNUQlMjAlM0NiciUyMCUyRiUzRSUwRCUwQSU1QmN1c3RvbV9zaGFycmVfYnV0dG9ucyU1RA==[\/vc_raw_html][\/vc_column][\/vc_row]<\/p>\n<\/div>","protected":false},"excerpt":{"rendered":"<p>[vc_row][vc_column][vc_column_text] Programas Gal\u00e1pagos Oc\u00e9ano: Tours en\u00a0Gal\u00e1pagos en tres Islas\u00a0 Los Paquetes\u00a0Gal\u00e1pagos\u00a0Oceano forman parte de nuestra selecci\u00f3n de Tours Terrestres de Gal\u00e1pagos de nivel moderado (aventura suave). Esto significa que sonviajes por tierra de varios d\u00edas y en base a hoteles en tres distintas islas m\u00e1s un tour de un d\u00eda a una Isla deshabitada. Estos<\/p>\n<div class=\"padding-top text-center\"><a href=\"https:\/\/naturegalapagos.com\/es\/tours\/viajes-galapagos-6-dias-5-noches\/\" class=\"atbtn atbtn--medium atbtn--rounded atbtn--transparent\">Leer m\u00e1s<i class=\"atbtn__icon atbtn__icon--right fa fa-long-arrow-right\"><\/i><\/a><\/div>\n","protected":false},"author":2,"featured_media":0,"parent":0,"menu_order":0,"comment_status":"closed","ping_status":"closed","template":"","meta":{"_joinchat":[],"footnotes":""},"class_list":["post-2413","page","type-page","status-publish","hentry"],"yoast_head":"<!-- This site is optimized with the Yoast SEO Premium plugin v25.6 (Yoast SEO v26.1.1) - https:\/\/yoast.com\/wordpress\/plugins\/seo\/ -->\n<title>Gal\u00e1pagos Tour visitando las m\u00e1s importantes Islas en Gal\u00e1pagos.<\/title>\n<meta name=\"description\" content=\"Descubre las Islas Gal\u00e1pagos, desde clase econ\u00f3mica hasta primera clase programas con alojamiento en un hotel con comidas y excursiones.\" \/>\n<meta name=\"robots\" content=\"index, follow, max-snippet:-1, max-image-preview:large, max-video-preview:-1\" \/>\n<link rel=\"canonical\" href=\"https:\/\/naturegalapagos.com\/es\/tours\/\" \/>\n<meta property=\"og:locale\" content=\"es_ES\" \/>\n<meta property=\"og:type\" content=\"article\" \/>\n<meta property=\"og:title\" content=\"Gal\u00e1pagos Tour visitando las m\u00e1s importantes Islas en Gal\u00e1pagos.\" \/>\n<meta property=\"og:description\" content=\"Descubre las Islas Gal\u00e1pagos, desde clase econ\u00f3mica hasta primera clase programas con alojamiento en un hotel con comidas y excursiones.\" \/>\n<meta property=\"og:url\" content=\"https:\/\/naturegalapagos.com\/es\/tours\/\" \/>\n<meta property=\"og:site_name\" content=\"Espa\u00f1ol - Nature Galapagos &amp; Ecuador\" \/>\n<meta property=\"article:publisher\" content=\"https:\/\/www.facebook.com\/naturegalapagosecuador\/\" \/>\n<meta property=\"article:modified_time\" content=\"2025-11-17T22:00:33+00:00\" \/>\n<meta property=\"og:image\" content=\"https:\/\/naturegalapagos.com\/es\/wp-content\/uploads\/sites\/3\/revslider\/slider-nature-new-site\/Land-Tours-Slider.jpg\" \/>\n\t<meta property=\"og:image:width\" content=\"1920\" \/>\n\t<meta property=\"og:image:height\" content=\"1080\" \/>\n\t<meta property=\"og:image:type\" content=\"image\/jpeg\" \/>\n<meta name=\"twitter:card\" content=\"summary_large_image\" \/>\n<meta name=\"twitter:title\" content=\"Gal\u00e1pagos Tour visitando las m\u00e1s importantes Islas en Gal\u00e1pagos.\" \/>\n<meta name=\"twitter:description\" content=\"Descubre las Islas Gal\u00e1pagos, desde clase econ\u00f3mica hasta primera clase programas con alojamiento en un hotel con comidas y excursiones.\" \/>\n<meta name=\"twitter:site\" content=\"@naturegalapagos\" \/>\n<meta name=\"twitter:label1\" content=\"Tiempo de lectura\" \/>\n\t<meta name=\"twitter:data1\" content=\"1 minuto\" \/>\n<!-- \/ Yoast SEO Premium plugin. -->","yoast_head_json":{"title":"Gal\u00e1pagos Tour visitando las m\u00e1s importantes Islas en Gal\u00e1pagos.","description":"Descubre las Islas Gal\u00e1pagos, desde clase econ\u00f3mica hasta primera clase programas con alojamiento en un hotel con comidas y excursiones.","robots":{"index":"index","follow":"follow","max-snippet":"max-snippet:-1","max-image-preview":"max-image-preview:large","max-video-preview":"max-video-preview:-1"},"canonical":"https:\/\/naturegalapagos.com\/es\/tours\/","og_locale":"es_ES","og_type":"article","og_title":"Gal\u00e1pagos Tour visitando las m\u00e1s importantes Islas en Gal\u00e1pagos.","og_description":"Descubre las Islas Gal\u00e1pagos, desde clase econ\u00f3mica hasta primera clase programas con alojamiento en un hotel con comidas y excursiones.","og_url":"https:\/\/naturegalapagos.com\/es\/tours\/","og_site_name":"Espa\u00f1ol - Nature Galapagos &amp; Ecuador","article_publisher":"https:\/\/www.facebook.com\/naturegalapagosecuador\/","article_modified_time":"2025-11-17T22:00:33+00:00","og_image":[{"width":1920,"height":1080,"url":"https:\/\/naturegalapagos.com\/es\/wp-content\/uploads\/sites\/3\/revslider\/slider-nature-new-site\/Land-Tours-Slider.jpg","type":"image\/jpeg"}],"twitter_card":"summary_large_image","twitter_title":"Gal\u00e1pagos Tour visitando las m\u00e1s importantes Islas en Gal\u00e1pagos.","twitter_description":"Descubre las Islas Gal\u00e1pagos, desde clase econ\u00f3mica hasta primera clase programas con alojamiento en un hotel con comidas y excursiones.","twitter_site":"@naturegalapagos","twitter_misc":{"Tiempo de lectura":"1 minuto"},"schema":{"@context":"https:\/\/schema.org","@graph":[{"@type":"WebPage","@id":"https:\/\/naturegalapagos.com\/es\/tours\/","url":"https:\/\/naturegalapagos.com\/es\/tours\/","name":"Gal\u00e1pagos Tour visitando las m\u00e1s importantes Islas en Gal\u00e1pagos.","isPartOf":{"@id":"https:\/\/naturegalapagos.com\/es\/#website"},"datePublished":"2014-01-07T08:25:11+00:00","dateModified":"2025-11-17T22:00:33+00:00","description":"Descubre las Islas Gal\u00e1pagos, desde clase econ\u00f3mica hasta primera clase programas con alojamiento en un hotel con comidas y excursiones.","breadcrumb":{"@id":"https:\/\/naturegalapagos.com\/es\/tours\/#breadcrumb"},"inLanguage":"es","potentialAction":[{"@type":"ReadAction","target":["https:\/\/naturegalapagos.com\/es\/tours\/"]}]},{"@type":"BreadcrumbList","@id":"https:\/\/naturegalapagos.com\/es\/tours\/#breadcrumb","itemListElement":[{"@type":"ListItem","position":1,"name":"Home","item":"https:\/\/naturegalapagos.com\/es\/"},{"@type":"ListItem","position":2,"name":"Gal\u00e1pagos Tour | Programas Oceano"}]},{"@type":"WebSite","@id":"https:\/\/naturegalapagos.com\/es\/#website","url":"https:\/\/naturegalapagos.com\/es\/","name":"Espa\u00f1ol - Nature Galapagos & Ecuador","description":"","publisher":{"@id":"https:\/\/naturegalapagos.com\/es\/#organization"},"potentialAction":[{"@type":"SearchAction","target":{"@type":"EntryPoint","urlTemplate":"https:\/\/naturegalapagos.com\/es\/?s={search_term_string}"},"query-input":{"@type":"PropertyValueSpecification","valueRequired":true,"valueName":"search_term_string"}}],"inLanguage":"es"},{"@type":"Organization","@id":"https:\/\/naturegalapagos.com\/es\/#organization","name":"Espa\u00f1ol - Nature Galapagos & Ecuador","url":"https:\/\/naturegalapagos.com\/es\/","logo":{"@type":"ImageObject","inLanguage":"es","@id":"https:\/\/naturegalapagos.com\/es\/#\/schema\/logo\/image\/","url":"https:\/\/naturegalapagos.com\/es\/wp-content\/uploads\/sites\/3\/2016\/10\/Nature-Galapagos-Logo-COM-300x300.jpg","contentUrl":"https:\/\/naturegalapagos.com\/es\/wp-content\/uploads\/sites\/3\/2016\/10\/Nature-Galapagos-Logo-COM-300x300.jpg","width":300,"height":300,"caption":"Espa\u00f1ol - Nature Galapagos & Ecuador"},"image":{"@id":"https:\/\/naturegalapagos.com\/es\/#\/schema\/logo\/image\/"},"sameAs":["https:\/\/www.facebook.com\/naturegalapagosecuador\/","https:\/\/x.com\/naturegalapagos","https:\/\/www.instagram.com\/naturegalapagos\/","https:\/\/www.pinterest.com\/Naturegalapagos\/","https:\/\/www.youtube.com\/user\/NatureGalapagosTours"]}]}},"_links":{"self":[{"href":"https:\/\/naturegalapagos.com\/es\/wp-json\/wp\/v2\/pages\/2413","targetHints":{"allow":["GET"]}}],"collection":[{"href":"https:\/\/naturegalapagos.com\/es\/wp-json\/wp\/v2\/pages"}],"about":[{"href":"https:\/\/naturegalapagos.com\/es\/wp-json\/wp\/v2\/types\/page"}],"author":[{"embeddable":true,"href":"https:\/\/naturegalapagos.com\/es\/wp-json\/wp\/v2\/users\/2"}],"replies":[{"embeddable":true,"href":"https:\/\/naturegalapagos.com\/es\/wp-json\/wp\/v2\/comments?post=2413"}],"version-history":[{"count":0,"href":"https:\/\/naturegalapagos.com\/es\/wp-json\/wp\/v2\/pages\/2413\/revisions"}],"wp:attachment":[{"href":"https:\/\/naturegalapagos.com\/es\/wp-json\/wp\/v2\/media?parent=2413"}],"curies":[{"name":"wp","href":"https:\/\/api.w.org\/{rel}","templated":true}]}}