{"id":2419,"date":"2014-01-07T06:08:11","date_gmt":"2014-01-07T06:08:11","guid":{"rendered":"http:\/\/naturegalapagos.com\/es\/?page_id=2419"},"modified":"2025-11-17T17:16:23","modified_gmt":"2025-11-17T22:16:23","slug":"galapagos-tour-operadora","status":"publish","type":"page","link":"https:\/\/naturegalapagos.com\/es\/galapagos-tour-operadora\/","title":{"rendered":"Qui\u00e9nes Somos | Gal\u00e1pagos Tour Operadora"},"content":{"rendered":"<div class=\"wpb-content-wrapper\"><p>[vc_row][vc_column][vc_column_text]<span style=\"font-family: arial, helvetica, sans-serif;\">[\/vc_column_text][\/vc_column][\/vc_row][vc_row][vc_column][vc_column_text] <\/span><span style=\"font-family: arial, helvetica, sans-serif;\"><div class=\"title title--center title--underline\">\n\t<div class=\"title__subtitle\">Gal\u00e1pagos Tour Operadora: Nature Galapagos &amp; Ecuador <\/div>\n<h3 class=\"title__primary\"><\/h3><\/div>\n<\/span><\/p>\n<h2><span style=\"font-family: arial, helvetica, sans-serif;\">Sobre Nosotros<\/span><\/h2>\n<p><span style=\"font-family: arial, helvetica, sans-serif;\"><strong>Nature Gal\u00e1pagos &amp; Ecuador Cia. Ltda,<\/strong>\u00a0es una Operadora local con sede en Ecuador y en las Islas Gal\u00e1pagos fundada oficialmente en el a\u00f1o 2005. La agencia fue creada por Nikolay Mancheno, viajero entusiasta y apasionado por su pa\u00eds con m\u00e1s de 20 a\u00f1os de experiencia en el dise\u00f1o de experiencias de viaje en Ecuador.<\/span><\/p>\n<p><span style=\"font-family: arial, helvetica, sans-serif;\">Nikolay se inici\u00f3 en la actividad del turismo y viajes en la adolescencia, haciendo de gu\u00eda para la familia y amigos que visitaban la Amazon\u00eda Ecuatoriana en Macas, su tierra de origen. Desde entonces, se ha sumergido profundamente en el Ecuador como viajero.<\/span><\/p>\n<p><span style=\"font-family: arial, helvetica, sans-serif;\">Despu\u00e9s de trabajar con varias compa\u00f1\u00edas pioneras en el destino Gal\u00e1pagos, fund\u00f3 Nature Gal\u00e1pagos &amp; Ecuador, una agencia profundamente involucrada con la vida local en Gal\u00e1pagos y especializada en tours terrestres en las islas.<\/span><\/p>\n<p><span style=\"font-family: arial, helvetica, sans-serif;\">Tal como Nikolay, el equipo de Nature Galapagos &amp; Ecuador esta conformado por viajeros apasionados, por lo mismo y por que simplemente estamos enamorados de nuestro pa\u00eds, nos sentimos expertos en Ecuador y Gal\u00e1pagos.<\/span><\/p>\n<p><span style=\"font-family: arial, helvetica, sans-serif;\">Entendemos lo que es ser un viajero, nos tomamos en tiempo para dise\u00f1ar \u00a0servicios aut\u00e9nticos a nuestros viajeros, enriqueciendo nuestras experiencias con la participaci\u00f3n local con la comunidad.<\/span><\/p>\n<p><span style=\"font-family: arial, helvetica, sans-serif;\">Nature Gal\u00e1pagos &amp; Ecuador est\u00e1 legalmente reconocido por las autoridades de Ecuador, incluyendo el Ministerio de Turismo y Quito Turismo, organismos oficiales que regulan las actividades tur\u00edsticas en nuestro pa\u00eds.\u00a0<\/span><\/p>\n<h2><span style=\"font-family: arial, helvetica, sans-serif;\"><strong>Nuestra Misi\u00f3n<\/strong><\/span><\/h2>\n<p><span style=\"font-family: arial, helvetica, sans-serif;\">Ofrecer experiencias de viaje \u00fanicas y aut\u00e9nticas en Ecuador y las Islas Gal\u00e1pagos. Somos apasionados por nuestro pa\u00eds y somos conscientes de que viajar se convierte en una experiencia que cambia la vida s\u00f3lo a trav\u00e9s del turismo consciente. Siguiendo este precepto, trabajamos duro en la elaboraci\u00f3n de viajes genuinos para nuestros viajeros, con actividades sostenibles, din\u00e1micas e involucradas con la localidad.<\/span><\/p>\n<h3><span style=\"font-family: arial, helvetica, sans-serif;\"><strong>Lo qu\u00e9 hacemos en Gal\u00e1pagos tour operadora<\/strong><\/span><\/h3>\n<p><span style=\"font-family: arial, helvetica, sans-serif;\">Como agencia local de viajes de Gal\u00e1pagos y tour operadora, dise\u00f1amos formas interesantes, c\u00f3modas y asequibles para visitar a las Islas Gal\u00e1pagos y el Ecuador continental. La mayor\u00eda de nuestros tours y programas tiene itinerarios est\u00e1ndar que pueden ser modificados y personalizados para ajustarse a las preferencias e intereses de cada viajero.<\/span><\/p>\n<p><span style=\"font-family: arial, helvetica, sans-serif;\">Puede revisar los viajes est\u00e1ndar en l\u00ednea y ponerse en contacto con uno de nuestros expertos en viajes para dise\u00f1ar un viaje a su medida.<\/span><\/p>\n<p><span style=\"font-family: arial, helvetica, sans-serif;\">Elija los lugares de visita (dentro de los reglamentos regionales), el idioma de gu\u00eda, el tipo de alojamiento, el nivel de actividad f\u00edsica, y la modalidad de viaje. Nature Galapagos &amp; Ecuador \u00a0es propietario de San Vicente Gal\u00e1pagos Hotel (Turista &#8211; T. Superior Class) y La Laguna Gal\u00e1pagos Hotel (Superior Tur\u00edstico), ambos ubicados en Isabela, cabeza de todas nuestras operaciones en Gal\u00e1pagos.<\/span><\/p>\n<p><span style=\"font-family: arial, helvetica, sans-serif;\">Tambi\u00e9n contamos con medios de transporte adecuados y equipo especializado para llevar a cabo diversas modalidades de Galapagos Land Tours dirigidas por gu\u00edas biling\u00fces naturalistas y nuestro personal.<\/span><\/p>\n<h2><span style=\"font-family: arial, helvetica, sans-serif;\"><strong>NUESTROS TOURS EN GALAPAGOS Y EN ECUADOR<\/strong><\/span><\/h2>\n<p><span style=\"font-family: arial, helvetica, sans-serif;\">Nuestra p\u00e1gina se divide en secciones y en tipos de viaje:<\/span><\/p>\n<ul>\n<li><span style=\"font-family: arial, helvetica, sans-serif;\">Secci\u00f3n\u00a0<a href=\"https:\/\/naturegalapagos.com\/es\/cruceros-galapagos\/\">GAL\u00c1PAGOS CRUCEROS<\/a>: Hemos seleccionado los yates y barcos de vela de la m\u00e1s alta calidad, seguridad y confort, para que su estancia sea una experiencia inolvidable durante su visita las maravillosas Islas Gal\u00e1pagos.<\/span><\/li>\n<\/ul>\n<ul>\n<li><span style=\"font-family: arial, helvetica, sans-serif;\">Secci\u00f3n\u00a0<a href=\"https:\/\/naturegalapagos.com\/es\/islas-galapagos-tours\/\">GAL\u00c1PAGOS TOURS<\/a>:\u00a0ofrecemos una alternativa diferente a los cruceros, para lo cual usamos nuestros hoteles y ofrecemos diferentes alternativas de excursiones en distintas islas, con actividades como: buceo de superficie (snorkelling) bicicletas, caminatas cortas, Kayacs, Buceo, entre otras visitando islas pobladas y otras sin habitar.<\/span><\/li>\n<\/ul>\n<ul>\n<li><span style=\"font-family: arial, helvetica, sans-serif;\">Secci\u00f3n\u00a0<a href=\"https:\/\/naturegalapagos.com\/es\/ecuador-tours\/\">ECUADOR TOURS<\/a>\u00a0presentamos una gran variedad de programas pre-establecidos u opciones a la medida que permiten visitar Ecuador continental en\u00a0combinaci\u00f3n\u00a0con selva, tours diarios en\u00a0diferentes\u00a0ciudades, city tours, etc.<\/span><\/li>\n<\/ul>\n<ul>\n<li><span style=\"font-family: arial, helvetica, sans-serif;\">Secci\u00f3n\u00a0<a href=\"https:\/\/naturegalapagos.com\/es\/ofertas-de-viajes\/\">OFERTAS DE ULTIMO MINUTO<\/a>\u00a0puede encontrar una selecci\u00f3n de cruceros, tours y otros que est\u00e1n con salidas fijas, tarifas reducidas, posibilidad de unirse a grupos o personas, etc, \u00a0una buena opci\u00f3n echar un vistazo a esta secci\u00f3n.<\/span><\/li>\n<\/ul>\n<p><span style=\"font-family: arial, helvetica, sans-serif;\">El equipo de Nature Gal\u00e1pagos &amp; Ecuador est\u00e1 listo para ayudarle a planear su aventura en Gal\u00e1pagos y el Ecuador, con responsabilidad, profesionalismo. Somos expertos en la creaci\u00f3n de experiencias \u00fanicas y aut\u00e9nticas para los viajeros, porque, al igual que usted, somos viajeros apasionados.<\/span><\/p>\n<p>&nbsp;<\/p>\n<p><span style=\"font-family: arial, helvetica, sans-serif;\">Sinceramente,<\/span><\/p>\n<h3><span style=\"font-family: arial, helvetica, sans-serif;\"><strong>El Equipo de NG&amp;E &#8211; Agencia de Viaje y Tour Operador<\/strong><strong>\u00a0Galapagos &amp; Ecuador<\/strong><\/span><\/h3>\n<blockquote><p><span style=\"font-family: arial, helvetica, sans-serif;\"><strong><em>Haz tus sue\u00f1os realidad donde la naturaleza\u00a0se vuelve parte de t\u00ed<\/em><\/strong><\/span><\/p><\/blockquote>\n<p><span style=\"font-family: arial, helvetica, sans-serif;\">[\/vc_column_text][vc_empty_space][vc_column_text]<div class=\"title title--center title--underline\">\n\t<div class=\"title__subtitle\">Conoce a Nuestro Equipo:<\/div>\n<h3 class=\"title__primary\"><\/h3><\/div>\n[\/vc_column_text][\/vc_column][\/vc_row][vc_row][vc_column width=&#8221;1\/2&#8243;][vc_row_inner][vc_column_inner width=&#8221;1\/3&#8243;][vc_single_image image=&#8221;5043&#8243; style=&#8221;vc_box_circle_2&#8243;][\/vc_column_inner][vc_column_inner width=&#8221;2\/3&#8243;][vc_column_text]<\/span><\/p>\n<h4><span style=\"font-family: arial, helvetica, sans-serif; font-size: 14px;\"><strong>Nikolay Mancheno (General Manager &#8211; Founder)<\/strong><\/span><\/h4>\n<p><span style=\"font-family: arial, helvetica, sans-serif;\"> <span style=\"font-size: 10pt;\">Fundador y Gerente General de Nature Galapagos &amp; Ecuador. Apasionado por su pa\u00eds, con amplio conocimiento en actividades tur\u00edsticas en Ecuador. Como aficionado a los viajes, ha explorado ampliamente Ecuador, Estados Unidos, Am\u00e9rica del Sur y Europa. \u00c9l sabe de primera mano c\u00f3mo es ser un viajero\u00a0tratando de conocer aut\u00e9nticamente un pa\u00eds. Tras\u00a0haber trabajado con las operaciones de Gal\u00e1pagos por 20 a\u00f1os, est\u00e1 bien enterado de c\u00f3mo se hacen las actividades de turismo \u00a0en las islas.\u00a0<\/span>[\/vc_column_text][\/vc_column_inner][\/vc_row_inner][\/vc_column][vc_column width=&#8221;1\/2&#8243;][vc_row_inner][vc_column_inner width=&#8221;1\/3&#8243;][vc_single_image image=&#8221;3681&#8243; style=&#8221;vc_box_circle_2&#8243;][\/vc_column_inner][vc_column_inner width=&#8221;2\/3&#8243;][vc_column_text]<\/span><\/p>\n<h4><span style=\"font-family: arial, helvetica, sans-serif; font-size: 14px;\"><strong>Fernanda Paredes (Travel Agent \u2013 International Agencies):<\/strong> <\/span><\/h4>\n<p><span style=\"font-family: arial, helvetica, sans-serif;\"><span style=\"font-size: 10pt;\">Fernanda Paredes (Agencias de Viajes Nacionales \/ Internacionales): Fernanda es Ingeniera en Administraci\u00f3n Tur\u00edstica y Gesti\u00f3n de \u00c1reas Protegidas. Est\u00e1 genuinamente informada de las mejores pr\u00e1cticas para administrar las operaciones de viajes en Gal\u00e1pagos y Ecuador. Est\u00e1 encargada de la planificaci\u00f3n de viaje principalmente para agencias internacionales y locales y. Es tambi\u00e9n una \u00e1vida viajera y ha recorrido el pa\u00eds en varias ocasiones.<\/span>[\/vc_column_text][\/vc_column_inner][\/vc_row_inner][\/vc_column][\/vc_row][vc_row][vc_column width=&#8221;1\/2&#8243;][vc_row_inner][vc_column_inner width=&#8221;1\/3&#8243;][vc_single_image image=&#8221;4911&#8243; style=&#8221;vc_box_circle_2&#8243;][\/vc_column_inner][vc_column_inner width=&#8221;2\/3&#8243;][vc_column_text]<\/span><\/p>\n<h4><span style=\"font-family: arial, helvetica, sans-serif;\"><span style=\"font-size: 14px;\"><strong>Christian Nieves <\/strong><\/span><span style=\"font-size: 10pt;\"><strong><span style=\"font-size: 14px;\">(Travel Agent \u2013 International Agencies):<\/span> <\/strong><\/span><\/span><\/h4>\n<p><span style=\"font-family: arial, helvetica, sans-serif;\"><span style=\"font-size: 10pt;\">Ingeniero de Turismo, Christian es muy pasionado por su trabajo y ha demostrado ser un activo para el equipo de Nature Galapagos. Pertenece al departamento de atenci\u00f3n al cliente y le gusta interactuar directamente con los pasajeros, tratando de ofrecer la mayor y mejor posibilidad para que todos nuestros clientes puedan lograr su viaje de toda la vida a Gal\u00e1pagos. Estar\u00e1 encantado de ayudarle a programar su itinerario de acuerdo a sus necesidades.<strong><br \/>\n<\/strong><\/span>[\/vc_column_text][\/vc_column_inner][\/vc_row_inner][\/vc_column][vc_column width=&#8221;1\/2&#8243;][vc_row_inner][vc_column_inner width=&#8221;1\/3&#8243;][vc_single_image image=&#8221;3682&#8243; style=&#8221;vc_box_circle_2&#8243;][\/vc_column_inner][vc_column_inner width=&#8221;2\/3&#8243;][vc_column_text]<\/span><\/p>\n<h4><span style=\"font-family: arial, helvetica, sans-serif; font-size: 14px;\"><strong>Jessica Serrano (Financiero en Gal\u00e1pagos tour operadora):<\/strong> <\/span><\/h4>\n<p><span style=\"font-family: arial, helvetica, sans-serif;\"><span style=\"font-size: 12px;\">La\u00a0<\/span><span style=\"font-size: 10pt;\">contadora de la empresa, Jessy es una estudiante de Finanzas y lo suyo es mantener nuestra empresa al d\u00eda con los n\u00fameros.<\/span>[\/vc_column_text][\/vc_column_inner][\/vc_row_inner][\/vc_column][\/vc_row][vc_row][vc_column width=&#8221;1\/2&#8243;][vc_row_inner][vc_column_inner width=&#8221;1\/3&#8243;][vc_single_image image=&#8221;3685&#8243; style=&#8221;vc_box_circle_2&#8243;][\/vc_column_inner][vc_column_inner width=&#8221;2\/3&#8243;][vc_column_text]<\/span><\/p>\n<h4><span style=\"font-family: arial, helvetica, sans-serif; font-size: 14px;\"><strong>Equipo de Gal\u00e1pagos tour operadora<\/strong><\/span><\/h4>\n<p><span style=\"font-family: arial, helvetica, sans-serif;\"><span style=\"font-size: 10pt;\">Nuestro equipo de Operaciones de Gal\u00e1pagos incluye a nuestros gu\u00edas naturalistas, personal del hotel, gerentes de log\u00edstica, anfitriones y conductores. Est\u00e1n a cargo de llevar todas las operaciones en las islas y el cuidado de nuestros viajeros. La mayor\u00eda de ellos son locales o casi locales, con amplio conocimientos sobre la vida silvestre de Gal\u00e1pagos y el ecosistema, as\u00ed como los costumbres locales. Apasionados por trabajar con viajeros de todo el mundo, se sentir\u00e1 como parte del equipo poco despu\u00e9s de llegar a Gal\u00e1pagos..\u00a0\u00a0\u00a0<\/span>[\/vc_column_text][\/vc_column_inner][\/vc_row_inner][\/vc_column][vc_column width=&#8221;1\/2&#8243;][vc_row_inner][vc_column_inner width=&#8221;1\/3&#8243;][\/vc_column_inner][vc_column_inner width=&#8221;2\/3&#8243;][\/vc_column_inner][\/vc_row_inner][\/vc_column][\/vc_row][vc_row][vc_column width=&#8221;1\/4&#8243;][vc_row_inner][vc_column_inner width=&#8221;1\/3&#8243;][\/vc_column_inner][vc_column_inner width=&#8221;2\/3&#8243;][\/vc_column_inner][\/vc_row_inner][\/vc_column][vc_column width=&#8221;1\/2&#8243;][vc_row_inner][vc_column_inner width=&#8221;1\/3&#8243;][\/vc_column_inner][vc_column_inner width=&#8221;2\/3&#8243;][\/vc_column_inner][\/vc_row_inner][\/vc_column][vc_column width=&#8221;1\/4&#8243;][\/vc_column][\/vc_row][vc_row][vc_column][vc_column_text]<\/span>[\/vc_column_text][\/vc_column][\/vc_row][vc_row][vc_column][vc_raw_html]JTNDYnIlMjAlMkYlM0UlMEQlMEElNUJ0cnVzdGluZGV4JTIwbm8tcmVnaXN0cmF0aW9uJTNEdHJpcGFkdmlzb3IlNUQlMjAlM0NiciUyMCUyRiUzRSUwRCUwQSU1QmN1c3RvbV9zaGFycmVfYnV0dG9ucyU1RA==[\/vc_raw_html][\/vc_column][\/vc_row]<\/p>\n<\/div>","protected":false},"excerpt":{"rendered":"<p>[vc_row][vc_column][vc_column_text][\/vc_column_text][\/vc_column][\/vc_row][vc_row][vc_column][vc_column_text] Sobre Nosotros Nature Gal\u00e1pagos &amp; Ecuador Cia. Ltda,\u00a0es una Operadora local con sede en Ecuador y en las Islas Gal\u00e1pagos fundada oficialmente en el a\u00f1o 2005. La agencia fue creada por Nikolay Mancheno, viajero entusiasta y apasionado por su pa\u00eds con m\u00e1s de 20 a\u00f1os de experiencia en el dise\u00f1o de experiencias de viaje<\/p>\n<div class=\"padding-top text-center\"><a href=\"https:\/\/naturegalapagos.com\/es\/galapagos-tour-operadora\/\" class=\"atbtn atbtn--medium atbtn--rounded atbtn--transparent\">Leer m\u00e1s<i class=\"atbtn__icon atbtn__icon--right fa fa-long-arrow-right\"><\/i><\/a><\/div>\n","protected":false},"author":2,"featured_media":0,"parent":0,"menu_order":0,"comment_status":"closed","ping_status":"closed","template":"","meta":{"_joinchat":[],"footnotes":""},"class_list":["post-2419","page","type-page","status-publish","hentry"],"yoast_head":"<!-- This site is optimized with the Yoast SEO Premium plugin v25.6 (Yoast SEO v26.1.1) - https:\/\/yoast.com\/wordpress\/plugins\/seo\/ -->\n<title>Gal\u00e1pagos Tour operadora y Agencia de Viajes Gal\u00e1pagos<\/title>\n<meta name=\"description\" content=\"Nature Galapagos &amp; Ecuador, Gal\u00e1pagos Tour operadora creada en 2005. Dise\u00f1amos viajes aut\u00e9nticos y originales. Tours en Ecuador y Gal\u00e1pagos\" \/>\n<meta name=\"robots\" content=\"index, follow, max-snippet:-1, max-image-preview:large, max-video-preview:-1\" \/>\n<link rel=\"canonical\" href=\"https:\/\/naturegalapagos.com\/es\/galapagos-tour-operadora\/\" \/>\n<meta property=\"og:locale\" content=\"es_ES\" \/>\n<meta property=\"og:type\" content=\"article\" \/>\n<meta property=\"og:title\" content=\"Gal\u00e1pagos Tour operadora y Agencia de Viajes Gal\u00e1pagos\" \/>\n<meta property=\"og:description\" content=\"Gal\u00e1pagos Tour operadora Nature Galapagos &amp; Ecuador establecida en el a\u00f1o 2005 legalmente establecida, consulte sobre nuestros tours en Ecuador y Gal\u00e1pagos.\" \/>\n<meta property=\"og:url\" content=\"https:\/\/naturegalapagos.com\/es\/galapagos-tour-operadora\/\" \/>\n<meta property=\"og:site_name\" content=\"Espa\u00f1ol - Nature Galapagos &amp; Ecuador\" \/>\n<meta property=\"article:publisher\" content=\"https:\/\/www.facebook.com\/naturegalapagosecuador\/\" \/>\n<meta property=\"article:modified_time\" content=\"2025-11-17T22:16:23+00:00\" \/>\n<meta name=\"twitter:card\" content=\"summary_large_image\" \/>\n<meta name=\"twitter:title\" content=\"Gal\u00e1pagos Tour operadora y Agencia de Viajes Gal\u00e1pagos\" \/>\n<meta name=\"twitter:description\" content=\"Gal\u00e1pagos Tour operadora Nature Galapagos &amp; Ecuador establecida en el a\u00f1o 2005 legalmente establecida, consulte sobre nuestros tours en Ecuador y Gal\u00e1pagos.\" \/>\n<meta name=\"twitter:site\" content=\"@naturegalapagos\" \/>\n<meta name=\"twitter:label1\" content=\"Tiempo de lectura\" \/>\n\t<meta name=\"twitter:data1\" content=\"7 minutos\" \/>\n<!-- \/ Yoast SEO Premium plugin. -->","yoast_head_json":{"title":"Gal\u00e1pagos Tour operadora y Agencia de Viajes Gal\u00e1pagos","description":"Nature Galapagos & Ecuador, Gal\u00e1pagos Tour operadora creada en 2005. Dise\u00f1amos viajes aut\u00e9nticos y originales. Tours en Ecuador y Gal\u00e1pagos","robots":{"index":"index","follow":"follow","max-snippet":"max-snippet:-1","max-image-preview":"max-image-preview:large","max-video-preview":"max-video-preview:-1"},"canonical":"https:\/\/naturegalapagos.com\/es\/galapagos-tour-operadora\/","og_locale":"es_ES","og_type":"article","og_title":"Gal\u00e1pagos Tour operadora y Agencia de Viajes Gal\u00e1pagos","og_description":"Gal\u00e1pagos Tour operadora Nature Galapagos & Ecuador establecida en el a\u00f1o 2005 legalmente establecida, consulte sobre nuestros tours en Ecuador y Gal\u00e1pagos.","og_url":"https:\/\/naturegalapagos.com\/es\/galapagos-tour-operadora\/","og_site_name":"Espa\u00f1ol - Nature Galapagos &amp; Ecuador","article_publisher":"https:\/\/www.facebook.com\/naturegalapagosecuador\/","article_modified_time":"2025-11-17T22:16:23+00:00","twitter_card":"summary_large_image","twitter_title":"Gal\u00e1pagos Tour operadora y Agencia de Viajes Gal\u00e1pagos","twitter_description":"Gal\u00e1pagos Tour operadora Nature Galapagos & Ecuador establecida en el a\u00f1o 2005 legalmente establecida, consulte sobre nuestros tours en Ecuador y Gal\u00e1pagos.","twitter_site":"@naturegalapagos","twitter_misc":{"Tiempo de lectura":"7 minutos"},"schema":{"@context":"https:\/\/schema.org","@graph":[{"@type":"WebPage","@id":"https:\/\/naturegalapagos.com\/es\/galapagos-tour-operadora\/","url":"https:\/\/naturegalapagos.com\/es\/galapagos-tour-operadora\/","name":"Gal\u00e1pagos Tour operadora y Agencia de Viajes Gal\u00e1pagos","isPartOf":{"@id":"https:\/\/naturegalapagos.com\/es\/#website"},"datePublished":"2014-01-07T06:08:11+00:00","dateModified":"2025-11-17T22:16:23+00:00","description":"Nature Galapagos & Ecuador, Gal\u00e1pagos Tour operadora creada en 2005. Dise\u00f1amos viajes aut\u00e9nticos y originales. Tours en Ecuador y Gal\u00e1pagos","breadcrumb":{"@id":"https:\/\/naturegalapagos.com\/es\/galapagos-tour-operadora\/#breadcrumb"},"inLanguage":"es","potentialAction":[{"@type":"ReadAction","target":["https:\/\/naturegalapagos.com\/es\/galapagos-tour-operadora\/"]}]},{"@type":"BreadcrumbList","@id":"https:\/\/naturegalapagos.com\/es\/galapagos-tour-operadora\/#breadcrumb","itemListElement":[{"@type":"ListItem","position":1,"name":"Home","item":"https:\/\/naturegalapagos.com\/es\/"},{"@type":"ListItem","position":2,"name":"Qui\u00e9nes Somos | Gal\u00e1pagos Tour Operadora"}]},{"@type":"WebSite","@id":"https:\/\/naturegalapagos.com\/es\/#website","url":"https:\/\/naturegalapagos.com\/es\/","name":"Espa\u00f1ol - Nature Galapagos & Ecuador","description":"","publisher":{"@id":"https:\/\/naturegalapagos.com\/es\/#organization"},"potentialAction":[{"@type":"SearchAction","target":{"@type":"EntryPoint","urlTemplate":"https:\/\/naturegalapagos.com\/es\/?s={search_term_string}"},"query-input":{"@type":"PropertyValueSpecification","valueRequired":true,"valueName":"search_term_string"}}],"inLanguage":"es"},{"@type":"Organization","@id":"https:\/\/naturegalapagos.com\/es\/#organization","name":"Espa\u00f1ol - Nature Galapagos & Ecuador","url":"https:\/\/naturegalapagos.com\/es\/","logo":{"@type":"ImageObject","inLanguage":"es","@id":"https:\/\/naturegalapagos.com\/es\/#\/schema\/logo\/image\/","url":"https:\/\/naturegalapagos.com\/es\/wp-content\/uploads\/sites\/3\/2016\/10\/Nature-Galapagos-Logo-COM-300x300.jpg","contentUrl":"https:\/\/naturegalapagos.com\/es\/wp-content\/uploads\/sites\/3\/2016\/10\/Nature-Galapagos-Logo-COM-300x300.jpg","width":300,"height":300,"caption":"Espa\u00f1ol - Nature Galapagos & Ecuador"},"image":{"@id":"https:\/\/naturegalapagos.com\/es\/#\/schema\/logo\/image\/"},"sameAs":["https:\/\/www.facebook.com\/naturegalapagosecuador\/","https:\/\/x.com\/naturegalapagos","https:\/\/www.instagram.com\/naturegalapagos\/","https:\/\/www.pinterest.com\/Naturegalapagos\/","https:\/\/www.youtube.com\/user\/NatureGalapagosTours"]}]}},"_links":{"self":[{"href":"https:\/\/naturegalapagos.com\/es\/wp-json\/wp\/v2\/pages\/2419","targetHints":{"allow":["GET"]}}],"collection":[{"href":"https:\/\/naturegalapagos.com\/es\/wp-json\/wp\/v2\/pages"}],"about":[{"href":"https:\/\/naturegalapagos.com\/es\/wp-json\/wp\/v2\/types\/page"}],"author":[{"embeddable":true,"href":"https:\/\/naturegalapagos.com\/es\/wp-json\/wp\/v2\/users\/2"}],"replies":[{"embeddable":true,"href":"https:\/\/naturegalapagos.com\/es\/wp-json\/wp\/v2\/comments?post=2419"}],"version-history":[{"count":0,"href":"https:\/\/naturegalapagos.com\/es\/wp-json\/wp\/v2\/pages\/2419\/revisions"}],"wp:attachment":[{"href":"https:\/\/naturegalapagos.com\/es\/wp-json\/wp\/v2\/media?parent=2419"}],"curies":[{"name":"wp","href":"https:\/\/api.w.org\/{rel}","templated":true}]}}