{"id":2424,"date":"2015-08-14T17:26:11","date_gmt":"2015-08-14T17:26:11","guid":{"rendered":"http:\/\/naturegalapagos.com\/es\/?page_id=2424"},"modified":"2024-03-08T11:23:06","modified_gmt":"2024-03-08T16:23:06","slug":"hoteles-en-quitohoteles-cerca-del-aeropuerto-de-quito","status":"publish","type":"page","link":"https:\/\/naturegalapagos.com\/es\/hoteles-en-quito\/hoteles-cerca-del-aeropuerto-de-quito\/","title":{"rendered":"Hoteles Cerca del Aeropuerto de Quito"},"content":{"rendered":"<div class=\"wpb-content-wrapper\"><p>[vc_row][vc_column][vc_column_text]<\/p>\n<h2 class=\"et_social_inline et_social_mobile_on et_social_inline_top\"><span style=\"font-family: arial, helvetica, sans-serif;\"><strong>Hoteles Cerca del Aeropuerto de Quito<\/strong><\/span><\/h2>\n<div class=\"vc_row wpb_row vc_row-fluid\">\n<div class=\"wpb_column vc_column_container vc_col-sm-12\">\n<div class=\"vc_column-inner \">\n<div class=\"wpb_wrapper\">\n<div class=\"wpb_text_column wpb_content_element \">\n<div class=\"wpb_wrapper\">\n<hr \/>\n<p><span style=\"font-family: arial, helvetica, sans-serif;\">Si esta buscando el mejor hospedaje cerca del Aeropuerto Mariscal Sucre, nosotros ofrecemos un rango de lugares para el hospedaje disponible para los turistas que quieren un lugar privado y c\u00f3modo cerca del Aeropuerto Mariscal Sucre.<\/span><\/p>\n<p><span style=\"font-family: arial, helvetica, sans-serif;\">Alrededor del aeropuerto se puede encontrar diferentes tipos de hoteles y hostales a cortas distancias, desde 3 a 8 Kilometros, as\u00ed que nosotros enlistamos los mejores hoteles y hostales del \u00e1rea. <span style=\"font-size: 16px;\">A continuaci\u00f3n pondremos a su disposici\u00f3n una lista de los mejores hoteles y hostales de la zona.<\/span><\/span><\/p>\n<p>&nbsp;<\/p>\n<div id=\"gallery_1\" class=\"gallery\">\n<div class=\"row gallery__items\">\n\t\t\t\t\t<div class=\"col-sm-4 gallery__item-wrap\" data-filterid=\"\">\n\t\t\t<a href=\"https:\/\/naturegalapagos.com\/es\/wp-content\/uploads\/sites\/3\/2016\/09\/Hoteles-en-Quito-Centrales.jpg\" class=\"swipebox gallery__item\" title=\"Hoteles en Quito Centrales\">\n\t\t\t\t<img decoding=\"async\" width=\"335\" height=\"150\" src=\"https:\/\/naturegalapagos.com\/es\/wp-content\/uploads\/sites\/3\/2016\/09\/Hoteles-en-Quito-Centrales.jpg\" class=\"attachment-thumb_gallery size-thumb_gallery\" alt=\"Hoteles en Quito Centrales\" srcset=\"https:\/\/naturegalapagos.com\/es\/wp-content\/uploads\/sites\/3\/2016\/09\/Hoteles-en-Quito-Centrales.jpg 335w, https:\/\/naturegalapagos.com\/es\/wp-content\/uploads\/sites\/3\/2016\/09\/Hoteles-en-Quito-Centrales-300x134.jpg 300w\" sizes=\"(max-width: 335px) 100vw, 335px\" \/>\t\t\t\t<span class=\"gallery__item__info\">\n\t\t\t\t\t<span class=\"gallery__item__info__content\">\n\t\t\t\t\t\t<span class=\"gallery__item__title\">Hoteles en Quito Centrales<\/span>\n\t\t\t\t\t\t\t\t\t\t<\/span>\n\t\t\t\t\t<span class=\"gallery__item__shadow\"><\/span>\n\t\t\t\t<\/span>\n\t\t\t<\/a>\n\t\t<\/div>\n\t\t\t\t\t<div class=\"col-sm-4 gallery__item-wrap\" data-filterid=\"\">\n\t\t\t<a href=\"https:\/\/naturegalapagos.com\/es\/wp-content\/uploads\/sites\/3\/2015\/08\/Hoteles-Cerca-del-Aeropuerto-de-Quito.jpg\" class=\"swipebox gallery__item\" title=\"Hoteles Cerca del Aeropuerto de Quito\">\n\t\t\t\t<img decoding=\"async\" width=\"720\" height=\"480\" src=\"https:\/\/naturegalapagos.com\/es\/wp-content\/uploads\/sites\/3\/2015\/08\/Hoteles-Cerca-del-Aeropuerto-de-Quito-720x480.jpg\" class=\"attachment-thumb_gallery size-thumb_gallery\" alt=\"Hoteles Cerca del Aeropuerto de Quito\" srcset=\"https:\/\/naturegalapagos.com\/es\/wp-content\/uploads\/sites\/3\/2015\/08\/Hoteles-Cerca-del-Aeropuerto-de-Quito-720x480.jpg 720w, https:\/\/naturegalapagos.com\/es\/wp-content\/uploads\/sites\/3\/2015\/08\/Hoteles-Cerca-del-Aeropuerto-de-Quito-531x354.jpg 531w\" sizes=\"(max-width: 720px) 100vw, 720px\" \/>\t\t\t\t<span class=\"gallery__item__info\">\n\t\t\t\t\t<span class=\"gallery__item__info__content\">\n\t\t\t\t\t\t<span class=\"gallery__item__title\">Hoteles Cerca del Aeropuerto de Quito<\/span>\n\t\t\t\t\t\t\t\t\t\t<\/span>\n\t\t\t\t\t<span class=\"gallery__item__shadow\"><\/span>\n\t\t\t\t<\/span>\n\t\t\t<\/a>\n\t\t<\/div>\n\t\t\t\t\t<div class=\"col-sm-4 gallery__item-wrap\" data-filterid=\"\">\n\t\t\t<a href=\"https:\/\/naturegalapagos.com\/es\/wp-content\/uploads\/sites\/3\/2016\/09\/Hoteles-en-Quito-cerca-del-Aeropuerto.jpg\" class=\"swipebox gallery__item\" title=\"Hoteles en Quito cerca del Aeropuerto\">\n\t\t\t\t<img decoding=\"async\" width=\"335\" height=\"150\" src=\"https:\/\/naturegalapagos.com\/es\/wp-content\/uploads\/sites\/3\/2016\/09\/Hoteles-en-Quito-cerca-del-Aeropuerto.jpg\" class=\"attachment-thumb_gallery size-thumb_gallery\" alt=\"Hoteles en Quito cerca del Aeropuerto\" srcset=\"https:\/\/naturegalapagos.com\/es\/wp-content\/uploads\/sites\/3\/2016\/09\/Hoteles-en-Quito-cerca-del-Aeropuerto.jpg 335w, https:\/\/naturegalapagos.com\/es\/wp-content\/uploads\/sites\/3\/2016\/09\/Hoteles-en-Quito-cerca-del-Aeropuerto-300x134.jpg 300w\" sizes=\"(max-width: 335px) 100vw, 335px\" \/>\t\t\t\t<span class=\"gallery__item__info\">\n\t\t\t\t\t<span class=\"gallery__item__info__content\">\n\t\t\t\t\t\t<span class=\"gallery__item__title\">Hoteles en Quito cerca del Aeropuerto<\/span>\n\t\t\t\t\t\t\t\t\t\t<\/span>\n\t\t\t\t\t<span class=\"gallery__item__shadow\"><\/span>\n\t\t\t\t<\/span>\n\t\t\t<\/a>\n\t\t<\/div>\n\t<\/div>\n<\/div>\n<\/div>\n<\/div>\n<\/div>\n<\/div>\n<\/div>\n<\/div>\n<p>[\/vc_column_text][\/vc_column][\/vc_row][vc_row][vc_column][vc_column_text]<\/p>\n<h3><a href=\"https:\/\/naturegalapagos.com\/quito-hotels\/quito-airport-hotels\/las-mercedes-airport\/\"><span style=\"font-size: 16px; font-family: arial, helvetica, sans-serif;\"><strong>HOTEL LAS MERCEDES AIRPORT-QUITO<\/strong><\/span><\/a><\/h3>\n<p><span style=\"font-size: 16px; font-family: arial, helvetica, sans-serif;\">El Hotel Las Mercedes admite mascotas y ofrece alojamiento en Tababela. Facilita aparcamiento privado gratuito.<\/span><\/p>\n<h3><a href=\"https:\/\/naturegalapagos.com\/quito-hotels\/quito-airport-hotels\/zaysant-ecolodge\/\"><span style=\"font-size: 16px; font-family: arial, helvetica, sans-serif;\"><strong>ZAYSANT ECOLODGE<\/strong><\/span><\/a><\/h3>\n<p><span style=\"font-size: 16px; font-family: arial, helvetica, sans-serif;\">El Zaysant Ecolodge alberga un centro de fitness en Puembo. Este lodge tambi\u00e9n tiene ba\u00f1era de hidromasaje y, de forma gratuita, conexi\u00f3n WiFi y aparcamiento.<\/span><\/p>\n<h3><a href=\"https:\/\/naturegalapagos.com\/quito-hotels\/quito-airport-hotels\/casa-del-viajero-quito\/\"><span style=\"font-size: 16px; font-family: arial, helvetica, sans-serif;\"><strong>LA CASA DEL VIAJERO<\/strong><\/span><\/a><\/h3>\n<p><span style=\"font-size: 16px; font-family: arial, helvetica, sans-serif;\">Con Wi-Fi gratuito y un restaurante, La Casa del Viajero ofrece alojamiento en Hacienda Chiche Obraje, a 16 km de Quito. Parking gratis privado disponible en el sitio.\u00a0Cada habitaci\u00f3n est\u00e1 equipada con un ba\u00f1o privado con ducha.<\/span><\/p>\n<h3><a href=\"https:\/\/naturegalapagos.com\/quito-hotels\/quito-airport-hotels\/casa-izabella\/\"><span style=\"font-size: 16px; font-family: arial, helvetica, sans-serif;\"><strong>CASA IZABELLA<\/strong><\/span><\/a><\/h3>\n<p><span style=\"font-size: 16px; font-family: arial, helvetica, sans-serif;\">La Casa Izabella est\u00e1 situada a las afueras de Quito, a solo 15 minutos en coche del aeropuerto internacional Mariscal Sucre. La casa se encuentra rodeada por un hermoso bosque.<\/span><\/p>\n<h3><span style=\"font-size: 16px; font-family: arial, helvetica, sans-serif;\"><strong>HOSTERIA COUNTRY HOUSE QUITO CARLOTA<\/strong><\/span><\/h3>\n<p><span style=\"font-size: 16px; font-family: arial, helvetica, sans-serif;\">La Hoster\u00eda Country House Quinta Carlota est\u00e1 en Quito y tiene restaurante y piscina al aire libre. Proporciona conexi\u00f3n WiFi gratuita.<\/span><\/p>\n<h3><span style=\"font-size: 16px; font-family: arial, helvetica, sans-serif;\"><strong>B&amp;B PUEMBO<\/strong><\/span><\/h3>\n<p><span style=\"font-size: 16px; font-family: arial, helvetica, sans-serif;\">El B&amp;B Puembo est\u00e1 a las afueras de Quito, entre jardines tropicales. Se encuentra a 30 minutos en coche del centro hist\u00f3rico y ofrece desayuno gratuito diario y conexi\u00f3n Wi-Fi gratuita en todas las instalaciones.<\/span><\/p>\n<h3><a href=\"https:\/\/naturegalapagos.com\/quito-hotels\/quito-airport-hotels\/su-merced\/\"><span style=\"font-size: 16px; font-family: arial, helvetica, sans-serif;\"><strong>SU MERCED<\/strong><\/span><\/a><\/h3>\n<p><span style=\"font-size: 16px; font-family: arial, helvetica, sans-serif;\">El establecimiento Su Merced se encuentra en Puembo y ofrece un restaurante, un jard\u00edn y habitaciones con conexi\u00f3n gratuita a internet. Se ofrece aparcamiento gratuito y el desayuno est\u00e1 incluido. El valle de Tumbaco y Cumbay\u00e1 est\u00e1n a 8 minutos en coche.<\/span><\/p>\n<h3><span style=\"font-size: 16px; font-family: arial, helvetica, sans-serif;\"><strong>CASA\u00a0YARUQUI<\/strong><\/span><\/h3>\n<p><span style=\"font-size: 16px; font-family: arial, helvetica, sans-serif;\">El Hotel Casa Yaruqui est\u00e1 situado en Tababela y ofrece un restaurante a la carta y conexi\u00f3n WiFi gratuita. Sirve un desayuno continental a diario.<\/span><\/p>\n<h3><a href=\"https:\/\/naturegalapagos.com\/quito-hotels\/quito-airport-hotels\/hotel-tababela-resort\/\"><span style=\"font-size: 16px; font-family: arial, helvetica, sans-serif;\"><strong>HOTEL TABABELA RESORT<\/strong><\/span><\/a><\/h3>\n<p><span style=\"font-size: 16px; font-family: arial, helvetica, sans-serif;\">El Hotel Tababela Resort se encuentra en Tababela, y cuenta con restaurante. El alojamiento ofrece jard\u00edn, terraza, tienda de regalos y conexi\u00f3n WiFi gratuita.<\/span><\/p>\n<h3><span style=\"font-size: 16px; font-family: arial, helvetica, sans-serif;\"><strong>HOSTERIA SAN CARLOS TABABELA<\/strong><\/span><\/h3>\n<p><span style=\"font-size: 16px; font-family: arial, helvetica, sans-serif;\">La Hoster\u00eda San Carlos Tababela se encuentra en Hacienda Tababela y ofrece piscina al aire libre, jard\u00edn, restaurante, conexi\u00f3n Wi-Fi gratuita en las zonas comunes y centro de negocios. Situado a 10 km del Aeropuerto.<\/span><\/p>\n<h3><span style=\"font-size: 16px; font-family: arial, helvetica, sans-serif;\"><strong>HOSTAL EL PARQUE TABABELA<\/strong><\/span><\/h3>\n<p><span style=\"font-size: 16px; font-family: arial, helvetica, sans-serif;\">El Hostal el Parque Tababela se encuentra en el centro de Tababela, a 10 minutos en coche del aeropuerto internacional Mariscal Sucre. Ofrece un jard\u00edn y conexi\u00f3n WiFi gratuita en todo el establecimiento.<\/span><\/p>\n<h3><span style=\"font-size: 16px; font-family: arial, helvetica, sans-serif;\"><strong>HOTEL LA CASA DE PUEMBO QUITO<\/strong><\/span><\/h3>\n<p><span style=\"font-size: 16px; font-family: arial, helvetica, sans-serif;\">La Casa Puembo se encuentra en la hermosa campi\u00f1a de Puembo, a 45 minutos en coche de Quito. Ofrece un desayuno americano gratuito.<\/span><\/p>\n<h3><span style=\"font-size: 16px; font-family: arial, helvetica, sans-serif;\"><strong>GARDEN HOTEL SAN JOSE AEROPUERTO<\/strong><\/span><\/h3>\n<p><span style=\"font-size: 16px; font-family: arial, helvetica, sans-serif;\">El Garden Hotel San Jos\u00e9 Aeropuerto dispone de piscina cubierta y al aire libre y se encuentra a 15 minutos en coche del aeropuerto internacional Quito Mariscal Sucre. Ofrece conexi\u00f3n Wi-Fi gratuita y un desayuno buffet gratuito.<\/span><\/p>\n<h3><span style=\"font-size: 16px; font-family: arial, helvetica, sans-serif;\"><strong>HOSTERIA AIRPORT GARDEN<\/strong><\/span><\/h3>\n<p><span style=\"font-size: 16px; font-family: arial, helvetica, sans-serif;\">La Hosteria Airport Garden alberga una piscina cubierta y un restaurante en una zona apartada y tranquila de Tababela. Est\u00e1 rodeada de jardines e incluye, de forma gratuita, un desayuno diario y conexi\u00f3n WiFi.<\/span>[\/vc_column_text][\/vc_column][\/vc_row]<\/p>\n<\/div>","protected":false},"excerpt":{"rendered":"<p>[vc_row][vc_column][vc_column_text] Hoteles Cerca del Aeropuerto de Quito Si esta buscando el mejor hospedaje cerca del Aeropuerto Mariscal Sucre, nosotros ofrecemos un rango de lugares para el hospedaje disponible para los turistas que quieren un lugar privado y c\u00f3modo cerca del Aeropuerto Mariscal Sucre. Alrededor del aeropuerto se puede encontrar diferentes tipos de hoteles y hostales<\/p>\n<div class=\"padding-top text-center\"><a href=\"https:\/\/naturegalapagos.com\/es\/hoteles-en-quito\/hoteles-cerca-del-aeropuerto-de-quito\/\" class=\"atbtn atbtn--medium atbtn--rounded atbtn--transparent\">Leer m\u00e1s<i class=\"atbtn__icon atbtn__icon--right fa fa-long-arrow-right\"><\/i><\/a><\/div>\n","protected":false},"author":2,"featured_media":0,"parent":0,"menu_order":0,"comment_status":"closed","ping_status":"closed","template":"","meta":{"_joinchat":[],"footnotes":""},"class_list":["post-2424","page","type-page","status-publish","hentry"],"yoast_head":"<!-- This site is optimized with the Yoast SEO Premium plugin v25.6 (Yoast SEO v26.1.1) - https:\/\/yoast.com\/wordpress\/plugins\/seo\/ -->\n<title>Hoteles Cerca del Aeropuerto de Quito | Nature Galapagos<\/title>\n<meta name=\"description\" content=\"Hoteles Cerca del Aeropuerto de Quito, encuentre aqu\u00ed varias alternativas de hospedaje para su viaje, hotels confortables. Consulte nuestras tarifas.\" \/>\n<meta name=\"robots\" content=\"index, follow, max-snippet:-1, max-image-preview:large, max-video-preview:-1\" \/>\n<link rel=\"canonical\" href=\"https:\/\/naturegalapagos.com\/es\/hoteles-en-quito\/hoteles-cerca-del-aeropuerto-de-quito\/\" \/>\n<meta property=\"og:locale\" content=\"es_ES\" \/>\n<meta property=\"og:type\" content=\"article\" \/>\n<meta property=\"og:title\" content=\"Hoteles Cerca del Aeropuerto de Quito | Nature Galapagos\" \/>\n<meta property=\"og:description\" content=\"Hoteles Cerca del Aeropuerto de Quito, encuentre aqu\u00ed varias alternativas de hospedaje para su viaje, hotels confortables. Consulte nuestras tarifas.\" \/>\n<meta property=\"og:url\" content=\"https:\/\/naturegalapagos.com\/es\/hoteles-en-quito\/hoteles-cerca-del-aeropuerto-de-quito\/\" \/>\n<meta property=\"og:site_name\" content=\"Espa\u00f1ol - Nature Galapagos &amp; Ecuador\" \/>\n<meta property=\"article:publisher\" content=\"https:\/\/www.facebook.com\/naturegalapagosecuador\/\" \/>\n<meta property=\"article:modified_time\" content=\"2024-03-08T16:23:06+00:00\" \/>\n<meta property=\"og:image\" content=\"https:\/\/naturegalapagos.com\/es\/wp-content\/uploads\/sites\/3\/2015\/08\/Hoteles-Cerca-del-Aeropuerto-de-Quito.jpg\" \/>\n\t<meta property=\"og:image:width\" content=\"1920\" \/>\n\t<meta property=\"og:image:height\" content=\"900\" \/>\n\t<meta property=\"og:image:type\" content=\"image\/jpeg\" \/>\n<meta name=\"twitter:card\" content=\"summary_large_image\" \/>\n<meta name=\"twitter:title\" content=\"Hoteles Cerca del Aeropuerto de Quito | Nature Galapagos\" \/>\n<meta name=\"twitter:description\" content=\"Hoteles Cerca del Aeropuerto de Quito, encuentre aqu\u00ed varias alternativas de hospedaje para su viaje, hotels confortables. Consulte nuestras tarifas.\" \/>\n<meta name=\"twitter:site\" content=\"@naturegalapagos\" \/>\n<meta name=\"twitter:label1\" content=\"Tiempo de lectura\" \/>\n\t<meta name=\"twitter:data1\" content=\"3 minutos\" \/>\n<!-- \/ Yoast SEO Premium plugin. -->","yoast_head_json":{"title":"Hoteles Cerca del Aeropuerto de Quito | Nature Galapagos","description":"Hoteles Cerca del Aeropuerto de Quito, encuentre aqu\u00ed varias alternativas de hospedaje para su viaje, hotels confortables. Consulte nuestras tarifas.","robots":{"index":"index","follow":"follow","max-snippet":"max-snippet:-1","max-image-preview":"max-image-preview:large","max-video-preview":"max-video-preview:-1"},"canonical":"https:\/\/naturegalapagos.com\/es\/hoteles-en-quito\/hoteles-cerca-del-aeropuerto-de-quito\/","og_locale":"es_ES","og_type":"article","og_title":"Hoteles Cerca del Aeropuerto de Quito | Nature Galapagos","og_description":"Hoteles Cerca del Aeropuerto de Quito, encuentre aqu\u00ed varias alternativas de hospedaje para su viaje, hotels confortables. Consulte nuestras tarifas.","og_url":"https:\/\/naturegalapagos.com\/es\/hoteles-en-quito\/hoteles-cerca-del-aeropuerto-de-quito\/","og_site_name":"Espa\u00f1ol - Nature Galapagos &amp; Ecuador","article_publisher":"https:\/\/www.facebook.com\/naturegalapagosecuador\/","article_modified_time":"2024-03-08T16:23:06+00:00","og_image":[{"width":1920,"height":900,"url":"https:\/\/naturegalapagos.com\/es\/wp-content\/uploads\/sites\/3\/2015\/08\/Hoteles-Cerca-del-Aeropuerto-de-Quito.jpg","type":"image\/jpeg"}],"twitter_card":"summary_large_image","twitter_title":"Hoteles Cerca del Aeropuerto de Quito | Nature Galapagos","twitter_description":"Hoteles Cerca del Aeropuerto de Quito, encuentre aqu\u00ed varias alternativas de hospedaje para su viaje, hotels confortables. Consulte nuestras tarifas.","twitter_site":"@naturegalapagos","twitter_misc":{"Tiempo de lectura":"3 minutos"},"schema":{"@context":"https:\/\/schema.org","@graph":[{"@type":"WebPage","@id":"https:\/\/naturegalapagos.com\/es\/hoteles-en-quito\/hoteles-cerca-del-aeropuerto-de-quito\/","url":"https:\/\/naturegalapagos.com\/es\/hoteles-en-quito\/hoteles-cerca-del-aeropuerto-de-quito\/","name":"Hoteles Cerca del Aeropuerto de Quito | Nature Galapagos","isPartOf":{"@id":"https:\/\/naturegalapagos.com\/es\/#website"},"datePublished":"2015-08-14T17:26:11+00:00","dateModified":"2024-03-08T16:23:06+00:00","description":"Hoteles Cerca del Aeropuerto de Quito, encuentre aqu\u00ed varias alternativas de hospedaje para su viaje, hotels confortables. Consulte nuestras tarifas.","breadcrumb":{"@id":"https:\/\/naturegalapagos.com\/es\/hoteles-en-quito\/hoteles-cerca-del-aeropuerto-de-quito\/#breadcrumb"},"inLanguage":"es","potentialAction":[{"@type":"ReadAction","target":["https:\/\/naturegalapagos.com\/es\/hoteles-en-quito\/hoteles-cerca-del-aeropuerto-de-quito\/"]}]},{"@type":"BreadcrumbList","@id":"https:\/\/naturegalapagos.com\/es\/hoteles-en-quito\/hoteles-cerca-del-aeropuerto-de-quito\/#breadcrumb","itemListElement":[{"@type":"ListItem","position":1,"name":"Home","item":"https:\/\/naturegalapagos.com\/es\/"},{"@type":"ListItem","position":2,"name":"Hoteles Cerca del Aeropuerto de Quito"}]},{"@type":"WebSite","@id":"https:\/\/naturegalapagos.com\/es\/#website","url":"https:\/\/naturegalapagos.com\/es\/","name":"Espa\u00f1ol - Nature Galapagos & Ecuador","description":"","publisher":{"@id":"https:\/\/naturegalapagos.com\/es\/#organization"},"potentialAction":[{"@type":"SearchAction","target":{"@type":"EntryPoint","urlTemplate":"https:\/\/naturegalapagos.com\/es\/?s={search_term_string}"},"query-input":{"@type":"PropertyValueSpecification","valueRequired":true,"valueName":"search_term_string"}}],"inLanguage":"es"},{"@type":"Organization","@id":"https:\/\/naturegalapagos.com\/es\/#organization","name":"Espa\u00f1ol - Nature Galapagos & Ecuador","url":"https:\/\/naturegalapagos.com\/es\/","logo":{"@type":"ImageObject","inLanguage":"es","@id":"https:\/\/naturegalapagos.com\/es\/#\/schema\/logo\/image\/","url":"https:\/\/naturegalapagos.com\/es\/wp-content\/uploads\/sites\/3\/2016\/10\/Nature-Galapagos-Logo-COM-300x300.jpg","contentUrl":"https:\/\/naturegalapagos.com\/es\/wp-content\/uploads\/sites\/3\/2016\/10\/Nature-Galapagos-Logo-COM-300x300.jpg","width":300,"height":300,"caption":"Espa\u00f1ol - Nature Galapagos & Ecuador"},"image":{"@id":"https:\/\/naturegalapagos.com\/es\/#\/schema\/logo\/image\/"},"sameAs":["https:\/\/www.facebook.com\/naturegalapagosecuador\/","https:\/\/x.com\/naturegalapagos","https:\/\/www.instagram.com\/naturegalapagos\/","https:\/\/www.pinterest.com\/Naturegalapagos\/","https:\/\/www.youtube.com\/user\/NatureGalapagosTours"]}]}},"_links":{"self":[{"href":"https:\/\/naturegalapagos.com\/es\/wp-json\/wp\/v2\/pages\/2424","targetHints":{"allow":["GET"]}}],"collection":[{"href":"https:\/\/naturegalapagos.com\/es\/wp-json\/wp\/v2\/pages"}],"about":[{"href":"https:\/\/naturegalapagos.com\/es\/wp-json\/wp\/v2\/types\/page"}],"author":[{"embeddable":true,"href":"https:\/\/naturegalapagos.com\/es\/wp-json\/wp\/v2\/users\/2"}],"replies":[{"embeddable":true,"href":"https:\/\/naturegalapagos.com\/es\/wp-json\/wp\/v2\/comments?post=2424"}],"version-history":[{"count":0,"href":"https:\/\/naturegalapagos.com\/es\/wp-json\/wp\/v2\/pages\/2424\/revisions"}],"wp:attachment":[{"href":"https:\/\/naturegalapagos.com\/es\/wp-json\/wp\/v2\/media?parent=2424"}],"curies":[{"name":"wp","href":"https:\/\/api.w.org\/{rel}","templated":true}]}}