{"id":2429,"date":"2024-08-27T12:10:26","date_gmt":"2024-08-27T16:10:26","guid":{"rendered":"http:\/\/naturegalapagos.com\/es\/?page_id=2429"},"modified":"2024-08-27T13:10:50","modified_gmt":"2024-08-27T17:10:50","slug":"hoteles-en-galapagos-floreana","status":"publish","type":"page","link":"https:\/\/naturegalapagos.com\/es\/hoteles-en-galapagos\/floreana-galapagos\/","title":{"rendered":"Hoteles en Floreana | Gal\u00e1pagos"},"content":{"rendered":"<div class=\"wpb-content-wrapper\"><h2><span style=\"font-family: arial, helvetica, sans-serif;\"><strong>Los mejores hoteles en floreana<\/strong><\/span><\/h2>\n<hr \/>\n<p><span style=\"font-size: 10pt; font-family: arial, helvetica, sans-serif;\">Los <strong>Hoteles en floreana<\/strong>: El <strong>Floreana Lava Lodge<\/strong> se encuentra frente a la playa en la apartada isla Floreana. Esta es la isla habitada m\u00e1s peque\u00f1a de Gal\u00e1pagos. Este establecimiento ecol\u00f3gico ofrece un alojamiento sencillo con vistas al oc\u00e9ano y conexi\u00f3n Wi-Fi gratuita. Las habitaciones del lodge est\u00e1n situadas en caba\u00f1as de madera de estilo r\u00fastico con terraza privada. Disponen de ba\u00f1o, caja fuerte, escritorio y ropa de cama. El Floreana Lava Lodge cuenta con recepci\u00f3n las 24 horas y un mostrador de informaci\u00f3n tur\u00edstica. A 10 minutos a pie, en la peque\u00f1a localidad de Puerto Velasco Ibarra, hay varios restaurantes y tiendas locales. La bahia del Correo queda a unos 8 km. Este lodge es ideal para explorar la hermosa costa virgen de Floreana. Se puede llegar a la isla en barco desde la isla de Santa Cruz, donde hay un aeropuerto que ofrece conexiones con el Ecuador continental.<\/span><\/p>\n<p>[vc_row][vc_column]<div id=\"swiper1\" class=\"atgrid\">\n<div class=\"title title--big title--center title--underline title--decoration-bottom-center\">\n\t<div class=\"title__subtitle\">Hoteles en Gal\u00e1pagos<\/div>\n<h3 class=\"title__primary\">Hoteles en Floreana<\/h3><\/div>\n\t<div class=\"atgrid__slider\">\n\t\t<div class=\"atgrid__slider__controls\">\n\t\t\t<a class=\"atgrid__slider__prev\" href=\"#\"><i class=\"fa fa-chevron-left\"><\/i><\/a>\n\t\t\t<a class=\"atgrid__slider__next\" href=\"#\"><i class=\"fa fa-chevron-right\"><\/i><\/a>\n\t\t<\/div>\n\n\t\t<div class=\"swiper-container swiper-slider atgrid__slider__container\">\n\t\t\t<div class=\"swiper-wrapper\">\n\t\t\t\t\t\t\t\t\t\t<div class=\"swiper-slide\">\n\t\t\t\t\t<div class=\"atgrid__item\">\n\t\t\t\t\t\t<div class=\"atgrid__item__top\">\n\t\t\t\t\t\t\t<a href=\"https:\/\/naturegalapagos.com\/es\/hoteles-en-galapagos\/floreana-galapagos\/floreana-lava-lodge-galapagos\/\" class=\"atgrid__item__top__image\"><img decoding=\"async\" width=\"360\" height=\"240\" src=\"https:\/\/naturegalapagos.com\/es\/wp-content\/uploads\/sites\/3\/2016\/07\/floreana-lava-lodge-galapagos-caba\u00f1as-360x240.jpg\" class=\"attachment-thumb_tour_listing_small size-thumb_tour_listing_small wp-post-image\" alt=\"floreana lava lodge galapagos\" srcset=\"https:\/\/naturegalapagos.com\/es\/wp-content\/uploads\/sites\/3\/2016\/07\/floreana-lava-lodge-galapagos-caba\u00f1as-360x240.jpg 360w, https:\/\/naturegalapagos.com\/es\/wp-content\/uploads\/sites\/3\/2016\/07\/floreana-lava-lodge-galapagos-caba\u00f1as-531x354.jpg 531w, https:\/\/naturegalapagos.com\/es\/wp-content\/uploads\/sites\/3\/2016\/07\/floreana-lava-lodge-galapagos-caba\u00f1as-270x180.jpg 270w\" sizes=\"(max-width: 360px) 100vw, 360px\" \/><\/a>\t\t\t\t\t\t\t<div class=\"atgrid__item__angle-wrap\"><div class=\"atgrid__item__angle\" style=\"background-color:#c8d400\">M\u00e1s Informaci\u00f3n!<\/div><\/div>\t\t\t\t\t\t\t\t\t\t\t\t\t\t\t\t\t\t\t\t\t<div class=\"atgrid__item__icons\"><a href=\"https:\/\/naturegalapagos.com\/es\/tour-category\/hoteles-en-floreana\/\"><i data-toggle=\"tooltip\" title=\"Hoteles en Floreana\" class=\"td-hotel\"><\/i><\/a><\/div>\t\t\t\t\t\t<\/div>\n\n\t\t\t\t\t\t<div class=\"atgrid__item__content\">\n\t\t\t\t\t\t\t<h3 class=\"atgrid__item__title\"><a href=\"https:\/\/naturegalapagos.com\/es\/hoteles-en-galapagos\/floreana-galapagos\/floreana-lava-lodge-galapagos\/\">Floreana Lava Lodge Galapagos<\/a><\/h3>\n\t\t\t\t\t\t\t\t\t\t\t\t\t<div class=\"atgrid__item__description\">Floreana Lava Lodge Galapagos El Floreana Lava Lodge Galapagos tiene 10 caba\u00f1as independientes, cada una equipada con 2 camas individuales<\/div>\n\t\t\t\t\t\t\t\t\t\t\t\t<\/div>\n\t\t\t\t\t\t<div class=\"item-attributes\">\n\t\t\t\t\t\t\t<div class=\"item-attributes__item\"><div class=\"item-attributes__item__content\"><div class=\"item-attributes__item__content__item\"><i class=\"td-backpack\"><\/i><\/div><div class=\"item-attributes__item__content__item item-attributes__item__content__item--text\"><span>Aventura Sencilla<\/span><\/div><\/div><\/div><div class=\"item-attributes__item\"><div class=\"item-attributes__item__content\"><div class=\"item-attributes__item__content__item\"><i class=\"td-calendar-1\"><\/i><\/div><div class=\"item-attributes__item__content__item item-attributes__item__content__item--text\"><span>Todos los D\u00edas<\/span><\/div><\/div><\/div>\t\t\t\t\t\t\t<div class=\"item-attributes__item\">\n\t\t\t\t\t\t\t\t<a href=\"https:\/\/naturegalapagos.com\/es\/hoteles-en-galapagos\/floreana-galapagos\/floreana-lava-lodge-galapagos\/\" class=\"item-attributes__link\"><i class=\"fa fa-long-arrow-right\"><\/i><\/a>\n\t\t\t\t\t\t\t<\/div>\n\t\t\t\t\t\t<\/div>\n\t\t\t\t\t<\/div>\n\t\t\t\t<\/div>\n\t\t\t\t\t\t\t\t\t<\/div><!-- .swiper-wrapper -->\n\t\t<\/div><!-- .swiper-container -->\n\t<\/div><!-- .atgrid__slider  -->\n<\/div><!-- .atgrid -->\n[\/vc_column][\/vc_row][vc_row][vc_column][vc_empty_space height=&#8221;50px&#8221;][\/vc_column][\/vc_row]<\/p>\n<div id=\"gallery_1\" class=\"gallery\">\n<div class=\"row gallery__items\">\n\t\t\t\t\t<div class=\"col-sm-4 gallery__item-wrap\" data-filterid=\"\">\n\t\t\t<a href=\"https:\/\/naturegalapagos.com\/es\/wp-content\/uploads\/sites\/3\/2016\/07\/floreana-lava-lodge-galapagos-5.jpg\" class=\"swipebox gallery__item\" title=\"Floreana Lava Lodge Galapagos 5\">\n\t\t\t\t<img decoding=\"async\" width=\"720\" height=\"480\" src=\"https:\/\/naturegalapagos.com\/es\/wp-content\/uploads\/sites\/3\/2016\/07\/floreana-lava-lodge-galapagos-5-720x480.jpg\" class=\"attachment-thumb_gallery size-thumb_gallery\" alt=\"Floreana Lava Lodge Galapagos 5\" srcset=\"https:\/\/naturegalapagos.com\/es\/wp-content\/uploads\/sites\/3\/2016\/07\/floreana-lava-lodge-galapagos-5-720x480.jpg 720w, https:\/\/naturegalapagos.com\/es\/wp-content\/uploads\/sites\/3\/2016\/07\/floreana-lava-lodge-galapagos-5-300x200.jpg 300w, https:\/\/naturegalapagos.com\/es\/wp-content\/uploads\/sites\/3\/2016\/07\/floreana-lava-lodge-galapagos-5-768x512.jpg 768w, https:\/\/naturegalapagos.com\/es\/wp-content\/uploads\/sites\/3\/2016\/07\/floreana-lava-lodge-galapagos-5-180x120.jpg 180w, https:\/\/naturegalapagos.com\/es\/wp-content\/uploads\/sites\/3\/2016\/07\/floreana-lava-lodge-galapagos-5-531x354.jpg 531w, https:\/\/naturegalapagos.com\/es\/wp-content\/uploads\/sites\/3\/2016\/07\/floreana-lava-lodge-galapagos-5.jpg 900w\" sizes=\"(max-width: 720px) 100vw, 720px\" \/>\t\t\t\t<span class=\"gallery__item__info\">\n\t\t\t\t\t<span class=\"gallery__item__info__content\">\n\t\t\t\t\t\t<span class=\"gallery__item__title\">Floreana Lava Lodge Galapagos 5<\/span>\n\t\t\t\t\t\t\t\t\t\t<\/span>\n\t\t\t\t\t<span class=\"gallery__item__shadow\"><\/span>\n\t\t\t\t<\/span>\n\t\t\t<\/a>\n\t\t<\/div>\n\t\t\t\t\t<div class=\"col-sm-4 gallery__item-wrap\" data-filterid=\"\">\n\t\t\t<a href=\"https:\/\/naturegalapagos.com\/es\/wp-content\/uploads\/sites\/3\/2016\/07\/floreana-lava-lodge-galapagos-4.jpg\" class=\"swipebox gallery__item\" title=\"Floreana Lava Lodge Galapagos 4\">\n\t\t\t\t<img decoding=\"async\" width=\"720\" height=\"480\" src=\"https:\/\/naturegalapagos.com\/es\/wp-content\/uploads\/sites\/3\/2016\/07\/floreana-lava-lodge-galapagos-4-720x480.jpg\" class=\"attachment-thumb_gallery size-thumb_gallery\" alt=\"Floreana Lava Lodge Galapagos 4\" srcset=\"https:\/\/naturegalapagos.com\/es\/wp-content\/uploads\/sites\/3\/2016\/07\/floreana-lava-lodge-galapagos-4-720x480.jpg 720w, https:\/\/naturegalapagos.com\/es\/wp-content\/uploads\/sites\/3\/2016\/07\/floreana-lava-lodge-galapagos-4-300x200.jpg 300w, https:\/\/naturegalapagos.com\/es\/wp-content\/uploads\/sites\/3\/2016\/07\/floreana-lava-lodge-galapagos-4-768x512.jpg 768w, https:\/\/naturegalapagos.com\/es\/wp-content\/uploads\/sites\/3\/2016\/07\/floreana-lava-lodge-galapagos-4-180x120.jpg 180w, https:\/\/naturegalapagos.com\/es\/wp-content\/uploads\/sites\/3\/2016\/07\/floreana-lava-lodge-galapagos-4-531x354.jpg 531w, https:\/\/naturegalapagos.com\/es\/wp-content\/uploads\/sites\/3\/2016\/07\/floreana-lava-lodge-galapagos-4.jpg 900w\" sizes=\"(max-width: 720px) 100vw, 720px\" \/>\t\t\t\t<span class=\"gallery__item__info\">\n\t\t\t\t\t<span class=\"gallery__item__info__content\">\n\t\t\t\t\t\t<span class=\"gallery__item__title\">Floreana Lava Lodge Galapagos 4<\/span>\n\t\t\t\t\t\t\t\t\t\t<\/span>\n\t\t\t\t\t<span class=\"gallery__item__shadow\"><\/span>\n\t\t\t\t<\/span>\n\t\t\t<\/a>\n\t\t<\/div>\n\t\t\t\t\t<div class=\"col-sm-4 gallery__item-wrap\" data-filterid=\"\">\n\t\t\t<a href=\"https:\/\/naturegalapagos.com\/es\/wp-content\/uploads\/sites\/3\/2016\/07\/floreana-lava-lodge-galapagos-3.jpg\" class=\"swipebox gallery__item\" title=\"Floreana Lava Lodge Galapagos 3\">\n\t\t\t\t<img decoding=\"async\" width=\"720\" height=\"480\" src=\"https:\/\/naturegalapagos.com\/es\/wp-content\/uploads\/sites\/3\/2016\/07\/floreana-lava-lodge-galapagos-3-720x480.jpg\" class=\"attachment-thumb_gallery size-thumb_gallery\" alt=\"Floreana Lava Lodge Galapagos 3\" srcset=\"https:\/\/naturegalapagos.com\/es\/wp-content\/uploads\/sites\/3\/2016\/07\/floreana-lava-lodge-galapagos-3-720x480.jpg 720w, https:\/\/naturegalapagos.com\/es\/wp-content\/uploads\/sites\/3\/2016\/07\/floreana-lava-lodge-galapagos-3-300x200.jpg 300w, https:\/\/naturegalapagos.com\/es\/wp-content\/uploads\/sites\/3\/2016\/07\/floreana-lava-lodge-galapagos-3-768x512.jpg 768w, https:\/\/naturegalapagos.com\/es\/wp-content\/uploads\/sites\/3\/2016\/07\/floreana-lava-lodge-galapagos-3-180x120.jpg 180w, https:\/\/naturegalapagos.com\/es\/wp-content\/uploads\/sites\/3\/2016\/07\/floreana-lava-lodge-galapagos-3-531x354.jpg 531w, https:\/\/naturegalapagos.com\/es\/wp-content\/uploads\/sites\/3\/2016\/07\/floreana-lava-lodge-galapagos-3.jpg 900w\" sizes=\"(max-width: 720px) 100vw, 720px\" \/>\t\t\t\t<span class=\"gallery__item__info\">\n\t\t\t\t\t<span class=\"gallery__item__info__content\">\n\t\t\t\t\t\t<span class=\"gallery__item__title\">Floreana Lava Lodge Galapagos 3<\/span>\n\t\t\t\t\t\t\t\t\t\t<\/span>\n\t\t\t\t\t<span class=\"gallery__item__shadow\"><\/span>\n\t\t\t\t<\/span>\n\t\t\t<\/a>\n\t\t<\/div>\n\t<\/div>\n<\/div>\n<p>&nbsp;<\/p>\n<\/div>","protected":false},"excerpt":{"rendered":"<p>Los mejores hoteles en floreana Los Hoteles en floreana: El Floreana Lava Lodge se encuentra frente a la playa en la apartada isla Floreana. Esta es la isla habitada m\u00e1s peque\u00f1a de Gal\u00e1pagos. Este establecimiento ecol\u00f3gico ofrece un alojamiento sencillo con vistas al oc\u00e9ano y conexi\u00f3n Wi-Fi gratuita. Las habitaciones del lodge est\u00e1n situadas en<\/p>\n<div class=\"padding-top text-center\"><a href=\"https:\/\/naturegalapagos.com\/es\/hoteles-en-galapagos\/floreana-galapagos\/floreana-lava-lodge-galapagos\/\" class=\"atbtn atbtn--medium atbtn--rounded atbtn--transparent\">Leer m\u00e1s<i class=\"atbtn__icon atbtn__icon--right fa fa-long-arrow-right\"><\/i><\/a><\/div>\n","protected":false},"author":2,"featured_media":0,"parent":0,"menu_order":0,"comment_status":"closed","ping_status":"closed","template":"","meta":{"_joinchat":[],"footnotes":""},"class_list":["post-2429","page","type-page","status-publish","hentry"],"yoast_head":"<!-- This site is optimized with the Yoast SEO Premium plugin v25.6 (Yoast SEO v26.1.1) - https:\/\/yoast.com\/wordpress\/plugins\/seo\/ -->\n<title>Hoteles en Floreana: Encuentra los mejores hoteles<\/title>\n<meta name=\"description\" content=\"Encuentra alojamiento en diferentes hoteles de la Isla Floreana. Tenemos varios tipos de paquetes de acuerdo a las necesidades del cliente\" \/>\n<meta name=\"robots\" content=\"index, follow, max-snippet:-1, max-image-preview:large, max-video-preview:-1\" \/>\n<link rel=\"canonical\" href=\"https:\/\/naturegalapagos.com\/es\/hoteles-en-galapagos\/floreana-galapagos\/\" \/>\n<meta property=\"og:locale\" content=\"es_ES\" \/>\n<meta property=\"og:type\" content=\"article\" \/>\n<meta property=\"og:title\" content=\"Hoteles en Floreana, Gal\u00e1pagos | NG&amp;E\" \/>\n<meta property=\"og:description\" content=\"&quot;NG&amp;E&quot; ofrece alojamiento en diferentes hoteles de la Isla Floreana. Tenemos varios tipos de paquetes de acuerdo a las necesidades de nuestros clientes\" \/>\n<meta property=\"og:url\" content=\"https:\/\/naturegalapagos.com\/es\/hoteles-en-galapagos\/floreana-galapagos\/\" \/>\n<meta property=\"og:site_name\" content=\"Espa\u00f1ol - Nature Galapagos &amp; Ecuador\" \/>\n<meta property=\"article:publisher\" content=\"https:\/\/www.facebook.com\/naturegalapagosecuador\/\" \/>\n<meta property=\"article:modified_time\" content=\"2024-08-27T17:10:50+00:00\" \/>\n<meta property=\"og:image\" content=\"https:\/\/naturegalapagos.com\/es\/wp-content\/uploads\/sites\/3\/2016\/07\/floreana-lava-lodge-galapagos-caba\u00f1as.jpg\" \/>\n\t<meta property=\"og:image:width\" content=\"1024\" \/>\n\t<meta property=\"og:image:height\" content=\"512\" \/>\n\t<meta property=\"og:image:type\" content=\"image\/jpeg\" \/>\n<meta name=\"twitter:card\" content=\"summary_large_image\" \/>\n<meta name=\"twitter:title\" content=\"Hoteles en Floreana, Gal\u00e1pagos | NG&amp;E\" \/>\n<meta name=\"twitter:description\" content=\"&quot;NG&amp;E&quot; ofrece alojamiento en diferentes hoteles de la Isla Floreana. Tenemos varios tipos de paquetes de acuerdo a las necesidades de nuestros clientes\" \/>\n<meta name=\"twitter:site\" content=\"@naturegalapagos\" \/>\n<meta name=\"twitter:label1\" content=\"Tiempo de lectura\" \/>\n\t<meta name=\"twitter:data1\" content=\"1 minuto\" \/>\n<!-- \/ Yoast SEO Premium plugin. -->","yoast_head_json":{"title":"Hoteles en Floreana: Encuentra los mejores hoteles","description":"Encuentra alojamiento en diferentes hoteles de la Isla Floreana. Tenemos varios tipos de paquetes de acuerdo a las necesidades del cliente","robots":{"index":"index","follow":"follow","max-snippet":"max-snippet:-1","max-image-preview":"max-image-preview:large","max-video-preview":"max-video-preview:-1"},"canonical":"https:\/\/naturegalapagos.com\/es\/hoteles-en-galapagos\/floreana-galapagos\/","og_locale":"es_ES","og_type":"article","og_title":"Hoteles en Floreana, Gal\u00e1pagos | NG&E","og_description":"\"NG&E\" ofrece alojamiento en diferentes hoteles de la Isla Floreana. Tenemos varios tipos de paquetes de acuerdo a las necesidades de nuestros clientes","og_url":"https:\/\/naturegalapagos.com\/es\/hoteles-en-galapagos\/floreana-galapagos\/","og_site_name":"Espa\u00f1ol - Nature Galapagos &amp; Ecuador","article_publisher":"https:\/\/www.facebook.com\/naturegalapagosecuador\/","article_modified_time":"2024-08-27T17:10:50+00:00","og_image":[{"width":1024,"height":512,"url":"https:\/\/naturegalapagos.com\/es\/wp-content\/uploads\/sites\/3\/2016\/07\/floreana-lava-lodge-galapagos-caba\u00f1as.jpg","type":"image\/jpeg"}],"twitter_card":"summary_large_image","twitter_title":"Hoteles en Floreana, Gal\u00e1pagos | NG&E","twitter_description":"\"NG&E\" ofrece alojamiento en diferentes hoteles de la Isla Floreana. Tenemos varios tipos de paquetes de acuerdo a las necesidades de nuestros clientes","twitter_site":"@naturegalapagos","twitter_misc":{"Tiempo de lectura":"1 minuto"},"schema":{"@context":"https:\/\/schema.org","@graph":[{"@type":"WebPage","@id":"https:\/\/naturegalapagos.com\/es\/hoteles-en-galapagos\/floreana-galapagos\/","url":"https:\/\/naturegalapagos.com\/es\/hoteles-en-galapagos\/floreana-galapagos\/","name":"Hoteles en Floreana: Encuentra los mejores hoteles","isPartOf":{"@id":"https:\/\/naturegalapagos.com\/es\/#website"},"datePublished":"2024-08-27T16:10:26+00:00","dateModified":"2024-08-27T17:10:50+00:00","description":"Encuentra alojamiento en diferentes hoteles de la Isla Floreana. Tenemos varios tipos de paquetes de acuerdo a las necesidades del cliente","breadcrumb":{"@id":"https:\/\/naturegalapagos.com\/es\/hoteles-en-galapagos\/floreana-galapagos\/#breadcrumb"},"inLanguage":"es","potentialAction":[{"@type":"ReadAction","target":["https:\/\/naturegalapagos.com\/es\/hoteles-en-galapagos\/floreana-galapagos\/"]}]},{"@type":"BreadcrumbList","@id":"https:\/\/naturegalapagos.com\/es\/hoteles-en-galapagos\/floreana-galapagos\/#breadcrumb","itemListElement":[{"@type":"ListItem","position":1,"name":"Home","item":"https:\/\/naturegalapagos.com\/es\/"},{"@type":"ListItem","position":2,"name":"Hoteles en Floreana | Gal\u00e1pagos"}]},{"@type":"WebSite","@id":"https:\/\/naturegalapagos.com\/es\/#website","url":"https:\/\/naturegalapagos.com\/es\/","name":"Espa\u00f1ol - Nature Galapagos & Ecuador","description":"","publisher":{"@id":"https:\/\/naturegalapagos.com\/es\/#organization"},"potentialAction":[{"@type":"SearchAction","target":{"@type":"EntryPoint","urlTemplate":"https:\/\/naturegalapagos.com\/es\/?s={search_term_string}"},"query-input":{"@type":"PropertyValueSpecification","valueRequired":true,"valueName":"search_term_string"}}],"inLanguage":"es"},{"@type":"Organization","@id":"https:\/\/naturegalapagos.com\/es\/#organization","name":"Espa\u00f1ol - Nature Galapagos & Ecuador","url":"https:\/\/naturegalapagos.com\/es\/","logo":{"@type":"ImageObject","inLanguage":"es","@id":"https:\/\/naturegalapagos.com\/es\/#\/schema\/logo\/image\/","url":"https:\/\/naturegalapagos.com\/es\/wp-content\/uploads\/sites\/3\/2016\/10\/Nature-Galapagos-Logo-COM-300x300.jpg","contentUrl":"https:\/\/naturegalapagos.com\/es\/wp-content\/uploads\/sites\/3\/2016\/10\/Nature-Galapagos-Logo-COM-300x300.jpg","width":300,"height":300,"caption":"Espa\u00f1ol - Nature Galapagos & Ecuador"},"image":{"@id":"https:\/\/naturegalapagos.com\/es\/#\/schema\/logo\/image\/"},"sameAs":["https:\/\/www.facebook.com\/naturegalapagosecuador\/","https:\/\/x.com\/naturegalapagos","https:\/\/www.instagram.com\/naturegalapagos\/","https:\/\/www.pinterest.com\/Naturegalapagos\/","https:\/\/www.youtube.com\/user\/NatureGalapagosTours"]}]}},"_links":{"self":[{"href":"https:\/\/naturegalapagos.com\/es\/wp-json\/wp\/v2\/pages\/2429","targetHints":{"allow":["GET"]}}],"collection":[{"href":"https:\/\/naturegalapagos.com\/es\/wp-json\/wp\/v2\/pages"}],"about":[{"href":"https:\/\/naturegalapagos.com\/es\/wp-json\/wp\/v2\/types\/page"}],"author":[{"embeddable":true,"href":"https:\/\/naturegalapagos.com\/es\/wp-json\/wp\/v2\/users\/2"}],"replies":[{"embeddable":true,"href":"https:\/\/naturegalapagos.com\/es\/wp-json\/wp\/v2\/comments?post=2429"}],"version-history":[{"count":0,"href":"https:\/\/naturegalapagos.com\/es\/wp-json\/wp\/v2\/pages\/2429\/revisions"}],"wp:attachment":[{"href":"https:\/\/naturegalapagos.com\/es\/wp-json\/wp\/v2\/media?parent=2429"}],"curies":[{"name":"wp","href":"https:\/\/api.w.org\/{rel}","templated":true}]}}