{"id":2447,"date":"2015-06-10T19:36:02","date_gmt":"2015-06-10T19:36:02","guid":{"rendered":"http:\/\/naturegalapagos.com\/es\/?page_id=2447"},"modified":"2016-11-14T12:01:35","modified_gmt":"2016-11-14T17:01:35","slug":"pagos-politicas-cancelacion","status":"publish","type":"page","link":"https:\/\/naturegalapagos.com\/es\/pagos-politicas-cancelacion\/","title":{"rendered":"Isabela Reservas &#8211; Pagos y Pol\u00edticas de Cancelaci\u00f3n"},"content":{"rendered":"<h3><span style=\"font-size: 10pt;\">Pol\u00edticas de Reserva<\/span><\/h3>\n<h4><span style=\"font-size: 10pt;\">Ajuste Individual de Pasajeros<\/span><\/h4>\n<div class=\"content-text-area\">\n<ul>\n<li><span style=\"font-size: 10pt;\">Requerimos el 30% de la reserva confirmada y el 100% de la tarifa a\u00e9rea.<\/span><\/li>\n<li><span style=\"font-size: 10pt;\">Se requiere un segundo pago del 30% del tour en tierra por pasajero 90 d\u00edas antes de la fecha de salida.<\/span><\/li>\n<li><span style=\"font-size: 10pt;\">Se debe cancelar el restante 60 d\u00edas antes de que inicie el viaje.<\/span><\/li>\n<li><span style=\"font-size: 10pt;\">Si la venta es de entre 60 y 15 d\u00edas antes de la fecha de salida, se requiere el pago total para confirmar la operaci\u00f3n.<\/span><\/li>\n<\/ul>\n<p><span style=\"font-size: 10pt;\">Para confirmar las reservas adem\u00e1s el primer pago, se necesita la siguiente informaci\u00f3n de cada pasajero:<\/span><\/p>\n<p><span style=\"font-size: 10pt;\">1.- Apellidos<\/span><br \/>\n<span style=\"font-size: 10pt;\">2.- Nombres<\/span><br \/>\n<span style=\"font-size: 10pt;\">3.- N\u00famero de Pasaporte<\/span><br \/>\n<span style=\"font-size: 10pt;\">4.- Nacionalidad<\/span><br \/>\n<span style=\"font-size: 10pt;\">5.- Alergias o Enfermedades<\/span><br \/>\n<span style=\"font-size: 10pt;\">6.- Restricciones de Comida<\/span><br \/>\n<span style=\"font-size: 10pt;\">7.- Tel\u00e9fono de Contacto<\/span><\/p>\n<h3><span style=\"font-size: 10pt;\">Pol\u00edticas de Cancelaci\u00f3n<\/span><\/h3>\n<h3><span style=\"font-size: 10pt;\">Ajuste Individual de Pasajeros<\/span><\/h3>\n<div class=\"content-text-area\">\n<ul>\n<li><span style=\"font-size: 10pt;\">Si el aviso se recibe 60 d\u00edas antes de la salida, el reembolso no es posible<\/span><\/li>\n<li><span style=\"font-size: 10pt;\">Si no se recibe el aviso de entre 90 y 60 d\u00edas antes de la salida, le devolveremos su primer dep\u00f3sito menos 100.00 USD por persona y se reembolsar\u00e1 el 30% menos por\u00a0la tarifa\u00a0a\u00e9rea total.<\/span><\/li>\n<\/ul>\n<h4><span style=\"font-size: 10pt;\">Opciones de Pago<\/span><\/h4>\n<ul>\n<li><span style=\"font-size: 10pt;\">Con el fin de revisar sus opciones de pago, por favor visite nuestro\u00a0<a title=\"Booking &amp; Payment Policies\" href=\"http:\/\/naturegalapagos.com\/es\/centro-de-pagos\/\">CENTRO DE PAGOS\u00a0<\/a><\/span><\/li>\n<\/ul>\n<\/div>\n<\/div>\n","protected":false},"excerpt":{"rendered":"<p>Pol\u00edticas de Reserva Ajuste Individual de Pasajeros Requerimos el 30% de la reserva confirmada y el 100% de la tarifa a\u00e9rea. Se requiere un segundo pago del 30% del tour en tierra por pasajero 90 d\u00edas antes de la fecha de salida. Se debe cancelar el restante 60 d\u00edas antes de que inicie el viaje.<\/p>\n<div class=\"padding-top text-center\"><a href=\"https:\/\/naturegalapagos.com\/es\/pagos-politicas-cancelacion\/\" class=\"atbtn atbtn--medium atbtn--rounded atbtn--transparent\">Leer m\u00e1s<i class=\"atbtn__icon atbtn__icon--right fa fa-long-arrow-right\"><\/i><\/a><\/div>\n","protected":false},"author":2,"featured_media":0,"parent":0,"menu_order":0,"comment_status":"closed","ping_status":"closed","template":"","meta":{"_joinchat":[],"footnotes":""},"class_list":["post-2447","page","type-page","status-publish","hentry"],"yoast_head":"<!-- This site is optimized with the Yoast SEO Premium plugin v25.6 (Yoast SEO v26.1.1) - https:\/\/yoast.com\/wordpress\/plugins\/seo\/ -->\n<title>Isabela Reservas - Pagos y Pol\u00edticas de Cancelacion<\/title>\n<meta name=\"description\" content=\"Programas de reservas, pagos y pol\u00edticas de cancelaci\u00f3n, informaci\u00f3n \u00fatil acerca de c\u00f3mo el reservar y cancelar viajes con nosotros. M\u00e1s informaci\u00f3n aqu\u00ed...\" \/>\n<meta name=\"robots\" content=\"index, follow, max-snippet:-1, max-image-preview:large, max-video-preview:-1\" \/>\n<link rel=\"canonical\" href=\"https:\/\/naturegalapagos.com\/es\/pagos-politicas-cancelacion\/\" \/>\n<meta property=\"og:locale\" content=\"es_ES\" \/>\n<meta property=\"og:type\" content=\"article\" \/>\n<meta property=\"og:title\" content=\"Isabela Reservas - Pagos y Pol\u00edticas de Cancelacion\" \/>\n<meta property=\"og:description\" content=\"Programas de reservas, pagos y pol\u00edticas de cancelaci\u00f3n, informaci\u00f3n \u00fatil acerca de c\u00f3mo el reservar y cancelar viajes con nosotros. M\u00e1s informaci\u00f3n aqu\u00ed...\" \/>\n<meta property=\"og:url\" content=\"https:\/\/naturegalapagos.com\/es\/pagos-politicas-cancelacion\/\" \/>\n<meta property=\"og:site_name\" content=\"Espa\u00f1ol - Nature Galapagos &amp; Ecuador\" \/>\n<meta property=\"article:publisher\" content=\"https:\/\/www.facebook.com\/naturegalapagosecuador\/\" \/>\n<meta property=\"article:modified_time\" content=\"2016-11-14T17:01:35+00:00\" \/>\n<meta name=\"twitter:card\" content=\"summary_large_image\" \/>\n<meta name=\"twitter:title\" content=\"Isabela Reservas - Pagos y Pol\u00edticas de Cancelacion\" \/>\n<meta name=\"twitter:description\" content=\"Programas de reservas, pagos y pol\u00edticas de cancelaci\u00f3n, informaci\u00f3n \u00fatil acerca de c\u00f3mo el reservar y cancelar viajes con nosotros. M\u00e1s informaci\u00f3n aqu\u00ed...\" \/>\n<meta name=\"twitter:site\" content=\"@naturegalapagos\" \/>\n<meta name=\"twitter:label1\" content=\"Tiempo de lectura\" \/>\n\t<meta name=\"twitter:data1\" content=\"1 minuto\" \/>\n<!-- \/ Yoast SEO Premium plugin. -->","yoast_head_json":{"title":"Isabela Reservas - Pagos y Pol\u00edticas de Cancelacion","description":"Programas de reservas, pagos y pol\u00edticas de cancelaci\u00f3n, informaci\u00f3n \u00fatil acerca de c\u00f3mo el reservar y cancelar viajes con nosotros. M\u00e1s informaci\u00f3n aqu\u00ed...","robots":{"index":"index","follow":"follow","max-snippet":"max-snippet:-1","max-image-preview":"max-image-preview:large","max-video-preview":"max-video-preview:-1"},"canonical":"https:\/\/naturegalapagos.com\/es\/pagos-politicas-cancelacion\/","og_locale":"es_ES","og_type":"article","og_title":"Isabela Reservas - Pagos y Pol\u00edticas de Cancelacion","og_description":"Programas de reservas, pagos y pol\u00edticas de cancelaci\u00f3n, informaci\u00f3n \u00fatil acerca de c\u00f3mo el reservar y cancelar viajes con nosotros. M\u00e1s informaci\u00f3n aqu\u00ed...","og_url":"https:\/\/naturegalapagos.com\/es\/pagos-politicas-cancelacion\/","og_site_name":"Espa\u00f1ol - Nature Galapagos &amp; Ecuador","article_publisher":"https:\/\/www.facebook.com\/naturegalapagosecuador\/","article_modified_time":"2016-11-14T17:01:35+00:00","twitter_card":"summary_large_image","twitter_title":"Isabela Reservas - Pagos y Pol\u00edticas de Cancelacion","twitter_description":"Programas de reservas, pagos y pol\u00edticas de cancelaci\u00f3n, informaci\u00f3n \u00fatil acerca de c\u00f3mo el reservar y cancelar viajes con nosotros. M\u00e1s informaci\u00f3n aqu\u00ed...","twitter_site":"@naturegalapagos","twitter_misc":{"Tiempo de lectura":"1 minuto"},"schema":{"@context":"https:\/\/schema.org","@graph":[{"@type":"WebPage","@id":"https:\/\/naturegalapagos.com\/es\/pagos-politicas-cancelacion\/","url":"https:\/\/naturegalapagos.com\/es\/pagos-politicas-cancelacion\/","name":"Isabela Reservas - Pagos y Pol\u00edticas de Cancelacion","isPartOf":{"@id":"https:\/\/naturegalapagos.com\/es\/#website"},"datePublished":"2015-06-10T19:36:02+00:00","dateModified":"2016-11-14T17:01:35+00:00","description":"Programas de reservas, pagos y pol\u00edticas de cancelaci\u00f3n, informaci\u00f3n \u00fatil acerca de c\u00f3mo el reservar y cancelar viajes con nosotros. M\u00e1s informaci\u00f3n aqu\u00ed...","breadcrumb":{"@id":"https:\/\/naturegalapagos.com\/es\/pagos-politicas-cancelacion\/#breadcrumb"},"inLanguage":"es","potentialAction":[{"@type":"ReadAction","target":["https:\/\/naturegalapagos.com\/es\/pagos-politicas-cancelacion\/"]}]},{"@type":"BreadcrumbList","@id":"https:\/\/naturegalapagos.com\/es\/pagos-politicas-cancelacion\/#breadcrumb","itemListElement":[{"@type":"ListItem","position":1,"name":"Home","item":"https:\/\/naturegalapagos.com\/es\/"},{"@type":"ListItem","position":2,"name":"Isabela Reservas &#8211; Pagos y Pol\u00edticas de Cancelaci\u00f3n"}]},{"@type":"WebSite","@id":"https:\/\/naturegalapagos.com\/es\/#website","url":"https:\/\/naturegalapagos.com\/es\/","name":"Espa\u00f1ol - Nature Galapagos & Ecuador","description":"","publisher":{"@id":"https:\/\/naturegalapagos.com\/es\/#organization"},"potentialAction":[{"@type":"SearchAction","target":{"@type":"EntryPoint","urlTemplate":"https:\/\/naturegalapagos.com\/es\/?s={search_term_string}"},"query-input":{"@type":"PropertyValueSpecification","valueRequired":true,"valueName":"search_term_string"}}],"inLanguage":"es"},{"@type":"Organization","@id":"https:\/\/naturegalapagos.com\/es\/#organization","name":"Espa\u00f1ol - Nature Galapagos & Ecuador","url":"https:\/\/naturegalapagos.com\/es\/","logo":{"@type":"ImageObject","inLanguage":"es","@id":"https:\/\/naturegalapagos.com\/es\/#\/schema\/logo\/image\/","url":"https:\/\/naturegalapagos.com\/es\/wp-content\/uploads\/sites\/3\/2016\/10\/Nature-Galapagos-Logo-COM-300x300.jpg","contentUrl":"https:\/\/naturegalapagos.com\/es\/wp-content\/uploads\/sites\/3\/2016\/10\/Nature-Galapagos-Logo-COM-300x300.jpg","width":300,"height":300,"caption":"Espa\u00f1ol - Nature Galapagos & Ecuador"},"image":{"@id":"https:\/\/naturegalapagos.com\/es\/#\/schema\/logo\/image\/"},"sameAs":["https:\/\/www.facebook.com\/naturegalapagosecuador\/","https:\/\/x.com\/naturegalapagos","https:\/\/www.instagram.com\/naturegalapagos\/","https:\/\/www.pinterest.com\/Naturegalapagos\/","https:\/\/www.youtube.com\/user\/NatureGalapagosTours"]}]}},"_links":{"self":[{"href":"https:\/\/naturegalapagos.com\/es\/wp-json\/wp\/v2\/pages\/2447","targetHints":{"allow":["GET"]}}],"collection":[{"href":"https:\/\/naturegalapagos.com\/es\/wp-json\/wp\/v2\/pages"}],"about":[{"href":"https:\/\/naturegalapagos.com\/es\/wp-json\/wp\/v2\/types\/page"}],"author":[{"embeddable":true,"href":"https:\/\/naturegalapagos.com\/es\/wp-json\/wp\/v2\/users\/2"}],"replies":[{"embeddable":true,"href":"https:\/\/naturegalapagos.com\/es\/wp-json\/wp\/v2\/comments?post=2447"}],"version-history":[{"count":0,"href":"https:\/\/naturegalapagos.com\/es\/wp-json\/wp\/v2\/pages\/2447\/revisions"}],"wp:attachment":[{"href":"https:\/\/naturegalapagos.com\/es\/wp-json\/wp\/v2\/media?parent=2447"}],"curies":[{"name":"wp","href":"https:\/\/api.w.org\/{rel}","templated":true}]}}