{"id":2448,"date":"2015-05-04T20:07:35","date_gmt":"2015-05-04T20:07:35","guid":{"rendered":"http:\/\/naturegalapagos.com\/es\/?page_id=2448"},"modified":"2024-08-26T18:45:14","modified_gmt":"2024-08-26T22:45:14","slug":"isla-espanola-galapagos-informacion","status":"publish","type":"page","link":"https:\/\/naturegalapagos.com\/es\/isla-espanola-galapagos-informacion\/","title":{"rendered":"Isla Espa\u00f1ola Gal\u00e1pagos"},"content":{"rendered":"<div class=\"wpb-content-wrapper\"><p>[vc_row][vc_column][vc_column_text]<\/p>\n<h2><span style=\"font-size: 24px; font-family: arial, helvetica, sans-serif;\"><strong>Isla Espa\u00f1ola Gal\u00e1pagos<\/strong><strong>\u00a0&#8211; Breve Descripci\u00f3n:<\/strong><\/span><\/h2>\n<hr \/>\n<p><span style=\"font-size: 14px; font-family: arial, helvetica, sans-serif;\">Situado en el extremo sur-este de las Islas Gal\u00e1pagos se encuentra Espa\u00f1ola o Isla Hood (en honor al Almirante brit\u00e1nico Samuel Hood). La cantidad y variedad de vida silvestre en este sitio es notable, siendo una de las islas m\u00e1s antiguas del archipi\u00e9lago. Isla Espa\u00f1ola Gal\u00e1pagos es considerada como el para\u00edso del avistamiento de aves debido a la cantidad de especies end\u00e9micas y for\u00e1neas que habita esta isla. <\/span><\/p>\n<p><span style=\"font-size: 14px; font-family: arial, helvetica, sans-serif;\">Aqu\u00ed encontrar\u00e1s paisajes espectaculares como el espir\u00e1culo, una fisura en la lava donde el agua sale a borbotones como un Gayser. Hay dos \u00e1reas destinadas a\u00a0 visitantes, Punta Su\u00e1rez y Gradner Bay. Punta Su\u00e1rez considerada como uno de los mejores lugares para visitar en el archipi\u00e9lago ofrecen un tiempo para relajarse en su playa con arena caliente y agua tranquilas rodeada por lobos marinos. Bah\u00eda Gardner adem\u00e1s maravilla a sus visitantes con su playa de arena blanca y por ser un lugar de buceo incre\u00edble.<\/span><\/p>\n<div id=\"gallery_1\" class=\"gallery\">\n<div class=\"row gallery__items\">\n\t\t\t\t\t<div class=\"col-sm-4 gallery__item-wrap\" data-filterid=\"\">\n\t\t\t<a href=\"https:\/\/naturegalapagos.com\/es\/wp-content\/uploads\/sites\/3\/2017\/08\/Tour-Isla-Espa\u00f1ola-Galapagos-crias-leon.jpg\" class=\"swipebox gallery__item\" title=\"Tour Isla Espa\u00f1ola Galapagos crias leon\">\n\t\t\t\t<img decoding=\"async\" width=\"720\" height=\"480\" src=\"https:\/\/naturegalapagos.com\/es\/wp-content\/uploads\/sites\/3\/2017\/08\/Tour-Isla-Espa\u00f1ola-Galapagos-crias-leon-720x480.jpg\" class=\"attachment-thumb_gallery size-thumb_gallery\" alt=\"Tour Isla Espa\u00f1ola Galapagos crias leon\" srcset=\"https:\/\/naturegalapagos.com\/es\/wp-content\/uploads\/sites\/3\/2017\/08\/Tour-Isla-Espa\u00f1ola-Galapagos-crias-leon-720x480.jpg 720w, https:\/\/naturegalapagos.com\/es\/wp-content\/uploads\/sites\/3\/2017\/08\/Tour-Isla-Espa\u00f1ola-Galapagos-crias-leon-300x200.jpg 300w, https:\/\/naturegalapagos.com\/es\/wp-content\/uploads\/sites\/3\/2017\/08\/Tour-Isla-Espa\u00f1ola-Galapagos-crias-leon-768x512.jpg 768w, https:\/\/naturegalapagos.com\/es\/wp-content\/uploads\/sites\/3\/2017\/08\/Tour-Isla-Espa\u00f1ola-Galapagos-crias-leon-180x120.jpg 180w, https:\/\/naturegalapagos.com\/es\/wp-content\/uploads\/sites\/3\/2017\/08\/Tour-Isla-Espa\u00f1ola-Galapagos-crias-leon-531x354.jpg 531w, https:\/\/naturegalapagos.com\/es\/wp-content\/uploads\/sites\/3\/2017\/08\/Tour-Isla-Espa\u00f1ola-Galapagos-crias-leon.jpg 900w\" sizes=\"(max-width: 720px) 100vw, 720px\" \/>\t\t\t\t<span class=\"gallery__item__info\">\n\t\t\t\t\t<span class=\"gallery__item__info__content\">\n\t\t\t\t\t\t<span class=\"gallery__item__title\">Tour Isla Espa\u00f1ola Galapagos crias leon<\/span>\n\t\t\t\t\t\t\t\t\t\t<\/span>\n\t\t\t\t\t<span class=\"gallery__item__shadow\"><\/span>\n\t\t\t\t<\/span>\n\t\t\t<\/a>\n\t\t<\/div>\n\t\t\t\t\t<div class=\"col-sm-4 gallery__item-wrap\" data-filterid=\"\">\n\t\t\t<a href=\"https:\/\/naturegalapagos.com\/es\/wp-content\/uploads\/sites\/3\/2017\/08\/Tour-Isla-Espa\u00f1ola-Galapagos-fauna.jpg\" class=\"swipebox gallery__item\" title=\"Tour Isla Espa\u00f1ola Galapagos fauna\">\n\t\t\t\t<img decoding=\"async\" width=\"720\" height=\"480\" src=\"https:\/\/naturegalapagos.com\/es\/wp-content\/uploads\/sites\/3\/2017\/08\/Tour-Isla-Espa\u00f1ola-Galapagos-fauna-720x480.jpg\" class=\"attachment-thumb_gallery size-thumb_gallery\" alt=\"Tour Isla Espa\u00f1ola Galapagos fauna\" srcset=\"https:\/\/naturegalapagos.com\/es\/wp-content\/uploads\/sites\/3\/2017\/08\/Tour-Isla-Espa\u00f1ola-Galapagos-fauna-720x480.jpg 720w, https:\/\/naturegalapagos.com\/es\/wp-content\/uploads\/sites\/3\/2017\/08\/Tour-Isla-Espa\u00f1ola-Galapagos-fauna-300x200.jpg 300w, https:\/\/naturegalapagos.com\/es\/wp-content\/uploads\/sites\/3\/2017\/08\/Tour-Isla-Espa\u00f1ola-Galapagos-fauna-768x512.jpg 768w, https:\/\/naturegalapagos.com\/es\/wp-content\/uploads\/sites\/3\/2017\/08\/Tour-Isla-Espa\u00f1ola-Galapagos-fauna-180x120.jpg 180w, https:\/\/naturegalapagos.com\/es\/wp-content\/uploads\/sites\/3\/2017\/08\/Tour-Isla-Espa\u00f1ola-Galapagos-fauna-531x354.jpg 531w, https:\/\/naturegalapagos.com\/es\/wp-content\/uploads\/sites\/3\/2017\/08\/Tour-Isla-Espa\u00f1ola-Galapagos-fauna.jpg 900w\" sizes=\"(max-width: 720px) 100vw, 720px\" \/>\t\t\t\t<span class=\"gallery__item__info\">\n\t\t\t\t\t<span class=\"gallery__item__info__content\">\n\t\t\t\t\t\t<span class=\"gallery__item__title\">Tour Isla Espa\u00f1ola Galapagos fauna<\/span>\n\t\t\t\t\t\t\t\t\t\t<\/span>\n\t\t\t\t\t<span class=\"gallery__item__shadow\"><\/span>\n\t\t\t\t<\/span>\n\t\t\t<\/a>\n\t\t<\/div>\n\t\t\t\t\t<div class=\"col-sm-4 gallery__item-wrap\" data-filterid=\"\">\n\t\t\t<a href=\"https:\/\/naturegalapagos.com\/es\/wp-content\/uploads\/sites\/3\/2017\/08\/Tour-Isla-Espa\u00f1ola-Galapagos-albatros.jpg\" class=\"swipebox gallery__item\" title=\"Tour Isla Espa\u00f1ola Galapagos albatros\">\n\t\t\t\t<img decoding=\"async\" width=\"720\" height=\"480\" src=\"https:\/\/naturegalapagos.com\/es\/wp-content\/uploads\/sites\/3\/2017\/08\/Tour-Isla-Espa\u00f1ola-Galapagos-albatros-720x480.jpg\" class=\"attachment-thumb_gallery size-thumb_gallery\" alt=\"Tour Isla Espa\u00f1ola Galapagos albatros\" srcset=\"https:\/\/naturegalapagos.com\/es\/wp-content\/uploads\/sites\/3\/2017\/08\/Tour-Isla-Espa\u00f1ola-Galapagos-albatros-720x480.jpg 720w, https:\/\/naturegalapagos.com\/es\/wp-content\/uploads\/sites\/3\/2017\/08\/Tour-Isla-Espa\u00f1ola-Galapagos-albatros-300x200.jpg 300w, https:\/\/naturegalapagos.com\/es\/wp-content\/uploads\/sites\/3\/2017\/08\/Tour-Isla-Espa\u00f1ola-Galapagos-albatros-768x512.jpg 768w, https:\/\/naturegalapagos.com\/es\/wp-content\/uploads\/sites\/3\/2017\/08\/Tour-Isla-Espa\u00f1ola-Galapagos-albatros-180x120.jpg 180w, https:\/\/naturegalapagos.com\/es\/wp-content\/uploads\/sites\/3\/2017\/08\/Tour-Isla-Espa\u00f1ola-Galapagos-albatros-531x354.jpg 531w, https:\/\/naturegalapagos.com\/es\/wp-content\/uploads\/sites\/3\/2017\/08\/Tour-Isla-Espa\u00f1ola-Galapagos-albatros.jpg 900w\" sizes=\"(max-width: 720px) 100vw, 720px\" \/>\t\t\t\t<span class=\"gallery__item__info\">\n\t\t\t\t\t<span class=\"gallery__item__info__content\">\n\t\t\t\t\t\t<span class=\"gallery__item__title\">Tour Isla Espa\u00f1ola Galapagos albatros<\/span>\n\t\t\t\t\t\t\t\t\t\t<\/span>\n\t\t\t\t\t<span class=\"gallery__item__shadow\"><\/span>\n\t\t\t\t<\/span>\n\t\t\t<\/a>\n\t\t<\/div>\n\t<\/div>\n<\/div>\n<ul>\n<li><span style=\"font-size: 14px; font-family: arial, helvetica, sans-serif;\"><strong>\u00c1rea<\/strong>: 60 km2<\/span><\/li>\n<li><span style=\"font-size: 14px; font-family: arial, helvetica, sans-serif;\"><strong>Altitud<\/strong>: 675 m<\/span><\/li>\n<li><span style=\"font-size: 14px; font-family: arial, helvetica, sans-serif;\"><strong>Poblaci\u00f3n humana<\/strong>: 0<\/span><\/li>\n<\/ul>\n<p><span style=\"font-size: 14px; font-family: arial, helvetica, sans-serif;\"><strong>Sitios de visita<\/strong>: Punta Su\u00e1rez, Gardner Bay.<\/span><\/p>\n<h3 style=\"text-align: justify;\"><span style=\"font-size: 20px; font-family: arial, helvetica, sans-serif;\"><strong>Vida Silvestre para ver<\/strong><\/span><\/h3>\n<p style=\"text-align: justify;\"><span style=\"font-size: 14px; font-family: arial, helvetica, sans-serif;\">Como para\u00edso para el avistamiento de aves Espa\u00f1ola est\u00e1 habitada por albatros, piqueros de patas azules y enmascarados de anidaci\u00f3n, halcones de Gal\u00e1pagos, pinzones Darwin, gaviotas de cola bifurcada, Espa\u00f1ola sinsontes, aves playeras, palomas de Gal\u00e1pagos, tambi\u00e9n su fauna esta constituida por las iguanas marinas, lagartijas de lava, leones marinos.<\/span><\/p>\n<p>[\/vc_column_text][\/vc_column][\/vc_row]<\/p>\n<\/div>","protected":false},"excerpt":{"rendered":"<p>[vc_row][vc_column][vc_column_text] Isla Espa\u00f1ola Gal\u00e1pagos\u00a0&#8211; Breve Descripci\u00f3n: Situado en el extremo sur-este de las Islas Gal\u00e1pagos se encuentra Espa\u00f1ola o Isla Hood (en honor al Almirante brit\u00e1nico Samuel Hood). La cantidad y variedad de vida silvestre en este sitio es notable, siendo una de las islas m\u00e1s antiguas del archipi\u00e9lago. Isla Espa\u00f1ola Gal\u00e1pagos es considerada como<\/p>\n<div class=\"padding-top text-center\"><a href=\"https:\/\/naturegalapagos.com\/es\/isla-espanola-galapagos-informacion\/\" class=\"atbtn atbtn--medium atbtn--rounded atbtn--transparent\">Leer m\u00e1s<i class=\"atbtn__icon atbtn__icon--right fa fa-long-arrow-right\"><\/i><\/a><\/div>\n","protected":false},"author":2,"featured_media":0,"parent":0,"menu_order":0,"comment_status":"closed","ping_status":"closed","template":"","meta":{"_joinchat":[],"footnotes":""},"class_list":["post-2448","page","type-page","status-publish","hentry"],"yoast_head":"<!-- This site is optimized with the Yoast SEO Premium plugin v25.6 (Yoast SEO v26.1.1) - https:\/\/yoast.com\/wordpress\/plugins\/seo\/ -->\n<title>Isla Espa\u00f1ola Gal\u00e1pagos - Nature Galapagos &amp; Ecuador<\/title>\n<meta name=\"description\" content=\"Isla Espa\u00f1ola Gal\u00e1pagos es considerada como el para\u00edso de las aves debido a la cantidad de especies que habitan esta isla. Ven, y descubrelas con nosotros.\" \/>\n<meta name=\"robots\" content=\"index, follow, max-snippet:-1, max-image-preview:large, max-video-preview:-1\" \/>\n<link rel=\"canonical\" href=\"https:\/\/naturegalapagos.com\/es\/isla-espanola-galapagos-informacion\/\" \/>\n<meta property=\"og:locale\" content=\"es_ES\" \/>\n<meta property=\"og:type\" content=\"article\" \/>\n<meta property=\"og:title\" content=\"Isla Espa\u00f1ola Gal\u00e1pagos - Nature Galapagos &amp; Ecuador\" \/>\n<meta property=\"og:description\" content=\"Isla Espa\u00f1ola Gal\u00e1pagos es considerada como el para\u00edso de las aves debido a la cantidad de especies que habitan esta isla. Ven, y descubrelas con nosotros.\" \/>\n<meta property=\"og:url\" content=\"https:\/\/naturegalapagos.com\/es\/isla-espanola-galapagos-informacion\/\" \/>\n<meta property=\"og:site_name\" content=\"Espa\u00f1ol - Nature Galapagos &amp; Ecuador\" \/>\n<meta property=\"article:publisher\" content=\"https:\/\/www.facebook.com\/naturegalapagosecuador\/\" \/>\n<meta property=\"article:modified_time\" content=\"2024-08-26T22:45:14+00:00\" \/>\n<meta property=\"og:image\" content=\"https:\/\/naturegalapagos.com\/es\/wp-content\/uploads\/sites\/3\/2014\/12\/Tours-en-Galapagos-Isla-Bartolome-Tour.jpg\" \/>\n\t<meta property=\"og:image:width\" content=\"1920\" \/>\n\t<meta property=\"og:image:height\" content=\"900\" \/>\n\t<meta property=\"og:image:type\" content=\"image\/jpeg\" \/>\n<meta name=\"twitter:card\" content=\"summary_large_image\" \/>\n<meta name=\"twitter:title\" content=\"Isla Espa\u00f1ola Gal\u00e1pagos - Nature Galapagos &amp; Ecuador\" \/>\n<meta name=\"twitter:description\" content=\"Isla Espa\u00f1ola Gal\u00e1pagos es considerada como el para\u00edso de las aves debido a la cantidad de especies que habitan esta isla. Ven, y descubrelas con nosotros.\" \/>\n<meta name=\"twitter:site\" content=\"@naturegalapagos\" \/>\n<meta name=\"twitter:label1\" content=\"Tiempo de lectura\" \/>\n\t<meta name=\"twitter:data1\" content=\"2 minutos\" \/>\n<!-- \/ Yoast SEO Premium plugin. -->","yoast_head_json":{"title":"Isla Espa\u00f1ola Gal\u00e1pagos - Nature Galapagos & Ecuador","description":"Isla Espa\u00f1ola Gal\u00e1pagos es considerada como el para\u00edso de las aves debido a la cantidad de especies que habitan esta isla. Ven, y descubrelas con nosotros.","robots":{"index":"index","follow":"follow","max-snippet":"max-snippet:-1","max-image-preview":"max-image-preview:large","max-video-preview":"max-video-preview:-1"},"canonical":"https:\/\/naturegalapagos.com\/es\/isla-espanola-galapagos-informacion\/","og_locale":"es_ES","og_type":"article","og_title":"Isla Espa\u00f1ola Gal\u00e1pagos - Nature Galapagos & Ecuador","og_description":"Isla Espa\u00f1ola Gal\u00e1pagos es considerada como el para\u00edso de las aves debido a la cantidad de especies que habitan esta isla. Ven, y descubrelas con nosotros.","og_url":"https:\/\/naturegalapagos.com\/es\/isla-espanola-galapagos-informacion\/","og_site_name":"Espa\u00f1ol - Nature Galapagos &amp; Ecuador","article_publisher":"https:\/\/www.facebook.com\/naturegalapagosecuador\/","article_modified_time":"2024-08-26T22:45:14+00:00","og_image":[{"width":1920,"height":900,"url":"https:\/\/naturegalapagos.com\/es\/wp-content\/uploads\/sites\/3\/2014\/12\/Tours-en-Galapagos-Isla-Bartolome-Tour.jpg","type":"image\/jpeg"}],"twitter_card":"summary_large_image","twitter_title":"Isla Espa\u00f1ola Gal\u00e1pagos - Nature Galapagos & Ecuador","twitter_description":"Isla Espa\u00f1ola Gal\u00e1pagos es considerada como el para\u00edso de las aves debido a la cantidad de especies que habitan esta isla. Ven, y descubrelas con nosotros.","twitter_site":"@naturegalapagos","twitter_misc":{"Tiempo de lectura":"2 minutos"},"schema":{"@context":"https:\/\/schema.org","@graph":[{"@type":"WebPage","@id":"https:\/\/naturegalapagos.com\/es\/isla-espanola-galapagos-informacion\/","url":"https:\/\/naturegalapagos.com\/es\/isla-espanola-galapagos-informacion\/","name":"Isla Espa\u00f1ola Gal\u00e1pagos - Nature Galapagos & Ecuador","isPartOf":{"@id":"https:\/\/naturegalapagos.com\/es\/#website"},"datePublished":"2015-05-04T20:07:35+00:00","dateModified":"2024-08-26T22:45:14+00:00","description":"Isla Espa\u00f1ola Gal\u00e1pagos es considerada como el para\u00edso de las aves debido a la cantidad de especies que habitan esta isla. Ven, y descubrelas con nosotros.","breadcrumb":{"@id":"https:\/\/naturegalapagos.com\/es\/isla-espanola-galapagos-informacion\/#breadcrumb"},"inLanguage":"es","potentialAction":[{"@type":"ReadAction","target":["https:\/\/naturegalapagos.com\/es\/isla-espanola-galapagos-informacion\/"]}]},{"@type":"BreadcrumbList","@id":"https:\/\/naturegalapagos.com\/es\/isla-espanola-galapagos-informacion\/#breadcrumb","itemListElement":[{"@type":"ListItem","position":1,"name":"Home","item":"https:\/\/naturegalapagos.com\/es\/"},{"@type":"ListItem","position":2,"name":"Isla Espa\u00f1ola Gal\u00e1pagos"}]},{"@type":"WebSite","@id":"https:\/\/naturegalapagos.com\/es\/#website","url":"https:\/\/naturegalapagos.com\/es\/","name":"Espa\u00f1ol - Nature Galapagos & Ecuador","description":"","publisher":{"@id":"https:\/\/naturegalapagos.com\/es\/#organization"},"potentialAction":[{"@type":"SearchAction","target":{"@type":"EntryPoint","urlTemplate":"https:\/\/naturegalapagos.com\/es\/?s={search_term_string}"},"query-input":{"@type":"PropertyValueSpecification","valueRequired":true,"valueName":"search_term_string"}}],"inLanguage":"es"},{"@type":"Organization","@id":"https:\/\/naturegalapagos.com\/es\/#organization","name":"Espa\u00f1ol - Nature Galapagos & Ecuador","url":"https:\/\/naturegalapagos.com\/es\/","logo":{"@type":"ImageObject","inLanguage":"es","@id":"https:\/\/naturegalapagos.com\/es\/#\/schema\/logo\/image\/","url":"https:\/\/naturegalapagos.com\/es\/wp-content\/uploads\/sites\/3\/2016\/10\/Nature-Galapagos-Logo-COM-300x300.jpg","contentUrl":"https:\/\/naturegalapagos.com\/es\/wp-content\/uploads\/sites\/3\/2016\/10\/Nature-Galapagos-Logo-COM-300x300.jpg","width":300,"height":300,"caption":"Espa\u00f1ol - Nature Galapagos & Ecuador"},"image":{"@id":"https:\/\/naturegalapagos.com\/es\/#\/schema\/logo\/image\/"},"sameAs":["https:\/\/www.facebook.com\/naturegalapagosecuador\/","https:\/\/x.com\/naturegalapagos","https:\/\/www.instagram.com\/naturegalapagos\/","https:\/\/www.pinterest.com\/Naturegalapagos\/","https:\/\/www.youtube.com\/user\/NatureGalapagosTours"]}]}},"_links":{"self":[{"href":"https:\/\/naturegalapagos.com\/es\/wp-json\/wp\/v2\/pages\/2448","targetHints":{"allow":["GET"]}}],"collection":[{"href":"https:\/\/naturegalapagos.com\/es\/wp-json\/wp\/v2\/pages"}],"about":[{"href":"https:\/\/naturegalapagos.com\/es\/wp-json\/wp\/v2\/types\/page"}],"author":[{"embeddable":true,"href":"https:\/\/naturegalapagos.com\/es\/wp-json\/wp\/v2\/users\/2"}],"replies":[{"embeddable":true,"href":"https:\/\/naturegalapagos.com\/es\/wp-json\/wp\/v2\/comments?post=2448"}],"version-history":[{"count":0,"href":"https:\/\/naturegalapagos.com\/es\/wp-json\/wp\/v2\/pages\/2448\/revisions"}],"wp:attachment":[{"href":"https:\/\/naturegalapagos.com\/es\/wp-json\/wp\/v2\/media?parent=2448"}],"curies":[{"name":"wp","href":"https:\/\/api.w.org\/{rel}","templated":true}]}}