{"id":2452,"date":"2024-08-26T15:40:50","date_gmt":"2024-08-26T19:40:50","guid":{"rendered":"http:\/\/naturegalapagos.com\/es\/?page_id=2452"},"modified":"2024-08-26T18:35:36","modified_gmt":"2024-08-26T22:35:36","slug":"isla-floreana-galapagos","status":"publish","type":"page","link":"https:\/\/naturegalapagos.com\/es\/isla-floreana-galapagos\/","title":{"rendered":"Isla Floreana Gal\u00e1pagos"},"content":{"rendered":"<h2><span style=\"font-size: 24px; font-family: arial, helvetica, sans-serif;\"><strong>Isla Floreana Gal\u00e1pagos<\/strong><strong>\u00a0&#8211; Breve Descripci\u00f3n:<\/strong><\/span><\/h2>\n<hr \/>\n<p><span style=\"font-size: 14px; font-family: arial, helvetica, sans-serif;\">Con la historia humana m\u00e1s interesante debido al barril de madera de Post Office Bay, la cual se puso en el siglo 18 por un grupo de cazadores de ballenas, la Isla Floreana Gal\u00e1pagos constituye uno de los pocos lugares mas hermosos donde se puede encontrar la playa de arena verde oliva (Punta Cormor\u00e1n). Cerca de una playa de arena blanca coralina que es una zona de anidaci\u00f3n de tortugas marinas verdes.<\/span><\/p>\n<p><span style=\"font-size: 14px; font-family: arial, helvetica, sans-serif;\">Una de las formaciones geol\u00f3gicas la corona del Diablo, esta formaci\u00f3n erosionada y modeada por las olas es el cr\u00e1ter de un volc\u00e1n, donde en el interior de la caldera es un ambiente perfecto para los arrecifes de coral, la vida marina salvaje y todo lo que el ecosistema marino conlleva. Haciendo de este uno de los mejores lugares para el buceo.<\/span><\/p>\n<div id=\"gallery_1\" class=\"gallery\">\n<div class=\"row gallery__items\">\n\t\t\t\t\t<div class=\"col-sm-4 gallery__item-wrap\" data-filterid=\"\">\n\t\t\t<a href=\"https:\/\/naturegalapagos.com\/es\/wp-content\/uploads\/sites\/3\/2016\/07\/buceo-islas-gal\u00e1pagos-floreana.jpg\" class=\"swipebox gallery__item\" title=\"Buceo Islas Gal\u00e1pagos Floreana\">\n\t\t\t\t<img decoding=\"async\" width=\"720\" height=\"480\" src=\"https:\/\/naturegalapagos.com\/es\/wp-content\/uploads\/sites\/3\/2016\/07\/buceo-islas-gal\u00e1pagos-floreana-720x480.jpg\" class=\"attachment-thumb_gallery size-thumb_gallery\" alt=\"Buceo Islas Gal\u00e1pagos Floreana\" srcset=\"https:\/\/naturegalapagos.com\/es\/wp-content\/uploads\/sites\/3\/2016\/07\/buceo-islas-gal\u00e1pagos-floreana-720x480.jpg 720w, https:\/\/naturegalapagos.com\/es\/wp-content\/uploads\/sites\/3\/2016\/07\/buceo-islas-gal\u00e1pagos-floreana-531x354.jpg 531w, https:\/\/naturegalapagos.com\/es\/wp-content\/uploads\/sites\/3\/2016\/07\/buceo-islas-gal\u00e1pagos-floreana-360x240.jpg 360w, https:\/\/naturegalapagos.com\/es\/wp-content\/uploads\/sites\/3\/2016\/07\/buceo-islas-gal\u00e1pagos-floreana-270x180.jpg 270w\" sizes=\"(max-width: 720px) 100vw, 720px\" \/>\t\t\t\t<span class=\"gallery__item__info\">\n\t\t\t\t\t<span class=\"gallery__item__info__content\">\n\t\t\t\t\t\t<span class=\"gallery__item__title\">Buceo Islas Gal\u00e1pagos Floreana<\/span>\n\t\t\t\t\t\t\t\t\t\t<\/span>\n\t\t\t\t\t<span class=\"gallery__item__shadow\"><\/span>\n\t\t\t\t<\/span>\n\t\t\t<\/a>\n\t\t<\/div>\n\t\t\t\t\t<div class=\"col-sm-4 gallery__item-wrap\" data-filterid=\"\">\n\t\t\t<a href=\"https:\/\/naturegalapagos.com\/es\/wp-content\/uploads\/sites\/3\/2016\/07\/floreana-lava-lodge-galapagos-2.jpg\" class=\"swipebox gallery__item\" title=\"Floreana Lava Lodge Galapagos 2\">\n\t\t\t\t<img decoding=\"async\" width=\"720\" height=\"480\" src=\"https:\/\/naturegalapagos.com\/es\/wp-content\/uploads\/sites\/3\/2016\/07\/floreana-lava-lodge-galapagos-2-720x480.jpg\" class=\"attachment-thumb_gallery size-thumb_gallery\" alt=\"\" srcset=\"https:\/\/naturegalapagos.com\/es\/wp-content\/uploads\/sites\/3\/2016\/07\/floreana-lava-lodge-galapagos-2-720x480.jpg 720w, https:\/\/naturegalapagos.com\/es\/wp-content\/uploads\/sites\/3\/2016\/07\/floreana-lava-lodge-galapagos-2-300x200.jpg 300w, https:\/\/naturegalapagos.com\/es\/wp-content\/uploads\/sites\/3\/2016\/07\/floreana-lava-lodge-galapagos-2-768x512.jpg 768w, https:\/\/naturegalapagos.com\/es\/wp-content\/uploads\/sites\/3\/2016\/07\/floreana-lava-lodge-galapagos-2-180x120.jpg 180w, https:\/\/naturegalapagos.com\/es\/wp-content\/uploads\/sites\/3\/2016\/07\/floreana-lava-lodge-galapagos-2-531x354.jpg 531w, https:\/\/naturegalapagos.com\/es\/wp-content\/uploads\/sites\/3\/2016\/07\/floreana-lava-lodge-galapagos-2.jpg 900w\" sizes=\"(max-width: 720px) 100vw, 720px\" \/>\t\t\t\t<span class=\"gallery__item__info\">\n\t\t\t\t\t<span class=\"gallery__item__info__content\">\n\t\t\t\t\t\t<span class=\"gallery__item__title\">Floreana Lava Lodge Galapagos 2<\/span>\n\t\t\t\t\t\t\t\t\t\t<\/span>\n\t\t\t\t\t<span class=\"gallery__item__shadow\"><\/span>\n\t\t\t\t<\/span>\n\t\t\t<\/a>\n\t\t<\/div>\n\t\t\t\t\t<div class=\"col-sm-4 gallery__item-wrap\" data-filterid=\"\">\n\t\t\t<a href=\"https:\/\/naturegalapagos.com\/es\/wp-content\/uploads\/sites\/3\/2015\/05\/crucero-galapagos-floreana.jpg\" class=\"swipebox gallery__item\" title=\"Crucero Gal\u00e1pagos Floreana\">\n\t\t\t\t<img decoding=\"async\" width=\"720\" height=\"480\" src=\"https:\/\/naturegalapagos.com\/es\/wp-content\/uploads\/sites\/3\/2015\/05\/crucero-galapagos-floreana-720x480.jpg\" class=\"attachment-thumb_gallery size-thumb_gallery\" alt=\"Crucero Gal\u00e1pagos Floreana\" srcset=\"https:\/\/naturegalapagos.com\/es\/wp-content\/uploads\/sites\/3\/2015\/05\/crucero-galapagos-floreana-720x480.jpg 720w, https:\/\/naturegalapagos.com\/es\/wp-content\/uploads\/sites\/3\/2015\/05\/crucero-galapagos-floreana-531x354.jpg 531w, https:\/\/naturegalapagos.com\/es\/wp-content\/uploads\/sites\/3\/2015\/05\/crucero-galapagos-floreana-360x240.jpg 360w, https:\/\/naturegalapagos.com\/es\/wp-content\/uploads\/sites\/3\/2015\/05\/crucero-galapagos-floreana-270x180.jpg 270w\" sizes=\"(max-width: 720px) 100vw, 720px\" \/>\t\t\t\t<span class=\"gallery__item__info\">\n\t\t\t\t\t<span class=\"gallery__item__info__content\">\n\t\t\t\t\t\t<span class=\"gallery__item__title\">Crucero Gal\u00e1pagos Floreana<\/span>\n\t\t\t\t\t\t\t\t\t\t<\/span>\n\t\t\t\t\t<span class=\"gallery__item__shadow\"><\/span>\n\t\t\t\t<\/span>\n\t\t\t<\/a>\n\t\t<\/div>\n\t<\/div>\n<\/div>\n<ul>\n<li><span style=\"font-size: 14px; font-family: arial, helvetica, sans-serif;\"><strong>Area<\/strong>: 173 km2<\/span><\/li>\n<li><span style=\"font-size: 14px; font-family: arial, helvetica, sans-serif;\"><strong>Altitud<\/strong>: 2,100 ft<\/span><\/li>\n<li><span style=\"font-size: 14px; font-family: arial, helvetica, sans-serif;\"><strong>Nombre oficial<\/strong>: Santa Maria<\/span><\/li>\n<\/ul>\n<p><span style=\"font-size: 14px; font-family: arial, helvetica, sans-serif;\"><strong>Sitios de Visita<\/strong>: Bah\u00eda del Correo, Punta Cormorant, Corona del Diablo, a la playa Negro.<\/span><\/p>\n<h3><span style=\"font-size: 20px; font-family: arial, helvetica, sans-serif;\"><strong>Vida Silvestre para ver<\/strong><\/span><\/h3>\n<p><span style=\"font-size: 14px; font-family: arial, helvetica, sans-serif;\">La fauna de Floreana est\u00e1 constituida por:<\/span><\/p>\n<ul>\n<li><span style=\"font-size: 14px; font-family: arial, helvetica, sans-serif;\">Flamingos, ostreros, zarapitos, zancos de cuello negro, patillos de mejillas blancas, halcones de Gal\u00e1pagos.<\/span><\/li>\n<li><span style=\"font-size: 14px; font-family: arial, helvetica, sans-serif;\">Tiburones de arrecife de punta blanca, Tortuga marina verde, pel\u00edcanos, gaviotas de lava y piquirrojos.<\/span><\/li>\n<\/ul>\n","protected":false},"excerpt":{"rendered":"<p>Isla Floreana Gal\u00e1pagos\u00a0&#8211; Breve Descripci\u00f3n: Con la historia humana m\u00e1s interesante debido al barril de madera de Post Office Bay, la cual se puso en el siglo 18 por un grupo de cazadores de ballenas, la Isla Floreana Gal\u00e1pagos constituye uno de los pocos lugares mas hermosos donde se puede encontrar la playa de arena<\/p>\n<div class=\"padding-top text-center\"><a href=\"https:\/\/naturegalapagos.com\/es\/isla-floreana-galapagos\/\" class=\"atbtn atbtn--medium atbtn--rounded atbtn--transparent\">Leer m\u00e1s<i class=\"atbtn__icon atbtn__icon--right fa fa-long-arrow-right\"><\/i><\/a><\/div>\n","protected":false},"author":2,"featured_media":0,"parent":0,"menu_order":0,"comment_status":"closed","ping_status":"closed","template":"","meta":{"_joinchat":[],"footnotes":""},"class_list":["post-2452","page","type-page","status-publish","hentry"],"yoast_head":"<!-- This site is optimized with the Yoast SEO Premium plugin v25.6 (Yoast SEO v26.1.1) - https:\/\/yoast.com\/wordpress\/plugins\/seo\/ -->\n<title>Isla Floreana Gal\u00e1pagos - Nature Galapagos &amp; Ecuador<\/title>\n<meta name=\"description\" content=\"Explora Isla Floreana Gal\u00e1pagos y su historia. Disfruta playas de arena verde oliva y coralina, y sum\u00e9rgete en sus arrecifes de coral\" \/>\n<meta name=\"robots\" content=\"index, follow, max-snippet:-1, max-image-preview:large, max-video-preview:-1\" \/>\n<link rel=\"canonical\" href=\"https:\/\/naturegalapagos.com\/es\/isla-floreana-galapagos\/\" \/>\n<meta property=\"og:locale\" content=\"es_ES\" \/>\n<meta property=\"og:type\" content=\"article\" \/>\n<meta property=\"og:title\" content=\"Isla Floreana Gal\u00e1pagos - Nature Galapagos &amp; Ecuador\" \/>\n<meta property=\"og:description\" content=\"la Isla Floreana Gal\u00e1pagos constituye uno de los pocos lugares mas hermosos donde se puede encontrar la playa de arena verde oliva. Con\u00f3cela con nosotros.\" \/>\n<meta property=\"og:url\" content=\"https:\/\/naturegalapagos.com\/es\/isla-floreana-galapagos\/\" \/>\n<meta property=\"og:site_name\" content=\"Espa\u00f1ol - Nature Galapagos &amp; Ecuador\" \/>\n<meta property=\"article:publisher\" content=\"https:\/\/www.facebook.com\/naturegalapagosecuador\/\" \/>\n<meta property=\"article:modified_time\" content=\"2024-08-26T22:35:36+00:00\" \/>\n<meta property=\"og:image\" content=\"https:\/\/naturegalapagos.com\/es\/wp-content\/uploads\/sites\/3\/2014\/12\/tours-en-galapagos-isla-bartolome.jpg\" \/>\n\t<meta property=\"og:image:width\" content=\"1920\" \/>\n\t<meta property=\"og:image:height\" content=\"900\" \/>\n\t<meta property=\"og:image:type\" content=\"image\/jpeg\" \/>\n<meta name=\"twitter:card\" content=\"summary_large_image\" \/>\n<meta name=\"twitter:title\" content=\"Isla Floreana Gal\u00e1pagos - Nature Galapagos &amp; Ecuador\" \/>\n<meta name=\"twitter:description\" content=\"la Isla Floreana Gal\u00e1pagos constituye uno de los pocos lugares mas hermosos donde se puede encontrar la playa de arena verde oliva. Con\u00f3cela con nosotros.\" \/>\n<meta name=\"twitter:site\" content=\"@naturegalapagos\" \/>\n<meta name=\"twitter:label1\" content=\"Tiempo de lectura\" \/>\n\t<meta name=\"twitter:data1\" content=\"1 minuto\" \/>\n<!-- \/ Yoast SEO Premium plugin. -->","yoast_head_json":{"title":"Isla Floreana Gal\u00e1pagos - Nature Galapagos & Ecuador","description":"Explora Isla Floreana Gal\u00e1pagos y su historia. Disfruta playas de arena verde oliva y coralina, y sum\u00e9rgete en sus arrecifes de coral","robots":{"index":"index","follow":"follow","max-snippet":"max-snippet:-1","max-image-preview":"max-image-preview:large","max-video-preview":"max-video-preview:-1"},"canonical":"https:\/\/naturegalapagos.com\/es\/isla-floreana-galapagos\/","og_locale":"es_ES","og_type":"article","og_title":"Isla Floreana Gal\u00e1pagos - Nature Galapagos & Ecuador","og_description":"la Isla Floreana Gal\u00e1pagos constituye uno de los pocos lugares mas hermosos donde se puede encontrar la playa de arena verde oliva. Con\u00f3cela con nosotros.","og_url":"https:\/\/naturegalapagos.com\/es\/isla-floreana-galapagos\/","og_site_name":"Espa\u00f1ol - Nature Galapagos &amp; Ecuador","article_publisher":"https:\/\/www.facebook.com\/naturegalapagosecuador\/","article_modified_time":"2024-08-26T22:35:36+00:00","og_image":[{"width":1920,"height":900,"url":"https:\/\/naturegalapagos.com\/es\/wp-content\/uploads\/sites\/3\/2014\/12\/tours-en-galapagos-isla-bartolome.jpg","type":"image\/jpeg"}],"twitter_card":"summary_large_image","twitter_title":"Isla Floreana Gal\u00e1pagos - Nature Galapagos & Ecuador","twitter_description":"la Isla Floreana Gal\u00e1pagos constituye uno de los pocos lugares mas hermosos donde se puede encontrar la playa de arena verde oliva. Con\u00f3cela con nosotros.","twitter_site":"@naturegalapagos","twitter_misc":{"Tiempo de lectura":"1 minuto"},"schema":{"@context":"https:\/\/schema.org","@graph":[{"@type":"WebPage","@id":"https:\/\/naturegalapagos.com\/es\/isla-floreana-galapagos\/","url":"https:\/\/naturegalapagos.com\/es\/isla-floreana-galapagos\/","name":"Isla Floreana Gal\u00e1pagos - Nature Galapagos & Ecuador","isPartOf":{"@id":"https:\/\/naturegalapagos.com\/es\/#website"},"datePublished":"2024-08-26T19:40:50+00:00","dateModified":"2024-08-26T22:35:36+00:00","description":"Explora Isla Floreana Gal\u00e1pagos y su historia. Disfruta playas de arena verde oliva y coralina, y sum\u00e9rgete en sus arrecifes de coral","breadcrumb":{"@id":"https:\/\/naturegalapagos.com\/es\/isla-floreana-galapagos\/#breadcrumb"},"inLanguage":"es","potentialAction":[{"@type":"ReadAction","target":["https:\/\/naturegalapagos.com\/es\/isla-floreana-galapagos\/"]}]},{"@type":"BreadcrumbList","@id":"https:\/\/naturegalapagos.com\/es\/isla-floreana-galapagos\/#breadcrumb","itemListElement":[{"@type":"ListItem","position":1,"name":"Home","item":"https:\/\/naturegalapagos.com\/es\/"},{"@type":"ListItem","position":2,"name":"Isla Floreana Gal\u00e1pagos"}]},{"@type":"WebSite","@id":"https:\/\/naturegalapagos.com\/es\/#website","url":"https:\/\/naturegalapagos.com\/es\/","name":"Espa\u00f1ol - Nature Galapagos & Ecuador","description":"","publisher":{"@id":"https:\/\/naturegalapagos.com\/es\/#organization"},"potentialAction":[{"@type":"SearchAction","target":{"@type":"EntryPoint","urlTemplate":"https:\/\/naturegalapagos.com\/es\/?s={search_term_string}"},"query-input":{"@type":"PropertyValueSpecification","valueRequired":true,"valueName":"search_term_string"}}],"inLanguage":"es"},{"@type":"Organization","@id":"https:\/\/naturegalapagos.com\/es\/#organization","name":"Espa\u00f1ol - Nature Galapagos & Ecuador","url":"https:\/\/naturegalapagos.com\/es\/","logo":{"@type":"ImageObject","inLanguage":"es","@id":"https:\/\/naturegalapagos.com\/es\/#\/schema\/logo\/image\/","url":"https:\/\/naturegalapagos.com\/es\/wp-content\/uploads\/sites\/3\/2016\/10\/Nature-Galapagos-Logo-COM-300x300.jpg","contentUrl":"https:\/\/naturegalapagos.com\/es\/wp-content\/uploads\/sites\/3\/2016\/10\/Nature-Galapagos-Logo-COM-300x300.jpg","width":300,"height":300,"caption":"Espa\u00f1ol - Nature Galapagos & Ecuador"},"image":{"@id":"https:\/\/naturegalapagos.com\/es\/#\/schema\/logo\/image\/"},"sameAs":["https:\/\/www.facebook.com\/naturegalapagosecuador\/","https:\/\/x.com\/naturegalapagos","https:\/\/www.instagram.com\/naturegalapagos\/","https:\/\/www.pinterest.com\/Naturegalapagos\/","https:\/\/www.youtube.com\/user\/NatureGalapagosTours"]}]}},"_links":{"self":[{"href":"https:\/\/naturegalapagos.com\/es\/wp-json\/wp\/v2\/pages\/2452","targetHints":{"allow":["GET"]}}],"collection":[{"href":"https:\/\/naturegalapagos.com\/es\/wp-json\/wp\/v2\/pages"}],"about":[{"href":"https:\/\/naturegalapagos.com\/es\/wp-json\/wp\/v2\/types\/page"}],"author":[{"embeddable":true,"href":"https:\/\/naturegalapagos.com\/es\/wp-json\/wp\/v2\/users\/2"}],"replies":[{"embeddable":true,"href":"https:\/\/naturegalapagos.com\/es\/wp-json\/wp\/v2\/comments?post=2452"}],"version-history":[{"count":0,"href":"https:\/\/naturegalapagos.com\/es\/wp-json\/wp\/v2\/pages\/2452\/revisions"}],"wp:attachment":[{"href":"https:\/\/naturegalapagos.com\/es\/wp-json\/wp\/v2\/media?parent=2452"}],"curies":[{"name":"wp","href":"https:\/\/api.w.org\/{rel}","templated":true}]}}