{"id":2454,"date":"2015-05-04T20:42:47","date_gmt":"2015-05-04T20:42:47","guid":{"rendered":"http:\/\/naturegalapagos.com\/es\/?page_id=2454"},"modified":"2016-11-14T12:09:20","modified_gmt":"2016-11-14T17:09:20","slug":"isla-genovesa-galapagos-informacion","status":"publish","type":"page","link":"https:\/\/naturegalapagos.com\/es\/isla-genovesa-galapagos-informacion\/","title":{"rendered":"Isla Genovesa Gal\u00e1pagos"},"content":{"rendered":"<h2><span style=\"font-size: 12pt;\"><strong>Isla Genovesa\u00a0Gal\u00e1pagos<\/strong><strong>\u00a0&#8211; Breve Descripci\u00f3n:<\/strong><\/span><\/h2>\n<p><span style=\"font-size: 10pt;\">Su nombre proviene de G\u00e9nova, ciudad donde se dice que naci\u00f3 Cristobal Colon, formada por el borde restante de un gran cr\u00e1ter que se encuentra sumergido, la Isla Genovesa Gal\u00e1pagos es conocida como &#8220;La isla de los p\u00e1jaros&#8221; y sin duda hace honor a su nombre. Su volc\u00e1n aunque no existe erupciones registradas presentes, en sus flancos se aprecia flujos de lava j\u00f3venes, un paseo en bote a lo largo de las paredes del cr\u00e1ter revela la variedad de los animales que encuentran refugio en las cornisas y las grietas de la lava. Esta isla ofrece tambi\u00e9n un gran lugar de buceo.<\/span><\/p>\n<p><span style=\"font-size: 10pt;\"><strong>Area:<\/strong> 14 km2<\/span><br \/>\n<span style=\"font-size: 10pt;\"><strong>Altitud:<\/strong> 250 pies<\/span><br \/>\n<span style=\"font-size: 10pt;\"><strong>Nombre Ingl\u00e9s:\u00a0<\/strong> tower<\/span><br \/>\n<span style=\"font-size: 10pt;\"><strong>Sitios de visita:<\/strong> Darwin Bay Beach, Pr\u00edncipe Philip&#8217;s steps.<\/span><\/p>\n<p><span style=\"font-size: 10pt;\"><strong style=\"line-height: 1.5;\">Vida Silvestre para ver: <\/strong>Su bosque de palo santo est\u00e1 lleno de p\u00e1jaros fragata y su bulliciosa actividad, parejas de gaviotas de cola bifurcada, las \u00fanicas gaviotas nocturnas en el mundo y piqueros de patas rojas, con los pies rojos de contrataci\u00f3n y las facturas azules. Gaviotas de lava, amarillo garzas coronadas y lava, zarapitos y otras aves se alimentan cerca de las aves playeras, pinzones de Darwin, piqueros enmascarados, tropicales de pico rojo que anidan en esta isla. Si tiene suerte, usted tiene la oportunidad de ver la caza del b\u00faho<strong style=\"line-height: 1.5;\">.<\/strong><\/span><\/p>\n","protected":false},"excerpt":{"rendered":"<p>Isla Genovesa\u00a0Gal\u00e1pagos\u00a0&#8211; Breve Descripci\u00f3n: Su nombre proviene de G\u00e9nova, ciudad donde se dice que naci\u00f3 Cristobal Colon, formada por el borde restante de un gran cr\u00e1ter que se encuentra sumergido, la Isla Genovesa Gal\u00e1pagos es conocida como &#8220;La isla de los p\u00e1jaros&#8221; y sin duda hace honor a su nombre. Su volc\u00e1n aunque no existe<\/p>\n<div class=\"padding-top text-center\"><a href=\"https:\/\/naturegalapagos.com\/es\/isla-genovesa-galapagos-informacion\/\" class=\"atbtn atbtn--medium atbtn--rounded atbtn--transparent\">Leer m\u00e1s<i class=\"atbtn__icon atbtn__icon--right fa fa-long-arrow-right\"><\/i><\/a><\/div>\n","protected":false},"author":2,"featured_media":0,"parent":0,"menu_order":0,"comment_status":"closed","ping_status":"closed","template":"","meta":{"_joinchat":[],"footnotes":""},"class_list":["post-2454","page","type-page","status-publish","hentry"],"yoast_head":"<!-- This site is optimized with the Yoast SEO Premium plugin v25.6 (Yoast SEO v26.1.1) - https:\/\/yoast.com\/wordpress\/plugins\/seo\/ -->\n<title>Isla Genovesa Gal\u00e1pagos - Nature Galapagos &amp; Ecuador<\/title>\n<meta name=\"description\" content=\"La Isla Genovesa Gal\u00e1pagos es conocida como &quot;La isla de los p\u00e1jaros&quot; y sin duda hace honor a su nombre. Marav\u00edllate con sus especies junto a nosotros.\" \/>\n<meta name=\"robots\" content=\"index, follow, max-snippet:-1, max-image-preview:large, max-video-preview:-1\" \/>\n<link rel=\"canonical\" href=\"https:\/\/naturegalapagos.com\/es\/isla-genovesa-galapagos-informacion\/\" \/>\n<meta property=\"og:locale\" content=\"es_ES\" \/>\n<meta property=\"og:type\" content=\"article\" \/>\n<meta property=\"og:title\" content=\"Isla Genovesa Gal\u00e1pagos - Nature Galapagos &amp; Ecuador\" \/>\n<meta property=\"og:description\" content=\"La Isla Genovesa Gal\u00e1pagos es conocida como &quot;La isla de los p\u00e1jaros&quot; y sin duda hace honor a su nombre. Marav\u00edllate con sus especies junto a nosotros.\" \/>\n<meta property=\"og:url\" content=\"https:\/\/naturegalapagos.com\/es\/isla-genovesa-galapagos-informacion\/\" \/>\n<meta property=\"og:site_name\" content=\"Espa\u00f1ol - Nature Galapagos &amp; Ecuador\" \/>\n<meta property=\"article:publisher\" content=\"https:\/\/www.facebook.com\/naturegalapagosecuador\/\" \/>\n<meta property=\"article:modified_time\" content=\"2016-11-14T17:09:20+00:00\" \/>\n<meta property=\"og:image\" content=\"https:\/\/naturegalapagos.com\/es\/wp-content\/uploads\/sites\/3\/2014\/12\/tours-en-galapagos-isla-bartolome.jpg\" \/>\n\t<meta property=\"og:image:width\" content=\"1920\" \/>\n\t<meta property=\"og:image:height\" content=\"900\" \/>\n\t<meta property=\"og:image:type\" content=\"image\/jpeg\" \/>\n<meta name=\"twitter:card\" content=\"summary_large_image\" \/>\n<meta name=\"twitter:title\" content=\"Isla Genovesa Gal\u00e1pagos - Nature Galapagos &amp; Ecuador\" \/>\n<meta name=\"twitter:description\" content=\"La Isla Genovesa Gal\u00e1pagos es conocida como &quot;La isla de los p\u00e1jaros&quot; y sin duda hace honor a su nombre. Marav\u00edllate con sus especies junto a nosotros.\" \/>\n<meta name=\"twitter:site\" content=\"@naturegalapagos\" \/>\n<meta name=\"twitter:label1\" content=\"Tiempo de lectura\" \/>\n\t<meta name=\"twitter:data1\" content=\"1 minuto\" \/>\n<!-- \/ Yoast SEO Premium plugin. -->","yoast_head_json":{"title":"Isla Genovesa Gal\u00e1pagos - Nature Galapagos & Ecuador","description":"La Isla Genovesa Gal\u00e1pagos es conocida como \"La isla de los p\u00e1jaros\" y sin duda hace honor a su nombre. Marav\u00edllate con sus especies junto a nosotros.","robots":{"index":"index","follow":"follow","max-snippet":"max-snippet:-1","max-image-preview":"max-image-preview:large","max-video-preview":"max-video-preview:-1"},"canonical":"https:\/\/naturegalapagos.com\/es\/isla-genovesa-galapagos-informacion\/","og_locale":"es_ES","og_type":"article","og_title":"Isla Genovesa Gal\u00e1pagos - Nature Galapagos & Ecuador","og_description":"La Isla Genovesa Gal\u00e1pagos es conocida como \"La isla de los p\u00e1jaros\" y sin duda hace honor a su nombre. Marav\u00edllate con sus especies junto a nosotros.","og_url":"https:\/\/naturegalapagos.com\/es\/isla-genovesa-galapagos-informacion\/","og_site_name":"Espa\u00f1ol - Nature Galapagos &amp; Ecuador","article_publisher":"https:\/\/www.facebook.com\/naturegalapagosecuador\/","article_modified_time":"2016-11-14T17:09:20+00:00","og_image":[{"width":1920,"height":900,"url":"https:\/\/naturegalapagos.com\/es\/wp-content\/uploads\/sites\/3\/2014\/12\/tours-en-galapagos-isla-bartolome.jpg","type":"image\/jpeg"}],"twitter_card":"summary_large_image","twitter_title":"Isla Genovesa Gal\u00e1pagos - Nature Galapagos & Ecuador","twitter_description":"La Isla Genovesa Gal\u00e1pagos es conocida como \"La isla de los p\u00e1jaros\" y sin duda hace honor a su nombre. Marav\u00edllate con sus especies junto a nosotros.","twitter_site":"@naturegalapagos","twitter_misc":{"Tiempo de lectura":"1 minuto"},"schema":{"@context":"https:\/\/schema.org","@graph":[{"@type":"WebPage","@id":"https:\/\/naturegalapagos.com\/es\/isla-genovesa-galapagos-informacion\/","url":"https:\/\/naturegalapagos.com\/es\/isla-genovesa-galapagos-informacion\/","name":"Isla Genovesa Gal\u00e1pagos - Nature Galapagos & Ecuador","isPartOf":{"@id":"https:\/\/naturegalapagos.com\/es\/#website"},"datePublished":"2015-05-04T20:42:47+00:00","dateModified":"2016-11-14T17:09:20+00:00","description":"La Isla Genovesa Gal\u00e1pagos es conocida como \"La isla de los p\u00e1jaros\" y sin duda hace honor a su nombre. Marav\u00edllate con sus especies junto a nosotros.","breadcrumb":{"@id":"https:\/\/naturegalapagos.com\/es\/isla-genovesa-galapagos-informacion\/#breadcrumb"},"inLanguage":"es","potentialAction":[{"@type":"ReadAction","target":["https:\/\/naturegalapagos.com\/es\/isla-genovesa-galapagos-informacion\/"]}]},{"@type":"BreadcrumbList","@id":"https:\/\/naturegalapagos.com\/es\/isla-genovesa-galapagos-informacion\/#breadcrumb","itemListElement":[{"@type":"ListItem","position":1,"name":"Home","item":"https:\/\/naturegalapagos.com\/es\/"},{"@type":"ListItem","position":2,"name":"Isla Genovesa Gal\u00e1pagos"}]},{"@type":"WebSite","@id":"https:\/\/naturegalapagos.com\/es\/#website","url":"https:\/\/naturegalapagos.com\/es\/","name":"Espa\u00f1ol - Nature Galapagos & Ecuador","description":"","publisher":{"@id":"https:\/\/naturegalapagos.com\/es\/#organization"},"potentialAction":[{"@type":"SearchAction","target":{"@type":"EntryPoint","urlTemplate":"https:\/\/naturegalapagos.com\/es\/?s={search_term_string}"},"query-input":{"@type":"PropertyValueSpecification","valueRequired":true,"valueName":"search_term_string"}}],"inLanguage":"es"},{"@type":"Organization","@id":"https:\/\/naturegalapagos.com\/es\/#organization","name":"Espa\u00f1ol - Nature Galapagos & Ecuador","url":"https:\/\/naturegalapagos.com\/es\/","logo":{"@type":"ImageObject","inLanguage":"es","@id":"https:\/\/naturegalapagos.com\/es\/#\/schema\/logo\/image\/","url":"https:\/\/naturegalapagos.com\/es\/wp-content\/uploads\/sites\/3\/2016\/10\/Nature-Galapagos-Logo-COM-300x300.jpg","contentUrl":"https:\/\/naturegalapagos.com\/es\/wp-content\/uploads\/sites\/3\/2016\/10\/Nature-Galapagos-Logo-COM-300x300.jpg","width":300,"height":300,"caption":"Espa\u00f1ol - Nature Galapagos & Ecuador"},"image":{"@id":"https:\/\/naturegalapagos.com\/es\/#\/schema\/logo\/image\/"},"sameAs":["https:\/\/www.facebook.com\/naturegalapagosecuador\/","https:\/\/x.com\/naturegalapagos","https:\/\/www.instagram.com\/naturegalapagos\/","https:\/\/www.pinterest.com\/Naturegalapagos\/","https:\/\/www.youtube.com\/user\/NatureGalapagosTours"]}]}},"_links":{"self":[{"href":"https:\/\/naturegalapagos.com\/es\/wp-json\/wp\/v2\/pages\/2454","targetHints":{"allow":["GET"]}}],"collection":[{"href":"https:\/\/naturegalapagos.com\/es\/wp-json\/wp\/v2\/pages"}],"about":[{"href":"https:\/\/naturegalapagos.com\/es\/wp-json\/wp\/v2\/types\/page"}],"author":[{"embeddable":true,"href":"https:\/\/naturegalapagos.com\/es\/wp-json\/wp\/v2\/users\/2"}],"replies":[{"embeddable":true,"href":"https:\/\/naturegalapagos.com\/es\/wp-json\/wp\/v2\/comments?post=2454"}],"version-history":[{"count":0,"href":"https:\/\/naturegalapagos.com\/es\/wp-json\/wp\/v2\/pages\/2454\/revisions"}],"wp:attachment":[{"href":"https:\/\/naturegalapagos.com\/es\/wp-json\/wp\/v2\/media?parent=2454"}],"curies":[{"name":"wp","href":"https:\/\/api.w.org\/{rel}","templated":true}]}}