{"id":2460,"date":"2024-08-30T15:00:32","date_gmt":"2024-08-30T19:00:32","guid":{"rendered":"http:\/\/naturegalapagos.com\/es\/?page_id=2460"},"modified":"2024-08-30T15:59:12","modified_gmt":"2024-08-30T19:59:12","slug":"isla-pinzon-galapagos-informacion","status":"publish","type":"page","link":"https:\/\/naturegalapagos.com\/es\/isla-pinzon-galapagos-informacion\/","title":{"rendered":"Isla Pinz\u00f3n Gal\u00e1pagos"},"content":{"rendered":"<h2><span style=\"font-size: 24px;\"><strong>Isla Pinz\u00f3n\u00a0Gal\u00e1pagos<\/strong><strong>\u00a0&#8211; Breve Descripci\u00f3n:<\/strong><\/span><\/h2>\n<hr \/>\n<p style=\"text-align: justify;\"><span style=\"font-family: arial, helvetica, sans-serif;\">La <strong>isla Pinz\u00f3n Gal\u00e1pagos<\/strong> toma su nombre en honor a los hermanos Pinz\u00f3n, los capitanes de las carabelas La Ni\u00f1a y La Pinta de los viajes de Col\u00f3n. Esta isla permanece inhabitada debido a los acantilados de m\u00e1s de 100 metros que la rodean, junto con su volc\u00e1n colapsado. Adem\u00e1s, al estar fuera de los l\u00edmites permitidos por el parque nacional, solo de vez en cuando cient\u00edficos e investigadores reciben permiso para desembarcar en Pinz\u00f3n.<\/span><\/p>\n<div id=\"swiper1\" class=\"atgrid atgrid--with-image padding-top-large padding-bottom-large\">\n\t<div class=\"atgrid__bg\" style=\"background:url(http:\/\/adventure-tours.themedelight.com\/wp-content\/uploads\/2015\/07\/most-popular-bg.jpg) no-repeat center\"><\/div>\n<div class=\"title title--big title--center title--decoration-bottom-center\">\n<h3 class=\"title__primary\">Tours m\u00e1s populares<\/h3><\/div>\n\t<div class=\"atgrid__slider\">\n\t\t<div class=\"atgrid__slider__controls\">\n\t\t\t<a class=\"atgrid__slider__prev\" href=\"#\"><i class=\"fa fa-chevron-left\"><\/i><\/a>\n\t\t\t<a class=\"atgrid__slider__next\" href=\"#\"><i class=\"fa fa-chevron-right\"><\/i><\/a>\n\t\t<\/div>\n\n\t\t<div class=\"swiper-container swiper-slider atgrid__slider__container\">\n\t\t\t<div class=\"swiper-wrapper\">\n\t\t\t\t\t\t\t\t\t\t<div class=\"swiper-slide\">\n\t\t\t\t\t<div class=\"atgrid__item\">\n\t\t\t\t\t\t<div class=\"atgrid__item__top\">\n\t\t\t\t\t\t\t<a href=\"https:\/\/naturegalapagos.com\/es\/tours-en-galapagos\/tour-santa-fe-galapagos-plazas-sur\/\" class=\"atgrid__item__top__image\"><img decoding=\"async\" width=\"360\" height=\"240\" src=\"https:\/\/naturegalapagos.com\/es\/wp-content\/uploads\/sites\/3\/2018\/12\/Tour-Santa-Fe-Galapagos-360x240.jpg\" class=\"attachment-thumb_tour_listing_small size-thumb_tour_listing_small wp-post-image\" alt=\"Tour Santa Fe Galapagos\" srcset=\"https:\/\/naturegalapagos.com\/es\/wp-content\/uploads\/sites\/3\/2018\/12\/Tour-Santa-Fe-Galapagos-360x240.jpg 360w, https:\/\/naturegalapagos.com\/es\/wp-content\/uploads\/sites\/3\/2018\/12\/Tour-Santa-Fe-Galapagos-531x354.jpg 531w, https:\/\/naturegalapagos.com\/es\/wp-content\/uploads\/sites\/3\/2018\/12\/Tour-Santa-Fe-Galapagos-180x120.jpg 180w, https:\/\/naturegalapagos.com\/es\/wp-content\/uploads\/sites\/3\/2018\/12\/Tour-Santa-Fe-Galapagos-270x180.jpg 270w, https:\/\/naturegalapagos.com\/es\/wp-content\/uploads\/sites\/3\/2018\/12\/Tour-Santa-Fe-Galapagos-720x480.jpg 720w\" sizes=\"(max-width: 360px) 100vw, 360px\" \/><\/a>\t\t\t\t\t\t\t<div class=\"atgrid__item__angle-wrap\"><div class=\"atgrid__item__angle\" style=\"background-color:#253081\">Oferta!<\/div><\/div>\t\t\t\t\t\t\t\t\t\t\t\t\t\t\t\t\t\t\t\t\t<div class=\"atgrid__item__icons\"><a href=\"https:\/\/naturegalapagos.com\/es\/tour-category\/tours-en-galapagos\/\"><i data-toggle=\"tooltip\" title=\"Tours en Galapagos\" class=\"td-turtle\"><\/i><\/a><\/div>\t\t\t\t\t\t<\/div>\n\n\t\t\t\t\t\t<div class=\"atgrid__item__content\">\n\t\t\t\t\t\t\t<h3 class=\"atgrid__item__title\"><a href=\"https:\/\/naturegalapagos.com\/es\/tours-en-galapagos\/tour-santa-fe-galapagos-plazas-sur\/\">Tour Santa Fe Galapagos + Isla Plazas Sur | Tour de un d\u00eda<\/a><\/h3>\n\t\t\t\t\t\t\t\t\t\t\t\t\t<div class=\"atgrid__item__description\">Nuestro Tour Santa Fe Galapagos + Isla<\/div>\n\t\t\t\t\t\t\t\t\t\t\t\t<\/div>\n\t\t\t\t\t\t<div class=\"item-attributes\">\n\t\t\t\t\t\t\t<div class=\"item-attributes__item\"><div class=\"item-attributes__item__content\"><div class=\"item-attributes__item__content__item\"><i class=\"td-backpack\"><\/i><\/div><div class=\"item-attributes__item__content__item item-attributes__item__content__item--text\"><span>Aventura Sencilla<\/span><\/div><\/div><\/div><div class=\"item-attributes__item\"><div class=\"item-attributes__item__content\"><div class=\"item-attributes__item__content__item\"><i class=\"td-calendar-1\"><\/i><\/div><div class=\"item-attributes__item__content__item item-attributes__item__content__item--text\"><span>Domingos<\/span><\/div><\/div><\/div>\t\t\t\t\t\t\t<div class=\"item-attributes__item\">\n\t\t\t\t\t\t\t\t<a href=\"https:\/\/naturegalapagos.com\/es\/tours-en-galapagos\/tour-santa-fe-galapagos-plazas-sur\/\" class=\"item-attributes__link\"><i class=\"fa fa-long-arrow-right\"><\/i><\/a>\n\t\t\t\t\t\t\t<\/div>\n\t\t\t\t\t\t<\/div>\n\t\t\t\t\t<\/div>\n\t\t\t\t<\/div>\n\t\t\t\t\t\t\t\t\t\t<div class=\"swiper-slide\">\n\t\t\t\t\t<div class=\"atgrid__item\">\n\t\t\t\t\t\t<div class=\"atgrid__item__top\">\n\t\t\t\t\t\t\t<a href=\"https:\/\/naturegalapagos.com\/es\/tours\/tours-en-san-cristobal-4-dias\/\" class=\"atgrid__item__top__image\"><img decoding=\"async\" width=\"360\" height=\"240\" src=\"https:\/\/naturegalapagos.com\/es\/wp-content\/uploads\/sites\/3\/2017\/03\/tours-en-san-cristobal-4-dias-360x240.jpg\" class=\"attachment-thumb_tour_listing_small size-thumb_tour_listing_small wp-post-image\" alt=\"Tours en San Cristobal\" srcset=\"https:\/\/naturegalapagos.com\/es\/wp-content\/uploads\/sites\/3\/2017\/03\/tours-en-san-cristobal-4-dias-360x240.jpg 360w, https:\/\/naturegalapagos.com\/es\/wp-content\/uploads\/sites\/3\/2017\/03\/tours-en-san-cristobal-4-dias-531x354.jpg 531w, https:\/\/naturegalapagos.com\/es\/wp-content\/uploads\/sites\/3\/2017\/03\/tours-en-san-cristobal-4-dias-270x180.jpg 270w, https:\/\/naturegalapagos.com\/es\/wp-content\/uploads\/sites\/3\/2017\/03\/tours-en-san-cristobal-4-dias-720x480.jpg 720w\" sizes=\"(max-width: 360px) 100vw, 360px\" \/><\/a>\t\t\t\t\t\t\t<div class=\"atgrid__item__angle-wrap\"><div class=\"atgrid__item__angle\" style=\"background-color:#253081\">Compra en Linea! <\/div><\/div>\t\t\t\t\t\t\t\t\t\t\t\t\t\t\t\t\t\t\t\t\t<div class=\"atgrid__item__icons\"><a href=\"https:\/\/naturegalapagos.com\/es\/tour-category\/land-tours\/\"><i data-toggle=\"tooltip\" title=\"Land Tours\" class=\"td-backpack\"><\/i><\/a><\/div>\t\t\t\t\t\t<\/div>\n\n\t\t\t\t\t\t<div class=\"atgrid__item__content\">\n\t\t\t\t\t\t\t<h3 class=\"atgrid__item__title\"><a href=\"https:\/\/naturegalapagos.com\/es\/tours\/tours-en-san-cristobal-4-dias\/\">4 d\u00edas | Tour en San Cristobal Gal\u00e1pagos (San Crist\u00f3bal)<\/a><\/h3>\n\t\t\t\t\t\t\t\t\t\t\t\t\t<div class=\"atgrid__item__description\">Tours en San Cristobal Gal\u00e1pagos por 4<\/div>\n\t\t\t\t\t\t\t\t\t\t\t\t<\/div>\n\t\t\t\t\t\t<div class=\"item-attributes\">\n\t\t\t\t\t\t\t<div class=\"item-attributes__item\"><div class=\"item-attributes__item__content\"><div class=\"item-attributes__item__content__item\"><i class=\"td-backpack\"><\/i><\/div><div class=\"item-attributes__item__content__item item-attributes__item__content__item--text\"><span>Aventura Sencilla<\/span><\/div><\/div><\/div><div class=\"item-attributes__item\"><div class=\"item-attributes__item__content\"><div class=\"item-attributes__item__content__item\"><i class=\"td-calendar-1\"><\/i><\/div><div class=\"item-attributes__item__content__item item-attributes__item__content__item--text\"><span>Todos los D\u00edas<\/span><\/div><\/div><\/div>\t\t\t\t\t\t\t<div class=\"item-attributes__item\">\n\t\t\t\t\t\t\t\t<a href=\"https:\/\/naturegalapagos.com\/es\/tours\/tours-en-san-cristobal-4-dias\/\" class=\"item-attributes__link\"><i class=\"fa fa-long-arrow-right\"><\/i><\/a>\n\t\t\t\t\t\t\t<\/div>\n\t\t\t\t\t\t<\/div>\n\t\t\t\t\t<\/div>\n\t\t\t\t<\/div>\n\t\t\t\t\t\t\t\t\t\t<div class=\"swiper-slide\">\n\t\t\t\t\t<div class=\"atgrid__item\">\n\t\t\t\t\t\t<div class=\"atgrid__item__top\">\n\t\t\t\t\t\t\t<a href=\"https:\/\/naturegalapagos.com\/es\/tours-en-galapagos\/isla-santa-fe-galapagos\/\" class=\"atgrid__item__top__image\"><img decoding=\"async\" width=\"360\" height=\"240\" src=\"https:\/\/naturegalapagos.com\/es\/wp-content\/uploads\/sites\/3\/2018\/02\/isla-santa-fe-galapagos-360x240.jpg\" class=\"attachment-thumb_tour_listing_small size-thumb_tour_listing_small wp-post-image\" alt=\"Isla Santa Fe Galapagos\" srcset=\"https:\/\/naturegalapagos.com\/es\/wp-content\/uploads\/sites\/3\/2018\/02\/isla-santa-fe-galapagos-360x240.jpg 360w, https:\/\/naturegalapagos.com\/es\/wp-content\/uploads\/sites\/3\/2018\/02\/isla-santa-fe-galapagos-531x354.jpg 531w, https:\/\/naturegalapagos.com\/es\/wp-content\/uploads\/sites\/3\/2018\/02\/isla-santa-fe-galapagos-270x180.jpg 270w\" sizes=\"(max-width: 360px) 100vw, 360px\" \/><\/a>\t\t\t\t\t\t\t<div class=\"atgrid__item__angle-wrap\"><div class=\"atgrid__item__angle\" style=\"background-color:#253081\">Compra en Linea! <\/div><\/div>\t\t\t\t\t\t\t\t\t\t\t\t\t\t\t\t\t\t\t\t\t<div class=\"atgrid__item__icons\"><a href=\"https:\/\/naturegalapagos.com\/es\/tour-category\/tours-en-galapagos\/\"><i data-toggle=\"tooltip\" title=\"Tours en Galapagos\" class=\"td-turtle\"><\/i><\/a><\/div>\t\t\t\t\t\t<\/div>\n\n\t\t\t\t\t\t<div class=\"atgrid__item__content\">\n\t\t\t\t\t\t\t<h3 class=\"atgrid__item__title\"><a href=\"https:\/\/naturegalapagos.com\/es\/tours-en-galapagos\/isla-santa-fe-galapagos\/\">Tour de Snorkeling a la Isla Santa Fe + Playa Escondida<\/a><\/h3>\n\t\t\t\t\t\t\t\t\t\t\t\t\t<div class=\"atgrid__item__description\">Nuestro tour a la Isla Santa Fe<\/div>\n\t\t\t\t\t\t\t\t\t\t\t\t<\/div>\n\t\t\t\t\t\t<div class=\"item-attributes\">\n\t\t\t\t\t\t\t<div class=\"item-attributes__item\"><div class=\"item-attributes__item__content\"><div class=\"item-attributes__item__content__item\"><i class=\"td-backpack\"><\/i><\/div><div class=\"item-attributes__item__content__item item-attributes__item__content__item--text\"><span>Aventura Sencilla<\/span><\/div><\/div><\/div><div class=\"item-attributes__item\"><div class=\"item-attributes__item__content\"><div class=\"item-attributes__item__content__item\"><i class=\"td-calendar-1\"><\/i><\/div><div class=\"item-attributes__item__content__item item-attributes__item__content__item--text\"><span>Domingos<\/span><\/div><\/div><\/div>\t\t\t\t\t\t\t<div class=\"item-attributes__item\">\n\t\t\t\t\t\t\t\t<a href=\"https:\/\/naturegalapagos.com\/es\/tours-en-galapagos\/isla-santa-fe-galapagos\/\" class=\"item-attributes__link\"><i class=\"fa fa-long-arrow-right\"><\/i><\/a>\n\t\t\t\t\t\t\t<\/div>\n\t\t\t\t\t\t<\/div>\n\t\t\t\t\t<\/div>\n\t\t\t\t<\/div>\n\t\t\t\t\t\t\t\t\t<\/div><!-- .swiper-wrapper -->\n\t\t<\/div><!-- .swiper-container -->\n\t<\/div><!-- .atgrid__slider  -->\n<\/div><!-- .atgrid -->\n\n<p style=\"text-align: justify;\"><span style=\"font-size: 14px; font-family: arial, helvetica, sans-serif;\">A pesar de su condici\u00f3n de la Estructura geol\u00f3gica de la isla Pinz\u00f3n de Gal\u00e1pagos con el fondo en pendiente con arena a ambos lados, y una pared en el lado profundo de las rocas que cae a 100 mts, lo convierte en un excelente sitio de buceo que ofrece hermosos paisajes y una impresionante apreciaci\u00f3n de fauna marina en todos los puntos de snorkel y buceo alrededor de esta isla.<\/span><\/p>\n<ul>\n<li><span style=\"font-size: 14px; font-family: arial, helvetica, sans-serif;\"><strong>\u00c1rea:<\/strong> 18 km2<\/span><\/li>\n<li><span style=\"font-size: 14px; font-family: arial, helvetica, sans-serif;\"><strong>Altitud m\u00e1xima<\/strong>: 458 m.s.n.m<\/span><\/li>\n<li><span style=\"font-size: 14px; font-family: arial, helvetica, sans-serif;\"><strong>Poblaci\u00f3n humana<\/strong>: 0 personas<\/span><\/li>\n<li><span style=\"font-size: 14px; font-family: arial, helvetica, sans-serif;\"><strong>Principales actividades<\/strong>: snorkel y buceo<\/span><\/li>\n<\/ul>\n<div id=\"gallery_1\" class=\"gallery\">\n<div class=\"row gallery__items\">\n\t\t\t\t\t<div class=\"col-sm-4 gallery__item-wrap\" data-filterid=\"\">\n\t\t\t<a href=\"https:\/\/naturegalapagos.com\/es\/wp-content\/uploads\/sites\/3\/2018\/07\/escuela-de-buceo-galapagos-raya.jpg\" class=\"swipebox gallery__item\" title=\"Escuela de Buceo - Gal\u00e1pagos\">\n\t\t\t\t<img decoding=\"async\" width=\"720\" height=\"480\" src=\"https:\/\/naturegalapagos.com\/es\/wp-content\/uploads\/sites\/3\/2018\/07\/escuela-de-buceo-galapagos-raya-720x480.jpg\" class=\"attachment-thumb_gallery size-thumb_gallery\" alt=\"Escuela de Buceo - Gal\u00e1pagos\" srcset=\"https:\/\/naturegalapagos.com\/es\/wp-content\/uploads\/sites\/3\/2018\/07\/escuela-de-buceo-galapagos-raya-720x480.jpg 720w, https:\/\/naturegalapagos.com\/es\/wp-content\/uploads\/sites\/3\/2018\/07\/escuela-de-buceo-galapagos-raya-300x201.jpg 300w, https:\/\/naturegalapagos.com\/es\/wp-content\/uploads\/sites\/3\/2018\/07\/escuela-de-buceo-galapagos-raya-531x354.jpg 531w, https:\/\/naturegalapagos.com\/es\/wp-content\/uploads\/sites\/3\/2018\/07\/escuela-de-buceo-galapagos-raya-600x401.jpg 600w, https:\/\/naturegalapagos.com\/es\/wp-content\/uploads\/sites\/3\/2018\/07\/escuela-de-buceo-galapagos-raya-180x120.jpg 180w\" sizes=\"(max-width: 720px) 100vw, 720px\" \/>\t\t\t\t<span class=\"gallery__item__info\">\n\t\t\t\t\t<span class=\"gallery__item__info__content\">\n\t\t\t\t\t\t<span class=\"gallery__item__title\">Escuela de Buceo - Gal\u00e1pagos<\/span>\n\t\t\t\t\t\t\t\t\t\t<\/span>\n\t\t\t\t\t<span class=\"gallery__item__shadow\"><\/span>\n\t\t\t\t<\/span>\n\t\t\t<\/a>\n\t\t<\/div>\n\t\t\t\t\t<div class=\"col-sm-4 gallery__item-wrap\" data-filterid=\"\">\n\t\t\t<a href=\"https:\/\/naturegalapagos.com\/es\/wp-content\/uploads\/sites\/3\/2015\/03\/tortugas-galapagos.jpg\" class=\"swipebox gallery__item\" title=\"Tortugas Gal\u00e1pagos\">\n\t\t\t\t<img decoding=\"async\" width=\"720\" height=\"480\" src=\"https:\/\/naturegalapagos.com\/es\/wp-content\/uploads\/sites\/3\/2015\/03\/tortugas-galapagos-720x480.jpg\" class=\"attachment-thumb_gallery size-thumb_gallery\" alt=\"Tortugas Gal\u00e1pagos en la isla Santa Cruz\" srcset=\"https:\/\/naturegalapagos.com\/es\/wp-content\/uploads\/sites\/3\/2015\/03\/tortugas-galapagos-720x480.jpg 720w, https:\/\/naturegalapagos.com\/es\/wp-content\/uploads\/sites\/3\/2015\/03\/tortugas-galapagos-531x354.jpg 531w\" sizes=\"(max-width: 720px) 100vw, 720px\" \/>\t\t\t\t<span class=\"gallery__item__info\">\n\t\t\t\t\t<span class=\"gallery__item__info__content\">\n\t\t\t\t\t\t<span class=\"gallery__item__title\">Tortugas Gal\u00e1pagos<\/span>\n\t\t\t\t\t\t\t\t\t\t<\/span>\n\t\t\t\t\t<span class=\"gallery__item__shadow\"><\/span>\n\t\t\t\t<\/span>\n\t\t\t<\/a>\n\t\t<\/div>\n\t\t\t\t\t<div class=\"col-sm-4 gallery__item-wrap\" data-filterid=\"\">\n\t\t\t<a href=\"https:\/\/naturegalapagos.com\/es\/wp-content\/uploads\/sites\/3\/2024\/01\/buceo-con-iguanas.jpg\" class=\"swipebox gallery__item\" title=\"buceo con iguanas\">\n\t\t\t\t<img decoding=\"async\" width=\"720\" height=\"480\" src=\"https:\/\/naturegalapagos.com\/es\/wp-content\/uploads\/sites\/3\/2024\/01\/buceo-con-iguanas-720x480.jpg\" class=\"attachment-thumb_gallery size-thumb_gallery\" alt=\"Buceo con iguanas marinas en Galaxy Diver II\" srcset=\"https:\/\/naturegalapagos.com\/es\/wp-content\/uploads\/sites\/3\/2024\/01\/buceo-con-iguanas-720x480.jpg 720w, https:\/\/naturegalapagos.com\/es\/wp-content\/uploads\/sites\/3\/2024\/01\/buceo-con-iguanas-300x200.jpg 300w, https:\/\/naturegalapagos.com\/es\/wp-content\/uploads\/sites\/3\/2024\/01\/buceo-con-iguanas-768x511.jpg 768w, https:\/\/naturegalapagos.com\/es\/wp-content\/uploads\/sites\/3\/2024\/01\/buceo-con-iguanas-531x354.jpg 531w, https:\/\/naturegalapagos.com\/es\/wp-content\/uploads\/sites\/3\/2024\/01\/buceo-con-iguanas-600x399.jpg 600w, https:\/\/naturegalapagos.com\/es\/wp-content\/uploads\/sites\/3\/2024\/01\/buceo-con-iguanas-180x120.jpg 180w, https:\/\/naturegalapagos.com\/es\/wp-content\/uploads\/sites\/3\/2024\/01\/buceo-con-iguanas.jpg 857w\" sizes=\"(max-width: 720px) 100vw, 720px\" \/>\t\t\t\t<span class=\"gallery__item__info\">\n\t\t\t\t\t<span class=\"gallery__item__info__content\">\n\t\t\t\t\t\t<span class=\"gallery__item__title\">buceo con iguanas<\/span>\n\t\t\t\t\t\t\t\t\t\t<\/span>\n\t\t\t\t\t<span class=\"gallery__item__shadow\"><\/span>\n\t\t\t\t<\/span>\n\t\t\t<\/a>\n\t\t<\/div>\n\t<\/div>\n<\/div>\n<h3 style=\"text-align: justify;\"><span style=\"font-size: 14px; font-family: arial, helvetica, sans-serif;\"><strong>Vida Silvestre para ver<\/strong><\/span><\/h3>\n<p style=\"text-align: justify;\"><span style=\"font-size: 14px; font-family: arial, helvetica, sans-serif;\">La isla esta habitada mayormente por tortugas end\u00e9micas gigantes, leones marinos, gavilanes de Gal\u00e1pagos, los delfines y las iguanas marinas, la Isla Pinz\u00f3n Gal\u00e1pagos ofrece algunas maravillosas oportunidades de buceo y le permite conocer de cerca una gran cantidad de vida marina, como tortugas, anguilas, rayas \u00e1guila, marinos iguanas, delfines e incluso langosta.<\/span><\/p>\n","protected":false},"excerpt":{"rendered":"<p>Isla Pinz\u00f3n\u00a0Gal\u00e1pagos\u00a0&#8211; Breve Descripci\u00f3n: La isla Pinz\u00f3n Gal\u00e1pagos toma su nombre en honor a los hermanos Pinz\u00f3n, los capitanes de las carabelas La Ni\u00f1a y La Pinta de los viajes de Col\u00f3n. Esta isla permanece inhabitada debido a los acantilados de m\u00e1s de 100 metros que la rodean, junto con su volc\u00e1n colapsado. Adem\u00e1s, al<\/p>\n<div class=\"padding-top text-center\"><a href=\"https:\/\/naturegalapagos.com\/es\/tours-en-galapagos\/isla-santa-fe-galapagos\/\" class=\"atbtn atbtn--medium atbtn--rounded atbtn--transparent\">Leer m\u00e1s<i class=\"atbtn__icon atbtn__icon--right fa fa-long-arrow-right\"><\/i><\/a><\/div>\n","protected":false},"author":2,"featured_media":0,"parent":0,"menu_order":0,"comment_status":"closed","ping_status":"closed","template":"","meta":{"_joinchat":[],"footnotes":""},"class_list":["post-2460","page","type-page","status-publish","hentry"],"yoast_head":"<!-- This site is optimized with the Yoast SEO Premium plugin v25.6 (Yoast SEO v26.1.1) - https:\/\/yoast.com\/wordpress\/plugins\/seo\/ -->\n<title>Isla Pinz\u00f3n Gal\u00e1pagos: Un Para\u00edso de Buceo y Vida Silvestre<\/title>\n<meta name=\"description\" content=\"Descubre Isla Pinz\u00f3n en Gal\u00e1pagos, un destino exclusivo para buceo y snorkel con tortugas gigantes, leones marinos y m\u00e1s vida silvestre \u00fanica\" \/>\n<meta name=\"robots\" content=\"index, follow, max-snippet:-1, max-image-preview:large, max-video-preview:-1\" \/>\n<link rel=\"canonical\" href=\"https:\/\/naturegalapagos.com\/es\/isla-pinzon-galapagos-informacion\/\" \/>\n<meta property=\"og:locale\" content=\"es_ES\" \/>\n<meta property=\"og:type\" content=\"article\" \/>\n<meta property=\"og:title\" content=\"Isla Pinz\u00f3n Gal\u00e1pagos - Nature Galapagos &amp; Ecuador\" \/>\n<meta property=\"og:description\" content=\"la Isla Pinz\u00f3n Gal\u00e1pagos ofrece algunas maravillosas oportunidades de buceo que permite conocer gran cantidad de vida marina. Viaja con nosotros y conocela.\" \/>\n<meta property=\"og:url\" content=\"https:\/\/naturegalapagos.com\/es\/isla-pinzon-galapagos-informacion\/\" \/>\n<meta property=\"og:site_name\" content=\"Espa\u00f1ol - Nature Galapagos &amp; Ecuador\" \/>\n<meta property=\"article:publisher\" content=\"https:\/\/www.facebook.com\/naturegalapagosecuador\/\" \/>\n<meta property=\"article:modified_time\" content=\"2024-08-30T19:59:12+00:00\" \/>\n<meta property=\"og:image\" content=\"https:\/\/naturegalapagos.com\/es\/wp-content\/uploads\/sites\/3\/2014\/12\/tours-en-galapagos-isla-bartolome.jpg\" \/>\n\t<meta property=\"og:image:width\" content=\"1920\" \/>\n\t<meta property=\"og:image:height\" content=\"900\" \/>\n\t<meta property=\"og:image:type\" content=\"image\/jpeg\" \/>\n<meta name=\"twitter:card\" content=\"summary_large_image\" \/>\n<meta name=\"twitter:title\" content=\"Isla Pinz\u00f3n Gal\u00e1pagos - Nature Galapagos &amp; Ecuador\" \/>\n<meta name=\"twitter:description\" content=\"la Isla Pinz\u00f3n Gal\u00e1pagos ofrece algunas maravillosas oportunidades de buceo que permite conocer gran cantidad de vida marina. Viaja con nosotros y conocela.\" \/>\n<meta name=\"twitter:site\" content=\"@naturegalapagos\" \/>\n<meta name=\"twitter:label1\" content=\"Tiempo de lectura\" \/>\n\t<meta name=\"twitter:data1\" content=\"2 minutos\" \/>\n<!-- \/ Yoast SEO Premium plugin. -->","yoast_head_json":{"title":"Isla Pinz\u00f3n Gal\u00e1pagos: Un Para\u00edso de Buceo y Vida Silvestre","description":"Descubre Isla Pinz\u00f3n en Gal\u00e1pagos, un destino exclusivo para buceo y snorkel con tortugas gigantes, leones marinos y m\u00e1s vida silvestre \u00fanica","robots":{"index":"index","follow":"follow","max-snippet":"max-snippet:-1","max-image-preview":"max-image-preview:large","max-video-preview":"max-video-preview:-1"},"canonical":"https:\/\/naturegalapagos.com\/es\/isla-pinzon-galapagos-informacion\/","og_locale":"es_ES","og_type":"article","og_title":"Isla Pinz\u00f3n Gal\u00e1pagos - Nature Galapagos & Ecuador","og_description":"la Isla Pinz\u00f3n Gal\u00e1pagos ofrece algunas maravillosas oportunidades de buceo que permite conocer gran cantidad de vida marina. Viaja con nosotros y conocela.","og_url":"https:\/\/naturegalapagos.com\/es\/isla-pinzon-galapagos-informacion\/","og_site_name":"Espa\u00f1ol - Nature Galapagos &amp; Ecuador","article_publisher":"https:\/\/www.facebook.com\/naturegalapagosecuador\/","article_modified_time":"2024-08-30T19:59:12+00:00","og_image":[{"width":1920,"height":900,"url":"https:\/\/naturegalapagos.com\/es\/wp-content\/uploads\/sites\/3\/2014\/12\/tours-en-galapagos-isla-bartolome.jpg","type":"image\/jpeg"}],"twitter_card":"summary_large_image","twitter_title":"Isla Pinz\u00f3n Gal\u00e1pagos - Nature Galapagos & Ecuador","twitter_description":"la Isla Pinz\u00f3n Gal\u00e1pagos ofrece algunas maravillosas oportunidades de buceo que permite conocer gran cantidad de vida marina. Viaja con nosotros y conocela.","twitter_site":"@naturegalapagos","twitter_misc":{"Tiempo de lectura":"2 minutos"},"schema":{"@context":"https:\/\/schema.org","@graph":[{"@type":"WebPage","@id":"https:\/\/naturegalapagos.com\/es\/isla-pinzon-galapagos-informacion\/","url":"https:\/\/naturegalapagos.com\/es\/isla-pinzon-galapagos-informacion\/","name":"Isla Pinz\u00f3n Gal\u00e1pagos: Un Para\u00edso de Buceo y Vida Silvestre","isPartOf":{"@id":"https:\/\/naturegalapagos.com\/es\/#website"},"datePublished":"2024-08-30T19:00:32+00:00","dateModified":"2024-08-30T19:59:12+00:00","description":"Descubre Isla Pinz\u00f3n en Gal\u00e1pagos, un destino exclusivo para buceo y snorkel con tortugas gigantes, leones marinos y m\u00e1s vida silvestre \u00fanica","breadcrumb":{"@id":"https:\/\/naturegalapagos.com\/es\/isla-pinzon-galapagos-informacion\/#breadcrumb"},"inLanguage":"es","potentialAction":[{"@type":"ReadAction","target":["https:\/\/naturegalapagos.com\/es\/isla-pinzon-galapagos-informacion\/"]}]},{"@type":"BreadcrumbList","@id":"https:\/\/naturegalapagos.com\/es\/isla-pinzon-galapagos-informacion\/#breadcrumb","itemListElement":[{"@type":"ListItem","position":1,"name":"Home","item":"https:\/\/naturegalapagos.com\/es\/"},{"@type":"ListItem","position":2,"name":"Isla Pinz\u00f3n Gal\u00e1pagos"}]},{"@type":"WebSite","@id":"https:\/\/naturegalapagos.com\/es\/#website","url":"https:\/\/naturegalapagos.com\/es\/","name":"Espa\u00f1ol - Nature Galapagos & Ecuador","description":"","publisher":{"@id":"https:\/\/naturegalapagos.com\/es\/#organization"},"potentialAction":[{"@type":"SearchAction","target":{"@type":"EntryPoint","urlTemplate":"https:\/\/naturegalapagos.com\/es\/?s={search_term_string}"},"query-input":{"@type":"PropertyValueSpecification","valueRequired":true,"valueName":"search_term_string"}}],"inLanguage":"es"},{"@type":"Organization","@id":"https:\/\/naturegalapagos.com\/es\/#organization","name":"Espa\u00f1ol - Nature Galapagos & Ecuador","url":"https:\/\/naturegalapagos.com\/es\/","logo":{"@type":"ImageObject","inLanguage":"es","@id":"https:\/\/naturegalapagos.com\/es\/#\/schema\/logo\/image\/","url":"https:\/\/naturegalapagos.com\/es\/wp-content\/uploads\/sites\/3\/2016\/10\/Nature-Galapagos-Logo-COM-300x300.jpg","contentUrl":"https:\/\/naturegalapagos.com\/es\/wp-content\/uploads\/sites\/3\/2016\/10\/Nature-Galapagos-Logo-COM-300x300.jpg","width":300,"height":300,"caption":"Espa\u00f1ol - Nature Galapagos & Ecuador"},"image":{"@id":"https:\/\/naturegalapagos.com\/es\/#\/schema\/logo\/image\/"},"sameAs":["https:\/\/www.facebook.com\/naturegalapagosecuador\/","https:\/\/x.com\/naturegalapagos","https:\/\/www.instagram.com\/naturegalapagos\/","https:\/\/www.pinterest.com\/Naturegalapagos\/","https:\/\/www.youtube.com\/user\/NatureGalapagosTours"]}]}},"_links":{"self":[{"href":"https:\/\/naturegalapagos.com\/es\/wp-json\/wp\/v2\/pages\/2460","targetHints":{"allow":["GET"]}}],"collection":[{"href":"https:\/\/naturegalapagos.com\/es\/wp-json\/wp\/v2\/pages"}],"about":[{"href":"https:\/\/naturegalapagos.com\/es\/wp-json\/wp\/v2\/types\/page"}],"author":[{"embeddable":true,"href":"https:\/\/naturegalapagos.com\/es\/wp-json\/wp\/v2\/users\/2"}],"replies":[{"embeddable":true,"href":"https:\/\/naturegalapagos.com\/es\/wp-json\/wp\/v2\/comments?post=2460"}],"version-history":[{"count":0,"href":"https:\/\/naturegalapagos.com\/es\/wp-json\/wp\/v2\/pages\/2460\/revisions"}],"wp:attachment":[{"href":"https:\/\/naturegalapagos.com\/es\/wp-json\/wp\/v2\/media?parent=2460"}],"curies":[{"name":"wp","href":"https:\/\/api.w.org\/{rel}","templated":true}]}}