{"id":2463,"date":"2015-05-04T20:12:14","date_gmt":"2015-05-04T20:12:14","guid":{"rendered":"http:\/\/naturegalapagos.com\/es\/?page_id=2463"},"modified":"2024-08-30T10:43:37","modified_gmt":"2024-08-30T14:43:37","slug":"isla-rabida-galapagos-informacion","status":"publish","type":"page","link":"https:\/\/naturegalapagos.com\/es\/isla-rabida-galapagos-informacion","title":{"rendered":"Isla R\u00e1bida Gal\u00e1pagos"},"content":{"rendered":"<h2><span style=\"font-size: 20px; font-family: arial, helvetica, sans-serif;\"><strong>Isla R\u00e1bida\u00a0Gal\u00e1pagos<\/strong><strong>\u00a0&#8211; Breve Descripci\u00f3n:<\/strong><\/span><\/h2>\n<hr \/>\n<p style=\"text-align: justify;\"><span style=\"font-size: 14px; font-family: arial, helvetica, sans-serif;\">La <strong>Isla R\u00e1bida Gal\u00e1pagos<\/strong> se dice que tiene las rocas volc\u00e1nicas m\u00e1s diversificadas de todas las islas. Cuenta con una playa de color rojo oscuro y una laguna de agua salada, que constituye algunos de los lugares mas impresionantes y unicos con los que esta isla cuenta. Desde las tierras altas se encuentra un lugar para fotografias de incomparables gracias al contrates que brindan sus aguas claras y los picos de los volcanes de las islas.<\/span><\/p>\n<div id=\"swiper1\" class=\"atgrid atgrid--with-image padding-top-large padding-bottom-large\">\n\t<div class=\"atgrid__bg\" style=\"background:url(http:\/\/adventure-tours.themedelight.com\/wp-content\/uploads\/2015\/07\/most-popular-bg.jpg) no-repeat center\"><\/div>\n<div class=\"title title--big title--center title--decoration-bottom-center\">\n\t<div class=\"title__subtitle\">Heche un vistazo a nuestro<\/div>\n<h3 class=\"title__primary\">Tours m\u00e1s populares<\/h3><\/div>\n\t<div class=\"atgrid__slider\">\n\t\t<div class=\"atgrid__slider__controls\">\n\t\t\t<a class=\"atgrid__slider__prev\" href=\"#\"><i class=\"fa fa-chevron-left\"><\/i><\/a>\n\t\t\t<a class=\"atgrid__slider__next\" href=\"#\"><i class=\"fa fa-chevron-right\"><\/i><\/a>\n\t\t<\/div>\n\n\t\t<div class=\"swiper-container swiper-slider atgrid__slider__container\">\n\t\t\t<div class=\"swiper-wrapper\">\n\t\t\t\t\t\t\t\t\t\t<div class=\"swiper-slide\">\n\t\t\t\t\t<div class=\"atgrid__item\">\n\t\t\t\t\t\t<div class=\"atgrid__item__top\">\n\t\t\t\t\t\t\t<a href=\"https:\/\/naturegalapagos.com\/es\/tours-en-galapagos\/tour-isla-espanola-galapagos\/\" class=\"atgrid__item__top__image\"><img decoding=\"async\" width=\"360\" height=\"240\" src=\"https:\/\/naturegalapagos.com\/es\/wp-content\/uploads\/sites\/3\/2017\/08\/Tour-Isla-Espa\u00f1ola-Galapagos-360x240.jpg\" class=\"attachment-thumb_tour_listing_small size-thumb_tour_listing_small wp-post-image\" alt=\"Tour Isla Espa\u00f1ola Galapagos\" srcset=\"https:\/\/naturegalapagos.com\/es\/wp-content\/uploads\/sites\/3\/2017\/08\/Tour-Isla-Espa\u00f1ola-Galapagos-360x240.jpg 360w, https:\/\/naturegalapagos.com\/es\/wp-content\/uploads\/sites\/3\/2017\/08\/Tour-Isla-Espa\u00f1ola-Galapagos-531x354.jpg 531w, https:\/\/naturegalapagos.com\/es\/wp-content\/uploads\/sites\/3\/2017\/08\/Tour-Isla-Espa\u00f1ola-Galapagos-270x180.jpg 270w\" sizes=\"(max-width: 360px) 100vw, 360px\" \/><\/a>\t\t\t\t\t\t\t<div class=\"atgrid__item__angle-wrap\"><div class=\"atgrid__item__angle\" style=\"background-color:#253081\">Oferta!<\/div><\/div>\t\t\t\t\t\t\t<div class=\"atgrid__item__price\"><a href=\"https:\/\/naturegalapagos.com\/es\/tours-en-galapagos\/tour-isla-espanola-galapagos\/\" class=\"atgrid__item__price__button\"><span class=\"woocommerce-Price-amount amount\"><bdi><span class=\"woocommerce-Price-currencySymbol\">&#36;<\/span>288<\/bdi><\/span><\/a><\/div>\t\t\t\t\t\t\t\t\t\t\t\t\t\t<div class=\"atgrid__item__icons\"><a href=\"https:\/\/naturegalapagos.com\/es\/tour-category\/tours-en-galapagos\/\"><i data-toggle=\"tooltip\" title=\"Tours en Galapagos\" class=\"td-turtle\"><\/i><\/a><\/div>\t\t\t\t\t\t<\/div>\n\n\t\t\t\t\t\t<div class=\"atgrid__item__content\">\n\t\t\t\t\t\t\t<h3 class=\"atgrid__item__title\"><a href=\"https:\/\/naturegalapagos.com\/es\/tours-en-galapagos\/tour-isla-espanola-galapagos\/\">Tour Isla Espa\u00f1ola Galapagos<\/a><\/h3>\n\t\t\t\t\t\t\t\t\t\t\t\t\t<div class=\"atgrid__item__description\">Tour Isla Espa\u00f1ola Galapagos Descubre la Isla<\/div>\n\t\t\t\t\t\t\t\t\t\t\t\t<\/div>\n\t\t\t\t\t\t<div class=\"item-attributes\">\n\t\t\t\t\t\t\t<div class=\"item-attributes__item\"><div class=\"item-attributes__item__content\"><div class=\"item-attributes__item__content__item\"><i class=\"td-clock-2\"><\/i><\/div><div class=\"item-attributes__item__content__item item-attributes__item__content__item--text\"><span>7 &#8211; 8 horas<\/span><\/div><\/div><\/div><div class=\"item-attributes__item\"><div class=\"item-attributes__item__content\"><div class=\"item-attributes__item__content__item\"><i class=\"td-map-marker\"><\/i><\/div><div class=\"item-attributes__item__content__item item-attributes__item__content__item--text\"><span>San Cristobal<\/span><\/div><\/div><\/div>\t\t\t\t\t\t\t<div class=\"item-attributes__item\">\n\t\t\t\t\t\t\t\t<a href=\"https:\/\/naturegalapagos.com\/es\/tours-en-galapagos\/tour-isla-espanola-galapagos\/\" class=\"item-attributes__link\"><i class=\"fa fa-long-arrow-right\"><\/i><\/a>\n\t\t\t\t\t\t\t<\/div>\n\t\t\t\t\t\t<\/div>\n\t\t\t\t\t<\/div>\n\t\t\t\t<\/div>\n\t\t\t\t\t\t\t\t\t\t<div class=\"swiper-slide\">\n\t\t\t\t\t<div class=\"atgrid__item\">\n\t\t\t\t\t\t<div class=\"atgrid__item__top\">\n\t\t\t\t\t\t\t<a href=\"https:\/\/naturegalapagos.com\/es\/producto\/tours-en-galapagos-isla-bartolome\/\" class=\"atgrid__item__top__image\"><img decoding=\"async\" width=\"360\" height=\"240\" src=\"https:\/\/naturegalapagos.com\/es\/wp-content\/uploads\/sites\/3\/2014\/12\/Tours-en-Galapagos-Isla-Bartolome-Tour-360x240.jpg\" class=\"attachment-thumb_tour_listing_small size-thumb_tour_listing_small wp-post-image\" alt=\"Tour diario a Isla Bartolom\u00e9\" srcset=\"https:\/\/naturegalapagos.com\/es\/wp-content\/uploads\/sites\/3\/2014\/12\/Tours-en-Galapagos-Isla-Bartolome-Tour-360x240.jpg 360w, https:\/\/naturegalapagos.com\/es\/wp-content\/uploads\/sites\/3\/2014\/12\/Tours-en-Galapagos-Isla-Bartolome-Tour-180x120.jpg 180w, https:\/\/naturegalapagos.com\/es\/wp-content\/uploads\/sites\/3\/2014\/12\/Tours-en-Galapagos-Isla-Bartolome-Tour-531x354.jpg 531w, https:\/\/naturegalapagos.com\/es\/wp-content\/uploads\/sites\/3\/2014\/12\/Tours-en-Galapagos-Isla-Bartolome-Tour-270x180.jpg 270w\" sizes=\"(max-width: 360px) 100vw, 360px\" \/><\/a>\t\t\t\t\t\t\t<div class=\"atgrid__item__angle-wrap\"><div class=\"atgrid__item__angle\" style=\"background-color:#253081\">Compra en Linea! <\/div><\/div>\t\t\t\t\t\t\t\t\t\t\t\t\t\t\t\t\t\t\t\t\t<div class=\"atgrid__item__icons\"><a href=\"https:\/\/naturegalapagos.com\/es\/tour-category\/ofertas-de-viajes\/\"><i data-toggle=\"tooltip\" title=\"Ofertas de Viajes\" class=\"td-sale-1\"><\/i><\/a><a href=\"https:\/\/naturegalapagos.com\/es\/tour-category\/tours-en-galapagos\/\"><i data-toggle=\"tooltip\" title=\"Tours en Galapagos\" class=\"td-turtle\"><\/i><\/a><\/div>\t\t\t\t\t\t<\/div>\n\n\t\t\t\t\t\t<div class=\"atgrid__item__content\">\n\t\t\t\t\t\t\t<h3 class=\"atgrid__item__title\"><a href=\"https:\/\/naturegalapagos.com\/es\/producto\/tours-en-galapagos-isla-bartolome\/\">Tour diario a Isla Bartolom\u00e9<\/a><\/h3>\n\t\t\t\t\t\t\t\t\t\t\t\t\t<div class=\"atgrid__item__description\">Tour diario a Isla Bartolom\u00e9 + Bah\u00eda<\/div>\n\t\t\t\t\t\t\t\t\t\t\t\t<\/div>\n\t\t\t\t\t\t<div class=\"item-attributes\">\n\t\t\t\t\t\t\t<div class=\"item-attributes__item\"><div class=\"item-attributes__item__content\"><div class=\"item-attributes__item__content__item\"><i class=\"td-clock-2\"><\/i><\/div><div class=\"item-attributes__item__content__item item-attributes__item__content__item--text\"><span>7 &#8211; 8 horas<\/span><\/div><\/div><\/div><div class=\"item-attributes__item\"><div class=\"item-attributes__item__content\"><div class=\"item-attributes__item__content__item\"><i class=\"td-backpack\"><\/i><\/div><div class=\"item-attributes__item__content__item item-attributes__item__content__item--text\"><span>Tour diario<\/span><\/div><\/div><\/div>\t\t\t\t\t\t\t<div class=\"item-attributes__item\">\n\t\t\t\t\t\t\t\t<a href=\"https:\/\/naturegalapagos.com\/es\/producto\/tours-en-galapagos-isla-bartolome\/\" class=\"item-attributes__link\"><i class=\"fa fa-long-arrow-right\"><\/i><\/a>\n\t\t\t\t\t\t\t<\/div>\n\t\t\t\t\t\t<\/div>\n\t\t\t\t\t<\/div>\n\t\t\t\t<\/div>\n\t\t\t\t\t\t\t\t\t\t<div class=\"swiper-slide\">\n\t\t\t\t\t<div class=\"atgrid__item\">\n\t\t\t\t\t\t<div class=\"atgrid__item__top\">\n\t\t\t\t\t\t\t<a href=\"https:\/\/naturegalapagos.com\/es\/tours-en-galapagos\/tour-leon-dormido-galapagos\/\" class=\"atgrid__item__top__image\"><img decoding=\"async\" width=\"360\" height=\"240\" src=\"https:\/\/naturegalapagos.com\/es\/wp-content\/uploads\/sites\/3\/2017\/08\/Tour-Leon-Dormido-Galapagos-360x240.jpg\" class=\"attachment-thumb_tour_listing_small size-thumb_tour_listing_small wp-post-image\" alt=\"our Leon Dormido Galapagos\" srcset=\"https:\/\/naturegalapagos.com\/es\/wp-content\/uploads\/sites\/3\/2017\/08\/Tour-Leon-Dormido-Galapagos-360x240.jpg 360w, https:\/\/naturegalapagos.com\/es\/wp-content\/uploads\/sites\/3\/2017\/08\/Tour-Leon-Dormido-Galapagos-180x120.jpg 180w, https:\/\/naturegalapagos.com\/es\/wp-content\/uploads\/sites\/3\/2017\/08\/Tour-Leon-Dormido-Galapagos-531x354.jpg 531w, https:\/\/naturegalapagos.com\/es\/wp-content\/uploads\/sites\/3\/2017\/08\/Tour-Leon-Dormido-Galapagos-270x180.jpg 270w\" sizes=\"(max-width: 360px) 100vw, 360px\" \/><\/a>\t\t\t\t\t\t\t<div class=\"atgrid__item__angle-wrap\"><div class=\"atgrid__item__angle\" style=\"background-color:#c8d400\">M\u00e1s Informaci\u00f3n!<\/div><\/div>\t\t\t\t\t\t\t<div class=\"atgrid__item__price\"><a href=\"https:\/\/naturegalapagos.com\/es\/tours-en-galapagos\/tour-leon-dormido-galapagos\/\" class=\"atgrid__item__price__button\"><span class=\"woocommerce-Price-amount amount\"><bdi><span class=\"woocommerce-Price-currencySymbol\">&#36;<\/span>181<\/bdi><\/span><\/a><\/div>\t\t\t\t\t\t\t\t\t\t\t\t\t\t<div class=\"atgrid__item__icons\"><a href=\"https:\/\/naturegalapagos.com\/es\/tour-category\/tours-en-galapagos\/\"><i data-toggle=\"tooltip\" title=\"Tours en Galapagos\" class=\"td-turtle\"><\/i><\/a><\/div>\t\t\t\t\t\t<\/div>\n\n\t\t\t\t\t\t<div class=\"atgrid__item__content\">\n\t\t\t\t\t\t\t<h3 class=\"atgrid__item__title\"><a href=\"https:\/\/naturegalapagos.com\/es\/tours-en-galapagos\/tour-leon-dormido-galapagos\/\">Tour Leon Dormido Galapagos<\/a><\/h3>\n\t\t\t\t\t\t\t\t\t\t\t\t\t<div class=\"atgrid__item__description\">Tour Leon Dormido Galapagos desde San Crist\u00f3bal.<\/div>\n\t\t\t\t\t\t\t\t\t\t\t\t<\/div>\n\t\t\t\t\t\t<div class=\"item-attributes\">\n\t\t\t\t\t\t\t<div class=\"item-attributes__item\"><div class=\"item-attributes__item__content\"><div class=\"item-attributes__item__content__item\"><i class=\"td-clock-2\"><\/i><\/div><div class=\"item-attributes__item__content__item item-attributes__item__content__item--text\"><span>7 &#8211; 8 horas<\/span><\/div><\/div><\/div><div class=\"item-attributes__item\"><div class=\"item-attributes__item__content\"><div class=\"item-attributes__item__content__item\"><i class=\"td-map-marker\"><\/i><\/div><div class=\"item-attributes__item__content__item item-attributes__item__content__item--text\"><span>San Cristobal<\/span><\/div><\/div><\/div>\t\t\t\t\t\t\t<div class=\"item-attributes__item\">\n\t\t\t\t\t\t\t\t<a href=\"https:\/\/naturegalapagos.com\/es\/tours-en-galapagos\/tour-leon-dormido-galapagos\/\" class=\"item-attributes__link\"><i class=\"fa fa-long-arrow-right\"><\/i><\/a>\n\t\t\t\t\t\t\t<\/div>\n\t\t\t\t\t\t<\/div>\n\t\t\t\t\t<\/div>\n\t\t\t\t<\/div>\n\t\t\t\t\t\t\t\t\t<\/div><!-- .swiper-wrapper -->\n\t\t<\/div><!-- .swiper-container -->\n\t<\/div><!-- .atgrid__slider  -->\n<\/div><!-- .atgrid -->\n\n<ul>\n<li><span style=\"font-size: 14px; font-family: arial, helvetica, sans-serif;\"><strong>\u00c1rea<\/strong>: 4,9 km2<\/span><\/li>\n<li><span style=\"font-size: 14px; font-family: arial, helvetica, sans-serif;\"><strong>Altitud m\u00e1xima<\/strong>: 367 pies<\/span><\/li>\n<li><span style=\"font-size: 14px; font-family: arial, helvetica, sans-serif;\"><strong>Nombre Ingl\u00e9s<\/strong>: Jervis<\/span><\/li>\n<li><span style=\"font-size: 14px; font-family: arial, helvetica, sans-serif;\"><strong>Nivel de dificultad en Caminata<\/strong>: Dif\u00edcil.<\/span><\/li>\n<\/ul>\n<p style=\"text-align: justify;\"><span style=\"text-align: justify; line-height: 1.5; font-size: 14px; font-family: arial, helvetica, sans-serif;\"><strong>Vida Silvestre a la misma<\/strong>: La flora de R\u00e1bida presenta remanentes actuales de Opuntia cactus y \u00e1rboles de palo santo especies end\u00e9micas de esta isla, pel\u00edcanos marrones y su zona de anidaci\u00f3n hacen de Rabida un sitio \u00fanico. Tambi\u00e9n hay colonias de halcones de Gal\u00e1pagos, ping\u00fcinos y lobos marinos.<\/span><\/p>\n<div id=\"gallery_1\" class=\"gallery\">\n<div class=\"row gallery__items\">\n\t\t\t\t\t<div class=\"col-sm-4 gallery__item-wrap\" data-filterid=\"\">\n\t\t\t<a href=\"https:\/\/naturegalapagos.com\/es\/wp-content\/uploads\/sites\/3\/2018\/07\/escuela-de-buceo-galapagos-leon-marino.jpg\" class=\"swipebox gallery__item\" title=\"Escuela de Buceo Galapagos\">\n\t\t\t\t<img decoding=\"async\" width=\"720\" height=\"480\" src=\"https:\/\/naturegalapagos.com\/es\/wp-content\/uploads\/sites\/3\/2018\/07\/escuela-de-buceo-galapagos-leon-marino-720x480.jpg\" class=\"attachment-thumb_gallery size-thumb_gallery\" alt=\"Escuela de Buceo Galapagos\" srcset=\"https:\/\/naturegalapagos.com\/es\/wp-content\/uploads\/sites\/3\/2018\/07\/escuela-de-buceo-galapagos-leon-marino-720x480.jpg 720w, https:\/\/naturegalapagos.com\/es\/wp-content\/uploads\/sites\/3\/2018\/07\/escuela-de-buceo-galapagos-leon-marino-531x354.jpg 531w, https:\/\/naturegalapagos.com\/es\/wp-content\/uploads\/sites\/3\/2018\/07\/escuela-de-buceo-galapagos-leon-marino-180x120.jpg 180w\" sizes=\"(max-width: 720px) 100vw, 720px\" \/>\t\t\t\t<span class=\"gallery__item__info\">\n\t\t\t\t\t<span class=\"gallery__item__info__content\">\n\t\t\t\t\t\t<span class=\"gallery__item__title\">Escuela de Buceo Galapagos<\/span>\n\t\t\t\t\t\t\t\t\t\t<\/span>\n\t\t\t\t\t<span class=\"gallery__item__shadow\"><\/span>\n\t\t\t\t<\/span>\n\t\t\t<\/a>\n\t\t<\/div>\n\t\t\t\t\t<div class=\"col-sm-4 gallery__item-wrap\" data-filterid=\"\">\n\t\t\t<a href=\"https:\/\/naturegalapagos.com\/es\/wp-content\/uploads\/sites\/3\/2018\/02\/isla-santa-fe-lobos-marinos.jpg\" class=\"swipebox gallery__item\" title=\"isla santa fe lobos marinos\">\n\t\t\t\t<img decoding=\"async\" width=\"720\" height=\"480\" src=\"https:\/\/naturegalapagos.com\/es\/wp-content\/uploads\/sites\/3\/2018\/02\/isla-santa-fe-lobos-marinos-720x480.jpg\" class=\"attachment-thumb_gallery size-thumb_gallery\" alt=\"Lobos marinos en la isla Santa Cruz\" srcset=\"https:\/\/naturegalapagos.com\/es\/wp-content\/uploads\/sites\/3\/2018\/02\/isla-santa-fe-lobos-marinos-720x480.jpg 720w, https:\/\/naturegalapagos.com\/es\/wp-content\/uploads\/sites\/3\/2018\/02\/isla-santa-fe-lobos-marinos-300x200.jpg 300w, https:\/\/naturegalapagos.com\/es\/wp-content\/uploads\/sites\/3\/2018\/02\/isla-santa-fe-lobos-marinos-768x512.jpg 768w, https:\/\/naturegalapagos.com\/es\/wp-content\/uploads\/sites\/3\/2018\/02\/isla-santa-fe-lobos-marinos-531x354.jpg 531w, https:\/\/naturegalapagos.com\/es\/wp-content\/uploads\/sites\/3\/2018\/02\/isla-santa-fe-lobos-marinos-600x400.jpg 600w, https:\/\/naturegalapagos.com\/es\/wp-content\/uploads\/sites\/3\/2018\/02\/isla-santa-fe-lobos-marinos-180x120.jpg 180w, https:\/\/naturegalapagos.com\/es\/wp-content\/uploads\/sites\/3\/2018\/02\/isla-santa-fe-lobos-marinos.jpg 900w\" sizes=\"(max-width: 720px) 100vw, 720px\" \/>\t\t\t\t<span class=\"gallery__item__info\">\n\t\t\t\t\t<span class=\"gallery__item__info__content\">\n\t\t\t\t\t\t<span class=\"gallery__item__title\">isla santa fe lobos marinos<\/span>\n\t\t\t\t\t\t\t\t\t\t<\/span>\n\t\t\t\t\t<span class=\"gallery__item__shadow\"><\/span>\n\t\t\t\t<\/span>\n\t\t\t<\/a>\n\t\t<\/div>\n\t<\/div>\n<\/div>\n<p>&nbsp;<\/p>\n","protected":false},"excerpt":{"rendered":"<p>Isla R\u00e1bida\u00a0Gal\u00e1pagos\u00a0&#8211; Breve Descripci\u00f3n: La Isla R\u00e1bida Gal\u00e1pagos se dice que tiene las rocas volc\u00e1nicas m\u00e1s diversificadas de todas las islas. Cuenta con una playa de color rojo oscuro y una laguna de agua salada, que constituye algunos de los lugares mas impresionantes y unicos con los que esta isla cuenta. Desde las tierras altas<\/p>\n<div class=\"padding-top text-center\"><a href=\"https:\/\/naturegalapagos.com\/es\/tours-en-galapagos\/tour-leon-dormido-galapagos\/\" class=\"atbtn atbtn--medium atbtn--rounded atbtn--transparent\">Leer m\u00e1s<i class=\"atbtn__icon atbtn__icon--right fa fa-long-arrow-right\"><\/i><\/a><\/div>\n","protected":false},"author":2,"featured_media":0,"parent":0,"menu_order":0,"comment_status":"closed","ping_status":"closed","template":"","meta":{"_joinchat":[],"footnotes":""},"class_list":["post-2463","page","type-page","status-publish","hentry"],"yoast_head":"<!-- This site is optimized with the Yoast SEO Premium plugin v25.6 (Yoast SEO v26.1.1) - https:\/\/yoast.com\/wordpress\/plugins\/seo\/ -->\n<title>Isla R\u00e1bida Gal\u00e1pagos - Nature Galapagos &amp; Ecuador<\/title>\n<meta name=\"description\" content=\"La Isla R\u00e1bida Gal\u00e1pagos cuenta con una hermosa playa de color rojo oscuro una de las pocas en el mundo de este tipo. Ven y disfruta de ella con nosotros.\" \/>\n<meta name=\"robots\" content=\"index, follow, max-snippet:-1, max-image-preview:large, max-video-preview:-1\" \/>\n<link rel=\"canonical\" href=\"https:\/\/naturegalapagos.com\/es\/isla-rabida-galapagos-informacion\/\" \/>\n<meta property=\"og:locale\" content=\"es_ES\" \/>\n<meta property=\"og:type\" content=\"article\" \/>\n<meta property=\"og:title\" content=\"Isla R\u00e1bida Gal\u00e1pagos - Nature Galapagos &amp; Ecuador\" \/>\n<meta property=\"og:description\" content=\"La Isla R\u00e1bida Gal\u00e1pagos cuenta con una hermosa playa de color rojo oscuro una de las pocas en el mundo de este tipo. Ven y disfruta de ella con nosotros.\" \/>\n<meta property=\"og:url\" content=\"https:\/\/naturegalapagos.com\/es\/isla-rabida-galapagos-informacion\/\" \/>\n<meta property=\"og:site_name\" content=\"Espa\u00f1ol - Nature Galapagos &amp; Ecuador\" \/>\n<meta property=\"article:publisher\" content=\"https:\/\/www.facebook.com\/naturegalapagosecuador\/\" \/>\n<meta property=\"article:modified_time\" content=\"2024-08-30T14:43:37+00:00\" \/>\n<meta property=\"og:image\" content=\"https:\/\/naturegalapagos.com\/es\/wp-content\/uploads\/sites\/3\/2014\/12\/tours-en-galapagos-isla-bartolome.jpg\" \/>\n\t<meta property=\"og:image:width\" content=\"1920\" \/>\n\t<meta property=\"og:image:height\" content=\"900\" \/>\n\t<meta property=\"og:image:type\" content=\"image\/jpeg\" \/>\n<meta name=\"twitter:card\" content=\"summary_large_image\" \/>\n<meta name=\"twitter:title\" content=\"Isla R\u00e1bida Gal\u00e1pagos - Nature Galapagos &amp; Ecuador\" \/>\n<meta name=\"twitter:description\" content=\"La Isla R\u00e1bida Gal\u00e1pagos cuenta con una hermosa playa de color rojo oscuro una de las pocas en el mundo de este tipo. Ven y disfruta de ella con nosotros.\" \/>\n<meta name=\"twitter:site\" content=\"@naturegalapagos\" \/>\n<meta name=\"twitter:label1\" content=\"Tiempo de lectura\" \/>\n\t<meta name=\"twitter:data1\" content=\"1 minuto\" \/>\n<!-- \/ Yoast SEO Premium plugin. -->","yoast_head_json":{"title":"Isla R\u00e1bida Gal\u00e1pagos - Nature Galapagos & Ecuador","description":"La Isla R\u00e1bida Gal\u00e1pagos cuenta con una hermosa playa de color rojo oscuro una de las pocas en el mundo de este tipo. Ven y disfruta de ella con nosotros.","robots":{"index":"index","follow":"follow","max-snippet":"max-snippet:-1","max-image-preview":"max-image-preview:large","max-video-preview":"max-video-preview:-1"},"canonical":"https:\/\/naturegalapagos.com\/es\/isla-rabida-galapagos-informacion\/","og_locale":"es_ES","og_type":"article","og_title":"Isla R\u00e1bida Gal\u00e1pagos - Nature Galapagos & Ecuador","og_description":"La Isla R\u00e1bida Gal\u00e1pagos cuenta con una hermosa playa de color rojo oscuro una de las pocas en el mundo de este tipo. Ven y disfruta de ella con nosotros.","og_url":"https:\/\/naturegalapagos.com\/es\/isla-rabida-galapagos-informacion\/","og_site_name":"Espa\u00f1ol - Nature Galapagos &amp; Ecuador","article_publisher":"https:\/\/www.facebook.com\/naturegalapagosecuador\/","article_modified_time":"2024-08-30T14:43:37+00:00","og_image":[{"width":1920,"height":900,"url":"https:\/\/naturegalapagos.com\/es\/wp-content\/uploads\/sites\/3\/2014\/12\/tours-en-galapagos-isla-bartolome.jpg","type":"image\/jpeg"}],"twitter_card":"summary_large_image","twitter_title":"Isla R\u00e1bida Gal\u00e1pagos - Nature Galapagos & Ecuador","twitter_description":"La Isla R\u00e1bida Gal\u00e1pagos cuenta con una hermosa playa de color rojo oscuro una de las pocas en el mundo de este tipo. Ven y disfruta de ella con nosotros.","twitter_site":"@naturegalapagos","twitter_misc":{"Tiempo de lectura":"1 minuto"},"schema":{"@context":"https:\/\/schema.org","@graph":[{"@type":"WebPage","@id":"https:\/\/naturegalapagos.com\/es\/isla-rabida-galapagos-informacion\/","url":"https:\/\/naturegalapagos.com\/es\/isla-rabida-galapagos-informacion\/","name":"Isla R\u00e1bida Gal\u00e1pagos - Nature Galapagos & Ecuador","isPartOf":{"@id":"https:\/\/naturegalapagos.com\/es\/#website"},"datePublished":"2015-05-04T20:12:14+00:00","dateModified":"2024-08-30T14:43:37+00:00","description":"La Isla R\u00e1bida Gal\u00e1pagos cuenta con una hermosa playa de color rojo oscuro una de las pocas en el mundo de este tipo. Ven y disfruta de ella con nosotros.","breadcrumb":{"@id":"https:\/\/naturegalapagos.com\/es\/isla-rabida-galapagos-informacion\/#breadcrumb"},"inLanguage":"es","potentialAction":[{"@type":"ReadAction","target":["https:\/\/naturegalapagos.com\/es\/isla-rabida-galapagos-informacion\/"]}]},{"@type":"BreadcrumbList","@id":"https:\/\/naturegalapagos.com\/es\/isla-rabida-galapagos-informacion\/#breadcrumb","itemListElement":[{"@type":"ListItem","position":1,"name":"Home","item":"https:\/\/naturegalapagos.com\/es\/"},{"@type":"ListItem","position":2,"name":"Isla R\u00e1bida Gal\u00e1pagos"}]},{"@type":"WebSite","@id":"https:\/\/naturegalapagos.com\/es\/#website","url":"https:\/\/naturegalapagos.com\/es\/","name":"Espa\u00f1ol - Nature Galapagos & Ecuador","description":"","publisher":{"@id":"https:\/\/naturegalapagos.com\/es\/#organization"},"potentialAction":[{"@type":"SearchAction","target":{"@type":"EntryPoint","urlTemplate":"https:\/\/naturegalapagos.com\/es\/?s={search_term_string}"},"query-input":{"@type":"PropertyValueSpecification","valueRequired":true,"valueName":"search_term_string"}}],"inLanguage":"es"},{"@type":"Organization","@id":"https:\/\/naturegalapagos.com\/es\/#organization","name":"Espa\u00f1ol - Nature Galapagos & Ecuador","url":"https:\/\/naturegalapagos.com\/es\/","logo":{"@type":"ImageObject","inLanguage":"es","@id":"https:\/\/naturegalapagos.com\/es\/#\/schema\/logo\/image\/","url":"https:\/\/naturegalapagos.com\/es\/wp-content\/uploads\/sites\/3\/2016\/10\/Nature-Galapagos-Logo-COM-300x300.jpg","contentUrl":"https:\/\/naturegalapagos.com\/es\/wp-content\/uploads\/sites\/3\/2016\/10\/Nature-Galapagos-Logo-COM-300x300.jpg","width":300,"height":300,"caption":"Espa\u00f1ol - Nature Galapagos & Ecuador"},"image":{"@id":"https:\/\/naturegalapagos.com\/es\/#\/schema\/logo\/image\/"},"sameAs":["https:\/\/www.facebook.com\/naturegalapagosecuador\/","https:\/\/x.com\/naturegalapagos","https:\/\/www.instagram.com\/naturegalapagos\/","https:\/\/www.pinterest.com\/Naturegalapagos\/","https:\/\/www.youtube.com\/user\/NatureGalapagosTours"]}]}},"_links":{"self":[{"href":"https:\/\/naturegalapagos.com\/es\/wp-json\/wp\/v2\/pages\/2463","targetHints":{"allow":["GET"]}}],"collection":[{"href":"https:\/\/naturegalapagos.com\/es\/wp-json\/wp\/v2\/pages"}],"about":[{"href":"https:\/\/naturegalapagos.com\/es\/wp-json\/wp\/v2\/types\/page"}],"author":[{"embeddable":true,"href":"https:\/\/naturegalapagos.com\/es\/wp-json\/wp\/v2\/users\/2"}],"replies":[{"embeddable":true,"href":"https:\/\/naturegalapagos.com\/es\/wp-json\/wp\/v2\/comments?post=2463"}],"version-history":[{"count":0,"href":"https:\/\/naturegalapagos.com\/es\/wp-json\/wp\/v2\/pages\/2463\/revisions"}],"wp:attachment":[{"href":"https:\/\/naturegalapagos.com\/es\/wp-json\/wp\/v2\/media?parent=2463"}],"curies":[{"name":"wp","href":"https:\/\/api.w.org\/{rel}","templated":true}]}}