{"id":2472,"date":"2015-05-04T20:03:17","date_gmt":"2015-05-04T20:03:17","guid":{"rendered":"http:\/\/naturegalapagos.com\/es\/?page_id=2472"},"modified":"2024-03-08T15:21:49","modified_gmt":"2024-03-08T20:21:49","slug":"isla-santiago-galapagos-informacion","status":"publish","type":"page","link":"https:\/\/naturegalapagos.com\/es\/isla-santiago-galapagos-informacion\/","title":{"rendered":"Isla Santiago Gal\u00e1pagos"},"content":{"rendered":"<h2><span style=\"font-size: 24px; font-family: arial, helvetica, sans-serif;\"><strong>Isla Santiago Gal\u00e1pagos<\/strong><strong>\u00a0&#8211; Breve Descripci\u00f3n:<\/strong><\/span><\/h2>\n<hr \/>\n<p style=\"text-align: justify;\"><span style=\"font-size: 16px; font-family: arial, helvetica, sans-serif;\">Esta <strong>Isla Santiago Gal\u00e1pagos<\/strong>\u00a0es de <strong>origen volc\u00e1nico<\/strong>, esta es una de las caracter\u00edsticas que la hacen famosa. Las formaciones geol\u00f3gicas asombran a todos los turistas y amantes de la geologia que la visitan. El flujo de lava de tipo <strong>pahoehoe<\/strong> dio origen a formaciones hace unos 100 a\u00f1os y constituye un perfecto de ejemplo geol\u00f3gia moderna, las formas caprichosas que poseen maravillan a cuanto turista las visita. <\/span><\/p>\n<p style=\"text-align: justify;\"><span style=\"font-size: 16px; font-family: arial, helvetica, sans-serif;\">Hoy en d\u00eda varias de estas formaciones en la isla han sido cubiertas por la vegetaci\u00f3n end\u00e9mica que le da un contraste perfecto con paisajes oce\u00e1nicos. Por otro lado, <strong>Puerto Egas<\/strong> situada en el lado noroeste tiene una playa incre\u00edble con arena negra y con <strong>formaciones rocosas erosionadas<\/strong>. En el fondo hay un sendero que cruza hacia el interior seco donde se pueden ver restos de una mina de sal.<\/span><\/p>\n<div id=\"gallery_1\" class=\"gallery\">\n<div class=\"row gallery__items\">\n\t\t\t\t\t<div class=\"col-sm-4 gallery__item-wrap\" data-filterid=\"\">\n\t\t\t<a href=\"https:\/\/naturegalapagos.com\/es\/wp-content\/uploads\/sites\/3\/2014\/01\/Volcan-Sierra-Negra-Galapagos-Tour-View.jpg\" class=\"swipebox gallery__item\" title=\"Volc\u00e1n Sierra Negra\">\n\t\t\t\t<img decoding=\"async\" width=\"720\" height=\"480\" src=\"https:\/\/naturegalapagos.com\/es\/wp-content\/uploads\/sites\/3\/2014\/01\/Volcan-Sierra-Negra-Galapagos-Tour-View-720x480.jpg\" class=\"attachment-thumb_gallery size-thumb_gallery\" alt=\"Volc\u00e1n Sierra Negra\" srcset=\"https:\/\/naturegalapagos.com\/es\/wp-content\/uploads\/sites\/3\/2014\/01\/Volcan-Sierra-Negra-Galapagos-Tour-View-720x480.jpg 720w, https:\/\/naturegalapagos.com\/es\/wp-content\/uploads\/sites\/3\/2014\/01\/Volcan-Sierra-Negra-Galapagos-Tour-View-300x200.jpg 300w, https:\/\/naturegalapagos.com\/es\/wp-content\/uploads\/sites\/3\/2014\/01\/Volcan-Sierra-Negra-Galapagos-Tour-View-768x512.jpg 768w, https:\/\/naturegalapagos.com\/es\/wp-content\/uploads\/sites\/3\/2014\/01\/Volcan-Sierra-Negra-Galapagos-Tour-View-180x120.jpg 180w, https:\/\/naturegalapagos.com\/es\/wp-content\/uploads\/sites\/3\/2014\/01\/Volcan-Sierra-Negra-Galapagos-Tour-View-531x354.jpg 531w, https:\/\/naturegalapagos.com\/es\/wp-content\/uploads\/sites\/3\/2014\/01\/Volcan-Sierra-Negra-Galapagos-Tour-View.jpg 900w\" sizes=\"(max-width: 720px) 100vw, 720px\" \/>\t\t\t\t<span class=\"gallery__item__info\">\n\t\t\t\t\t<span class=\"gallery__item__info__content\">\n\t\t\t\t\t\t<span class=\"gallery__item__title\">Volc\u00e1n Sierra Negra<\/span>\n\t\t\t\t\t\t\t\t\t\t<\/span>\n\t\t\t\t\t<span class=\"gallery__item__shadow\"><\/span>\n\t\t\t\t<\/span>\n\t\t\t<\/a>\n\t\t<\/div>\n\t\t\t\t\t<div class=\"col-sm-4 gallery__item-wrap\" data-filterid=\"\">\n\t\t\t<a href=\"https:\/\/naturegalapagos.com\/es\/wp-content\/uploads\/sites\/3\/2018\/11\/sitios-a-visitar-en-10-dias-en-ecuador-costa.jpg\" class=\"swipebox gallery__item\" title=\"sitios a visitar en 10 dias en ecuador costa\">\n\t\t\t\t<img decoding=\"async\" width=\"720\" height=\"480\" src=\"https:\/\/naturegalapagos.com\/es\/wp-content\/uploads\/sites\/3\/2018\/11\/sitios-a-visitar-en-10-dias-en-ecuador-costa-720x480.jpg\" class=\"attachment-thumb_gallery size-thumb_gallery\" alt=\"sitios a visitar en 10 dias en ecuador costa\" srcset=\"https:\/\/naturegalapagos.com\/es\/wp-content\/uploads\/sites\/3\/2018\/11\/sitios-a-visitar-en-10-dias-en-ecuador-costa-720x480.jpg 720w, https:\/\/naturegalapagos.com\/es\/wp-content\/uploads\/sites\/3\/2018\/11\/sitios-a-visitar-en-10-dias-en-ecuador-costa-300x200.jpg 300w, https:\/\/naturegalapagos.com\/es\/wp-content\/uploads\/sites\/3\/2018\/11\/sitios-a-visitar-en-10-dias-en-ecuador-costa-768x512.jpg 768w, https:\/\/naturegalapagos.com\/es\/wp-content\/uploads\/sites\/3\/2018\/11\/sitios-a-visitar-en-10-dias-en-ecuador-costa-531x354.jpg 531w, https:\/\/naturegalapagos.com\/es\/wp-content\/uploads\/sites\/3\/2018\/11\/sitios-a-visitar-en-10-dias-en-ecuador-costa-600x400.jpg 600w, https:\/\/naturegalapagos.com\/es\/wp-content\/uploads\/sites\/3\/2018\/11\/sitios-a-visitar-en-10-dias-en-ecuador-costa-180x120.jpg 180w, https:\/\/naturegalapagos.com\/es\/wp-content\/uploads\/sites\/3\/2018\/11\/sitios-a-visitar-en-10-dias-en-ecuador-costa.jpg 1000w\" sizes=\"(max-width: 720px) 100vw, 720px\" \/>\t\t\t\t<span class=\"gallery__item__info\">\n\t\t\t\t\t<span class=\"gallery__item__info__content\">\n\t\t\t\t\t\t<span class=\"gallery__item__title\">sitios a visitar en 10 dias en ecuador costa<\/span>\n\t\t\t\t\t\t\t\t\t\t<\/span>\n\t\t\t\t\t<span class=\"gallery__item__shadow\"><\/span>\n\t\t\t\t<\/span>\n\t\t\t<\/a>\n\t\t<\/div>\n\t\t\t\t\t<div class=\"col-sm-4 gallery__item-wrap\" data-filterid=\"\">\n\t\t\t<a href=\"https:\/\/naturegalapagos.com\/es\/wp-content\/uploads\/sites\/3\/2018\/07\/escuela-de-buceo-galapagos-leon-marino.jpg\" class=\"swipebox gallery__item\" title=\"Escuela de Buceo Galapagos\">\n\t\t\t\t<img decoding=\"async\" width=\"720\" height=\"480\" src=\"https:\/\/naturegalapagos.com\/es\/wp-content\/uploads\/sites\/3\/2018\/07\/escuela-de-buceo-galapagos-leon-marino-720x480.jpg\" class=\"attachment-thumb_gallery size-thumb_gallery\" alt=\"Escuela de Buceo Galapagos\" srcset=\"https:\/\/naturegalapagos.com\/es\/wp-content\/uploads\/sites\/3\/2018\/07\/escuela-de-buceo-galapagos-leon-marino-720x480.jpg 720w, https:\/\/naturegalapagos.com\/es\/wp-content\/uploads\/sites\/3\/2018\/07\/escuela-de-buceo-galapagos-leon-marino-531x354.jpg 531w, https:\/\/naturegalapagos.com\/es\/wp-content\/uploads\/sites\/3\/2018\/07\/escuela-de-buceo-galapagos-leon-marino-180x120.jpg 180w\" sizes=\"(max-width: 720px) 100vw, 720px\" \/>\t\t\t\t<span class=\"gallery__item__info\">\n\t\t\t\t\t<span class=\"gallery__item__info__content\">\n\t\t\t\t\t\t<span class=\"gallery__item__title\">Escuela de Buceo Galapagos<\/span>\n\t\t\t\t\t\t\t\t\t\t<\/span>\n\t\t\t\t\t<span class=\"gallery__item__shadow\"><\/span>\n\t\t\t\t<\/span>\n\t\t\t<\/a>\n\t\t<\/div>\n\t<\/div>\n<\/div>\n<ul>\n<li><span style=\"font-size: 16px; font-family: arial, helvetica, sans-serif;\"><strong>Area<\/strong>: 585 km2<\/span><\/li>\n<li><span style=\"font-size: 16px; font-family: arial, helvetica, sans-serif;\"><strong>Altitud m\u00e1xima<\/strong>: 907ft<\/span><\/li>\n<li><span style=\"font-size: 16px; font-family: arial, helvetica, sans-serif;\"><strong>Caminata<\/strong>: F\u00e1cil a moderado, en la arena y de tierra de cenizas plana<\/span><\/li>\n<li><span style=\"font-size: 16px; font-family: arial, helvetica, sans-serif;\"><strong>Desembarco<\/strong>: Seco<\/span><\/li>\n<\/ul>\n<h3><span style=\"font-size: 20px; font-family: arial, helvetica, sans-serif;\"><strong style=\"line-height: 1.5;\">Vida Silvestre para ver<\/strong><\/span><\/h3>\n<p><span style=\"font-size: 16px; font-family: arial, helvetica, sans-serif;\">Por otro, lado isla Santiago cuenta con formaciones de lava, estas empiezan a cubrirse de plantas mollugo, as\u00ed mismo, se encuentra un bosque de manglares y una <strong>laguna con flamencos<\/strong>. El borde de la costa ofrece la posibilidad de ver organismos invertebrados, incluyendo erizos, pulpos y estrellas de mar.<\/span><\/p>\n<ul>\n<li><span style=\"font-size: 16px; font-family: arial, helvetica, sans-serif;\">Colonias del lobos marinos<\/span><\/li>\n<li><span style=\"font-size: 16px; font-family: arial, helvetica, sans-serif;\">Leones marinos<\/span><\/li>\n<li><span style=\"font-size: 16px; font-family: arial, helvetica, sans-serif;\">Iguanas marinas<\/span><\/li>\n<li><span style=\"font-size: 16px; font-family: arial, helvetica, sans-serif;\">Los halcones de Gal\u00e1pagos constituye una gran parte de la fauna Santiago<strong style=\"line-height: 1.5;\">.<\/strong><\/span><\/li>\n<\/ul>\n","protected":false},"excerpt":{"rendered":"<p>Isla Santiago Gal\u00e1pagos\u00a0&#8211; Breve Descripci\u00f3n: Esta Isla Santiago Gal\u00e1pagos\u00a0es de origen volc\u00e1nico, esta es una de las caracter\u00edsticas que la hacen famosa. Las formaciones geol\u00f3gicas asombran a todos los turistas y amantes de la geologia que la visitan. El flujo de lava de tipo pahoehoe dio origen a formaciones hace unos 100 a\u00f1os y constituye<\/p>\n<div class=\"padding-top text-center\"><a href=\"https:\/\/naturegalapagos.com\/es\/isla-santiago-galapagos-informacion\/\" class=\"atbtn atbtn--medium atbtn--rounded atbtn--transparent\">Leer m\u00e1s<i class=\"atbtn__icon atbtn__icon--right fa fa-long-arrow-right\"><\/i><\/a><\/div>\n","protected":false},"author":2,"featured_media":0,"parent":0,"menu_order":0,"comment_status":"closed","ping_status":"closed","template":"","meta":{"_joinchat":[],"footnotes":""},"class_list":["post-2472","page","type-page","status-publish","hentry"],"yoast_head":"<!-- This site is optimized with the Yoast SEO Premium plugin v25.6 (Yoast SEO v26.1.1) - https:\/\/yoast.com\/wordpress\/plugins\/seo\/ -->\n<title>Isla Santiago Gal\u00e1pagos - Nature Galapagos &amp; Ecuador<\/title>\n<meta name=\"description\" content=\"Isla Santiago Gal\u00e1pagos sus formaciones geol\u00f3gicas asombran a todos los turistas y amantes de la geolog\u00eda que la visitan. Ven y con\u00f3celas con nosotros.\" \/>\n<meta name=\"robots\" content=\"index, follow, max-snippet:-1, max-image-preview:large, max-video-preview:-1\" \/>\n<link rel=\"canonical\" href=\"https:\/\/naturegalapagos.com\/es\/isla-santiago-galapagos-informacion\/\" \/>\n<meta property=\"og:locale\" content=\"es_ES\" \/>\n<meta property=\"og:type\" content=\"article\" \/>\n<meta property=\"og:title\" content=\"Isla Santiago Gal\u00e1pagos - Nature Galapagos &amp; Ecuador\" \/>\n<meta property=\"og:description\" content=\"Isla Santiago Gal\u00e1pagos sus formaciones geol\u00f3gicas asombran a todos los turistas y amantes de la geolog\u00eda que la visitan. Ven y con\u00f3celas con nosotros.\" \/>\n<meta property=\"og:url\" content=\"https:\/\/naturegalapagos.com\/es\/isla-santiago-galapagos-informacion\/\" \/>\n<meta property=\"og:site_name\" content=\"Espa\u00f1ol - Nature Galapagos &amp; Ecuador\" \/>\n<meta property=\"article:publisher\" content=\"https:\/\/www.facebook.com\/naturegalapagosecuador\/\" \/>\n<meta property=\"article:modified_time\" content=\"2024-03-08T20:21:49+00:00\" \/>\n<meta property=\"og:image\" content=\"https:\/\/naturegalapagos.com\/es\/wp-content\/uploads\/sites\/3\/2016\/07\/isla-santiago-galapagos.jpg\" \/>\n\t<meta property=\"og:image:width\" content=\"1920\" \/>\n\t<meta property=\"og:image:height\" content=\"400\" \/>\n\t<meta property=\"og:image:type\" content=\"image\/jpeg\" \/>\n<meta name=\"twitter:card\" content=\"summary_large_image\" \/>\n<meta name=\"twitter:title\" content=\"Isla Santiago Gal\u00e1pagos - Nature Galapagos &amp; Ecuador\" \/>\n<meta name=\"twitter:description\" content=\"Isla Santiago Gal\u00e1pagos sus formaciones geol\u00f3gicas asombran a todos los turistas y amantes de la geolog\u00eda que la visitan. Ven y con\u00f3celas con nosotros.\" \/>\n<meta name=\"twitter:site\" content=\"@naturegalapagos\" \/>\n<meta name=\"twitter:label1\" content=\"Tiempo de lectura\" \/>\n\t<meta name=\"twitter:data1\" content=\"2 minutos\" \/>\n<!-- \/ Yoast SEO Premium plugin. -->","yoast_head_json":{"title":"Isla Santiago Gal\u00e1pagos - Nature Galapagos & Ecuador","description":"Isla Santiago Gal\u00e1pagos sus formaciones geol\u00f3gicas asombran a todos los turistas y amantes de la geolog\u00eda que la visitan. Ven y con\u00f3celas con nosotros.","robots":{"index":"index","follow":"follow","max-snippet":"max-snippet:-1","max-image-preview":"max-image-preview:large","max-video-preview":"max-video-preview:-1"},"canonical":"https:\/\/naturegalapagos.com\/es\/isla-santiago-galapagos-informacion\/","og_locale":"es_ES","og_type":"article","og_title":"Isla Santiago Gal\u00e1pagos - Nature Galapagos & Ecuador","og_description":"Isla Santiago Gal\u00e1pagos sus formaciones geol\u00f3gicas asombran a todos los turistas y amantes de la geolog\u00eda que la visitan. Ven y con\u00f3celas con nosotros.","og_url":"https:\/\/naturegalapagos.com\/es\/isla-santiago-galapagos-informacion\/","og_site_name":"Espa\u00f1ol - Nature Galapagos &amp; Ecuador","article_publisher":"https:\/\/www.facebook.com\/naturegalapagosecuador\/","article_modified_time":"2024-03-08T20:21:49+00:00","og_image":[{"width":1920,"height":400,"url":"https:\/\/naturegalapagos.com\/es\/wp-content\/uploads\/sites\/3\/2016\/07\/isla-santiago-galapagos.jpg","type":"image\/jpeg"}],"twitter_card":"summary_large_image","twitter_title":"Isla Santiago Gal\u00e1pagos - Nature Galapagos & Ecuador","twitter_description":"Isla Santiago Gal\u00e1pagos sus formaciones geol\u00f3gicas asombran a todos los turistas y amantes de la geolog\u00eda que la visitan. Ven y con\u00f3celas con nosotros.","twitter_site":"@naturegalapagos","twitter_misc":{"Tiempo de lectura":"2 minutos"},"schema":{"@context":"https:\/\/schema.org","@graph":[{"@type":"WebPage","@id":"https:\/\/naturegalapagos.com\/es\/isla-santiago-galapagos-informacion\/","url":"https:\/\/naturegalapagos.com\/es\/isla-santiago-galapagos-informacion\/","name":"Isla Santiago Gal\u00e1pagos - Nature Galapagos & Ecuador","isPartOf":{"@id":"https:\/\/naturegalapagos.com\/es\/#website"},"datePublished":"2015-05-04T20:03:17+00:00","dateModified":"2024-03-08T20:21:49+00:00","description":"Isla Santiago Gal\u00e1pagos sus formaciones geol\u00f3gicas asombran a todos los turistas y amantes de la geolog\u00eda que la visitan. Ven y con\u00f3celas con nosotros.","breadcrumb":{"@id":"https:\/\/naturegalapagos.com\/es\/isla-santiago-galapagos-informacion\/#breadcrumb"},"inLanguage":"es","potentialAction":[{"@type":"ReadAction","target":["https:\/\/naturegalapagos.com\/es\/isla-santiago-galapagos-informacion\/"]}]},{"@type":"BreadcrumbList","@id":"https:\/\/naturegalapagos.com\/es\/isla-santiago-galapagos-informacion\/#breadcrumb","itemListElement":[{"@type":"ListItem","position":1,"name":"Home","item":"https:\/\/naturegalapagos.com\/es\/"},{"@type":"ListItem","position":2,"name":"Isla Santiago Gal\u00e1pagos"}]},{"@type":"WebSite","@id":"https:\/\/naturegalapagos.com\/es\/#website","url":"https:\/\/naturegalapagos.com\/es\/","name":"Espa\u00f1ol - Nature Galapagos & Ecuador","description":"","publisher":{"@id":"https:\/\/naturegalapagos.com\/es\/#organization"},"potentialAction":[{"@type":"SearchAction","target":{"@type":"EntryPoint","urlTemplate":"https:\/\/naturegalapagos.com\/es\/?s={search_term_string}"},"query-input":{"@type":"PropertyValueSpecification","valueRequired":true,"valueName":"search_term_string"}}],"inLanguage":"es"},{"@type":"Organization","@id":"https:\/\/naturegalapagos.com\/es\/#organization","name":"Espa\u00f1ol - Nature Galapagos & Ecuador","url":"https:\/\/naturegalapagos.com\/es\/","logo":{"@type":"ImageObject","inLanguage":"es","@id":"https:\/\/naturegalapagos.com\/es\/#\/schema\/logo\/image\/","url":"https:\/\/naturegalapagos.com\/es\/wp-content\/uploads\/sites\/3\/2016\/10\/Nature-Galapagos-Logo-COM-300x300.jpg","contentUrl":"https:\/\/naturegalapagos.com\/es\/wp-content\/uploads\/sites\/3\/2016\/10\/Nature-Galapagos-Logo-COM-300x300.jpg","width":300,"height":300,"caption":"Espa\u00f1ol - Nature Galapagos & Ecuador"},"image":{"@id":"https:\/\/naturegalapagos.com\/es\/#\/schema\/logo\/image\/"},"sameAs":["https:\/\/www.facebook.com\/naturegalapagosecuador\/","https:\/\/x.com\/naturegalapagos","https:\/\/www.instagram.com\/naturegalapagos\/","https:\/\/www.pinterest.com\/Naturegalapagos\/","https:\/\/www.youtube.com\/user\/NatureGalapagosTours"]}]}},"_links":{"self":[{"href":"https:\/\/naturegalapagos.com\/es\/wp-json\/wp\/v2\/pages\/2472","targetHints":{"allow":["GET"]}}],"collection":[{"href":"https:\/\/naturegalapagos.com\/es\/wp-json\/wp\/v2\/pages"}],"about":[{"href":"https:\/\/naturegalapagos.com\/es\/wp-json\/wp\/v2\/types\/page"}],"author":[{"embeddable":true,"href":"https:\/\/naturegalapagos.com\/es\/wp-json\/wp\/v2\/users\/2"}],"replies":[{"embeddable":true,"href":"https:\/\/naturegalapagos.com\/es\/wp-json\/wp\/v2\/comments?post=2472"}],"version-history":[{"count":0,"href":"https:\/\/naturegalapagos.com\/es\/wp-json\/wp\/v2\/pages\/2472\/revisions"}],"wp:attachment":[{"href":"https:\/\/naturegalapagos.com\/es\/wp-json\/wp\/v2\/media?parent=2472"}],"curies":[{"name":"wp","href":"https:\/\/api.w.org\/{rel}","templated":true}]}}