{"id":2476,"date":"2015-04-29T20:55:34","date_gmt":"2015-04-29T20:55:34","guid":{"rendered":"http:\/\/naturegalapagos.com\/es\/?page_id=2476"},"modified":"2024-08-29T16:06:00","modified_gmt":"2024-08-29T20:06:00","slug":"isla-sombrero-chino-galapagos-informacion","status":"publish","type":"page","link":"https:\/\/naturegalapagos.com\/es\/isla-sombrero-chino-galapagos-informacion\/","title":{"rendered":"Isla Sombrero Chino Gal\u00e1pagos Informaci\u00f3n"},"content":{"rendered":"<h2><span style=\"font-size: 24px; font-family: arial, helvetica, sans-serif;\"><strong>Isla Sombrero Chino\u00a0Gal\u00e1pagos<\/strong><strong>\u00a0&#8211; Breve\u00a0<span style=\"line-height: 20px;\">Descripci\u00f3n<\/span>:<br \/>\n<\/strong><\/span><\/h2>\n<hr \/>\n<p style=\"text-align: justify;\"><span style=\"font-size: 16px; font-family: arial, helvetica, sans-serif;\">La <strong>Isla Sombrero Chino<\/strong> Gal\u00e1pagos toma su nombre de un cono volc\u00e1nico miniatura parecido en su forma a un sombrero de Chino. Su espectacular <strong>playa de arena blanca<\/strong> de coral constituye uno de los paisajes m\u00e1s bellos de las Islas Gal\u00e1pagos. Entre las experiencias que esta isla ofrece est\u00e1n las <strong>formaciones de lava<\/strong>, salpicaduras, conos y <strong>tubos de lava<\/strong>. Esta es una de las islas m\u00e1s incre\u00edbles para el buceo y snorkeling.<\/span><\/p>\n<div id=\"swiper1\" class=\"atgrid atgrid--with-image padding-top-large padding-bottom-large\">\n\t<div class=\"atgrid__bg\" style=\"background:url(http:\/\/adventure-tours.themedelight.com\/wp-content\/uploads\/2015\/07\/most-popular-bg.jpg) no-repeat center\"><\/div>\n<div class=\"title title--big title--center title--decoration-bottom-center\">\n\t<div class=\"title__subtitle\">Take a Look at Our<\/div>\n<h3 class=\"title__primary\">Most Popular Tours<\/h3><\/div>\n\t<div class=\"atgrid__slider\">\n\t\t<div class=\"atgrid__slider__controls\">\n\t\t\t<a class=\"atgrid__slider__prev\" href=\"#\"><i class=\"fa fa-chevron-left\"><\/i><\/a>\n\t\t\t<a class=\"atgrid__slider__next\" href=\"#\"><i class=\"fa fa-chevron-right\"><\/i><\/a>\n\t\t<\/div>\n\n\t\t<div class=\"swiper-container swiper-slider atgrid__slider__container\">\n\t\t\t<div class=\"swiper-wrapper\">\n\t\t\t\t\t\t\t\t\t\t<div class=\"swiper-slide\">\n\t\t\t\t\t<div class=\"atgrid__item\">\n\t\t\t\t\t\t<div class=\"atgrid__item__top\">\n\t\t\t\t\t\t\t<a href=\"https:\/\/naturegalapagos.com\/es\/buceo-galapagos\/buceo-galapagos-precios-north-seymour\/\" class=\"atgrid__item__top__image\"><img decoding=\"async\" width=\"360\" height=\"240\" src=\"https:\/\/naturegalapagos.com\/es\/wp-content\/uploads\/sites\/3\/2014\/12\/buceo-en-gal\u00e1pagos-precios-seymour-360x240.jpg\" class=\"attachment-thumb_tour_listing_small size-thumb_tour_listing_small wp-post-image\" alt=\"Buceo En Gal\u00e1pagos Precios Seymour\" srcset=\"https:\/\/naturegalapagos.com\/es\/wp-content\/uploads\/sites\/3\/2014\/12\/buceo-en-gal\u00e1pagos-precios-seymour-360x240.jpg 360w, https:\/\/naturegalapagos.com\/es\/wp-content\/uploads\/sites\/3\/2014\/12\/buceo-en-gal\u00e1pagos-precios-seymour-531x354.jpg 531w, https:\/\/naturegalapagos.com\/es\/wp-content\/uploads\/sites\/3\/2014\/12\/buceo-en-gal\u00e1pagos-precios-seymour-270x180.jpg 270w, https:\/\/naturegalapagos.com\/es\/wp-content\/uploads\/sites\/3\/2014\/12\/buceo-en-gal\u00e1pagos-precios-seymour-720x480.jpg 720w\" sizes=\"(max-width: 360px) 100vw, 360px\" \/><\/a>\t\t\t\t\t\t\t\t\t\t\t\t\t\t\t\t\t\t\t\t\t\t\t\t\t\t\t\t<div class=\"atgrid__item__icons\"><a href=\"https:\/\/naturegalapagos.com\/es\/tour-category\/tours-diarios-de-buceo\/\"><i data-toggle=\"tooltip\" title=\"Tours Diarios de Buceo\" class=\"td-scuba-1\"><\/i><\/a><\/div>\t\t\t\t\t\t<\/div>\n\n\t\t\t\t\t\t<div class=\"atgrid__item__content\">\n\t\t\t\t\t\t\t<h3 class=\"atgrid__item__title\"><a href=\"https:\/\/naturegalapagos.com\/es\/buceo-galapagos\/buceo-galapagos-precios-north-seymour\/\">Tour diario buceo en North Seymour<\/a><\/h3>\n\t\t\t\t\t\t\t\t\t\t\t\t\t<div class=\"atgrid__item__description\">Nuestro Tour diario Galapagos Buceo \u2013 Sum\u00e9rgete<\/div>\n\t\t\t\t\t\t\t\t\t\t\t\t<\/div>\n\t\t\t\t\t\t<div class=\"item-attributes\">\n\t\t\t\t\t\t\t<div class=\"item-attributes__item\"><div class=\"item-attributes__item__content\"><div class=\"item-attributes__item__content__item\"><i class=\"td-backpack\"><\/i><\/div><div class=\"item-attributes__item__content__item item-attributes__item__content__item--text\"><span>Aventura Sencilla<\/span><\/div><\/div><\/div><div class=\"item-attributes__item\"><div class=\"item-attributes__item__content\"><div class=\"item-attributes__item__content__item\"><i class=\"td-calendar-1\"><\/i><\/div><div class=\"item-attributes__item__content__item item-attributes__item__content__item--text\"><span>Todos los D\u00edas<\/span><\/div><\/div><\/div>\t\t\t\t\t\t\t<div class=\"item-attributes__item\">\n\t\t\t\t\t\t\t\t<a href=\"https:\/\/naturegalapagos.com\/es\/buceo-galapagos\/buceo-galapagos-precios-north-seymour\/\" class=\"item-attributes__link\"><i class=\"fa fa-long-arrow-right\"><\/i><\/a>\n\t\t\t\t\t\t\t<\/div>\n\t\t\t\t\t\t<\/div>\n\t\t\t\t\t<\/div>\n\t\t\t\t<\/div>\n\t\t\t\t\t\t\t\t\t\t<div class=\"swiper-slide\">\n\t\t\t\t\t<div class=\"atgrid__item\">\n\t\t\t\t\t\t<div class=\"atgrid__item__top\">\n\t\t\t\t\t\t\t<a href=\"https:\/\/naturegalapagos.com\/es\/tours-en-galapagos\/santa-fe-galapagos\/\" class=\"atgrid__item__top__image\"><img decoding=\"async\" width=\"360\" height=\"240\" src=\"https:\/\/naturegalapagos.com\/es\/wp-content\/uploads\/sites\/3\/2016\/10\/Santa-Fe-Galapagos-360x240.jpg\" class=\"attachment-thumb_tour_listing_small size-thumb_tour_listing_small wp-post-image\" alt=\"Tour diario a la isla Santa Fe Galapagos\" srcset=\"https:\/\/naturegalapagos.com\/es\/wp-content\/uploads\/sites\/3\/2016\/10\/Santa-Fe-Galapagos-360x240.jpg 360w, https:\/\/naturegalapagos.com\/es\/wp-content\/uploads\/sites\/3\/2016\/10\/Santa-Fe-Galapagos-531x354.jpg 531w, https:\/\/naturegalapagos.com\/es\/wp-content\/uploads\/sites\/3\/2016\/10\/Santa-Fe-Galapagos-270x180.jpg 270w\" sizes=\"(max-width: 360px) 100vw, 360px\" \/><\/a>\t\t\t\t\t\t\t<div class=\"atgrid__item__angle-wrap\"><div class=\"atgrid__item__angle\" style=\"background-color:#c8d400\">M\u00e1s Informaci\u00f3n!<\/div><\/div>\t\t\t\t\t\t\t\t\t\t\t\t\t\t\t\t\t\t\t\t\t<div class=\"atgrid__item__icons\"><a href=\"https:\/\/naturegalapagos.com\/es\/tour-category\/tours-en-galapagos\/\"><i data-toggle=\"tooltip\" title=\"Tours en Galapagos\" class=\"td-turtle\"><\/i><\/a><\/div>\t\t\t\t\t\t<\/div>\n\n\t\t\t\t\t\t<div class=\"atgrid__item__content\">\n\t\t\t\t\t\t\t<h3 class=\"atgrid__item__title\"><a href=\"https:\/\/naturegalapagos.com\/es\/tours-en-galapagos\/santa-fe-galapagos\/\">Tour diario a la Isla Santa Fe<\/a><\/h3>\n\t\t\t\t\t\t\t\t\t\t\t\t\t<div class=\"atgrid__item__description\">&nbsp; Es una peque\u00f1a Isla de 24<\/div>\n\t\t\t\t\t\t\t\t\t\t\t\t<\/div>\n\t\t\t\t\t\t<div class=\"item-attributes\">\n\t\t\t\t\t\t\t<div class=\"item-attributes__item\"><div class=\"item-attributes__item__content\"><div class=\"item-attributes__item__content__item\"><i class=\"td-backpack\"><\/i><\/div><div class=\"item-attributes__item__content__item item-attributes__item__content__item--text\"><span>Aventura Sencilla<\/span><\/div><\/div><\/div><div class=\"item-attributes__item\"><div class=\"item-attributes__item__content\"><div class=\"item-attributes__item__content__item\"><i class=\"td-calendar-1\"><\/i><\/div><div class=\"item-attributes__item__content__item item-attributes__item__content__item--text\"><span>Domingos<\/span><\/div><\/div><\/div>\t\t\t\t\t\t\t<div class=\"item-attributes__item\">\n\t\t\t\t\t\t\t\t<a href=\"https:\/\/naturegalapagos.com\/es\/tours-en-galapagos\/santa-fe-galapagos\/\" class=\"item-attributes__link\"><i class=\"fa fa-long-arrow-right\"><\/i><\/a>\n\t\t\t\t\t\t\t<\/div>\n\t\t\t\t\t\t<\/div>\n\t\t\t\t\t<\/div>\n\t\t\t\t<\/div>\n\t\t\t\t\t\t\t\t\t\t<div class=\"swiper-slide\">\n\t\t\t\t\t<div class=\"atgrid__item\">\n\t\t\t\t\t\t<div class=\"atgrid__item__top\">\n\t\t\t\t\t\t\t<a href=\"https:\/\/naturegalapagos.com\/es\/tours-en-galapagos\/tour-leon-dormido-galapagos\/\" class=\"atgrid__item__top__image\"><img decoding=\"async\" width=\"360\" height=\"240\" src=\"https:\/\/naturegalapagos.com\/es\/wp-content\/uploads\/sites\/3\/2017\/08\/Tour-Leon-Dormido-Galapagos-360x240.jpg\" class=\"attachment-thumb_tour_listing_small size-thumb_tour_listing_small wp-post-image\" alt=\"our Leon Dormido Galapagos\" srcset=\"https:\/\/naturegalapagos.com\/es\/wp-content\/uploads\/sites\/3\/2017\/08\/Tour-Leon-Dormido-Galapagos-360x240.jpg 360w, https:\/\/naturegalapagos.com\/es\/wp-content\/uploads\/sites\/3\/2017\/08\/Tour-Leon-Dormido-Galapagos-180x120.jpg 180w, https:\/\/naturegalapagos.com\/es\/wp-content\/uploads\/sites\/3\/2017\/08\/Tour-Leon-Dormido-Galapagos-531x354.jpg 531w, https:\/\/naturegalapagos.com\/es\/wp-content\/uploads\/sites\/3\/2017\/08\/Tour-Leon-Dormido-Galapagos-270x180.jpg 270w\" sizes=\"(max-width: 360px) 100vw, 360px\" \/><\/a>\t\t\t\t\t\t\t<div class=\"atgrid__item__angle-wrap\"><div class=\"atgrid__item__angle\" style=\"background-color:#c8d400\">M\u00e1s Informaci\u00f3n!<\/div><\/div>\t\t\t\t\t\t\t<div class=\"atgrid__item__price\"><a href=\"https:\/\/naturegalapagos.com\/es\/tours-en-galapagos\/tour-leon-dormido-galapagos\/\" class=\"atgrid__item__price__button\"><span class=\"woocommerce-Price-amount amount\"><bdi><span class=\"woocommerce-Price-currencySymbol\">&#36;<\/span>181<\/bdi><\/span><\/a><\/div>\t\t\t\t\t\t\t\t\t\t\t\t\t\t<div class=\"atgrid__item__icons\"><a href=\"https:\/\/naturegalapagos.com\/es\/tour-category\/tours-en-galapagos\/\"><i data-toggle=\"tooltip\" title=\"Tours en Galapagos\" class=\"td-turtle\"><\/i><\/a><\/div>\t\t\t\t\t\t<\/div>\n\n\t\t\t\t\t\t<div class=\"atgrid__item__content\">\n\t\t\t\t\t\t\t<h3 class=\"atgrid__item__title\"><a href=\"https:\/\/naturegalapagos.com\/es\/tours-en-galapagos\/tour-leon-dormido-galapagos\/\">Tour Leon Dormido Galapagos<\/a><\/h3>\n\t\t\t\t\t\t\t\t\t\t\t\t\t<div class=\"atgrid__item__description\">Tour Leon Dormido Galapagos desde San Crist\u00f3bal.<\/div>\n\t\t\t\t\t\t\t\t\t\t\t\t<\/div>\n\t\t\t\t\t\t<div class=\"item-attributes\">\n\t\t\t\t\t\t\t<div class=\"item-attributes__item\"><div class=\"item-attributes__item__content\"><div class=\"item-attributes__item__content__item\"><i class=\"td-clock-2\"><\/i><\/div><div class=\"item-attributes__item__content__item item-attributes__item__content__item--text\"><span>7 &#8211; 8 horas<\/span><\/div><\/div><\/div><div class=\"item-attributes__item\"><div class=\"item-attributes__item__content\"><div class=\"item-attributes__item__content__item\"><i class=\"td-map-marker\"><\/i><\/div><div class=\"item-attributes__item__content__item item-attributes__item__content__item--text\"><span>San Cristobal<\/span><\/div><\/div><\/div>\t\t\t\t\t\t\t<div class=\"item-attributes__item\">\n\t\t\t\t\t\t\t\t<a href=\"https:\/\/naturegalapagos.com\/es\/tours-en-galapagos\/tour-leon-dormido-galapagos\/\" class=\"item-attributes__link\"><i class=\"fa fa-long-arrow-right\"><\/i><\/a>\n\t\t\t\t\t\t\t<\/div>\n\t\t\t\t\t\t<\/div>\n\t\t\t\t\t<\/div>\n\t\t\t\t<\/div>\n\t\t\t\t\t\t\t\t\t<\/div><!-- .swiper-wrapper -->\n\t\t<\/div><!-- .swiper-container -->\n\t<\/div><!-- .atgrid__slider  -->\n<\/div><!-- .atgrid -->\n\n<ul>\n<li><span style=\"font-size: 16px; font-family: arial, helvetica, sans-serif;\"><strong>Area<\/strong>: 0.280 km2<\/span><\/li>\n<li><span style=\"font-size: 16px; font-family: arial, helvetica, sans-serif;\"><strong>Desembarco<\/strong>: En agua<\/span><\/li>\n<li><span style=\"font-size: 16px; font-family: arial, helvetica, sans-serif;\"><strong>Poblaci\u00f3n humana<\/strong>: 0<\/span><\/li>\n<li><span style=\"font-size: 16px; font-family: arial, helvetica, sans-serif;\"><strong>Nivel de dificultad<\/strong>: F\u00e1cil, en formaciones de lava<\/span><\/li>\n<\/ul>\n<h3 style=\"text-align: justify;\"><span style=\"font-size: 20px; font-family: arial, helvetica, sans-serif;\"><strong>Vida Silvestre en la isla Sombrero Chino<\/strong><\/span><\/h3>\n<div id=\"gallery_1\" class=\"gallery\">\n<div class=\"row gallery__items\">\n\t\t\t\t\t<div class=\"col-sm-4 gallery__item-wrap\" data-filterid=\"\">\n\t\t\t<a href=\"https:\/\/naturegalapagos.com\/es\/wp-content\/uploads\/sites\/3\/2016\/12\/Se\u00f1orita-Mendez-Snorkeling.jpg\" class=\"swipebox gallery__item\" title=\"El viaje de Srita Mendez en Ecuador y Gal\u00e1pagos\">\n\t\t\t\t<img decoding=\"async\" width=\"720\" height=\"480\" src=\"https:\/\/naturegalapagos.com\/es\/wp-content\/uploads\/sites\/3\/2016\/12\/Se\u00f1orita-Mendez-Snorkeling-720x480.jpg\" class=\"attachment-thumb_gallery size-thumb_gallery\" alt=\"Snorkel en la isla Floreana\" srcset=\"https:\/\/naturegalapagos.com\/es\/wp-content\/uploads\/sites\/3\/2016\/12\/Se\u00f1orita-Mendez-Snorkeling-720x480.jpg 720w, https:\/\/naturegalapagos.com\/es\/wp-content\/uploads\/sites\/3\/2016\/12\/Se\u00f1orita-Mendez-Snorkeling-300x200.jpg 300w, https:\/\/naturegalapagos.com\/es\/wp-content\/uploads\/sites\/3\/2016\/12\/Se\u00f1orita-Mendez-Snorkeling-768x512.jpg 768w, https:\/\/naturegalapagos.com\/es\/wp-content\/uploads\/sites\/3\/2016\/12\/Se\u00f1orita-Mendez-Snorkeling-531x354.jpg 531w, https:\/\/naturegalapagos.com\/es\/wp-content\/uploads\/sites\/3\/2016\/12\/Se\u00f1orita-Mendez-Snorkeling-270x180.jpg 270w, https:\/\/naturegalapagos.com\/es\/wp-content\/uploads\/sites\/3\/2016\/12\/Se\u00f1orita-Mendez-Snorkeling-360x240.jpg 360w, https:\/\/naturegalapagos.com\/es\/wp-content\/uploads\/sites\/3\/2016\/12\/Se\u00f1orita-Mendez-Snorkeling.jpg 900w\" sizes=\"(max-width: 720px) 100vw, 720px\" \/>\t\t\t\t<span class=\"gallery__item__info\">\n\t\t\t\t\t<span class=\"gallery__item__info__content\">\n\t\t\t\t\t\t<span class=\"gallery__item__title\">El viaje de Srita Mendez en Ecuador y Gal\u00e1pagos<\/span>\n\t\t\t\t\t\t\t\t\t\t<\/span>\n\t\t\t\t\t<span class=\"gallery__item__shadow\"><\/span>\n\t\t\t\t<\/span>\n\t\t\t<\/a>\n\t\t<\/div>\n\t\t\t\t\t<div class=\"col-sm-4 gallery__item-wrap\" data-filterid=\"\">\n\t\t\t<a href=\"https:\/\/naturegalapagos.com\/es\/wp-content\/uploads\/sites\/3\/2024\/01\/aqua-diving1.jpg\" class=\"swipebox gallery__item\" title=\"Buceo con peces\">\n\t\t\t\t<img decoding=\"async\" width=\"720\" height=\"480\" src=\"https:\/\/naturegalapagos.com\/es\/wp-content\/uploads\/sites\/3\/2024\/01\/aqua-diving1-720x480.jpg\" class=\"attachment-thumb_gallery size-thumb_gallery\" alt=\"Buceo con peces en el crucero de Buceo Aqua Galapagos\" srcset=\"https:\/\/naturegalapagos.com\/es\/wp-content\/uploads\/sites\/3\/2024\/01\/aqua-diving1-720x480.jpg 720w, https:\/\/naturegalapagos.com\/es\/wp-content\/uploads\/sites\/3\/2024\/01\/aqua-diving1-531x354.jpg 531w, https:\/\/naturegalapagos.com\/es\/wp-content\/uploads\/sites\/3\/2024\/01\/aqua-diving1-180x120.jpg 180w\" sizes=\"(max-width: 720px) 100vw, 720px\" \/>\t\t\t\t<span class=\"gallery__item__info\">\n\t\t\t\t\t<span class=\"gallery__item__info__content\">\n\t\t\t\t\t\t<span class=\"gallery__item__title\">Buceo con peces<\/span>\n\t\t\t\t\t\t\t\t\t\t<\/span>\n\t\t\t\t\t<span class=\"gallery__item__shadow\"><\/span>\n\t\t\t\t<\/span>\n\t\t\t<\/a>\n\t\t<\/div>\n\t\t\t\t\t<div class=\"col-sm-4 gallery__item-wrap\" data-filterid=\"\">\n\t\t\t<a href=\"https:\/\/naturegalapagos.com\/es\/wp-content\/uploads\/sites\/3\/2024\/01\/buceo-con-iguanas.jpg\" class=\"swipebox gallery__item\" title=\"buceo con iguanas\">\n\t\t\t\t<img decoding=\"async\" width=\"720\" height=\"480\" src=\"https:\/\/naturegalapagos.com\/es\/wp-content\/uploads\/sites\/3\/2024\/01\/buceo-con-iguanas-720x480.jpg\" class=\"attachment-thumb_gallery size-thumb_gallery\" alt=\"Buceo con iguanas marinas en Galaxy Diver II\" srcset=\"https:\/\/naturegalapagos.com\/es\/wp-content\/uploads\/sites\/3\/2024\/01\/buceo-con-iguanas-720x480.jpg 720w, https:\/\/naturegalapagos.com\/es\/wp-content\/uploads\/sites\/3\/2024\/01\/buceo-con-iguanas-300x200.jpg 300w, https:\/\/naturegalapagos.com\/es\/wp-content\/uploads\/sites\/3\/2024\/01\/buceo-con-iguanas-768x511.jpg 768w, https:\/\/naturegalapagos.com\/es\/wp-content\/uploads\/sites\/3\/2024\/01\/buceo-con-iguanas-531x354.jpg 531w, https:\/\/naturegalapagos.com\/es\/wp-content\/uploads\/sites\/3\/2024\/01\/buceo-con-iguanas-600x399.jpg 600w, https:\/\/naturegalapagos.com\/es\/wp-content\/uploads\/sites\/3\/2024\/01\/buceo-con-iguanas-180x120.jpg 180w, https:\/\/naturegalapagos.com\/es\/wp-content\/uploads\/sites\/3\/2024\/01\/buceo-con-iguanas.jpg 857w\" sizes=\"(max-width: 720px) 100vw, 720px\" \/>\t\t\t\t<span class=\"gallery__item__info\">\n\t\t\t\t\t<span class=\"gallery__item__info__content\">\n\t\t\t\t\t\t<span class=\"gallery__item__title\">buceo con iguanas<\/span>\n\t\t\t\t\t\t\t\t\t\t<\/span>\n\t\t\t\t\t<span class=\"gallery__item__shadow\"><\/span>\n\t\t\t\t<\/span>\n\t\t\t<\/a>\n\t\t<\/div>\n\t<\/div>\n<\/div>\n<p style=\"text-align: justify;\"><span style=\"font-size: 16px; font-family: arial, helvetica, sans-serif;\">Sombrero chino tiene vegetaci\u00f3n tolerante costera de agua salada, como el <strong>Palo Santo<\/strong>. Este sitio es perfecto para ver:<\/span><\/p>\n<ul>\n<li style=\"text-align: justify;\"><span style=\"font-size: 16px; font-family: arial, helvetica, sans-serif;\">Lagartijas de lava<\/span><\/li>\n<li style=\"text-align: justify;\"><span style=\"font-size: 16px; font-family: arial, helvetica, sans-serif;\">Iguanas marinas<\/span><\/li>\n<li style=\"text-align: justify;\"><span style=\"font-size: 16px; font-family: arial, helvetica, sans-serif;\">Cangrejos Sally Lightfoot<\/span><\/li>\n<li style=\"text-align: justify;\"><span style=\"font-size: 16px; font-family: arial, helvetica, sans-serif;\">Aves costeras<\/span><\/li>\n<li style=\"text-align: justify;\"><span style=\"font-size: 16px; font-family: arial, helvetica, sans-serif;\">Lobos marinos y ping\u00fcinos esporadicamente.<\/span><\/li>\n<\/ul>\n<p style=\"text-align: justify;\"><span style=\"font-size: 16px; font-family: arial, helvetica, sans-serif;\">Estos son parte de la vida de la fauna de esta isla.<\/span><\/p>\n","protected":false},"excerpt":{"rendered":"<p>Isla Sombrero Chino\u00a0Gal\u00e1pagos\u00a0&#8211; Breve\u00a0Descripci\u00f3n: La Isla Sombrero Chino Gal\u00e1pagos toma su nombre de un cono volc\u00e1nico miniatura parecido en su forma a un sombrero de Chino. Su espectacular playa de arena blanca de coral constituye uno de los paisajes m\u00e1s bellos de las Islas Gal\u00e1pagos. Entre las experiencias que esta isla ofrece est\u00e1n las formaciones<\/p>\n<div class=\"padding-top text-center\"><a href=\"https:\/\/naturegalapagos.com\/es\/tours-en-galapagos\/tour-leon-dormido-galapagos\/\" class=\"atbtn atbtn--medium atbtn--rounded atbtn--transparent\">Leer m\u00e1s<i class=\"atbtn__icon atbtn__icon--right fa fa-long-arrow-right\"><\/i><\/a><\/div>\n","protected":false},"author":2,"featured_media":0,"parent":0,"menu_order":0,"comment_status":"closed","ping_status":"closed","template":"","meta":{"_joinchat":[],"footnotes":""},"class_list":["post-2476","page","type-page","status-publish","hentry"],"yoast_head":"<!-- This site is optimized with the Yoast SEO Premium plugin v25.6 (Yoast SEO v26.1.1) - https:\/\/yoast.com\/wordpress\/plugins\/seo\/ -->\n<title>Isla Sombrero Chino Gal\u00e1pagos - Nature Galapagos &amp; Ecuador<\/title>\n<meta name=\"description\" content=\"La Isla Sombrero Chino Gal\u00e1pagos toma su nombre de un cono volc\u00e1nico miniatura parecido a un sombrero de chino. Visita su espectacular playa con nosotros.\" \/>\n<meta name=\"robots\" content=\"index, follow, max-snippet:-1, max-image-preview:large, max-video-preview:-1\" \/>\n<link rel=\"canonical\" href=\"https:\/\/naturegalapagos.com\/es\/isla-sombrero-chino-galapagos-informacion\/\" \/>\n<meta property=\"og:locale\" content=\"es_ES\" \/>\n<meta property=\"og:type\" content=\"article\" \/>\n<meta property=\"og:title\" content=\"Isla Sombrero Chino Gal\u00e1pagos - Nature Galapagos &amp; Ecuador\" \/>\n<meta property=\"og:description\" content=\"La Isla Sombrero Chino Gal\u00e1pagos toma su nombre de un cono volc\u00e1nico miniatura parecido a un sombrero de chino. Visita su espectacular playa con nosotros.\" \/>\n<meta property=\"og:url\" content=\"https:\/\/naturegalapagos.com\/es\/isla-sombrero-chino-galapagos-informacion\/\" \/>\n<meta property=\"og:site_name\" content=\"Espa\u00f1ol - Nature Galapagos &amp; Ecuador\" \/>\n<meta property=\"article:publisher\" content=\"https:\/\/www.facebook.com\/naturegalapagosecuador\/\" \/>\n<meta property=\"article:modified_time\" content=\"2024-08-29T20:06:00+00:00\" \/>\n<meta property=\"og:image\" content=\"https:\/\/naturegalapagos.com\/es\/wp-content\/uploads\/sites\/3\/2015\/04\/Isla-Sombrero-Chino-Galapagos.jpg\" \/>\n\t<meta property=\"og:image:width\" content=\"1920\" \/>\n\t<meta property=\"og:image:height\" content=\"400\" \/>\n\t<meta property=\"og:image:type\" content=\"image\/jpeg\" \/>\n<meta name=\"twitter:card\" content=\"summary_large_image\" \/>\n<meta name=\"twitter:title\" content=\"Isla Sombrero Chino Gal\u00e1pagos - Nature Galapagos &amp; Ecuador\" \/>\n<meta name=\"twitter:description\" content=\"La Isla Sombrero Chino Gal\u00e1pagos toma su nombre de un cono volc\u00e1nico miniatura parecido a un sombrero de chino. Visita su espectacular playa con nosotros.\" \/>\n<meta name=\"twitter:site\" content=\"@naturegalapagos\" \/>\n<meta name=\"twitter:label1\" content=\"Tiempo de lectura\" \/>\n\t<meta name=\"twitter:data1\" content=\"1 minuto\" \/>\n<!-- \/ Yoast SEO Premium plugin. -->","yoast_head_json":{"title":"Isla Sombrero Chino Gal\u00e1pagos - Nature Galapagos & Ecuador","description":"La Isla Sombrero Chino Gal\u00e1pagos toma su nombre de un cono volc\u00e1nico miniatura parecido a un sombrero de chino. Visita su espectacular playa con nosotros.","robots":{"index":"index","follow":"follow","max-snippet":"max-snippet:-1","max-image-preview":"max-image-preview:large","max-video-preview":"max-video-preview:-1"},"canonical":"https:\/\/naturegalapagos.com\/es\/isla-sombrero-chino-galapagos-informacion\/","og_locale":"es_ES","og_type":"article","og_title":"Isla Sombrero Chino Gal\u00e1pagos - Nature Galapagos & Ecuador","og_description":"La Isla Sombrero Chino Gal\u00e1pagos toma su nombre de un cono volc\u00e1nico miniatura parecido a un sombrero de chino. Visita su espectacular playa con nosotros.","og_url":"https:\/\/naturegalapagos.com\/es\/isla-sombrero-chino-galapagos-informacion\/","og_site_name":"Espa\u00f1ol - Nature Galapagos &amp; Ecuador","article_publisher":"https:\/\/www.facebook.com\/naturegalapagosecuador\/","article_modified_time":"2024-08-29T20:06:00+00:00","og_image":[{"width":1920,"height":400,"url":"https:\/\/naturegalapagos.com\/es\/wp-content\/uploads\/sites\/3\/2015\/04\/Isla-Sombrero-Chino-Galapagos.jpg","type":"image\/jpeg"}],"twitter_card":"summary_large_image","twitter_title":"Isla Sombrero Chino Gal\u00e1pagos - Nature Galapagos & Ecuador","twitter_description":"La Isla Sombrero Chino Gal\u00e1pagos toma su nombre de un cono volc\u00e1nico miniatura parecido a un sombrero de chino. Visita su espectacular playa con nosotros.","twitter_site":"@naturegalapagos","twitter_misc":{"Tiempo de lectura":"1 minuto"},"schema":{"@context":"https:\/\/schema.org","@graph":[{"@type":"WebPage","@id":"https:\/\/naturegalapagos.com\/es\/isla-sombrero-chino-galapagos-informacion\/","url":"https:\/\/naturegalapagos.com\/es\/isla-sombrero-chino-galapagos-informacion\/","name":"Isla Sombrero Chino Gal\u00e1pagos - Nature Galapagos & Ecuador","isPartOf":{"@id":"https:\/\/naturegalapagos.com\/es\/#website"},"datePublished":"2015-04-29T20:55:34+00:00","dateModified":"2024-08-29T20:06:00+00:00","description":"La Isla Sombrero Chino Gal\u00e1pagos toma su nombre de un cono volc\u00e1nico miniatura parecido a un sombrero de chino. Visita su espectacular playa con nosotros.","breadcrumb":{"@id":"https:\/\/naturegalapagos.com\/es\/isla-sombrero-chino-galapagos-informacion\/#breadcrumb"},"inLanguage":"es","potentialAction":[{"@type":"ReadAction","target":["https:\/\/naturegalapagos.com\/es\/isla-sombrero-chino-galapagos-informacion\/"]}]},{"@type":"BreadcrumbList","@id":"https:\/\/naturegalapagos.com\/es\/isla-sombrero-chino-galapagos-informacion\/#breadcrumb","itemListElement":[{"@type":"ListItem","position":1,"name":"Home","item":"https:\/\/naturegalapagos.com\/es\/"},{"@type":"ListItem","position":2,"name":"Isla Sombrero Chino Gal\u00e1pagos Informaci\u00f3n"}]},{"@type":"WebSite","@id":"https:\/\/naturegalapagos.com\/es\/#website","url":"https:\/\/naturegalapagos.com\/es\/","name":"Espa\u00f1ol - Nature Galapagos & Ecuador","description":"","publisher":{"@id":"https:\/\/naturegalapagos.com\/es\/#organization"},"potentialAction":[{"@type":"SearchAction","target":{"@type":"EntryPoint","urlTemplate":"https:\/\/naturegalapagos.com\/es\/?s={search_term_string}"},"query-input":{"@type":"PropertyValueSpecification","valueRequired":true,"valueName":"search_term_string"}}],"inLanguage":"es"},{"@type":"Organization","@id":"https:\/\/naturegalapagos.com\/es\/#organization","name":"Espa\u00f1ol - Nature Galapagos & Ecuador","url":"https:\/\/naturegalapagos.com\/es\/","logo":{"@type":"ImageObject","inLanguage":"es","@id":"https:\/\/naturegalapagos.com\/es\/#\/schema\/logo\/image\/","url":"https:\/\/naturegalapagos.com\/es\/wp-content\/uploads\/sites\/3\/2016\/10\/Nature-Galapagos-Logo-COM-300x300.jpg","contentUrl":"https:\/\/naturegalapagos.com\/es\/wp-content\/uploads\/sites\/3\/2016\/10\/Nature-Galapagos-Logo-COM-300x300.jpg","width":300,"height":300,"caption":"Espa\u00f1ol - Nature Galapagos & Ecuador"},"image":{"@id":"https:\/\/naturegalapagos.com\/es\/#\/schema\/logo\/image\/"},"sameAs":["https:\/\/www.facebook.com\/naturegalapagosecuador\/","https:\/\/x.com\/naturegalapagos","https:\/\/www.instagram.com\/naturegalapagos\/","https:\/\/www.pinterest.com\/Naturegalapagos\/","https:\/\/www.youtube.com\/user\/NatureGalapagosTours"]}]}},"_links":{"self":[{"href":"https:\/\/naturegalapagos.com\/es\/wp-json\/wp\/v2\/pages\/2476","targetHints":{"allow":["GET"]}}],"collection":[{"href":"https:\/\/naturegalapagos.com\/es\/wp-json\/wp\/v2\/pages"}],"about":[{"href":"https:\/\/naturegalapagos.com\/es\/wp-json\/wp\/v2\/types\/page"}],"author":[{"embeddable":true,"href":"https:\/\/naturegalapagos.com\/es\/wp-json\/wp\/v2\/users\/2"}],"replies":[{"embeddable":true,"href":"https:\/\/naturegalapagos.com\/es\/wp-json\/wp\/v2\/comments?post=2476"}],"version-history":[{"count":0,"href":"https:\/\/naturegalapagos.com\/es\/wp-json\/wp\/v2\/pages\/2476\/revisions"}],"wp:attachment":[{"href":"https:\/\/naturegalapagos.com\/es\/wp-json\/wp\/v2\/media?parent=2476"}],"curies":[{"name":"wp","href":"https:\/\/api.w.org\/{rel}","templated":true}]}}