{"id":2496,"date":"2015-05-04T19:59:38","date_gmt":"2015-05-04T19:59:38","guid":{"rendered":"http:\/\/naturegalapagos.com\/es\/?page_id=2496"},"modified":"2016-11-14T12:32:35","modified_gmt":"2016-11-14T17:32:35","slug":"islote-tintoreras-galapagos-informacion","status":"publish","type":"page","link":"https:\/\/naturegalapagos.com\/es\/islote-tintoreras-galapagos-informacion\/","title":{"rendered":"Islote Tintoreras Gal\u00e1pagos"},"content":{"rendered":"<h2><span style=\"font-size: 12pt;\"><strong>Islote Tintoreras\u00a0Gal\u00e1pagos<\/strong><strong>\u00a0&#8211; Breve Descripci\u00f3n:<\/strong><\/span><\/h2>\n<p style=\"text-align: justify;\"><span style=\"font-size: 10pt;\">Ubicado a 10 minutos en bote desde de Pto. Villamil se encuentra el Islote Tintoreras Gal\u00e1pagos, toma su nombre\u00a0del tibur\u00f3n de arrecife que rodea el islote y el canal que se forma entre dos paredes rocosas verticales, esta pacificas aguas de este lugar es lugar perfecto donde esta especie de tiburones vienen a tomar un descanso.<\/span><\/p>\n<p><span style=\"font-size: 10pt;\"><strong>Area:<\/strong> 0.124 km2<\/span><br \/>\n<span style=\"font-size: 10pt;\"><strong>Landing<\/strong>: Wet<\/span><br \/>\n<span style=\"font-size: 10pt;\"><strong>Poblaci\u00f3n humana<\/strong>: 0<\/span><br \/>\n<span style=\"font-size: 10pt;\"><strong>Principales actividades<\/strong>: snorkel y kayak<\/span><\/p>\n<p style=\"text-align: justify;\"><span style=\"font-size: 10pt;\"><strong>Vida Silvestre para ver<\/strong>: Suelo predominantemente subtropical con clima seco y muy seco, con una temperatura promedio de 18 a 22 grados Celsius. El islote Tintoreras en Gal\u00e1pagos cuenta con la presencia de lobos marinos en una peque\u00f1a playa de arena blanca, y seguramente ver\u00e1 muchas iguanas marinas de todas las edades, este es uno de los principales sitios de reproducci\u00f3n de estos reptiles. Los tiburones punta blanca son carnivoros, pero no son animales agresivos con los humanos tambi\u00e9n se puede admirar una gran variedad de peces de colores.<\/span><\/p>\n","protected":false},"excerpt":{"rendered":"<p>Islote Tintoreras\u00a0Gal\u00e1pagos\u00a0&#8211; Breve Descripci\u00f3n: Ubicado a 10 minutos en bote desde de Pto. Villamil se encuentra el Islote Tintoreras Gal\u00e1pagos, toma su nombre\u00a0del tibur\u00f3n de arrecife que rodea el islote y el canal que se forma entre dos paredes rocosas verticales, esta pacificas aguas de este lugar es lugar perfecto donde esta especie de tiburones<\/p>\n<div class=\"padding-top text-center\"><a href=\"https:\/\/naturegalapagos.com\/es\/islote-tintoreras-galapagos-informacion\/\" class=\"atbtn atbtn--medium atbtn--rounded atbtn--transparent\">Leer m\u00e1s<i class=\"atbtn__icon atbtn__icon--right fa fa-long-arrow-right\"><\/i><\/a><\/div>\n","protected":false},"author":2,"featured_media":0,"parent":0,"menu_order":0,"comment_status":"closed","ping_status":"closed","template":"","meta":{"_joinchat":[],"footnotes":""},"class_list":["post-2496","page","type-page","status-publish","hentry"],"yoast_head":"<!-- This site is optimized with the Yoast SEO Premium plugin v25.6 (Yoast SEO v26.1.1) - https:\/\/yoast.com\/wordpress\/plugins\/seo\/ -->\n<title>Islote Tintoreras Gal\u00e1pagos - Nature Galapagos &amp; Ecuador<\/title>\n<meta name=\"description\" content=\"Islote Tintoreras Gal\u00e1pagos toma su nombre del tibur\u00f3n de arrecife que descansa alrededor del islote. Ven, Visita este incre\u00edble lugar junto a nosotros.\" \/>\n<meta name=\"robots\" content=\"index, follow, max-snippet:-1, max-image-preview:large, max-video-preview:-1\" \/>\n<link rel=\"canonical\" href=\"https:\/\/naturegalapagos.com\/es\/islote-tintoreras-galapagos-informacion\/\" \/>\n<meta property=\"og:locale\" content=\"es_ES\" \/>\n<meta property=\"og:type\" content=\"article\" \/>\n<meta property=\"og:title\" content=\"Islote Tintoreras Gal\u00e1pagos - Nature Galapagos &amp; Ecuador\" \/>\n<meta property=\"og:description\" content=\"Islote Tintoreras Gal\u00e1pagos toma su nombre del tibur\u00f3n de arrecife que descansa alrededor del islote. Ven, Visita este incre\u00edble lugar junto a nosotros.\" \/>\n<meta property=\"og:url\" content=\"https:\/\/naturegalapagos.com\/es\/islote-tintoreras-galapagos-informacion\/\" \/>\n<meta property=\"og:site_name\" content=\"Espa\u00f1ol - Nature Galapagos &amp; Ecuador\" \/>\n<meta property=\"article:publisher\" content=\"https:\/\/www.facebook.com\/naturegalapagosecuador\/\" \/>\n<meta property=\"article:modified_time\" content=\"2016-11-14T17:32:35+00:00\" \/>\n<meta property=\"og:image\" content=\"https:\/\/naturegalapagos.com\/es\/wp-content\/uploads\/sites\/3\/2016\/07\/Islote-Tintoreras-Galapagos.jpg\" \/>\n\t<meta property=\"og:image:width\" content=\"1920\" \/>\n\t<meta property=\"og:image:height\" content=\"400\" \/>\n\t<meta property=\"og:image:type\" content=\"image\/jpeg\" \/>\n<meta name=\"twitter:card\" content=\"summary_large_image\" \/>\n<meta name=\"twitter:title\" content=\"Islote Tintoreras Gal\u00e1pagos - Nature Galapagos &amp; Ecuador\" \/>\n<meta name=\"twitter:description\" content=\"Islote Tintoreras Gal\u00e1pagos toma su nombre del tibur\u00f3n de arrecife que descansa alrededor del islote. Ven, Visita este incre\u00edble lugar junto a nosotros.\" \/>\n<meta name=\"twitter:site\" content=\"@naturegalapagos\" \/>\n<meta name=\"twitter:label1\" content=\"Tiempo de lectura\" \/>\n\t<meta name=\"twitter:data1\" content=\"1 minuto\" \/>\n<!-- \/ Yoast SEO Premium plugin. -->","yoast_head_json":{"title":"Islote Tintoreras Gal\u00e1pagos - Nature Galapagos & Ecuador","description":"Islote Tintoreras Gal\u00e1pagos toma su nombre del tibur\u00f3n de arrecife que descansa alrededor del islote. Ven, Visita este incre\u00edble lugar junto a nosotros.","robots":{"index":"index","follow":"follow","max-snippet":"max-snippet:-1","max-image-preview":"max-image-preview:large","max-video-preview":"max-video-preview:-1"},"canonical":"https:\/\/naturegalapagos.com\/es\/islote-tintoreras-galapagos-informacion\/","og_locale":"es_ES","og_type":"article","og_title":"Islote Tintoreras Gal\u00e1pagos - Nature Galapagos & Ecuador","og_description":"Islote Tintoreras Gal\u00e1pagos toma su nombre del tibur\u00f3n de arrecife que descansa alrededor del islote. Ven, Visita este incre\u00edble lugar junto a nosotros.","og_url":"https:\/\/naturegalapagos.com\/es\/islote-tintoreras-galapagos-informacion\/","og_site_name":"Espa\u00f1ol - Nature Galapagos &amp; Ecuador","article_publisher":"https:\/\/www.facebook.com\/naturegalapagosecuador\/","article_modified_time":"2016-11-14T17:32:35+00:00","og_image":[{"width":1920,"height":400,"url":"https:\/\/naturegalapagos.com\/es\/wp-content\/uploads\/sites\/3\/2016\/07\/Islote-Tintoreras-Galapagos.jpg","type":"image\/jpeg"}],"twitter_card":"summary_large_image","twitter_title":"Islote Tintoreras Gal\u00e1pagos - Nature Galapagos & Ecuador","twitter_description":"Islote Tintoreras Gal\u00e1pagos toma su nombre del tibur\u00f3n de arrecife que descansa alrededor del islote. Ven, Visita este incre\u00edble lugar junto a nosotros.","twitter_site":"@naturegalapagos","twitter_misc":{"Tiempo de lectura":"1 minuto"},"schema":{"@context":"https:\/\/schema.org","@graph":[{"@type":"WebPage","@id":"https:\/\/naturegalapagos.com\/es\/islote-tintoreras-galapagos-informacion\/","url":"https:\/\/naturegalapagos.com\/es\/islote-tintoreras-galapagos-informacion\/","name":"Islote Tintoreras Gal\u00e1pagos - Nature Galapagos & Ecuador","isPartOf":{"@id":"https:\/\/naturegalapagos.com\/es\/#website"},"datePublished":"2015-05-04T19:59:38+00:00","dateModified":"2016-11-14T17:32:35+00:00","description":"Islote Tintoreras Gal\u00e1pagos toma su nombre del tibur\u00f3n de arrecife que descansa alrededor del islote. Ven, Visita este incre\u00edble lugar junto a nosotros.","breadcrumb":{"@id":"https:\/\/naturegalapagos.com\/es\/islote-tintoreras-galapagos-informacion\/#breadcrumb"},"inLanguage":"es","potentialAction":[{"@type":"ReadAction","target":["https:\/\/naturegalapagos.com\/es\/islote-tintoreras-galapagos-informacion\/"]}]},{"@type":"BreadcrumbList","@id":"https:\/\/naturegalapagos.com\/es\/islote-tintoreras-galapagos-informacion\/#breadcrumb","itemListElement":[{"@type":"ListItem","position":1,"name":"Home","item":"https:\/\/naturegalapagos.com\/es\/"},{"@type":"ListItem","position":2,"name":"Islote Tintoreras Gal\u00e1pagos"}]},{"@type":"WebSite","@id":"https:\/\/naturegalapagos.com\/es\/#website","url":"https:\/\/naturegalapagos.com\/es\/","name":"Espa\u00f1ol - Nature Galapagos & Ecuador","description":"","publisher":{"@id":"https:\/\/naturegalapagos.com\/es\/#organization"},"potentialAction":[{"@type":"SearchAction","target":{"@type":"EntryPoint","urlTemplate":"https:\/\/naturegalapagos.com\/es\/?s={search_term_string}"},"query-input":{"@type":"PropertyValueSpecification","valueRequired":true,"valueName":"search_term_string"}}],"inLanguage":"es"},{"@type":"Organization","@id":"https:\/\/naturegalapagos.com\/es\/#organization","name":"Espa\u00f1ol - Nature Galapagos & Ecuador","url":"https:\/\/naturegalapagos.com\/es\/","logo":{"@type":"ImageObject","inLanguage":"es","@id":"https:\/\/naturegalapagos.com\/es\/#\/schema\/logo\/image\/","url":"https:\/\/naturegalapagos.com\/es\/wp-content\/uploads\/sites\/3\/2016\/10\/Nature-Galapagos-Logo-COM-300x300.jpg","contentUrl":"https:\/\/naturegalapagos.com\/es\/wp-content\/uploads\/sites\/3\/2016\/10\/Nature-Galapagos-Logo-COM-300x300.jpg","width":300,"height":300,"caption":"Espa\u00f1ol - Nature Galapagos & Ecuador"},"image":{"@id":"https:\/\/naturegalapagos.com\/es\/#\/schema\/logo\/image\/"},"sameAs":["https:\/\/www.facebook.com\/naturegalapagosecuador\/","https:\/\/x.com\/naturegalapagos","https:\/\/www.instagram.com\/naturegalapagos\/","https:\/\/www.pinterest.com\/Naturegalapagos\/","https:\/\/www.youtube.com\/user\/NatureGalapagosTours"]}]}},"_links":{"self":[{"href":"https:\/\/naturegalapagos.com\/es\/wp-json\/wp\/v2\/pages\/2496","targetHints":{"allow":["GET"]}}],"collection":[{"href":"https:\/\/naturegalapagos.com\/es\/wp-json\/wp\/v2\/pages"}],"about":[{"href":"https:\/\/naturegalapagos.com\/es\/wp-json\/wp\/v2\/types\/page"}],"author":[{"embeddable":true,"href":"https:\/\/naturegalapagos.com\/es\/wp-json\/wp\/v2\/users\/2"}],"replies":[{"embeddable":true,"href":"https:\/\/naturegalapagos.com\/es\/wp-json\/wp\/v2\/comments?post=2496"}],"version-history":[{"count":0,"href":"https:\/\/naturegalapagos.com\/es\/wp-json\/wp\/v2\/pages\/2496\/revisions"}],"wp:attachment":[{"href":"https:\/\/naturegalapagos.com\/es\/wp-json\/wp\/v2\/media?parent=2496"}],"curies":[{"name":"wp","href":"https:\/\/api.w.org\/{rel}","templated":true}]}}