{"id":2530,"date":"2024-09-19T16:47:36","date_gmt":"2024-09-19T20:47:36","guid":{"rendered":"http:\/\/naturegalapagos.com\/es\/?page_id=2530"},"modified":"2025-11-17T17:00:44","modified_gmt":"2025-11-17T22:00:44","slug":"tour-galapagos-con-itinerarios-navegables","status":"publish","type":"page","link":"https:\/\/naturegalapagos.com\/es\/tour-galapagos-con-itinerarios-navegables\/","title":{"rendered":"Tour en Galapagos con Itinerarios Navegables"},"content":{"rendered":"<div class=\"wpb-content-wrapper\"><p>[vc_row][vc_column][vc_column_text]<\/p>\n<h2><span style=\"font-size: 24px; font-family: arial, helvetica, sans-serif;\"><strong>Itinerarios Navegables &#8211;\u00a0<\/strong><strong>Tour en Galapagos por 4, 5 y 6 d\u00edas<\/strong><\/span><\/h2>\n<hr \/>\n<p><span style=\"font-family: arial, helvetica, sans-serif; font-size: 16px;\">Nuestros <em>Itinerarios de Experiencia Navegable<\/em> son paste de nuestra categor\u00eda de <strong>Tour en Galapagos<\/strong> con alojamiento en hoteles. Estos programas de<strong> ofrecen excursiones diarias navegables a diferentes islas deshabit<\/strong>adas en el archipi\u00e9lago. Los programas tienen<strong> una duraci\u00f3n de 4, 5 y 6 d\u00edas<\/strong>. Las navegaciones a estas islas se realizan en c\u00f3modos mini yates a motor.<\/span><\/p>\n<p><span style=\"font-family: arial, helvetica, sans-serif; font-size: 16px;\">Durante el tour te <strong>alojar\u00e1s en Isla Santa Cruz<\/strong> (Puerto Ayora), desde donde <strong>puedes conocer hasta cuatro islas: Bartolom\u00e9, Seymour Norte, Santa Fe y \/ o Plazas Sur.<\/strong><\/span><\/p>\n<p><span style=\"font-family: arial, helvetica, sans-serif; font-size: 16px;\">Las actividades incluyen <strong>senderismo, buceo, nataci\u00f3n e impresionantes vistas panor\u00e1micas<\/strong>. Explora los paisajes m\u00e1s impresionantes del mundo acompa\u00f1ado por un gu\u00eda naturalista biling\u00fce. <strong>Al\u00f3jate en la clase de hotel que prefieras<\/strong>: hoteles econ\u00f3micos, tur\u00edsticos, tur\u00edsticos superiores o de primera clase.<\/span><\/p>\n<p><span style=\"font-family: arial, helvetica, sans-serif; font-size: 16px;\">El costo del <strong>alojamiento, las excursiones guiadas, los traslados en Gal\u00e1pagos y desayuno est\u00e1n incluidos en el costo<\/strong>.<\/span><\/p>\n<p><span style=\"font-family: arial, helvetica, sans-serif; font-size: 16px;\"><strong>D\u00eda de inicio:<\/strong> cualquier d\u00eda | <strong>Estilo de viaje:<\/strong>\u00a0Itinerario Navegables con Alojamiento | <b>Isla Base<\/b>: Santa Cruz<\/span>[\/vc_column_text][\/vc_column][\/vc_row][vc_row][vc_column]<div id=\"swiper1\" class=\"atgrid atgrid--small\">\n<div class=\"title title--big title--center title--underline title--decoration-bottom-center\">\n\t<div class=\"title__subtitle\">Gal\u00e1pagos Tours<\/div>\n<h3 class=\"title__primary\">Itinerarios Navegables<\/h3><\/div>\n\t<div class=\"atgrid__slider\">\n\t\t<div class=\"atgrid__slider__controls\">\n\t\t\t<a class=\"atgrid__slider__prev\" href=\"#\"><i class=\"fa fa-chevron-left\"><\/i><\/a>\n\t\t\t<a class=\"atgrid__slider__next\" href=\"#\"><i class=\"fa fa-chevron-right\"><\/i><\/a>\n\t\t<\/div>\n\n\t\t<div class=\"swiper-container swiper-slider atgrid__slider__container\">\n\t\t\t<div class=\"swiper-wrapper\">\n\t\t\t\t\t\t\t\t\t\t<div class=\"swiper-slide\">\n\t\t\t\t\t<div class=\"atgrid__item\">\n\t\t\t\t\t\t<div class=\"atgrid__item__top\">\n\t\t\t\t\t\t\t<a href=\"https:\/\/naturegalapagos.com\/es\/tours\/oferta-galapagos\/itinerarios-navegables\/5-dias\/\" class=\"atgrid__item__top__image\"><img decoding=\"async\" width=\"360\" height=\"240\" src=\"https:\/\/naturegalapagos.com\/es\/wp-content\/uploads\/sites\/3\/2016\/06\/oferta-galapagos-navegable-5-360x240.jpg\" class=\"attachment-thumb_tour_listing_small size-thumb_tour_listing_small wp-post-image\" alt=\"Oferta Gal\u00e1pagos\" srcset=\"https:\/\/naturegalapagos.com\/es\/wp-content\/uploads\/sites\/3\/2016\/06\/oferta-galapagos-navegable-5-360x240.jpg 360w, https:\/\/naturegalapagos.com\/es\/wp-content\/uploads\/sites\/3\/2016\/06\/oferta-galapagos-navegable-5-531x354.jpg 531w, https:\/\/naturegalapagos.com\/es\/wp-content\/uploads\/sites\/3\/2016\/06\/oferta-galapagos-navegable-5-270x180.jpg 270w\" sizes=\"(max-width: 360px) 100vw, 360px\" \/><\/a>\t\t\t\t\t\t\t<div class=\"atgrid__item__angle-wrap\"><div class=\"atgrid__item__angle\" style=\"background-color:#253081\">Compra en Linea! <\/div><\/div>\t\t\t\t\t\t\t<div class=\"atgrid__item__price\"><a href=\"https:\/\/naturegalapagos.com\/es\/tours\/oferta-galapagos\/itinerarios-navegables\/5-dias\/\" class=\"atgrid__item__price__button\"><span class=\"woocommerce-Price-amount amount\" aria-hidden=\"true\"><bdi><span class=\"woocommerce-Price-currencySymbol\">&#36;<\/span>1.667<\/bdi><\/span> <span aria-hidden=\"true\">-<\/span> <span class=\"woocommerce-Price-amount amount\" aria-hidden=\"true\"><bdi><span class=\"woocommerce-Price-currencySymbol\">&#36;<\/span>2.851<\/bdi><\/span><span class=\"screen-reader-text\">Rango de precios: desde &#36;1.667 hasta &#36;2.851<\/span><\/a><\/div>\t\t\t\t\t\t\t\t\t\t\t\t\t\t<div class=\"atgrid__item__icons\"><a href=\"https:\/\/naturegalapagos.com\/es\/tour-category\/itinerarios-navegables\/\"><i data-toggle=\"tooltip\" title=\"Itinerarios Navegables\" class=\"td-sailboat-1\"><\/i><\/a><\/div>\t\t\t\t\t\t<\/div>\n\n\t\t\t\t\t\t<div class=\"atgrid__item__content\">\n\t\t\t\t\t\t\t<h3 class=\"atgrid__item__title\"><a href=\"https:\/\/naturegalapagos.com\/es\/tours\/oferta-galapagos\/itinerarios-navegables\/5-dias\/\">Oferta Galapagos | 5 D\u00edas \u2013 4 Islas<\/a><\/h3>\n\t\t\t\t\t\t\t\t\t\t\t\t\t<div class=\"atgrid__item__description\">Nuestra Oferta Galapagos es un incre\u00edble tour con itinerarios navegables de 5 d\u00edas y 4 noches con varios destinos para<\/div>\n\t\t\t\t\t\t\t\t\t\t\t\t<\/div>\n\t\t\t\t\t\t<div class=\"item-attributes\">\n\t\t\t\t\t\t\t<div class=\"item-attributes__item\"><div class=\"item-attributes__item__content\"><div class=\"item-attributes__item__content__item\"><i class=\"td-backpack\"><\/i><\/div><div class=\"item-attributes__item__content__item item-attributes__item__content__item--text\"><span>Tour Navegable<\/span><\/div><\/div><\/div><div class=\"item-attributes__item\"><div class=\"item-attributes__item__content\"><div class=\"item-attributes__item__content__item\"><i class=\"td-calendar-1\"><\/i><\/div><div class=\"item-attributes__item__content__item item-attributes__item__content__item--text\"><span>Todos los D\u00edas<\/span><\/div><\/div><\/div>\t\t\t\t\t\t\t<div class=\"item-attributes__item\">\n\t\t\t\t\t\t\t\t<a href=\"https:\/\/naturegalapagos.com\/es\/tours\/oferta-galapagos\/itinerarios-navegables\/5-dias\/\" class=\"item-attributes__link\"><i class=\"fa fa-long-arrow-right\"><\/i><\/a>\n\t\t\t\t\t\t\t<\/div>\n\t\t\t\t\t\t<\/div>\n\t\t\t\t\t<\/div>\n\t\t\t\t<\/div>\n\t\t\t\t\t\t\t\t\t\t<div class=\"swiper-slide\">\n\t\t\t\t\t<div class=\"atgrid__item\">\n\t\t\t\t\t\t<div class=\"atgrid__item__top\">\n\t\t\t\t\t\t\t<a href=\"https:\/\/naturegalapagos.com\/es\/tours\/tours-galapagos\/itinerarios-navegables\/6-dias\/\" class=\"atgrid__item__top__image\"><img decoding=\"async\" width=\"360\" height=\"240\" src=\"https:\/\/naturegalapagos.com\/es\/wp-content\/uploads\/sites\/3\/2016\/06\/tours-galapagos-navegable-6-360x240.jpg\" class=\"attachment-thumb_tour_listing_small size-thumb_tour_listing_small wp-post-image\" alt=\"Tours Gal\u00e1pagos\" srcset=\"https:\/\/naturegalapagos.com\/es\/wp-content\/uploads\/sites\/3\/2016\/06\/tours-galapagos-navegable-6-360x240.jpg 360w, https:\/\/naturegalapagos.com\/es\/wp-content\/uploads\/sites\/3\/2016\/06\/tours-galapagos-navegable-6-531x354.jpg 531w, https:\/\/naturegalapagos.com\/es\/wp-content\/uploads\/sites\/3\/2016\/06\/tours-galapagos-navegable-6-270x180.jpg 270w\" sizes=\"(max-width: 360px) 100vw, 360px\" \/><\/a>\t\t\t\t\t\t\t<div class=\"atgrid__item__angle-wrap\"><div class=\"atgrid__item__angle\" style=\"background-color:#253081\">Compra en Linea! <\/div><\/div>\t\t\t\t\t\t\t<div class=\"atgrid__item__price\"><a href=\"https:\/\/naturegalapagos.com\/es\/tours\/tours-galapagos\/itinerarios-navegables\/6-dias\/\" class=\"atgrid__item__price__button\"><span class=\"woocommerce-Price-amount amount\" aria-hidden=\"true\"><bdi><span class=\"woocommerce-Price-currencySymbol\">&#36;<\/span>1.898<\/bdi><\/span> <span aria-hidden=\"true\">-<\/span> <span class=\"woocommerce-Price-amount amount\" aria-hidden=\"true\"><bdi><span class=\"woocommerce-Price-currencySymbol\">&#36;<\/span>2.913<\/bdi><\/span><span class=\"screen-reader-text\">Rango de precios: desde &#36;1.898 hasta &#36;2.913<\/span><\/a><\/div>\t\t\t\t\t\t\t\t\t\t\t\t\t\t<div class=\"atgrid__item__icons\"><a href=\"https:\/\/naturegalapagos.com\/es\/tour-category\/itinerarios-navegables\/\"><i data-toggle=\"tooltip\" title=\"Itinerarios Navegables\" class=\"td-sailboat-1\"><\/i><\/a><\/div>\t\t\t\t\t\t<\/div>\n\n\t\t\t\t\t\t<div class=\"atgrid__item__content\">\n\t\t\t\t\t\t\t<h3 class=\"atgrid__item__title\"><a href=\"https:\/\/naturegalapagos.com\/es\/tours\/tours-galapagos\/itinerarios-navegables\/6-dias\/\">Tours Gal\u00e1pagos Itinerario Navegable | 6 D\u00edas \u2013 4 Islas<\/a><\/h3>\n\t\t\t\t\t\t\t\t\t\t\t\t\t<div class=\"atgrid__item__description\">Tours Galapagos Itinerario Navegable, es un viaje de 6 d\u00edas y 5 noches con varios destinos navegables hacia distintas islas<\/div>\n\t\t\t\t\t\t\t\t\t\t\t\t<\/div>\n\t\t\t\t\t\t<div class=\"item-attributes\">\n\t\t\t\t\t\t\t<div class=\"item-attributes__item\"><div class=\"item-attributes__item__content\"><div class=\"item-attributes__item__content__item\"><i class=\"td-backpack\"><\/i><\/div><div class=\"item-attributes__item__content__item item-attributes__item__content__item--text\"><span>Tour Navegable<\/span><\/div><\/div><\/div><div class=\"item-attributes__item\"><div class=\"item-attributes__item__content\"><div class=\"item-attributes__item__content__item\"><i class=\"td-calendar-1\"><\/i><\/div><div class=\"item-attributes__item__content__item item-attributes__item__content__item--text\"><span>Todos los D\u00edas<\/span><\/div><\/div><\/div>\t\t\t\t\t\t\t<div class=\"item-attributes__item\">\n\t\t\t\t\t\t\t\t<a href=\"https:\/\/naturegalapagos.com\/es\/tours\/tours-galapagos\/itinerarios-navegables\/6-dias\/\" class=\"item-attributes__link\"><i class=\"fa fa-long-arrow-right\"><\/i><\/a>\n\t\t\t\t\t\t\t<\/div>\n\t\t\t\t\t\t<\/div>\n\t\t\t\t\t<\/div>\n\t\t\t\t<\/div>\n\t\t\t\t\t\t\t\t\t\t<div class=\"swiper-slide\">\n\t\t\t\t\t<div class=\"atgrid__item\">\n\t\t\t\t\t\t<div class=\"atgrid__item__top\">\n\t\t\t\t\t\t\t<a href=\"https:\/\/naturegalapagos.com\/es\/tours\/tour-galapagos\/itinerarios-navegables\/4-dias-1-navegacion\/\" class=\"atgrid__item__top__image\"><img decoding=\"async\" width=\"360\" height=\"240\" src=\"https:\/\/naturegalapagos.com\/es\/wp-content\/uploads\/sites\/3\/2016\/06\/tour-galapagos-navegable-360x240.jpg\" class=\"attachment-thumb_tour_listing_small size-thumb_tour_listing_small wp-post-image\" alt=\"Tour Gal\u00e1pagos Navegable\" srcset=\"https:\/\/naturegalapagos.com\/es\/wp-content\/uploads\/sites\/3\/2016\/06\/tour-galapagos-navegable-360x240.jpg 360w, https:\/\/naturegalapagos.com\/es\/wp-content\/uploads\/sites\/3\/2016\/06\/tour-galapagos-navegable-531x354.jpg 531w, https:\/\/naturegalapagos.com\/es\/wp-content\/uploads\/sites\/3\/2016\/06\/tour-galapagos-navegable-270x180.jpg 270w\" sizes=\"(max-width: 360px) 100vw, 360px\" \/><\/a>\t\t\t\t\t\t\t<div class=\"atgrid__item__angle-wrap\"><div class=\"atgrid__item__angle\" style=\"background-color:#253081\">Compra en Linea! <\/div><\/div>\t\t\t\t\t\t\t<div class=\"atgrid__item__price\"><a href=\"https:\/\/naturegalapagos.com\/es\/tours\/tour-galapagos\/itinerarios-navegables\/4-dias-1-navegacion\/\" class=\"atgrid__item__price__button\"><span class=\"woocommerce-Price-amount amount\" aria-hidden=\"true\"><bdi><span class=\"woocommerce-Price-currencySymbol\">&#36;<\/span>933<\/bdi><\/span> <span aria-hidden=\"true\">-<\/span> <span class=\"woocommerce-Price-amount amount\" aria-hidden=\"true\"><bdi><span class=\"woocommerce-Price-currencySymbol\">&#36;<\/span>1.821<\/bdi><\/span><span class=\"screen-reader-text\">Rango de precios: desde &#36;933 hasta &#36;1.821<\/span><\/a><\/div>\t\t\t\t\t\t\t\t\t\t\t\t\t\t<div class=\"atgrid__item__icons\"><a href=\"https:\/\/naturegalapagos.com\/es\/tour-category\/itinerarios-navegables\/\"><i data-toggle=\"tooltip\" title=\"Itinerarios Navegables\" class=\"td-sailboat-1\"><\/i><\/a><\/div>\t\t\t\t\t\t<\/div>\n\n\t\t\t\t\t\t<div class=\"atgrid__item__content\">\n\t\t\t\t\t\t\t<h3 class=\"atgrid__item__title\"><a href=\"https:\/\/naturegalapagos.com\/es\/tours\/tour-galapagos\/itinerarios-navegables\/4-dias-1-navegacion\/\">Tour Galapagos Itinerario Navegable | 4 D\u00edas \u2013 3 Islas | Una Navegaci\u00f3n<\/a><\/h3>\n\t\t\t\t\t\t\t\t\t\t\t\t\t<div class=\"atgrid__item__description\">Disfrute de nuestro Tour Galapagos de 4 d\u00edas y 3 noches, con varios destinos navegables para hacer de su viaje<\/div>\n\t\t\t\t\t\t\t\t\t\t\t\t<\/div>\n\t\t\t\t\t\t<div class=\"item-attributes\">\n\t\t\t\t\t\t\t<div class=\"item-attributes__item\"><div class=\"item-attributes__item__content\"><div class=\"item-attributes__item__content__item\"><i class=\"td-backpack\"><\/i><\/div><div class=\"item-attributes__item__content__item item-attributes__item__content__item--text\"><span>Tour Navegable<\/span><\/div><\/div><\/div><div class=\"item-attributes__item\"><div class=\"item-attributes__item__content\"><div class=\"item-attributes__item__content__item\"><i class=\"td-calendar-1\"><\/i><\/div><div class=\"item-attributes__item__content__item item-attributes__item__content__item--text\"><span>Todos los D\u00edas<\/span><\/div><\/div><\/div>\t\t\t\t\t\t\t<div class=\"item-attributes__item\">\n\t\t\t\t\t\t\t\t<a href=\"https:\/\/naturegalapagos.com\/es\/tours\/tour-galapagos\/itinerarios-navegables\/4-dias-1-navegacion\/\" class=\"item-attributes__link\"><i class=\"fa fa-long-arrow-right\"><\/i><\/a>\n\t\t\t\t\t\t\t<\/div>\n\t\t\t\t\t\t<\/div>\n\t\t\t\t\t<\/div>\n\t\t\t\t<\/div>\n\t\t\t\t\t\t\t\t\t\t<div class=\"swiper-slide\">\n\t\t\t\t\t<div class=\"atgrid__item\">\n\t\t\t\t\t\t<div class=\"atgrid__item__top\">\n\t\t\t\t\t\t\t<a href=\"https:\/\/naturegalapagos.com\/es\/tours\/tour-galapagos\/itinerarios-navegables\/4-dias\/\" class=\"atgrid__item__top__image\"><img decoding=\"async\" width=\"360\" height=\"240\" src=\"https:\/\/naturegalapagos.com\/es\/wp-content\/uploads\/sites\/3\/2016\/06\/tour-galapagos-navegable-360x240.jpg\" class=\"attachment-thumb_tour_listing_small size-thumb_tour_listing_small wp-post-image\" alt=\"Tour Gal\u00e1pagos Navegable\" srcset=\"https:\/\/naturegalapagos.com\/es\/wp-content\/uploads\/sites\/3\/2016\/06\/tour-galapagos-navegable-360x240.jpg 360w, https:\/\/naturegalapagos.com\/es\/wp-content\/uploads\/sites\/3\/2016\/06\/tour-galapagos-navegable-531x354.jpg 531w, https:\/\/naturegalapagos.com\/es\/wp-content\/uploads\/sites\/3\/2016\/06\/tour-galapagos-navegable-270x180.jpg 270w\" sizes=\"(max-width: 360px) 100vw, 360px\" \/><\/a>\t\t\t\t\t\t\t<div class=\"atgrid__item__angle-wrap\"><div class=\"atgrid__item__angle\" style=\"background-color:#253081\">Compra en Linea! <\/div><\/div>\t\t\t\t\t\t\t<div class=\"atgrid__item__price\"><a href=\"https:\/\/naturegalapagos.com\/es\/tours\/tour-galapagos\/itinerarios-navegables\/4-dias\/\" class=\"atgrid__item__price__button\"><span class=\"woocommerce-Price-amount amount\" aria-hidden=\"true\"><bdi><span class=\"woocommerce-Price-currencySymbol\">&#36;<\/span>1.185<\/bdi><\/span> <span aria-hidden=\"true\">-<\/span> <span class=\"woocommerce-Price-amount amount\" aria-hidden=\"true\"><bdi><span class=\"woocommerce-Price-currencySymbol\">&#36;<\/span>2.073<\/bdi><\/span><span class=\"screen-reader-text\">Rango de precios: desde &#36;1.185 hasta &#36;2.073<\/span><\/a><\/div>\t\t\t\t\t\t\t\t\t\t\t\t\t\t<div class=\"atgrid__item__icons\"><a href=\"https:\/\/naturegalapagos.com\/es\/tour-category\/itinerarios-navegables\/\"><i data-toggle=\"tooltip\" title=\"Itinerarios Navegables\" class=\"td-sailboat-1\"><\/i><\/a><\/div>\t\t\t\t\t\t<\/div>\n\n\t\t\t\t\t\t<div class=\"atgrid__item__content\">\n\t\t\t\t\t\t\t<h3 class=\"atgrid__item__title\"><a href=\"https:\/\/naturegalapagos.com\/es\/tours\/tour-galapagos\/itinerarios-navegables\/4-dias\/\">Tour Galapagos Itinerario Navegable | 4 D\u00edas \u2013 3 Islas | Dos Navegaciones<\/a><\/h3>\n\t\t\t\t\t\t\t\t\t\t\t\t\t<div class=\"atgrid__item__description\">Disfrute de nuestro Tour Galapagos de 4 d\u00edas y 3 noches, con varios destinos navegables para hacer de su viaje<\/div>\n\t\t\t\t\t\t\t\t\t\t\t\t<\/div>\n\t\t\t\t\t\t<div class=\"item-attributes\">\n\t\t\t\t\t\t\t<div class=\"item-attributes__item\"><div class=\"item-attributes__item__content\"><div class=\"item-attributes__item__content__item\"><i class=\"td-backpack\"><\/i><\/div><div class=\"item-attributes__item__content__item item-attributes__item__content__item--text\"><span>Tour Navegable<\/span><\/div><\/div><\/div><div class=\"item-attributes__item\"><div class=\"item-attributes__item__content\"><div class=\"item-attributes__item__content__item\"><i class=\"td-calendar-1\"><\/i><\/div><div class=\"item-attributes__item__content__item item-attributes__item__content__item--text\"><span>Todos los D\u00edas<\/span><\/div><\/div><\/div>\t\t\t\t\t\t\t<div class=\"item-attributes__item\">\n\t\t\t\t\t\t\t\t<a href=\"https:\/\/naturegalapagos.com\/es\/tours\/tour-galapagos\/itinerarios-navegables\/4-dias\/\" class=\"item-attributes__link\"><i class=\"fa fa-long-arrow-right\"><\/i><\/a>\n\t\t\t\t\t\t\t<\/div>\n\t\t\t\t\t\t<\/div>\n\t\t\t\t\t<\/div>\n\t\t\t\t<\/div>\n\t\t\t\t\t\t\t\t\t<\/div><!-- .swiper-wrapper -->\n\t\t<\/div><!-- .swiper-container -->\n\t<\/div><!-- .atgrid__slider  -->\n<\/div><!-- .atgrid -->\n[\/vc_column][\/vc_row][vc_row][vc_column][vc_empty_space height=&#8221;50px&#8221;][\/vc_column][\/vc_row][vc_row][\/vc_row][vc_column][\/vc_column][vc_column_text]<\/p>\n<p>I am text block. Click edit button to change this text. Lorem ipsum dolor sit amet, consectetur adipiscing elit. Ut elit tellus, luctus nec ullamcorper mattis, pulvinar dapibus leo.<\/p>\n<p>[\/vc_column_text][vc_row][vc_column][vc_raw_html css=&#8221;&#8221;]JTNDYnIlMjAlMkYlM0UlMEQlMEElNUJ0cnVzdGluZGV4JTIwbm8tcmVnaXN0cmF0aW9uJTNEdHJpcGFkdmlzb3IlNUQlMjAlM0NiciUyMCUyRiUzRSUwRCUwQSU1QmN1c3RvbV9zaGFycmVfYnV0dG9ucyU1RA==[\/vc_raw_html][\/vc_column][\/vc_row]<\/p>\n<\/div>","protected":false},"excerpt":{"rendered":"<p>[vc_row][vc_column][vc_column_text] Itinerarios Navegables &#8211;\u00a0Tour en Galapagos por 4, 5 y 6 d\u00edas Nuestros Itinerarios de Experiencia Navegable son paste de nuestra categor\u00eda de Tour en Galapagos con alojamiento en hoteles. Estos programas de ofrecen excursiones diarias navegables a diferentes islas deshabitadas en el archipi\u00e9lago. Los programas tienen una duraci\u00f3n de 4, 5 y 6 d\u00edas.<\/p>\n<div class=\"padding-top text-center\"><a href=\"https:\/\/naturegalapagos.com\/es\/tours\/tour-galapagos\/itinerarios-navegables\/4-dias\/\" class=\"atbtn atbtn--medium atbtn--rounded atbtn--transparent\">Leer m\u00e1s<i class=\"atbtn__icon atbtn__icon--right fa fa-long-arrow-right\"><\/i><\/a><\/div>\n","protected":false},"author":2,"featured_media":0,"parent":0,"menu_order":0,"comment_status":"closed","ping_status":"closed","template":"","meta":{"_joinchat":[],"footnotes":""},"class_list":["post-2530","page","type-page","status-publish","hentry"],"yoast_head":"<!-- This site is optimized with the Yoast SEO Premium plugin v25.6 (Yoast SEO v26.1.1) - https:\/\/yoast.com\/wordpress\/plugins\/seo\/ -->\n<title>Tour en Galapagos: Experiencia Navegable en Islas Deshabitadas<\/title>\n<meta name=\"description\" content=\"Descubre los incre\u00edbles paisajes de Gal\u00e1pagos en nuestros itinerarios de tour en Gal\u00e1pagos con alojamiento en hoteles. Explora islas deshabitadas, practica senderismo, buceo y vistas panor\u00e1micas.\" \/>\n<meta name=\"robots\" content=\"index, follow, max-snippet:-1, max-image-preview:large, max-video-preview:-1\" \/>\n<link rel=\"canonical\" href=\"https:\/\/naturegalapagos.com\/es\/tour-galapagos-con-itinerarios-navegables\/\" \/>\n<meta property=\"og:locale\" content=\"es_ES\" \/>\n<meta property=\"og:type\" content=\"article\" \/>\n<meta property=\"og:title\" content=\"Tours en Galapagos con Itinerarios Navegables\" \/>\n<meta property=\"og:description\" content=\"Nuestro Tour Galapagos con Itinerarios Navegables incluyen tours diarios de navegaci\u00f3n a diferentes puntos de las Islas Encantadas. Mas informaci\u00f3n aqu\u00ed!\" \/>\n<meta property=\"og:url\" content=\"https:\/\/naturegalapagos.com\/es\/tour-galapagos-con-itinerarios-navegables\/\" \/>\n<meta property=\"og:site_name\" content=\"Espa\u00f1ol - Nature Galapagos &amp; Ecuador\" \/>\n<meta property=\"article:publisher\" content=\"https:\/\/www.facebook.com\/naturegalapagosecuador\/\" \/>\n<meta property=\"article:modified_time\" content=\"2025-11-17T22:00:44+00:00\" \/>\n<meta property=\"og:image\" content=\"https:\/\/naturegalapagos.com\/es\/wp-content\/uploads\/sites\/3\/2016\/06\/tours-galapagos-navegable-6.jpg\" \/>\n\t<meta property=\"og:image:width\" content=\"1024\" \/>\n\t<meta property=\"og:image:height\" content=\"512\" \/>\n\t<meta property=\"og:image:type\" content=\"image\/jpeg\" \/>\n<meta name=\"twitter:card\" content=\"summary_large_image\" \/>\n<meta name=\"twitter:title\" content=\"Tours en Galapagos con Itinerarios Navegables\" \/>\n<meta name=\"twitter:description\" content=\"Nuestro Tour Galapagos con Itinerarios Navegables incluyen tours diarios de navegaci\u00f3n a diferentes puntos de las Islas Encantadas. Mas informaci\u00f3n aqu\u00ed!\" \/>\n<meta name=\"twitter:site\" content=\"@naturegalapagos\" \/>\n<meta name=\"twitter:label1\" content=\"Tiempo de lectura\" \/>\n\t<meta name=\"twitter:data1\" content=\"2 minutos\" \/>\n<!-- \/ Yoast SEO Premium plugin. -->","yoast_head_json":{"title":"Tour en Galapagos: Experiencia Navegable en Islas Deshabitadas","description":"Descubre los incre\u00edbles paisajes de Gal\u00e1pagos en nuestros itinerarios de tour en Gal\u00e1pagos con alojamiento en hoteles. Explora islas deshabitadas, practica senderismo, buceo y vistas panor\u00e1micas.","robots":{"index":"index","follow":"follow","max-snippet":"max-snippet:-1","max-image-preview":"max-image-preview:large","max-video-preview":"max-video-preview:-1"},"canonical":"https:\/\/naturegalapagos.com\/es\/tour-galapagos-con-itinerarios-navegables\/","og_locale":"es_ES","og_type":"article","og_title":"Tours en Galapagos con Itinerarios Navegables","og_description":"Nuestro Tour Galapagos con Itinerarios Navegables incluyen tours diarios de navegaci\u00f3n a diferentes puntos de las Islas Encantadas. Mas informaci\u00f3n aqu\u00ed!","og_url":"https:\/\/naturegalapagos.com\/es\/tour-galapagos-con-itinerarios-navegables\/","og_site_name":"Espa\u00f1ol - Nature Galapagos &amp; Ecuador","article_publisher":"https:\/\/www.facebook.com\/naturegalapagosecuador\/","article_modified_time":"2025-11-17T22:00:44+00:00","og_image":[{"width":1024,"height":512,"url":"https:\/\/naturegalapagos.com\/es\/wp-content\/uploads\/sites\/3\/2016\/06\/tours-galapagos-navegable-6.jpg","type":"image\/jpeg"}],"twitter_card":"summary_large_image","twitter_title":"Tours en Galapagos con Itinerarios Navegables","twitter_description":"Nuestro Tour Galapagos con Itinerarios Navegables incluyen tours diarios de navegaci\u00f3n a diferentes puntos de las Islas Encantadas. Mas informaci\u00f3n aqu\u00ed!","twitter_site":"@naturegalapagos","twitter_misc":{"Tiempo de lectura":"2 minutos"},"schema":{"@context":"https:\/\/schema.org","@graph":[{"@type":"WebPage","@id":"https:\/\/naturegalapagos.com\/es\/tour-galapagos-con-itinerarios-navegables\/","url":"https:\/\/naturegalapagos.com\/es\/tour-galapagos-con-itinerarios-navegables\/","name":"Tour en Galapagos: Experiencia Navegable en Islas Deshabitadas","isPartOf":{"@id":"https:\/\/naturegalapagos.com\/es\/#website"},"datePublished":"2024-09-19T20:47:36+00:00","dateModified":"2025-11-17T22:00:44+00:00","description":"Descubre los incre\u00edbles paisajes de Gal\u00e1pagos en nuestros itinerarios de tour en Gal\u00e1pagos con alojamiento en hoteles. Explora islas deshabitadas, practica senderismo, buceo y vistas panor\u00e1micas.","breadcrumb":{"@id":"https:\/\/naturegalapagos.com\/es\/tour-galapagos-con-itinerarios-navegables\/#breadcrumb"},"inLanguage":"es","potentialAction":[{"@type":"ReadAction","target":["https:\/\/naturegalapagos.com\/es\/tour-galapagos-con-itinerarios-navegables\/"]}]},{"@type":"BreadcrumbList","@id":"https:\/\/naturegalapagos.com\/es\/tour-galapagos-con-itinerarios-navegables\/#breadcrumb","itemListElement":[{"@type":"ListItem","position":1,"name":"Home","item":"https:\/\/naturegalapagos.com\/es\/"},{"@type":"ListItem","position":2,"name":"Tour en Galapagos con Itinerarios Navegables"}]},{"@type":"WebSite","@id":"https:\/\/naturegalapagos.com\/es\/#website","url":"https:\/\/naturegalapagos.com\/es\/","name":"Espa\u00f1ol - Nature Galapagos & Ecuador","description":"","publisher":{"@id":"https:\/\/naturegalapagos.com\/es\/#organization"},"potentialAction":[{"@type":"SearchAction","target":{"@type":"EntryPoint","urlTemplate":"https:\/\/naturegalapagos.com\/es\/?s={search_term_string}"},"query-input":{"@type":"PropertyValueSpecification","valueRequired":true,"valueName":"search_term_string"}}],"inLanguage":"es"},{"@type":"Organization","@id":"https:\/\/naturegalapagos.com\/es\/#organization","name":"Espa\u00f1ol - Nature Galapagos & Ecuador","url":"https:\/\/naturegalapagos.com\/es\/","logo":{"@type":"ImageObject","inLanguage":"es","@id":"https:\/\/naturegalapagos.com\/es\/#\/schema\/logo\/image\/","url":"https:\/\/naturegalapagos.com\/es\/wp-content\/uploads\/sites\/3\/2016\/10\/Nature-Galapagos-Logo-COM-300x300.jpg","contentUrl":"https:\/\/naturegalapagos.com\/es\/wp-content\/uploads\/sites\/3\/2016\/10\/Nature-Galapagos-Logo-COM-300x300.jpg","width":300,"height":300,"caption":"Espa\u00f1ol - Nature Galapagos & Ecuador"},"image":{"@id":"https:\/\/naturegalapagos.com\/es\/#\/schema\/logo\/image\/"},"sameAs":["https:\/\/www.facebook.com\/naturegalapagosecuador\/","https:\/\/x.com\/naturegalapagos","https:\/\/www.instagram.com\/naturegalapagos\/","https:\/\/www.pinterest.com\/Naturegalapagos\/","https:\/\/www.youtube.com\/user\/NatureGalapagosTours"]}]}},"_links":{"self":[{"href":"https:\/\/naturegalapagos.com\/es\/wp-json\/wp\/v2\/pages\/2530","targetHints":{"allow":["GET"]}}],"collection":[{"href":"https:\/\/naturegalapagos.com\/es\/wp-json\/wp\/v2\/pages"}],"about":[{"href":"https:\/\/naturegalapagos.com\/es\/wp-json\/wp\/v2\/types\/page"}],"author":[{"embeddable":true,"href":"https:\/\/naturegalapagos.com\/es\/wp-json\/wp\/v2\/users\/2"}],"replies":[{"embeddable":true,"href":"https:\/\/naturegalapagos.com\/es\/wp-json\/wp\/v2\/comments?post=2530"}],"version-history":[{"count":0,"href":"https:\/\/naturegalapagos.com\/es\/wp-json\/wp\/v2\/pages\/2530\/revisions"}],"wp:attachment":[{"href":"https:\/\/naturegalapagos.com\/es\/wp-json\/wp\/v2\/media?parent=2530"}],"curies":[{"name":"wp","href":"https:\/\/api.w.org\/{rel}","templated":true}]}}