{"id":3008,"date":"2016-09-05T11:01:30","date_gmt":"2016-09-05T15:01:30","guid":{"rendered":"http:\/\/naturegalapagos.com\/es\/?page_id=3008"},"modified":"2024-03-08T12:46:31","modified_gmt":"2024-03-08T17:46:31","slug":"hoteles-en-quito","status":"publish","type":"page","link":"https:\/\/naturegalapagos.com\/es\/hoteles-en-quito\/","title":{"rendered":"Hoteles en Quito"},"content":{"rendered":"<div class=\"wpb-content-wrapper\"><p>[vc_row][vc_column][vc_column_text]<\/p>\n<h2 class=\"et_social_inline et_social_mobile_on et_social_inline_top\"><span style=\"font-family: arial, helvetica, sans-serif;\"><strong>Hoteles en Quito<\/strong><\/span><\/h2>\n<hr \/>\n<p><span style=\"font-family: arial, helvetica, sans-serif;\">Aqu\u00ed podr\u00e1s encontrar un selecci\u00f3n de los mejores Hoteles y Hostales de Quito. Hemos inspecionado y elejido minuciosamente hoteles desde 5 estrellas hasta hostales para mochileros. Elija y reserve cualquiera de estos hoteles, hostales y apartamentos en la ciudad y sus alrededores. Eche un vistazo a los mejores lugares para alojarse. Esta lista integral guiar\u00e1 para que pueda encontrar el hotel m\u00e1s adecuado para su presupuesto y preferencia.<\/span>[\/vc_column_text][\/vc_column][\/vc_row][vc_row][vc_column width=&#8221;1\/3&#8243;][vc_single_image image=&#8221;3010&#8243; img_size=&#8221;full&#8221;][vc_column_text]<\/p>\n<p style=\"text-align: center;\"><strong>Hoteles &#8211; Centro Historico<\/strong><\/p>\n<p>[\/vc_column_text][\/vc_column][vc_column width=&#8221;1\/3&#8243;][vc_single_image image=&#8221;3011&#8243; img_size=&#8221;full&#8221; onclick=&#8221;custom_link&#8221; link=&#8221;http:\/\/naturegalapagos.com\/es\/hoteles-en-quito\/hoteles-cerca-del-aeropuerto-de-quito\/&#8221;][vc_column_text]<\/p>\n<p style=\"text-align: center;\"><strong><a href=\"http:\/\/naturegalapagos.com\/es\/hoteles-en-quito\/hoteles-cerca-del-aeropuerto-de-quito\/\">Hoteles &#8211; Cerca del Aeropuerto<\/a><\/strong><\/p>\n<p>[\/vc_column_text][\/vc_column][vc_column width=&#8221;1\/3&#8243;][vc_single_image image=&#8221;3012&#8243; img_size=&#8221;full&#8221;][vc_column_text]<\/p>\n<p style=\"text-align: center;\"><strong>Hoteles &#8211; Centrales<\/strong><\/p>\n<p>[\/vc_column_text][\/vc_column][\/vc_row][vc_row][vc_column][vc_empty_space height=&#8221;40&#8243;][\/vc_column][\/vc_row]<\/p>\n<\/div>","protected":false},"excerpt":{"rendered":"<p>[vc_row][vc_column][vc_column_text] Hoteles en Quito Aqu\u00ed podr\u00e1s encontrar un selecci\u00f3n de los mejores Hoteles y Hostales de Quito. Hemos inspecionado y elejido minuciosamente hoteles desde 5 estrellas hasta hostales para mochileros. Elija y reserve cualquiera de estos hoteles, hostales y apartamentos en la ciudad y sus alrededores. Eche un vistazo a los mejores lugares para alojarse.<\/p>\n<div class=\"padding-top text-center\"><a href=\"https:\/\/naturegalapagos.com\/es\/hoteles-en-quito\/\" class=\"atbtn atbtn--medium atbtn--rounded atbtn--transparent\">Leer m\u00e1s<i class=\"atbtn__icon atbtn__icon--right fa fa-long-arrow-right\"><\/i><\/a><\/div>\n","protected":false},"author":2,"featured_media":0,"parent":0,"menu_order":0,"comment_status":"closed","ping_status":"closed","template":"","meta":{"_joinchat":[],"footnotes":""},"class_list":["post-3008","page","type-page","status-publish","hentry"],"yoast_head":"<!-- This site is optimized with the Yoast SEO Premium plugin v25.6 (Yoast SEO v26.1.1) - https:\/\/yoast.com\/wordpress\/plugins\/seo\/ -->\n<title>Hoteles en Quito | Nature Galapagos &amp; Ecuador<\/title>\n<meta name=\"description\" content=\"Hoteles en Quito: En esta secci\u00f3n encontraras desde hoteles de 5 estrellas hasta hostales para mochilero, enfoc\u00e1ndonos en guiar al viajero! Informaci\u00f3n aqu\u00ed\" \/>\n<meta name=\"robots\" content=\"index, follow, max-snippet:-1, max-image-preview:large, max-video-preview:-1\" \/>\n<link rel=\"canonical\" href=\"https:\/\/naturegalapagos.com\/es\/hoteles-en-quito\/\" \/>\n<meta property=\"og:locale\" content=\"es_ES\" \/>\n<meta property=\"og:type\" content=\"article\" \/>\n<meta property=\"og:title\" content=\"Hoteles en Quito | Nature Galapagos &amp; Ecuador\" \/>\n<meta property=\"og:description\" content=\"Hoteles en Quito: En esta secci\u00f3n encontraras desde hoteles de 5 estrellas hasta hostales para mochilero, enfoc\u00e1ndonos en guiar al viajero! Informaci\u00f3n aqu\u00ed\" \/>\n<meta property=\"og:url\" content=\"https:\/\/naturegalapagos.com\/es\/hoteles-en-quito\/\" \/>\n<meta property=\"og:site_name\" content=\"Espa\u00f1ol - Nature Galapagos &amp; Ecuador\" \/>\n<meta property=\"article:publisher\" content=\"https:\/\/www.facebook.com\/naturegalapagosecuador\/\" \/>\n<meta property=\"article:modified_time\" content=\"2024-03-08T17:46:31+00:00\" \/>\n<meta property=\"og:image\" content=\"https:\/\/naturegalapagos.com\/es\/wp-content\/uploads\/sites\/3\/2015\/08\/Hoteles-Cerca-del-Aeropuerto-de-Quito.jpg\" \/>\n\t<meta property=\"og:image:width\" content=\"1920\" \/>\n\t<meta property=\"og:image:height\" content=\"900\" \/>\n\t<meta property=\"og:image:type\" content=\"image\/jpeg\" \/>\n<meta name=\"twitter:card\" content=\"summary_large_image\" \/>\n<meta name=\"twitter:title\" content=\"Hoteles en Quito | Nature Galapagos &amp; Ecuador\" \/>\n<meta name=\"twitter:description\" content=\"Hoteles en Quito: En esta secci\u00f3n encontraras desde hoteles de 5 estrellas hasta hostales para mochilero, enfoc\u00e1ndonos en guiar al viajero! Informaci\u00f3n aqu\u00ed\" \/>\n<meta name=\"twitter:site\" content=\"@naturegalapagos\" \/>\n<meta name=\"twitter:label1\" content=\"Tiempo de lectura\" \/>\n\t<meta name=\"twitter:data1\" content=\"1 minuto\" \/>\n<!-- \/ Yoast SEO Premium plugin. -->","yoast_head_json":{"title":"Hoteles en Quito | Nature Galapagos & Ecuador","description":"Hoteles en Quito: En esta secci\u00f3n encontraras desde hoteles de 5 estrellas hasta hostales para mochilero, enfoc\u00e1ndonos en guiar al viajero! Informaci\u00f3n aqu\u00ed","robots":{"index":"index","follow":"follow","max-snippet":"max-snippet:-1","max-image-preview":"max-image-preview:large","max-video-preview":"max-video-preview:-1"},"canonical":"https:\/\/naturegalapagos.com\/es\/hoteles-en-quito\/","og_locale":"es_ES","og_type":"article","og_title":"Hoteles en Quito | Nature Galapagos & Ecuador","og_description":"Hoteles en Quito: En esta secci\u00f3n encontraras desde hoteles de 5 estrellas hasta hostales para mochilero, enfoc\u00e1ndonos en guiar al viajero! Informaci\u00f3n aqu\u00ed","og_url":"https:\/\/naturegalapagos.com\/es\/hoteles-en-quito\/","og_site_name":"Espa\u00f1ol - Nature Galapagos &amp; Ecuador","article_publisher":"https:\/\/www.facebook.com\/naturegalapagosecuador\/","article_modified_time":"2024-03-08T17:46:31+00:00","og_image":[{"width":1920,"height":900,"url":"https:\/\/naturegalapagos.com\/es\/wp-content\/uploads\/sites\/3\/2015\/08\/Hoteles-Cerca-del-Aeropuerto-de-Quito.jpg","type":"image\/jpeg"}],"twitter_card":"summary_large_image","twitter_title":"Hoteles en Quito | Nature Galapagos & Ecuador","twitter_description":"Hoteles en Quito: En esta secci\u00f3n encontraras desde hoteles de 5 estrellas hasta hostales para mochilero, enfoc\u00e1ndonos en guiar al viajero! Informaci\u00f3n aqu\u00ed","twitter_site":"@naturegalapagos","twitter_misc":{"Tiempo de lectura":"1 minuto"},"schema":{"@context":"https:\/\/schema.org","@graph":[{"@type":"WebPage","@id":"https:\/\/naturegalapagos.com\/es\/hoteles-en-quito\/","url":"https:\/\/naturegalapagos.com\/es\/hoteles-en-quito\/","name":"Hoteles en Quito | Nature Galapagos & Ecuador","isPartOf":{"@id":"https:\/\/naturegalapagos.com\/es\/#website"},"datePublished":"2016-09-05T15:01:30+00:00","dateModified":"2024-03-08T17:46:31+00:00","description":"Hoteles en Quito: En esta secci\u00f3n encontraras desde hoteles de 5 estrellas hasta hostales para mochilero, enfoc\u00e1ndonos en guiar al viajero! Informaci\u00f3n aqu\u00ed","breadcrumb":{"@id":"https:\/\/naturegalapagos.com\/es\/hoteles-en-quito\/#breadcrumb"},"inLanguage":"es","potentialAction":[{"@type":"ReadAction","target":["https:\/\/naturegalapagos.com\/es\/hoteles-en-quito\/"]}]},{"@type":"BreadcrumbList","@id":"https:\/\/naturegalapagos.com\/es\/hoteles-en-quito\/#breadcrumb","itemListElement":[{"@type":"ListItem","position":1,"name":"Home","item":"https:\/\/naturegalapagos.com\/es\/"},{"@type":"ListItem","position":2,"name":"Hoteles en Quito"}]},{"@type":"WebSite","@id":"https:\/\/naturegalapagos.com\/es\/#website","url":"https:\/\/naturegalapagos.com\/es\/","name":"Espa\u00f1ol - Nature Galapagos & Ecuador","description":"","publisher":{"@id":"https:\/\/naturegalapagos.com\/es\/#organization"},"potentialAction":[{"@type":"SearchAction","target":{"@type":"EntryPoint","urlTemplate":"https:\/\/naturegalapagos.com\/es\/?s={search_term_string}"},"query-input":{"@type":"PropertyValueSpecification","valueRequired":true,"valueName":"search_term_string"}}],"inLanguage":"es"},{"@type":"Organization","@id":"https:\/\/naturegalapagos.com\/es\/#organization","name":"Espa\u00f1ol - Nature Galapagos & Ecuador","url":"https:\/\/naturegalapagos.com\/es\/","logo":{"@type":"ImageObject","inLanguage":"es","@id":"https:\/\/naturegalapagos.com\/es\/#\/schema\/logo\/image\/","url":"https:\/\/naturegalapagos.com\/es\/wp-content\/uploads\/sites\/3\/2016\/10\/Nature-Galapagos-Logo-COM-300x300.jpg","contentUrl":"https:\/\/naturegalapagos.com\/es\/wp-content\/uploads\/sites\/3\/2016\/10\/Nature-Galapagos-Logo-COM-300x300.jpg","width":300,"height":300,"caption":"Espa\u00f1ol - Nature Galapagos & Ecuador"},"image":{"@id":"https:\/\/naturegalapagos.com\/es\/#\/schema\/logo\/image\/"},"sameAs":["https:\/\/www.facebook.com\/naturegalapagosecuador\/","https:\/\/x.com\/naturegalapagos","https:\/\/www.instagram.com\/naturegalapagos\/","https:\/\/www.pinterest.com\/Naturegalapagos\/","https:\/\/www.youtube.com\/user\/NatureGalapagosTours"]}]}},"_links":{"self":[{"href":"https:\/\/naturegalapagos.com\/es\/wp-json\/wp\/v2\/pages\/3008","targetHints":{"allow":["GET"]}}],"collection":[{"href":"https:\/\/naturegalapagos.com\/es\/wp-json\/wp\/v2\/pages"}],"about":[{"href":"https:\/\/naturegalapagos.com\/es\/wp-json\/wp\/v2\/types\/page"}],"author":[{"embeddable":true,"href":"https:\/\/naturegalapagos.com\/es\/wp-json\/wp\/v2\/users\/2"}],"replies":[{"embeddable":true,"href":"https:\/\/naturegalapagos.com\/es\/wp-json\/wp\/v2\/comments?post=3008"}],"version-history":[{"count":0,"href":"https:\/\/naturegalapagos.com\/es\/wp-json\/wp\/v2\/pages\/3008\/revisions"}],"wp:attachment":[{"href":"https:\/\/naturegalapagos.com\/es\/wp-json\/wp\/v2\/media?parent=3008"}],"curies":[{"name":"wp","href":"https:\/\/api.w.org\/{rel}","templated":true}]}}