{"id":3233,"date":"2016-10-03T15:05:58","date_gmt":"2016-10-03T19:05:58","guid":{"rendered":"https:\/\/naturegalapagos.com\/es\/?page_id=3233"},"modified":"2023-12-02T16:51:47","modified_gmt":"2023-12-02T21:51:47","slug":"centro-de-pagos","status":"publish","type":"page","link":"https:\/\/naturegalapagos.com\/es\/centro-de-pagos\/","title":{"rendered":"Centro de Pagos"},"content":{"rendered":"<div class=\"wpb-content-wrapper\"><p>[vc_row][vc_column][vc_column_text]<span style=\"font-size: 12pt; font-family: arial, helvetica, sans-serif;\"><strong>Opciones de pago<\/strong><\/span><\/p>\n<hr \/>\n<div class=\"vc_row wpb_row vc_row-fluid\">\n<div class=\"wpb_column vc_column_container vc_col-sm-12\">\n<div class=\"vc_column-inner \">\n<div class=\"wpb_wrapper\">\n<div class=\"wpb_text_column wpb_content_element vc_custom_1405586842949\">\n<div class=\"wpb_wrapper\">\n<h4><span style=\"font-size: 12pt; font-family: arial, helvetica, sans-serif;\">Por transferencia bancaria:<\/span><\/h4>\n<ul>\n<li>Cuenta bancaria internacional: BANK OF AMERICA (Pregunte por los detalles).<\/li>\n<li>Nuestra cuenta bancaria local: BANCO PICHINCHA (Pregunte por los detalles).<\/li>\n<\/ul>\n<p><span style=\"font-size: 10pt; font-family: arial, helvetica, sans-serif;\"><strong>NOTA:<\/strong> Todas las tarifas de transferencia deben ser pagadas por el remitente. Por favor pregunte a su banco antes de hacer el pago.<\/span><\/p>\n<h4><span style=\"font-size: 12pt; font-family: arial, helvetica, sans-serif;\">Por otros m\u00e9todos de pago:<\/span><\/h4>\n<ul>\n<li>Western Union (Pregunte por los detalles).<\/li>\n<\/ul>\n<p><span style=\"font-size: 10pt; font-family: arial, helvetica, sans-serif;\"><strong>NOTA:<\/strong> Todas las tarifas de transferencia deben ser pagadas por el remitente. Por favor pregunte a su banco antes de hacer el pago.<\/span><\/p>\n<h4><span style=\"font-size: 12pt; font-family: arial, helvetica, sans-serif;\">Por tarjeta de cr\u00e9dito:<\/span><\/h4>\n<p><span style=\"font-family: arial, helvetica, sans-serif;\">Para pagar con PayPal, haga clic en PayPal e inicie sesi\u00f3n en su cuenta para confirmar el pago.<br \/>\nPara pagar con tarjeta de cr\u00e9dito, haga clic en el emisor de su tarjeta de cr\u00e9dito y complete la informaci\u00f3n.<\/span><\/p>\n<p><strong style=\"font-size: 14px;\">* NOTA:<\/strong><span style=\"font-size: 14px;\"> Ingrese la cantidad a pagar (el valor debe escribirse sin comas o puntos) antes de hacer clic en el m\u00e9todo de pago.<br \/>\n<\/span><strong style=\"font-size: 12px;\">** Recuerde, se cobra una tarifa del 8.00 % debido a gastos de intermediaci\u00f3n, EL CLIENTE DEBE ASUMIR ESTE VALOR **<\/strong><\/p><\/div>\n<\/div>\n<\/div>\n<\/div>\n<\/div>\n<\/div>\n<p>[\/vc_column_text][\/vc_column][\/vc_row][vc_row][vc_column width=&#8221;1\/4&#8243;][vc_raw_html]JTNDZm9ybSUyMGFjdGlvbiUzRCUyMmh0dHBzJTNBJTJGJTJGd3d3LnBheXBhbC5jb20lMkZjZ2ktYmluJTJGd2Vic2NyJTIyJTIwbWV0aG9kJTNEJTIycG9zdCUyMiUyMHRhcmdldCUzRCUyMl90b3AlMjIlM0UlMEElMjAlMjAlM0NpbnB1dCUyMHR5cGUlM0QlMjJoaWRkZW4lMjIlMjBuYW1lJTNEJTIyY21kJTIyJTIwdmFsdWUlM0QlMjJfcy14Y2xpY2slMjIlMjAlMkYlM0UlMEElMjAlMjAlM0NpbnB1dCUyMHR5cGUlM0QlMjJoaWRkZW4lMjIlMjBuYW1lJTNEJTIyaG9zdGVkX2J1dHRvbl9pZCUyMiUyMHZhbHVlJTNEJTIyTlJUNVozRDNNOEFBMiUyMiUyMCUyRiUzRSUwQSUyMCUyMCUzQ2lucHV0JTIwdHlwZSUzRCUyMmhpZGRlbiUyMiUyMG5hbWUlM0QlMjJjdXJyZW5jeV9jb2RlJTIyJTIwdmFsdWUlM0QlMjJVU0QlMjIlMjAlMkYlM0UlMEElMjAlMjAlM0NpbnB1dCUyMHR5cGUlM0QlMjJpbWFnZSUyMiUyMHNyYyUzRCUyMmh0dHBzJTNBJTJGJTJGd3d3LnBheXBhbG9iamVjdHMuY29tJTJGZW5fVVMlMkZpJTJGYnRuJTJGYnRuX2J1eW5vd0NDX0xHLmdpZiUyMiUyMGJvcmRlciUzRCUyMjAlMjIlMjBuYW1lJTNEJTIyc3VibWl0JTIyJTIwdGl0bGUlM0QlMjJQYXlQYWwlMjAtJTIwVGhlJTIwc2FmZXIlMkMlMjBlYXNpZXIlMjB3YXklMjB0byUyMHBheSUyMG9ubGluZSUyMSUyMiUyMGFsdCUzRCUyMkJ1eSUyME5vdyUyMiUyMCUyRiUzRSUwQSUzQyUyRmZvcm0lM0U=[\/vc_raw_html][\/vc_column][vc_column width=&#8221;3\/4&#8243;][\/vc_column][\/vc_row][vc_row][vc_column][vc_column_text]<strong style=\"font-size: 10pt;\">**Recuerde, una cuota del 8.00 % se cobra debido a temas de intermediaci\u00f3n, EL CLIENTE DEBE ASUMIR ESTE VALOR**<\/strong><\/p>\n<div class=\"vc_row wpb_row vc_row-fluid\">\n<div class=\"wpb_column vc_column_container vc_col-sm-12\">\n<div class=\"vc_column-inner \">\n<div class=\"wpb_wrapper\">\n<div class=\"wpb_text_column wpb_content_element vc_custom_1405586842949\">\n<div class=\"wpb_wrapper\">\n<form action=\"https:\/\/www.paypal.com\/cgi-bin\/webscr\" method=\"post\" target=\"_top\">\n<p><span style=\"font-size: 10pt;\"><strong>NOTA:<\/strong> El sistema adicionara autom\u00e1ticamente el 8.00% m\u00e1s al total del monto, como gasto de transferencia a nuestro banco local. Usted recibir\u00e1 un correo electr\u00f3nico de PayPal que confirmar\u00e1 su pago. Aseg\u00farese de guardar esta informaci\u00f3n para nuestra referencia. Gracias por elegirnos!<\/span><\/p>\n<p><span style=\"font-size: 10pt;\"><a title=\"Booking &amp; Payment Policies\" href=\"https:\/\/naturegalapagos.com\/es\/pagos-politicas-cancelacion\/\">Nature Galapagos &amp; Ecuador \u2013 Pagos y Pol\u00edticas de Reservaci\u00f3n<\/a><\/span><\/p>\n<h3><span style=\"font-size: 10pt;\">El Grupo Nature Gal\u00e1pagos &amp; Ecuador est\u00e1 formado por:<\/span><\/h3>\n<\/form>\n<\/div>\n<\/div>\n<\/div>\n<\/div>\n<\/div>\n<\/div>\n<p>[\/vc_column_text][\/vc_column][\/vc_row][vc_row][vc_column width=&#8221;1\/4&#8243;][\/vc_column][vc_column width=&#8221;1\/4&#8243;][vc_single_image image=&#8221;4222&#8243; img_size=&#8221;medium&#8221;][\/vc_column][vc_column width=&#8221;1\/4&#8243;][vc_single_image image=&#8221;5458&#8243; img_size=&#8221;full&#8221; alignment=&#8221;center&#8221;][\/vc_column][vc_column width=&#8221;1\/4&#8243;][\/vc_column][\/vc_row]<\/p>\n<\/div>","protected":false},"excerpt":{"rendered":"<p>[vc_row][vc_column][vc_column_text]Opciones de pago Por transferencia bancaria: Cuenta bancaria internacional: BANK OF AMERICA (Pregunte por los detalles). Nuestra cuenta bancaria local: BANCO PICHINCHA (Pregunte por los detalles). NOTA: Todas las tarifas de transferencia deben ser pagadas por el remitente. Por favor pregunte a su banco antes de hacer el pago. Por otros m\u00e9todos de pago: Western<\/p>\n<div class=\"padding-top text-center\"><a href=\"https:\/\/naturegalapagos.com\/es\/centro-de-pagos\/\" class=\"atbtn atbtn--medium atbtn--rounded atbtn--transparent\">Leer m\u00e1s<i class=\"atbtn__icon atbtn__icon--right fa fa-long-arrow-right\"><\/i><\/a><\/div>\n","protected":false},"author":2,"featured_media":0,"parent":0,"menu_order":0,"comment_status":"closed","ping_status":"closed","template":"","meta":{"_joinchat":[],"footnotes":""},"class_list":["post-3233","page","type-page","status-publish","hentry"],"yoast_head":"<!-- This site is optimized with the Yoast SEO Premium plugin v25.6 (Yoast SEO v26.1.1) - https:\/\/yoast.com\/wordpress\/plugins\/seo\/ -->\n<title>Centro de Pagos | Nature Galapagos &amp; Ecuador<\/title>\n<meta name=\"description\" content=\"En esta secci\u00f3n se encuentra nuestro bot\u00f3n de pagos para realizar transacciones directas mediante Paypal para los pagos de nuestros servicios tur\u00edsticos!\" \/>\n<meta name=\"robots\" content=\"index, follow, max-snippet:-1, max-image-preview:large, max-video-preview:-1\" \/>\n<link rel=\"canonical\" href=\"https:\/\/naturegalapagos.com\/es\/centro-de-pagos\/\" \/>\n<meta property=\"og:locale\" content=\"es_ES\" \/>\n<meta property=\"og:type\" content=\"article\" \/>\n<meta property=\"og:title\" content=\"Centro de Pagos | Nature Galapagos &amp; Ecuador\" \/>\n<meta property=\"og:description\" content=\"En esta secci\u00f3n se encuentra nuestro bot\u00f3n de pagos para realizar transacciones directas mediante Paypal para los pagos de nuestros servicios tur\u00edsticos!\" \/>\n<meta property=\"og:url\" content=\"https:\/\/naturegalapagos.com\/es\/centro-de-pagos\/\" \/>\n<meta property=\"og:site_name\" content=\"Espa\u00f1ol - Nature Galapagos &amp; Ecuador\" \/>\n<meta property=\"article:publisher\" content=\"https:\/\/www.facebook.com\/naturegalapagosecuador\/\" \/>\n<meta property=\"article:modified_time\" content=\"2023-12-02T21:51:47+00:00\" \/>\n<meta name=\"twitter:card\" content=\"summary_large_image\" \/>\n<meta name=\"twitter:title\" content=\"Centro de Pagos | Nature Galapagos &amp; Ecuador\" \/>\n<meta name=\"twitter:description\" content=\"En esta secci\u00f3n se encuentra nuestro bot\u00f3n de pagos para realizar transacciones directas mediante Paypal para los pagos de nuestros servicios tur\u00edsticos!\" \/>\n<meta name=\"twitter:site\" content=\"@naturegalapagos\" \/>\n<meta name=\"twitter:label1\" content=\"Tiempo de lectura\" \/>\n\t<meta name=\"twitter:data1\" content=\"2 minutos\" \/>\n<!-- \/ Yoast SEO Premium plugin. -->","yoast_head_json":{"title":"Centro de Pagos | Nature Galapagos & Ecuador","description":"En esta secci\u00f3n se encuentra nuestro bot\u00f3n de pagos para realizar transacciones directas mediante Paypal para los pagos de nuestros servicios tur\u00edsticos!","robots":{"index":"index","follow":"follow","max-snippet":"max-snippet:-1","max-image-preview":"max-image-preview:large","max-video-preview":"max-video-preview:-1"},"canonical":"https:\/\/naturegalapagos.com\/es\/centro-de-pagos\/","og_locale":"es_ES","og_type":"article","og_title":"Centro de Pagos | Nature Galapagos & Ecuador","og_description":"En esta secci\u00f3n se encuentra nuestro bot\u00f3n de pagos para realizar transacciones directas mediante Paypal para los pagos de nuestros servicios tur\u00edsticos!","og_url":"https:\/\/naturegalapagos.com\/es\/centro-de-pagos\/","og_site_name":"Espa\u00f1ol - Nature Galapagos &amp; Ecuador","article_publisher":"https:\/\/www.facebook.com\/naturegalapagosecuador\/","article_modified_time":"2023-12-02T21:51:47+00:00","twitter_card":"summary_large_image","twitter_title":"Centro de Pagos | Nature Galapagos & Ecuador","twitter_description":"En esta secci\u00f3n se encuentra nuestro bot\u00f3n de pagos para realizar transacciones directas mediante Paypal para los pagos de nuestros servicios tur\u00edsticos!","twitter_site":"@naturegalapagos","twitter_misc":{"Tiempo de lectura":"2 minutos"},"schema":{"@context":"https:\/\/schema.org","@graph":[{"@type":"WebPage","@id":"https:\/\/naturegalapagos.com\/es\/centro-de-pagos\/","url":"https:\/\/naturegalapagos.com\/es\/centro-de-pagos\/","name":"Centro de Pagos | Nature Galapagos & Ecuador","isPartOf":{"@id":"https:\/\/naturegalapagos.com\/es\/#website"},"datePublished":"2016-10-03T19:05:58+00:00","dateModified":"2023-12-02T21:51:47+00:00","description":"En esta secci\u00f3n se encuentra nuestro bot\u00f3n de pagos para realizar transacciones directas mediante Paypal para los pagos de nuestros servicios tur\u00edsticos!","breadcrumb":{"@id":"https:\/\/naturegalapagos.com\/es\/centro-de-pagos\/#breadcrumb"},"inLanguage":"es","potentialAction":[{"@type":"ReadAction","target":["https:\/\/naturegalapagos.com\/es\/centro-de-pagos\/"]}]},{"@type":"BreadcrumbList","@id":"https:\/\/naturegalapagos.com\/es\/centro-de-pagos\/#breadcrumb","itemListElement":[{"@type":"ListItem","position":1,"name":"Home","item":"https:\/\/naturegalapagos.com\/es\/"},{"@type":"ListItem","position":2,"name":"Centro de Pagos"}]},{"@type":"WebSite","@id":"https:\/\/naturegalapagos.com\/es\/#website","url":"https:\/\/naturegalapagos.com\/es\/","name":"Espa\u00f1ol - Nature Galapagos & Ecuador","description":"","publisher":{"@id":"https:\/\/naturegalapagos.com\/es\/#organization"},"potentialAction":[{"@type":"SearchAction","target":{"@type":"EntryPoint","urlTemplate":"https:\/\/naturegalapagos.com\/es\/?s={search_term_string}"},"query-input":{"@type":"PropertyValueSpecification","valueRequired":true,"valueName":"search_term_string"}}],"inLanguage":"es"},{"@type":"Organization","@id":"https:\/\/naturegalapagos.com\/es\/#organization","name":"Espa\u00f1ol - Nature Galapagos & Ecuador","url":"https:\/\/naturegalapagos.com\/es\/","logo":{"@type":"ImageObject","inLanguage":"es","@id":"https:\/\/naturegalapagos.com\/es\/#\/schema\/logo\/image\/","url":"https:\/\/naturegalapagos.com\/es\/wp-content\/uploads\/sites\/3\/2016\/10\/Nature-Galapagos-Logo-COM-300x300.jpg","contentUrl":"https:\/\/naturegalapagos.com\/es\/wp-content\/uploads\/sites\/3\/2016\/10\/Nature-Galapagos-Logo-COM-300x300.jpg","width":300,"height":300,"caption":"Espa\u00f1ol - Nature Galapagos & Ecuador"},"image":{"@id":"https:\/\/naturegalapagos.com\/es\/#\/schema\/logo\/image\/"},"sameAs":["https:\/\/www.facebook.com\/naturegalapagosecuador\/","https:\/\/x.com\/naturegalapagos","https:\/\/www.instagram.com\/naturegalapagos\/","https:\/\/www.pinterest.com\/Naturegalapagos\/","https:\/\/www.youtube.com\/user\/NatureGalapagosTours"]}]}},"_links":{"self":[{"href":"https:\/\/naturegalapagos.com\/es\/wp-json\/wp\/v2\/pages\/3233","targetHints":{"allow":["GET"]}}],"collection":[{"href":"https:\/\/naturegalapagos.com\/es\/wp-json\/wp\/v2\/pages"}],"about":[{"href":"https:\/\/naturegalapagos.com\/es\/wp-json\/wp\/v2\/types\/page"}],"author":[{"embeddable":true,"href":"https:\/\/naturegalapagos.com\/es\/wp-json\/wp\/v2\/users\/2"}],"replies":[{"embeddable":true,"href":"https:\/\/naturegalapagos.com\/es\/wp-json\/wp\/v2\/comments?post=3233"}],"version-history":[{"count":0,"href":"https:\/\/naturegalapagos.com\/es\/wp-json\/wp\/v2\/pages\/3233\/revisions"}],"wp:attachment":[{"href":"https:\/\/naturegalapagos.com\/es\/wp-json\/wp\/v2\/media?parent=3233"}],"curies":[{"name":"wp","href":"https:\/\/api.w.org\/{rel}","templated":true}]}}