{"id":4123,"date":"2017-09-12T18:06:22","date_gmt":"2017-09-12T22:06:22","guid":{"rendered":"https:\/\/naturegalapagos.com\/es\/?page_id=4123"},"modified":"2017-09-12T18:18:47","modified_gmt":"2017-09-12T22:18:47","slug":"requisito-seguro-de-salud-turistas-que-ingresen-a-ecuador","status":"publish","type":"page","link":"https:\/\/naturegalapagos.com\/es\/requisito-seguro-de-salud-turistas-que-ingresen-a-ecuador\/","title":{"rendered":"Seguro de Salud Para Turistas que Ingresen a Ecuador | Comunicado del Ministerio de Turismo"},"content":{"rendered":"<blockquote><p>Queridos Viajeros,<\/p>\n<p>El Ministerio de Turismo de Ecuador ha emitido una nueva ley para todos los visitantes a Ecuador y las Islas Gal\u00e1pagos. A partir de agosto de 2018, ser\u00e1 requisito contar con un seguro de salud para la duraci\u00f3n de la estancia en el pa\u00eds. Esto es obligatorio para todos los extranjeros que ingresan a Ecuador como turistas. A continuaci\u00f3n puede encontrar el comunicado oficial emitido por el Ministerio de Turismo.<\/p>\n<p>&nbsp;<\/p><\/blockquote>\n<hr \/>\n<p><strong>COMUNICADO OFFICIAL DEL MINISTERIO DE TURISMO DEL ECUADOR<\/strong><\/p>\n<p>El Ministerio de Turismo informa a la industria tur\u00edstica, que el Seguro de Salud para turistas que ingresen al pa\u00eds, tendr\u00e1 vigencia y aplicaci\u00f3n a partir de su promulgaci\u00f3n en el Registro Oficial N\u00b0938, de 06 de Febrero de 2017, y de manera espec\u00edfica, a los art\u00edculos 53 y 56 de la referida Ley, relacionados con \u201cObligaciones de las personas extranjeras que ingresan al pa\u00eds en calidad de turistas, las que deber\u00e1n contar con un seguro de salud p\u00fablico o privado por el tiempo de su estad\u00eda en el Ecuador en todas las categor\u00edas migratorias, con excepci\u00f3n de las personas que se movilicen en las zonas de integraci\u00f3n fronteriza\u2026\u201d. El mismo que se exigir\u00e1 desde el mes de Febrero del 2018.<\/p>\n<p>En este sentido, queremos recalcar que de acuerdo al Decreto N\u00b0 111 del 03 de Agosto del 2017, y en base a la transitoria N\u00b0 4: \u201cEl requisito de seguro de salud por el tiempo de permanencia para las personas extranjeras que ingresan al Ecuador, ser\u00e1 exigible en los ciento ochenta (180) d\u00edas posteriores a la entrada en vigencia del presente Reglamento\u201d (contados a partir del 03 de Agosto del 2017). Mientras transcurre este periodo, se realizar\u00e1 la aplicaci\u00f3n de la Ley Org\u00e1nica de Movilidad en el sentido m\u00e1s favorable a las personas.<\/p>\n<p>Adicionalmente informamos que un equipo t\u00e9cnico del Ministerio de Turismo de Ecuador se encuentra trabajando en los instrumentos legales correspondientes.<\/p>\n<p>Este comunicado se emite para responder a consultas realizadas a esta Secretar\u00eda de Estado para desvirtuar cualquier comunicado extraoficial que se est\u00e9 socializando entre los gremios, asociaciones, prestadores de servicios tur\u00edsticos y comunidades locales, sobre las modificaciones realizadas a la Ley Org\u00e1nica de Movilidad Humana, con informaci\u00f3n que no se ajusta a la realidad.<\/p>\n<hr \/>\n<p>&nbsp;<\/p>\n<blockquote><p>En caso de que no tenga un seguro de salud que cubra viajes al extranjero \u00a0y est\u00e9 planeando venir a Ecuador a partir de esta fecha, por favor h\u00e1ganoslo saber, podemos proporcionarle un seguro de salud de salud para viajeros para la duraci\u00f3n de su estancia en Ecuador. Uno de nuestros agentes de viajes le ayudar\u00e1 con esto.<\/p>\n<p><strong>P\u00f3ngase en contacto con nosotros para m\u00e1s informaci\u00f3n:<\/strong><\/p>\n<p><a href=\"mailto:info@naturegalapagos.com\">info@naturegalapagos.com<br \/>\n<\/a>(845) 345-3204 (USA &amp; Canada)<br \/>\n(593) 2 244 0241 \/ (593) 2 243 6469 (Ecuador)<br \/>\n(593) 9 8755 5420 (Calls &amp; Whatsapp)<br \/>\n(593) 9 92747 880 (Solo Emergencias)<\/p><\/blockquote>\n","protected":false},"excerpt":{"rendered":"<p>Queridos Viajeros, El Ministerio de Turismo de Ecuador ha emitido una nueva ley para todos los visitantes a Ecuador y las Islas Gal\u00e1pagos. A partir de agosto de 2018, ser\u00e1 requisito contar con un seguro de salud para la duraci\u00f3n de la estancia en el pa\u00eds. Esto es obligatorio para todos los extranjeros que ingresan<\/p>\n<div class=\"padding-top text-center\"><a href=\"https:\/\/naturegalapagos.com\/es\/requisito-seguro-de-salud-turistas-que-ingresen-a-ecuador\/\" class=\"atbtn atbtn--medium atbtn--rounded atbtn--transparent\">Leer m\u00e1s<i class=\"atbtn__icon atbtn__icon--right fa fa-long-arrow-right\"><\/i><\/a><\/div>\n","protected":false},"author":2,"featured_media":4124,"parent":0,"menu_order":0,"comment_status":"closed","ping_status":"closed","template":"","meta":{"_joinchat":[],"footnotes":""},"class_list":["post-4123","page","type-page","status-publish","has-post-thumbnail","hentry"],"yoast_head":"<!-- This site is optimized with the Yoast SEO Premium plugin v25.6 (Yoast SEO v26.1.1) - https:\/\/yoast.com\/wordpress\/plugins\/seo\/ -->\n<title>Seguro de Salud Para Turistas que Ingresen a Ecuador<\/title>\n<meta name=\"description\" content=\"Ministerio de Turismo de Ecuador ha emitido una nueva ley para los visitantes a Ecuador y Gal\u00e1pagos. Seguro de Salud Para Turistas que Ingresen a Ecuador\" \/>\n<meta name=\"robots\" content=\"index, follow, max-snippet:-1, max-image-preview:large, max-video-preview:-1\" \/>\n<link rel=\"canonical\" href=\"https:\/\/naturegalapagos.com\/es\/requisito-seguro-de-salud-turistas-que-ingresen-a-ecuador\/\" \/>\n<meta property=\"og:locale\" content=\"es_ES\" \/>\n<meta property=\"og:type\" content=\"article\" \/>\n<meta property=\"og:title\" content=\"Seguro de Salud Para Turistas que Ingresen a Ecuador | Comunicado del Ministerio de Turismo\" \/>\n<meta property=\"og:description\" content=\"Ministerio de Turismo de Ecuador ha emitido una nueva ley para los visitantes a Ecuador y Gal\u00e1pagos. Seguro de Salud Para Turistas que Ingresen a Ecuador\" \/>\n<meta property=\"og:url\" content=\"https:\/\/naturegalapagos.com\/es\/requisito-seguro-de-salud-turistas-que-ingresen-a-ecuador\/\" \/>\n<meta property=\"og:site_name\" content=\"Espa\u00f1ol - Nature Galapagos &amp; Ecuador\" \/>\n<meta property=\"article:publisher\" content=\"https:\/\/www.facebook.com\/naturegalapagosecuador\/\" \/>\n<meta property=\"article:modified_time\" content=\"2017-09-12T22:18:47+00:00\" \/>\n<meta property=\"og:image\" content=\"https:\/\/naturegalapagos.com\/es\/wp-content\/uploads\/sites\/3\/2017\/09\/seguro-de-salud-para-turistas-que-ingresen-a-ecuador.jpg\" \/>\n\t<meta property=\"og:image:width\" content=\"1140\" \/>\n\t<meta property=\"og:image:height\" content=\"512\" \/>\n\t<meta property=\"og:image:type\" content=\"image\/jpeg\" \/>\n<meta name=\"twitter:card\" content=\"summary_large_image\" \/>\n<meta name=\"twitter:site\" content=\"@naturegalapagos\" \/>\n<meta name=\"twitter:label1\" content=\"Tiempo de lectura\" \/>\n\t<meta name=\"twitter:data1\" content=\"2 minutos\" \/>\n<!-- \/ Yoast SEO Premium plugin. -->","yoast_head_json":{"title":"Seguro de Salud Para Turistas que Ingresen a Ecuador","description":"Ministerio de Turismo de Ecuador ha emitido una nueva ley para los visitantes a Ecuador y Gal\u00e1pagos. Seguro de Salud Para Turistas que Ingresen a Ecuador","robots":{"index":"index","follow":"follow","max-snippet":"max-snippet:-1","max-image-preview":"max-image-preview:large","max-video-preview":"max-video-preview:-1"},"canonical":"https:\/\/naturegalapagos.com\/es\/requisito-seguro-de-salud-turistas-que-ingresen-a-ecuador\/","og_locale":"es_ES","og_type":"article","og_title":"Seguro de Salud Para Turistas que Ingresen a Ecuador | Comunicado del Ministerio de Turismo","og_description":"Ministerio de Turismo de Ecuador ha emitido una nueva ley para los visitantes a Ecuador y Gal\u00e1pagos. Seguro de Salud Para Turistas que Ingresen a Ecuador","og_url":"https:\/\/naturegalapagos.com\/es\/requisito-seguro-de-salud-turistas-que-ingresen-a-ecuador\/","og_site_name":"Espa\u00f1ol - Nature Galapagos &amp; Ecuador","article_publisher":"https:\/\/www.facebook.com\/naturegalapagosecuador\/","article_modified_time":"2017-09-12T22:18:47+00:00","og_image":[{"width":1140,"height":512,"url":"https:\/\/naturegalapagos.com\/es\/wp-content\/uploads\/sites\/3\/2017\/09\/seguro-de-salud-para-turistas-que-ingresen-a-ecuador.jpg","type":"image\/jpeg"}],"twitter_card":"summary_large_image","twitter_site":"@naturegalapagos","twitter_misc":{"Tiempo de lectura":"2 minutos"},"schema":{"@context":"https:\/\/schema.org","@graph":[{"@type":"WebPage","@id":"https:\/\/naturegalapagos.com\/es\/requisito-seguro-de-salud-turistas-que-ingresen-a-ecuador\/","url":"https:\/\/naturegalapagos.com\/es\/requisito-seguro-de-salud-turistas-que-ingresen-a-ecuador\/","name":"Seguro de Salud Para Turistas que Ingresen a Ecuador","isPartOf":{"@id":"https:\/\/naturegalapagos.com\/es\/#website"},"primaryImageOfPage":{"@id":"https:\/\/naturegalapagos.com\/es\/requisito-seguro-de-salud-turistas-que-ingresen-a-ecuador\/#primaryimage"},"image":{"@id":"https:\/\/naturegalapagos.com\/es\/requisito-seguro-de-salud-turistas-que-ingresen-a-ecuador\/#primaryimage"},"thumbnailUrl":"https:\/\/naturegalapagos.com\/es\/wp-content\/uploads\/sites\/3\/2017\/09\/seguro-de-salud-para-turistas-que-ingresen-a-ecuador.jpg","datePublished":"2017-09-12T22:06:22+00:00","dateModified":"2017-09-12T22:18:47+00:00","description":"Ministerio de Turismo de Ecuador ha emitido una nueva ley para los visitantes a Ecuador y Gal\u00e1pagos. Seguro de Salud Para Turistas que Ingresen a Ecuador","breadcrumb":{"@id":"https:\/\/naturegalapagos.com\/es\/requisito-seguro-de-salud-turistas-que-ingresen-a-ecuador\/#breadcrumb"},"inLanguage":"es","potentialAction":[{"@type":"ReadAction","target":["https:\/\/naturegalapagos.com\/es\/requisito-seguro-de-salud-turistas-que-ingresen-a-ecuador\/"]}]},{"@type":"ImageObject","inLanguage":"es","@id":"https:\/\/naturegalapagos.com\/es\/requisito-seguro-de-salud-turistas-que-ingresen-a-ecuador\/#primaryimage","url":"https:\/\/naturegalapagos.com\/es\/wp-content\/uploads\/sites\/3\/2017\/09\/seguro-de-salud-para-turistas-que-ingresen-a-ecuador.jpg","contentUrl":"https:\/\/naturegalapagos.com\/es\/wp-content\/uploads\/sites\/3\/2017\/09\/seguro-de-salud-para-turistas-que-ingresen-a-ecuador.jpg","width":1140,"height":512,"caption":"seguro-de-salud-para-turistas-que-ingresen-a-ecuador"},{"@type":"BreadcrumbList","@id":"https:\/\/naturegalapagos.com\/es\/requisito-seguro-de-salud-turistas-que-ingresen-a-ecuador\/#breadcrumb","itemListElement":[{"@type":"ListItem","position":1,"name":"Home","item":"https:\/\/naturegalapagos.com\/es\/"},{"@type":"ListItem","position":2,"name":"Seguro de Salud Para Turistas que Ingresen a Ecuador | Comunicado del Ministerio de Turismo"}]},{"@type":"WebSite","@id":"https:\/\/naturegalapagos.com\/es\/#website","url":"https:\/\/naturegalapagos.com\/es\/","name":"Espa\u00f1ol - Nature Galapagos & Ecuador","description":"","publisher":{"@id":"https:\/\/naturegalapagos.com\/es\/#organization"},"potentialAction":[{"@type":"SearchAction","target":{"@type":"EntryPoint","urlTemplate":"https:\/\/naturegalapagos.com\/es\/?s={search_term_string}"},"query-input":{"@type":"PropertyValueSpecification","valueRequired":true,"valueName":"search_term_string"}}],"inLanguage":"es"},{"@type":"Organization","@id":"https:\/\/naturegalapagos.com\/es\/#organization","name":"Espa\u00f1ol - Nature Galapagos & Ecuador","url":"https:\/\/naturegalapagos.com\/es\/","logo":{"@type":"ImageObject","inLanguage":"es","@id":"https:\/\/naturegalapagos.com\/es\/#\/schema\/logo\/image\/","url":"https:\/\/naturegalapagos.com\/es\/wp-content\/uploads\/sites\/3\/2016\/10\/Nature-Galapagos-Logo-COM-300x300.jpg","contentUrl":"https:\/\/naturegalapagos.com\/es\/wp-content\/uploads\/sites\/3\/2016\/10\/Nature-Galapagos-Logo-COM-300x300.jpg","width":300,"height":300,"caption":"Espa\u00f1ol - Nature Galapagos & Ecuador"},"image":{"@id":"https:\/\/naturegalapagos.com\/es\/#\/schema\/logo\/image\/"},"sameAs":["https:\/\/www.facebook.com\/naturegalapagosecuador\/","https:\/\/x.com\/naturegalapagos","https:\/\/www.instagram.com\/naturegalapagos\/","https:\/\/www.pinterest.com\/Naturegalapagos\/","https:\/\/www.youtube.com\/user\/NatureGalapagosTours"]}]}},"_links":{"self":[{"href":"https:\/\/naturegalapagos.com\/es\/wp-json\/wp\/v2\/pages\/4123","targetHints":{"allow":["GET"]}}],"collection":[{"href":"https:\/\/naturegalapagos.com\/es\/wp-json\/wp\/v2\/pages"}],"about":[{"href":"https:\/\/naturegalapagos.com\/es\/wp-json\/wp\/v2\/types\/page"}],"author":[{"embeddable":true,"href":"https:\/\/naturegalapagos.com\/es\/wp-json\/wp\/v2\/users\/2"}],"replies":[{"embeddable":true,"href":"https:\/\/naturegalapagos.com\/es\/wp-json\/wp\/v2\/comments?post=4123"}],"version-history":[{"count":0,"href":"https:\/\/naturegalapagos.com\/es\/wp-json\/wp\/v2\/pages\/4123\/revisions"}],"wp:featuredmedia":[{"embeddable":true,"href":"https:\/\/naturegalapagos.com\/es\/wp-json\/wp\/v2\/media\/4124"}],"wp:attachment":[{"href":"https:\/\/naturegalapagos.com\/es\/wp-json\/wp\/v2\/media?parent=4123"}],"curies":[{"name":"wp","href":"https:\/\/api.w.org\/{rel}","templated":true}]}}