{"id":1295,"date":"2024-12-05T16:51:56","date_gmt":"2024-12-05T21:51:56","guid":{"rendered":"http:\/\/naturegalapagos.com\/es\/cruceros-galapagos\/sea-star-journey-lujo"},"modified":"2024-12-31T11:34:03","modified_gmt":"2024-12-31T16:34:03","slug":"cruceros-galapagosla-pinta-crucero-lujo","status":"publish","type":"product","link":"https:\/\/naturegalapagos.com\/es\/cruceros-galapagos\/la-pinta-crucero-lujo\/","title":{"rendered":"M\/Y La Pinta Gal\u00e1pagos"},"content":{"rendered":"<div class=\"wpb-content-wrapper\"><p>[vc_row][vc_column][vc_column_text]<\/p>\n<div style=\"display: flex; justify-content: end; margin-bottom: 10px;\"><a href=\"https:\/\/naturegalapagos.com\/es\/ofertas-de-viajes\/\" target=\"_blank\" rel=\"noopener\"><img decoding=\"async\" src=\"https:\/\/naturegalapagos.com\/es\/wp-content\/uploads\/sites\/3\/2019\/11\/las-minute-deals-gif_Final_espa\u00f1ol.gif\" alt=\"Ofertas de viaje de \u00faltimo minuto\" width=\"227.5\" height=\"77.25\" \/><\/a><\/div>\n<h2><span style=\"font-family: arial, helvetica, sans-serif;\"><strong>Descripci\u00f3n del M\/Y La Pinta Gal\u00e1pagos:<\/strong><\/span><\/h2>\n<p><span style=\"font-family: arial, helvetica, sans-serif;\">La Pinta\u00a0es el resultado de 5 d\u00e9cadas\u00a0de trayectoria en la Islas Gal\u00e1pagos, se acom\u00f3da a su necesidades bas\u00e1ndose en sugerencias realizadas por capitanes, l\u00edderes de expedici\u00f3n, dirigentes de grandes hoteles y hu\u00e9spedes a lo largo de los a\u00f1os<\/span><\/p>\n<p><span style=\"font-family: arial, helvetica, sans-serif;\">Es uno de los m\u00e1s modernos yates, cuenta con capacidad para 48 personas, amplias \u00e1reas sociales, cubierta con mirador, ventanas en los camarotes, jacuzzi, gimnasio, kayaks,\u00a0piso de cristal en ciertas \u00e1reas, sol\u00e1rium,\u00a0sillas para tomar sol. Ideal para viajantes que buscan una sofisticada experiencia por las Islas.<\/span><\/p>\n<h3><span style=\"font-family: arial, helvetica, sans-serif; font-size: 16px;\"><strong>CARACTER\u00cdSTICAS PRINCIPALES<\/strong><\/span><\/h3>\n<p><span style=\"font-family: arial, helvetica, sans-serif;\">El M\/Y La Pinta Gal\u00e1pagos, por su parte, cuenta con uno de los mejores y m\u00e1s amplios espacios en sus cabinas, superando a muchas otras embarcaciones de las Islas Gal\u00e1pagos. Adem\u00e1s, ofrece una gran experiencia que brinda amplitud para alojar a alrededor de 48 pasajeros.<\/span><\/p>\n<p><span style=\"font-family: arial, helvetica, sans-serif;\">Asimismo, todas las cabinas cuentan con amplias ventanas corredizas, permitiendo disfrutar de vistas espectaculares.<\/span><\/p>\n<p><span style=\"font-family: arial, helvetica, sans-serif;\">Por si fuera poco, un Gu\u00eda Naturalista de Gal\u00e1pagos Nivel III escolta todas las excursiones. Finalmente, los pasajeros pueden acceder a WiFi e internet, aunque con velocidad limitada e intermitencia.<\/span><\/p>\n<h3><span style=\"font-family: arial, helvetica, sans-serif;\">Servicios e instalaciones de La pinta Gal\u00e1pagos:<\/span><\/h3>\n<div class=\"bwg-title1\">\n<ul>\n<li class=\"bwg-title2\"><span style=\"font-family: arial, helvetica, sans-serif;\">Kayaking<\/span><\/li>\n<li class=\"bwg-title2\"><span style=\"font-family: arial, helvetica, sans-serif;\">Paddleboarding<\/span><\/li>\n<li class=\"bwg-title2\"><span style=\"font-family: arial, helvetica, sans-serif;\">Bote inflable<\/span><\/li>\n<li class=\"bwg-title2\"><span style=\"font-family: arial, helvetica, sans-serif;\">Bote con fondo de vidrio<\/span><\/li>\n<li class=\"bwg-title2\"><span style=\"font-family: arial, helvetica, sans-serif;\">Snorkeling<\/span><\/li>\n<li class=\"bwg-title2\"><span style=\"font-family: arial, helvetica, sans-serif;\">Traje de neopreno<\/span><\/li>\n<li class=\"bwg-title2\"><span style=\"font-family: arial, helvetica, sans-serif;\">Terraza exterior<\/span><\/li>\n<li class=\"bwg-title2\"><span style=\"font-family: arial, helvetica, sans-serif;\">Wi-Fi<\/span><\/li>\n<li class=\"bwg-title2\"><span style=\"font-family: arial, helvetica, sans-serif;\">Restaurante<\/span><\/li>\n<li class=\"bwg-title2\"><span style=\"font-family: arial, helvetica, sans-serif;\">Bar<\/span><\/li>\n<li class=\"bwg-title2\"><span style=\"font-family: arial, helvetica, sans-serif;\">Biblioteca<\/span><\/li>\n<li class=\"bwg-title2\"><span style=\"font-family: arial, helvetica, sans-serif;\">Aire acondicionado<\/span><\/li>\n<li class=\"bwg-title2\"><span style=\"font-family: arial, helvetica, sans-serif;\">Jacuzzi<\/span><\/li>\n<li class=\"bwg-title2\"><span style=\"font-family: arial, helvetica, sans-serif;\">Gimnasio<\/span><\/li>\n<li class=\"bwg-title2\"><span style=\"font-family: arial, helvetica, sans-serif;\">Tel\u00e9fono satelital<\/span>\n<div>\n<div class=\"bwg-title1\">\n<div class=\"bwg-title1\">\n<div class=\"bwg-item\">\n<div class=\"bwg-item0\">\n<div class=\"bwg-item1\">\n<div class=\"bwg-item\">\n<div class=\"bwg-item0\">\n<div class=\"bwg-item1\">\n<div class=\"bwg-title1\">\n<div class=\"bwg-title1\">\n<div class=\"bwg-title1\">\n<div class=\"bwg-item\">\n<div class=\"bwg-item0\">\n<div class=\"bwg-item1\">\n<div class=\"bwg-title1\">\n<div class=\"bwg-title1\">\n<div class=\"bwg-item\"><\/div>\n<\/div>\n<\/div>\n<\/div>\n<\/div>\n<\/div>\n<\/div>\n<\/div>\n<\/div>\n<\/div>\n<\/div>\n<\/div>\n<\/div>\n<\/div>\n<\/div>\n<\/div>\n<\/div>\n<\/div>\n<\/li>\n<\/ul>\n<div class=\"bwg-item\">\n<div class=\"bwg-title1\"><\/div>\n<\/div>\n<\/div>\n<h3 style=\"text-align: justify;\"><span style=\"font-family: arial, helvetica, sans-serif; font-size: 20px;\"><strong>Cabinas:<\/strong><\/span><\/h3>\n<p style=\"text-align: justify;\"><span style=\"font-family: arial, helvetica, sans-serif;\">Cuenta con 20 cabinas dobles <strong>as\u00ed como<\/strong> 4 cabinas triples. <strong>Adem\u00e1s<\/strong>, todas las camas pueden usarse separadas o unidas, dependiendo de la necesidad del hu\u00e9sped. <strong>Por otro lado<\/strong>, cuatro cabinas se pueden interconectar, lo cual es ideal para amigos y familiares que viajan juntos.<\/span><\/p>\n<div id=\"gallery_1\" class=\"gallery\">\n<div class=\"row gallery__items\">\n\t\t\t\t\t<div class=\"col-sm-12 gallery__item-wrap\" data-filterid=\"\">\n\t\t\t<a href=\"https:\/\/naturegalapagos.com\/es\/wp-content\/uploads\/sites\/3\/2023\/12\/planos-decks-yacht-la-pinta.webp\" class=\"swipebox gallery__item\" title=\"planos-decks-yacht-la-pinta\">\n\t\t\t\t<img decoding=\"async\" width=\"720\" height=\"480\" src=\"https:\/\/naturegalapagos.com\/es\/wp-content\/uploads\/sites\/3\/2023\/12\/planos-decks-yacht-la-pinta-720x480.webp\" class=\"attachment-thumb_gallery size-thumb_gallery\" alt=\"Planos del yate La Pinta\" srcset=\"https:\/\/naturegalapagos.com\/es\/wp-content\/uploads\/sites\/3\/2023\/12\/planos-decks-yacht-la-pinta-720x480.webp 720w, https:\/\/naturegalapagos.com\/es\/wp-content\/uploads\/sites\/3\/2023\/12\/planos-decks-yacht-la-pinta-531x354.webp 531w, https:\/\/naturegalapagos.com\/es\/wp-content\/uploads\/sites\/3\/2023\/12\/planos-decks-yacht-la-pinta-180x120.webp 180w\" sizes=\"(max-width: 720px) 100vw, 720px\" \/>\t\t\t\t<span class=\"gallery__item__info\">\n\t\t\t\t\t<span class=\"gallery__item__info__content\">\n\t\t\t\t\t\t<span class=\"gallery__item__title\">planos-decks-yacht-la-pinta<\/span>\n\t\t\t\t\t\t\t\t\t\t<\/span>\n\t\t\t\t\t<span class=\"gallery__item__shadow\"><\/span>\n\t\t\t\t<\/span>\n\t\t\t<\/a>\n\t\t<\/div>\n\t<\/div>\n<\/div>\n<table style=\"width: 779.5px;\" border=\"0\" cellspacing=\"0\" cellpadding=\"0\" align=\"center\">\n<tbody>\n<tr style=\"background-color: #e7e7e7;\">\n<th style=\"width: 783.5px;\" colspan=\"2\" align=\"center\"><span style=\"font-family: arial, helvetica, sans-serif;\">Especificaciones T\u00e9cnicas<\/span><\/th>\n<\/tr>\n<tr>\n<td style=\"width: 100px;\"><span style=\"font-family: arial, helvetica, sans-serif;\"><strong>Eslora:<\/strong><\/span><\/td>\n<td style=\"width: 683.5px;\"><span style=\"font-family: arial, helvetica, sans-serif;\">63.87 metros (209.49 pies)<\/span><\/td>\n<\/tr>\n<tr>\n<td style=\"width: 100px;\"><span style=\"font-family: arial, helvetica, sans-serif;\"><strong>Viga:<\/strong><\/span><\/td>\n<td style=\"width: 683.5px;\"><span style=\"font-family: arial, helvetica, sans-serif;\">12.50 metros (41 pies)<\/span><\/td>\n<\/tr>\n<tr>\n<td style=\"width: 100px;\"><span style=\"font-family: arial, helvetica, sans-serif;\"><strong>Motores:<\/strong><\/span><\/td>\n<td style=\"width: 683.5px;\"><span style=\"font-family: arial, helvetica, sans-serif;\">\u00a02 DEUTZ Modelo SBA 8M 1275 hp<\/span><\/td>\n<\/tr>\n<tr>\n<td style=\"width: 100px;\"><span style=\"font-family: arial, helvetica, sans-serif;\"><strong>Velocidad<\/strong>:<\/span><\/td>\n<td style=\"width: 683.5px;\"><span style=\"font-family: arial, helvetica, sans-serif;\">\u00a010 nudos<\/span><\/td>\n<\/tr>\n<tr>\n<td style=\"width: 100px;\"><span style=\"font-family: arial, helvetica, sans-serif;\"><strong>Tripulaci\u00f3n:\u00a0<\/strong><\/span><\/td>\n<td style=\"width: 683.5px;\"><span style=\"font-family: arial, helvetica, sans-serif;\">\u00a027 personas incluyendo oficiales; 4\u00a0gu\u00edas naturalistas multiling\u00fces y un m\u00e9dico permanentemente a bordo.<\/span><\/td>\n<\/tr>\n<tr>\n<td style=\"width: 100px;\"><span style=\"font-family: arial, helvetica, sans-serif;\"><strong>Capacidad:<\/strong><\/span><\/td>\n<td style=\"width: 683.5px;\"><span style=\"font-family: arial, helvetica, sans-serif;\">\u00a048 pasajeros<\/span><\/td>\n<\/tr>\n<tr>\n<td style=\"width: 100px;\"><span style=\"font-family: arial, helvetica, sans-serif;\"><strong>Reconstruido:\u00a0<\/strong><\/span><\/td>\n<td style=\"width: 683.5px;\"><span style=\"font-family: arial, helvetica, sans-serif;\">\u00a0Callao, Peru, 2007<\/span><\/td>\n<\/tr>\n<tr>\n<td style=\"width: 100px;\"><span style=\"font-family: arial, helvetica, sans-serif;\"><strong>Electricidad:<\/strong><\/span><\/td>\n<td style=\"width: 683.5px;\"><span style=\"font-family: arial, helvetica, sans-serif;\">\u00a0110-220 voltios 50Hz<\/span><\/td>\n<\/tr>\n<tr>\n<td style=\"width: 100px;\"><span style=\"font-family: arial, helvetica, sans-serif;\"><strong>Equipamiento de seguridad:<\/strong><\/span><\/td>\n<td style=\"width: 683.5px;\"><span style=\"font-family: arial, helvetica, sans-serif;\">Equipo de Navegaci\u00f3n: girocomp\u00e1s, piloto autom\u00e1tico, radar.<br \/>\nCertificado de Seguridad: SOLAS, STCW, MARPOL, c\u00f3digo ISM 12<br \/>\nDetector de humo: Autom\u00e1tico.<br \/>\nChalecos salvavidas: En cada cabina.<br \/>\nBotes salvavidas inflables: 2 unidades: capacidad 50 personas c\/u \u2013 6 unidades: capacidad: 25 personas c\/u.<\/span><\/td>\n<\/tr>\n<\/tbody>\n<\/table>\n<p>[\/vc_column_text][\/vc_column][\/vc_row][vc_row][vc_column][vc_column_text]\n<div class=\"panel panel-default accordion__item\">\n\t<div class=\"panel-heading accordion__item__title-wrap\">\n\t\t<h4 class=\"panel-title\">\n\t\t\t<a data-toggle=\"collapse\" data-parent=\"#ataccordion0\" href=\"#ataccordion0_1\" class=\"accordion__item__link collapsed\">Solicite m\u00e1s informaci\u00f3n<\/a>\n\t\t<\/h4>\n\t<\/div>\n\t<div id=\"ataccordion0_1\" class=\"panel-collapse collapse\">\n\t\t<div class=\"panel-body accordion__item__content\">\n                <div class=\"ml-embedded\" data-form=\"E8Qx4R\"><\/div>\n            \n<\/div>\n\t<\/div>\n<\/div>[\/vc_column_text][\/vc_column][\/vc_row]<\/p>\n<\/div>","protected":false},"excerpt":{"rendered":"<p>La Pinta\u00a0es el resultado de 5 d\u00e9cadas\u00a0de trayectoria en la Islas Gal\u00e1pagos, se acom\u00f3da a su necesidades bas\u00e1ndose en sugerencias realizadas por capitanes, l\u00edderes de expedici\u00f3n, dirigentes de grandes hoteles y hu\u00e9spedes a lo largo de los a\u00f1os<\/p>\n","protected":false},"featured_media":1932,"comment_status":"open","ping_status":"closed","template":"","meta":{"_joinchat":[]},"product_brand":[],"product_cat":[3599],"product_tag":[],"class_list":{"0":"post-1295","1":"product","2":"type-product","3":"status-publish","4":"has-post-thumbnail","6":"product_cat-sin-categoria","7":"tour_category-crucero-de-lujo","9":"first","10":"instock","11":"taxable","12":"shipping-taxable","13":"product-type-tour"},"yoast_head":"<!-- This site is optimized with the Yoast SEO Premium plugin v25.6 (Yoast SEO v26.1.1) - https:\/\/yoast.com\/wordpress\/plugins\/seo\/ -->\n<title>M\/Y La Pinta Gal\u00e1pagos Crucero de Lujo<\/title>\n<meta name=\"description\" content=\"La Pinta Gal\u00e1pagos acoge aproximadamente a 48 pasajeros recorriendo las Islas Gal\u00e1pagos, ofrece cruceros de 4, 5 y 8 d\u00edas, variado y atractivo itinerario.\" \/>\n<meta name=\"robots\" content=\"index, follow, max-snippet:-1, max-image-preview:large, max-video-preview:-1\" \/>\n<link rel=\"canonical\" href=\"https:\/\/naturegalapagos.com\/es\/cruceros-galapagos\/la-pinta-crucero-lujo\/\" \/>\n<meta property=\"og:locale\" content=\"es_ES\" \/>\n<meta property=\"og:type\" content=\"article\" \/>\n<meta property=\"og:title\" content=\"M\/Y La Pinta Gal\u00e1pagos Crucero de Lujo\" \/>\n<meta property=\"og:description\" content=\"La Pinta Gal\u00e1pagos acoge aproximadamente a 48 pasajeros recorriendo las Islas Gal\u00e1pagos, ofrece cruceros de 4, 5 y 8 d\u00edas, variado y atractivo itinerario.\" \/>\n<meta property=\"og:url\" content=\"https:\/\/naturegalapagos.com\/es\/cruceros-galapagos\/la-pinta-crucero-lujo\/\" \/>\n<meta property=\"og:site_name\" content=\"Espa\u00f1ol - Nature Galapagos &amp; Ecuador\" \/>\n<meta property=\"article:publisher\" content=\"https:\/\/www.facebook.com\/naturegalapagosecuador\/\" \/>\n<meta property=\"article:modified_time\" content=\"2024-12-31T16:34:03+00:00\" \/>\n<meta property=\"og:image\" content=\"https:\/\/naturegalapagos.com\/es\/wp-content\/uploads\/sites\/3\/2015\/01\/la-pinta-galapagos.jpg\" \/>\n\t<meta property=\"og:image:width\" content=\"1024\" \/>\n\t<meta property=\"og:image:height\" content=\"512\" \/>\n\t<meta property=\"og:image:type\" content=\"image\/jpeg\" \/>\n<meta name=\"twitter:card\" content=\"summary_large_image\" \/>\n<meta name=\"twitter:title\" content=\"M\/Y La Pinta Gal\u00e1pagos Crucero de Lujo\" \/>\n<meta name=\"twitter:description\" content=\"La Pinta Gal\u00e1pagos acoge aproximadamente a 48 pasajeros recorriendo las Islas Gal\u00e1pagos, ofrece cruceros de 4, 5 y 8 d\u00edas, variado y atractivo itinerario.\" \/>\n<meta name=\"twitter:site\" content=\"@naturegalapagos\" \/>\n<meta name=\"twitter:label1\" content=\"Tiempo de lectura\" \/>\n\t<meta name=\"twitter:data1\" content=\"3 minutos\" \/>\n<!-- \/ Yoast SEO Premium plugin. -->","yoast_head_json":{"title":"M\/Y La Pinta Gal\u00e1pagos Crucero de Lujo","description":"La Pinta Gal\u00e1pagos acoge aproximadamente a 48 pasajeros recorriendo las Islas Gal\u00e1pagos, ofrece cruceros de 4, 5 y 8 d\u00edas, variado y atractivo itinerario.","robots":{"index":"index","follow":"follow","max-snippet":"max-snippet:-1","max-image-preview":"max-image-preview:large","max-video-preview":"max-video-preview:-1"},"canonical":"https:\/\/naturegalapagos.com\/es\/cruceros-galapagos\/la-pinta-crucero-lujo\/","og_locale":"es_ES","og_type":"article","og_title":"M\/Y La Pinta Gal\u00e1pagos Crucero de Lujo","og_description":"La Pinta Gal\u00e1pagos acoge aproximadamente a 48 pasajeros recorriendo las Islas Gal\u00e1pagos, ofrece cruceros de 4, 5 y 8 d\u00edas, variado y atractivo itinerario.","og_url":"https:\/\/naturegalapagos.com\/es\/cruceros-galapagos\/la-pinta-crucero-lujo\/","og_site_name":"Espa\u00f1ol - Nature Galapagos &amp; Ecuador","article_publisher":"https:\/\/www.facebook.com\/naturegalapagosecuador\/","article_modified_time":"2024-12-31T16:34:03+00:00","og_image":[{"width":1024,"height":512,"url":"https:\/\/naturegalapagos.com\/es\/wp-content\/uploads\/sites\/3\/2015\/01\/la-pinta-galapagos.jpg","type":"image\/jpeg"}],"twitter_card":"summary_large_image","twitter_title":"M\/Y La Pinta Gal\u00e1pagos Crucero de Lujo","twitter_description":"La Pinta Gal\u00e1pagos acoge aproximadamente a 48 pasajeros recorriendo las Islas Gal\u00e1pagos, ofrece cruceros de 4, 5 y 8 d\u00edas, variado y atractivo itinerario.","twitter_site":"@naturegalapagos","twitter_misc":{"Tiempo de lectura":"3 minutos"},"schema":{"@context":"https:\/\/schema.org","@graph":[{"@type":"WebPage","@id":"https:\/\/naturegalapagos.com\/es\/cruceros-galapagos\/la-pinta-crucero-lujo\/","url":"https:\/\/naturegalapagos.com\/es\/cruceros-galapagos\/la-pinta-crucero-lujo\/","name":"M\/Y La Pinta Gal\u00e1pagos Crucero de Lujo","isPartOf":{"@id":"https:\/\/naturegalapagos.com\/es\/#website"},"primaryImageOfPage":{"@id":"https:\/\/naturegalapagos.com\/es\/cruceros-galapagos\/la-pinta-crucero-lujo\/#primaryimage"},"image":{"@id":"https:\/\/naturegalapagos.com\/es\/cruceros-galapagos\/la-pinta-crucero-lujo\/#primaryimage"},"thumbnailUrl":"https:\/\/naturegalapagos.com\/es\/wp-content\/uploads\/sites\/3\/2015\/01\/la-pinta-galapagos.jpg","datePublished":"2024-12-05T21:51:56+00:00","dateModified":"2024-12-31T16:34:03+00:00","description":"La Pinta Gal\u00e1pagos acoge aproximadamente a 48 pasajeros recorriendo las Islas Gal\u00e1pagos, ofrece cruceros de 4, 5 y 8 d\u00edas, variado y atractivo itinerario.","breadcrumb":{"@id":"https:\/\/naturegalapagos.com\/es\/cruceros-galapagos\/la-pinta-crucero-lujo\/#breadcrumb"},"inLanguage":"es","potentialAction":[{"@type":"ReadAction","target":["https:\/\/naturegalapagos.com\/es\/cruceros-galapagos\/la-pinta-crucero-lujo\/"]}]},{"@type":"ImageObject","inLanguage":"es","@id":"https:\/\/naturegalapagos.com\/es\/cruceros-galapagos\/la-pinta-crucero-lujo\/#primaryimage","url":"https:\/\/naturegalapagos.com\/es\/wp-content\/uploads\/sites\/3\/2015\/01\/la-pinta-galapagos.jpg","contentUrl":"https:\/\/naturegalapagos.com\/es\/wp-content\/uploads\/sites\/3\/2015\/01\/la-pinta-galapagos.jpg","width":1024,"height":512,"caption":"La Pinta Galapagos"},{"@type":"BreadcrumbList","@id":"https:\/\/naturegalapagos.com\/es\/cruceros-galapagos\/la-pinta-crucero-lujo\/#breadcrumb","itemListElement":[{"@type":"ListItem","position":1,"name":"Home","item":"https:\/\/naturegalapagos.com\/es\/"},{"@type":"ListItem","position":2,"name":"Tienda","item":"https:\/\/naturegalapagos.com\/es\/tienda\/"},{"@type":"ListItem","position":3,"name":"M\/Y La Pinta Gal\u00e1pagos"}]},{"@type":"WebSite","@id":"https:\/\/naturegalapagos.com\/es\/#website","url":"https:\/\/naturegalapagos.com\/es\/","name":"Espa\u00f1ol - Nature Galapagos & Ecuador","description":"","publisher":{"@id":"https:\/\/naturegalapagos.com\/es\/#organization"},"potentialAction":[{"@type":"SearchAction","target":{"@type":"EntryPoint","urlTemplate":"https:\/\/naturegalapagos.com\/es\/?s={search_term_string}"},"query-input":{"@type":"PropertyValueSpecification","valueRequired":true,"valueName":"search_term_string"}}],"inLanguage":"es"},{"@type":"Organization","@id":"https:\/\/naturegalapagos.com\/es\/#organization","name":"Espa\u00f1ol - Nature Galapagos & Ecuador","url":"https:\/\/naturegalapagos.com\/es\/","logo":{"@type":"ImageObject","inLanguage":"es","@id":"https:\/\/naturegalapagos.com\/es\/#\/schema\/logo\/image\/","url":"https:\/\/naturegalapagos.com\/es\/wp-content\/uploads\/sites\/3\/2016\/10\/Nature-Galapagos-Logo-COM-300x300.jpg","contentUrl":"https:\/\/naturegalapagos.com\/es\/wp-content\/uploads\/sites\/3\/2016\/10\/Nature-Galapagos-Logo-COM-300x300.jpg","width":300,"height":300,"caption":"Espa\u00f1ol - Nature Galapagos & Ecuador"},"image":{"@id":"https:\/\/naturegalapagos.com\/es\/#\/schema\/logo\/image\/"},"sameAs":["https:\/\/www.facebook.com\/naturegalapagosecuador\/","https:\/\/x.com\/naturegalapagos","https:\/\/www.instagram.com\/naturegalapagos\/","https:\/\/www.pinterest.com\/Naturegalapagos\/","https:\/\/www.youtube.com\/user\/NatureGalapagosTours"]}]}},"_links":{"self":[{"href":"https:\/\/naturegalapagos.com\/es\/wp-json\/wp\/v2\/product\/1295","targetHints":{"allow":["GET"]}}],"collection":[{"href":"https:\/\/naturegalapagos.com\/es\/wp-json\/wp\/v2\/product"}],"about":[{"href":"https:\/\/naturegalapagos.com\/es\/wp-json\/wp\/v2\/types\/product"}],"replies":[{"embeddable":true,"href":"https:\/\/naturegalapagos.com\/es\/wp-json\/wp\/v2\/comments?post=1295"}],"wp:featuredmedia":[{"embeddable":true,"href":"https:\/\/naturegalapagos.com\/es\/wp-json\/wp\/v2\/media\/1932"}],"wp:attachment":[{"href":"https:\/\/naturegalapagos.com\/es\/wp-json\/wp\/v2\/media?parent=1295"}],"wp:term":[{"taxonomy":"product_brand","embeddable":true,"href":"https:\/\/naturegalapagos.com\/es\/wp-json\/wp\/v2\/product_brand?post=1295"},{"taxonomy":"product_cat","embeddable":true,"href":"https:\/\/naturegalapagos.com\/es\/wp-json\/wp\/v2\/product_cat?post=1295"},{"taxonomy":"product_tag","embeddable":true,"href":"https:\/\/naturegalapagos.com\/es\/wp-json\/wp\/v2\/product_tag?post=1295"}],"curies":[{"name":"wp","href":"https:\/\/api.w.org\/{rel}","templated":true}]}}