{"id":1308,"date":"2024-12-31T11:28:13","date_gmt":"2024-12-31T16:28:13","guid":{"rendered":""},"modified":"2024-12-31T11:28:40","modified_gmt":"2024-12-31T16:28:40","slug":"isabela-ii-crucero-galapagos","status":"publish","type":"product","link":"https:\/\/naturegalapagos.com\/es\/cruceros-galapagos\/isabela-II-crucero-lujo\/","title":{"rendered":"M\/V Isabela II Crucero Gal\u00e1pagos"},"content":{"rendered":"<div class=\"wpb-content-wrapper\"><div style=\"display: flex; justify-content: end; margin-bottom: 10px;\"><span style=\"font-family: arial, helvetica, sans-serif;\"><a href=\"https:\/\/naturegalapagos.com\/es\/ofertas-de-viajes\/\" target=\"_blank\" rel=\"noopener\"><img decoding=\"async\" src=\"https:\/\/naturegalapagos.com\/es\/wp-content\/uploads\/sites\/3\/2019\/11\/las-minute-deals-gif_Final_espa\u00f1ol.gif\" alt=\"Oferta de cruceros en Gal\u00e1pagos\" width=\"227.5\" height=\"77.25\" \/><\/a><\/span><\/div>\n<h2><span style=\"font-family: arial, helvetica, sans-serif;\"><strong>Descripci\u00f3n del M\/V Isabela II Crucero Gal\u00e1pagos:<\/strong><\/span><\/h2>\n<p><span style=\"font-family: arial, helvetica, sans-serif;\">La embarcaci\u00f3n en <strong>Isabela II Crucero Gal\u00e1pagos<\/strong> cuenta con excelentes est\u00e1ndares de calidad, incluyendo un buen servicio y personal cuidadosamente escogido, junto con los mejor calificados gu\u00edas naturalistas multiling\u00fces, sin dejar de lado el amplio men\u00fa basado en exquisita cocina internacinal y seleccionados platos ecuatorianos 100% frescos.<\/span><\/p>\n<p><span style=\"font-family: arial, helvetica, sans-serif;\">Las 16 cabinas cl\u00e1sicas y las 2 cabinas dobles del\u00a0M\/V Isabela II, construidas para explorar las Islas Gal\u00e1pagos, fueron completamente renovadas en el a\u00f1o 2000, siendo redise\u00f1adas en su interior y exterior.<\/span><\/p>\n<h3><span style=\"font-family: arial, helvetica, sans-serif; font-size: 20px;\"><strong>Caracter\u00edsticas principales<\/strong><\/span><\/h3>\n<ul>\n<li><span style=\"font-family: arial, helvetica, sans-serif;\">El M\/V Isabela Crucero Gal\u00e1pagos es parte de nuestra selecci\u00f3n de catamaranes de lujo<\/span><\/li>\n<li><span style=\"font-family: arial, helvetica, sans-serif;\">Esta embarcaci\u00f3n le brinda confort, gran estabilidad y amplitud para alojar al rededor de 40 pasajeros.<\/span><\/li>\n<li><span style=\"font-family: arial, helvetica, sans-serif;\">El plan de viaje incluye actividades diarias como excursiones en tierra, snorkel y paseos.<\/span><\/li>\n<li><span style=\"font-family: arial, helvetica, sans-serif;\">Gu\u00eda Naturalista de Gal\u00e1pagos Nivel III escolta todas las excursiones.<\/span><\/li>\n<li><span style=\"font-family: arial, helvetica, sans-serif;\">WiFi y acceso a internet (intermitente y poca velocidad).<\/span><\/li>\n<\/ul>\n<h3 style=\"text-align: justify;\"><span style=\"font-family: arial, helvetica, sans-serif; font-size: 20px;\"><strong>Cabinas:<\/strong><\/span><\/h3>\n<p style=\"text-align: justify;\"><span style=\"font-family: arial, helvetica, sans-serif;\">16 cabinas cl\u00e1sicas twin y 2 cabinas cl\u00e1sicas dobles, 1 cabina est\u00e1ndar , ubicadas alrededor de los pasillos exteriores.<\/span><br \/>\n<span style=\"font-family: arial, helvetica, sans-serif;\"> En la cubierta principal, podr\u00e1 ereservar tanmbi\u00e9n en la cabina\u00a0Owner\u2019s, perfectamente ubicada en el \u00e1rea social del barco.\u00a02 suites principales (cama doble + sof\u00e1 cama), 2 suites junior (camas twin\u00a0+ sof\u00e1 cama), 4 cabinas superiores (camas twin), 2 cabinas superiores (camas dobles), 7 cabinas est\u00e1ndar (camas twin), 1 cabina est\u00e1ndar (cama doble) y 1 cabina est\u00e1ndar\u00a0(cama simple).<\/span><\/p>\n<table style=\"width: 537.5px;\" border=\"0\" cellspacing=\"0\" cellpadding=\"0\" align=\"center\">\n<tbody>\n<tr style=\"height: 24px; background-color: #e6e6e6;\">\n<th style=\"width: 548.5px; height: 24px;\" colspan=\"2\" align=\"center\">\n<h4><span style=\"font-family: arial, helvetica, sans-serif;\"><strong>Especificaciones t\u00e9cnicas\u00a0<\/strong><\/span><\/h4>\n<\/th>\n<\/tr>\n<tr style=\"height: 24px;\">\n<td style=\"width: 112px; height: 24px;\"><span style=\"font-family: arial, helvetica, sans-serif;\"><strong>Eslora:<\/strong><\/span><\/td>\n<td style=\"width: 436.5px; height: 24px;\"><span style=\"font-family: arial, helvetica, sans-serif;\">55.94 metros (183 pies)<\/span><\/td>\n<\/tr>\n<tr style=\"height: 24px;\">\n<td style=\"width: 112px; height: 24px;\"><span style=\"font-family: arial, helvetica, sans-serif;\"><strong>Viga:<\/strong><\/span><\/td>\n<td style=\"width: 436.5px; height: 24px;\"><span style=\"font-family: arial, helvetica, sans-serif;\">\u00a011.58 metros (38 pies)<\/span><\/td>\n<\/tr>\n<tr style=\"height: 24px;\">\n<td style=\"width: 112px; height: 24px;\"><span style=\"font-family: arial, helvetica, sans-serif;\"><strong>Motores:<\/strong><\/span><\/td>\n<td style=\"width: 436.5px; height: 24px;\"><span style=\"font-family: arial, helvetica, sans-serif;\">\u00a02 GM Detroit Diesel 900 BHP cada uno<\/span><\/td>\n<\/tr>\n<tr style=\"height: 24px;\">\n<td style=\"width: 112px; height: 24px;\"><span style=\"font-family: arial, helvetica, sans-serif;\"><b>Velocidad<\/b>:<\/span><\/td>\n<td style=\"width: 436.5px; height: 24px;\"><span style=\"font-family: arial, helvetica, sans-serif;\">\u00a010 nudos<\/span><\/td>\n<\/tr>\n<tr style=\"height: 24px;\">\n<td style=\"width: 112px; height: 24px;\"><span style=\"font-family: arial, helvetica, sans-serif;\"><strong>Tripulaci\u00f3n:<\/strong><\/span><\/td>\n<td style=\"width: 436.5px; height: 24px;\"><span style=\"font-family: arial, helvetica, sans-serif;\">\u00a026; 3 guias naturalistas multiling\u00faes y m\u00e9dico permanente a bordo<\/span><\/td>\n<\/tr>\n<tr style=\"height: 24px;\">\n<td style=\"width: 112px; height: 24px;\"><span style=\"font-family: arial, helvetica, sans-serif;\"><strong>Capacidad:<\/strong><\/span><\/td>\n<td style=\"width: 436.5px; height: 24px;\"><span style=\"font-family: arial, helvetica, sans-serif;\">\u00a040 pasajeros<\/span><\/td>\n<\/tr>\n<tr style=\"height: 24px;\">\n<td style=\"width: 112px; height: 24px;\"><span style=\"font-family: arial, helvetica, sans-serif;\"><strong>Reconstruido:\u00a0<\/strong><\/span><\/td>\n<td style=\"width: 436.5px; height: 24px;\"><span style=\"font-family: arial, helvetica, sans-serif;\">\u00a0Pensacola, Florida, 1988<\/span><\/td>\n<\/tr>\n<tr style=\"height: 24.8125px;\">\n<td style=\"width: 112px; height: 24.8125px;\"><span style=\"font-family: arial, helvetica, sans-serif;\"><strong>Electricidad:<\/strong><\/span><\/td>\n<td style=\"width: 436.5px; height: 24.8125px;\"><span style=\"font-family: arial, helvetica, sans-serif;\">\u00a0110 Voltios \u00a060 Hz. \/ 220 Voltios 60 Hz<\/span><\/td>\n<\/tr>\n<tr style=\"height: 24px;\">\n<td style=\"width: 112px; height: 24px;\"><span style=\"font-family: arial, helvetica, sans-serif;\"><strong>Equipamiento de seguridad:<\/strong><\/span><\/td>\n<td style=\"width: 436.5px; height: 24px;\"><span style=\"font-family: arial, helvetica, sans-serif;\">Equipo de Navegaci\u00f3n: girocomp\u00e1s, piloto autom\u00e1tico, radar.<br \/>\nCertificado de Seguridad: SOLAS 74 \u2013 ISM and ISPS \u2013 MARPOL<br \/>\nDetector de humo: Autom\u00e1tico.<br \/>\nChalecos salvavidas: En cada cabina.<br \/>\nBotes salvavidas: 2 unidades \/ capacidad: 27 personas c\/u.<br \/>\nBalsas salvavidas: 2 unidades 20-25 personas.<\/span><\/td>\n<\/tr>\n<\/tbody>\n<\/table>\n<p>&nbsp;<\/p>\n<p>[vc_row][vc_column][vc_column_text]\n<div class=\"panel panel-default accordion__item\">\n\t<div class=\"panel-heading accordion__item__title-wrap\">\n\t\t<h4 class=\"panel-title\">\n\t\t\t<a data-toggle=\"collapse\" data-parent=\"#ataccordion0\" href=\"#ataccordion0_1\" class=\"accordion__item__link collapsed\">Solicite m\u00e1s informaci\u00f3n<\/a>\n\t\t<\/h4>\n\t<\/div>\n\t<div id=\"ataccordion0_1\" class=\"panel-collapse collapse\">\n\t\t<div class=\"panel-body accordion__item__content\">\n                <div class=\"ml-embedded\" data-form=\"qyL6Db\"><\/div>\n            \n<\/div>\n\t<\/div>\n<\/div>[\/vc_column_text][\/vc_column][\/vc_row]<\/p>\n<\/div>","protected":false},"excerpt":{"rendered":"<p>Descripci\u00f3n del M\/V Isabela II Crucero Gal\u00e1pagos: La embarcaci\u00f3n en Isabela II Crucero Gal\u00e1pagos cuenta con excelentes est\u00e1ndares de calidad, incluyendo un buen servicio y personal cuidadosamente escogido, junto con los mejor calificados gu\u00edas naturalistas multiling\u00fces, sin dejar de lado el amplio men\u00fa basado en exquisita cocina internacinal y seleccionados platos ecuatorianos 100% frescos. Las<\/p>\n<div class=\"padding-top text-center\"><a href=\"https:\/\/naturegalapagos.com\/es\/cruceros-galapagos\/isabela-II-crucero-lujo\/\" class=\"atbtn atbtn--medium atbtn--rounded atbtn--transparent\">Leer m\u00e1s<i class=\"atbtn__icon atbtn__icon--right fa fa-long-arrow-right\"><\/i><\/a><\/div>\n","protected":false},"featured_media":1938,"comment_status":"open","ping_status":"closed","template":"","meta":{"_joinchat":[]},"product_brand":[],"product_cat":[3599],"product_tag":[],"class_list":{"0":"post-1308","1":"product","2":"type-product","3":"status-publish","4":"has-post-thumbnail","6":"product_cat-sin-categoria","7":"tour_category-crucero-de-lujo","9":"first","10":"instock","11":"taxable","12":"shipping-taxable","13":"product-type-tour"},"yoast_head":"<!-- This site is optimized with the Yoast SEO Premium plugin v25.6 (Yoast SEO v26.1.1) - https:\/\/yoast.com\/wordpress\/plugins\/seo\/ -->\n<title>M\/V Isabela II Crucero Gal\u00e1pagos | Barco de Lujo<\/title>\n<meta name=\"description\" content=\"Isabela II crucero Gal\u00e1pagos acoge aproximadamente a 40 pasajeros recorriendo las Islas Gal\u00e1pagos, ofrece instalaciones de lujo. Cruceros de 4, 5 y 7 d\u00edas.\" \/>\n<meta name=\"robots\" content=\"index, follow, max-snippet:-1, max-image-preview:large, max-video-preview:-1\" \/>\n<link rel=\"canonical\" href=\"https:\/\/naturegalapagos.com\/es\/cruceros-galapagos\/isabela-II-crucero-lujo\/\" \/>\n<meta property=\"og:locale\" content=\"es_ES\" \/>\n<meta property=\"og:type\" content=\"article\" \/>\n<meta property=\"og:title\" content=\"M\/V Isabela II Crucero Gal\u00e1pagos Barco de Lujo\" \/>\n<meta property=\"og:description\" content=\"Isabela II crucero Gal\u00e1pagos acoge aproximadamente a 40 pasajeros recorriendo las Islas Gal\u00e1pagos, ofrece instalaciones de lujo. Cruceros de 4, 5 y 7 d\u00edas.\" \/>\n<meta property=\"og:url\" content=\"https:\/\/naturegalapagos.com\/es\/cruceros-galapagos\/isabela-II-crucero-lujo\/\" \/>\n<meta property=\"og:site_name\" content=\"Espa\u00f1ol - Nature Galapagos &amp; Ecuador\" \/>\n<meta property=\"article:publisher\" content=\"https:\/\/www.facebook.com\/naturegalapagosecuador\/\" \/>\n<meta property=\"article:modified_time\" content=\"2024-12-31T16:28:40+00:00\" \/>\n<meta property=\"og:image\" content=\"https:\/\/naturegalapagos.com\/es\/wp-content\/uploads\/sites\/3\/2016\/06\/Isabela-II-crucero-Galapagos.jpg\" \/>\n\t<meta property=\"og:image:width\" content=\"1024\" \/>\n\t<meta property=\"og:image:height\" content=\"512\" \/>\n\t<meta property=\"og:image:type\" content=\"image\/jpeg\" \/>\n<meta name=\"twitter:card\" content=\"summary_large_image\" \/>\n<meta name=\"twitter:title\" content=\"M\/V Isabela II Crucero Gal\u00e1pagos Barco de Lujo\" \/>\n<meta name=\"twitter:description\" content=\"Isabela II crucero Gal\u00e1pagos acoge aproximadamente a 40 pasajeros recorriendo las Islas Gal\u00e1pagos, ofrece instalaciones de lujo. Cruceros de 4, 5 y 7 d\u00edas.\" \/>\n<meta name=\"twitter:site\" content=\"@naturegalapagos\" \/>\n<meta name=\"twitter:label1\" content=\"Tiempo de lectura\" \/>\n\t<meta name=\"twitter:data1\" content=\"2 minutos\" \/>\n<!-- \/ Yoast SEO Premium plugin. -->","yoast_head_json":{"title":"M\/V Isabela II Crucero Gal\u00e1pagos | Barco de Lujo","description":"Isabela II crucero Gal\u00e1pagos acoge aproximadamente a 40 pasajeros recorriendo las Islas Gal\u00e1pagos, ofrece instalaciones de lujo. Cruceros de 4, 5 y 7 d\u00edas.","robots":{"index":"index","follow":"follow","max-snippet":"max-snippet:-1","max-image-preview":"max-image-preview:large","max-video-preview":"max-video-preview:-1"},"canonical":"https:\/\/naturegalapagos.com\/es\/cruceros-galapagos\/isabela-II-crucero-lujo\/","og_locale":"es_ES","og_type":"article","og_title":"M\/V Isabela II Crucero Gal\u00e1pagos Barco de Lujo","og_description":"Isabela II crucero Gal\u00e1pagos acoge aproximadamente a 40 pasajeros recorriendo las Islas Gal\u00e1pagos, ofrece instalaciones de lujo. Cruceros de 4, 5 y 7 d\u00edas.","og_url":"https:\/\/naturegalapagos.com\/es\/cruceros-galapagos\/isabela-II-crucero-lujo\/","og_site_name":"Espa\u00f1ol - Nature Galapagos &amp; Ecuador","article_publisher":"https:\/\/www.facebook.com\/naturegalapagosecuador\/","article_modified_time":"2024-12-31T16:28:40+00:00","og_image":[{"width":1024,"height":512,"url":"https:\/\/naturegalapagos.com\/es\/wp-content\/uploads\/sites\/3\/2016\/06\/Isabela-II-crucero-Galapagos.jpg","type":"image\/jpeg"}],"twitter_card":"summary_large_image","twitter_title":"M\/V Isabela II Crucero Gal\u00e1pagos Barco de Lujo","twitter_description":"Isabela II crucero Gal\u00e1pagos acoge aproximadamente a 40 pasajeros recorriendo las Islas Gal\u00e1pagos, ofrece instalaciones de lujo. Cruceros de 4, 5 y 7 d\u00edas.","twitter_site":"@naturegalapagos","twitter_misc":{"Tiempo de lectura":"2 minutos"},"schema":{"@context":"https:\/\/schema.org","@graph":[{"@type":"WebPage","@id":"https:\/\/naturegalapagos.com\/es\/cruceros-galapagos\/isabela-II-crucero-lujo\/","url":"https:\/\/naturegalapagos.com\/es\/cruceros-galapagos\/isabela-II-crucero-lujo\/","name":"M\/V Isabela II Crucero Gal\u00e1pagos | Barco de Lujo","isPartOf":{"@id":"https:\/\/naturegalapagos.com\/es\/#website"},"primaryImageOfPage":{"@id":"https:\/\/naturegalapagos.com\/es\/cruceros-galapagos\/isabela-II-crucero-lujo\/#primaryimage"},"image":{"@id":"https:\/\/naturegalapagos.com\/es\/cruceros-galapagos\/isabela-II-crucero-lujo\/#primaryimage"},"thumbnailUrl":"https:\/\/naturegalapagos.com\/es\/wp-content\/uploads\/sites\/3\/2016\/06\/Isabela-II-crucero-Galapagos.jpg","datePublished":"2024-12-31T16:28:13+00:00","dateModified":"2024-12-31T16:28:40+00:00","description":"Isabela II crucero Gal\u00e1pagos acoge aproximadamente a 40 pasajeros recorriendo las Islas Gal\u00e1pagos, ofrece instalaciones de lujo. Cruceros de 4, 5 y 7 d\u00edas.","breadcrumb":{"@id":"https:\/\/naturegalapagos.com\/es\/cruceros-galapagos\/isabela-II-crucero-lujo\/#breadcrumb"},"inLanguage":"es","potentialAction":[{"@type":"ReadAction","target":["https:\/\/naturegalapagos.com\/es\/cruceros-galapagos\/isabela-II-crucero-lujo\/"]}]},{"@type":"ImageObject","inLanguage":"es","@id":"https:\/\/naturegalapagos.com\/es\/cruceros-galapagos\/isabela-II-crucero-lujo\/#primaryimage","url":"https:\/\/naturegalapagos.com\/es\/wp-content\/uploads\/sites\/3\/2016\/06\/Isabela-II-crucero-Galapagos.jpg","contentUrl":"https:\/\/naturegalapagos.com\/es\/wp-content\/uploads\/sites\/3\/2016\/06\/Isabela-II-crucero-Galapagos.jpg","width":1024,"height":512,"caption":"Isabela II Crucero Gal\u00e1pagos"},{"@type":"BreadcrumbList","@id":"https:\/\/naturegalapagos.com\/es\/cruceros-galapagos\/isabela-II-crucero-lujo\/#breadcrumb","itemListElement":[{"@type":"ListItem","position":1,"name":"Home","item":"https:\/\/naturegalapagos.com\/es\/"},{"@type":"ListItem","position":2,"name":"Tienda","item":"https:\/\/naturegalapagos.com\/es\/tienda\/"},{"@type":"ListItem","position":3,"name":"M\/V Isabela II Crucero Gal\u00e1pagos"}]},{"@type":"WebSite","@id":"https:\/\/naturegalapagos.com\/es\/#website","url":"https:\/\/naturegalapagos.com\/es\/","name":"Espa\u00f1ol - Nature Galapagos & Ecuador","description":"","publisher":{"@id":"https:\/\/naturegalapagos.com\/es\/#organization"},"potentialAction":[{"@type":"SearchAction","target":{"@type":"EntryPoint","urlTemplate":"https:\/\/naturegalapagos.com\/es\/?s={search_term_string}"},"query-input":{"@type":"PropertyValueSpecification","valueRequired":true,"valueName":"search_term_string"}}],"inLanguage":"es"},{"@type":"Organization","@id":"https:\/\/naturegalapagos.com\/es\/#organization","name":"Espa\u00f1ol - Nature Galapagos & Ecuador","url":"https:\/\/naturegalapagos.com\/es\/","logo":{"@type":"ImageObject","inLanguage":"es","@id":"https:\/\/naturegalapagos.com\/es\/#\/schema\/logo\/image\/","url":"https:\/\/naturegalapagos.com\/es\/wp-content\/uploads\/sites\/3\/2016\/10\/Nature-Galapagos-Logo-COM-300x300.jpg","contentUrl":"https:\/\/naturegalapagos.com\/es\/wp-content\/uploads\/sites\/3\/2016\/10\/Nature-Galapagos-Logo-COM-300x300.jpg","width":300,"height":300,"caption":"Espa\u00f1ol - Nature Galapagos & Ecuador"},"image":{"@id":"https:\/\/naturegalapagos.com\/es\/#\/schema\/logo\/image\/"},"sameAs":["https:\/\/www.facebook.com\/naturegalapagosecuador\/","https:\/\/x.com\/naturegalapagos","https:\/\/www.instagram.com\/naturegalapagos\/","https:\/\/www.pinterest.com\/Naturegalapagos\/","https:\/\/www.youtube.com\/user\/NatureGalapagosTours"]}]}},"_links":{"self":[{"href":"https:\/\/naturegalapagos.com\/es\/wp-json\/wp\/v2\/product\/1308","targetHints":{"allow":["GET"]}}],"collection":[{"href":"https:\/\/naturegalapagos.com\/es\/wp-json\/wp\/v2\/product"}],"about":[{"href":"https:\/\/naturegalapagos.com\/es\/wp-json\/wp\/v2\/types\/product"}],"replies":[{"embeddable":true,"href":"https:\/\/naturegalapagos.com\/es\/wp-json\/wp\/v2\/comments?post=1308"}],"wp:featuredmedia":[{"embeddable":true,"href":"https:\/\/naturegalapagos.com\/es\/wp-json\/wp\/v2\/media\/1938"}],"wp:attachment":[{"href":"https:\/\/naturegalapagos.com\/es\/wp-json\/wp\/v2\/media?parent=1308"}],"wp:term":[{"taxonomy":"product_brand","embeddable":true,"href":"https:\/\/naturegalapagos.com\/es\/wp-json\/wp\/v2\/product_brand?post=1308"},{"taxonomy":"product_cat","embeddable":true,"href":"https:\/\/naturegalapagos.com\/es\/wp-json\/wp\/v2\/product_cat?post=1308"},{"taxonomy":"product_tag","embeddable":true,"href":"https:\/\/naturegalapagos.com\/es\/wp-json\/wp\/v2\/product_tag?post=1308"}],"curies":[{"name":"wp","href":"https:\/\/api.w.org\/{rel}","templated":true}]}}