{"id":1327,"date":"2024-12-26T10:39:28","date_gmt":"2024-12-26T15:39:28","guid":{"rendered":""},"modified":"2024-12-26T10:39:51","modified_gmt":"2024-12-26T15:39:51","slug":"athala-ii-crucero-galapagos","status":"publish","type":"product","link":"https:\/\/naturegalapagos.com\/es\/cruceros-galapagos\/catamaran-lujo-athala-ii-crucero-galapagos\/","title":{"rendered":"M\/C Athala II Crucero Gal\u00e1pagos (Celebrity Xploration)"},"content":{"rendered":"<div class=\"wpb-content-wrapper\"><div style=\"display: flex; justify-content: end; margin-bottom: 10px;\"><span style=\"font-family: arial, helvetica, sans-serif;\"><a href=\"https:\/\/naturegalapagos.com\/es\/ofertas-de-viajes\/\" target=\"_blank\" rel=\"noopener\"><img decoding=\"async\" src=\"https:\/\/naturegalapagos.com\/es\/wp-content\/uploads\/sites\/3\/2019\/11\/las-minute-deals-gif_Final_espa\u00f1ol.gif\" alt=\"Oferta de cruceros en Gal\u00e1pagos\" width=\"227.5\" height=\"77.25\" \/><\/a><\/span><\/div>\n<h2><span style=\"font-family: arial, helvetica, sans-serif;\"><strong>M\/C Athala II Crucero Gal\u00e1pagos descripci\u00f3n:<\/strong><\/span><\/h2>\n<p style=\"text-align: justify;\"><span style=\"font-family: arial, helvetica, sans-serif;\">El catamar\u00e1n de lujo <strong>Athala II Crucero Gal\u00e1pagos<\/strong> fue dise\u00f1ado espec\u00edficamente y construido para navegar las Islas Gal\u00e1pagos. Su elegante dise\u00f1o provee comfort, mayor velocidad, excelente estabilidad y cumple con todos los est\u00e1ndares de seguridad.<\/span><\/p>\n<p style=\"text-align: justify;\"><span style=\"font-family: arial, helvetica, sans-serif;\">El Athala no tiene rival en lo que se refiere a c\u00f3modas cabinas y distracciones de un bote de mayor tama\u00f1o y a\u00fan manteniendo la relajada comodidad de un barco peque\u00f1o. Todas sus cabinas son de lujo, con su ba\u00f1o privado, agua, aire acondicionado y alfombrado completamente. Todas cuentan con vista al oc\u00e9ano.<\/span><\/p>\n<h3><span style=\"font-family: arial, helvetica, sans-serif; font-size: 20px;\"><strong>Caracter\u00edsticas principales<\/strong><\/span><\/h3>\n<ul>\n<li><span style=\"font-family: arial, helvetica, sans-serif;\">El M\/C Athala II crucero Gal\u00e1pagos es un catamar\u00e1n \u2013 lo que asegura navegaci\u00f3n c\u00f3moda y estable.<\/span><\/li>\n<li><span style=\"font-family: arial, helvetica, sans-serif;\">Cabinas con balc\u00f3n privado la cubierta principal.<\/span><\/li>\n<li><span style=\"font-family: arial, helvetica, sans-serif;\">Amplias \u00e1reas de descanso including un gran comedor.<\/span><\/li>\n<li><span style=\"font-family: arial, helvetica, sans-serif;\">Incluye: director de crucero y un gu\u00eda naturalista dedicados a hacer de su crucero en Gal\u00e1pagos una experiencia inolvidable.<\/span><\/li>\n<li><span style=\"font-family: arial, helvetica, sans-serif;\">Certificado Smart Voyager approved por Rainforest Alliance asegurando un viaje amigable con el medio ambiente.<\/span><\/li>\n<\/ul>\n<h3 style=\"text-align: justify;\"><span style=\"font-family: arial, helvetica, sans-serif; font-size: 20px;\"><strong>Caracter\u00edsticas Principales del Athala II Crucero Gal\u00e1pagos<\/strong><\/span><\/h3>\n<ul>\n<li style=\"text-align: justify;\"><span style=\"font-family: arial, helvetica, sans-serif;\">Construido exclusivamente para navegar las Islas Gal\u00e1pagos<\/span><\/li>\n<li style=\"text-align: justify;\"><span style=\"font-family: arial, helvetica, sans-serif;\">Varias \u00e1reas comunes y jacuzzi<\/span><\/li>\n<li style=\"text-align: justify;\"><span style=\"font-family: arial, helvetica, sans-serif;\">Lujosos cuartos privados<\/span><\/li>\n<li style=\"text-align: justify;\"><span style=\"font-family: arial, helvetica, sans-serif;\">Gu\u00eda naturalista Biling\u00fce<\/span><\/li>\n<li style=\"text-align: justify;\"><span style=\"font-family: arial, helvetica, sans-serif;\">Carbon Neutral<\/span><\/li>\n<\/ul>\n<h3 style=\"text-align: justify;\"><span style=\"font-family: arial, helvetica, sans-serif; font-size: 18pt;\"><strong>Comentarios:<\/strong><\/span><\/h3>\n<p style=\"text-align: justify;\"><span style=\"font-family: arial, helvetica, sans-serif;\">\u201cLa tripulaci\u00f3n se realmente se preocup\u00f3 por sus invitados y realmente les interesaba como iban nuestras vacaciones. El bote, la tripulaci\u00f3n, las comodidades\u2026 Magn\u00edfico\u201d<\/span><\/p>\n<p style=\"text-align: justify;\"><span style=\"font-family: arial, helvetica, sans-serif;\">\u201cLa tripulaci\u00f3n fue excepcional, el bote es hermoso y muy c\u00f3modo con un itinerario excelente. Nos gustar\u00eda elogiar a la tripulaci\u00f3n del \u00a0Athala. <\/span><\/p>\n<p style=\"text-align: justify;\"><span style=\"font-family: arial, helvetica, sans-serif;\">Hicieron de este viaje excepcional para nosotros. En particular, por favor transmita nuestros agradecimientos y agradecimientos dancers a Omar, Freddy, Camilo y Martin. Ellos realmente se destacaron y son una gran parte del porque recomendamos el Athala a otros viajeros. Fueron realmente asombrosos\u201d<\/span><\/p>\n<table border=\"0\" cellspacing=\"0\" cellpadding=\"0\" align=\"center\">\n<tbody>\n<tr style=\"background-color: #e6e6e6;\">\n<th colspan=\"2\" align=\"center\">\n<h4><span style=\"font-family: arial, helvetica, sans-serif;\">Especificaciones T\u00e9cnicas del Athala II Crucero Gal\u00e1pagos<\/span><\/h4>\n<\/th>\n<\/tr>\n<tr>\n<td><span style=\"font-family: arial, helvetica, sans-serif;\"><strong>A\u00f1o Construcci\u00f3n <\/strong><\/span><\/td>\n<td><span style=\"font-family: arial, helvetica, sans-serif;\">\u00a0Abril 2007<\/span><\/td>\n<\/tr>\n<tr>\n<td><span style=\"font-family: arial, helvetica, sans-serif;\"><strong>GRT<br \/>\n<\/strong><\/span><\/td>\n<td><span style=\"font-family: arial, helvetica, sans-serif;\">\u00a0320 ton<\/span><\/td>\n<\/tr>\n<tr>\n<td><span style=\"font-family: arial, helvetica, sans-serif;\"><strong>Capacidad<br \/>\n<\/strong><\/span><\/td>\n<td><span style=\"font-family: arial, helvetica, sans-serif;\">\u00a016 pasajeros<\/span><\/td>\n<\/tr>\n<tr>\n<td><span style=\"font-family: arial, helvetica, sans-serif;\"><strong>Longitud <\/strong><\/span><\/td>\n<td><span style=\"font-family: arial, helvetica, sans-serif;\">\u00a098 pies \/ 30 m<\/span><\/td>\n<\/tr>\n<tr>\n<td><span style=\"font-family: arial, helvetica, sans-serif;\"><strong>Haz<\/strong><\/span><\/td>\n<td><span style=\"font-family: arial, helvetica, sans-serif;\">\u00a037 pies \/ 11 m<\/span><\/td>\n<\/tr>\n<tr>\n<td><span style=\"font-family: arial, helvetica, sans-serif;\"><strong>Casco<\/strong><\/span><\/td>\n<td><span style=\"font-family: arial, helvetica, sans-serif;\">\u00a04.6 pies \/ 1.40 m<\/span><\/td>\n<\/tr>\n<tr>\n<td><span style=\"font-family: arial, helvetica, sans-serif;\"><strong>Velocidad<\/strong><\/span><\/td>\n<td><span style=\"font-family: arial, helvetica, sans-serif;\">\u00a012 nudos<\/span><\/td>\n<\/tr>\n<tr>\n<td><span style=\"font-family: arial, helvetica, sans-serif;\"><strong>Fabricador de Agua <\/strong><\/span><\/td>\n<td><span style=\"font-family: arial, helvetica, sans-serif;\">\u00a02000 galones \/ diarios<\/span><\/td>\n<\/tr>\n<tr>\n<td><span style=\"font-family: arial, helvetica, sans-serif;\"><strong>Motores <\/strong><\/span><\/td>\n<td><span style=\"font-family: arial, helvetica, sans-serif;\">\u00a02 John Deere 6081 AFM 300 HP<\/span><\/td>\n<\/tr>\n<tr>\n<td><span style=\"font-family: arial, helvetica, sans-serif;\"><strong>Electricidad<br \/>\n<\/strong><\/span><\/td>\n<td><span style=\"font-family: arial, helvetica, sans-serif;\">\u00a0110 voltios AC \/ 60 Hz<\/span><\/td>\n<\/tr>\n<tr>\n<td><span style=\"font-family: arial, helvetica, sans-serif;\"><strong>Seguridad y Navegaci\u00f3n<br \/>\n<\/strong><\/span><\/td>\n<td><span style=\"font-family: arial, helvetica, sans-serif;\">\u00a0Cumple con el est\u00e1ndar internacional SOLAS: 2x 20-hombres balsas salvavidas, Navnex, 2 GPS, sonar, 2 radares navales, detecci\u00f3n y prevenci\u00f3n de incendios<\/span><\/td>\n<\/tr>\n<\/tbody>\n<\/table>\n<p>[vc_row][vc_column][vc_column_text]\n<div class=\"panel panel-default accordion__item\">\n\t<div class=\"panel-heading accordion__item__title-wrap\">\n\t\t<h4 class=\"panel-title\">\n\t\t\t<a data-toggle=\"collapse\" data-parent=\"#ataccordion0\" href=\"#ataccordion0_1\" class=\"accordion__item__link collapsed\">Solicite m\u00e1s informaci\u00f3n<\/a>\n\t\t<\/h4>\n\t<\/div>\n\t<div id=\"ataccordion0_1\" class=\"panel-collapse collapse\">\n\t\t<div class=\"panel-body accordion__item__content\">\n<div class=\"ml-embedded\" data-form=\"ZqT2gK\"><\/div>\n<\/div>\n\t<\/div>\n<\/div>[\/vc_column_text][\/vc_column][\/vc_row]<\/p>\n<\/div>","protected":false},"excerpt":{"rendered":"<ul>\n<li>El M\/C Athala II crucero Gal\u00e1pagos es un catamar\u00e1n \u2013 lo que asegura navegaci\u00f3n c\u00f3moda y estable.<\/li>\n<li>Cabinas con balc\u00f3n privado la cubierta principal.<\/li>\n<li>Amplias \u00e1reas de descanso including un gran comedor.<\/li>\n<\/ul>\n<p>&nbsp;<\/p>\n<p>&nbsp;<\/p>\n","protected":false},"featured_media":1973,"comment_status":"open","ping_status":"closed","template":"","meta":{"_joinchat":[]},"product_brand":[],"product_cat":[3599],"product_tag":[],"class_list":{"0":"post-1327","1":"product","2":"type-product","3":"status-publish","4":"has-post-thumbnail","6":"product_cat-sin-categoria","7":"tour_category-crucero-de-lujo","9":"first","10":"instock","11":"taxable","12":"shipping-taxable","13":"product-type-tour"},"yoast_head":"<!-- This site is optimized with the Yoast SEO Premium plugin v25.6 (Yoast SEO v26.1.1) - https:\/\/yoast.com\/wordpress\/plugins\/seo\/ -->\n<title>M\/C Athala II Crucero Gal\u00e1pagos | Catamar\u00e1n de Lujo<\/title>\n<meta name=\"description\" content=\"M\/C Athala II Crucero Gal\u00e1pagos posee c\u00f3modas cabinas y distracciones de un bote de mayor tama\u00f1o, mantiene una relajada comodidad de un barco peque\u00f1o.\" \/>\n<meta name=\"robots\" content=\"index, follow, max-snippet:-1, max-image-preview:large, max-video-preview:-1\" \/>\n<link rel=\"canonical\" href=\"https:\/\/naturegalapagos.com\/es\/cruceros-galapagos\/catamaran-lujo-athala-ii-crucero-galapagos\/\" \/>\n<meta property=\"og:locale\" content=\"es_ES\" \/>\n<meta property=\"og:type\" content=\"article\" \/>\n<meta property=\"og:title\" content=\"M\/C Athala II Crucero Gal\u00e1pagos | Catamar\u00e1n de Lujo\" \/>\n<meta property=\"og:description\" content=\"M\/C Athala II Crucero Gal\u00e1pagos posee c\u00f3modas cabinas y distracciones de un bote de mayor tama\u00f1o, mantiene una relajada comodidad de un barco peque\u00f1o.\" \/>\n<meta property=\"og:url\" content=\"https:\/\/naturegalapagos.com\/es\/cruceros-galapagos\/catamaran-lujo-athala-ii-crucero-galapagos\/\" \/>\n<meta property=\"og:site_name\" content=\"Espa\u00f1ol - Nature Galapagos &amp; Ecuador\" \/>\n<meta property=\"article:publisher\" content=\"https:\/\/www.facebook.com\/naturegalapagosecuador\/\" \/>\n<meta property=\"article:modified_time\" content=\"2024-12-26T15:39:51+00:00\" \/>\n<meta property=\"og:image\" content=\"https:\/\/naturegalapagos.com\/es\/wp-content\/uploads\/sites\/3\/2013\/10\/athala-II-crucero-galapagos.jpg\" \/>\n\t<meta property=\"og:image:width\" content=\"1024\" \/>\n\t<meta property=\"og:image:height\" content=\"512\" \/>\n\t<meta property=\"og:image:type\" content=\"image\/jpeg\" \/>\n<meta name=\"twitter:card\" content=\"summary_large_image\" \/>\n<meta name=\"twitter:title\" content=\"M\/C Athala II Crucero Gal\u00e1pagos | Catamar\u00e1n de Lujo\" \/>\n<meta name=\"twitter:description\" content=\"M\/C Athala II Crucero Gal\u00e1pagos posee c\u00f3modas cabinas y distracciones de un bote de mayor tama\u00f1o, mantiene una relajada comodidad de un barco peque\u00f1o.\" \/>\n<meta name=\"twitter:site\" content=\"@naturegalapagos\" \/>\n<meta name=\"twitter:label1\" content=\"Tiempo de lectura\" \/>\n\t<meta name=\"twitter:data1\" content=\"3 minutos\" \/>\n<!-- \/ Yoast SEO Premium plugin. -->","yoast_head_json":{"title":"M\/C Athala II Crucero Gal\u00e1pagos | Catamar\u00e1n de Lujo","description":"M\/C Athala II Crucero Gal\u00e1pagos posee c\u00f3modas cabinas y distracciones de un bote de mayor tama\u00f1o, mantiene una relajada comodidad de un barco peque\u00f1o.","robots":{"index":"index","follow":"follow","max-snippet":"max-snippet:-1","max-image-preview":"max-image-preview:large","max-video-preview":"max-video-preview:-1"},"canonical":"https:\/\/naturegalapagos.com\/es\/cruceros-galapagos\/catamaran-lujo-athala-ii-crucero-galapagos\/","og_locale":"es_ES","og_type":"article","og_title":"M\/C Athala II Crucero Gal\u00e1pagos | Catamar\u00e1n de Lujo","og_description":"M\/C Athala II Crucero Gal\u00e1pagos posee c\u00f3modas cabinas y distracciones de un bote de mayor tama\u00f1o, mantiene una relajada comodidad de un barco peque\u00f1o.","og_url":"https:\/\/naturegalapagos.com\/es\/cruceros-galapagos\/catamaran-lujo-athala-ii-crucero-galapagos\/","og_site_name":"Espa\u00f1ol - Nature Galapagos &amp; Ecuador","article_publisher":"https:\/\/www.facebook.com\/naturegalapagosecuador\/","article_modified_time":"2024-12-26T15:39:51+00:00","og_image":[{"width":1024,"height":512,"url":"https:\/\/naturegalapagos.com\/es\/wp-content\/uploads\/sites\/3\/2013\/10\/athala-II-crucero-galapagos.jpg","type":"image\/jpeg"}],"twitter_card":"summary_large_image","twitter_title":"M\/C Athala II Crucero Gal\u00e1pagos | Catamar\u00e1n de Lujo","twitter_description":"M\/C Athala II Crucero Gal\u00e1pagos posee c\u00f3modas cabinas y distracciones de un bote de mayor tama\u00f1o, mantiene una relajada comodidad de un barco peque\u00f1o.","twitter_site":"@naturegalapagos","twitter_misc":{"Tiempo de lectura":"3 minutos"},"schema":{"@context":"https:\/\/schema.org","@graph":[{"@type":"WebPage","@id":"https:\/\/naturegalapagos.com\/es\/cruceros-galapagos\/catamaran-lujo-athala-ii-crucero-galapagos\/","url":"https:\/\/naturegalapagos.com\/es\/cruceros-galapagos\/catamaran-lujo-athala-ii-crucero-galapagos\/","name":"M\/C Athala II Crucero Gal\u00e1pagos | Catamar\u00e1n de Lujo","isPartOf":{"@id":"https:\/\/naturegalapagos.com\/es\/#website"},"primaryImageOfPage":{"@id":"https:\/\/naturegalapagos.com\/es\/cruceros-galapagos\/catamaran-lujo-athala-ii-crucero-galapagos\/#primaryimage"},"image":{"@id":"https:\/\/naturegalapagos.com\/es\/cruceros-galapagos\/catamaran-lujo-athala-ii-crucero-galapagos\/#primaryimage"},"thumbnailUrl":"https:\/\/naturegalapagos.com\/es\/wp-content\/uploads\/sites\/3\/2013\/10\/athala-II-crucero-galapagos.jpg","datePublished":"2024-12-26T15:39:28+00:00","dateModified":"2024-12-26T15:39:51+00:00","description":"M\/C Athala II Crucero Gal\u00e1pagos posee c\u00f3modas cabinas y distracciones de un bote de mayor tama\u00f1o, mantiene una relajada comodidad de un barco peque\u00f1o.","breadcrumb":{"@id":"https:\/\/naturegalapagos.com\/es\/cruceros-galapagos\/catamaran-lujo-athala-ii-crucero-galapagos\/#breadcrumb"},"inLanguage":"es","potentialAction":[{"@type":"ReadAction","target":["https:\/\/naturegalapagos.com\/es\/cruceros-galapagos\/catamaran-lujo-athala-ii-crucero-galapagos\/"]}]},{"@type":"ImageObject","inLanguage":"es","@id":"https:\/\/naturegalapagos.com\/es\/cruceros-galapagos\/catamaran-lujo-athala-ii-crucero-galapagos\/#primaryimage","url":"https:\/\/naturegalapagos.com\/es\/wp-content\/uploads\/sites\/3\/2013\/10\/athala-II-crucero-galapagos.jpg","contentUrl":"https:\/\/naturegalapagos.com\/es\/wp-content\/uploads\/sites\/3\/2013\/10\/athala-II-crucero-galapagos.jpg","width":1024,"height":512,"caption":"Athala II crucero Gal\u00e1pagos"},{"@type":"BreadcrumbList","@id":"https:\/\/naturegalapagos.com\/es\/cruceros-galapagos\/catamaran-lujo-athala-ii-crucero-galapagos\/#breadcrumb","itemListElement":[{"@type":"ListItem","position":1,"name":"Home","item":"https:\/\/naturegalapagos.com\/es\/"},{"@type":"ListItem","position":2,"name":"Tienda","item":"https:\/\/naturegalapagos.com\/es\/tienda\/"},{"@type":"ListItem","position":3,"name":"M\/C Athala II Crucero Gal\u00e1pagos (Celebrity Xploration)"}]},{"@type":"WebSite","@id":"https:\/\/naturegalapagos.com\/es\/#website","url":"https:\/\/naturegalapagos.com\/es\/","name":"Espa\u00f1ol - Nature Galapagos & Ecuador","description":"","publisher":{"@id":"https:\/\/naturegalapagos.com\/es\/#organization"},"potentialAction":[{"@type":"SearchAction","target":{"@type":"EntryPoint","urlTemplate":"https:\/\/naturegalapagos.com\/es\/?s={search_term_string}"},"query-input":{"@type":"PropertyValueSpecification","valueRequired":true,"valueName":"search_term_string"}}],"inLanguage":"es"},{"@type":"Organization","@id":"https:\/\/naturegalapagos.com\/es\/#organization","name":"Espa\u00f1ol - Nature Galapagos & Ecuador","url":"https:\/\/naturegalapagos.com\/es\/","logo":{"@type":"ImageObject","inLanguage":"es","@id":"https:\/\/naturegalapagos.com\/es\/#\/schema\/logo\/image\/","url":"https:\/\/naturegalapagos.com\/es\/wp-content\/uploads\/sites\/3\/2016\/10\/Nature-Galapagos-Logo-COM-300x300.jpg","contentUrl":"https:\/\/naturegalapagos.com\/es\/wp-content\/uploads\/sites\/3\/2016\/10\/Nature-Galapagos-Logo-COM-300x300.jpg","width":300,"height":300,"caption":"Espa\u00f1ol - Nature Galapagos & Ecuador"},"image":{"@id":"https:\/\/naturegalapagos.com\/es\/#\/schema\/logo\/image\/"},"sameAs":["https:\/\/www.facebook.com\/naturegalapagosecuador\/","https:\/\/x.com\/naturegalapagos","https:\/\/www.instagram.com\/naturegalapagos\/","https:\/\/www.pinterest.com\/Naturegalapagos\/","https:\/\/www.youtube.com\/user\/NatureGalapagosTours"]}]}},"_links":{"self":[{"href":"https:\/\/naturegalapagos.com\/es\/wp-json\/wp\/v2\/product\/1327","targetHints":{"allow":["GET"]}}],"collection":[{"href":"https:\/\/naturegalapagos.com\/es\/wp-json\/wp\/v2\/product"}],"about":[{"href":"https:\/\/naturegalapagos.com\/es\/wp-json\/wp\/v2\/types\/product"}],"replies":[{"embeddable":true,"href":"https:\/\/naturegalapagos.com\/es\/wp-json\/wp\/v2\/comments?post=1327"}],"wp:featuredmedia":[{"embeddable":true,"href":"https:\/\/naturegalapagos.com\/es\/wp-json\/wp\/v2\/media\/1973"}],"wp:attachment":[{"href":"https:\/\/naturegalapagos.com\/es\/wp-json\/wp\/v2\/media?parent=1327"}],"wp:term":[{"taxonomy":"product_brand","embeddable":true,"href":"https:\/\/naturegalapagos.com\/es\/wp-json\/wp\/v2\/product_brand?post=1327"},{"taxonomy":"product_cat","embeddable":true,"href":"https:\/\/naturegalapagos.com\/es\/wp-json\/wp\/v2\/product_cat?post=1327"},{"taxonomy":"product_tag","embeddable":true,"href":"https:\/\/naturegalapagos.com\/es\/wp-json\/wp\/v2\/product_tag?post=1327"}],"curies":[{"name":"wp","href":"https:\/\/api.w.org\/{rel}","templated":true}]}}