{"id":1340,"date":"2024-12-26T09:58:10","date_gmt":"2024-12-26T14:58:10","guid":{"rendered":"http:\/\/naturegalapagos.com\/es\/cruceros-galapagos\/catamaran-lujo-athala-ii-crucero-galapagos"},"modified":"2024-12-26T10:00:40","modified_gmt":"2024-12-26T15:00:40","slug":"ocean-spray-crucero","status":"publish","type":"product","link":"https:\/\/naturegalapagos.com\/es\/cruceros-galapagos\/catamaran-lujo-ocean-spray-crucero-galapagos\/","title":{"rendered":"M\/C Ocean Spray Crucero Gal\u00e1pagos"},"content":{"rendered":"<div class=\"wpb-content-wrapper\"><div style=\"display: flex; justify-content: end; margin-bottom: 10px;\"><span style=\"font-family: arial, helvetica, sans-serif;\"><a href=\"https:\/\/naturegalapagos.com\/es\/ofertas-de-viajes\/\" target=\"_blank\" rel=\"noopener\"><img decoding=\"async\" src=\"https:\/\/naturegalapagos.com\/es\/wp-content\/uploads\/sites\/3\/2019\/11\/las-minute-deals-gif_Final_espa\u00f1ol.gif\" width=\"227.5\" height=\"77.25\" \/><\/a><\/span><\/div>\n<h2><span style=\"font-family: arial, helvetica, sans-serif; font-size: 24px;\"><strong>Descripci\u00f3n del M\/C Ocean Spray Crucero Gal\u00e1pagos:<\/strong><\/span><\/h2>\n<p style=\"text-align: justify;\"><span style=\"font-family: arial, helvetica, sans-serif; font-size: 14px;\">El M\/C <strong>Ocean Spray Crucero<\/strong> incorpora en su dise\u00f1o lo mejor de un catamaran de Gal\u00e1pagos. Comodidades a bordo: jacuzzi, una gran terraza y balcones privados en sus cabinas. Combina alta calidad con excelentes precios haciendo de su experiencia en Gal\u00e1pagos un lujo asequible.<\/span><\/p>\n<h3><span style=\"font-family: arial, helvetica, sans-serif; font-size: 20px;\">Principales caracter\u00edsticas<\/span><\/h3>\n<ul>\n<li style=\"text-align: justify;\"><span style=\"font-family: arial, helvetica, sans-serif; font-size: 14px;\">El M\/C Ocean Spray es un gran catmar\u00e1n incluido en los botes de lujo de Gal\u00e1pagos.<\/span><\/li>\n<li style=\"text-align: justify;\"><span style=\"font-family: arial, helvetica, sans-serif; font-size: 14px;\">Nuevo en la flota de catamaranes de Gal\u00e1pagos, presenta un rendimiento de primera, comfort y alta velocidad.<\/span><\/li>\n<li style=\"text-align: justify;\"><span style=\"font-family: arial, helvetica, sans-serif; font-size: 14px;\">Instalaciones de lujo, una gran terraza, Jacuzzi y espaciosas cabinas con balc\u00f3n privado.\u00a0<\/span><\/li>\n<li style=\"text-align: justify;\"><span style=\"font-family: arial, helvetica, sans-serif; font-size: 14px;\">Itinerarios de 4 o 15 d\u00edas que aseguran una profunda exploraci\u00f3n de las islas.<\/span><\/li>\n<li style=\"text-align: justify;\"><span style=\"font-family: arial, helvetica, sans-serif; font-size: 14px;\">Gu\u00edas naturalistas expertos lo acompa\u00f1aran durante todo su viaje.<\/span><\/li>\n<\/ul>\n<table style=\"border-collapse: collapse; width: 100%; height: 96px;\">\n<tbody>\n<tr style=\"height: 24px;\">\n<td style=\"width: 50%; height: 24px;\"><span style=\"font-family: arial, helvetica, sans-serif;\"><strong>Cubiertas<\/strong><\/span><\/td>\n<td style=\"width: 50%; height: 24px;\"><span style=\"font-family: arial, helvetica, sans-serif;\"><strong>Descripci\u00f3n de cabinas<\/strong><\/span><\/td>\n<\/tr>\n<tr style=\"height: 24px;\">\n<td style=\"width: 50%; height: 24px;\"><span style=\"font-family: arial, helvetica, sans-serif;\">Principal<\/span><\/td>\n<td style=\"width: 50%;\"><span style=\"font-family: arial, helvetica, sans-serif; font-size: 14px;\">4 Cabinas dobles (334 ft2 \/ 32 mt2<\/span><\/td>\n<\/tr>\n<tr style=\"height: 24px;\">\n<td style=\"width: 50%; height: 24px;\"><span style=\"font-family: arial, helvetica, sans-serif;\">Superior<\/span><\/td>\n<td style=\"width: 50%;\"><span style=\"font-family: arial, helvetica, sans-serif; font-size: 14px;\">4 Cabinas dobles (248 ft2 \/ 23 mt2)<\/span><br \/>\n<span style=\"font-family: arial, helvetica, sans-serif; font-size: 14px;\"> 1 Cabina sencilla (194 ft2 \/ 18 mt2<\/span><\/td>\n<\/tr>\n<tr style=\"height: 24px;\">\n<td style=\"width: 100%; height: 24px; text-align: center;\" colspan=\"2\"><span style=\"font-family: arial, helvetica, sans-serif; font-size: 14px;\">*Las dimensiones de las cabinas incluyen el balc\u00f3n.<\/span><\/td>\n<\/tr>\n<\/tbody>\n<\/table>\n<p>&nbsp;<\/p>\n<table style=\"border-collapse: collapse; width: 100%;\">\n<tbody>\n<tr>\n<td style=\"width: 99.0187%; text-align: center;\" colspan=\"2\">\n<h4><span style=\"font-family: arial, helvetica, sans-serif;\"><strong>Especificaciones t\u00e9cnicas<\/strong><\/span><\/h4>\n<\/td>\n<td style=\"width: 1.45103%;\"><\/td>\n<td style=\"width: 1.51149%;\"><\/td>\n<\/tr>\n<tr>\n<td style=\"width: 50%;\"><span style=\"font-family: arial, helvetica, sans-serif; font-size: 14px;\"><strong>A\u00f1o de Construcci\u00f3n<\/strong><\/span><\/td>\n<td style=\"width: 51.9812%;\" colspan=\"3\"><span style=\"font-family: arial, helvetica, sans-serif; font-size: 14px;\">Noviembre 2011<\/span><\/td>\n<\/tr>\n<tr>\n<td style=\"width: 50%;\"><span style=\"font-family: arial, helvetica, sans-serif; font-size: 14px;\"><strong>Tipo<\/strong><\/span><\/td>\n<td style=\"width: 51.9812%;\" colspan=\"3\"><span style=\"font-family: arial, helvetica, sans-serif; font-size: 14px;\">Catamar\u00e1n<\/span><\/td>\n<\/tr>\n<tr>\n<td style=\"width: 50%;\"><span style=\"font-family: arial, helvetica, sans-serif; font-size: 14px;\"><strong>Longitud<\/strong><\/span><\/td>\n<td style=\"width: 51.9812%;\" colspan=\"3\"><span style=\"font-family: arial, helvetica, sans-serif; font-size: 14px;\">113 pies\/ 34 mts<\/span><\/td>\n<\/tr>\n<tr>\n<td style=\"width: 50%;\"><span style=\"font-family: arial, helvetica, sans-serif; font-size: 14px;\"><strong>Haz<\/strong><\/span><\/td>\n<td style=\"width: 51.9812%;\" colspan=\"3\"><span style=\"font-family: arial, helvetica, sans-serif; font-size: 14px;\">43 ft \/ 13 mts<\/span><\/td>\n<\/tr>\n<tr>\n<td style=\"width: 50%;\"><span style=\"font-family: arial, helvetica, sans-serif; font-size: 14px;\"><strong>Capacidad<\/strong><\/span><\/td>\n<td style=\"width: 51.9812%;\" colspan=\"3\"><span style=\"font-family: arial, helvetica, sans-serif; font-size: 14px;\">16 pasajeros<\/span><\/td>\n<\/tr>\n<tr>\n<td style=\"width: 50%;\"><span style=\"font-family: arial, helvetica, sans-serif; font-size: 14px;\"><strong>Maquinas<\/strong><\/span><\/td>\n<td style=\"width: 51.9812%;\" colspan=\"3\"><span style=\"font-family: arial, helvetica, sans-serif; font-size: 14px;\">MTU-DCC series 60<\/span><\/td>\n<\/tr>\n<tr>\n<td style=\"width: 50%;\"><span style=\"font-family: arial, helvetica, sans-serif; font-size: 14px;\"><strong>Generadores<\/strong><\/span><\/td>\n<td style=\"width: 51.9812%;\" colspan=\"3\"><span style=\"font-family: arial, helvetica, sans-serif; font-size: 14px;\">John Deere 4.5 lt<\/span><\/td>\n<\/tr>\n<tr>\n<td style=\"width: 50%;\"><span style=\"font-family: arial, helvetica, sans-serif; font-size: 14px;\"><strong>Velocidad<\/strong><\/span><\/td>\n<td style=\"width: 51.9812%;\" colspan=\"3\"><span style=\"font-family: arial, helvetica, sans-serif; font-size: 14px;\">15 nudos<\/span><\/td>\n<\/tr>\n<tr>\n<td style=\"width: 50%;\"><span style=\"font-family: arial, helvetica, sans-serif; font-size: 14px;\"><strong>Electricidad<\/strong><\/span><\/td>\n<td style=\"width: 51.9812%;\" colspan=\"3\"><span style=\"font-family: arial, helvetica, sans-serif; font-size: 14px;\">110 volts AC\/60 Hz<\/span><\/td>\n<\/tr>\n<tr>\n<td style=\"width: 50%;\"><span style=\"font-family: arial, helvetica, sans-serif; font-size: 14px;\"><strong>Tripulaci\u00f3n<\/strong><\/span><\/td>\n<td style=\"width: 51.9812%;\" colspan=\"3\"><span style=\"font-family: arial, helvetica, sans-serif; font-size: 14px;\">Capit\u00e1n, Gu\u00eda Bilingue del Parque Nacional Gal\u00e1pagos, Primer oficial, Chef,ingeniero, marinero, barman.<\/span><\/td>\n<\/tr>\n<tr>\n<td style=\"width: 50%;\"><span style=\"font-family: arial, helvetica, sans-serif; font-size: 14px;\"><strong>Seguridad y Navegaci\u00f3n<\/strong><\/span><\/td>\n<td style=\"width: 51.9812%;\" colspan=\"3\"><span style=\"font-family: arial, helvetica, sans-serif; font-size: 14px;\">&#8211; 2 Balsas con capacidad para 20 personas cada una.<\/span><br \/>\n<span style=\"font-family: arial, helvetica, sans-serif; font-size: 14px;\"> &#8211; Navtex\u00a0-2 GPS\u00a0-Sonar\u00a0-2 Radares navales &#8211; Sistema de detecci\u00f3n de incendios<\/span><\/td>\n<\/tr>\n<\/tbody>\n<\/table>\n<p>&nbsp;<\/p>\n<h3><span style=\"font-size: 20px; font-family: arial, helvetica, sans-serif;\">Planos de cubierta<\/span><\/h3>\n<div id=\"gallery_1\" class=\"gallery\">\n<div class=\"row gallery__items\">\n\t\t\t\t\t<div class=\"col-sm-4 gallery__item-wrap\" data-filterid=\"\">\n\t\t\t<a href=\"https:\/\/naturegalapagos.com\/es\/wp-content\/uploads\/sites\/3\/2024\/01\/Ocean-Spray-Upper-Deck.jpg\" class=\"swipebox gallery__item\" title=\"Cubierta superior\">\n\t\t\t\t<img decoding=\"async\" width=\"720\" height=\"425\" src=\"https:\/\/naturegalapagos.com\/es\/wp-content\/uploads\/sites\/3\/2024\/01\/Ocean-Spray-Upper-Deck-720x425.jpg\" class=\"attachment-thumb_gallery size-thumb_gallery\" alt=\"Cubierta superior Ocean Spray Crucero\" \/>\t\t\t\t<span class=\"gallery__item__info\">\n\t\t\t\t\t<span class=\"gallery__item__info__content\">\n\t\t\t\t\t\t<span class=\"gallery__item__title\">Cubierta superior<\/span>\n\t\t\t\t\t\t\t\t\t\t<\/span>\n\t\t\t\t\t<span class=\"gallery__item__shadow\"><\/span>\n\t\t\t\t<\/span>\n\t\t\t<\/a>\n\t\t<\/div>\n\t\t\t\t\t<div class=\"col-sm-4 gallery__item-wrap\" data-filterid=\"\">\n\t\t\t<a href=\"https:\/\/naturegalapagos.com\/es\/wp-content\/uploads\/sites\/3\/2024\/01\/Ocean-Spray-Sky-Deck.jpg\" class=\"swipebox gallery__item\" title=\"Cubierta del cielo\">\n\t\t\t\t<img decoding=\"async\" width=\"720\" height=\"425\" src=\"https:\/\/naturegalapagos.com\/es\/wp-content\/uploads\/sites\/3\/2024\/01\/Ocean-Spray-Sky-Deck-720x425.jpg\" class=\"attachment-thumb_gallery size-thumb_gallery\" alt=\"Cubierta del cielo Ocean Spray Crucero\" \/>\t\t\t\t<span class=\"gallery__item__info\">\n\t\t\t\t\t<span class=\"gallery__item__info__content\">\n\t\t\t\t\t\t<span class=\"gallery__item__title\">Cubierta del cielo<\/span>\n\t\t\t\t\t\t\t\t\t\t<\/span>\n\t\t\t\t\t<span class=\"gallery__item__shadow\"><\/span>\n\t\t\t\t<\/span>\n\t\t\t<\/a>\n\t\t<\/div>\n\t\t\t\t\t<div class=\"col-sm-4 gallery__item-wrap\" data-filterid=\"\">\n\t\t\t<a href=\"https:\/\/naturegalapagos.com\/es\/wp-content\/uploads\/sites\/3\/2024\/01\/Ocean-Spray-Main-Deck.jpg\" class=\"swipebox gallery__item\" title=\"Cubierta principal\">\n\t\t\t\t<img decoding=\"async\" width=\"720\" height=\"425\" src=\"https:\/\/naturegalapagos.com\/es\/wp-content\/uploads\/sites\/3\/2024\/01\/Ocean-Spray-Main-Deck-720x425.jpg\" class=\"attachment-thumb_gallery size-thumb_gallery\" alt=\"Cubierta principal Ocean Spray Crucero\" \/>\t\t\t\t<span class=\"gallery__item__info\">\n\t\t\t\t\t<span class=\"gallery__item__info__content\">\n\t\t\t\t\t\t<span class=\"gallery__item__title\">Cubierta principal<\/span>\n\t\t\t\t\t\t\t\t\t\t<\/span>\n\t\t\t\t\t<span class=\"gallery__item__shadow\"><\/span>\n\t\t\t\t<\/span>\n\t\t\t<\/a>\n\t\t<\/div>\n\t<\/div>\n<\/div>\n<p>[vc_row][vc_column][vc_column_text]\n<div class=\"panel panel-default accordion__item\">\n\t<div class=\"panel-heading accordion__item__title-wrap\">\n\t\t<h4 class=\"panel-title\">\n\t\t\t<a data-toggle=\"collapse\" data-parent=\"#ataccordion0\" href=\"#ataccordion0_1\" class=\"accordion__item__link collapsed\">Solicite m\u00e1s informaci\u00f3n<\/a>\n\t\t<\/h4>\n\t<\/div>\n\t<div id=\"ataccordion0_1\" class=\"panel-collapse collapse\">\n\t\t<div class=\"panel-body accordion__item__content\"><br \/>\n                <div class=\"ml-embedded\" data-form=\"u8s3Rb\"><\/div>\n<\/div>\n\t<\/div>\n<\/div>[\/vc_column_text][\/vc_column][\/vc_row]<\/p>\n<\/div>","protected":false},"excerpt":{"rendered":"<p>Descripci\u00f3n del M\/C Ocean Spray Crucero Gal\u00e1pagos: El M\/C Ocean Spray Crucero incorpora en su dise\u00f1o lo mejor de un catamaran de Gal\u00e1pagos. Comodidades a bordo: jacuzzi, una gran terraza y balcones privados en sus cabinas. Combina alta calidad con excelentes precios haciendo de su experiencia en Gal\u00e1pagos un lujo asequible. Principales caracter\u00edsticas El M\/C<\/p>\n<div class=\"padding-top text-center\"><a href=\"https:\/\/naturegalapagos.com\/es\/cruceros-galapagos\/catamaran-lujo-ocean-spray-crucero-galapagos\/\" class=\"atbtn atbtn--medium atbtn--rounded atbtn--transparent\">Leer m\u00e1s<i class=\"atbtn__icon atbtn__icon--right fa fa-long-arrow-right\"><\/i><\/a><\/div>\n","protected":false},"featured_media":1977,"comment_status":"open","ping_status":"closed","template":"","meta":{"_joinchat":[]},"product_brand":[],"product_cat":[3599],"product_tag":[],"class_list":{"0":"post-1340","1":"product","2":"type-product","3":"status-publish","4":"has-post-thumbnail","6":"product_cat-sin-categoria","7":"tour_category-crucero-de-lujo","9":"first","10":"instock","11":"taxable","12":"shipping-taxable","13":"product-type-tour"},"yoast_head":"<!-- This site is optimized with the Yoast SEO Premium plugin v25.6 (Yoast SEO v26.1.1) - https:\/\/yoast.com\/wordpress\/plugins\/seo\/ -->\n<title>M\/C Ocean Spray Crucero Gal\u00e1pagos | Catamar\u00e1n de Lujo<\/title>\n<meta name=\"description\" content=\"M\/C Ocean Spray crucero Gal\u00e1pagos incorpora en su dise\u00f1o alta calidad con excelentes precios para tener una experiencia de lujo en Gal\u00e1pagos. Cons\u00faltenos\" \/>\n<meta name=\"robots\" content=\"index, follow, max-snippet:-1, max-image-preview:large, max-video-preview:-1\" \/>\n<link rel=\"canonical\" href=\"https:\/\/naturegalapagos.com\/es\/cruceros-galapagos\/catamaran-lujo-ocean-spray-crucero-galapagos\/\" \/>\n<meta property=\"og:locale\" content=\"es_ES\" \/>\n<meta property=\"og:type\" content=\"article\" \/>\n<meta property=\"og:title\" content=\"M\/C Ocean Spray Crucero Gal\u00e1pagos | Catamar\u00e1n de Lujo\" \/>\n<meta property=\"og:description\" content=\"M\/C Ocean Spray crucero Gal\u00e1pagos incorpora en su dise\u00f1o alta calidad con excelentes precios para tener una experiencia de lujo en Gal\u00e1pagos. Cons\u00faltenos\" \/>\n<meta property=\"og:url\" content=\"https:\/\/naturegalapagos.com\/es\/cruceros-galapagos\/catamaran-lujo-ocean-spray-crucero-galapagos\/\" \/>\n<meta property=\"og:site_name\" content=\"Espa\u00f1ol - Nature Galapagos &amp; Ecuador\" \/>\n<meta property=\"article:publisher\" content=\"https:\/\/www.facebook.com\/naturegalapagosecuador\/\" \/>\n<meta property=\"article:modified_time\" content=\"2024-12-26T15:00:40+00:00\" \/>\n<meta property=\"og:image\" content=\"https:\/\/naturegalapagos.com\/es\/wp-content\/uploads\/sites\/3\/2016\/06\/ocean-spray-crucero.jpg\" \/>\n\t<meta property=\"og:image:width\" content=\"1024\" \/>\n\t<meta property=\"og:image:height\" content=\"512\" \/>\n\t<meta property=\"og:image:type\" content=\"image\/jpeg\" \/>\n<meta name=\"twitter:card\" content=\"summary_large_image\" \/>\n<meta name=\"twitter:title\" content=\"M\/C Ocean Spray Crucero Gal\u00e1pagos | Catamar\u00e1n de Lujo\" \/>\n<meta name=\"twitter:description\" content=\"M\/C Ocean Spray crucero Gal\u00e1pagos incorpora en su dise\u00f1o alta calidad con excelentes precios para tener una experiencia de lujo en Gal\u00e1pagos. Cons\u00faltenos\" \/>\n<meta name=\"twitter:site\" content=\"@naturegalapagos\" \/>\n<meta name=\"twitter:label1\" content=\"Tiempo de lectura\" \/>\n\t<meta name=\"twitter:data1\" content=\"2 minutos\" \/>\n<!-- \/ Yoast SEO Premium plugin. -->","yoast_head_json":{"title":"M\/C Ocean Spray Crucero Gal\u00e1pagos | Catamar\u00e1n de Lujo","description":"M\/C Ocean Spray crucero Gal\u00e1pagos incorpora en su dise\u00f1o alta calidad con excelentes precios para tener una experiencia de lujo en Gal\u00e1pagos. Cons\u00faltenos","robots":{"index":"index","follow":"follow","max-snippet":"max-snippet:-1","max-image-preview":"max-image-preview:large","max-video-preview":"max-video-preview:-1"},"canonical":"https:\/\/naturegalapagos.com\/es\/cruceros-galapagos\/catamaran-lujo-ocean-spray-crucero-galapagos\/","og_locale":"es_ES","og_type":"article","og_title":"M\/C Ocean Spray Crucero Gal\u00e1pagos | Catamar\u00e1n de Lujo","og_description":"M\/C Ocean Spray crucero Gal\u00e1pagos incorpora en su dise\u00f1o alta calidad con excelentes precios para tener una experiencia de lujo en Gal\u00e1pagos. Cons\u00faltenos","og_url":"https:\/\/naturegalapagos.com\/es\/cruceros-galapagos\/catamaran-lujo-ocean-spray-crucero-galapagos\/","og_site_name":"Espa\u00f1ol - Nature Galapagos &amp; Ecuador","article_publisher":"https:\/\/www.facebook.com\/naturegalapagosecuador\/","article_modified_time":"2024-12-26T15:00:40+00:00","og_image":[{"width":1024,"height":512,"url":"https:\/\/naturegalapagos.com\/es\/wp-content\/uploads\/sites\/3\/2016\/06\/ocean-spray-crucero.jpg","type":"image\/jpeg"}],"twitter_card":"summary_large_image","twitter_title":"M\/C Ocean Spray Crucero Gal\u00e1pagos | Catamar\u00e1n de Lujo","twitter_description":"M\/C Ocean Spray crucero Gal\u00e1pagos incorpora en su dise\u00f1o alta calidad con excelentes precios para tener una experiencia de lujo en Gal\u00e1pagos. Cons\u00faltenos","twitter_site":"@naturegalapagos","twitter_misc":{"Tiempo de lectura":"2 minutos"},"schema":{"@context":"https:\/\/schema.org","@graph":[{"@type":"WebPage","@id":"https:\/\/naturegalapagos.com\/es\/cruceros-galapagos\/catamaran-lujo-ocean-spray-crucero-galapagos\/","url":"https:\/\/naturegalapagos.com\/es\/cruceros-galapagos\/catamaran-lujo-ocean-spray-crucero-galapagos\/","name":"M\/C Ocean Spray Crucero Gal\u00e1pagos | Catamar\u00e1n de Lujo","isPartOf":{"@id":"https:\/\/naturegalapagos.com\/es\/#website"},"primaryImageOfPage":{"@id":"https:\/\/naturegalapagos.com\/es\/cruceros-galapagos\/catamaran-lujo-ocean-spray-crucero-galapagos\/#primaryimage"},"image":{"@id":"https:\/\/naturegalapagos.com\/es\/cruceros-galapagos\/catamaran-lujo-ocean-spray-crucero-galapagos\/#primaryimage"},"thumbnailUrl":"https:\/\/naturegalapagos.com\/es\/wp-content\/uploads\/sites\/3\/2016\/06\/ocean-spray-crucero.jpg","datePublished":"2024-12-26T14:58:10+00:00","dateModified":"2024-12-26T15:00:40+00:00","description":"M\/C Ocean Spray crucero Gal\u00e1pagos incorpora en su dise\u00f1o alta calidad con excelentes precios para tener una experiencia de lujo en Gal\u00e1pagos. Cons\u00faltenos","breadcrumb":{"@id":"https:\/\/naturegalapagos.com\/es\/cruceros-galapagos\/catamaran-lujo-ocean-spray-crucero-galapagos\/#breadcrumb"},"inLanguage":"es","potentialAction":[{"@type":"ReadAction","target":["https:\/\/naturegalapagos.com\/es\/cruceros-galapagos\/catamaran-lujo-ocean-spray-crucero-galapagos\/"]}]},{"@type":"ImageObject","inLanguage":"es","@id":"https:\/\/naturegalapagos.com\/es\/cruceros-galapagos\/catamaran-lujo-ocean-spray-crucero-galapagos\/#primaryimage","url":"https:\/\/naturegalapagos.com\/es\/wp-content\/uploads\/sites\/3\/2016\/06\/ocean-spray-crucero.jpg","contentUrl":"https:\/\/naturegalapagos.com\/es\/wp-content\/uploads\/sites\/3\/2016\/06\/ocean-spray-crucero.jpg","width":1024,"height":512,"caption":"Ocean Spray crucero"},{"@type":"BreadcrumbList","@id":"https:\/\/naturegalapagos.com\/es\/cruceros-galapagos\/catamaran-lujo-ocean-spray-crucero-galapagos\/#breadcrumb","itemListElement":[{"@type":"ListItem","position":1,"name":"Home","item":"https:\/\/naturegalapagos.com\/es\/"},{"@type":"ListItem","position":2,"name":"Tienda","item":"https:\/\/naturegalapagos.com\/es\/tienda\/"},{"@type":"ListItem","position":3,"name":"M\/C Ocean Spray Crucero Gal\u00e1pagos"}]},{"@type":"WebSite","@id":"https:\/\/naturegalapagos.com\/es\/#website","url":"https:\/\/naturegalapagos.com\/es\/","name":"Espa\u00f1ol - Nature Galapagos & Ecuador","description":"","publisher":{"@id":"https:\/\/naturegalapagos.com\/es\/#organization"},"potentialAction":[{"@type":"SearchAction","target":{"@type":"EntryPoint","urlTemplate":"https:\/\/naturegalapagos.com\/es\/?s={search_term_string}"},"query-input":{"@type":"PropertyValueSpecification","valueRequired":true,"valueName":"search_term_string"}}],"inLanguage":"es"},{"@type":"Organization","@id":"https:\/\/naturegalapagos.com\/es\/#organization","name":"Espa\u00f1ol - Nature Galapagos & Ecuador","url":"https:\/\/naturegalapagos.com\/es\/","logo":{"@type":"ImageObject","inLanguage":"es","@id":"https:\/\/naturegalapagos.com\/es\/#\/schema\/logo\/image\/","url":"https:\/\/naturegalapagos.com\/es\/wp-content\/uploads\/sites\/3\/2016\/10\/Nature-Galapagos-Logo-COM-300x300.jpg","contentUrl":"https:\/\/naturegalapagos.com\/es\/wp-content\/uploads\/sites\/3\/2016\/10\/Nature-Galapagos-Logo-COM-300x300.jpg","width":300,"height":300,"caption":"Espa\u00f1ol - Nature Galapagos & Ecuador"},"image":{"@id":"https:\/\/naturegalapagos.com\/es\/#\/schema\/logo\/image\/"},"sameAs":["https:\/\/www.facebook.com\/naturegalapagosecuador\/","https:\/\/x.com\/naturegalapagos","https:\/\/www.instagram.com\/naturegalapagos\/","https:\/\/www.pinterest.com\/Naturegalapagos\/","https:\/\/www.youtube.com\/user\/NatureGalapagosTours"]}]}},"_links":{"self":[{"href":"https:\/\/naturegalapagos.com\/es\/wp-json\/wp\/v2\/product\/1340","targetHints":{"allow":["GET"]}}],"collection":[{"href":"https:\/\/naturegalapagos.com\/es\/wp-json\/wp\/v2\/product"}],"about":[{"href":"https:\/\/naturegalapagos.com\/es\/wp-json\/wp\/v2\/types\/product"}],"replies":[{"embeddable":true,"href":"https:\/\/naturegalapagos.com\/es\/wp-json\/wp\/v2\/comments?post=1340"}],"wp:featuredmedia":[{"embeddable":true,"href":"https:\/\/naturegalapagos.com\/es\/wp-json\/wp\/v2\/media\/1977"}],"wp:attachment":[{"href":"https:\/\/naturegalapagos.com\/es\/wp-json\/wp\/v2\/media?parent=1340"}],"wp:term":[{"taxonomy":"product_brand","embeddable":true,"href":"https:\/\/naturegalapagos.com\/es\/wp-json\/wp\/v2\/product_brand?post=1340"},{"taxonomy":"product_cat","embeddable":true,"href":"https:\/\/naturegalapagos.com\/es\/wp-json\/wp\/v2\/product_cat?post=1340"},{"taxonomy":"product_tag","embeddable":true,"href":"https:\/\/naturegalapagos.com\/es\/wp-json\/wp\/v2\/product_tag?post=1340"}],"curies":[{"name":"wp","href":"https:\/\/api.w.org\/{rel}","templated":true}]}}