{"id":1359,"date":"2024-08-29T14:55:21","date_gmt":"2024-08-29T18:55:21","guid":{"rendered":"http:\/\/naturegalapagos.com\/es\/cruceros-galapagos\/catamaran-lujo-queen-of-galapagos"},"modified":"2024-08-29T15:57:58","modified_gmt":"2024-08-29T19:57:58","slug":"cruceros-galapagosyate-lujo-legend","status":"publish","type":"product","link":"https:\/\/naturegalapagos.com\/es\/cruceros-galapagos\/yate-lujo-legend\/","title":{"rendered":"M\/V Gal\u00e1pagos Legend Crucero"},"content":{"rendered":"<div class=\"wpb-content-wrapper\"><div style=\"display: flex; justify-content: end; margin-bottom: 10px;\"><span style=\"font-family: arial, helvetica, sans-serif;\"><a href=\"https:\/\/naturegalapagos.com\/es\/ofertas-de-viajes\/\" target=\"_blank\" rel=\"noopener\"><img decoding=\"async\" src=\"https:\/\/naturegalapagos.com\/es\/wp-content\/uploads\/sites\/3\/2019\/11\/las-minute-deals-gif_Final_espa\u00f1ol.gif\" alt=\"Oferta de cruceros en Gal\u00e1pagos\" width=\"227.5\" height=\"77.25\" \/><\/a><\/span><\/div>\n<h2><span style=\"font-family: arial, helvetica, sans-serif;\"><strong>Descripci\u00f3n del M\/V Gal\u00e1pagos Legend Crucero:<\/strong><\/span><\/h2>\n<p style=\"text-align: justify;\"><span style=\"font-family: arial, helvetica, sans-serif;\">El crucero con capacidad para 100 pasajeros ofrece comfort y una gran cantidad de personas con lo cual podr\u00e1 disfrutar de sus momentos de descanso. El Yate de Expedici\u00f3n M\/V Galapagos Legend tiene todas las comodidades de un crucero de mayor tama\u00f1o y a\u00fan lo bastante peque\u00f1o para una experiencia m\u00e1s intima con la naturaleza.<\/span><\/p>\n<p><!--more--><\/p>\n<h3><span style=\"font-family: arial, helvetica, sans-serif; font-size: 16px;\"><strong>CARACTER\u00cdSTICAS PRINCIPALES<\/strong><\/span><\/h3>\n<ul>\n<li style=\"text-align: justify;\"><span style=\"font-family: arial, helvetica, sans-serif;\">El M\/V Gal\u00e1pagos Legend crucero, con estilo intimo y todas las comodidades de un crucero de mayor tama\u00f1o.<\/span><\/li>\n<li style=\"text-align: justify;\"><span style=\"font-family: arial, helvetica, sans-serif;\">Cabinas completamente alfombradas con vista al oc\u00e9ano<\/span><\/li>\n<li style=\"text-align: justify;\"><span style=\"font-family: arial, helvetica, sans-serif;\">Tripulaci\u00f3n altamente capacitada, un doctor disponible las 24 horas y gu\u00edas pluriling\u00fces expertos.<\/span><\/li>\n<li style=\"text-align: justify;\"><span style=\"font-family: arial, helvetica, sans-serif;\">Delicias culinarias servidas en el comedor, piscina con amplias terrazas y plataformas de observaci\u00f3n.<\/span><\/li>\n<\/ul>\n<h3 style=\"text-align: justify;\"><span style=\"font-family: arial, helvetica, sans-serif;\"><strong>Cabinas:<\/strong><\/span><\/h3>\n<p style=\"text-align: justify;\"><span style=\"font-family: arial, helvetica, sans-serif;\">La mayor\u00eda de cabinas est\u00e1n localizadas en la cubierta de tierra; Su principal caracter\u00edstica es su distribuci\u00f3n en el espacio ya que poseen una peque\u00f1a sala junto a ventanas panor\u00e1micas.<\/span><\/p>\n<table style=\"border-collapse: collapse; width: 100%;\">\n<thead>\n<tr style=\"background-color: #009e5d; color: white;\">\n<td style=\"width: 99.9262%; text-align: center;\" colspan=\"2\"><strong><span style=\"font-family: arial, helvetica, sans-serif;\">Especificaciones T\u00e9cnicas<\/span><\/strong><\/td>\n<\/tr>\n<\/thead>\n<tbody>\n<tr>\n<td style=\"width: 49.9631%;\"><span style=\"font-family: arial, helvetica, sans-serif;\"><strong>Construcci\u00f3n:<\/strong><\/span><\/td>\n<td style=\"width: 49.9631%;\"><span style=\"font-family: arial, helvetica, sans-serif;\">\u00a0Alemania<\/span><\/td>\n<\/tr>\n<tr>\n<td style=\"width: 49.9631%;\"><span style=\"font-family: arial, helvetica, sans-serif;\"><strong>Reconstrucci\u00f3n:<\/strong><\/span><\/td>\n<td style=\"width: 49.9631%;\"><span style=\"font-family: arial, helvetica, sans-serif;\">\u00a0A\u00f1o 2002<\/span><\/td>\n<\/tr>\n<tr>\n<td style=\"width: 49.9631%;\"><span style=\"font-family: arial, helvetica, sans-serif;\"><strong>Peso (ton):<\/strong><\/span><\/td>\n<td style=\"width: 49.9631%;\"><span style=\"font-family: arial, helvetica, sans-serif;\">\u00a02746<\/span><\/td>\n<\/tr>\n<tr>\n<td style=\"width: 49.9631%;\"><span style=\"font-family: arial, helvetica, sans-serif;\"><strong>Categor\u00eda<\/strong>:<\/span><\/td>\n<td style=\"width: 49.9631%;\"><span style=\"font-family: arial, helvetica, sans-serif;\">\u00a0Yate de expedici\u00f3n (Clase de Lujo)<\/span><\/td>\n<\/tr>\n<tr>\n<td style=\"width: 49.9631%;\"><span style=\"font-family: arial, helvetica, sans-serif;\"><strong>Velocidad:<\/strong><\/span><\/td>\n<td style=\"width: 49.9631%;\"><span style=\"font-family: arial, helvetica, sans-serif;\">\u00a015 nudos al navegar, 19 nudos m\u00e1ximo<\/span><\/td>\n<\/tr>\n<tr>\n<td style=\"width: 49.9631%;\"><span style=\"font-family: arial, helvetica, sans-serif;\"><strong>Longitud:<\/strong><\/span><\/td>\n<td style=\"width: 49.9631%;\"><span style=\"font-family: arial, helvetica, sans-serif;\">\u00a0300<\/span><\/td>\n<\/tr>\n<tr>\n<td style=\"width: 49.9631%;\"><span style=\"font-family: arial, helvetica, sans-serif;\"><strong>Haz:<\/strong><\/span><\/td>\n<td style=\"width: 49.9631%;\"><span style=\"font-family: arial, helvetica, sans-serif;\">\u00a047 pies \/ 14.3 m<\/span><\/td>\n<\/tr>\n<tr>\n<td style=\"width: 49.9631%;\"><span style=\"font-family: arial, helvetica, sans-serif;\"><strong>Ancho:<\/strong><\/span><\/td>\n<td style=\"width: 49.9631%;\"><span style=\"font-family: arial, helvetica, sans-serif;\">\u00a013 pies \/ 3.9 m<\/span><\/td>\n<\/tr>\n<tr>\n<td style=\"width: 49.9631%;\"><span style=\"font-family: arial, helvetica, sans-serif;\"><strong>Pasajeros:<\/strong><\/span><\/td>\n<td style=\"width: 49.9631%;\"><span style=\"font-family: arial, helvetica, sans-serif;\">\u00a0110<\/span><\/td>\n<\/tr>\n<tr>\n<td style=\"width: 49.9631%;\"><span style=\"font-family: arial, helvetica, sans-serif;\"><strong>Tripulaci\u00f3n:<\/strong><\/span><\/td>\n<td style=\"width: 49.9631%;\"><span style=\"font-family: arial, helvetica, sans-serif;\">\u00a060 adicional un doctor<\/span><\/td>\n<\/tr>\n<tr>\n<td style=\"width: 49.9631%;\"><span style=\"font-family: arial, helvetica, sans-serif;\"><strong>Gu\u00edas:<\/strong><\/span><\/td>\n<td style=\"width: 49.9631%;\"><span style=\"font-family: arial, helvetica, sans-serif;\">\u00a06 \u00a0gu\u00edas pluriling\u00fces expertos<\/span><\/td>\n<\/tr>\n<tr>\n<td style=\"width: 49.9631%;\"><span style=\"font-family: arial, helvetica, sans-serif;\"><strong>Botes Salvavidas:<\/strong><\/span><\/td>\n<td style=\"width: 49.9631%;\"><span style=\"font-family: arial, helvetica, sans-serif;\">\u00a02 para 58 pasajeros cada uno<\/span><\/td>\n<\/tr>\n<tr>\n<td style=\"width: 49.9631%;\"><span style=\"font-family: arial, helvetica, sans-serif;\"><strong>Balsas Salvavidas:<\/strong><\/span><\/td>\n<td style=\"width: 49.9631%;\"><span style=\"font-family: arial, helvetica, sans-serif;\">\u00a010 para 25 pasajeros cada una<\/span><\/td>\n<\/tr>\n<tr>\n<td style=\"width: 49.9631%;\"><span style=\"font-family: arial, helvetica, sans-serif;\"><strong>Lanchas:<\/strong><\/span><\/td>\n<td style=\"width: 49.9631%;\"><span style=\"font-family: arial, helvetica, sans-serif;\">\u00a05 unidades<\/span><\/td>\n<\/tr>\n<tr>\n<td style=\"width: 49.9631%;\"><span style=\"font-family: arial, helvetica, sans-serif;\"><strong>Cubiertas:<\/strong><\/span><\/td>\n<td style=\"width: 49.9631%;\"><span style=\"font-family: arial, helvetica, sans-serif;\">\u00a04<\/span><\/td>\n<\/tr>\n<tr>\n<td style=\"width: 49.9631%;\"><span style=\"font-family: arial, helvetica, sans-serif;\"><strong>Clasificaci\u00f3n:<\/strong><\/span><\/td>\n<td style=\"width: 49.9631%;\"><span style=\"font-family: arial, helvetica, sans-serif;\">\u00a0ISM-SOLAS<\/span><\/td>\n<\/tr>\n<tr>\n<td style=\"width: 49.9631%;\"><span style=\"font-family: arial, helvetica, sans-serif;\"><strong>Equipo de Seguridad:<\/strong><\/span><\/td>\n<td style=\"width: 49.9631%;\"><span style=\"font-family: arial, helvetica, sans-serif;\">\u00a0Radares, gyrocompass, piloto autom\u00e1tico, director visual, sonar, radio, telephony GMDSS equipado<\/span><\/td>\n<\/tr>\n<tr>\n<td style=\"width: 49.9631%;\"><span style=\"font-family: arial, helvetica, sans-serif;\"><strong>Sistema Contra Incendios:<\/strong><\/span><\/td>\n<td style=\"width: 49.9631%;\"><span style=\"font-family: arial, helvetica, sans-serif;\">\u00a0Aspersores y detectores de humo<\/span><\/td>\n<\/tr>\n<\/tbody>\n<\/table>\n<p>&nbsp;<\/p>\n<p>[vc_row][vc_column][vc_column_text]\n<div class=\"panel panel-default accordion__item\">\n\t<div class=\"panel-heading accordion__item__title-wrap\">\n\t\t<h4 class=\"panel-title\">\n\t\t\t<a data-toggle=\"collapse\" data-parent=\"#ataccordion0\" href=\"#ataccordion0_1\" class=\"accordion__item__link collapsed\">Solicite m\u00e1s informaci\u00f3n<\/a>\n\t\t<\/h4>\n\t<\/div>\n\t<div id=\"ataccordion0_1\" class=\"panel-collapse collapse\">\n\t\t<div class=\"panel-body accordion__item__content\">\n<div class=\"ml-embedded\" data-form=\"dTtsAp\"><\/div>\n<\/div>\n\t<\/div>\n<\/div>[\/vc_column_text][\/vc_column][\/vc_row][vc_row][vc_column][\/vc_column][\/vc_row]<\/p>\n<\/div>","protected":false},"excerpt":{"rendered":"<ul>\n<li>El M\/V Gal\u00e1pagos Legend crucero, con estilo intimo y todas las comodidades de un crucero de mayor tama\u00f1o.<\/li>\n<li>Cabinas completamente alfombradas con vista al oc\u00e9ano<\/li>\n<li>Tripulaci\u00f3n altamente capacitada, un doctor disponible las 24 horas y gu\u00edas pluriling\u00fces expertos.<\/li>\n<\/ul>\n<p>&nbsp;<\/p>\n","protected":false},"featured_media":1986,"comment_status":"open","ping_status":"closed","template":"","meta":{"_joinchat":[]},"product_brand":[],"product_cat":[3599],"product_tag":[],"class_list":{"0":"post-1359","1":"product","2":"type-product","3":"status-publish","4":"has-post-thumbnail","6":"product_cat-sin-categoria","7":"tour_category-crucero-de-lujo","9":"first","10":"instock","11":"taxable","12":"shipping-taxable","13":"product-type-tour"},"yoast_head":"<!-- This site is optimized with the Yoast SEO Premium plugin v25.6 (Yoast SEO v26.1.1) - https:\/\/yoast.com\/wordpress\/plugins\/seo\/ -->\n<title>M\/V Gal\u00e1pagos Legend Crucero | Yate de Lujo<\/title>\n<meta name=\"description\" content=\"M\/V Gal\u00e1pagos Legend Crucero tiene todas las comodidades de un barco de mayor tama\u00f1o, lo bastante peque\u00f1o para una experiencia m\u00e1s intima con la naturaleza.\" \/>\n<meta name=\"robots\" content=\"index, follow, max-snippet:-1, max-image-preview:large, max-video-preview:-1\" \/>\n<link rel=\"canonical\" href=\"https:\/\/naturegalapagos.com\/es\/cruceros-galapagos\/yate-lujo-legend\/\" \/>\n<meta property=\"og:locale\" content=\"es_ES\" \/>\n<meta property=\"og:type\" content=\"article\" \/>\n<meta property=\"og:title\" content=\"M\/V Gal\u00e1pagos Legend Crucero | Yate de Lujo\" \/>\n<meta property=\"og:description\" content=\"M\/V Gal\u00e1pagos Legend Crucero tiene todas las comodidades de un barco de mayor tama\u00f1o, lo bastante peque\u00f1o para una experiencia m\u00e1s intima con la naturaleza.\" \/>\n<meta property=\"og:url\" content=\"https:\/\/naturegalapagos.com\/es\/cruceros-galapagos\/yate-lujo-legend\/\" \/>\n<meta property=\"og:site_name\" content=\"Espa\u00f1ol - Nature Galapagos &amp; Ecuador\" \/>\n<meta property=\"article:publisher\" content=\"https:\/\/www.facebook.com\/naturegalapagosecuador\/\" \/>\n<meta property=\"article:modified_time\" content=\"2024-08-29T19:57:58+00:00\" \/>\n<meta property=\"og:image\" content=\"https:\/\/naturegalapagos.com\/es\/wp-content\/uploads\/sites\/3\/2016\/06\/galapagos-legend-crucero.jpg\" \/>\n\t<meta property=\"og:image:width\" content=\"1024\" \/>\n\t<meta property=\"og:image:height\" content=\"512\" \/>\n\t<meta property=\"og:image:type\" content=\"image\/jpeg\" \/>\n<meta name=\"twitter:card\" content=\"summary_large_image\" \/>\n<meta name=\"twitter:title\" content=\"M\/V Gal\u00e1pagos Legend Crucero | Yate de Lujo\" \/>\n<meta name=\"twitter:description\" content=\"M\/V Gal\u00e1pagos Legend Crucero tiene todas las comodidades de un barco de mayor tama\u00f1o, lo bastante peque\u00f1o para una experiencia m\u00e1s intima con la naturaleza.\" \/>\n<meta name=\"twitter:site\" content=\"@naturegalapagos\" \/>\n<meta name=\"twitter:label1\" content=\"Tiempo de lectura\" \/>\n\t<meta name=\"twitter:data1\" content=\"2 minutos\" \/>\n<!-- \/ Yoast SEO Premium plugin. -->","yoast_head_json":{"title":"M\/V Gal\u00e1pagos Legend Crucero | Yate de Lujo","description":"M\/V Gal\u00e1pagos Legend Crucero tiene todas las comodidades de un barco de mayor tama\u00f1o, lo bastante peque\u00f1o para una experiencia m\u00e1s intima con la naturaleza.","robots":{"index":"index","follow":"follow","max-snippet":"max-snippet:-1","max-image-preview":"max-image-preview:large","max-video-preview":"max-video-preview:-1"},"canonical":"https:\/\/naturegalapagos.com\/es\/cruceros-galapagos\/yate-lujo-legend\/","og_locale":"es_ES","og_type":"article","og_title":"M\/V Gal\u00e1pagos Legend Crucero | Yate de Lujo","og_description":"M\/V Gal\u00e1pagos Legend Crucero tiene todas las comodidades de un barco de mayor tama\u00f1o, lo bastante peque\u00f1o para una experiencia m\u00e1s intima con la naturaleza.","og_url":"https:\/\/naturegalapagos.com\/es\/cruceros-galapagos\/yate-lujo-legend\/","og_site_name":"Espa\u00f1ol - Nature Galapagos &amp; Ecuador","article_publisher":"https:\/\/www.facebook.com\/naturegalapagosecuador\/","article_modified_time":"2024-08-29T19:57:58+00:00","og_image":[{"width":1024,"height":512,"url":"https:\/\/naturegalapagos.com\/es\/wp-content\/uploads\/sites\/3\/2016\/06\/galapagos-legend-crucero.jpg","type":"image\/jpeg"}],"twitter_card":"summary_large_image","twitter_title":"M\/V Gal\u00e1pagos Legend Crucero | Yate de Lujo","twitter_description":"M\/V Gal\u00e1pagos Legend Crucero tiene todas las comodidades de un barco de mayor tama\u00f1o, lo bastante peque\u00f1o para una experiencia m\u00e1s intima con la naturaleza.","twitter_site":"@naturegalapagos","twitter_misc":{"Tiempo de lectura":"2 minutos"},"schema":{"@context":"https:\/\/schema.org","@graph":[{"@type":"WebPage","@id":"https:\/\/naturegalapagos.com\/es\/cruceros-galapagos\/yate-lujo-legend\/","url":"https:\/\/naturegalapagos.com\/es\/cruceros-galapagos\/yate-lujo-legend\/","name":"M\/V Gal\u00e1pagos Legend Crucero | Yate de Lujo","isPartOf":{"@id":"https:\/\/naturegalapagos.com\/es\/#website"},"primaryImageOfPage":{"@id":"https:\/\/naturegalapagos.com\/es\/cruceros-galapagos\/yate-lujo-legend\/#primaryimage"},"image":{"@id":"https:\/\/naturegalapagos.com\/es\/cruceros-galapagos\/yate-lujo-legend\/#primaryimage"},"thumbnailUrl":"https:\/\/naturegalapagos.com\/es\/wp-content\/uploads\/sites\/3\/2016\/06\/galapagos-legend-crucero.jpg","datePublished":"2024-08-29T18:55:21+00:00","dateModified":"2024-08-29T19:57:58+00:00","description":"M\/V Gal\u00e1pagos Legend Crucero tiene todas las comodidades de un barco de mayor tama\u00f1o, lo bastante peque\u00f1o para una experiencia m\u00e1s intima con la naturaleza.","breadcrumb":{"@id":"https:\/\/naturegalapagos.com\/es\/cruceros-galapagos\/yate-lujo-legend\/#breadcrumb"},"inLanguage":"es","potentialAction":[{"@type":"ReadAction","target":["https:\/\/naturegalapagos.com\/es\/cruceros-galapagos\/yate-lujo-legend\/"]}]},{"@type":"ImageObject","inLanguage":"es","@id":"https:\/\/naturegalapagos.com\/es\/cruceros-galapagos\/yate-lujo-legend\/#primaryimage","url":"https:\/\/naturegalapagos.com\/es\/wp-content\/uploads\/sites\/3\/2016\/06\/galapagos-legend-crucero.jpg","contentUrl":"https:\/\/naturegalapagos.com\/es\/wp-content\/uploads\/sites\/3\/2016\/06\/galapagos-legend-crucero.jpg","width":1024,"height":512,"caption":"Gal\u00e1pagos Legend crucero"},{"@type":"BreadcrumbList","@id":"https:\/\/naturegalapagos.com\/es\/cruceros-galapagos\/yate-lujo-legend\/#breadcrumb","itemListElement":[{"@type":"ListItem","position":1,"name":"Home","item":"https:\/\/naturegalapagos.com\/es\/"},{"@type":"ListItem","position":2,"name":"Tienda","item":"https:\/\/naturegalapagos.com\/es\/tienda\/"},{"@type":"ListItem","position":3,"name":"M\/V Gal\u00e1pagos Legend Crucero"}]},{"@type":"WebSite","@id":"https:\/\/naturegalapagos.com\/es\/#website","url":"https:\/\/naturegalapagos.com\/es\/","name":"Espa\u00f1ol - Nature Galapagos & Ecuador","description":"","publisher":{"@id":"https:\/\/naturegalapagos.com\/es\/#organization"},"potentialAction":[{"@type":"SearchAction","target":{"@type":"EntryPoint","urlTemplate":"https:\/\/naturegalapagos.com\/es\/?s={search_term_string}"},"query-input":{"@type":"PropertyValueSpecification","valueRequired":true,"valueName":"search_term_string"}}],"inLanguage":"es"},{"@type":"Organization","@id":"https:\/\/naturegalapagos.com\/es\/#organization","name":"Espa\u00f1ol - Nature Galapagos & Ecuador","url":"https:\/\/naturegalapagos.com\/es\/","logo":{"@type":"ImageObject","inLanguage":"es","@id":"https:\/\/naturegalapagos.com\/es\/#\/schema\/logo\/image\/","url":"https:\/\/naturegalapagos.com\/es\/wp-content\/uploads\/sites\/3\/2016\/10\/Nature-Galapagos-Logo-COM-300x300.jpg","contentUrl":"https:\/\/naturegalapagos.com\/es\/wp-content\/uploads\/sites\/3\/2016\/10\/Nature-Galapagos-Logo-COM-300x300.jpg","width":300,"height":300,"caption":"Espa\u00f1ol - Nature Galapagos & Ecuador"},"image":{"@id":"https:\/\/naturegalapagos.com\/es\/#\/schema\/logo\/image\/"},"sameAs":["https:\/\/www.facebook.com\/naturegalapagosecuador\/","https:\/\/x.com\/naturegalapagos","https:\/\/www.instagram.com\/naturegalapagos\/","https:\/\/www.pinterest.com\/Naturegalapagos\/","https:\/\/www.youtube.com\/user\/NatureGalapagosTours"]}]}},"_links":{"self":[{"href":"https:\/\/naturegalapagos.com\/es\/wp-json\/wp\/v2\/product\/1359","targetHints":{"allow":["GET"]}}],"collection":[{"href":"https:\/\/naturegalapagos.com\/es\/wp-json\/wp\/v2\/product"}],"about":[{"href":"https:\/\/naturegalapagos.com\/es\/wp-json\/wp\/v2\/types\/product"}],"replies":[{"embeddable":true,"href":"https:\/\/naturegalapagos.com\/es\/wp-json\/wp\/v2\/comments?post=1359"}],"wp:featuredmedia":[{"embeddable":true,"href":"https:\/\/naturegalapagos.com\/es\/wp-json\/wp\/v2\/media\/1986"}],"wp:attachment":[{"href":"https:\/\/naturegalapagos.com\/es\/wp-json\/wp\/v2\/media?parent=1359"}],"wp:term":[{"taxonomy":"product_brand","embeddable":true,"href":"https:\/\/naturegalapagos.com\/es\/wp-json\/wp\/v2\/product_brand?post=1359"},{"taxonomy":"product_cat","embeddable":true,"href":"https:\/\/naturegalapagos.com\/es\/wp-json\/wp\/v2\/product_cat?post=1359"},{"taxonomy":"product_tag","embeddable":true,"href":"https:\/\/naturegalapagos.com\/es\/wp-json\/wp\/v2\/product_tag?post=1359"}],"curies":[{"name":"wp","href":"https:\/\/api.w.org\/{rel}","templated":true}]}}