{"id":1386,"date":"2024-08-27T09:10:18","date_gmt":"2024-08-27T13:10:18","guid":{"rendered":"http:\/\/naturegalapagos.com\/es\/?post_type=product&#038;p=1386"},"modified":"2024-09-17T17:30:49","modified_gmt":"2024-09-17T21:30:49","slug":"quito-turismo-laguna-quilotoa-tour","status":"publish","type":"product","link":"https:\/\/naturegalapagos.com\/es\/quito-turismo\/laguna-quilotoa-tour\/","title":{"rendered":"Laguna Quilotoa Tour"},"content":{"rendered":"<div class=\"wpb-content-wrapper\"><h2><span style=\"font-size: 18pt; font-family: arial, helvetica, sans-serif;\"><strong>Laguna Quilotoa Tour | Tour de 1 D\u00eda<\/strong><\/span><\/h2>\n<ul>\n<li><span style=\"font-family: arial, helvetica, sans-serif;\">\u00a0Pase a trav\u00e9s de los pueblos asentados a trav\u00e9s de la &#8220;Avenida de los Volcanes&#8221; en camino a Quilotoa.<\/span><\/li>\n<li><span style=\"font-family: arial, helvetica, sans-serif;\">\u00a0Ac\u00e9rquese a la comunicad y granjeros en los alrededores de Quilotoa.<\/span><\/li>\n<li><span style=\"font-family: arial, helvetica, sans-serif;\">\u00a0Visite los diferentes pueblos y obtenga enriquecedores encuentros sobre su cultura<\/span><\/li>\n<li><span style=\"font-family: arial, helvetica, sans-serif;\">Camine hacia las hermosas aguas color turquesa de la Laguna Quilotoa.<\/span><\/li>\n<li><span style=\"font-family: arial, helvetica, sans-serif;\">\u00a0La Cabalgata o el kayakin en la laguna tambi\u00e9n es una gran opci\u00f3n para disfrutar de este hermoso panorama.<\/span><\/li>\n<\/ul>\n<p><span style=\"font-family: arial, helvetica, sans-serif;\"><!--more--><\/span><\/p>\n<h3><span style=\"font-family: arial, helvetica, sans-serif;\"><strong>Datos importantes<\/strong><\/span><\/h3>\n<table class=\"table table-bordered tours-tabs__table\" style=\"height: 233px; width: 858px;\">\n<tbody>\n<tr style=\"height: 24px;\">\n<td style=\"height: 24px; width: 221px;\"><span style=\"font-family: arial, helvetica, sans-serif;\"><strong>SALIDA COMPARTIDA:<\/strong><\/span><\/td>\n<td style=\"height: 24px; width: 625px;\"><span style=\"font-family: arial, helvetica, sans-serif;\">Jueves y Domingo<\/span><\/td>\n<\/tr>\n<tr style=\"height: 24px;\">\n<td style=\"height: 24px; width: 221px;\"><span style=\"font-family: arial, helvetica, sans-serif;\"><strong>SALIDA PRIVADA:<\/strong><\/span><\/td>\n<td style=\"height: 24px; width: 625px;\"><span style=\"font-family: arial, helvetica, sans-serif;\">Todos los d\u00edas. (costo extra)<\/span><\/td>\n<\/tr>\n<tr style=\"height: 24px;\">\n<td style=\"height: 24px; width: 221px;\"><span style=\"font-family: arial, helvetica, sans-serif;\"><strong>PUNTO DE SALIDA:<\/strong><\/span><\/td>\n<td style=\"height: 24px; width: 625px;\"><span style=\"font-family: arial, helvetica, sans-serif;\">Magic Bean (Foch y Juan Leon Mera)<\/span><\/td>\n<\/tr>\n<tr style=\"height: 24px;\">\n<td style=\"height: 24px; width: 221px;\"><span style=\"font-family: arial, helvetica, sans-serif;\"><strong>PUNTO DE RETORNO:<\/strong><\/span><\/td>\n<td style=\"height: 24px; width: 625px;\"><span style=\"font-family: arial, helvetica, sans-serif;\">Magic Bean<\/span><\/td>\n<\/tr>\n<tr style=\"height: 24px;\">\n<td style=\"height: 24px; width: 221px;\"><span style=\"font-family: arial, helvetica, sans-serif;\"><strong>HORA DE SALIDA:<\/strong><\/span><\/td>\n<td style=\"height: 24px; width: 625px;\"><span style=\"font-family: arial, helvetica, sans-serif;\">\u00a007.00 am.<\/span><\/td>\n<\/tr>\n<tr style=\"height: 24px;\">\n<td style=\"height: 24px; width: 221px;\"><span style=\"font-family: arial, helvetica, sans-serif;\"><strong>DURACION:<\/strong><\/span><\/td>\n<td style=\"height: 24px; width: 625px;\"><span style=\"font-family: arial, helvetica, sans-serif;\">8 a 9 horas aproximadamente.<\/span><\/td>\n<\/tr>\n<tr style=\"height: 24px;\">\n<td style=\"height: 24px; width: 221px;\"><span style=\"font-family: arial, helvetica, sans-serif;\"><strong>QUE LLEVAR:<\/strong><\/span><\/td>\n<td style=\"height: 24px; width: 625px;\"><span style=\"font-family: arial, helvetica, sans-serif;\">Ropa comoda, agua,\u00a0zapatos para caminar, gorro, chaqueta, protector solar.<\/span><\/td>\n<\/tr>\n<tr style=\"height: 23px;\">\n<td style=\"height: 23px; width: 221px;\"><span style=\"font-family: arial, helvetica, sans-serif;\"><strong>INCLUYE<\/strong><\/span><\/td>\n<td style=\"height: 23px; width: 625px;\"><span style=\"font-family: arial, helvetica, sans-serif;\"><i class=\"fa fa-check icon-tick icon-tick--on\"><\/i> Guia Biling\u00fce.<\/span><br \/>\n<span style=\"font-family: arial, helvetica, sans-serif;\"> <i class=\"fa fa-check icon-tick icon-tick--on\"><\/i>\u00a0Transporte desde el punto de encuentro.<\/span><br \/>\n<span style=\"font-family: arial, helvetica, sans-serif;\"> <i class=\"fa fa-check icon-tick icon-tick--on\"><\/i> Lunch<\/span><\/td>\n<\/tr>\n<tr style=\"height: 38px;\">\n<td style=\"height: 38px; width: 221px;\"><span style=\"font-family: arial, helvetica, sans-serif;\"><b>NOT INCLUDED<\/b><\/span><\/td>\n<td style=\"height: 38px; width: 625px;\"><span style=\"font-family: arial, helvetica, sans-serif;\"><i class=\"fa fa-times icon-tick icon-tick--off\"><\/i> Entrada al Quilotoa<\/span><br \/>\n<span style=\"font-family: arial, helvetica, sans-serif;\"> <i class=\"fa fa-times icon-tick icon-tick--off\"><\/i> Costos extras de actividades no indicadas (Bicicletas, kayaks etc.)<\/span><br \/>\n<span style=\"font-family: arial, helvetica, sans-serif;\"> <i class=\"fa fa-times icon-tick icon-tick--off\"><\/i> Opcional: Bajada en mulas hasta la Laguna del Quilotoa.<\/span><br \/>\n<span style=\"font-family: arial, helvetica, sans-serif;\"> <i class=\"fa fa-times icon-tick icon-tick--off\"><\/i> Hotel en Quito (Podemos ayudarle con la reserva\u00a0si desea.)<\/span><br \/>\n<span style=\"font-family: arial, helvetica, sans-serif;\"> <i class=\"fa fa-times icon-tick icon-tick--off\"><\/i> Propinas\u00a0(opcional)<\/span><\/td>\n<\/tr>\n<\/tbody>\n<\/table>\n<h2><span style=\"font-family: arial, helvetica, sans-serif; font-size: 18pt;\"><strong>Tour descripci\u00f3n Corta<\/strong><\/span><\/h2>\n<p><span style=\"font-family: arial, helvetica, sans-serif;\"><strong>Laguna quilotoa tour:<\/strong> Vamos a empezar el d\u00eda conduciendo 89 km al sur de Quito a trav\u00e9s de la v\u00eda Panamericana tambi\u00e9n conocida como &#8220;<strong>La Avenida de los Volcanes<\/strong>&#8220;. <\/span><\/p>\n<p><span style=\"font-family: arial, helvetica, sans-serif;\">El primer punto ser\u00e1 la ciudad de Latacunga en la <strong>provincia de Cotopaxi<\/strong>. Desde este punto nos dirigiremos al oeste durante 1 hora en coche a trav\u00e9s del inolvidable\u00a0paisaje andino y llegar al <strong>pueblo de Quilotoa<\/strong>. <\/span><\/p>\n<p><span style=\"font-family: arial, helvetica, sans-serif;\">Una \u00a0imprescindible parada en la ciudad de Saquisil\u00ed para ponerse en contacto con la cultura andina. Aqu\u00ed se encuentran los diferentes mercados populares de la ciudad , un encuentro enriquecedor con la cultura y las tradiciones locales. <\/span><\/p>\n<p><span style=\"font-family: arial, helvetica, sans-serif;\">Tambi\u00e9n vamos a pasar a trav\u00e9s de la peque\u00f1a ciudad de Pujil\u00ed, Tigua (famoso el arte de Tigua &#8211; pintado con pinceles de plumas de pollo en piel de oveja como una celebraci\u00f3n a su vida de monta\u00f1a, festivales, leyendas y tradiciones). <\/span><\/p>\n<p><span style=\"font-family: arial, helvetica, sans-serif;\">La ciudad de <strong>Zumbahua<\/strong> viene justo antes de empezar la excursi\u00f3n hacia la Laguna Quilotoa. Esto si maravilla formada naturalmente por la caldera volc\u00e1nica colapsada y sus aguas con minerales fuertes, evitando cualquier tipo de formas de vida ictiol\u00f3gica y ornitol\u00f3gica de la zona, tambi\u00e9n es la raz\u00f3n de su color \u00fanico.<\/span><\/p>\n<p><span style=\"font-family: arial, helvetica, sans-serif;\"> Empezaremos la caminata desde el borde, luego hacia las orillas de la laguna para deleitar con la belleza del paisaje. Tambi\u00e9n podemos tener la oportunidad de tener contacto\u00a0con la cultura andina en la comunidad local que habita en los alrededores. En el final de la tarde, nos dirigiremos de regreso a Quito.<\/span>[\/vc_column_text][vc_column el_class=&#8221;accocruise&#8221;][vc_column_text]\n<div class=\"panel panel-default accordion__item\">\n\t<div class=\"panel-heading accordion__item__title-wrap\">\n\t\t<h4 class=\"panel-title\">\n\t\t\t<a data-toggle=\"collapse\" data-parent=\"#ataccordion0\" href=\"#ataccordion0_1\" class=\"accordion__item__link collapsed\">Solicite m\u00e1s informaci\u00f3n<\/a>\n\t\t<\/h4>\n\t<\/div>\n\t<div id=\"ataccordion0_1\" class=\"panel-collapse collapse\">\n\t\t<div class=\"panel-body accordion__item__content\">\n<div class=\"ml-embedded\" data-form=\"sCqgkf\"><\/div>\n            <br \/>\n<\/div>\n\t<\/div>\n<\/div>[\/vc_column_text][\/vc_column][\/vc_row]<\/p>\n<\/div>","protected":false},"excerpt":{"rendered":"<p>Laguna Quilotoa Tour es un viaje de d\u00eda completo a la maravillosa Laguna Quilotao y sus alrededores. Visita a los pueblos de Chugchilan y Tigua.<\/p>\n","protected":false},"featured_media":1643,"comment_status":"open","ping_status":"closed","template":"","meta":{"_joinchat":[]},"product_brand":[],"product_cat":[3599],"product_tag":[],"class_list":{"0":"post-1386","1":"product","2":"type-product","3":"status-publish","4":"has-post-thumbnail","6":"product_cat-sin-categoria","7":"tour_category-ofertas-de-viajes","8":"tour_category-quito-turismo","10":"first","11":"instock","12":"taxable","13":"shipping-taxable","14":"product-type-tour"},"yoast_head":"<!-- This site is optimized with the Yoast SEO Premium plugin v25.6 (Yoast SEO v26.1.1) - https:\/\/yoast.com\/wordpress\/plugins\/seo\/ -->\n<title>Laguna Quilotoa Tour | Tour de 1 D\u00eda<\/title>\n<meta name=\"description\" content=\"Laguna Quilotoa Tour es un viaje de d\u00eda completo a la maravillosa Laguna Quilotao y sus alrededores. Visita a los pueblos de Chugchilan y Tigua. &quot;NG&amp;E&quot;\" \/>\n<meta name=\"robots\" content=\"index, follow, max-snippet:-1, max-image-preview:large, max-video-preview:-1\" \/>\n<link rel=\"canonical\" href=\"https:\/\/naturegalapagos.com\/es\/quito-turismo\/laguna-quilotoa-tour\/\" \/>\n<meta property=\"og:locale\" content=\"es_ES\" \/>\n<meta property=\"og:type\" content=\"article\" \/>\n<meta property=\"og:title\" content=\"Laguna Quilotoa Tour | Tour de 1 D\u00eda\" \/>\n<meta property=\"og:description\" content=\"Laguna Quilotoa Tour es un viaje de d\u00eda completo a la maravillosa Laguna Quilotao y sus alrededores. Visita a los pueblos de Chugchilan y Tigua. &quot;NG&amp;E&quot;\" \/>\n<meta property=\"og:url\" content=\"https:\/\/naturegalapagos.com\/es\/quito-turismo\/laguna-quilotoa-tour\/\" \/>\n<meta property=\"og:site_name\" content=\"Espa\u00f1ol - Nature Galapagos &amp; Ecuador\" \/>\n<meta property=\"article:publisher\" content=\"https:\/\/www.facebook.com\/naturegalapagosecuador\/\" \/>\n<meta property=\"article:modified_time\" content=\"2024-09-17T21:30:49+00:00\" \/>\n<meta property=\"og:image\" content=\"https:\/\/naturegalapagos.com\/es\/wp-content\/uploads\/sites\/3\/2015\/06\/Quilotoa-Tour.jpg\" \/>\n\t<meta property=\"og:image:width\" content=\"1024\" \/>\n\t<meta property=\"og:image:height\" content=\"512\" \/>\n\t<meta property=\"og:image:type\" content=\"image\/jpeg\" \/>\n<meta name=\"twitter:card\" content=\"summary_large_image\" \/>\n<meta name=\"twitter:title\" content=\"Laguna Quilotoa Tour | Tour de 1 D\u00eda\" \/>\n<meta name=\"twitter:description\" content=\"Laguna Quilotoa Tour es un viaje de d\u00eda completo a la maravillosa Laguna Quilotao y sus alrededores. Visita a los pueblos de Chugchilan y Tigua. &quot;NG&amp;E&quot;\" \/>\n<meta name=\"twitter:site\" content=\"@naturegalapagos\" \/>\n<meta name=\"twitter:label1\" content=\"Tiempo de lectura\" \/>\n\t<meta name=\"twitter:data1\" content=\"3 minutos\" \/>\n<!-- \/ Yoast SEO Premium plugin. -->","yoast_head_json":{"title":"Laguna Quilotoa Tour | Tour de 1 D\u00eda","description":"Laguna Quilotoa Tour es un viaje de d\u00eda completo a la maravillosa Laguna Quilotao y sus alrededores. Visita a los pueblos de Chugchilan y Tigua. \"NG&E\"","robots":{"index":"index","follow":"follow","max-snippet":"max-snippet:-1","max-image-preview":"max-image-preview:large","max-video-preview":"max-video-preview:-1"},"canonical":"https:\/\/naturegalapagos.com\/es\/quito-turismo\/laguna-quilotoa-tour\/","og_locale":"es_ES","og_type":"article","og_title":"Laguna Quilotoa Tour | Tour de 1 D\u00eda","og_description":"Laguna Quilotoa Tour es un viaje de d\u00eda completo a la maravillosa Laguna Quilotao y sus alrededores. Visita a los pueblos de Chugchilan y Tigua. \"NG&E\"","og_url":"https:\/\/naturegalapagos.com\/es\/quito-turismo\/laguna-quilotoa-tour\/","og_site_name":"Espa\u00f1ol - Nature Galapagos &amp; Ecuador","article_publisher":"https:\/\/www.facebook.com\/naturegalapagosecuador\/","article_modified_time":"2024-09-17T21:30:49+00:00","og_image":[{"width":1024,"height":512,"url":"https:\/\/naturegalapagos.com\/es\/wp-content\/uploads\/sites\/3\/2015\/06\/Quilotoa-Tour.jpg","type":"image\/jpeg"}],"twitter_card":"summary_large_image","twitter_title":"Laguna Quilotoa Tour | Tour de 1 D\u00eda","twitter_description":"Laguna Quilotoa Tour es un viaje de d\u00eda completo a la maravillosa Laguna Quilotao y sus alrededores. Visita a los pueblos de Chugchilan y Tigua. \"NG&E\"","twitter_site":"@naturegalapagos","twitter_misc":{"Tiempo de lectura":"3 minutos"},"schema":{"@context":"https:\/\/schema.org","@graph":[{"@type":"WebPage","@id":"https:\/\/naturegalapagos.com\/es\/quito-turismo\/laguna-quilotoa-tour\/","url":"https:\/\/naturegalapagos.com\/es\/quito-turismo\/laguna-quilotoa-tour\/","name":"Laguna Quilotoa Tour | Tour de 1 D\u00eda","isPartOf":{"@id":"https:\/\/naturegalapagos.com\/es\/#website"},"primaryImageOfPage":{"@id":"https:\/\/naturegalapagos.com\/es\/quito-turismo\/laguna-quilotoa-tour\/#primaryimage"},"image":{"@id":"https:\/\/naturegalapagos.com\/es\/quito-turismo\/laguna-quilotoa-tour\/#primaryimage"},"thumbnailUrl":"https:\/\/naturegalapagos.com\/es\/wp-content\/uploads\/sites\/3\/2015\/06\/Quilotoa-Tour.jpg","datePublished":"2024-08-27T13:10:18+00:00","dateModified":"2024-09-17T21:30:49+00:00","description":"Laguna Quilotoa Tour es un viaje de d\u00eda completo a la maravillosa Laguna Quilotao y sus alrededores. Visita a los pueblos de Chugchilan y Tigua. \"NG&E\"","breadcrumb":{"@id":"https:\/\/naturegalapagos.com\/es\/quito-turismo\/laguna-quilotoa-tour\/#breadcrumb"},"inLanguage":"es","potentialAction":[{"@type":"ReadAction","target":["https:\/\/naturegalapagos.com\/es\/quito-turismo\/laguna-quilotoa-tour\/"]}]},{"@type":"ImageObject","inLanguage":"es","@id":"https:\/\/naturegalapagos.com\/es\/quito-turismo\/laguna-quilotoa-tour\/#primaryimage","url":"https:\/\/naturegalapagos.com\/es\/wp-content\/uploads\/sites\/3\/2015\/06\/Quilotoa-Tour.jpg","contentUrl":"https:\/\/naturegalapagos.com\/es\/wp-content\/uploads\/sites\/3\/2015\/06\/Quilotoa-Tour.jpg","width":1024,"height":512,"caption":"Laguna Quilotoa Tour"},{"@type":"BreadcrumbList","@id":"https:\/\/naturegalapagos.com\/es\/quito-turismo\/laguna-quilotoa-tour\/#breadcrumb","itemListElement":[{"@type":"ListItem","position":1,"name":"Home","item":"https:\/\/naturegalapagos.com\/es\/"},{"@type":"ListItem","position":2,"name":"Tienda","item":"https:\/\/naturegalapagos.com\/es\/tienda\/"},{"@type":"ListItem","position":3,"name":"Laguna Quilotoa Tour"}]},{"@type":"WebSite","@id":"https:\/\/naturegalapagos.com\/es\/#website","url":"https:\/\/naturegalapagos.com\/es\/","name":"Espa\u00f1ol - Nature Galapagos & Ecuador","description":"","publisher":{"@id":"https:\/\/naturegalapagos.com\/es\/#organization"},"potentialAction":[{"@type":"SearchAction","target":{"@type":"EntryPoint","urlTemplate":"https:\/\/naturegalapagos.com\/es\/?s={search_term_string}"},"query-input":{"@type":"PropertyValueSpecification","valueRequired":true,"valueName":"search_term_string"}}],"inLanguage":"es"},{"@type":"Organization","@id":"https:\/\/naturegalapagos.com\/es\/#organization","name":"Espa\u00f1ol - Nature Galapagos & Ecuador","url":"https:\/\/naturegalapagos.com\/es\/","logo":{"@type":"ImageObject","inLanguage":"es","@id":"https:\/\/naturegalapagos.com\/es\/#\/schema\/logo\/image\/","url":"https:\/\/naturegalapagos.com\/es\/wp-content\/uploads\/sites\/3\/2016\/10\/Nature-Galapagos-Logo-COM-300x300.jpg","contentUrl":"https:\/\/naturegalapagos.com\/es\/wp-content\/uploads\/sites\/3\/2016\/10\/Nature-Galapagos-Logo-COM-300x300.jpg","width":300,"height":300,"caption":"Espa\u00f1ol - Nature Galapagos & Ecuador"},"image":{"@id":"https:\/\/naturegalapagos.com\/es\/#\/schema\/logo\/image\/"},"sameAs":["https:\/\/www.facebook.com\/naturegalapagosecuador\/","https:\/\/x.com\/naturegalapagos","https:\/\/www.instagram.com\/naturegalapagos\/","https:\/\/www.pinterest.com\/Naturegalapagos\/","https:\/\/www.youtube.com\/user\/NatureGalapagosTours"]}]}},"_links":{"self":[{"href":"https:\/\/naturegalapagos.com\/es\/wp-json\/wp\/v2\/product\/1386","targetHints":{"allow":["GET"]}}],"collection":[{"href":"https:\/\/naturegalapagos.com\/es\/wp-json\/wp\/v2\/product"}],"about":[{"href":"https:\/\/naturegalapagos.com\/es\/wp-json\/wp\/v2\/types\/product"}],"replies":[{"embeddable":true,"href":"https:\/\/naturegalapagos.com\/es\/wp-json\/wp\/v2\/comments?post=1386"}],"wp:featuredmedia":[{"embeddable":true,"href":"https:\/\/naturegalapagos.com\/es\/wp-json\/wp\/v2\/media\/1643"}],"wp:attachment":[{"href":"https:\/\/naturegalapagos.com\/es\/wp-json\/wp\/v2\/media?parent=1386"}],"wp:term":[{"taxonomy":"product_brand","embeddable":true,"href":"https:\/\/naturegalapagos.com\/es\/wp-json\/wp\/v2\/product_brand?post=1386"},{"taxonomy":"product_cat","embeddable":true,"href":"https:\/\/naturegalapagos.com\/es\/wp-json\/wp\/v2\/product_cat?post=1386"},{"taxonomy":"product_tag","embeddable":true,"href":"https:\/\/naturegalapagos.com\/es\/wp-json\/wp\/v2\/product_tag?post=1386"}],"curies":[{"name":"wp","href":"https:\/\/api.w.org\/{rel}","templated":true}]}}