{"id":1420,"date":"2024-12-26T09:37:46","date_gmt":"2024-12-26T14:37:46","guid":{"rendered":"http:\/\/naturegalapagos.com\/es\/cruceros-galapagos\/nemo-iii-crucero-galapagos-primera-clase"},"modified":"2024-12-26T09:37:23","modified_gmt":"2024-12-26T14:37:23","slug":"mc-eco-galaxy-crucero-galapagos-primera-clase","status":"publish","type":"product","link":"https:\/\/naturegalapagos.com\/es\/cruceros-galapagos\/galaxy-crucero-galapagos-primera-clase\/","title":{"rendered":"M\/C Eco Galaxy Crucero Gal\u00e1pagos"},"content":{"rendered":"<div class=\"wpb-content-wrapper\"><p>[vc_row][vc_column][vc_column_text]<\/p>\n<div style=\"display: flex; justify-content: end; margin-bottom: 10px;\"><a href=\"https:\/\/naturegalapagos.com\/es\/ofertas-de-viajes\/\" target=\"_blank\" rel=\"noopener\"><img decoding=\"async\" src=\"https:\/\/naturegalapagos.com\/es\/wp-content\/uploads\/sites\/3\/2019\/11\/las-minute-deals-gif_Final_espa\u00f1ol.gif\" width=\"227.5\" height=\"77.25\" \/><\/a><\/div>\n<h2><span style=\"font-family: arial, helvetica, sans-serif;\"><strong>D<\/strong><strong>escripci\u00f3n del M\/C Eco Galaxy Crucero Gal\u00e1pagos<\/strong><strong>:<\/strong><\/span><\/h2>\n<p style=\"text-align: justify;\"><span style=\"font-family: arial, helvetica, sans-serif;\">A bordo de esta confortable embarcaci\u00f3n, nueva y ecol\u00f3gica, le presentamos un crucero que le llevar\u00e1 a vivir innumerables momentos memorables en las Islas Gal\u00e1pagos. tendr\u00e1 la oportunidad de difrutar de lo mejor que Gal\u00e1pagos tiene para ofrecerle con d\u00edas de diversi\u00f3n, gu\u00edas altamente calificados, excursiones llenas de aventura y mucho m\u00e1s, todo esto presentado a usted con nuestra innigualable calidad de servicio, comida deliciosa 100% fresca.<\/span><\/p>\n<p><!--more--><\/p>\n<h3><span style=\"font-family: arial, helvetica, sans-serif;\"><strong>CARACTER\u00cdSTICAS PRINCIPALES<\/strong><\/span><\/h3>\n<ul>\n<li><span style=\"font-family: arial, helvetica, sans-serif;\">El M\/C Eco Galaxy Crucero Gal\u00e1pagos es considerado\u00a0un catamar\u00e1n de lujo.<\/span><\/li>\n<li><span style=\"font-family: arial, helvetica, sans-serif;\">Moderno, construido en el 2014<\/span><\/li>\n<li><span style=\"font-family: arial, helvetica, sans-serif;\">Elegancia y confort mientras se encuentre a bordo garantizados<\/span><\/li>\n<li><span style=\"font-family: arial, helvetica, sans-serif;\">Cada cabina incluye ba\u00f1o privado y aire acondicionado<\/span><\/li>\n<li><span style=\"font-family: arial, helvetica, sans-serif;\">Amplias \u00e1reas de descanso, confortable comedor y sala de estar.<\/span><\/li>\n<\/ul>\n<h3 style=\"text-align: justify;\"><span style=\"font-family: arial, helvetica, sans-serif;\"><strong>Distribuci\u00f3n de Cabinas del Galaxy Crucero Galapagos<\/strong><\/span><\/h3>\n<p style=\"text-align: justify;\"><span style=\"font-family: arial, helvetica, sans-serif;\">El moderno catamar\u00e1n le ofrece 8 cabinas dobles:<\/span><br \/>\n<span style=\"font-family: arial, helvetica, sans-serif;\"> 4\u00a0en la cubierta principal.<\/span><br \/>\n<span style=\"font-family: arial, helvetica, sans-serif;\"> 4 ubicadas en la cubierta superior.<\/span><\/p>\n<p style=\"text-align: justify;\"><span style=\"font-family: arial, helvetica, sans-serif;\">Las cabinas que se encuentran en la cubierta superior se pueden interconectar, todas las cabinas pueden ser\u00a0twin o matrimoniales.<\/span><br \/>\n<span style=\"font-family: arial, helvetica, sans-serif;\"> Ba\u00f1o privado en cada cabina: agua fr\u00eda y caliente, aire acondicionado, secadora de cabello, tel\u00e9fono para comunicaci\u00f3n interna a bordo, caja fuerte y altavoces.<\/span><\/p>\n<table style=\"border-collapse: collapse; width: 100%;\">\n<tbody>\n<tr>\n<td style=\"width: 99.9262%; text-align: center;\" colspan=\"2\"><strong><span style=\"font-family: arial, helvetica, sans-serif;\">Especificaciones T\u00e9cnicas<\/span><\/strong><\/td>\n<\/tr>\n<tr style=\"height: 24px;\">\n<td style=\"width: 49.9631%; height: 24px;\"><span style=\"font-family: arial, helvetica, sans-serif;\"><strong>Tipo<\/strong><\/span><\/td>\n<td style=\"width: 49.9631%; height: 24px;\"><span style=\"font-family: arial, helvetica, sans-serif;\">\u00a0Motor Catamar\u00e1n<\/span><\/td>\n<\/tr>\n<tr style=\"height: 24px;\">\n<td style=\"width: 49.9631%; height: 24px;\"><span style=\"font-family: arial, helvetica, sans-serif;\"><strong>Categor\u00eda<\/strong><\/span><\/td>\n<td style=\"width: 49.9631%; height: 24px;\"><span style=\"font-family: arial, helvetica, sans-serif;\">\u00a0Primera clase<\/span><\/td>\n<\/tr>\n<tr style=\"height: 24px;\">\n<td style=\"width: 49.9631%; height: 24px;\"><span style=\"font-family: arial, helvetica, sans-serif;\"><strong>A\u00f1o de construcci\u00f3n<\/strong><\/span><\/td>\n<td style=\"width: 49.9631%; height: 24px;\"><span style=\"font-family: arial, helvetica, sans-serif;\">\u00a02014<\/span><\/td>\n<\/tr>\n<tr style=\"height: 24px;\">\n<td style=\"width: 49.9631%; height: 24px;\"><span style=\"font-family: arial, helvetica, sans-serif;\"><strong>Longitud<\/strong><\/span><\/td>\n<td style=\"width: 49.9631%; height: 24px;\"><span style=\"font-family: arial, helvetica, sans-serif;\"> 31 mt<sup>2<\/sup>\u00a0\/ 101.70 ft<\/span><\/td>\n<\/tr>\n<tr>\n<td style=\"width: 49.9631%;\"><span style=\"font-family: arial, helvetica, sans-serif;\"><strong>Ancho<\/strong><\/span><\/td>\n<td style=\"width: 49.9631%;\"><span style=\"font-family: arial, helvetica, sans-serif;\">10.50 mt2 \/ 34.44 ft<\/span><\/td>\n<\/tr>\n<tr style=\"height: 24px;\">\n<td style=\"width: 49.9631%; height: 24px;\"><span style=\"font-family: arial, helvetica, sans-serif;\"><strong>Viga<\/strong><\/span><\/td>\n<td style=\"width: 49.9631%; height: 24px;\"><span style=\"font-family: arial, helvetica, sans-serif;\">10.50 m<\/span><\/td>\n<\/tr>\n<tr style=\"height: 24px;\">\n<td style=\"width: 49.9631%; height: 24px;\"><span style=\"font-family: arial, helvetica, sans-serif;\"><strong>Capacidad<\/strong><\/span><\/td>\n<td style=\"width: 49.9631%; height: 24px;\"><span style=\"font-family: arial, helvetica, sans-serif;\">\u00a016 pasajeros<\/span><\/td>\n<\/tr>\n<tr style=\"height: 24px;\">\n<td style=\"width: 49.9631%; height: 24px;\"><span style=\"font-family: arial, helvetica, sans-serif;\"><strong>Motores principales<\/strong><\/span><\/td>\n<td style=\"width: 49.9631%; height: 24px;\"><span style=\"font-family: arial, helvetica, sans-serif;\">\u00a02 Cummins marine 350<\/span><\/td>\n<\/tr>\n<tr style=\"height: 24px;\">\n<td style=\"width: 49.9631%; height: 24px;\"><span style=\"font-family: arial, helvetica, sans-serif;\"><strong>Sistema El\u00e9ctrico<\/strong><\/span><\/td>\n<td style=\"width: 49.9631%; height: 24px;\"><span style=\"font-family: arial, helvetica, sans-serif;\">\u00a0110V y 220V<\/span><\/td>\n<\/tr>\n<tr style=\"height: 23.8125px;\">\n<td style=\"width: 49.9631%; height: 23.8125px;\"><span style=\"font-family: arial, helvetica, sans-serif;\"><strong>Velocidad<\/strong><\/span><\/td>\n<td style=\"width: 49.9631%; height: 23.8125px;\"><span style=\"font-family: arial, helvetica, sans-serif;\">\u00a012 nudos<\/span><\/td>\n<\/tr>\n<tr style=\"height: 48px;\">\n<td style=\"width: 49.9631%; height: 48px;\"><span style=\"font-family: arial, helvetica, sans-serif;\"><strong>Almacenamiento de Agua<\/strong><\/span><\/td>\n<td style=\"width: 49.9631%; height: 48px;\"><span style=\"font-family: arial, helvetica, sans-serif;\">\u00a02.500 galones<\/span><\/td>\n<\/tr>\n<tr style=\"height: 24px;\">\n<td style=\"width: 49.9631%; height: 24px;\"><span style=\"font-family: arial, helvetica, sans-serif;\"><strong>Capacidad Diesel\u00a0<\/strong><\/span><\/td>\n<td style=\"width: 49.9631%; height: 24px;\"><span style=\"font-family: arial, helvetica, sans-serif;\">\u00a04000 galones<\/span><\/td>\n<\/tr>\n<tr style=\"height: 24px;\">\n<td style=\"width: 49.9631%; height: 24px;\"><span style=\"font-family: arial, helvetica, sans-serif;\"><strong>Tripulaci\u00f3n <\/strong><\/span><\/td>\n<td style=\"width: 49.9631%; height: 24px;\"><span style=\"font-family: arial, helvetica, sans-serif;\">\u00a09 + 1 gu\u00eda naturalista biling\u00fce<\/span><\/td>\n<\/tr>\n<\/tbody>\n<\/table>\n<p>&nbsp;<\/p>\n<table style=\"border-collapse: collapse; width: 100%; height: 240px;\">\n<tbody>\n<tr style=\"height: 24px;\">\n<td style=\"width: 100%; height: 24px;\">\n<p class=\"text-light\" style=\"text-align: center;\"><strong>Equipo de seguridad del Galaxy Crucero Galapagos<\/strong><\/p>\n<\/td>\n<\/tr>\n<tr style=\"height: 24px;\">\n<td style=\"width: 100%; height: 24px;\">\n<ul class=\"text-light font-weight-light\">\n<li>2 balsas de supervivencia para 20 pasajeros cada una<\/li>\n<\/ul>\n<\/td>\n<\/tr>\n<tr style=\"height: 24px;\">\n<td style=\"width: 100%; height: 24px;\">\n<ul class=\"text-light font-weight-light\">\n<li>1 balsa de supervivencia para 8 pasajeros<\/li>\n<\/ul>\n<\/td>\n<\/tr>\n<tr style=\"height: 24px;\">\n<td style=\"width: 100%; height: 24px;\">\n<ul class=\"text-light font-weight-light\">\n<li>30 chalecos salvavidas, tipo A<\/li>\n<\/ul>\n<\/td>\n<\/tr>\n<tr style=\"height: 24px;\">\n<td style=\"width: 100%; height: 24px;\">\n<ul class=\"text-light font-weight-light\">\n<li>25 chalecos salvavidas, tipo B<\/li>\n<\/ul>\n<\/td>\n<\/tr>\n<tr style=\"height: 24px;\">\n<td style=\"width: 100%; height: 24px;\">\n<ul class=\"text-light font-weight-light\">\n<li>6 salvavidas con cuerda de nylon<\/li>\n<\/ul>\n<\/td>\n<\/tr>\n<tr style=\"height: 24px;\">\n<td style=\"width: 100%; height: 24px;\">\n<ul class=\"text-light font-weight-light\">\n<li>Hachas y mangueras de fuego<\/li>\n<\/ul>\n<\/td>\n<\/tr>\n<tr style=\"height: 24px;\">\n<td style=\"width: 100%; height: 24px;\">\n<ul class=\"text-light font-weight-light\">\n<li>Extintores de CO2<\/li>\n<\/ul>\n<\/td>\n<\/tr>\n<tr style=\"height: 24px;\">\n<td style=\"width: 100%; height: 24px;\">\n<ul class=\"text-light font-weight-light\">\n<li>Pistola de bengalas, luces de mano, se\u00f1ales de humo y otras se\u00f1ales visuales<\/li>\n<\/ul>\n<\/td>\n<\/tr>\n<tr style=\"height: 24px;\">\n<td style=\"width: 100%; height: 24px;\">\n<ul class=\"text-light font-weight-light\">\n<li>Trajes de bomberos, se\u00f1ales de humo.<\/li>\n<\/ul>\n<\/td>\n<\/tr>\n<tr>\n<td style=\"width: 100%;\" rowspan=\"2\">\n<ul class=\"text-light font-weight-light\">\n<li>Un tanque con su equipo de respiraci\u00f3n aut\u00f3nomo<\/li>\n<\/ul>\n<\/td>\n<\/tr>\n<\/tbody>\n<\/table>\n<h2><\/h2>\n<h2><span style=\"font-family: arial, helvetica, sans-serif;\">Planos de cubierta del Galaxy Crucero Galapagos<\/span><\/h2>\n<h3><span style=\"font-family: arial, helvetica, sans-serif;\"><strong>Solarium \/ Cubierta Superior<\/strong><\/span><\/h3>\n<div id=\"gallery_1\" class=\"gallery\">\n<div class=\"row gallery__items\">\n\t\t\t\t\t<div class=\"col-sm-6 gallery__item-wrap\" data-filterid=\"\">\n\t\t\t<a href=\"https:\/\/naturegalapagos.com\/es\/wp-content\/uploads\/sites\/3\/2024\/01\/ecogalaxy-catamaran-sundeck-es.jpg\" class=\"swipebox gallery__item\" title=\"Solarium\">\n\t\t\t\t<img decoding=\"async\" width=\"720\" height=\"480\" src=\"https:\/\/naturegalapagos.com\/es\/wp-content\/uploads\/sites\/3\/2024\/01\/ecogalaxy-catamaran-sundeck-es-720x480.jpg\" class=\"attachment-thumb_gallery size-thumb_gallery\" alt=\"Solarium catamar\u00e1n Ecogalaxy\" srcset=\"https:\/\/naturegalapagos.com\/es\/wp-content\/uploads\/sites\/3\/2024\/01\/ecogalaxy-catamaran-sundeck-es-720x480.jpg 720w, https:\/\/naturegalapagos.com\/es\/wp-content\/uploads\/sites\/3\/2024\/01\/ecogalaxy-catamaran-sundeck-es-531x354.jpg 531w, https:\/\/naturegalapagos.com\/es\/wp-content\/uploads\/sites\/3\/2024\/01\/ecogalaxy-catamaran-sundeck-es-180x120.jpg 180w\" sizes=\"(max-width: 720px) 100vw, 720px\" \/>\t\t\t\t<span class=\"gallery__item__info\">\n\t\t\t\t\t<span class=\"gallery__item__info__content\">\n\t\t\t\t\t\t<span class=\"gallery__item__title\">Solarium<\/span>\n\t\t\t\t\t\t\t\t\t\t<\/span>\n\t\t\t\t\t<span class=\"gallery__item__shadow\"><\/span>\n\t\t\t\t<\/span>\n\t\t\t<\/a>\n\t\t<\/div>\n\t\t\t\t\t<div class=\"col-sm-6 gallery__item-wrap\" data-filterid=\"\">\n\t\t\t<a href=\"https:\/\/naturegalapagos.com\/es\/wp-content\/uploads\/sites\/3\/2024\/01\/ecogalaxy-catamaran-upperdeck-es.jpg\" class=\"swipebox gallery__item\" title=\"Cubierta superior\">\n\t\t\t\t<img decoding=\"async\" width=\"720\" height=\"480\" src=\"https:\/\/naturegalapagos.com\/es\/wp-content\/uploads\/sites\/3\/2024\/01\/ecogalaxy-catamaran-upperdeck-es-720x480.jpg\" class=\"attachment-thumb_gallery size-thumb_gallery\" alt=\"Cubierta superior del catamar\u00e1n Ecogalaxy\" srcset=\"https:\/\/naturegalapagos.com\/es\/wp-content\/uploads\/sites\/3\/2024\/01\/ecogalaxy-catamaran-upperdeck-es-720x480.jpg 720w, https:\/\/naturegalapagos.com\/es\/wp-content\/uploads\/sites\/3\/2024\/01\/ecogalaxy-catamaran-upperdeck-es-531x354.jpg 531w, https:\/\/naturegalapagos.com\/es\/wp-content\/uploads\/sites\/3\/2024\/01\/ecogalaxy-catamaran-upperdeck-es-180x120.jpg 180w\" sizes=\"(max-width: 720px) 100vw, 720px\" \/>\t\t\t\t<span class=\"gallery__item__info\">\n\t\t\t\t\t<span class=\"gallery__item__info__content\">\n\t\t\t\t\t\t<span class=\"gallery__item__title\">Cubierta superior<\/span>\n\t\t\t\t\t\t\t\t\t\t<\/span>\n\t\t\t\t\t<span class=\"gallery__item__shadow\"><\/span>\n\t\t\t\t<\/span>\n\t\t\t<\/a>\n\t\t<\/div>\n\t<\/div>\n<\/div>\n<h3><strong>Cubierta Principal \/ Cubierta Inferior<\/strong><\/h3>\n<div id=\"gallery_2\" class=\"gallery\">\n<div class=\"row gallery__items\">\n\t\t\t\t\t<div class=\"col-sm-6 gallery__item-wrap\" data-filterid=\"\">\n\t\t\t<a href=\"https:\/\/naturegalapagos.com\/es\/wp-content\/uploads\/sites\/3\/2024\/01\/ecogalaxy-catamaran-maindeck-es.jpg\" class=\"swipebox gallery__item\" title=\"Cubierta principal\">\n\t\t\t\t<img decoding=\"async\" width=\"720\" height=\"480\" src=\"https:\/\/naturegalapagos.com\/es\/wp-content\/uploads\/sites\/3\/2024\/01\/ecogalaxy-catamaran-maindeck-es-720x480.jpg\" class=\"attachment-thumb_gallery size-thumb_gallery\" alt=\"Cubierta principal del catamar\u00e1n ecogalaxy\" srcset=\"https:\/\/naturegalapagos.com\/es\/wp-content\/uploads\/sites\/3\/2024\/01\/ecogalaxy-catamaran-maindeck-es-720x480.jpg 720w, https:\/\/naturegalapagos.com\/es\/wp-content\/uploads\/sites\/3\/2024\/01\/ecogalaxy-catamaran-maindeck-es-531x354.jpg 531w, https:\/\/naturegalapagos.com\/es\/wp-content\/uploads\/sites\/3\/2024\/01\/ecogalaxy-catamaran-maindeck-es-180x120.jpg 180w\" sizes=\"(max-width: 720px) 100vw, 720px\" \/>\t\t\t\t<span class=\"gallery__item__info\">\n\t\t\t\t\t<span class=\"gallery__item__info__content\">\n\t\t\t\t\t\t<span class=\"gallery__item__title\">Cubierta principal<\/span>\n\t\t\t\t\t\t\t\t\t\t<\/span>\n\t\t\t\t\t<span class=\"gallery__item__shadow\"><\/span>\n\t\t\t\t<\/span>\n\t\t\t<\/a>\n\t\t<\/div>\n\t\t\t\t\t<div class=\"col-sm-6 gallery__item-wrap\" data-filterid=\"\">\n\t\t\t<a href=\"https:\/\/naturegalapagos.com\/es\/wp-content\/uploads\/sites\/3\/2024\/01\/ecogalaxy-catamaran-lowerdeck-es.jpg\" class=\"swipebox gallery__item\" title=\"Cubierta inferior\">\n\t\t\t\t<img decoding=\"async\" width=\"720\" height=\"480\" src=\"https:\/\/naturegalapagos.com\/es\/wp-content\/uploads\/sites\/3\/2024\/01\/ecogalaxy-catamaran-lowerdeck-es-720x480.jpg\" class=\"attachment-thumb_gallery size-thumb_gallery\" alt=\"cubierta inferior del catamar\u00e1n ecogalaxy\" srcset=\"https:\/\/naturegalapagos.com\/es\/wp-content\/uploads\/sites\/3\/2024\/01\/ecogalaxy-catamaran-lowerdeck-es-720x480.jpg 720w, https:\/\/naturegalapagos.com\/es\/wp-content\/uploads\/sites\/3\/2024\/01\/ecogalaxy-catamaran-lowerdeck-es-531x354.jpg 531w, https:\/\/naturegalapagos.com\/es\/wp-content\/uploads\/sites\/3\/2024\/01\/ecogalaxy-catamaran-lowerdeck-es-180x120.jpg 180w\" sizes=\"(max-width: 720px) 100vw, 720px\" \/>\t\t\t\t<span class=\"gallery__item__info\">\n\t\t\t\t\t<span class=\"gallery__item__info__content\">\n\t\t\t\t\t\t<span class=\"gallery__item__title\">Cubierta inferior<\/span>\n\t\t\t\t\t\t\t\t\t\t<\/span>\n\t\t\t\t\t<span class=\"gallery__item__shadow\"><\/span>\n\t\t\t\t<\/span>\n\t\t\t<\/a>\n\t\t<\/div>\n\t<\/div>\n<\/div>\n<p>[\/vc_column_text][\/vc_column][\/vc_row][vc_row][vc_column el_class=&#8221;accocruise&#8221;][vc_column_text]\n<div class=\"panel panel-default accordion__item\">\n\t<div class=\"panel-heading accordion__item__title-wrap\">\n\t\t<h4 class=\"panel-title\">\n\t\t\t<a data-toggle=\"collapse\" data-parent=\"#ataccordion0\" href=\"#ataccordion0_1\" class=\"accordion__item__link collapsed\">Solicite m\u00e1s informaci\u00f3n<\/a>\n\t\t<\/h4>\n\t<\/div>\n\t<div id=\"ataccordion0_1\" class=\"panel-collapse collapse\">\n\t\t<div class=\"panel-body accordion__item__content\">\n                <div class=\"ml-embedded\" data-form=\"Hpdk6G\"><\/div>\n            \n<\/div>\n\t<\/div>\n<\/div>[\/vc_column_text][\/vc_column][\/vc_row]<\/p>\n<\/div>","protected":false},"excerpt":{"rendered":"<p>[vc_row][vc_column][vc_column_text] Descripci\u00f3n del M\/C Eco Galaxy Crucero Gal\u00e1pagos: A bordo de esta confortable embarcaci\u00f3n, nueva y ecol\u00f3gica, le presentamos un crucero que le llevar\u00e1 a vivir innumerables momentos memorables en las Islas Gal\u00e1pagos. tendr\u00e1 la oportunidad de difrutar de lo mejor que Gal\u00e1pagos tiene para ofrecerle con d\u00edas de diversi\u00f3n, gu\u00edas altamente calificados, excursiones llenas<\/p>\n<div class=\"padding-top text-center\"><a href=\"https:\/\/naturegalapagos.com\/es\/cruceros-galapagos\/galaxy-crucero-galapagos-primera-clase\/\" class=\"atbtn atbtn--medium atbtn--rounded atbtn--transparent\">Leer m\u00e1s<i class=\"atbtn__icon atbtn__icon--right fa fa-long-arrow-right\"><\/i><\/a><\/div>\n","protected":false},"featured_media":5864,"comment_status":"open","ping_status":"closed","template":"","meta":{"_joinchat":[]},"product_brand":[],"product_cat":[3599],"product_tag":[],"class_list":{"0":"post-1420","1":"product","2":"type-product","3":"status-publish","4":"has-post-thumbnail","6":"product_cat-sin-categoria","7":"tour_category-crucero-primera-clase","9":"first","10":"instock","11":"taxable","12":"shipping-taxable","13":"product-type-tour"},"yoast_head":"<!-- This site is optimized with the Yoast SEO Premium plugin v25.6 (Yoast SEO v26.1.1) - https:\/\/yoast.com\/wordpress\/plugins\/seo\/ -->\n<title>M\/C Eco Galaxy Crucero Gal\u00e1pagos | Primera Clase<\/title>\n<meta name=\"description\" content=\"M\/C Eco Galaxy Crucero Gal\u00e1pagos, una experiencia que le llevar\u00e1 a conocer mediante su variado itinerario las maravillosas Islas Gal\u00e1pagos en primera clase.\" \/>\n<meta name=\"robots\" content=\"index, follow, max-snippet:-1, max-image-preview:large, max-video-preview:-1\" \/>\n<link rel=\"canonical\" href=\"https:\/\/naturegalapagos.com\/es\/cruceros-galapagos\/galaxy-crucero-galapagos-primera-clase\/\" \/>\n<meta property=\"og:locale\" content=\"es_ES\" \/>\n<meta property=\"og:type\" content=\"article\" \/>\n<meta property=\"og:title\" content=\"M\/C Eco Galaxy Crucero Gal\u00e1pagos\" \/>\n<meta property=\"og:description\" content=\"M\/C Eco Galaxy Crucero Gal\u00e1pagos, una experiencia que le llevar\u00e1 a conocer mediante su variado itinerario las maravillosas Islas Gal\u00e1pagos en primera clase.\" \/>\n<meta property=\"og:url\" content=\"https:\/\/naturegalapagos.com\/es\/cruceros-galapagos\/galaxy-crucero-galapagos-primera-clase\/\" \/>\n<meta property=\"og:site_name\" content=\"Espa\u00f1ol - Nature Galapagos &amp; Ecuador\" \/>\n<meta property=\"article:publisher\" content=\"https:\/\/www.facebook.com\/naturegalapagosecuador\/\" \/>\n<meta property=\"og:image\" content=\"https:\/\/naturegalapagos.com\/es\/wp-content\/uploads\/sites\/3\/2024\/01\/ecogalaxy-exterior-1.jpg\" \/>\n\t<meta property=\"og:image:width\" content=\"1920\" \/>\n\t<meta property=\"og:image:height\" content=\"1080\" \/>\n\t<meta property=\"og:image:type\" content=\"image\/jpeg\" \/>\n<meta name=\"twitter:card\" content=\"summary_large_image\" \/>\n<meta name=\"twitter:site\" content=\"@naturegalapagos\" \/>\n<meta name=\"twitter:label1\" content=\"Tiempo de lectura\" \/>\n\t<meta name=\"twitter:data1\" content=\"3 minutos\" \/>\n<!-- \/ Yoast SEO Premium plugin. -->","yoast_head_json":{"title":"M\/C Eco Galaxy Crucero Gal\u00e1pagos | Primera Clase","description":"M\/C Eco Galaxy Crucero Gal\u00e1pagos, una experiencia que le llevar\u00e1 a conocer mediante su variado itinerario las maravillosas Islas Gal\u00e1pagos en primera clase.","robots":{"index":"index","follow":"follow","max-snippet":"max-snippet:-1","max-image-preview":"max-image-preview:large","max-video-preview":"max-video-preview:-1"},"canonical":"https:\/\/naturegalapagos.com\/es\/cruceros-galapagos\/galaxy-crucero-galapagos-primera-clase\/","og_locale":"es_ES","og_type":"article","og_title":"M\/C Eco Galaxy Crucero Gal\u00e1pagos","og_description":"M\/C Eco Galaxy Crucero Gal\u00e1pagos, una experiencia que le llevar\u00e1 a conocer mediante su variado itinerario las maravillosas Islas Gal\u00e1pagos en primera clase.","og_url":"https:\/\/naturegalapagos.com\/es\/cruceros-galapagos\/galaxy-crucero-galapagos-primera-clase\/","og_site_name":"Espa\u00f1ol - Nature Galapagos &amp; Ecuador","article_publisher":"https:\/\/www.facebook.com\/naturegalapagosecuador\/","og_image":[{"width":1920,"height":1080,"url":"https:\/\/naturegalapagos.com\/es\/wp-content\/uploads\/sites\/3\/2024\/01\/ecogalaxy-exterior-1.jpg","type":"image\/jpeg"}],"twitter_card":"summary_large_image","twitter_site":"@naturegalapagos","twitter_misc":{"Tiempo de lectura":"3 minutos"},"schema":{"@context":"https:\/\/schema.org","@graph":[{"@type":"WebPage","@id":"https:\/\/naturegalapagos.com\/es\/cruceros-galapagos\/galaxy-crucero-galapagos-primera-clase\/","url":"https:\/\/naturegalapagos.com\/es\/cruceros-galapagos\/galaxy-crucero-galapagos-primera-clase\/","name":"M\/C Eco Galaxy Crucero Gal\u00e1pagos | Primera Clase","isPartOf":{"@id":"https:\/\/naturegalapagos.com\/es\/#website"},"primaryImageOfPage":{"@id":"https:\/\/naturegalapagos.com\/es\/cruceros-galapagos\/galaxy-crucero-galapagos-primera-clase\/#primaryimage"},"image":{"@id":"https:\/\/naturegalapagos.com\/es\/cruceros-galapagos\/galaxy-crucero-galapagos-primera-clase\/#primaryimage"},"thumbnailUrl":"https:\/\/naturegalapagos.com\/es\/wp-content\/uploads\/sites\/3\/2024\/01\/ecogalaxy-exterior-1.jpg","datePublished":"2024-12-26T14:37:46+00:00","description":"M\/C Eco Galaxy Crucero Gal\u00e1pagos, una experiencia que le llevar\u00e1 a conocer mediante su variado itinerario las maravillosas Islas Gal\u00e1pagos en primera clase.","breadcrumb":{"@id":"https:\/\/naturegalapagos.com\/es\/cruceros-galapagos\/galaxy-crucero-galapagos-primera-clase\/#breadcrumb"},"inLanguage":"es","potentialAction":[{"@type":"ReadAction","target":["https:\/\/naturegalapagos.com\/es\/cruceros-galapagos\/galaxy-crucero-galapagos-primera-clase\/"]}]},{"@type":"ImageObject","inLanguage":"es","@id":"https:\/\/naturegalapagos.com\/es\/cruceros-galapagos\/galaxy-crucero-galapagos-primera-clase\/#primaryimage","url":"https:\/\/naturegalapagos.com\/es\/wp-content\/uploads\/sites\/3\/2024\/01\/ecogalaxy-exterior-1.jpg","contentUrl":"https:\/\/naturegalapagos.com\/es\/wp-content\/uploads\/sites\/3\/2024\/01\/ecogalaxy-exterior-1.jpg","width":1920,"height":1080,"caption":"galaxy crucero galapagos Exterior"},{"@type":"BreadcrumbList","@id":"https:\/\/naturegalapagos.com\/es\/cruceros-galapagos\/galaxy-crucero-galapagos-primera-clase\/#breadcrumb","itemListElement":[{"@type":"ListItem","position":1,"name":"Home","item":"https:\/\/naturegalapagos.com\/es\/"},{"@type":"ListItem","position":2,"name":"Tienda","item":"https:\/\/naturegalapagos.com\/es\/tienda\/"},{"@type":"ListItem","position":3,"name":"M\/C Eco Galaxy Crucero Gal\u00e1pagos"}]},{"@type":"WebSite","@id":"https:\/\/naturegalapagos.com\/es\/#website","url":"https:\/\/naturegalapagos.com\/es\/","name":"Espa\u00f1ol - Nature Galapagos & Ecuador","description":"","publisher":{"@id":"https:\/\/naturegalapagos.com\/es\/#organization"},"potentialAction":[{"@type":"SearchAction","target":{"@type":"EntryPoint","urlTemplate":"https:\/\/naturegalapagos.com\/es\/?s={search_term_string}"},"query-input":{"@type":"PropertyValueSpecification","valueRequired":true,"valueName":"search_term_string"}}],"inLanguage":"es"},{"@type":"Organization","@id":"https:\/\/naturegalapagos.com\/es\/#organization","name":"Espa\u00f1ol - Nature Galapagos & Ecuador","url":"https:\/\/naturegalapagos.com\/es\/","logo":{"@type":"ImageObject","inLanguage":"es","@id":"https:\/\/naturegalapagos.com\/es\/#\/schema\/logo\/image\/","url":"https:\/\/naturegalapagos.com\/es\/wp-content\/uploads\/sites\/3\/2016\/10\/Nature-Galapagos-Logo-COM-300x300.jpg","contentUrl":"https:\/\/naturegalapagos.com\/es\/wp-content\/uploads\/sites\/3\/2016\/10\/Nature-Galapagos-Logo-COM-300x300.jpg","width":300,"height":300,"caption":"Espa\u00f1ol - Nature Galapagos & Ecuador"},"image":{"@id":"https:\/\/naturegalapagos.com\/es\/#\/schema\/logo\/image\/"},"sameAs":["https:\/\/www.facebook.com\/naturegalapagosecuador\/","https:\/\/x.com\/naturegalapagos","https:\/\/www.instagram.com\/naturegalapagos\/","https:\/\/www.pinterest.com\/Naturegalapagos\/","https:\/\/www.youtube.com\/user\/NatureGalapagosTours"]}]}},"_links":{"self":[{"href":"https:\/\/naturegalapagos.com\/es\/wp-json\/wp\/v2\/product\/1420","targetHints":{"allow":["GET"]}}],"collection":[{"href":"https:\/\/naturegalapagos.com\/es\/wp-json\/wp\/v2\/product"}],"about":[{"href":"https:\/\/naturegalapagos.com\/es\/wp-json\/wp\/v2\/types\/product"}],"replies":[{"embeddable":true,"href":"https:\/\/naturegalapagos.com\/es\/wp-json\/wp\/v2\/comments?post=1420"}],"wp:featuredmedia":[{"embeddable":true,"href":"https:\/\/naturegalapagos.com\/es\/wp-json\/wp\/v2\/media\/5864"}],"wp:attachment":[{"href":"https:\/\/naturegalapagos.com\/es\/wp-json\/wp\/v2\/media?parent=1420"}],"wp:term":[{"taxonomy":"product_brand","embeddable":true,"href":"https:\/\/naturegalapagos.com\/es\/wp-json\/wp\/v2\/product_brand?post=1420"},{"taxonomy":"product_cat","embeddable":true,"href":"https:\/\/naturegalapagos.com\/es\/wp-json\/wp\/v2\/product_cat?post=1420"},{"taxonomy":"product_tag","embeddable":true,"href":"https:\/\/naturegalapagos.com\/es\/wp-json\/wp\/v2\/product_tag?post=1420"}],"curies":[{"name":"wp","href":"https:\/\/api.w.org\/{rel}","templated":true}]}}