{"id":1432,"date":"2024-08-20T14:47:08","date_gmt":"2024-08-20T18:47:08","guid":{"rendered":"http:\/\/naturegalapagos.com\/es\/cruceros-galapagos\/odyssey-primera-clase"},"modified":"2024-08-27T15:44:07","modified_gmt":"2024-08-27T19:44:07","slug":"mc-anahi-crucero-galapagos-catamaran-primera-clase","status":"publish","type":"product","link":"https:\/\/naturegalapagos.com\/es\/cruceros-galapagos\/anahi-crucero-galapagos-primera-clase\/","title":{"rendered":"M\/C Anahi Crucero Gal\u00e1pagos"},"content":{"rendered":"<div class=\"wpb-content-wrapper\"><div style=\"display: flex; justify-content: end; margin-bottom: 10px;\"><a href=\"https:\/\/naturegalapagos.com\/es\/ofertas-de-viajes\/\" target=\"_blank\" rel=\"noopener\"><img decoding=\"async\" src=\"https:\/\/naturegalapagos.com\/es\/wp-content\/uploads\/sites\/3\/2019\/11\/las-minute-deals-gif_Final_espa\u00f1ol.gif\" alt=\"Tour de Cruceros de \u00faltima hora\" width=\"227.5\" height=\"77.25\" \/><\/a><\/div>\n<h2><span style=\"font-family: arial, helvetica, sans-serif;\"><strong>D<\/strong><strong>escripci\u00f3n del M\/C Anahi Crucero Gal\u00e1pagos<\/strong><strong>:<\/strong><\/span><\/h2>\n<p style=\"text-align: justify;\"><span style=\"font-family: arial, helvetica, sans-serif;\">El M\/C Anahi Crucero Gal\u00e1pagos es un yate apto para alrededor de 16 pasajeros, con 6 cabinas twin ubicadas en la cubierta principal. De las cuales 2 pueden ser transformadas en camas dobles. Adem\u00e1s, cuenta con 2 cabinas tipo suite ubicadas en la cubierta superior. Cada cabina incluye amplias ventanas con vista al oc\u00e9ano, un hermoso piso de madera, y un acogedor ba\u00f1o privado con agua fr\u00eda y caliente, adem\u00e1s de closet y aire acondicionado.<\/span><\/p>\n<p><span style=\"font-family: arial, helvetica, sans-serif;\"><!--more--><\/span><\/p>\n<h3><span style=\"font-family: arial, helvetica, sans-serif;\"><strong>Principales caracter\u00edsticas<\/strong><\/span><\/h3>\n<ul>\n<li style=\"text-align: justify;\"><span style=\"font-family: arial, helvetica, sans-serif;\">El\u00a0M\/C Anah\u00ed Crucero Gal\u00e1pagos es reconocido como uno de los mejores yates de primera clase.<\/span><\/li>\n<li style=\"text-align: justify;\"><span style=\"font-family: arial, helvetica, sans-serif;\">Garantizamos elegancia y confort mientras se encuentre a bordo.<\/span><\/li>\n<li><span style=\"font-family: arial, helvetica, sans-serif;\">Cada cabina incluye amplias ventanas con vista al mar, adem\u00e1s de un acogedor ba\u00f1o privado en madera y aire acondicionado.<\/span><\/li>\n<li><span style=\"font-family: arial, helvetica, sans-serif;\">Adem\u00e1s, cuenta con amplias \u00e1reas de descanso, una librer\u00eda, un c\u00f3modo comedor y un sal\u00f3n de estar.<\/span><\/li>\n<li><span style=\"font-family: arial, helvetica, sans-serif;\">Asimismo, rel\u00e1jese en el jacuzzi apto para 6 personas o en la c\u00f3moda \u00e1rea de sol\u00e1rium.<\/span><\/li>\n<\/ul>\n<h3 style=\"text-align: justify;\"><span style=\"font-family: arial, helvetica, sans-serif;\"><strong>Cabinas:<\/strong><\/span><\/h3>\n<p style=\"text-align: justify;\"><span style=\"font-family: arial, helvetica, sans-serif;\"><strong>Camarote Superior\u00a0(Suite):<\/strong><\/span><\/p>\n<ul>\n<li><span style=\"font-family: arial, helvetica, sans-serif;\">2 camarotes superiores, cada uno con 25 metros cuadrados.<\/span><\/li>\n<li><span style=\"font-family: arial, helvetica, sans-serif;\">Adem\u00e1s, amplias facilidades privadas, incluyendo agua caliente y fr\u00eda en la ba\u00f1era.<\/span><\/li>\n<li><span style=\"font-family: arial, helvetica, sans-serif;\">Aire acondicionado para mayor confort.<\/span><\/li>\n<li><span style=\"font-family: arial, helvetica, sans-serif;\">Cama tama\u00f1o King size para un descanso \u00f3ptimo.<\/span><\/li>\n<\/ul>\n<p style=\"text-align: justify;\"><span style=\"font-family: arial, helvetica, sans-serif;\"><strong>Camarote Standard:<\/strong><\/span><\/p>\n<ul>\n<li style=\"text-align: justify;\"><span style=\"font-family: arial, helvetica, sans-serif;\">6 camarotes (14 metros cuadrados \u00a0cada uno).<\/span><\/li>\n<li style=\"text-align: justify;\"><span style=\"font-family: arial, helvetica, sans-serif;\">Facilidades privadas \u2013\u00a0Agua caliente y fr\u00eda en la ba\u00f1era.<\/span><\/li>\n<li style=\"text-align: justify;\"><span style=\"font-family: arial, helvetica, sans-serif;\">Aire acondicionado.<\/span><\/li>\n<li style=\"text-align: justify;\"><span style=\"font-family: arial, helvetica, sans-serif;\">Ubicado en la cubierta principal.<\/span><\/li>\n<\/ul>\n<p style=\"text-align: justify;\"><span style=\"font-family: arial, helvetica, sans-serif;\"><strong>Sala de descanso:<\/strong><\/span><\/p>\n<ul>\n<li style=\"text-align: justify;\"><span style=\"font-family: arial, helvetica, sans-serif;\">Funcional sala de estar para breves introducciones e instrucciones antes de las excursiones, se puede tambi\u00e9n tomar la cena, 60\u00a0m\u00b2.<\/span><\/li>\n<li style=\"text-align: justify;\"><span style=\"font-family: arial, helvetica, sans-serif;\">Incluye libreria con c\u00f3modos sof\u00e1s, vista panor\u00e1mica y amplio televisor de 50 pulgadas con una gran selecci\u00f3n de DVDs.<\/span><\/li>\n<li style=\"text-align: justify;\"><span style=\"font-family: arial, helvetica, sans-serif;\">Aire acondicionado.<\/span><\/li>\n<li style=\"text-align: justify;\"><span style=\"font-family: arial, helvetica, sans-serif;\">Ubicado en la cubierta principal.<\/span><\/li>\n<\/ul>\n<table border=\"0\" cellspacing=\"0\" cellpadding=\"0\" align=\"center\">\n<thead>\n<tr style=\"background-color: #009e5d; color: white;\">\n<th style=\"background-color: #e6e6e6;\" colspan=\"2\" align=\"center\">\n<h4><span style=\"font-family: arial, helvetica, sans-serif;\">Especificaciones T\u00e9cnicas<\/span><\/h4>\n<\/th>\n<\/tr>\n<\/thead>\n<tbody>\n<tr>\n<td><span style=\"font-family: arial, helvetica, sans-serif;\"><strong>Tipo<\/strong><\/span><\/td>\n<td><span style=\"font-family: arial, helvetica, sans-serif;\">\u00a0Catamar\u00e1n a motor<\/span><\/td>\n<\/tr>\n<tr>\n<td><span style=\"font-family: arial, helvetica, sans-serif;\"><strong>Categor\u00eda<\/strong><\/span><\/td>\n<td><span style=\"font-family: arial, helvetica, sans-serif;\">\u00a0Primera clase<\/span><\/td>\n<\/tr>\n<tr>\n<td><span style=\"font-family: arial, helvetica, sans-serif;\"><strong>A\u00f1o<\/strong><\/span><\/td>\n<td><span style=\"font-family: arial, helvetica, sans-serif;\">\u00a02006<\/span><\/td>\n<\/tr>\n<tr>\n<td><span style=\"font-family: arial, helvetica, sans-serif;\"><strong>Longitud<\/strong><\/span><\/td>\n<td><span style=\"font-family: arial, helvetica, sans-serif;\">\u00a090.50 pies \/ 27.60m<\/span><\/td>\n<\/tr>\n<tr>\n<td><span style=\"font-family: arial, helvetica, sans-serif;\"><strong>Viga<\/strong><\/span><\/td>\n<td><span style=\"font-family: arial, helvetica, sans-serif;\">\u00a036.08pies \/ 11m<\/span><\/td>\n<\/tr>\n<tr>\n<td><span style=\"font-family: arial, helvetica, sans-serif;\"><strong>Capacidad<\/strong><\/span><\/td>\n<td><span style=\"font-family: arial, helvetica, sans-serif;\">\u00a016 pasajeros<\/span><\/td>\n<\/tr>\n<tr>\n<td><span style=\"font-family: arial, helvetica, sans-serif;\"><strong>Motores<\/strong><\/span><\/td>\n<td><span style=\"font-family: arial, helvetica, sans-serif;\">\u00a02 x John Deere IMO 300 HP cada uno<\/span><\/td>\n<\/tr>\n<tr>\n<td><span style=\"font-family: arial, helvetica, sans-serif;\"><strong>Sistema El\u00e9ctrico<\/strong><\/span><\/td>\n<td><span style=\"font-family: arial, helvetica, sans-serif;\">\u00a02 x 65 kW generadores (IMO) (110v and 220v. AC)<\/span><\/td>\n<\/tr>\n<tr>\n<td><span style=\"font-family: arial, helvetica, sans-serif;\"><strong>Velocidad<\/strong><\/span><\/td>\n<td><span style=\"font-family: arial, helvetica, sans-serif;\">\u00a010 nudos<\/span><\/td>\n<\/tr>\n<tr>\n<td><span style=\"font-family: arial, helvetica, sans-serif;\"><strong>Capacidad de Agua<\/strong><\/span><\/td>\n<td><span style=\"font-family: arial, helvetica, sans-serif;\">\u00a03000 gal m\u00e1s fabricante de agua con una capacidad de 1000 gal\/por d\u00eda<\/span><\/td>\n<\/tr>\n<tr>\n<td><span style=\"font-family: arial, helvetica, sans-serif;\"><strong>Capacidad de Diesel<\/strong><\/span><\/td>\n<td><span style=\"font-family: arial, helvetica, sans-serif;\">\u00a02500 galones<\/span><\/td>\n<\/tr>\n<tr>\n<td><span style=\"font-family: arial, helvetica, sans-serif;\"><strong>Material de Construcci\u00f3n<\/strong><\/span><\/td>\n<td><span style=\"font-family: arial, helvetica, sans-serif;\">\u00a0Fibra de vidrio<\/span><\/td>\n<\/tr>\n<tr>\n<td><span style=\"font-family: arial, helvetica, sans-serif;\"><strong>Interior<\/strong><\/span><\/td>\n<td><span style=\"font-family: arial, helvetica, sans-serif;\">\u00a0Piso de madera<\/span><\/td>\n<\/tr>\n<tr>\n<td><span style=\"font-family: arial, helvetica, sans-serif;\"><strong>Exterior<\/strong><\/span><\/td>\n<td><span style=\"font-family: arial, helvetica, sans-serif;\">\u00a0Piso de madera de teca<\/span><\/td>\n<\/tr>\n<tr>\n<td><span style=\"font-family: arial, helvetica, sans-serif;\"><strong>Tripulaci\u00f3n <\/strong><\/span><\/td>\n<td><span style=\"font-family: arial, helvetica, sans-serif;\">\u00a09 + 1\u00a0gu\u00eda naturalista billing\u00fce<\/span><\/td>\n<\/tr>\n<tr>\n<td><span style=\"font-family: arial, helvetica, sans-serif;\"><strong>\u00a0Equipo de seguridad y navegaci\u00f3n<\/strong><\/span><\/td>\n<td>\n<ul>\n<li><span style=\"font-family: arial, helvetica, sans-serif;\">Dos radares de 48 millas, ecosonda<\/span><\/li>\n<li><span style=\"font-family: arial, helvetica, sans-serif;\">GPS<\/span><\/li>\n<li><span style=\"font-family: arial, helvetica, sans-serif;\">radio VHF<\/span><\/li>\n<li><span style=\"font-family: arial, helvetica, sans-serif;\">br\u00fajula magn\u00e9tica<\/span><\/li>\n<li><span style=\"font-family: arial, helvetica, sans-serif;\">2 balsas salvavidad r\u00edgidas para 15 pasajeros cada una<\/span><\/li>\n<li><span style=\"font-family: arial, helvetica, sans-serif;\">30 chalecos salvavidas<\/span><\/li>\n<li><span style=\"font-family: arial, helvetica, sans-serif;\">detectores de fuego y humo<\/span><\/li>\n<li><span style=\"font-family: arial, helvetica, sans-serif;\">completo sistema de incendio<\/span><\/li>\n<li><span style=\"font-family: arial, helvetica, sans-serif;\">2 balsas Zodiac para 10 personas cada una.<\/span><br \/>\n<span style=\"font-family: arial, helvetica, sans-serif;\"> El equipo de seguridad cumple\u00a0con las regulaciones internacionales de la guardia costera.<\/span><\/li>\n<\/ul>\n<\/td>\n<\/tr>\n<tr>\n<td><span style=\"font-family: arial, helvetica, sans-serif;\"><strong>Alojamiento<\/strong><\/span><\/td>\n<td>\n<ul>\n<li><span style=\"font-family: arial, helvetica, sans-serif;\">12 pasajeros pueden alojarse en 6 cabinas est\u00e1ndar con camas twin en la cubierta principal.<\/span><\/li>\n<li><span style=\"font-family: arial, helvetica, sans-serif;\">Adem\u00e1s, 4 pasajeros pueden disfrutar de 2 cabinas tipo suite en la cubierta superior.<\/span><\/li>\n<\/ul>\n<\/td>\n<\/tr>\n<\/tbody>\n<\/table>\n<h2><\/h2>\n<h2><span style=\"font-family: arial, helvetica, sans-serif;\">Planos de cubierta<\/span><\/h2>\n<div id=\"gallery_1\" class=\"gallery\">\n<div class=\"row gallery__items\">\n\t\t\t\t\t<div class=\"col-sm-12 gallery__item-wrap\" data-filterid=\"\">\n\t\t\t<a href=\"https:\/\/naturegalapagos.com\/es\/wp-content\/uploads\/sites\/3\/2023\/12\/Yacht-Anahi-Planos-de-Cubierta-Espanol_Simple.webp\" class=\"swipebox gallery__item\" title=\"Yacht-Anahi-Planos-de-Cubierta-Espanol_Simple\">\n\t\t\t\t<img decoding=\"async\" width=\"720\" height=\"480\" src=\"https:\/\/naturegalapagos.com\/es\/wp-content\/uploads\/sites\/3\/2023\/12\/Yacht-Anahi-Planos-de-Cubierta-Espanol_Simple-720x480.webp\" class=\"attachment-thumb_gallery size-thumb_gallery\" alt=\"Planos de cubierta yate Anahi\" srcset=\"https:\/\/naturegalapagos.com\/es\/wp-content\/uploads\/sites\/3\/2023\/12\/Yacht-Anahi-Planos-de-Cubierta-Espanol_Simple-720x480.webp 720w, https:\/\/naturegalapagos.com\/es\/wp-content\/uploads\/sites\/3\/2023\/12\/Yacht-Anahi-Planos-de-Cubierta-Espanol_Simple-531x354.webp 531w, https:\/\/naturegalapagos.com\/es\/wp-content\/uploads\/sites\/3\/2023\/12\/Yacht-Anahi-Planos-de-Cubierta-Espanol_Simple-180x120.webp 180w\" sizes=\"(max-width: 720px) 100vw, 720px\" \/>\t\t\t\t<span class=\"gallery__item__info\">\n\t\t\t\t\t<span class=\"gallery__item__info__content\">\n\t\t\t\t\t\t<span class=\"gallery__item__title\">Yacht-Anahi-Planos-de-Cubierta-Espanol_Simple<\/span>\n\t\t\t\t\t\t\t\t\t\t<\/span>\n\t\t\t\t\t<span class=\"gallery__item__shadow\"><\/span>\n\t\t\t\t<\/span>\n\t\t\t<\/a>\n\t\t<\/div>\n\t<\/div>\n<\/div>\n<p>[vc_row][vc_column el_class=&#8221;accocruise&#8221;][vc_column_text]\n<div class=\"panel panel-default accordion__item\">\n\t<div class=\"panel-heading accordion__item__title-wrap\">\n\t\t<h4 class=\"panel-title\">\n\t\t\t<a data-toggle=\"collapse\" data-parent=\"#ataccordion0\" href=\"#ataccordion0_1\" class=\"accordion__item__link collapsed\">Solicite m\u00e1s informaci\u00f3n<\/a>\n\t\t<\/h4>\n\t<\/div>\n\t<div id=\"ataccordion0_1\" class=\"panel-collapse collapse\">\n\t\t<div class=\"panel-body accordion__item__content\">\n                <div class=\"ml-embedded\" data-form=\"DXbs8f\"><\/div>\n            \n<\/div>\n\t<\/div>\n<\/div>[\/vc_column_text][\/vc_column][\/vc_row]<\/p>\n<\/div>","protected":false},"excerpt":{"rendered":"<p>Descripci\u00f3n del M\/C Anahi Crucero Gal\u00e1pagos: El M\/C Anahi Crucero Gal\u00e1pagos es un yate apto para alrededor de 16 pasajeros, con 6 cabinas twin ubicadas en la cubierta principal. De las cuales 2 pueden ser transformadas en camas dobles. Adem\u00e1s, cuenta con 2 cabinas tipo suite ubicadas en la cubierta superior. Cada cabina incluye amplias<\/p>\n<div class=\"padding-top text-center\"><a href=\"https:\/\/naturegalapagos.com\/es\/cruceros-galapagos\/anahi-crucero-galapagos-primera-clase\/\" class=\"atbtn atbtn--medium atbtn--rounded atbtn--transparent\">Leer m\u00e1s<i class=\"atbtn__icon atbtn__icon--right fa fa-long-arrow-right\"><\/i><\/a><\/div>\n","protected":false},"featured_media":2199,"comment_status":"open","ping_status":"closed","template":"","meta":{"_joinchat":[]},"product_brand":[],"product_cat":[3599],"product_tag":[],"class_list":{"0":"post-1432","1":"product","2":"type-product","3":"status-publish","4":"has-post-thumbnail","6":"product_cat-sin-categoria","7":"tour_category-crucero-primera-clase","9":"first","10":"instock","11":"taxable","12":"shipping-taxable","13":"product-type-tour"},"yoast_head":"<!-- This site is optimized with the Yoast SEO Premium plugin v25.6 (Yoast SEO v26.1.1) - https:\/\/yoast.com\/wordpress\/plugins\/seo\/ -->\n<title>M\/C Anahi Crucero Gal\u00e1pagos | Catamar\u00e1n Primera Clase<\/title>\n<meta name=\"description\" content=\"Encuentre aqu\u00ed disponibilidad para experimentar una gran experiencia en el M\/C Anahi Crucero Gal\u00e1pagos, 4, 5 y 8 d\u00edas a bordo de una embarcaci\u00f3n de primera.\" \/>\n<meta name=\"robots\" content=\"index, follow, max-snippet:-1, max-image-preview:large, max-video-preview:-1\" \/>\n<link rel=\"canonical\" href=\"https:\/\/naturegalapagos.com\/es\/cruceros-galapagos\/anahi-crucero-galapagos-primera-clase\/\" \/>\n<meta property=\"og:locale\" content=\"es_ES\" \/>\n<meta property=\"og:type\" content=\"article\" \/>\n<meta property=\"og:title\" content=\"M\/C Anahi Crucero Gal\u00e1pagos\" \/>\n<meta property=\"og:description\" content=\"Encuentre aqu\u00ed disponibilidad para experimentar una gran experiencia en el M\/C Anahi Crucero Gal\u00e1pagos, 4, 5 y 8 d\u00edas a bordo de una embarcaci\u00f3n de primera.\" \/>\n<meta property=\"og:url\" content=\"https:\/\/naturegalapagos.com\/es\/cruceros-galapagos\/anahi-crucero-galapagos-primera-clase\/\" \/>\n<meta property=\"og:site_name\" content=\"Espa\u00f1ol - Nature Galapagos &amp; Ecuador\" \/>\n<meta property=\"article:publisher\" content=\"https:\/\/www.facebook.com\/naturegalapagosecuador\/\" \/>\n<meta property=\"article:modified_time\" content=\"2024-08-27T19:44:07+00:00\" \/>\n<meta property=\"og:image\" content=\"https:\/\/naturegalapagos.com\/es\/wp-content\/uploads\/sites\/3\/2016\/06\/anahi-crucero-galapagos.jpg\" \/>\n\t<meta property=\"og:image:width\" content=\"1024\" \/>\n\t<meta property=\"og:image:height\" content=\"512\" \/>\n\t<meta property=\"og:image:type\" content=\"image\/jpeg\" \/>\n<meta name=\"twitter:card\" content=\"summary_large_image\" \/>\n<meta name=\"twitter:site\" content=\"@naturegalapagos\" \/>\n<meta name=\"twitter:label1\" content=\"Tiempo de lectura\" \/>\n\t<meta name=\"twitter:data1\" content=\"3 minutos\" \/>\n<!-- \/ Yoast SEO Premium plugin. -->","yoast_head_json":{"title":"M\/C Anahi Crucero Gal\u00e1pagos | Catamar\u00e1n Primera Clase","description":"Encuentre aqu\u00ed disponibilidad para experimentar una gran experiencia en el M\/C Anahi Crucero Gal\u00e1pagos, 4, 5 y 8 d\u00edas a bordo de una embarcaci\u00f3n de primera.","robots":{"index":"index","follow":"follow","max-snippet":"max-snippet:-1","max-image-preview":"max-image-preview:large","max-video-preview":"max-video-preview:-1"},"canonical":"https:\/\/naturegalapagos.com\/es\/cruceros-galapagos\/anahi-crucero-galapagos-primera-clase\/","og_locale":"es_ES","og_type":"article","og_title":"M\/C Anahi Crucero Gal\u00e1pagos","og_description":"Encuentre aqu\u00ed disponibilidad para experimentar una gran experiencia en el M\/C Anahi Crucero Gal\u00e1pagos, 4, 5 y 8 d\u00edas a bordo de una embarcaci\u00f3n de primera.","og_url":"https:\/\/naturegalapagos.com\/es\/cruceros-galapagos\/anahi-crucero-galapagos-primera-clase\/","og_site_name":"Espa\u00f1ol - Nature Galapagos &amp; Ecuador","article_publisher":"https:\/\/www.facebook.com\/naturegalapagosecuador\/","article_modified_time":"2024-08-27T19:44:07+00:00","og_image":[{"width":1024,"height":512,"url":"https:\/\/naturegalapagos.com\/es\/wp-content\/uploads\/sites\/3\/2016\/06\/anahi-crucero-galapagos.jpg","type":"image\/jpeg"}],"twitter_card":"summary_large_image","twitter_site":"@naturegalapagos","twitter_misc":{"Tiempo de lectura":"3 minutos"},"schema":{"@context":"https:\/\/schema.org","@graph":[{"@type":"WebPage","@id":"https:\/\/naturegalapagos.com\/es\/cruceros-galapagos\/anahi-crucero-galapagos-primera-clase\/","url":"https:\/\/naturegalapagos.com\/es\/cruceros-galapagos\/anahi-crucero-galapagos-primera-clase\/","name":"M\/C Anahi Crucero Gal\u00e1pagos | Catamar\u00e1n Primera Clase","isPartOf":{"@id":"https:\/\/naturegalapagos.com\/es\/#website"},"primaryImageOfPage":{"@id":"https:\/\/naturegalapagos.com\/es\/cruceros-galapagos\/anahi-crucero-galapagos-primera-clase\/#primaryimage"},"image":{"@id":"https:\/\/naturegalapagos.com\/es\/cruceros-galapagos\/anahi-crucero-galapagos-primera-clase\/#primaryimage"},"thumbnailUrl":"https:\/\/naturegalapagos.com\/es\/wp-content\/uploads\/sites\/3\/2016\/06\/anahi-crucero-galapagos.jpg","datePublished":"2024-08-20T18:47:08+00:00","dateModified":"2024-08-27T19:44:07+00:00","description":"Encuentre aqu\u00ed disponibilidad para experimentar una gran experiencia en el M\/C Anahi Crucero Gal\u00e1pagos, 4, 5 y 8 d\u00edas a bordo de una embarcaci\u00f3n de primera.","breadcrumb":{"@id":"https:\/\/naturegalapagos.com\/es\/cruceros-galapagos\/anahi-crucero-galapagos-primera-clase\/#breadcrumb"},"inLanguage":"es","potentialAction":[{"@type":"ReadAction","target":["https:\/\/naturegalapagos.com\/es\/cruceros-galapagos\/anahi-crucero-galapagos-primera-clase\/"]}]},{"@type":"ImageObject","inLanguage":"es","@id":"https:\/\/naturegalapagos.com\/es\/cruceros-galapagos\/anahi-crucero-galapagos-primera-clase\/#primaryimage","url":"https:\/\/naturegalapagos.com\/es\/wp-content\/uploads\/sites\/3\/2016\/06\/anahi-crucero-galapagos.jpg","contentUrl":"https:\/\/naturegalapagos.com\/es\/wp-content\/uploads\/sites\/3\/2016\/06\/anahi-crucero-galapagos.jpg","width":1024,"height":512,"caption":"Anahi Crucero Galapagos"},{"@type":"BreadcrumbList","@id":"https:\/\/naturegalapagos.com\/es\/cruceros-galapagos\/anahi-crucero-galapagos-primera-clase\/#breadcrumb","itemListElement":[{"@type":"ListItem","position":1,"name":"Home","item":"https:\/\/naturegalapagos.com\/es\/"},{"@type":"ListItem","position":2,"name":"Tienda","item":"https:\/\/naturegalapagos.com\/es\/tienda\/"},{"@type":"ListItem","position":3,"name":"M\/C Anahi Crucero Gal\u00e1pagos"}]},{"@type":"WebSite","@id":"https:\/\/naturegalapagos.com\/es\/#website","url":"https:\/\/naturegalapagos.com\/es\/","name":"Espa\u00f1ol - Nature Galapagos & Ecuador","description":"","publisher":{"@id":"https:\/\/naturegalapagos.com\/es\/#organization"},"potentialAction":[{"@type":"SearchAction","target":{"@type":"EntryPoint","urlTemplate":"https:\/\/naturegalapagos.com\/es\/?s={search_term_string}"},"query-input":{"@type":"PropertyValueSpecification","valueRequired":true,"valueName":"search_term_string"}}],"inLanguage":"es"},{"@type":"Organization","@id":"https:\/\/naturegalapagos.com\/es\/#organization","name":"Espa\u00f1ol - Nature Galapagos & Ecuador","url":"https:\/\/naturegalapagos.com\/es\/","logo":{"@type":"ImageObject","inLanguage":"es","@id":"https:\/\/naturegalapagos.com\/es\/#\/schema\/logo\/image\/","url":"https:\/\/naturegalapagos.com\/es\/wp-content\/uploads\/sites\/3\/2016\/10\/Nature-Galapagos-Logo-COM-300x300.jpg","contentUrl":"https:\/\/naturegalapagos.com\/es\/wp-content\/uploads\/sites\/3\/2016\/10\/Nature-Galapagos-Logo-COM-300x300.jpg","width":300,"height":300,"caption":"Espa\u00f1ol - Nature Galapagos & Ecuador"},"image":{"@id":"https:\/\/naturegalapagos.com\/es\/#\/schema\/logo\/image\/"},"sameAs":["https:\/\/www.facebook.com\/naturegalapagosecuador\/","https:\/\/x.com\/naturegalapagos","https:\/\/www.instagram.com\/naturegalapagos\/","https:\/\/www.pinterest.com\/Naturegalapagos\/","https:\/\/www.youtube.com\/user\/NatureGalapagosTours"]}]}},"_links":{"self":[{"href":"https:\/\/naturegalapagos.com\/es\/wp-json\/wp\/v2\/product\/1432","targetHints":{"allow":["GET"]}}],"collection":[{"href":"https:\/\/naturegalapagos.com\/es\/wp-json\/wp\/v2\/product"}],"about":[{"href":"https:\/\/naturegalapagos.com\/es\/wp-json\/wp\/v2\/types\/product"}],"replies":[{"embeddable":true,"href":"https:\/\/naturegalapagos.com\/es\/wp-json\/wp\/v2\/comments?post=1432"}],"wp:featuredmedia":[{"embeddable":true,"href":"https:\/\/naturegalapagos.com\/es\/wp-json\/wp\/v2\/media\/2199"}],"wp:attachment":[{"href":"https:\/\/naturegalapagos.com\/es\/wp-json\/wp\/v2\/media?parent=1432"}],"wp:term":[{"taxonomy":"product_brand","embeddable":true,"href":"https:\/\/naturegalapagos.com\/es\/wp-json\/wp\/v2\/product_brand?post=1432"},{"taxonomy":"product_cat","embeddable":true,"href":"https:\/\/naturegalapagos.com\/es\/wp-json\/wp\/v2\/product_cat?post=1432"},{"taxonomy":"product_tag","embeddable":true,"href":"https:\/\/naturegalapagos.com\/es\/wp-json\/wp\/v2\/product_tag?post=1432"}],"curies":[{"name":"wp","href":"https:\/\/api.w.org\/{rel}","templated":true}]}}