{"id":1438,"date":"2024-12-31T11:24:01","date_gmt":"2024-12-31T16:24:01","guid":{"rendered":"http:\/\/naturegalapagos.com\/es\/cruceros-galapagos\/anahi-crucero-galapagos-primera-clase"},"modified":"2024-12-31T11:25:18","modified_gmt":"2024-12-31T16:25:18","slug":"tip-top-iii-crucero-galapagos","status":"publish","type":"product","link":"https:\/\/naturegalapagos.com\/es\/cruceros-galapagos\/yate-tip-top-iii-primera-clase-crucero-galapagos\/","title":{"rendered":"M\/Y Tip Top III Crucero Gal\u00e1pagos"},"content":{"rendered":"<div class=\"wpb-content-wrapper\"><div style=\"display: flex; justify-content: end; margin-bottom: 10px;\"><span style=\"font-family: arial, helvetica, sans-serif;\"><a href=\"https:\/\/naturegalapagos.com\/es\/ofertas-de-viajes\/\" target=\"_blank\" rel=\"noopener\"><img decoding=\"async\" src=\"https:\/\/naturegalapagos.com\/es\/wp-content\/uploads\/sites\/3\/2019\/11\/las-minute-deals-gif_Final_espa\u00f1ol.gif\" alt=\"Oferta de cruceros en Gal\u00e1pagos\" width=\"227.5\" height=\"77.25\" \/><\/a><\/span><\/div>\n<h2><span style=\"font-family: arial, helvetica, sans-serif;\"><strong>D<\/strong><strong>escripci\u00f3n del M\/Y Tip Top III Crucero Gal\u00e1pagos<\/strong><strong>:<\/strong><\/span><\/h2>\n<p style=\"text-align: justify;\"><span style=\"font-family: arial, helvetica, sans-serif;\">El M\/Y <strong>Tip Top III Crucero Gal\u00e1pagos<\/strong> es un yate a motor de primera clase con una impecable construcci\u00f3n con los m\u00e1s altos est\u00e1ndares de calidad. La mejor opci\u00f3n para viajeros que desean viajar por las Islas Gal\u00e1pagos con comodidad y elegancia.<\/span><\/p>\n<h3><span style=\"font-family: arial, helvetica, sans-serif;\"><strong>Caracter\u00edsticas principales<\/strong><\/span><\/h3>\n<ul>\n<li style=\"text-align: justify;\"><span style=\"font-family: arial, helvetica, sans-serif;\">El M\/Y The Tip Top III Crucero Gal\u00e1pagos es un c\u00f3modo yate a motor de primera clase<\/span><\/li>\n<li style=\"text-align: justify;\"><span style=\"font-family: arial, helvetica, sans-serif;\">Itinerarios comprensibles<\/span><\/li>\n<li style=\"text-align: justify;\"><span style=\"font-family: arial, helvetica, sans-serif;\">C\u00f3modas \u00e1reas comunes y terrazas<\/span><\/li>\n<li style=\"text-align: justify;\"><span style=\"font-family: arial, helvetica, sans-serif;\">Equipo de Snorkel para la renta<\/span><\/li>\n<li style=\"text-align: justify;\"><span style=\"font-family: arial, helvetica, sans-serif;\">Administrado por la legendaria familia Wittmer<\/span><\/li>\n<\/ul>\n<h3 style=\"text-align: justify;\"><span style=\"font-family: arial, helvetica, sans-serif;\"><strong>Cabinas:<\/strong><\/span><\/h3>\n<h4 style=\"text-align: justify;\"><span style=\"font-family: arial, helvetica, sans-serif;\"><strong>Cubierta Baja:<\/strong><\/span><\/h4>\n<ul>\n<li style=\"text-align: justify;\"><span style=\"font-family: arial, helvetica, sans-serif;\">2 cabinas con una cama doble baja y una cama sencilla alta (Cabinas 1 &amp; 2)<\/span><\/li>\n<li style=\"text-align: justify;\"><span style=\"font-family: arial, helvetica, sans-serif;\">4 cabinas con dos camas sencillas bajas (Cabinas 3-6)<\/span><\/li>\n<\/ul>\n<h4 style=\"text-align: justify;\"><span style=\"font-family: arial, helvetica, sans-serif;\"><strong>Cubierta Alta:<\/strong><\/span><\/h4>\n<ul>\n<li style=\"text-align: justify;\"><span style=\"font-family: arial, helvetica, sans-serif;\">2 cabinas con una cama doble baja (Cabinas 7 &amp; 8)<\/span><\/li>\n<li style=\"text-align: justify;\"><span style=\"font-family: arial, helvetica, sans-serif;\">2 cabinas con dos camas sencillas bajas (Cabinas 9 &amp; 10)<\/span><\/li>\n<\/ul>\n<table border=\"0\" cellspacing=\"0\" cellpadding=\"0\" align=\"center\">\n<tbody>\n<tr>\n<th style=\"background-color: #e6e6e6;\" colspan=\"2\" align=\"center\">\n<h3><span style=\"font-family: arial, helvetica, sans-serif;\">Especificaciones T\u00e9cnicas del Tip Top III Crucero Gal\u00e1pagos<\/span><\/h3>\n<\/th>\n<\/tr>\n<tr>\n<td><span style=\"font-family: arial, helvetica, sans-serif;\"><strong>Tipo<\/strong><\/span><\/td>\n<td><span style=\"font-family: arial, helvetica, sans-serif;\">Yate de Motor<\/span><\/td>\n<\/tr>\n<tr>\n<td><span style=\"font-family: arial, helvetica, sans-serif;\"><strong>Longitud<\/strong><\/span><\/td>\n<td><span style=\"font-family: arial, helvetica, sans-serif;\">\u00a0104 pies<\/span><\/td>\n<\/tr>\n<tr>\n<td><span style=\"font-family: arial, helvetica, sans-serif;\"><strong>Manga<\/strong><\/span><\/td>\n<td><span style=\"font-family: arial, helvetica, sans-serif;\">\u00a022 pies<\/span><\/td>\n<\/tr>\n<tr>\n<td><span style=\"font-family: arial, helvetica, sans-serif;\"><strong>Motores<\/strong><\/span><\/td>\n<td><span style=\"font-family: arial, helvetica, sans-serif;\">\u00a0Dos motores propulsores DEUTZ BF8M 1015 MC 442 HP cada uno.<\/span><\/td>\n<\/tr>\n<tr>\n<td><span style=\"font-family: arial, helvetica, sans-serif;\"><strong>Velocidad<\/strong><\/span><\/td>\n<td><span style=\"font-family: arial, helvetica, sans-serif;\">11 nudos<\/span><\/td>\n<\/tr>\n<tr>\n<td><span style=\"font-family: arial, helvetica, sans-serif;\"><strong>Tripulaci\u00f3n<\/strong><\/span><\/td>\n<td><span style=\"font-family: arial, helvetica, sans-serif;\">\u00a0Capit\u00e1n, gu\u00eda pluriling\u00fce, ingeniero, cocinero, cantinero, mesero, y 2 marineros<\/span><\/td>\n<\/tr>\n<tr>\n<td><span style=\"font-family: arial, helvetica, sans-serif;\"><strong>Capacidad<\/strong><\/span><\/td>\n<td><span style=\"font-family: arial, helvetica, sans-serif;\">\u00a016 pasajeros<\/span><\/td>\n<\/tr>\n<tr>\n<td><span style=\"font-family: arial, helvetica, sans-serif;\"><strong>Habitaciones<\/strong><\/span><\/td>\n<td><span style=\"font-family: arial, helvetica, sans-serif;\">\u00a010 cabinas con ba\u00f1o privado<\/span><\/td>\n<\/tr>\n<tr>\n<td><span style=\"font-family: arial, helvetica, sans-serif;\"><strong>Construcci\u00f3n<\/strong><\/span><\/td>\n<td><span style=\"font-family: arial, helvetica, sans-serif;\">\u00a0Dise\u00f1ado y construido en 2001 y redise\u00f1ado en 2008<\/span><\/td>\n<\/tr>\n<tr>\n<td><span style=\"font-family: arial, helvetica, sans-serif;\"><strong>Electricidad<\/strong><\/span><\/td>\n<td><span style=\"font-family: arial, helvetica, sans-serif;\">\u00a0110\/220 v AC<\/span><\/td>\n<\/tr>\n<tr>\n<td><span style=\"font-family: arial, helvetica, sans-serif;\"><strong>Equipo de Snorkel<\/strong><\/span><\/td>\n<td><span style=\"font-family: arial, helvetica, sans-serif;\">\u00a0Disponible\u00a0para rentar<\/span><\/td>\n<\/tr>\n<tr>\n<td><span style=\"font-family: arial, helvetica, sans-serif;\"><strong>Equipo de Seguridad<br \/>\n<\/strong><\/span><\/td>\n<td style=\"text-align: justify;\"><span style=\"font-family: arial, helvetica, sans-serif;\">2 Radares Furuno 24 millas Navnet Radar\/Chart Plotter, (2) Eco sondas Furuno-FCV620, GPS, Furuno NX300 Navtex, Comp\u00e1s Satelital Furuno SC-Satellite Fluxgate, Radio Furuno HF-MF\/DSC, (2) Radios VHF\/DSC Standard, Radio Baliza ACR, Respondedor de Radar ACR, (2) Radios Bi-direccionales de rescate ACR VHF, Comp\u00e1s magn\u00e9tico Ritchie, sistema hidr\u00e1ulico de gobierno, bar\u00f3metro, reloj, term\u00f3metro, indicador de \u00e1ngulo de ca\u00f1a, reflector, pito, sistema de alarma de humo y fuego. (2) balsas inflables salva vidas You Lung para 25 personas cada una, (50) chalecos salvavidas, dos botes inflables de desembarco \u201cpangas\u201d N\u00e1utica de 17 pies con motor fuera de borda de 25 HP para 12 personas cada una. Todos los equipos y sistemas cumplen con las regulaciones internacionales de sobrevivencia en el mar.<\/span><\/td>\n<\/tr>\n<\/tbody>\n<\/table>\n<p>[vc_row][vc_column el_class=&#8221;accocruise&#8221;][vc_column_text]\n<div class=\"panel panel-default accordion__item\">\n\t<div class=\"panel-heading accordion__item__title-wrap\">\n\t\t<h4 class=\"panel-title\">\n\t\t\t<a data-toggle=\"collapse\" data-parent=\"#ataccordion0\" href=\"#ataccordion0_1\" class=\"accordion__item__link collapsed\">Solicite m\u00e1s informaci\u00f3n<\/a>\n\t\t<\/h4>\n\t<\/div>\n\t<div id=\"ataccordion0_1\" class=\"panel-collapse collapse\">\n\t\t<div class=\"panel-body accordion__item__content\">\n<div class=\"ml-embedded\" data-form=\"008XTj\"><\/div>\n<\/div>\n\t<\/div>\n<\/div>[\/vc_column_text][\/vc_column][\/vc_row]<\/p>\n<\/div>","protected":false},"excerpt":{"rendered":"<p>Descripci\u00f3n del M\/Y Tip Top III Crucero Gal\u00e1pagos: El M\/Y Tip Top III Crucero Gal\u00e1pagos es un yate a motor de primera clase con una impecable construcci\u00f3n con los m\u00e1s altos est\u00e1ndares de calidad. La mejor opci\u00f3n para viajeros que desean viajar por las Islas Gal\u00e1pagos con comodidad y elegancia. Caracter\u00edsticas principales El M\/Y The<\/p>\n<div class=\"padding-top text-center\"><a href=\"https:\/\/naturegalapagos.com\/es\/cruceros-galapagos\/yate-tip-top-iii-primera-clase-crucero-galapagos\/\" class=\"atbtn atbtn--medium atbtn--rounded atbtn--transparent\">Leer m\u00e1s<i class=\"atbtn__icon atbtn__icon--right fa fa-long-arrow-right\"><\/i><\/a><\/div>\n","protected":false},"featured_media":7306,"comment_status":"open","ping_status":"closed","template":"","meta":{"_joinchat":[]},"product_brand":[],"product_cat":[3599],"product_tag":[],"class_list":{"0":"post-1438","1":"product","2":"type-product","3":"status-publish","4":"has-post-thumbnail","6":"product_cat-sin-categoria","7":"tour_category-crucero-primera-clase","9":"first","10":"instock","11":"taxable","12":"shipping-taxable","13":"product-type-tour"},"yoast_head":"<!-- This site is optimized with the Yoast SEO Premium plugin v25.6 (Yoast SEO v26.1.1) - https:\/\/yoast.com\/wordpress\/plugins\/seo\/ -->\n<title>M\/Y Tip Top III Crucero Gal\u00e1pagos | Yate Primera Clase<\/title>\n<meta name=\"description\" content=\"M\/Y Tip Top III Crucero Gal\u00e1pagos . La mejor opci\u00f3n para viajeros que desean viajar por las Islas Gal\u00e1pagos con comodidad y elegancia.\" \/>\n<meta name=\"robots\" content=\"index, follow, max-snippet:-1, max-image-preview:large, max-video-preview:-1\" \/>\n<link rel=\"canonical\" href=\"https:\/\/naturegalapagos.com\/es\/cruceros-galapagos\/yate-tip-top-iii-primera-clase-crucero-galapagos\/\" \/>\n<meta property=\"og:locale\" content=\"es_ES\" \/>\n<meta property=\"og:type\" content=\"article\" \/>\n<meta property=\"og:title\" content=\"M\/Y Tip Top III Crucero Gal\u00e1pagos\" \/>\n<meta property=\"og:description\" content=\"M\/Y Tip Top III Crucero Gal\u00e1pagos . La mejor opci\u00f3n para viajeros que desean viajar por las Islas Gal\u00e1pagos con comodidad y elegancia.\" \/>\n<meta property=\"og:url\" content=\"https:\/\/naturegalapagos.com\/es\/cruceros-galapagos\/yate-tip-top-iii-primera-clase-crucero-galapagos\/\" \/>\n<meta property=\"og:site_name\" content=\"Espa\u00f1ol - Nature Galapagos &amp; Ecuador\" \/>\n<meta property=\"article:publisher\" content=\"https:\/\/www.facebook.com\/naturegalapagosecuador\/\" \/>\n<meta property=\"article:modified_time\" content=\"2024-12-31T16:25:18+00:00\" \/>\n<meta property=\"og:image\" content=\"https:\/\/naturegalapagos.com\/es\/wp-content\/uploads\/sites\/3\/2024\/12\/Banner-en-el-crucero-Tip-Top-III-Galapagos.webp\" \/>\n\t<meta property=\"og:image:width\" content=\"857\" \/>\n\t<meta property=\"og:image:height\" content=\"572\" \/>\n\t<meta property=\"og:image:type\" content=\"image\/webp\" \/>\n<meta name=\"twitter:card\" content=\"summary_large_image\" \/>\n<meta name=\"twitter:site\" content=\"@naturegalapagos\" \/>\n<meta name=\"twitter:label1\" content=\"Tiempo de lectura\" \/>\n\t<meta name=\"twitter:data1\" content=\"2 minutos\" \/>\n<!-- \/ Yoast SEO Premium plugin. -->","yoast_head_json":{"title":"M\/Y Tip Top III Crucero Gal\u00e1pagos | Yate Primera Clase","description":"M\/Y Tip Top III Crucero Gal\u00e1pagos . La mejor opci\u00f3n para viajeros que desean viajar por las Islas Gal\u00e1pagos con comodidad y elegancia.","robots":{"index":"index","follow":"follow","max-snippet":"max-snippet:-1","max-image-preview":"max-image-preview:large","max-video-preview":"max-video-preview:-1"},"canonical":"https:\/\/naturegalapagos.com\/es\/cruceros-galapagos\/yate-tip-top-iii-primera-clase-crucero-galapagos\/","og_locale":"es_ES","og_type":"article","og_title":"M\/Y Tip Top III Crucero Gal\u00e1pagos","og_description":"M\/Y Tip Top III Crucero Gal\u00e1pagos . La mejor opci\u00f3n para viajeros que desean viajar por las Islas Gal\u00e1pagos con comodidad y elegancia.","og_url":"https:\/\/naturegalapagos.com\/es\/cruceros-galapagos\/yate-tip-top-iii-primera-clase-crucero-galapagos\/","og_site_name":"Espa\u00f1ol - Nature Galapagos &amp; Ecuador","article_publisher":"https:\/\/www.facebook.com\/naturegalapagosecuador\/","article_modified_time":"2024-12-31T16:25:18+00:00","og_image":[{"width":857,"height":572,"url":"https:\/\/naturegalapagos.com\/es\/wp-content\/uploads\/sites\/3\/2024\/12\/Banner-en-el-crucero-Tip-Top-III-Galapagos.webp","type":"image\/webp"}],"twitter_card":"summary_large_image","twitter_site":"@naturegalapagos","twitter_misc":{"Tiempo de lectura":"2 minutos"},"schema":{"@context":"https:\/\/schema.org","@graph":[{"@type":"WebPage","@id":"https:\/\/naturegalapagos.com\/es\/cruceros-galapagos\/yate-tip-top-iii-primera-clase-crucero-galapagos\/","url":"https:\/\/naturegalapagos.com\/es\/cruceros-galapagos\/yate-tip-top-iii-primera-clase-crucero-galapagos\/","name":"M\/Y Tip Top III Crucero Gal\u00e1pagos | Yate Primera Clase","isPartOf":{"@id":"https:\/\/naturegalapagos.com\/es\/#website"},"primaryImageOfPage":{"@id":"https:\/\/naturegalapagos.com\/es\/cruceros-galapagos\/yate-tip-top-iii-primera-clase-crucero-galapagos\/#primaryimage"},"image":{"@id":"https:\/\/naturegalapagos.com\/es\/cruceros-galapagos\/yate-tip-top-iii-primera-clase-crucero-galapagos\/#primaryimage"},"thumbnailUrl":"https:\/\/naturegalapagos.com\/es\/wp-content\/uploads\/sites\/3\/2024\/12\/Banner-en-el-crucero-Tip-Top-III-Galapagos.webp","datePublished":"2024-12-31T16:24:01+00:00","dateModified":"2024-12-31T16:25:18+00:00","description":"M\/Y Tip Top III Crucero Gal\u00e1pagos . La mejor opci\u00f3n para viajeros que desean viajar por las Islas Gal\u00e1pagos con comodidad y elegancia.","breadcrumb":{"@id":"https:\/\/naturegalapagos.com\/es\/cruceros-galapagos\/yate-tip-top-iii-primera-clase-crucero-galapagos\/#breadcrumb"},"inLanguage":"es","potentialAction":[{"@type":"ReadAction","target":["https:\/\/naturegalapagos.com\/es\/cruceros-galapagos\/yate-tip-top-iii-primera-clase-crucero-galapagos\/"]}]},{"@type":"ImageObject","inLanguage":"es","@id":"https:\/\/naturegalapagos.com\/es\/cruceros-galapagos\/yate-tip-top-iii-primera-clase-crucero-galapagos\/#primaryimage","url":"https:\/\/naturegalapagos.com\/es\/wp-content\/uploads\/sites\/3\/2024\/12\/Banner-en-el-crucero-Tip-Top-III-Galapagos.webp","contentUrl":"https:\/\/naturegalapagos.com\/es\/wp-content\/uploads\/sites\/3\/2024\/12\/Banner-en-el-crucero-Tip-Top-III-Galapagos.webp","width":857,"height":572,"caption":"Banner en el crucero Tip Top III Gal\u00e1pagos"},{"@type":"BreadcrumbList","@id":"https:\/\/naturegalapagos.com\/es\/cruceros-galapagos\/yate-tip-top-iii-primera-clase-crucero-galapagos\/#breadcrumb","itemListElement":[{"@type":"ListItem","position":1,"name":"Home","item":"https:\/\/naturegalapagos.com\/es\/"},{"@type":"ListItem","position":2,"name":"Tienda","item":"https:\/\/naturegalapagos.com\/es\/tienda\/"},{"@type":"ListItem","position":3,"name":"M\/Y Tip Top III Crucero Gal\u00e1pagos"}]},{"@type":"WebSite","@id":"https:\/\/naturegalapagos.com\/es\/#website","url":"https:\/\/naturegalapagos.com\/es\/","name":"Espa\u00f1ol - Nature Galapagos & Ecuador","description":"","publisher":{"@id":"https:\/\/naturegalapagos.com\/es\/#organization"},"potentialAction":[{"@type":"SearchAction","target":{"@type":"EntryPoint","urlTemplate":"https:\/\/naturegalapagos.com\/es\/?s={search_term_string}"},"query-input":{"@type":"PropertyValueSpecification","valueRequired":true,"valueName":"search_term_string"}}],"inLanguage":"es"},{"@type":"Organization","@id":"https:\/\/naturegalapagos.com\/es\/#organization","name":"Espa\u00f1ol - Nature Galapagos & Ecuador","url":"https:\/\/naturegalapagos.com\/es\/","logo":{"@type":"ImageObject","inLanguage":"es","@id":"https:\/\/naturegalapagos.com\/es\/#\/schema\/logo\/image\/","url":"https:\/\/naturegalapagos.com\/es\/wp-content\/uploads\/sites\/3\/2016\/10\/Nature-Galapagos-Logo-COM-300x300.jpg","contentUrl":"https:\/\/naturegalapagos.com\/es\/wp-content\/uploads\/sites\/3\/2016\/10\/Nature-Galapagos-Logo-COM-300x300.jpg","width":300,"height":300,"caption":"Espa\u00f1ol - Nature Galapagos & Ecuador"},"image":{"@id":"https:\/\/naturegalapagos.com\/es\/#\/schema\/logo\/image\/"},"sameAs":["https:\/\/www.facebook.com\/naturegalapagosecuador\/","https:\/\/x.com\/naturegalapagos","https:\/\/www.instagram.com\/naturegalapagos\/","https:\/\/www.pinterest.com\/Naturegalapagos\/","https:\/\/www.youtube.com\/user\/NatureGalapagosTours"]}]}},"_links":{"self":[{"href":"https:\/\/naturegalapagos.com\/es\/wp-json\/wp\/v2\/product\/1438","targetHints":{"allow":["GET"]}}],"collection":[{"href":"https:\/\/naturegalapagos.com\/es\/wp-json\/wp\/v2\/product"}],"about":[{"href":"https:\/\/naturegalapagos.com\/es\/wp-json\/wp\/v2\/types\/product"}],"replies":[{"embeddable":true,"href":"https:\/\/naturegalapagos.com\/es\/wp-json\/wp\/v2\/comments?post=1438"}],"wp:featuredmedia":[{"embeddable":true,"href":"https:\/\/naturegalapagos.com\/es\/wp-json\/wp\/v2\/media\/7306"}],"wp:attachment":[{"href":"https:\/\/naturegalapagos.com\/es\/wp-json\/wp\/v2\/media?parent=1438"}],"wp:term":[{"taxonomy":"product_brand","embeddable":true,"href":"https:\/\/naturegalapagos.com\/es\/wp-json\/wp\/v2\/product_brand?post=1438"},{"taxonomy":"product_cat","embeddable":true,"href":"https:\/\/naturegalapagos.com\/es\/wp-json\/wp\/v2\/product_cat?post=1438"},{"taxonomy":"product_tag","embeddable":true,"href":"https:\/\/naturegalapagos.com\/es\/wp-json\/wp\/v2\/product_tag?post=1438"}],"curies":[{"name":"wp","href":"https:\/\/api.w.org\/{rel}","templated":true}]}}