{"id":1473,"date":"2025-01-18T03:16:32","date_gmt":"2025-01-18T08:16:32","guid":{"rendered":"http:\/\/naturegalapagos.com\/es\/cruceros-galapagos\/catamaran-millennium-primera-clase"},"modified":"2025-04-18T12:12:49","modified_gmt":"2025-04-18T16:12:49","slug":"cruceros-galapagoscatamaran-seaman-ii-primera-clase","status":"publish","type":"product","link":"https:\/\/naturegalapagos.com\/es\/cruceros-galapagos\/catamaran-seaman-ii-primera-clase\/","title":{"rendered":"M\/C Seaman Journey Crucero Gal\u00e1pagos"},"content":{"rendered":"<div class=\"wpb-content-wrapper\"><p>[vc_row][vc_column][vc_column_text]<\/p>\n<div style=\"display: flex; justify-content: end; margin-bottom: 10px;\"><span style=\"font-family: arial, helvetica, sans-serif;\"><a href=\"https:\/\/naturegalapagos.com\/es\/ofertas-de-viajes\/\" target=\"_blank\" rel=\"noopener\"><img decoding=\"async\" src=\"https:\/\/naturegalapagos.com\/es\/wp-content\/uploads\/sites\/3\/2019\/11\/las-minute-deals-gif_Final_espa\u00f1ol.gif\" width=\"227.5\" height=\"77.25\" \/><\/a><\/span><\/div>\n<h2><span style=\"font-family: arial, helvetica, sans-serif;\"><strong>D<\/strong><strong>escripci\u00f3n del M\/C Seaman Journey Crucero Gal\u00e1pagos<\/strong><strong>:<\/strong><\/span><\/h2>\n<p style=\"text-align: justify;\"><span style=\"font-family: arial, helvetica, sans-serif;\">El M\/C <strong>Seaman Journey Crucero Gal\u00e1pagos<\/strong> cuenta con 9 grandes, hermosas y c\u00f3modas cabinas dobles con vistas al exterior, ba\u00f1o privado, agua caliente, armario, c\u00f3moda sala comedor, dos bares y un sal\u00f3n. As\u00ed mismo dispone de una biblioteca, aire acondicionado en cada cabina, TV, DVD, equipo de m\u00fasica, primeros auxilios, m\u00e1quina de hielo, purificador de agua, cubierta de observaci\u00f3n y amplia terraza con sillas para dormir y relajarse.<\/span><\/p>\n<p style=\"text-align: justify;\"><span style=\"font-family: arial, helvetica, sans-serif;\">Adem\u00e1s, posee cabinas con vista al mar, la estupenda estabilidad de este catamar\u00e1n lo hace muy solicitado para evitar el mareo. El servicio a bordo hace de su estad\u00eda lo mas placentera mientras recorre las islas.<\/span><\/p>\n<p><span style=\"font-family: arial, helvetica, sans-serif;\"><!--more--><\/span><\/p>\n<h3><span style=\"font-family: arial, helvetica, sans-serif; font-size: 20px;\"><strong>Principales caracter\u00edsticas<\/strong><\/span><\/h3>\n<ul>\n<li><span style=\"font-family: arial, helvetica, sans-serif;\">El M\/C Seaman Journey Crucero Gal\u00e1pagos es un <strong>catamar\u00e1n de primera clase<\/strong><\/span><\/li>\n<li><span style=\"font-family: arial, helvetica, sans-serif;\">Comodidad superior, tama\u00f1o, estilo y estabilidad<\/span><\/li>\n<li><span style=\"font-family: arial, helvetica, sans-serif;\">Su capacidad de 16 pasajeros permite tanto la intimidad como la camarader\u00eda.<\/span><\/li>\n<li><span style=\"font-family: arial, helvetica, sans-serif;\">Varias \u00e1reas de descanso para relajarse con amplias terrazas, bar y salones<\/span><\/li>\n<li><span style=\"font-family: arial, helvetica, sans-serif;\">El &#8220;Rinc\u00f3n de libro&#8221; (mini-biblioteca a bordo) est\u00e1 siempre disponible con un par de libros sobre Gal\u00e1pagos<\/span><\/li>\n<\/ul>\n<table style=\"border-collapse: collapse; width: 100%; height: 480px;\">\n<thead>\n<tr style=\"height: 24px;\">\n<td style=\"width: 50%; text-align: center; height: 24px;\" colspan=\"2\"><span style=\"font-family: arial, helvetica, sans-serif;\"><strong>Especificaciones T\u00e9cnicas<\/strong><\/span><\/td>\n<\/tr>\n<\/thead>\n<tbody>\n<tr style=\"height: 24px;\">\n<td style=\"width: 50%; height: 24px;\"><span style=\"font-family: arial, helvetica, sans-serif;\">Tipo<\/span><\/td>\n<td style=\"width: 50%; height: 24px;\"><span style=\"font-family: arial, helvetica, sans-serif;\">Catamar\u00e1n a motor Sistema el\u00e9ctrico: 2x 50 kw<\/span><\/td>\n<\/tr>\n<tr style=\"height: 24px;\">\n<td style=\"width: 50%; height: 24px;\"><span style=\"font-family: arial, helvetica, sans-serif;\">Categor\u00eda IMO<\/span><\/td>\n<td style=\"width: 50%; height: 24px;\"><span style=\"font-family: arial, helvetica, sans-serif;\">Yate boutique naturalista Vida a bordo<\/span><\/td>\n<\/tr>\n<tr style=\"height: 24px;\">\n<td style=\"width: 50%; height: 24px;\"><span style=\"font-family: arial, helvetica, sans-serif;\">Energ\u00eda el\u00e9ctrica<\/span><\/td>\n<td style=\"width: 50%; height: 24px;\"><span style=\"font-family: arial, helvetica, sans-serif;\">110v y 220v AC\/DC<\/span><\/td>\n<\/tr>\n<tr style=\"height: 24px;\">\n<td style=\"width: 50%; height: 24px;\"><span style=\"font-family: arial, helvetica, sans-serif;\">Material de construcci\u00f3n<\/span><\/td>\n<td style=\"width: 50%; height: 24px;\"><span style=\"font-family: arial, helvetica, sans-serif;\">Fibra de vidrio<\/span><\/td>\n<\/tr>\n<tr style=\"height: 24px;\">\n<td style=\"width: 50%; height: 24px;\"><span style=\"font-family: arial, helvetica, sans-serif;\">Velocidad de crucero<\/span><\/td>\n<td style=\"width: 50%; height: 24px;\"><span style=\"font-family: arial, helvetica, sans-serif;\">10 nudos<\/span><\/td>\n<\/tr>\n<tr style=\"height: 24px;\">\n<td style=\"width: 50%; height: 24px;\"><span style=\"font-family: arial, helvetica, sans-serif;\">Longitud<\/span><\/td>\n<td style=\"width: 50%; height: 24px;\"><span style=\"font-family: arial, helvetica, sans-serif;\">90 pies (27,6 metros)<\/span><\/td>\n<\/tr>\n<tr style=\"height: 24px;\">\n<td style=\"width: 50%; height: 24px;\"><span style=\"font-family: arial, helvetica, sans-serif;\">Capacidad de agua<\/span><\/td>\n<td style=\"width: 50%; height: 24px;\"><span style=\"font-family: arial, helvetica, sans-serif;\">3000 galones<\/span><\/td>\n<\/tr>\n<tr style=\"height: 24px;\">\n<td style=\"width: 50%; height: 24px;\"><span style=\"font-family: arial, helvetica, sans-serif;\">Manga<\/span><\/td>\n<td style=\"width: 50%; height: 24px;\"><span style=\"font-family: arial, helvetica, sans-serif;\">36,08 pies (11 metros)<\/span><\/td>\n<\/tr>\n<tr style=\"height: 24px;\">\n<td style=\"width: 50%; height: 24px;\"><span style=\"font-family: arial, helvetica, sans-serif;\">Capacidad di\u00e9sel<\/span><\/td>\n<td style=\"width: 50%; height: 24px;\"><span style=\"font-family: arial, helvetica, sans-serif;\">2500 galones<\/span><\/td>\n<\/tr>\n<tr style=\"height: 24px;\">\n<td style=\"width: 50%; height: 24px;\"><span style=\"font-family: arial, helvetica, sans-serif;\">Calado<\/span><\/td>\n<td style=\"width: 50%; height: 24px;\"><span style=\"font-family: arial, helvetica, sans-serif;\">4,75 pies (1,45 metros)<\/span><\/td>\n<\/tr>\n<tr style=\"height: 24px;\">\n<td style=\"width: 50%; height: 24px;\"><span style=\"font-family: arial, helvetica, sans-serif;\">Pasajeros<\/span><\/td>\n<td style=\"width: 50%; height: 24px;\"><span style=\"font-family: arial, helvetica, sans-serif;\">m\u00e1ximo 16<\/span><\/td>\n<\/tr>\n<tr style=\"height: 24px;\">\n<td style=\"width: 50%; height: 24px;\"><span style=\"font-family: arial, helvetica, sans-serif;\">A\u00f1o de construcci\u00f3n<\/span><\/td>\n<td style=\"width: 50%; height: 24px;\"><span style=\"font-family: arial, helvetica, sans-serif;\">2007<\/span><\/td>\n<\/tr>\n<tr style=\"height: 24px;\">\n<td style=\"width: 50%; height: 24px;\"><span style=\"font-family: arial, helvetica, sans-serif;\">Tripulaci\u00f3n<\/span><\/td>\n<td style=\"width: 50%; height: 24px;\"><span style=\"font-family: arial, helvetica, sans-serif;\">9 miembros<\/span><\/td>\n<\/tr>\n<tr style=\"height: 24px;\">\n<td style=\"width: 50%; height: 24px;\"><span style=\"font-family: arial, helvetica, sans-serif;\">Motores principales<\/span><\/td>\n<td style=\"width: 50%; height: 24px;\"><span style=\"font-family: arial, helvetica, sans-serif;\">2x Cummins 350 hp en mi opini\u00f3n<\/span><\/td>\n<\/tr>\n<tr style=\"height: 24px;\">\n<td style=\"width: 50%; height: 24px;\"><span style=\"font-family: arial, helvetica, sans-serif;\">Buceo<\/span><\/td>\n<td style=\"width: 50%; height: 24px;\"><span style=\"font-family: arial, helvetica, sans-serif;\">Plataforma deportiva<\/span><\/td>\n<\/tr>\n<tr style=\"height: 24px;\">\n<td style=\"width: 50%; height: 24px;\"><span style=\"font-family: arial, helvetica, sans-serif;\">Equipamiento para la pr\u00e1ctica deportiva<\/span><\/td>\n<td style=\"width: 50%; height: 24px;\"><span style=\"font-family: arial, helvetica, sans-serif;\">Snorkel (uso gratuito del equipo) y kayak de mar<\/span><\/td>\n<\/tr>\n<\/tbody>\n<\/table>\n<p>&nbsp;<\/p>\n<h3><span style=\"font-family: arial, helvetica, sans-serif; font-size: 20px;\">Planos de cubierta<\/span><\/h3>\n<div id=\"gallery_1\" class=\"gallery\">\n<div class=\"row gallery__items\">\n\t\t\t\t\t<div class=\"col-sm-6 gallery__item-wrap\" data-filterid=\"\">\n\t\t\t<a href=\"https:\/\/naturegalapagos.com\/es\/wp-content\/uploads\/sites\/3\/2024\/01\/Main-deck.png\" class=\"swipebox gallery__item\" title=\"Cubierta Principal\">\n\t\t\t\t<img decoding=\"async\" width=\"720\" height=\"480\" src=\"https:\/\/naturegalapagos.com\/es\/wp-content\/uploads\/sites\/3\/2024\/01\/Main-deck-720x480.png\" class=\"attachment-thumb_gallery size-thumb_gallery\" alt=\"Cubierta Principal del Crucero Seaman Journey\" srcset=\"https:\/\/naturegalapagos.com\/es\/wp-content\/uploads\/sites\/3\/2024\/01\/Main-deck-720x480.png 720w, https:\/\/naturegalapagos.com\/es\/wp-content\/uploads\/sites\/3\/2024\/01\/Main-deck-531x354.png 531w, https:\/\/naturegalapagos.com\/es\/wp-content\/uploads\/sites\/3\/2024\/01\/Main-deck-180x120.png 180w\" sizes=\"(max-width: 720px) 100vw, 720px\" \/>\t\t\t\t<span class=\"gallery__item__info\">\n\t\t\t\t\t<span class=\"gallery__item__info__content\">\n\t\t\t\t\t\t<span class=\"gallery__item__title\">Cubierta Principal<\/span>\n\t\t\t\t\t\t\t\t\t\t<\/span>\n\t\t\t\t\t<span class=\"gallery__item__shadow\"><\/span>\n\t\t\t\t<\/span>\n\t\t\t<\/a>\n\t\t<\/div>\n\t\t\t\t\t<div class=\"col-sm-6 gallery__item-wrap\" data-filterid=\"\">\n\t\t\t<a href=\"https:\/\/naturegalapagos.com\/es\/wp-content\/uploads\/sites\/3\/2024\/01\/Lower-deck.png\" class=\"swipebox gallery__item\" title=\"Cubierta alta\">\n\t\t\t\t<img decoding=\"async\" width=\"720\" height=\"480\" src=\"https:\/\/naturegalapagos.com\/es\/wp-content\/uploads\/sites\/3\/2024\/01\/Lower-deck-720x480.png\" class=\"attachment-thumb_gallery size-thumb_gallery\" alt=\"Cubierta alta del Crucero Seaman Journey\" srcset=\"https:\/\/naturegalapagos.com\/es\/wp-content\/uploads\/sites\/3\/2024\/01\/Lower-deck-720x480.png 720w, https:\/\/naturegalapagos.com\/es\/wp-content\/uploads\/sites\/3\/2024\/01\/Lower-deck-531x354.png 531w, https:\/\/naturegalapagos.com\/es\/wp-content\/uploads\/sites\/3\/2024\/01\/Lower-deck-180x120.png 180w\" sizes=\"(max-width: 720px) 100vw, 720px\" \/>\t\t\t\t<span class=\"gallery__item__info\">\n\t\t\t\t\t<span class=\"gallery__item__info__content\">\n\t\t\t\t\t\t<span class=\"gallery__item__title\">Cubierta alta<\/span>\n\t\t\t\t\t\t\t\t\t\t<\/span>\n\t\t\t\t\t<span class=\"gallery__item__shadow\"><\/span>\n\t\t\t\t<\/span>\n\t\t\t<\/a>\n\t\t<\/div>\n\t<\/div>\n<\/div>\n<p>[\/vc_column_text][\/vc_column][\/vc_row][vc_row][vc_column el_class=&#8221;accocruise&#8221;][vc_column_text]\n<div class=\"panel panel-default accordion__item\">\n\t<div class=\"panel-heading accordion__item__title-wrap\">\n\t\t<h4 class=\"panel-title\">\n\t\t\t<a data-toggle=\"collapse\" data-parent=\"#ataccordion0\" href=\"#ataccordion0_1\" class=\"accordion__item__link collapsed\">Solicite m\u00e1s informaci\u00f3n<\/a>\n\t\t<\/h4>\n\t<\/div>\n\t<div id=\"ataccordion0_1\" class=\"panel-collapse collapse\">\n\t\t<div class=\"panel-body accordion__item__content\"><br \/>\n                <div class=\"ml-embedded\" data-form=\"c1Sw5T\"><\/div>\n<\/div>\n\t<\/div>\n<\/div>[\/vc_column_text][\/vc_column][\/vc_row]<\/p>\n<\/div>","protected":false},"excerpt":{"rendered":"<p>Vive la experiencia de lujo en el M\/C Seaman Journey: cabinas con vista al mar, terrazas para relajarse y una cubierta de observaci\u00f3n en las Islas Gal\u00e1pagos<\/p>\n","protected":false},"featured_media":2208,"comment_status":"open","ping_status":"closed","template":"","meta":{"_joinchat":[]},"product_brand":[],"product_cat":[3599],"product_tag":[],"class_list":{"0":"post-1473","1":"product","2":"type-product","3":"status-publish","4":"has-post-thumbnail","6":"product_cat-sin-categoria","7":"tour_category-crucero-primera-clase","9":"first","10":"instock","11":"taxable","12":"shipping-taxable","13":"product-type-tour"},"yoast_head":"<!-- This site is optimized with the Yoast SEO Premium plugin v25.6 (Yoast SEO v26.1.1) - https:\/\/yoast.com\/wordpress\/plugins\/seo\/ -->\n<title>M\/C Seaman Journey Crucero Gal\u00e1pagos | Primera Clase<\/title>\n<meta name=\"description\" content=\"Vive la experiencia de lujo en el M\/C Seaman Journey: cabinas con vista al mar, terrazas para relajarse y una cubierta de observaci\u00f3n en las Islas Gal\u00e1pagos\" \/>\n<meta name=\"robots\" content=\"index, follow, max-snippet:-1, max-image-preview:large, max-video-preview:-1\" \/>\n<link rel=\"canonical\" href=\"https:\/\/naturegalapagos.com\/es\/cruceros-galapagos\/catamaran-seaman-ii-primera-clase\/\" \/>\n<meta property=\"og:locale\" content=\"es_ES\" \/>\n<meta property=\"og:type\" content=\"article\" \/>\n<meta property=\"og:title\" content=\"M\/C Seaman Journey Crucero Gal\u00e1pagos | Catamar\u00e1n Primera Clase\" \/>\n<meta property=\"og:description\" content=\"M\/C Seaman Journey Crucero Gal\u00e1pagos cuenta con 9 grandes, hermosas y c\u00f3modas cabinas, una cubierta de observaci\u00f3n y terraza con sillas para dormir y relajarse.\" \/>\n<meta property=\"og:url\" content=\"https:\/\/naturegalapagos.com\/es\/cruceros-galapagos\/catamaran-seaman-ii-primera-clase\/\" \/>\n<meta property=\"og:site_name\" content=\"Espa\u00f1ol - Nature Galapagos &amp; Ecuador\" \/>\n<meta property=\"article:publisher\" content=\"https:\/\/www.facebook.com\/naturegalapagosecuador\/\" \/>\n<meta property=\"article:modified_time\" content=\"2025-04-18T16:12:49+00:00\" \/>\n<meta property=\"og:image\" content=\"https:\/\/naturegalapagos.com\/es\/wp-content\/uploads\/sites\/3\/2016\/06\/seaman-ii-crucero-galapagos.jpg\" \/>\n\t<meta property=\"og:image:width\" content=\"1024\" \/>\n\t<meta property=\"og:image:height\" content=\"512\" \/>\n\t<meta property=\"og:image:type\" content=\"image\/jpeg\" \/>\n<meta name=\"twitter:card\" content=\"summary_large_image\" \/>\n<meta name=\"twitter:title\" content=\"M\/C Seaman Journey Crucero Gal\u00e1pagos | Catamar\u00e1n Primera Clase\" \/>\n<meta name=\"twitter:description\" content=\"M\/C Seaman Journey Crucero Gal\u00e1pagos cuenta con 9 grandes, hermosas y c\u00f3modas cabinas, una cubierta de observaci\u00f3n y terraza con sillas para dormir y relajarse.\" \/>\n<meta name=\"twitter:site\" content=\"@naturegalapagos\" \/>\n<meta name=\"twitter:label1\" content=\"Tiempo de lectura\" \/>\n\t<meta name=\"twitter:data1\" content=\"2 minutos\" \/>\n<!-- \/ Yoast SEO Premium plugin. -->","yoast_head_json":{"title":"M\/C Seaman Journey Crucero Gal\u00e1pagos | Primera Clase","description":"Vive la experiencia de lujo en el M\/C Seaman Journey: cabinas con vista al mar, terrazas para relajarse y una cubierta de observaci\u00f3n en las Islas Gal\u00e1pagos","robots":{"index":"index","follow":"follow","max-snippet":"max-snippet:-1","max-image-preview":"max-image-preview:large","max-video-preview":"max-video-preview:-1"},"canonical":"https:\/\/naturegalapagos.com\/es\/cruceros-galapagos\/catamaran-seaman-ii-primera-clase\/","og_locale":"es_ES","og_type":"article","og_title":"M\/C Seaman Journey Crucero Gal\u00e1pagos | Catamar\u00e1n Primera Clase","og_description":"M\/C Seaman Journey Crucero Gal\u00e1pagos cuenta con 9 grandes, hermosas y c\u00f3modas cabinas, una cubierta de observaci\u00f3n y terraza con sillas para dormir y relajarse.","og_url":"https:\/\/naturegalapagos.com\/es\/cruceros-galapagos\/catamaran-seaman-ii-primera-clase\/","og_site_name":"Espa\u00f1ol - Nature Galapagos &amp; Ecuador","article_publisher":"https:\/\/www.facebook.com\/naturegalapagosecuador\/","article_modified_time":"2025-04-18T16:12:49+00:00","og_image":[{"width":1024,"height":512,"url":"https:\/\/naturegalapagos.com\/es\/wp-content\/uploads\/sites\/3\/2016\/06\/seaman-ii-crucero-galapagos.jpg","type":"image\/jpeg"}],"twitter_card":"summary_large_image","twitter_title":"M\/C Seaman Journey Crucero Gal\u00e1pagos | Catamar\u00e1n Primera Clase","twitter_description":"M\/C Seaman Journey Crucero Gal\u00e1pagos cuenta con 9 grandes, hermosas y c\u00f3modas cabinas, una cubierta de observaci\u00f3n y terraza con sillas para dormir y relajarse.","twitter_site":"@naturegalapagos","twitter_misc":{"Tiempo de lectura":"2 minutos"},"schema":{"@context":"https:\/\/schema.org","@graph":[{"@type":"WebPage","@id":"https:\/\/naturegalapagos.com\/es\/cruceros-galapagos\/catamaran-seaman-ii-primera-clase\/","url":"https:\/\/naturegalapagos.com\/es\/cruceros-galapagos\/catamaran-seaman-ii-primera-clase\/","name":"M\/C Seaman Journey Crucero Gal\u00e1pagos | Primera Clase","isPartOf":{"@id":"https:\/\/naturegalapagos.com\/es\/#website"},"primaryImageOfPage":{"@id":"https:\/\/naturegalapagos.com\/es\/cruceros-galapagos\/catamaran-seaman-ii-primera-clase\/#primaryimage"},"image":{"@id":"https:\/\/naturegalapagos.com\/es\/cruceros-galapagos\/catamaran-seaman-ii-primera-clase\/#primaryimage"},"thumbnailUrl":"https:\/\/naturegalapagos.com\/es\/wp-content\/uploads\/sites\/3\/2016\/06\/seaman-ii-crucero-galapagos.jpg","datePublished":"2025-01-18T08:16:32+00:00","dateModified":"2025-04-18T16:12:49+00:00","description":"Vive la experiencia de lujo en el M\/C Seaman Journey: cabinas con vista al mar, terrazas para relajarse y una cubierta de observaci\u00f3n en las Islas Gal\u00e1pagos","breadcrumb":{"@id":"https:\/\/naturegalapagos.com\/es\/cruceros-galapagos\/catamaran-seaman-ii-primera-clase\/#breadcrumb"},"inLanguage":"es","potentialAction":[{"@type":"ReadAction","target":["https:\/\/naturegalapagos.com\/es\/cruceros-galapagos\/catamaran-seaman-ii-primera-clase\/"]}]},{"@type":"ImageObject","inLanguage":"es","@id":"https:\/\/naturegalapagos.com\/es\/cruceros-galapagos\/catamaran-seaman-ii-primera-clase\/#primaryimage","url":"https:\/\/naturegalapagos.com\/es\/wp-content\/uploads\/sites\/3\/2016\/06\/seaman-ii-crucero-galapagos.jpg","contentUrl":"https:\/\/naturegalapagos.com\/es\/wp-content\/uploads\/sites\/3\/2016\/06\/seaman-ii-crucero-galapagos.jpg","width":1024,"height":512,"caption":"Seaman II Crucero Gal\u00e1pagos"},{"@type":"BreadcrumbList","@id":"https:\/\/naturegalapagos.com\/es\/cruceros-galapagos\/catamaran-seaman-ii-primera-clase\/#breadcrumb","itemListElement":[{"@type":"ListItem","position":1,"name":"Home","item":"https:\/\/naturegalapagos.com\/es\/"},{"@type":"ListItem","position":2,"name":"Tienda","item":"https:\/\/naturegalapagos.com\/es\/tienda\/"},{"@type":"ListItem","position":3,"name":"M\/C Seaman Journey Crucero Gal\u00e1pagos"}]},{"@type":"WebSite","@id":"https:\/\/naturegalapagos.com\/es\/#website","url":"https:\/\/naturegalapagos.com\/es\/","name":"Espa\u00f1ol - Nature Galapagos & Ecuador","description":"","publisher":{"@id":"https:\/\/naturegalapagos.com\/es\/#organization"},"potentialAction":[{"@type":"SearchAction","target":{"@type":"EntryPoint","urlTemplate":"https:\/\/naturegalapagos.com\/es\/?s={search_term_string}"},"query-input":{"@type":"PropertyValueSpecification","valueRequired":true,"valueName":"search_term_string"}}],"inLanguage":"es"},{"@type":"Organization","@id":"https:\/\/naturegalapagos.com\/es\/#organization","name":"Espa\u00f1ol - Nature Galapagos & Ecuador","url":"https:\/\/naturegalapagos.com\/es\/","logo":{"@type":"ImageObject","inLanguage":"es","@id":"https:\/\/naturegalapagos.com\/es\/#\/schema\/logo\/image\/","url":"https:\/\/naturegalapagos.com\/es\/wp-content\/uploads\/sites\/3\/2016\/10\/Nature-Galapagos-Logo-COM-300x300.jpg","contentUrl":"https:\/\/naturegalapagos.com\/es\/wp-content\/uploads\/sites\/3\/2016\/10\/Nature-Galapagos-Logo-COM-300x300.jpg","width":300,"height":300,"caption":"Espa\u00f1ol - Nature Galapagos & Ecuador"},"image":{"@id":"https:\/\/naturegalapagos.com\/es\/#\/schema\/logo\/image\/"},"sameAs":["https:\/\/www.facebook.com\/naturegalapagosecuador\/","https:\/\/x.com\/naturegalapagos","https:\/\/www.instagram.com\/naturegalapagos\/","https:\/\/www.pinterest.com\/Naturegalapagos\/","https:\/\/www.youtube.com\/user\/NatureGalapagosTours"]}]}},"_links":{"self":[{"href":"https:\/\/naturegalapagos.com\/es\/wp-json\/wp\/v2\/product\/1473","targetHints":{"allow":["GET"]}}],"collection":[{"href":"https:\/\/naturegalapagos.com\/es\/wp-json\/wp\/v2\/product"}],"about":[{"href":"https:\/\/naturegalapagos.com\/es\/wp-json\/wp\/v2\/types\/product"}],"replies":[{"embeddable":true,"href":"https:\/\/naturegalapagos.com\/es\/wp-json\/wp\/v2\/comments?post=1473"}],"wp:featuredmedia":[{"embeddable":true,"href":"https:\/\/naturegalapagos.com\/es\/wp-json\/wp\/v2\/media\/2208"}],"wp:attachment":[{"href":"https:\/\/naturegalapagos.com\/es\/wp-json\/wp\/v2\/media?parent=1473"}],"wp:term":[{"taxonomy":"product_brand","embeddable":true,"href":"https:\/\/naturegalapagos.com\/es\/wp-json\/wp\/v2\/product_brand?post=1473"},{"taxonomy":"product_cat","embeddable":true,"href":"https:\/\/naturegalapagos.com\/es\/wp-json\/wp\/v2\/product_cat?post=1473"},{"taxonomy":"product_tag","embeddable":true,"href":"https:\/\/naturegalapagos.com\/es\/wp-json\/wp\/v2\/product_tag?post=1473"}],"curies":[{"name":"wp","href":"https:\/\/api.w.org\/{rel}","templated":true}]}}