{"id":1486,"date":"2024-12-26T12:12:55","date_gmt":"2024-12-26T17:12:55","guid":{"rendered":"http:\/\/naturegalapagos.com\/es\/cruceros-galapagos\/catamaran-seaman-ii-primera-clase"},"modified":"2024-12-26T12:12:44","modified_gmt":"2024-12-26T17:12:44","slug":"cachalote-crucero-galapagos","status":"publish","type":"product","link":"https:\/\/naturegalapagos.com\/es\/cruceros-galapagos\/cachalote-crucero-galapagos\/","title":{"rendered":"M\/Y Cachalote Crucero Gal\u00e1pagos"},"content":{"rendered":"<div class=\"wpb-content-wrapper\"><div style=\"display: flex; justify-content: end; margin-bottom: 10px;\"><span style=\"font-family: arial, helvetica, sans-serif;\"><a href=\"https:\/\/naturegalapagos.com\/es\/ofertas-de-viajes\/\" target=\"_blank\" rel=\"noopener\"><img decoding=\"async\" src=\"https:\/\/naturegalapagos.com\/es\/wp-content\/uploads\/sites\/3\/2019\/11\/las-minute-deals-gif_Final_espa\u00f1ol.gif\" alt=\"Oferta de cruceros en Gal\u00e1pagos\" width=\"227.5\" height=\"77.25\" \/><\/a><\/span><\/div>\n<h2><span style=\"font-family: arial, helvetica, sans-serif;\"><strong>D<\/strong><strong>escripci\u00f3n del M\/Y Cachalote Crucero Gal\u00e1pagos<\/strong><strong>:<\/strong><\/span><\/h2>\n<p style=\"text-align: justify;\"><span style=\"font-family: arial, helvetica, sans-serif;\">Navegar a bordo del M\/Y Cachalote ofrece una experiencia \u00edntima y relajante. Disfrute del sol de Gal\u00e1pagos en cualquiera de sus 3 cubiertas o simplemente disfrutar de un libro con el viento en su cabello.<\/span><\/p>\n<h3><span style=\"font-family: arial, helvetica, sans-serif;\"><strong>Caracter\u00edsticas principales<\/strong><\/span><\/h3>\n<ul>\n<li style=\"text-align: justify;\"><span style=\"font-family: arial, helvetica, sans-serif;\">El M\/Y Cachalote Crucero Gal\u00e1pagos es un c\u00f3modo yate de primera clase<\/span><\/li>\n<li style=\"text-align: justify;\"><span style=\"font-family: arial, helvetica, sans-serif;\">Puede escoger ente dos itinerarios comprensibles: vuelta a las islas del oeste (favorita de los viajeros)<\/span><\/li>\n<li style=\"text-align: justify;\"><span style=\"font-family: arial, helvetica, sans-serif;\">El M\/Y Cachalote a ganado buenos comentarios y una gran popularidad entre los viajeros<\/span><\/li>\n<li style=\"text-align: justify;\"><span style=\"font-family: arial, helvetica, sans-serif;\">Premiado con el Certificado Smart Voyager por sus pr\u00e1cticas de conservaci\u00f3n ambiental<\/span><\/li>\n<li style=\"text-align: justify;\"><span style=\"font-family: arial, helvetica, sans-serif;\">Famoso por su sabrosa comida y gu\u00edas naturalistas expertos<\/span><\/li>\n<\/ul>\n<h3 style=\"text-align: justify;\"><span style=\"font-family: arial, helvetica, sans-serif;\"><strong>Comodidades:<\/strong><\/span><\/h3>\n<p style=\"text-align: justify;\"><span style=\"font-family: arial, helvetica, sans-serif;\">Un yate elegantemente decorado\u00a0 con todas las normas de seguridad de acuerdo a la reglamentaci\u00f3n internacional sobre seguridad mar\u00edtima. Cachalote I tiene capacidad para 16 pasajeros en sus 8 cabinas: literas superiores e inferiores y un camarote matrimonial; todas con ba\u00f1os privados con duchas de agua caliente, con aire acondicionado. Suficiente espacio en sus 3 cubiertas, con asientos y cojines para relajarse a la sombra o tomar el sol durante el crucero.<\/span><\/p>\n<p style=\"text-align: justify;\"><span style=\"font-family: arial, helvetica, sans-serif;\">Disfrute de este hermoso crucero por las Islas Gal\u00e1pagos, donde podr\u00eda encontrarse con algunas sorpresas: delfines, ballenas, buceo con lobos marinos, piqueros de patas azules, patas rojas, grandes \u2018globos\u2019 de color rojo en el cuello, disfrutar del paisaje, volcanes y admirar las coloridas playas. Venga, rel\u00e1jese con estilo a bordo de este yate.<\/span><\/p>\n<p style=\"text-align: justify;\"><span style=\"font-family: arial, helvetica, sans-serif;\">El M\/Y Cachalote Certificado Smart Voyager por sus pr\u00e1cticas de conservaci\u00f3n ambiental.<\/span><\/p>\n<table border=\"0\" cellspacing=\"0\" cellpadding=\"0\" align=\"center\">\n<tbody>\n<tr style=\"height: 24.8125px; background-color: #e6e6e6;\">\n<th style=\"height: 24.8125px; width: 1271px;\" colspan=\"2\" align=\"center\">\n<h4><span style=\"font-family: arial, helvetica, sans-serif;\"><strong><\/strong><strong>Especificaciones T\u00e9cnicas<\/strong><\/span><\/h4>\n<\/th>\n<\/tr>\n<tr style=\"height: 24px;\">\n<td style=\"height: 24px; width: 91px;\"><span style=\"font-family: arial, helvetica, sans-serif;\"><strong>Tipo:<\/strong><\/span><\/td>\n<td style=\"height: 24px; width: 1178px;\"><span style=\"font-family: arial, helvetica, sans-serif;\">\u00a0Motor Yacht<\/span><\/td>\n<\/tr>\n<tr style=\"height: 24px;\">\n<td style=\"height: 24px; width: 91px;\"><span style=\"font-family: arial, helvetica, sans-serif;\"><strong>Categor\u00eda:<\/strong><\/span><\/td>\n<td style=\"height: 24px; width: 1178px;\"><span style=\"font-family: arial, helvetica, sans-serif;\">\u00a0Primera Clase<\/span><\/td>\n<\/tr>\n<tr style=\"height: 24px;\">\n<td style=\"height: 24px; width: 91px;\"><span style=\"font-family: arial, helvetica, sans-serif;\"><strong>Capacity:<\/strong><\/span><\/td>\n<td style=\"height: 24px; width: 1178px;\"><span style=\"font-family: arial, helvetica, sans-serif;\">\u00a016 pasajeros<\/span><\/td>\n<\/tr>\n<tr style=\"height: 24px;\">\n<td style=\"height: 24px; width: 91px;\"><span style=\"font-family: arial, helvetica, sans-serif;\"><strong>Longitud<\/strong>:<\/span><\/td>\n<td style=\"height: 24px; width: 1178px;\"><span style=\"font-family: arial, helvetica, sans-serif;\">\u00a096 pies<\/span><\/td>\n<\/tr>\n<tr style=\"height: 24px;\">\n<td style=\"height: 24px; width: 91px;\"><span style=\"font-family: arial, helvetica, sans-serif;\"><strong>LOD:<\/strong><\/span><\/td>\n<td style=\"height: 24px; width: 1178px;\"><span style=\"font-family: arial, helvetica, sans-serif;\">\u00a086 pies 6 pul<\/span><\/td>\n<\/tr>\n<tr style=\"height: 24px;\">\n<td style=\"height: 24px; width: 91px;\"><span style=\"font-family: arial, helvetica, sans-serif;\"><strong>Haz:<\/strong><\/span><\/td>\n<td style=\"height: 24px; width: 1178px;\"><span style=\"font-family: arial, helvetica, sans-serif;\">\u00a018 pies 6 pul<\/span><\/td>\n<\/tr>\n<tr style=\"height: 24px;\">\n<td style=\"height: 24px; width: 91px;\"><span style=\"font-family: arial, helvetica, sans-serif;\"><strong>Velocidad:<\/strong><\/span><\/td>\n<td style=\"height: 24px; width: 1178px;\"><span style=\"font-family: arial, helvetica, sans-serif;\">\u00a08 nudos al navegar<\/span><\/td>\n<\/tr>\n<tr style=\"height: 24px;\">\n<td style=\"height: 24px; width: 91px;\"><span style=\"font-family: arial, helvetica, sans-serif;\"><strong>Tripulaci\u00f3n:<\/strong><\/span><\/td>\n<td style=\"height: 24px; width: 1178px;\"><span style=\"font-family: arial, helvetica, sans-serif;\">\u00a0Capit\u00e1n, gu\u00eda naturalista pluriling\u00fce, cocinero y 3 marineros<\/span><\/td>\n<\/tr>\n<tr style=\"height: 48px;\">\n<td style=\"height: 48px; width: 91px;\"><span style=\"font-family: arial, helvetica, sans-serif;\"><strong>Equipo:<\/strong><\/span><\/td>\n<td style=\"height: 48px; width: 1178px;\"><span style=\"font-family: arial, helvetica, sans-serif;\">\u00a0Consta con todo el equipo electr\u00f3nico de seguridad, botes con motores exteriores, balsas salvavidas, congelador, refrigerador, desalinizador, TV, reproductor de DVD<\/span><\/td>\n<\/tr>\n<\/tbody>\n<\/table>\n<p>[vc_row][vc_column el_class=&#8221;accocruise&#8221;][vc_column_text css=&#8221;&#8221;]<br \/>\n\n<div class=\"panel panel-default accordion__item\">\n\t<div class=\"panel-heading accordion__item__title-wrap\">\n\t\t<h4 class=\"panel-title\">\n\t\t\t<a data-toggle=\"collapse\" data-parent=\"#ataccordion0\" href=\"#ataccordion0_1\" class=\"accordion__item__link collapsed\">INQUIRE MORE HERE<\/a>\n\t\t<\/h4>\n\t<\/div>\n\t<div id=\"ataccordion0_1\" class=\"panel-collapse collapse\">\n\t\t<div class=\"panel-body accordion__item__content\">\n<div class=\"ml-embedded\" data-form=\"P52A2u\"><\/div>\n<\/div>\n\t<\/div>\n<\/div>[\/vc_column_text][\/vc_column][\/vc_row]<\/p>\n<\/div>","protected":false},"excerpt":{"rendered":"<p>Descripci\u00f3n del M\/Y Cachalote Crucero Gal\u00e1pagos: Navegar a bordo del M\/Y Cachalote ofrece una experiencia \u00edntima y relajante. Disfrute del sol de Gal\u00e1pagos en cualquiera de sus 3 cubiertas o simplemente disfrutar de un libro con el viento en su cabello. Caracter\u00edsticas principales El M\/Y Cachalote Crucero Gal\u00e1pagos es un c\u00f3modo yate de primera clase<\/p>\n<div class=\"padding-top text-center\"><a href=\"https:\/\/naturegalapagos.com\/es\/cruceros-galapagos\/cachalote-crucero-galapagos\/\" class=\"atbtn atbtn--medium atbtn--rounded atbtn--transparent\">Leer m\u00e1s<i class=\"atbtn__icon atbtn__icon--right fa fa-long-arrow-right\"><\/i><\/a><\/div>\n","protected":false},"featured_media":4737,"comment_status":"open","ping_status":"closed","template":"","meta":{"_joinchat":[]},"product_brand":[],"product_cat":[3599],"product_tag":[],"class_list":{"0":"post-1486","1":"product","2":"type-product","3":"status-publish","4":"has-post-thumbnail","6":"product_cat-sin-categoria","7":"tour_category-crucero-primera-clase","9":"first","10":"instock","11":"taxable","12":"shipping-taxable","13":"product-type-tour"},"yoast_head":"<!-- This site is optimized with the Yoast SEO Premium plugin v25.6 (Yoast SEO v26.1.1) - https:\/\/yoast.com\/wordpress\/plugins\/seo\/ -->\n<title>M\/Y Cachalote Crucero Gal\u00e1pagos | Yate Primera Clase<\/title>\n<meta name=\"description\" content=\"M\/Y Cachalote Crucero Gal\u00e1pagos ofrece una experiencia \u00edntima y relajante. Disfrute del sol de Gal\u00e1pagos la fauna y flora en cualquiera de sus 3 cubiertas\" \/>\n<meta name=\"robots\" content=\"index, follow, max-snippet:-1, max-image-preview:large, max-video-preview:-1\" \/>\n<link rel=\"canonical\" href=\"https:\/\/naturegalapagos.com\/es\/cruceros-galapagos\/cachalote-crucero-galapagos\/\" \/>\n<meta property=\"og:locale\" content=\"es_ES\" \/>\n<meta property=\"og:type\" content=\"article\" \/>\n<meta property=\"og:title\" content=\"M\/Y Cachalote Crucero Gal\u00e1pagos | Yate Primera Clase\" \/>\n<meta property=\"og:description\" content=\"M\/Y Cachalote Crucero Gal\u00e1pagos ofrece una experiencia \u00edntima y relajante. Disfrute del sol de Gal\u00e1pagos la fauna y flora en cualquiera de sus 3 cubiertas\" \/>\n<meta property=\"og:url\" content=\"https:\/\/naturegalapagos.com\/es\/cruceros-galapagos\/cachalote-crucero-galapagos\/\" \/>\n<meta property=\"og:site_name\" content=\"Espa\u00f1ol - Nature Galapagos &amp; Ecuador\" \/>\n<meta property=\"article:publisher\" content=\"https:\/\/www.facebook.com\/naturegalapagosecuador\/\" \/>\n<meta property=\"og:image\" content=\"https:\/\/naturegalapagos.com\/es\/wp-content\/uploads\/sites\/3\/2015\/01\/Cachalote-Crucero-Galapagos-vista-lateral.jpg\" \/>\n\t<meta property=\"og:image:width\" content=\"1024\" \/>\n\t<meta property=\"og:image:height\" content=\"512\" \/>\n\t<meta property=\"og:image:type\" content=\"image\/jpeg\" \/>\n<meta name=\"twitter:card\" content=\"summary_large_image\" \/>\n<meta name=\"twitter:title\" content=\"M\/Y Cachalote Crucero Gal\u00e1pagos | Yate Primera Clase\" \/>\n<meta name=\"twitter:description\" content=\"M\/Y Cachalote Crucero Gal\u00e1pagos ofrece una experiencia \u00edntima y relajante. Disfrute del sol de Gal\u00e1pagos la fauna y flora en cualquiera de sus 3 cubiertas\" \/>\n<meta name=\"twitter:site\" content=\"@naturegalapagos\" \/>\n<meta name=\"twitter:label1\" content=\"Tiempo de lectura\" \/>\n\t<meta name=\"twitter:data1\" content=\"2 minutos\" \/>\n<!-- \/ Yoast SEO Premium plugin. -->","yoast_head_json":{"title":"M\/Y Cachalote Crucero Gal\u00e1pagos | Yate Primera Clase","description":"M\/Y Cachalote Crucero Gal\u00e1pagos ofrece una experiencia \u00edntima y relajante. Disfrute del sol de Gal\u00e1pagos la fauna y flora en cualquiera de sus 3 cubiertas","robots":{"index":"index","follow":"follow","max-snippet":"max-snippet:-1","max-image-preview":"max-image-preview:large","max-video-preview":"max-video-preview:-1"},"canonical":"https:\/\/naturegalapagos.com\/es\/cruceros-galapagos\/cachalote-crucero-galapagos\/","og_locale":"es_ES","og_type":"article","og_title":"M\/Y Cachalote Crucero Gal\u00e1pagos | Yate Primera Clase","og_description":"M\/Y Cachalote Crucero Gal\u00e1pagos ofrece una experiencia \u00edntima y relajante. Disfrute del sol de Gal\u00e1pagos la fauna y flora en cualquiera de sus 3 cubiertas","og_url":"https:\/\/naturegalapagos.com\/es\/cruceros-galapagos\/cachalote-crucero-galapagos\/","og_site_name":"Espa\u00f1ol - Nature Galapagos &amp; Ecuador","article_publisher":"https:\/\/www.facebook.com\/naturegalapagosecuador\/","og_image":[{"width":1024,"height":512,"url":"https:\/\/naturegalapagos.com\/es\/wp-content\/uploads\/sites\/3\/2015\/01\/Cachalote-Crucero-Galapagos-vista-lateral.jpg","type":"image\/jpeg"}],"twitter_card":"summary_large_image","twitter_title":"M\/Y Cachalote Crucero Gal\u00e1pagos | Yate Primera Clase","twitter_description":"M\/Y Cachalote Crucero Gal\u00e1pagos ofrece una experiencia \u00edntima y relajante. Disfrute del sol de Gal\u00e1pagos la fauna y flora en cualquiera de sus 3 cubiertas","twitter_site":"@naturegalapagos","twitter_misc":{"Tiempo de lectura":"2 minutos"},"schema":{"@context":"https:\/\/schema.org","@graph":[{"@type":"WebPage","@id":"https:\/\/naturegalapagos.com\/es\/cruceros-galapagos\/cachalote-crucero-galapagos\/","url":"https:\/\/naturegalapagos.com\/es\/cruceros-galapagos\/cachalote-crucero-galapagos\/","name":"M\/Y Cachalote Crucero Gal\u00e1pagos | Yate Primera Clase","isPartOf":{"@id":"https:\/\/naturegalapagos.com\/es\/#website"},"primaryImageOfPage":{"@id":"https:\/\/naturegalapagos.com\/es\/cruceros-galapagos\/cachalote-crucero-galapagos\/#primaryimage"},"image":{"@id":"https:\/\/naturegalapagos.com\/es\/cruceros-galapagos\/cachalote-crucero-galapagos\/#primaryimage"},"thumbnailUrl":"https:\/\/naturegalapagos.com\/es\/wp-content\/uploads\/sites\/3\/2015\/01\/Cachalote-Crucero-Galapagos-vista-lateral.jpg","datePublished":"2024-12-26T17:12:55+00:00","description":"M\/Y Cachalote Crucero Gal\u00e1pagos ofrece una experiencia \u00edntima y relajante. Disfrute del sol de Gal\u00e1pagos la fauna y flora en cualquiera de sus 3 cubiertas","breadcrumb":{"@id":"https:\/\/naturegalapagos.com\/es\/cruceros-galapagos\/cachalote-crucero-galapagos\/#breadcrumb"},"inLanguage":"es","potentialAction":[{"@type":"ReadAction","target":["https:\/\/naturegalapagos.com\/es\/cruceros-galapagos\/cachalote-crucero-galapagos\/"]}]},{"@type":"ImageObject","inLanguage":"es","@id":"https:\/\/naturegalapagos.com\/es\/cruceros-galapagos\/cachalote-crucero-galapagos\/#primaryimage","url":"https:\/\/naturegalapagos.com\/es\/wp-content\/uploads\/sites\/3\/2015\/01\/Cachalote-Crucero-Galapagos-vista-lateral.jpg","contentUrl":"https:\/\/naturegalapagos.com\/es\/wp-content\/uploads\/sites\/3\/2015\/01\/Cachalote-Crucero-Galapagos-vista-lateral.jpg","width":1024,"height":512,"caption":"Cachalote Crucero Galapagos"},{"@type":"BreadcrumbList","@id":"https:\/\/naturegalapagos.com\/es\/cruceros-galapagos\/cachalote-crucero-galapagos\/#breadcrumb","itemListElement":[{"@type":"ListItem","position":1,"name":"Home","item":"https:\/\/naturegalapagos.com\/es\/"},{"@type":"ListItem","position":2,"name":"Tienda","item":"https:\/\/naturegalapagos.com\/es\/tienda\/"},{"@type":"ListItem","position":3,"name":"M\/Y Cachalote Crucero Gal\u00e1pagos"}]},{"@type":"WebSite","@id":"https:\/\/naturegalapagos.com\/es\/#website","url":"https:\/\/naturegalapagos.com\/es\/","name":"Espa\u00f1ol - Nature Galapagos & Ecuador","description":"","publisher":{"@id":"https:\/\/naturegalapagos.com\/es\/#organization"},"potentialAction":[{"@type":"SearchAction","target":{"@type":"EntryPoint","urlTemplate":"https:\/\/naturegalapagos.com\/es\/?s={search_term_string}"},"query-input":{"@type":"PropertyValueSpecification","valueRequired":true,"valueName":"search_term_string"}}],"inLanguage":"es"},{"@type":"Organization","@id":"https:\/\/naturegalapagos.com\/es\/#organization","name":"Espa\u00f1ol - Nature Galapagos & Ecuador","url":"https:\/\/naturegalapagos.com\/es\/","logo":{"@type":"ImageObject","inLanguage":"es","@id":"https:\/\/naturegalapagos.com\/es\/#\/schema\/logo\/image\/","url":"https:\/\/naturegalapagos.com\/es\/wp-content\/uploads\/sites\/3\/2016\/10\/Nature-Galapagos-Logo-COM-300x300.jpg","contentUrl":"https:\/\/naturegalapagos.com\/es\/wp-content\/uploads\/sites\/3\/2016\/10\/Nature-Galapagos-Logo-COM-300x300.jpg","width":300,"height":300,"caption":"Espa\u00f1ol - Nature Galapagos & Ecuador"},"image":{"@id":"https:\/\/naturegalapagos.com\/es\/#\/schema\/logo\/image\/"},"sameAs":["https:\/\/www.facebook.com\/naturegalapagosecuador\/","https:\/\/x.com\/naturegalapagos","https:\/\/www.instagram.com\/naturegalapagos\/","https:\/\/www.pinterest.com\/Naturegalapagos\/","https:\/\/www.youtube.com\/user\/NatureGalapagosTours"]}]}},"_links":{"self":[{"href":"https:\/\/naturegalapagos.com\/es\/wp-json\/wp\/v2\/product\/1486","targetHints":{"allow":["GET"]}}],"collection":[{"href":"https:\/\/naturegalapagos.com\/es\/wp-json\/wp\/v2\/product"}],"about":[{"href":"https:\/\/naturegalapagos.com\/es\/wp-json\/wp\/v2\/types\/product"}],"replies":[{"embeddable":true,"href":"https:\/\/naturegalapagos.com\/es\/wp-json\/wp\/v2\/comments?post=1486"}],"wp:featuredmedia":[{"embeddable":true,"href":"https:\/\/naturegalapagos.com\/es\/wp-json\/wp\/v2\/media\/4737"}],"wp:attachment":[{"href":"https:\/\/naturegalapagos.com\/es\/wp-json\/wp\/v2\/media?parent=1486"}],"wp:term":[{"taxonomy":"product_brand","embeddable":true,"href":"https:\/\/naturegalapagos.com\/es\/wp-json\/wp\/v2\/product_brand?post=1486"},{"taxonomy":"product_cat","embeddable":true,"href":"https:\/\/naturegalapagos.com\/es\/wp-json\/wp\/v2\/product_cat?post=1486"},{"taxonomy":"product_tag","embeddable":true,"href":"https:\/\/naturegalapagos.com\/es\/wp-json\/wp\/v2\/product_tag?post=1486"}],"curies":[{"name":"wp","href":"https:\/\/api.w.org\/{rel}","templated":true}]}}