{"id":1492,"date":"2024-12-26T12:05:49","date_gmt":"2024-12-26T17:05:49","guid":{"rendered":"http:\/\/naturegalapagos.com\/es\/cruceros-galapagos\/velero-beagle-primera-clase"},"modified":"2024-12-26T12:05:36","modified_gmt":"2024-12-26T17:05:36","slug":"mary-anne-crucero-galapagos","status":"publish","type":"product","link":"https:\/\/naturegalapagos.com\/es\/cruceros-galapagos\/velero-mary-anne-primera-clase\/","title":{"rendered":"M\/S Mary Anne Crucero Gal\u00e1pagos"},"content":{"rendered":"<div class=\"wpb-content-wrapper\"><div style=\"display: flex; justify-content: end; margin-bottom: 10px;\"><span style=\"font-family: arial, helvetica, sans-serif;\"><a href=\"https:\/\/naturegalapagos.com\/es\/ofertas-de-viajes\/\" target=\"_blank\" rel=\"noopener\"><img decoding=\"async\" src=\"https:\/\/naturegalapagos.com\/es\/wp-content\/uploads\/sites\/3\/2019\/11\/las-minute-deals-gif_Final_espa\u00f1ol.gif\" alt=\"Oferta de cruceros en Gal\u00e1pagos\" width=\"227.5\" height=\"77.25\" \/><\/a><\/span><\/div>\n<h2><span style=\"font-family: arial, helvetica, sans-serif;\"><strong>D<\/strong><strong>escripci\u00f3n del M\/S Mary Anne Crucero Gal\u00e1pagos<\/strong><strong>:<\/strong><\/span><\/h2>\n<p style=\"text-align: justify;\"><span style=\"font-family: arial, helvetica, sans-serif;\">El M\/S Mary Anne Crucero Gal\u00e1pagos es un velero genuino ideal para\u00a0los navegantes de coraz\u00f3n. Estrenado\u00a0en 1997 , este impresionante bergant\u00edn de tres palos combina la magia de navegar sobre el oc\u00e9ano a toda vela y el encanto de las Islas Gal\u00e1pagos.<\/span><\/p>\n<p style=\"text-align: justify;\"><span style=\"font-family: arial, helvetica, sans-serif;\">Tiene capacidad para 16 pasajero que puede relajarse en un lujoso sal\u00f3n , bar y comedor dise\u00f1ados con\u00a0paneles de madera. Sin embargo los pasajeros prefieren las extensas\u00a0\u00e1reas sociales\u00a0al aire libre como el comedor y sillas para tomar el sol . Una aventura navegable \u00fanica!<\/span><\/p>\n<p style=\"text-align: justify;\"><span style=\"font-family: arial, helvetica, sans-serif;\">El Mary Anne tiene\u00a0el Certificado SmartVoyager por\u00a0sus esfuerzos de \u00a0conservaci\u00f3n y responsabilidad ambiental y social.<\/span><\/p>\n<p style=\"text-align: justify;\"><span style=\"font-family: arial, helvetica, sans-serif;\">Los pasajeros se acomodan en 12 cabinas dobles confortables y amplias . Todas las cabinas tienen ba\u00f1o privado con agua caliente y todos est\u00e1n dise\u00f1ados con una litera inferior doble y una sola litera superior.<\/span><\/p>\n<h3><span style=\"font-family: arial, helvetica, sans-serif; font-size: 20px;\"><strong>Principales Caracter\u00edsticas<\/strong><\/span><\/h3>\n<ul>\n<li style=\"text-align: justify;\"><span style=\"font-family: arial, helvetica, sans-serif;\">El M\/S Mary Anne Crucero Gal\u00e1pagos es un velero de primera clase<\/span><\/li>\n<li style=\"text-align: justify;\"><span style=\"font-family: arial, helvetica, sans-serif;\">Uno de los veleros m\u00e1s elegantes de las Islas Gal\u00e1pagos.<\/span><\/li>\n<li style=\"text-align: justify;\"><span style=\"font-family: arial, helvetica, sans-serif;\">Actividades \u00fanicas a bordo: lecciones de navegaci\u00f3n, concurso de nudos n\u00e1uticos, navegaci\u00f3n por estrellas, clases de cocina.<\/span><\/li>\n<li style=\"text-align: justify;\"><span style=\"font-family: arial, helvetica, sans-serif;\">Consta de suficientes cabinas para viajeros solos sin acompa\u00f1ante.<\/span><\/li>\n<li style=\"text-align: justify;\"><span style=\"font-family: arial, helvetica, sans-serif;\">Itinerarios para cruceros de hasta 15 d\u00edas<\/span><\/li>\n<\/ul>\n<table border=\"0\" cellspacing=\"0\" cellpadding=\"0\" align=\"center\">\n<tbody>\n<tr style=\"height: 24px; background-color: #e6e6e6;\">\n<th style=\"height: 24px;\" colspan=\"2\" align=\"center\">\n<h4><span style=\"font-family: arial, helvetica, sans-serif;\">Especificaciones T\u00e9cnicas<\/span><\/h4>\n<\/th>\n<\/tr>\n<tr style=\"height: 24px;\">\n<td style=\"height: 24px;\"><span style=\"font-family: arial, helvetica, sans-serif;\"><strong>Tipo<\/strong><\/span><\/td>\n<td style=\"height: 24px;\"><span style=\"font-family: arial, helvetica, sans-serif;\">\u00a0Velero de Tres M\u00e1stiles &#8211; Primera Clase<\/span><\/td>\n<\/tr>\n<tr style=\"height: 24px;\">\n<td style=\"height: 24px;\"><span style=\"font-family: arial, helvetica, sans-serif;\"><strong>Largo<\/strong><\/span><\/td>\n<td style=\"height: 24px;\"><span style=\"font-family: arial, helvetica, sans-serif;\">\u00a066 m (216 pies)<\/span><\/td>\n<\/tr>\n<tr style=\"height: 24px;\">\n<td style=\"height: 24px;\"><span style=\"font-family: arial, helvetica, sans-serif;\"><strong>Manga<\/strong><\/span><\/td>\n<td style=\"height: 24px;\"><span style=\"font-family: arial, helvetica, sans-serif;\">\u00a08 m (26 pies)<\/span><\/td>\n<\/tr>\n<tr style=\"height: 24px;\">\n<td style=\"height: 24px;\"><span style=\"font-family: arial, helvetica, sans-serif;\"><strong>Calado<\/strong><\/span><\/td>\n<td style=\"height: 24px;\"><span style=\"font-family: arial, helvetica, sans-serif;\">\u00a0\u00a05.9 m (16.7 pies)<\/span><\/td>\n<\/tr>\n<tr style=\"height: 24px;\">\n<td style=\"height: 24px;\"><span style=\"font-family: arial, helvetica, sans-serif;\"><strong>Motores<\/strong><\/span><\/td>\n<td style=\"height: 24px;\"><span style=\"font-family: arial, helvetica, sans-serif;\">\u00a01 Motor Scania, 4 generadores<\/span><\/td>\n<\/tr>\n<tr style=\"height: 24px;\">\n<td style=\"height: 24px;\"><span style=\"font-family: arial, helvetica, sans-serif;\"><strong>Velocidad<\/strong><\/span><\/td>\n<td style=\"height: 24px;\"><span style=\"font-family: arial, helvetica, sans-serif;\">\u00a08\u00a0nudos m\u00e1x.<\/span><\/td>\n<\/tr>\n<tr style=\"height: 48px;\">\n<td style=\"height: 48px;\"><span style=\"font-family: arial, helvetica, sans-serif;\"><strong>Equipo de\u00a0Navegaci\u00f3n<\/strong><\/span><\/td>\n<td style=\"text-align: justify; height: 48px;\"><span style=\"font-family: arial, helvetica, sans-serif;\">Radio HF, Radio Marino VHF \/DSC, Piloto Autom\u00e1tico, Eco-sonar, Navegador Satelital GPS, Radar, Telex Na\u00fatico (NAVTEX), Sistema de Identificaci\u00f3n Autom\u00e1tico.<\/span><\/td>\n<\/tr>\n<tr style=\"height: 72px;\">\n<td style=\"height: 72px;\"><span style=\"font-family: arial, helvetica, sans-serif;\"><strong>Equipo de Seguridad<\/strong><\/span><\/td>\n<td style=\"text-align: justify; height: 72px;\"><span style=\"font-family: arial, helvetica, sans-serif;\">Dos botes salvavidas de 25 pasajeros y 2 de 20 pasajeros con equipos de seguridad regulados, Indicador de Posici\u00f3n Radial de Emergencia Beacon (EPIRB), Transponder de Seguridad y Rescate (SART), Alarma centralizada con detector de humo e incendios, Chalecos salvavidas, Extinguidores de incendios<\/span><\/td>\n<\/tr>\n<tr style=\"height: 24.8125px;\">\n<td style=\"height: 24.8125px;\"><span style=\"font-family: arial, helvetica, sans-serif;\"><strong>Electricidad<br \/>\n<\/strong><\/span><\/td>\n<td style=\"height: 24.8125px;\"><span style=\"font-family: arial, helvetica, sans-serif;\">\u00a0110 volts AC \/ 60 Hz &#8211; 220 V 50<\/span><\/td>\n<\/tr>\n<\/tbody>\n<\/table>\n<p>[vc_row][vc_column el_class=&#8221;accocruise&#8221;][vc_column_text]\n<div class=\"panel panel-default accordion__item\">\n\t<div class=\"panel-heading accordion__item__title-wrap\">\n\t\t<h4 class=\"panel-title\">\n\t\t\t<a data-toggle=\"collapse\" data-parent=\"#ataccordion0\" href=\"#ataccordion0_1\" class=\"accordion__item__link collapsed\">Solicite m\u00e1s informaci\u00f3n<\/a>\n\t\t<\/h4>\n\t<\/div>\n\t<div id=\"ataccordion0_1\" class=\"panel-collapse collapse\">\n\t\t<div class=\"panel-body accordion__item__content\">\n                <div class=\"ml-embedded\" data-form=\"QYs5mz\"><\/div>\n            \n<\/div>\n\t<\/div>\n<\/div>[\/vc_column_text][\/vc_column][\/vc_row]<\/p>\n<\/div>","protected":false},"excerpt":{"rendered":"<p>Descripci\u00f3n del M\/S Mary Anne Crucero Gal\u00e1pagos: El M\/S Mary Anne Crucero Gal\u00e1pagos es un velero genuino ideal para\u00a0los navegantes de coraz\u00f3n. Estrenado\u00a0en 1997 , este impresionante bergant\u00edn de tres palos combina la magia de navegar sobre el oc\u00e9ano a toda vela y el encanto de las Islas Gal\u00e1pagos. Tiene capacidad para 16 pasajero que<\/p>\n<div class=\"padding-top text-center\"><a href=\"https:\/\/naturegalapagos.com\/es\/cruceros-galapagos\/velero-mary-anne-primera-clase\/\" class=\"atbtn atbtn--medium atbtn--rounded atbtn--transparent\">Leer m\u00e1s<i class=\"atbtn__icon atbtn__icon--right fa fa-long-arrow-right\"><\/i><\/a><\/div>\n","protected":false},"featured_media":2217,"comment_status":"open","ping_status":"closed","template":"","meta":{"_joinchat":[]},"product_brand":[],"product_cat":[3599],"product_tag":[],"class_list":{"0":"post-1492","1":"product","2":"type-product","3":"status-publish","4":"has-post-thumbnail","6":"product_cat-sin-categoria","7":"tour_category-crucero-primera-clase","9":"first","10":"instock","11":"taxable","12":"shipping-taxable","13":"product-type-tour"},"yoast_head":"<!-- This site is optimized with the Yoast SEO Premium plugin v25.6 (Yoast SEO v26.1.1) - https:\/\/yoast.com\/wordpress\/plugins\/seo\/ -->\n<title>M\/S Mary Anne Crucero Gal\u00e1pagos | Velero Primera Clase<\/title>\n<meta name=\"description\" content=\"M\/S Mary Anne Crucero Gal\u00e1pagos es un velero genuino ideal para los navegantes de coraz\u00f3n, combina la magia de navegar a toda vela y el encanto de Gal\u00e1pagos\" \/>\n<meta name=\"robots\" content=\"index, follow, max-snippet:-1, max-image-preview:large, max-video-preview:-1\" \/>\n<link rel=\"canonical\" href=\"https:\/\/naturegalapagos.com\/es\/cruceros-galapagos\/velero-mary-anne-primera-clase\/\" \/>\n<meta property=\"og:locale\" content=\"es_ES\" \/>\n<meta property=\"og:type\" content=\"article\" \/>\n<meta property=\"og:title\" content=\"M\/S Mary Anne Crucero Gal\u00e1pagos | Velero Primera Clase\" \/>\n<meta property=\"og:description\" content=\"M\/S Mary Anne Crucero Gal\u00e1pagos es un velero genuino ideal para los navegantes de coraz\u00f3n, combina la magia de navegar a toda vela y el encanto de Gal\u00e1pagos\" \/>\n<meta property=\"og:url\" content=\"https:\/\/naturegalapagos.com\/es\/cruceros-galapagos\/velero-mary-anne-primera-clase\/\" \/>\n<meta property=\"og:site_name\" content=\"Espa\u00f1ol - Nature Galapagos &amp; Ecuador\" \/>\n<meta property=\"article:publisher\" content=\"https:\/\/www.facebook.com\/naturegalapagosecuador\/\" \/>\n<meta property=\"og:image\" content=\"https:\/\/naturegalapagos.com\/es\/wp-content\/uploads\/sites\/3\/2016\/06\/mary-anne-crucero-galapagos.jpg\" \/>\n\t<meta property=\"og:image:width\" content=\"1024\" \/>\n\t<meta property=\"og:image:height\" content=\"512\" \/>\n\t<meta property=\"og:image:type\" content=\"image\/jpeg\" \/>\n<meta name=\"twitter:card\" content=\"summary_large_image\" \/>\n<meta name=\"twitter:title\" content=\"M\/S Mary Anne Crucero Gal\u00e1pagos | Velero Primera Clase\" \/>\n<meta name=\"twitter:description\" content=\"M\/S Mary Anne Crucero Gal\u00e1pagos es un velero genuino ideal para los navegantes de coraz\u00f3n, combina la magia de navegar a toda vela y el encanto de Gal\u00e1pagos\" \/>\n<meta name=\"twitter:site\" content=\"@naturegalapagos\" \/>\n<meta name=\"twitter:label1\" content=\"Tiempo de lectura\" \/>\n\t<meta name=\"twitter:data1\" content=\"2 minutos\" \/>\n<!-- \/ Yoast SEO Premium plugin. -->","yoast_head_json":{"title":"M\/S Mary Anne Crucero Gal\u00e1pagos | Velero Primera Clase","description":"M\/S Mary Anne Crucero Gal\u00e1pagos es un velero genuino ideal para los navegantes de coraz\u00f3n, combina la magia de navegar a toda vela y el encanto de Gal\u00e1pagos","robots":{"index":"index","follow":"follow","max-snippet":"max-snippet:-1","max-image-preview":"max-image-preview:large","max-video-preview":"max-video-preview:-1"},"canonical":"https:\/\/naturegalapagos.com\/es\/cruceros-galapagos\/velero-mary-anne-primera-clase\/","og_locale":"es_ES","og_type":"article","og_title":"M\/S Mary Anne Crucero Gal\u00e1pagos | Velero Primera Clase","og_description":"M\/S Mary Anne Crucero Gal\u00e1pagos es un velero genuino ideal para los navegantes de coraz\u00f3n, combina la magia de navegar a toda vela y el encanto de Gal\u00e1pagos","og_url":"https:\/\/naturegalapagos.com\/es\/cruceros-galapagos\/velero-mary-anne-primera-clase\/","og_site_name":"Espa\u00f1ol - Nature Galapagos &amp; Ecuador","article_publisher":"https:\/\/www.facebook.com\/naturegalapagosecuador\/","og_image":[{"width":1024,"height":512,"url":"https:\/\/naturegalapagos.com\/es\/wp-content\/uploads\/sites\/3\/2016\/06\/mary-anne-crucero-galapagos.jpg","type":"image\/jpeg"}],"twitter_card":"summary_large_image","twitter_title":"M\/S Mary Anne Crucero Gal\u00e1pagos | Velero Primera Clase","twitter_description":"M\/S Mary Anne Crucero Gal\u00e1pagos es un velero genuino ideal para los navegantes de coraz\u00f3n, combina la magia de navegar a toda vela y el encanto de Gal\u00e1pagos","twitter_site":"@naturegalapagos","twitter_misc":{"Tiempo de lectura":"2 minutos"},"schema":{"@context":"https:\/\/schema.org","@graph":[{"@type":"WebPage","@id":"https:\/\/naturegalapagos.com\/es\/cruceros-galapagos\/velero-mary-anne-primera-clase\/","url":"https:\/\/naturegalapagos.com\/es\/cruceros-galapagos\/velero-mary-anne-primera-clase\/","name":"M\/S Mary Anne Crucero Gal\u00e1pagos | Velero Primera Clase","isPartOf":{"@id":"https:\/\/naturegalapagos.com\/es\/#website"},"primaryImageOfPage":{"@id":"https:\/\/naturegalapagos.com\/es\/cruceros-galapagos\/velero-mary-anne-primera-clase\/#primaryimage"},"image":{"@id":"https:\/\/naturegalapagos.com\/es\/cruceros-galapagos\/velero-mary-anne-primera-clase\/#primaryimage"},"thumbnailUrl":"https:\/\/naturegalapagos.com\/es\/wp-content\/uploads\/sites\/3\/2016\/06\/mary-anne-crucero-galapagos.jpg","datePublished":"2024-12-26T17:05:49+00:00","description":"M\/S Mary Anne Crucero Gal\u00e1pagos es un velero genuino ideal para los navegantes de coraz\u00f3n, combina la magia de navegar a toda vela y el encanto de Gal\u00e1pagos","breadcrumb":{"@id":"https:\/\/naturegalapagos.com\/es\/cruceros-galapagos\/velero-mary-anne-primera-clase\/#breadcrumb"},"inLanguage":"es","potentialAction":[{"@type":"ReadAction","target":["https:\/\/naturegalapagos.com\/es\/cruceros-galapagos\/velero-mary-anne-primera-clase\/"]}]},{"@type":"ImageObject","inLanguage":"es","@id":"https:\/\/naturegalapagos.com\/es\/cruceros-galapagos\/velero-mary-anne-primera-clase\/#primaryimage","url":"https:\/\/naturegalapagos.com\/es\/wp-content\/uploads\/sites\/3\/2016\/06\/mary-anne-crucero-galapagos.jpg","contentUrl":"https:\/\/naturegalapagos.com\/es\/wp-content\/uploads\/sites\/3\/2016\/06\/mary-anne-crucero-galapagos.jpg","width":1024,"height":512,"caption":"Mary Anne Crucero Gal\u00e1pagos"},{"@type":"BreadcrumbList","@id":"https:\/\/naturegalapagos.com\/es\/cruceros-galapagos\/velero-mary-anne-primera-clase\/#breadcrumb","itemListElement":[{"@type":"ListItem","position":1,"name":"Home","item":"https:\/\/naturegalapagos.com\/es\/"},{"@type":"ListItem","position":2,"name":"Tienda","item":"https:\/\/naturegalapagos.com\/es\/tienda\/"},{"@type":"ListItem","position":3,"name":"M\/S Mary Anne Crucero Gal\u00e1pagos"}]},{"@type":"WebSite","@id":"https:\/\/naturegalapagos.com\/es\/#website","url":"https:\/\/naturegalapagos.com\/es\/","name":"Espa\u00f1ol - Nature Galapagos & Ecuador","description":"","publisher":{"@id":"https:\/\/naturegalapagos.com\/es\/#organization"},"potentialAction":[{"@type":"SearchAction","target":{"@type":"EntryPoint","urlTemplate":"https:\/\/naturegalapagos.com\/es\/?s={search_term_string}"},"query-input":{"@type":"PropertyValueSpecification","valueRequired":true,"valueName":"search_term_string"}}],"inLanguage":"es"},{"@type":"Organization","@id":"https:\/\/naturegalapagos.com\/es\/#organization","name":"Espa\u00f1ol - Nature Galapagos & Ecuador","url":"https:\/\/naturegalapagos.com\/es\/","logo":{"@type":"ImageObject","inLanguage":"es","@id":"https:\/\/naturegalapagos.com\/es\/#\/schema\/logo\/image\/","url":"https:\/\/naturegalapagos.com\/es\/wp-content\/uploads\/sites\/3\/2016\/10\/Nature-Galapagos-Logo-COM-300x300.jpg","contentUrl":"https:\/\/naturegalapagos.com\/es\/wp-content\/uploads\/sites\/3\/2016\/10\/Nature-Galapagos-Logo-COM-300x300.jpg","width":300,"height":300,"caption":"Espa\u00f1ol - Nature Galapagos & Ecuador"},"image":{"@id":"https:\/\/naturegalapagos.com\/es\/#\/schema\/logo\/image\/"},"sameAs":["https:\/\/www.facebook.com\/naturegalapagosecuador\/","https:\/\/x.com\/naturegalapagos","https:\/\/www.instagram.com\/naturegalapagos\/","https:\/\/www.pinterest.com\/Naturegalapagos\/","https:\/\/www.youtube.com\/user\/NatureGalapagosTours"]}]}},"_links":{"self":[{"href":"https:\/\/naturegalapagos.com\/es\/wp-json\/wp\/v2\/product\/1492","targetHints":{"allow":["GET"]}}],"collection":[{"href":"https:\/\/naturegalapagos.com\/es\/wp-json\/wp\/v2\/product"}],"about":[{"href":"https:\/\/naturegalapagos.com\/es\/wp-json\/wp\/v2\/types\/product"}],"replies":[{"embeddable":true,"href":"https:\/\/naturegalapagos.com\/es\/wp-json\/wp\/v2\/comments?post=1492"}],"wp:featuredmedia":[{"embeddable":true,"href":"https:\/\/naturegalapagos.com\/es\/wp-json\/wp\/v2\/media\/2217"}],"wp:attachment":[{"href":"https:\/\/naturegalapagos.com\/es\/wp-json\/wp\/v2\/media?parent=1492"}],"wp:term":[{"taxonomy":"product_brand","embeddable":true,"href":"https:\/\/naturegalapagos.com\/es\/wp-json\/wp\/v2\/product_brand?post=1492"},{"taxonomy":"product_cat","embeddable":true,"href":"https:\/\/naturegalapagos.com\/es\/wp-json\/wp\/v2\/product_cat?post=1492"},{"taxonomy":"product_tag","embeddable":true,"href":"https:\/\/naturegalapagos.com\/es\/wp-json\/wp\/v2\/product_tag?post=1492"}],"curies":[{"name":"wp","href":"https:\/\/api.w.org\/{rel}","templated":true}]}}