{"id":1498,"date":"2024-12-26T11:59:01","date_gmt":"2024-12-26T16:59:01","guid":{"rendered":"http:\/\/naturegalapagos.com\/es\/cruceros-galapagos\/velero-mary-anne-primera-clase"},"modified":"2024-12-26T11:59:29","modified_gmt":"2024-12-26T16:59:29","slug":"samba-crucero-galapagos","status":"publish","type":"product","link":"https:\/\/naturegalapagos.com\/es\/cruceros-galapagos\/velero-samba-primera-clase\/","title":{"rendered":"M\/S Samba Crucero Gal\u00e1pagos"},"content":{"rendered":"<div class=\"wpb-content-wrapper\"><div style=\"display: flex; justify-content: end; margin-bottom: 10px;\"><span style=\"font-family: arial, helvetica, sans-serif;\"><a href=\"https:\/\/naturegalapagos.com\/es\/ofertas-de-viajes\/\" target=\"_blank\" rel=\"noopener\"><img decoding=\"async\" src=\"https:\/\/naturegalapagos.com\/es\/wp-content\/uploads\/sites\/3\/2019\/11\/las-minute-deals-gif_Final_espa\u00f1ol.gif\" width=\"227.5\" height=\"77.25\" \/><\/a><\/span><\/div>\n<h2><span style=\"font-family: arial, helvetica, sans-serif;\"><strong>D<\/strong><strong>escripci\u00f3n del M\/S Samba Crucero Gal\u00e1pagos<\/strong><strong>:<\/strong><\/span><\/h2>\n<p style=\"text-align: justify;\"><span style=\"font-family: arial, helvetica, sans-serif;\">El <strong>M\/S Samba Crucero Gal\u00e1pagos<\/strong>, un yate de lujo construido en 1966, ofrece una experiencia \u00fanica en las islas Gal\u00e1pagos con sus modernas comodidades y estrictas medidas de seguridad. Con tan solo 7 camarotes para 14 personas, cada uno equipado con aire acondicionado y ventana u ojo de buey, el Samba proporciona un ambiente \u00edntimo y confortable. Sus instalaciones incluyen una terraza con tumbonas, una cubierta de observaci\u00f3n, un bar, un comedor interior con aire acondicionado y otro exterior. Equipado con televisi\u00f3n, reproductor de DVD, biblioteca y kayaks, el Samba ofrece dos opciones de crucero de 7 noches, explorando las espectaculares islas Gal\u00e1pagos con itinerarios que destacan la vida salvaje y diversas excursiones en tierra y actividades acu\u00e1ticas. <\/span><\/p>\n<p style=\"text-align: justify;\"><span style=\"font-family: arial, helvetica, sans-serif;\">Gestionado por la familia Salcedo, con m\u00e1s de 30 a\u00f1os de experiencia en el turismo de Gal\u00e1pagos, el <strong>Samba es considerado el mejor barco de su clase<\/strong>, reflejando el profundo respeto y amor por las islas. Guiados por la filosof\u00eda \u00fanica de promover la conciencia ecol\u00f3gica, el equipo, liderado por Juan Manuel Salcedo, busca enriquecer la experiencia de los visitantes, haciendo que cada viaje en el Samba sea una aventura \u00fanica y sostenible. Con actividades pr\u00e1cticas como hasta 3 sesiones diarias de snorkel y 2 excursiones en tierra, el Samba ofrece una de las mejores experiencias activas en estas aguas, destac\u00e1ndose tambi\u00e9n por su compromiso con la comodidad sostenible, abasteciendo ingredientes de manera responsable y ofreciendo una cocina internacional y ecuatoriana, adaptada a todos los requisitos diet\u00e9ticos.<\/span><\/p>\n<p><span style=\"font-family: arial, helvetica, sans-serif;\"><!--more--><\/span><\/p>\n<h3><span style=\"font-family: arial, helvetica, sans-serif;\"><strong>Principales caracter\u00edsticas<\/strong><\/span><\/h3>\n<ul>\n<li style=\"text-align: justify;\"><span style=\"font-family: arial, helvetica, sans-serif;\">El M\/S <strong>Samba Crucero Gal\u00e1pagos<\/strong> es un velero de primera clase c\u00f3modo y muy estable<\/span><\/li>\n<li style=\"text-align: justify;\"><span style=\"font-family: arial, helvetica, sans-serif;\">De dise\u00f1o holand\u00e9s equipado con una vela de estabilizaci\u00f3n<\/span><\/li>\n<li style=\"text-align: justify;\"><span style=\"font-family: arial, helvetica, sans-serif;\">\u00c1reas Sociales: sal\u00f3n principal y comedor, en el interior; sof\u00e1s localizados en la popa y amplias terrazas, en el exterior<\/span><\/li>\n<li style=\"text-align: justify;\"><span style=\"font-family: arial, helvetica, sans-serif;\">Tripulaci\u00f3n profesional, con experiencia y amigable; tambi\u00e9n incluye un gu\u00eda naturalista experto<\/span><\/li>\n<li style=\"text-align: justify;\"><span style=\"font-family: arial, helvetica, sans-serif;\">Agraciado, de alta calidad,amigable con el ambiente y adquirido localmente.<\/span><\/li>\n<\/ul>\n<p><span style=\"font-family: arial, helvetica, sans-serif;\"> <!--more--><\/span><\/p>\n<h3 style=\"text-align: justify;\"><span style=\"font-family: arial, helvetica, sans-serif;\"><strong>Cabinas en el Samba Crucero Gal\u00e1pagos:<\/strong><\/span><\/h3>\n<p style=\"text-align: justify;\"><span style=\"font-family: arial, helvetica, sans-serif;\">Seis cabinas dobles que cuentan con aire acondicionado y una cabina con cama doble; todas con ba\u00f1o privado y ducha de agua caliente.<\/span><\/p>\n<table border=\"0\" cellspacing=\"0\" cellpadding=\"0\" align=\"center\">\n<tbody>\n<tr style=\"background-color: #e6e6e6;\">\n<th colspan=\"2\" align=\"center\"><span style=\"font-family: arial, helvetica, sans-serif;\"><strong><\/strong><strong>Especificaciones T\u00e9cnicas<\/strong><\/span><\/th>\n<\/tr>\n<tr>\n<td><span style=\"font-family: arial, helvetica, sans-serif;\"><strong>Longitud<br \/>\n<\/strong><\/span><\/td>\n<td><span style=\"font-family: arial, helvetica, sans-serif;\">\u00a073 pies \/ 22 m<\/span><\/td>\n<\/tr>\n<tr>\n<td><span style=\"font-family: arial, helvetica, sans-serif;\"><strong>Haz<br \/>\n<\/strong><\/span><\/td>\n<td><span style=\"font-family: arial, helvetica, sans-serif;\">\u00a014.55 pies \/ 4.5 m<\/span><\/td>\n<\/tr>\n<tr>\n<td><span style=\"font-family: arial, helvetica, sans-serif;\"><strong>Peso<br \/>\n<\/strong><\/span><\/td>\n<td><span style=\"font-family: arial, helvetica, sans-serif;\">\u00a0134.13 ton<\/span><\/td>\n<\/tr>\n<tr>\n<td><span style=\"font-family: arial, helvetica, sans-serif;\"><strong>Tripulaci\u00f3n<br \/>\n<\/strong><\/span><\/td>\n<td><span style=\"font-family: arial, helvetica, sans-serif;\">\u00a0Capit\u00e1n, gu\u00eda naturalista, mec\u00e1nico, cocinero y 2 marineros<\/span><\/td>\n<\/tr>\n<tr>\n<td><span style=\"font-family: arial, helvetica, sans-serif;\"><strong>Velocidad<br \/>\n<\/strong><\/span><\/td>\n<td><span style=\"font-family: arial, helvetica, sans-serif;\">\u00a08.5 nudos<\/span><\/td>\n<\/tr>\n<tr>\n<td><span style=\"font-family: arial, helvetica, sans-serif;\"><strong>Rango<\/strong><\/span><\/td>\n<td><span style=\"font-family: arial, helvetica, sans-serif;\">\u00a02,500 millas<\/span><\/td>\n<\/tr>\n<tr>\n<td><span style=\"font-family: arial, helvetica, sans-serif;\"><strong>Velas<br \/>\n<\/strong><\/span><\/td>\n<td><span style=\"font-family: arial, helvetica, sans-serif;\">\u00a0Velas de estabilizaci\u00f3n<\/span><\/td>\n<\/tr>\n<tr>\n<td><span style=\"font-family: arial, helvetica, sans-serif;\"><strong>Agua<br \/>\n<\/strong><\/span><\/td>\n<td><span style=\"font-family: arial, helvetica, sans-serif;\">\u00a01,500 galones<\/span><\/td>\n<\/tr>\n<tr>\n<td><span style=\"font-family: arial, helvetica, sans-serif;\"><strong>Equipos<br \/>\n<\/strong><\/span><\/td>\n<td><span style=\"font-family: arial, helvetica, sans-serif;\">\u00a0Twin DAV diesel engines 220 HP, 2 generadores cada uno 21 &amp; 12.5 Kwfor 110v &amp; 220v A\/C y 12v &amp; 24v D\/C, Furuno radar, GPS, VHS &amp; SSB radios, 2 tenders with outboard motors<\/span><\/td>\n<\/tr>\n<\/tbody>\n<\/table>\n<h3><\/h3>\n<h3><span style=\"font-family: arial, helvetica, sans-serif;\">Plano de cubierta<\/span><\/h3>\n<div id=\"gallery_1\" class=\"gallery\">\n<div class=\"row gallery__items\">\n\t\t\t\t\t<div class=\"col-sm-12 gallery__item-wrap\" data-filterid=\"\">\n\t\t\t<a href=\"https:\/\/naturegalapagos.com\/es\/wp-content\/uploads\/sites\/3\/2015\/01\/deck_plan_pagina_web-01-.jpg\" class=\"swipebox gallery__item\" title=\"deck_plan_pagina_web 01\">\n\t\t\t\t<img decoding=\"async\" width=\"720\" height=\"480\" src=\"https:\/\/naturegalapagos.com\/es\/wp-content\/uploads\/sites\/3\/2015\/01\/deck_plan_pagina_web-01--720x480.jpg\" class=\"attachment-thumb_gallery size-thumb_gallery\" alt=\"Plano de cubierta del crucero Samba\" srcset=\"https:\/\/naturegalapagos.com\/es\/wp-content\/uploads\/sites\/3\/2015\/01\/deck_plan_pagina_web-01--720x480.jpg 720w, https:\/\/naturegalapagos.com\/es\/wp-content\/uploads\/sites\/3\/2015\/01\/deck_plan_pagina_web-01--531x354.jpg 531w, https:\/\/naturegalapagos.com\/es\/wp-content\/uploads\/sites\/3\/2015\/01\/deck_plan_pagina_web-01--180x120.jpg 180w\" sizes=\"(max-width: 720px) 100vw, 720px\" \/>\t\t\t\t<span class=\"gallery__item__info\">\n\t\t\t\t\t<span class=\"gallery__item__info__content\">\n\t\t\t\t\t\t<span class=\"gallery__item__title\">deck_plan_pagina_web 01<\/span>\n\t\t\t\t\t\t\t\t\t\t<\/span>\n\t\t\t\t\t<span class=\"gallery__item__shadow\"><\/span>\n\t\t\t\t<\/span>\n\t\t\t<\/a>\n\t\t<\/div>\n\t<\/div>\n<\/div>\n<p>[vc_row][vc_column el_class=&#8221;accocruise&#8221;][vc_column_text]\n<div class=\"panel panel-default accordion__item\">\n\t<div class=\"panel-heading accordion__item__title-wrap\">\n\t\t<h4 class=\"panel-title\">\n\t\t\t<a data-toggle=\"collapse\" data-parent=\"#ataccordion0\" href=\"#ataccordion0_1\" class=\"accordion__item__link collapsed\">Solicite m\u00e1s informaci\u00f3n<\/a>\n\t\t<\/h4>\n\t<\/div>\n\t<div id=\"ataccordion0_1\" class=\"panel-collapse collapse\">\n\t\t<div class=\"panel-body accordion__item__content\">\n                <div class=\"ml-embedded\" data-form=\"dDQR3J\"><\/div>\n            \n<\/div>\n\t<\/div>\n<\/div>[\/vc_column_text][\/vc_column][\/vc_row]<\/p>\n<\/div>","protected":false},"excerpt":{"rendered":"<p>Descripci\u00f3n del M\/S Samba Crucero Gal\u00e1pagos: El M\/S Samba Crucero Gal\u00e1pagos, un yate de lujo construido en 1966, ofrece una experiencia \u00fanica en las islas Gal\u00e1pagos con sus modernas comodidades y estrictas medidas de seguridad. Con tan solo 7 camarotes para 14 personas, cada uno equipado con aire acondicionado y ventana u ojo de buey,<\/p>\n<div class=\"padding-top text-center\"><a href=\"https:\/\/naturegalapagos.com\/es\/cruceros-galapagos\/velero-samba-primera-clase\/\" class=\"atbtn atbtn--medium atbtn--rounded atbtn--transparent\">Leer m\u00e1s<i class=\"atbtn__icon atbtn__icon--right fa fa-long-arrow-right\"><\/i><\/a><\/div>\n","protected":false},"featured_media":2220,"comment_status":"open","ping_status":"closed","template":"","meta":{"_joinchat":[]},"product_brand":[],"product_cat":[3599],"product_tag":[],"class_list":{"0":"post-1498","1":"product","2":"type-product","3":"status-publish","4":"has-post-thumbnail","6":"product_cat-sin-categoria","7":"tour_category-crucero-primera-clase","9":"first","10":"instock","11":"taxable","12":"shipping-taxable","13":"product-type-tour"},"yoast_head":"<!-- This site is optimized with the Yoast SEO Premium plugin v25.6 (Yoast SEO v26.1.1) - https:\/\/yoast.com\/wordpress\/plugins\/seo\/ -->\n<title>M\/S Samba Crucero Gal\u00e1pagos | Velero Primera Clase<\/title>\n<meta name=\"description\" content=\"M\/S Samba Crucero Gal\u00e1pagos tiene una amigable y profesional tripulaci\u00f3n quienes se encargar\u00e1n de hacer su viaje a Gal\u00e1pagos la mejor experiencia de su vida\" \/>\n<meta name=\"robots\" content=\"index, follow, max-snippet:-1, max-image-preview:large, max-video-preview:-1\" \/>\n<link rel=\"canonical\" href=\"https:\/\/naturegalapagos.com\/es\/cruceros-galapagos\/velero-samba-primera-clase\/\" \/>\n<meta property=\"og:locale\" content=\"es_ES\" \/>\n<meta property=\"og:type\" content=\"article\" \/>\n<meta property=\"og:title\" content=\"M\/S Samba Crucero Gal\u00e1pagos\" \/>\n<meta property=\"og:description\" content=\"M\/S Samba Crucero Gal\u00e1pagos tiene una amigable y profesional tripulaci\u00f3n quienes se encargar\u00e1n de hacer su viaje a Gal\u00e1pagos la mejor experiencia de su vida\" \/>\n<meta property=\"og:url\" content=\"https:\/\/naturegalapagos.com\/es\/cruceros-galapagos\/velero-samba-primera-clase\/\" \/>\n<meta property=\"og:site_name\" content=\"Espa\u00f1ol - Nature Galapagos &amp; Ecuador\" \/>\n<meta property=\"article:publisher\" content=\"https:\/\/www.facebook.com\/naturegalapagosecuador\/\" \/>\n<meta property=\"article:modified_time\" content=\"2024-12-26T16:59:29+00:00\" \/>\n<meta property=\"og:image\" content=\"https:\/\/naturegalapagos.com\/es\/wp-content\/uploads\/sites\/3\/2016\/06\/samba-crucero-galapagos.jpg\" \/>\n\t<meta property=\"og:image:width\" content=\"1024\" \/>\n\t<meta property=\"og:image:height\" content=\"512\" \/>\n\t<meta property=\"og:image:type\" content=\"image\/jpeg\" \/>\n<meta name=\"twitter:card\" content=\"summary_large_image\" \/>\n<meta name=\"twitter:site\" content=\"@naturegalapagos\" \/>\n<meta name=\"twitter:label1\" content=\"Tiempo de lectura\" \/>\n\t<meta name=\"twitter:data1\" content=\"3 minutos\" \/>\n<!-- \/ Yoast SEO Premium plugin. -->","yoast_head_json":{"title":"M\/S Samba Crucero Gal\u00e1pagos | Velero Primera Clase","description":"M\/S Samba Crucero Gal\u00e1pagos tiene una amigable y profesional tripulaci\u00f3n quienes se encargar\u00e1n de hacer su viaje a Gal\u00e1pagos la mejor experiencia de su vida","robots":{"index":"index","follow":"follow","max-snippet":"max-snippet:-1","max-image-preview":"max-image-preview:large","max-video-preview":"max-video-preview:-1"},"canonical":"https:\/\/naturegalapagos.com\/es\/cruceros-galapagos\/velero-samba-primera-clase\/","og_locale":"es_ES","og_type":"article","og_title":"M\/S Samba Crucero Gal\u00e1pagos","og_description":"M\/S Samba Crucero Gal\u00e1pagos tiene una amigable y profesional tripulaci\u00f3n quienes se encargar\u00e1n de hacer su viaje a Gal\u00e1pagos la mejor experiencia de su vida","og_url":"https:\/\/naturegalapagos.com\/es\/cruceros-galapagos\/velero-samba-primera-clase\/","og_site_name":"Espa\u00f1ol - Nature Galapagos &amp; Ecuador","article_publisher":"https:\/\/www.facebook.com\/naturegalapagosecuador\/","article_modified_time":"2024-12-26T16:59:29+00:00","og_image":[{"width":1024,"height":512,"url":"https:\/\/naturegalapagos.com\/es\/wp-content\/uploads\/sites\/3\/2016\/06\/samba-crucero-galapagos.jpg","type":"image\/jpeg"}],"twitter_card":"summary_large_image","twitter_site":"@naturegalapagos","twitter_misc":{"Tiempo de lectura":"3 minutos"},"schema":{"@context":"https:\/\/schema.org","@graph":[{"@type":"WebPage","@id":"https:\/\/naturegalapagos.com\/es\/cruceros-galapagos\/velero-samba-primera-clase\/","url":"https:\/\/naturegalapagos.com\/es\/cruceros-galapagos\/velero-samba-primera-clase\/","name":"M\/S Samba Crucero Gal\u00e1pagos | Velero Primera Clase","isPartOf":{"@id":"https:\/\/naturegalapagos.com\/es\/#website"},"primaryImageOfPage":{"@id":"https:\/\/naturegalapagos.com\/es\/cruceros-galapagos\/velero-samba-primera-clase\/#primaryimage"},"image":{"@id":"https:\/\/naturegalapagos.com\/es\/cruceros-galapagos\/velero-samba-primera-clase\/#primaryimage"},"thumbnailUrl":"https:\/\/naturegalapagos.com\/es\/wp-content\/uploads\/sites\/3\/2016\/06\/samba-crucero-galapagos.jpg","datePublished":"2024-12-26T16:59:01+00:00","dateModified":"2024-12-26T16:59:29+00:00","description":"M\/S Samba Crucero Gal\u00e1pagos tiene una amigable y profesional tripulaci\u00f3n quienes se encargar\u00e1n de hacer su viaje a Gal\u00e1pagos la mejor experiencia de su vida","breadcrumb":{"@id":"https:\/\/naturegalapagos.com\/es\/cruceros-galapagos\/velero-samba-primera-clase\/#breadcrumb"},"inLanguage":"es","potentialAction":[{"@type":"ReadAction","target":["https:\/\/naturegalapagos.com\/es\/cruceros-galapagos\/velero-samba-primera-clase\/"]}]},{"@type":"ImageObject","inLanguage":"es","@id":"https:\/\/naturegalapagos.com\/es\/cruceros-galapagos\/velero-samba-primera-clase\/#primaryimage","url":"https:\/\/naturegalapagos.com\/es\/wp-content\/uploads\/sites\/3\/2016\/06\/samba-crucero-galapagos.jpg","contentUrl":"https:\/\/naturegalapagos.com\/es\/wp-content\/uploads\/sites\/3\/2016\/06\/samba-crucero-galapagos.jpg","width":1024,"height":512,"caption":"Samba Crucero Gal\u00e1pagos"},{"@type":"BreadcrumbList","@id":"https:\/\/naturegalapagos.com\/es\/cruceros-galapagos\/velero-samba-primera-clase\/#breadcrumb","itemListElement":[{"@type":"ListItem","position":1,"name":"Home","item":"https:\/\/naturegalapagos.com\/es\/"},{"@type":"ListItem","position":2,"name":"Tienda","item":"https:\/\/naturegalapagos.com\/es\/tienda\/"},{"@type":"ListItem","position":3,"name":"M\/S Samba Crucero Gal\u00e1pagos"}]},{"@type":"WebSite","@id":"https:\/\/naturegalapagos.com\/es\/#website","url":"https:\/\/naturegalapagos.com\/es\/","name":"Espa\u00f1ol - Nature Galapagos & Ecuador","description":"","publisher":{"@id":"https:\/\/naturegalapagos.com\/es\/#organization"},"potentialAction":[{"@type":"SearchAction","target":{"@type":"EntryPoint","urlTemplate":"https:\/\/naturegalapagos.com\/es\/?s={search_term_string}"},"query-input":{"@type":"PropertyValueSpecification","valueRequired":true,"valueName":"search_term_string"}}],"inLanguage":"es"},{"@type":"Organization","@id":"https:\/\/naturegalapagos.com\/es\/#organization","name":"Espa\u00f1ol - Nature Galapagos & Ecuador","url":"https:\/\/naturegalapagos.com\/es\/","logo":{"@type":"ImageObject","inLanguage":"es","@id":"https:\/\/naturegalapagos.com\/es\/#\/schema\/logo\/image\/","url":"https:\/\/naturegalapagos.com\/es\/wp-content\/uploads\/sites\/3\/2016\/10\/Nature-Galapagos-Logo-COM-300x300.jpg","contentUrl":"https:\/\/naturegalapagos.com\/es\/wp-content\/uploads\/sites\/3\/2016\/10\/Nature-Galapagos-Logo-COM-300x300.jpg","width":300,"height":300,"caption":"Espa\u00f1ol - Nature Galapagos & Ecuador"},"image":{"@id":"https:\/\/naturegalapagos.com\/es\/#\/schema\/logo\/image\/"},"sameAs":["https:\/\/www.facebook.com\/naturegalapagosecuador\/","https:\/\/x.com\/naturegalapagos","https:\/\/www.instagram.com\/naturegalapagos\/","https:\/\/www.pinterest.com\/Naturegalapagos\/","https:\/\/www.youtube.com\/user\/NatureGalapagosTours"]}]}},"_links":{"self":[{"href":"https:\/\/naturegalapagos.com\/es\/wp-json\/wp\/v2\/product\/1498","targetHints":{"allow":["GET"]}}],"collection":[{"href":"https:\/\/naturegalapagos.com\/es\/wp-json\/wp\/v2\/product"}],"about":[{"href":"https:\/\/naturegalapagos.com\/es\/wp-json\/wp\/v2\/types\/product"}],"replies":[{"embeddable":true,"href":"https:\/\/naturegalapagos.com\/es\/wp-json\/wp\/v2\/comments?post=1498"}],"wp:featuredmedia":[{"embeddable":true,"href":"https:\/\/naturegalapagos.com\/es\/wp-json\/wp\/v2\/media\/2220"}],"wp:attachment":[{"href":"https:\/\/naturegalapagos.com\/es\/wp-json\/wp\/v2\/media?parent=1498"}],"wp:term":[{"taxonomy":"product_brand","embeddable":true,"href":"https:\/\/naturegalapagos.com\/es\/wp-json\/wp\/v2\/product_brand?post=1498"},{"taxonomy":"product_cat","embeddable":true,"href":"https:\/\/naturegalapagos.com\/es\/wp-json\/wp\/v2\/product_cat?post=1498"},{"taxonomy":"product_tag","embeddable":true,"href":"https:\/\/naturegalapagos.com\/es\/wp-json\/wp\/v2\/product_tag?post=1498"}],"curies":[{"name":"wp","href":"https:\/\/api.w.org\/{rel}","templated":true}]}}