{"id":1567,"date":"2015-01-16T16:57:24","date_gmt":"2015-01-16T16:57:24","guid":{"rendered":"http:\/\/naturegalapagos.com\/es\/cruceros-galapagos\/yate-estrella-del-mar-primera-clase"},"modified":"2024-08-09T16:50:17","modified_gmt":"2024-08-09T20:50:17","slug":"my-fragata-crucero-galapagos-yate-primera-clase","status":"publish","type":"product","link":"https:\/\/naturegalapagos.com\/es\/cruceros-galapagos\/yate-fragata-primera-clase\/","title":{"rendered":"M\/Y Fragata Crucero Gal\u00e1pagos"},"content":{"rendered":"<div class=\"wpb-content-wrapper\"><div style=\"display: flex; justify-content: end; margin-bottom: 10px;\"><a href=\"https:\/\/naturegalapagos.com\/es\/ofertas-de-viajes\/\" target=\"_blank\" rel=\"noopener\"><img decoding=\"async\" src=\"https:\/\/naturegalapagos.com\/es\/wp-content\/uploads\/sites\/3\/2019\/11\/las-minute-deals-gif_Final_espa\u00f1ol.gif\" width=\"227.5\" height=\"77.25\" \/><\/a><\/div>\n<h2><span style=\"font-family: arial, helvetica, sans-serif;\"><strong>M\/Y Fragata Crucero Gal\u00e1pagos<\/strong><strong>:<\/strong><\/span><\/h2>\n<p><span style=\"font-family: arial, helvetica, sans-serif;\">El M\/Y Fragata Crucero Gal\u00e1pagos, construido en 1994, es un yate de Turista Superior que ofrece un ambiente relajante y atenci\u00f3n a los detalles. Adem\u00e1s, cuenta con amplias \u00e1reas comunes, cabinas acogedoras con ba\u00f1o privado, y un comedor que sirve exquisita comida local e internacional. Asimismo, una tripulaci\u00f3n atenta y un gu\u00eda naturalista biling\u00fce garantizan una experiencia inolvidable explorando las maravillas de las Islas Gal\u00e1pagos<\/span><\/p>\n<h2><span style=\"font-family: arial, helvetica, sans-serif;\"><strong>CARACTER\u00cdSTICAS PRINCIPALES<\/strong><\/span><\/h2>\n<ul>\n<li style=\"text-align: justify;\"><span style=\"font-family: arial, helvetica, sans-serif;\">El M\/Y Fragata Crucero Gal\u00e1pagos es un crucero de Turista Superior<\/span><\/li>\n<li style=\"text-align: justify;\"><span style=\"font-family: arial, helvetica, sans-serif;\">Amplio y c\u00f3modo construido exclusivamente para navegar en las Islas Gal\u00e1pagos.<\/span><\/li>\n<li style=\"text-align: justify;\"><span style=\"font-family: arial, helvetica, sans-serif;\">El bote y la tripulaci\u00f3n ofrecen un atm\u00f3sfera relaxant con una especial atenci\u00f3n a los detalles<\/span><\/li>\n<li style=\"text-align: justify;\"><span style=\"font-family: arial, helvetica, sans-serif;\">Gu\u00eda naturalista biling\u00fce<\/span><\/li>\n<\/ul>\n<p><span style=\"font-family: arial, helvetica, sans-serif;\"> <!--more--><\/span><\/p>\n<h3><span style=\"font-family: arial, helvetica, sans-serif;\">Experiencia de Lujo en el M\/Y Fragata<\/span><\/h3>\n<p><span style=\"font-family: arial, helvetica, sans-serif;\">Construido en 1994, espec\u00edficamente para asegurar una navegaci\u00f3n estable al navegar en Gal\u00e1pagos, este amplio y c\u00f3modo yate de motor est\u00e1 decorado y equipado para ofrecer, adem\u00e1s, un crucero agradable a trav\u00e9s de las Islas Gal\u00e1pagos. Por tanto, ofrece mucho espacio y comfort para un crucero naturalista, y asimismo permite a los pasajeros admirar el maravilloso mundo submarino.<\/span><\/p>\n<p><span style=\"font-family: arial, helvetica, sans-serif;\">En su interior, adem\u00e1s, consta de aire acondicionado y alfombrado; presenta un c\u00f3modo sal\u00f3n con grandes ventanas panor\u00e1micas, una peque\u00f1a biblioteca, reproductor de sonido, TV\/VCR, un bar sal\u00f3n y un elegante comedor donde, tambi\u00e9n, encontrar\u00e1 espl\u00e9ndida comida Local e Internacional.<\/span><\/p>\n<p><span style=\"font-family: arial, helvetica, sans-serif;\">Finalmente, consta de una cubierta de sombra y una plataforma de buceo.<\/span><\/p>\n<h3 style=\"text-align: justify;\"><span style=\"font-family: arial, helvetica, sans-serif;\"><strong>Cabinas:<\/strong><\/span><\/h3>\n<p style=\"text-align: justify;\"><span style=\"font-family: arial, helvetica, sans-serif;\">Alberga a 16 pasajeros en acogedoras cabinas simples y dobles completamente alfombradas. Cada una con su ba\u00f1o privado y ducha con agua caliente.<\/span><\/p>\n<div id=\"gallery_1\" class=\"gallery\">\n<div class=\"row gallery__items\">\n\t\t\t\t\t<div class=\"col-sm-12 gallery__item-wrap\" data-filterid=\"\">\n\t\t\t<a href=\"https:\/\/naturegalapagos.com\/es\/wp-content\/uploads\/sites\/3\/2023\/12\/plano-en-fragata.jpg\" class=\"swipebox gallery__item\" title=\"Plano en crucero Fragata\">\n\t\t\t\t<img decoding=\"async\" width=\"600\" height=\"480\" src=\"https:\/\/naturegalapagos.com\/es\/wp-content\/uploads\/sites\/3\/2023\/12\/plano-en-fragata-600x480.jpg\" class=\"attachment-thumb_gallery size-thumb_gallery\" alt=\"Plan deck\" \/>\t\t\t\t<span class=\"gallery__item__info\">\n\t\t\t\t\t<span class=\"gallery__item__info__content\">\n\t\t\t\t\t\t<span class=\"gallery__item__title\">Plano en crucero Fragata<\/span>\n\t\t\t\t\t\t\t\t\t\t<\/span>\n\t\t\t\t\t<span class=\"gallery__item__shadow\"><\/span>\n\t\t\t\t<\/span>\n\t\t\t<\/a>\n\t\t<\/div>\n\t<\/div>\n<\/div>\n<table style=\"width: 572px;\" border=\"0\" cellspacing=\"0\" cellpadding=\"0\" align=\"center\">\n<tbody>\n<tr style=\"background-color: #e6e6e6;\">\n<th style=\"width: 572px;\" colspan=\"2\" align=\"center\">\n<h4><span style=\"font-family: arial, helvetica, sans-serif;\"><strong><\/strong><strong>Especificaciones T\u00e9cnicas<\/strong><\/span><\/h4>\n<\/th>\n<\/tr>\n<tr>\n<td style=\"width: 167px;\"><span style=\"font-family: arial, helvetica, sans-serif;\"><strong>Tipo:<\/strong><\/span><\/td>\n<td style=\"width: 405px;\"><span style=\"font-family: arial, helvetica, sans-serif;\"> Yate a Motor<\/span><\/td>\n<\/tr>\n<tr>\n<td style=\"width: 167px;\"><span style=\"font-family: arial, helvetica, sans-serif;\"><strong>Categoria:<\/strong><\/span><\/td>\n<td style=\"width: 405px;\"><span style=\"font-family: arial, helvetica, sans-serif;\">Turista Superior<\/span><\/td>\n<\/tr>\n<tr>\n<td style=\"width: 167px;\"><span style=\"font-family: arial, helvetica, sans-serif;\"><strong>Capacidad:<\/strong><\/span><\/td>\n<td style=\"width: 405px;\"><span style=\"font-family: arial, helvetica, sans-serif;\"> 16 pasajeros<\/span><\/td>\n<\/tr>\n<tr>\n<td style=\"width: 167px;\"><span style=\"font-family: arial, helvetica, sans-serif;\"><strong>Generadores<\/strong>:<\/span><\/td>\n<td style=\"width: 405px;\"><span style=\"font-family: arial, helvetica, sans-serif;\"> 2 x 45 Kva Kholer for 110 an 220 Volt; 12 and 24 Volt DC<\/span><\/td>\n<\/tr>\n<tr>\n<td style=\"width: 167px;\"><span style=\"font-family: arial, helvetica, sans-serif;\"><strong>Velocidad:<\/strong><\/span><\/td>\n<td style=\"text-align: justify; width: 405px;\"><span style=\"font-family: arial, helvetica, sans-serif;\">8 knots cruising<\/span><\/td>\n<\/tr>\n<tr>\n<td style=\"width: 167px;\"><span style=\"font-family: arial, helvetica, sans-serif;\"><strong>Motores:<\/strong><\/span><\/td>\n<td style=\"text-align: justify; width: 405px;\"><span style=\"font-family: arial, helvetica, sans-serif;\">2 x 200 H.P. Detroit Diesel 8V-71<\/span><\/td>\n<\/tr>\n<tr>\n<td style=\"width: 167px;\"><span style=\"font-family: arial, helvetica, sans-serif;\"><strong>L.O.A:<\/strong><\/span><\/td>\n<td style=\"text-align: justify; width: 405px;\"><span style=\"font-family: arial, helvetica, sans-serif;\">75 ft<\/span><\/td>\n<\/tr>\n<tr>\n<td style=\"width: 167px;\"><span style=\"font-family: arial, helvetica, sans-serif;\"><strong>BEAM<\/strong><\/span><\/td>\n<td style=\"width: 405px;\"><span style=\"font-family: arial, helvetica, sans-serif;\">21 ft<\/span><\/td>\n<\/tr>\n<tr>\n<td style=\"width: 167px;\"><span style=\"font-family: arial, helvetica, sans-serif;\"><strong>DRAFT<\/strong><\/span><\/td>\n<td style=\"width: 405px;\"><span style=\"font-family: arial, helvetica, sans-serif;\">12 ft<\/span><\/td>\n<\/tr>\n<\/tbody>\n<\/table>\n<p>[\/vc_column_text][\/vc_column][\/vc_row][vc_row][vc_column el_class=&#8221;accocruise&#8221;][vc_column_text]\n<div class=\"panel panel-default accordion__item\">\n\t<div class=\"panel-heading accordion__item__title-wrap\">\n\t\t<h4 class=\"panel-title\">\n\t\t\t<a data-toggle=\"collapse\" data-parent=\"#ataccordion0\" href=\"#ataccordion0_1\" class=\"accordion__item__link collapsed\">Solicite m\u00e1s informaci\u00f3n<\/a>\n\t\t<\/h4>\n\t<\/div>\n\t<div id=\"ataccordion0_1\" class=\"panel-collapse collapse\">\n\t\t<div class=\"panel-body accordion__item__content\">\n                <div class=\"ml-embedded\" data-form=\"mTBNkD\"><\/div>\n            \n<\/div>\n\t<\/div>\n<\/div>[\/vc_column_text][\/vc_column][\/vc_row][vc_row][vc_column][\/vc_column][\/vc_row]<\/p>\n<\/div>","protected":false},"excerpt":{"rendered":"<p>M\/Y Fragata Crucero Gal\u00e1pagos: El M\/Y Fragata Crucero Gal\u00e1pagos, construido en 1994, es un yate de Turista Superior que ofrece un ambiente relajante y atenci\u00f3n a los detalles. Adem\u00e1s, cuenta con amplias \u00e1reas comunes, cabinas acogedoras con ba\u00f1o privado, y un comedor que sirve exquisita comida local e internacional. Asimismo, una tripulaci\u00f3n atenta y un<\/p>\n<div class=\"padding-top text-center\"><a href=\"https:\/\/naturegalapagos.com\/es\/cruceros-galapagos\/yate-fragata-primera-clase\/\" class=\"atbtn atbtn--medium atbtn--rounded atbtn--transparent\">Leer m\u00e1s<i class=\"atbtn__icon atbtn__icon--right fa fa-long-arrow-right\"><\/i><\/a><\/div>\n","protected":false},"featured_media":2228,"comment_status":"open","ping_status":"closed","template":"","meta":{"_joinchat":[]},"product_brand":[],"product_cat":[3599],"product_tag":[],"class_list":{"0":"post-1567","1":"product","2":"type-product","3":"status-publish","4":"has-post-thumbnail","6":"product_cat-sin-categoria","7":"tour_category-cruceros-turista-superior","9":"first","10":"instock","11":"virtual","12":"taxable","13":"product-type-tour"},"yoast_head":"<!-- This site is optimized with the Yoast SEO Premium plugin v25.6 (Yoast SEO v26.1.1) - https:\/\/yoast.com\/wordpress\/plugins\/seo\/ -->\n<title>M\/Y Fragata Crucero Gal\u00e1pagos | Yate Turista Superior<\/title>\n<meta name=\"description\" content=\"M\/Y Fragata Crucero Gal\u00e1pagos ofrece mucho espacio y comfort en un crucero naturalista; tambi\u00e9n permite admirar el maravilloso mundo submarino.\" \/>\n<meta name=\"robots\" content=\"index, follow, max-snippet:-1, max-image-preview:large, max-video-preview:-1\" \/>\n<link rel=\"canonical\" href=\"https:\/\/naturegalapagos.com\/es\/cruceros-galapagos\/yate-fragata-primera-clase\/\" \/>\n<meta property=\"og:locale\" content=\"es_ES\" \/>\n<meta property=\"og:type\" content=\"article\" \/>\n<meta property=\"og:title\" content=\"M\/Y Fragata Crucero Gal\u00e1pagos\" \/>\n<meta property=\"og:description\" content=\"M\/Y Fragata Crucero Gal\u00e1pagos ofrece mucho espacio y comfort en un crucero naturalista; tambi\u00e9n permite admirar el maravilloso mundo submarino.\" \/>\n<meta property=\"og:url\" content=\"https:\/\/naturegalapagos.com\/es\/cruceros-galapagos\/yate-fragata-primera-clase\/\" \/>\n<meta property=\"og:site_name\" content=\"Espa\u00f1ol - Nature Galapagos &amp; Ecuador\" \/>\n<meta property=\"article:publisher\" content=\"https:\/\/www.facebook.com\/naturegalapagosecuador\/\" \/>\n<meta property=\"article:modified_time\" content=\"2024-08-09T20:50:17+00:00\" \/>\n<meta property=\"og:image\" content=\"https:\/\/naturegalapagos.com\/es\/wp-content\/uploads\/sites\/3\/2016\/06\/fragata-crucero-galapagos.jpg\" \/>\n\t<meta property=\"og:image:width\" content=\"1024\" \/>\n\t<meta property=\"og:image:height\" content=\"512\" \/>\n\t<meta property=\"og:image:type\" content=\"image\/jpeg\" \/>\n<meta name=\"twitter:card\" content=\"summary_large_image\" \/>\n<meta name=\"twitter:site\" content=\"@naturegalapagos\" \/>\n<meta name=\"twitter:label1\" content=\"Tiempo de lectura\" \/>\n\t<meta name=\"twitter:data1\" content=\"2 minutos\" \/>\n<!-- \/ Yoast SEO Premium plugin. -->","yoast_head_json":{"title":"M\/Y Fragata Crucero Gal\u00e1pagos | Yate Turista Superior","description":"M\/Y Fragata Crucero Gal\u00e1pagos ofrece mucho espacio y comfort en un crucero naturalista; tambi\u00e9n permite admirar el maravilloso mundo submarino.","robots":{"index":"index","follow":"follow","max-snippet":"max-snippet:-1","max-image-preview":"max-image-preview:large","max-video-preview":"max-video-preview:-1"},"canonical":"https:\/\/naturegalapagos.com\/es\/cruceros-galapagos\/yate-fragata-primera-clase\/","og_locale":"es_ES","og_type":"article","og_title":"M\/Y Fragata Crucero Gal\u00e1pagos","og_description":"M\/Y Fragata Crucero Gal\u00e1pagos ofrece mucho espacio y comfort en un crucero naturalista; tambi\u00e9n permite admirar el maravilloso mundo submarino.","og_url":"https:\/\/naturegalapagos.com\/es\/cruceros-galapagos\/yate-fragata-primera-clase\/","og_site_name":"Espa\u00f1ol - Nature Galapagos &amp; Ecuador","article_publisher":"https:\/\/www.facebook.com\/naturegalapagosecuador\/","article_modified_time":"2024-08-09T20:50:17+00:00","og_image":[{"width":1024,"height":512,"url":"https:\/\/naturegalapagos.com\/es\/wp-content\/uploads\/sites\/3\/2016\/06\/fragata-crucero-galapagos.jpg","type":"image\/jpeg"}],"twitter_card":"summary_large_image","twitter_site":"@naturegalapagos","twitter_misc":{"Tiempo de lectura":"2 minutos"},"schema":{"@context":"https:\/\/schema.org","@graph":[{"@type":"WebPage","@id":"https:\/\/naturegalapagos.com\/es\/cruceros-galapagos\/yate-fragata-primera-clase\/","url":"https:\/\/naturegalapagos.com\/es\/cruceros-galapagos\/yate-fragata-primera-clase\/","name":"M\/Y Fragata Crucero Gal\u00e1pagos | Yate Turista Superior","isPartOf":{"@id":"https:\/\/naturegalapagos.com\/es\/#website"},"primaryImageOfPage":{"@id":"https:\/\/naturegalapagos.com\/es\/cruceros-galapagos\/yate-fragata-primera-clase\/#primaryimage"},"image":{"@id":"https:\/\/naturegalapagos.com\/es\/cruceros-galapagos\/yate-fragata-primera-clase\/#primaryimage"},"thumbnailUrl":"https:\/\/naturegalapagos.com\/es\/wp-content\/uploads\/sites\/3\/2016\/06\/fragata-crucero-galapagos.jpg","datePublished":"2015-01-16T16:57:24+00:00","dateModified":"2024-08-09T20:50:17+00:00","description":"M\/Y Fragata Crucero Gal\u00e1pagos ofrece mucho espacio y comfort en un crucero naturalista; tambi\u00e9n permite admirar el maravilloso mundo submarino.","breadcrumb":{"@id":"https:\/\/naturegalapagos.com\/es\/cruceros-galapagos\/yate-fragata-primera-clase\/#breadcrumb"},"inLanguage":"es","potentialAction":[{"@type":"ReadAction","target":["https:\/\/naturegalapagos.com\/es\/cruceros-galapagos\/yate-fragata-primera-clase\/"]}]},{"@type":"ImageObject","inLanguage":"es","@id":"https:\/\/naturegalapagos.com\/es\/cruceros-galapagos\/yate-fragata-primera-clase\/#primaryimage","url":"https:\/\/naturegalapagos.com\/es\/wp-content\/uploads\/sites\/3\/2016\/06\/fragata-crucero-galapagos.jpg","contentUrl":"https:\/\/naturegalapagos.com\/es\/wp-content\/uploads\/sites\/3\/2016\/06\/fragata-crucero-galapagos.jpg","width":1024,"height":512,"caption":"Fragata Crucero Gal\u00e1pagos"},{"@type":"BreadcrumbList","@id":"https:\/\/naturegalapagos.com\/es\/cruceros-galapagos\/yate-fragata-primera-clase\/#breadcrumb","itemListElement":[{"@type":"ListItem","position":1,"name":"Home","item":"https:\/\/naturegalapagos.com\/es\/"},{"@type":"ListItem","position":2,"name":"Tienda","item":"https:\/\/naturegalapagos.com\/es\/tienda\/"},{"@type":"ListItem","position":3,"name":"M\/Y Fragata Crucero Gal\u00e1pagos"}]},{"@type":"WebSite","@id":"https:\/\/naturegalapagos.com\/es\/#website","url":"https:\/\/naturegalapagos.com\/es\/","name":"Espa\u00f1ol - Nature Galapagos & Ecuador","description":"","publisher":{"@id":"https:\/\/naturegalapagos.com\/es\/#organization"},"potentialAction":[{"@type":"SearchAction","target":{"@type":"EntryPoint","urlTemplate":"https:\/\/naturegalapagos.com\/es\/?s={search_term_string}"},"query-input":{"@type":"PropertyValueSpecification","valueRequired":true,"valueName":"search_term_string"}}],"inLanguage":"es"},{"@type":"Organization","@id":"https:\/\/naturegalapagos.com\/es\/#organization","name":"Espa\u00f1ol - Nature Galapagos & Ecuador","url":"https:\/\/naturegalapagos.com\/es\/","logo":{"@type":"ImageObject","inLanguage":"es","@id":"https:\/\/naturegalapagos.com\/es\/#\/schema\/logo\/image\/","url":"https:\/\/naturegalapagos.com\/es\/wp-content\/uploads\/sites\/3\/2016\/10\/Nature-Galapagos-Logo-COM-300x300.jpg","contentUrl":"https:\/\/naturegalapagos.com\/es\/wp-content\/uploads\/sites\/3\/2016\/10\/Nature-Galapagos-Logo-COM-300x300.jpg","width":300,"height":300,"caption":"Espa\u00f1ol - Nature Galapagos & Ecuador"},"image":{"@id":"https:\/\/naturegalapagos.com\/es\/#\/schema\/logo\/image\/"},"sameAs":["https:\/\/www.facebook.com\/naturegalapagosecuador\/","https:\/\/x.com\/naturegalapagos","https:\/\/www.instagram.com\/naturegalapagos\/","https:\/\/www.pinterest.com\/Naturegalapagos\/","https:\/\/www.youtube.com\/user\/NatureGalapagosTours"]}]}},"_links":{"self":[{"href":"https:\/\/naturegalapagos.com\/es\/wp-json\/wp\/v2\/product\/1567","targetHints":{"allow":["GET"]}}],"collection":[{"href":"https:\/\/naturegalapagos.com\/es\/wp-json\/wp\/v2\/product"}],"about":[{"href":"https:\/\/naturegalapagos.com\/es\/wp-json\/wp\/v2\/types\/product"}],"replies":[{"embeddable":true,"href":"https:\/\/naturegalapagos.com\/es\/wp-json\/wp\/v2\/comments?post=1567"}],"wp:featuredmedia":[{"embeddable":true,"href":"https:\/\/naturegalapagos.com\/es\/wp-json\/wp\/v2\/media\/2228"}],"wp:attachment":[{"href":"https:\/\/naturegalapagos.com\/es\/wp-json\/wp\/v2\/media?parent=1567"}],"wp:term":[{"taxonomy":"product_brand","embeddable":true,"href":"https:\/\/naturegalapagos.com\/es\/wp-json\/wp\/v2\/product_brand?post=1567"},{"taxonomy":"product_cat","embeddable":true,"href":"https:\/\/naturegalapagos.com\/es\/wp-json\/wp\/v2\/product_cat?post=1567"},{"taxonomy":"product_tag","embeddable":true,"href":"https:\/\/naturegalapagos.com\/es\/wp-json\/wp\/v2\/product_tag?post=1567"}],"curies":[{"name":"wp","href":"https:\/\/api.w.org\/{rel}","templated":true}]}}