{"id":1580,"date":"2024-12-26T11:48:26","date_gmt":"2024-12-26T16:48:26","guid":{"rendered":"http:\/\/naturegalapagos.com\/es\/cruceros-galapagos\/yate-fragata-primera-clase"},"modified":"2024-12-26T11:49:50","modified_gmt":"2024-12-26T16:49:50","slug":"galaven-crucero-galapagos","status":"publish","type":"product","link":"https:\/\/naturegalapagos.com\/es\/cruceros-galapagos\/yate-galaven-primera-clase\/","title":{"rendered":"M\/Y Galaven Crucero Gal\u00e1pagos"},"content":{"rendered":"<div class=\"wpb-content-wrapper\"><div style=\"display: flex; justify-content: end; margin-bottom: 10px;\"><span style=\"font-family: arial, helvetica, sans-serif;\"><a href=\"https:\/\/naturegalapagos.com\/es\/ofertas-de-viajes\/\" target=\"_blank\" rel=\"noopener\"><img decoding=\"async\" src=\"https:\/\/naturegalapagos.com\/es\/wp-content\/uploads\/sites\/3\/2019\/11\/las-minute-deals-gif_Final_espa\u00f1ol.gif\" alt=\"Oferta de cruceros en Gal\u00e1pagos\" width=\"227.5\" height=\"77.25\" \/><\/a><\/span><\/div>\n<h2><span style=\"font-family: arial, helvetica, sans-serif;\"><strong>D<\/strong><strong>escripci\u00f3n del M\/Y Galaven Crucero Gal\u00e1pagos<\/strong><strong>:<\/strong><\/span><\/h2>\n<p style=\"text-align: justify;\"><span style=\"font-family: arial, helvetica, sans-serif;\">El M\/Y <strong>Galaven Crucero Gal\u00e1pagos<\/strong> tiene una capacidad de 20 pasajeros, considerado a\u00fan como un grupo peque\u00f1o en Gal\u00e1pagos. Comparte las comodidades b\u00e1sicas de otros yates de primera clase, un yate con aire acondicionado y grandes \u00e1reas comunes. Sus cabinas son ligeramente m\u00e1s grandes a nuestro estilo original y tienen un mezcla de literas altas y bajas.<\/span><\/p>\n<p style=\"text-align: justify;\"><span style=\"font-family: arial, helvetica, sans-serif;\">Este yate consta de 11 cabinas dobles; todas tienen aire acondicionado, ba\u00f1o privado y una maravillosa vista al oc\u00e9ano. Est\u00e1 dentro de los yates famosos de Gal\u00e1pagos, mientras que no tiene lujosos adornos de otros barcos, los due\u00f1os del Galaven est\u00e1n interesados en mantener la calidad de los servicios y de gu\u00edas. Todo esto hace del Galaven una manera econ\u00f3mica y de primera clase para explorar las incre\u00edbles Islas Gal\u00e1pagos.<\/span><\/p>\n<p><span style=\"font-size: 18pt; font-family: arial, helvetica, sans-serif;\"><strong>Caracter\u00edsticas principales<\/strong><\/span><\/p>\n<ul>\n<li><span style=\"font-family: arial, helvetica, sans-serif;\">El M\/Y Galaven Crucero Gal\u00e1pagos ofrece grandes \u00e1reas de descanso con sillas para tomar el sol<\/span><\/li>\n<li><span style=\"font-family: arial, helvetica, sans-serif;\">Gran comedor interno y una biblioteca equipada con TV y reproductor de DVD<\/span><\/li>\n<li><span style=\"font-family: arial, helvetica, sans-serif;\">2 Gu\u00edas biling\u00fces lo acompa\u00f1ar\u00e1n en sus visitas.<\/span><\/li>\n<li><span style=\"font-family: arial, helvetica, sans-serif;\">Su capacidad para 20 pasajeros aseguran un servicio personalizado y de calidad<\/span><\/li>\n<li><span style=\"font-family: arial, helvetica, sans-serif;\">Itinerarios extensos y originales<\/span><\/li>\n<\/ul>\n<p style=\"text-align: justify;\"><span style=\"font-family: arial, helvetica, sans-serif;\"><strong>Cabinas:<\/strong><\/span><\/p>\n<p style=\"text-align: justify;\"><span style=\"font-family: arial, helvetica, sans-serif;\">11 cabinas dobles: 2 camas y 2 suites con cama doble. Abarca a un total de 20\u00a0pasajeros. Cada cabina tiene su ba\u00f1o privado, aire acondicionado y agua caliente.<\/span><\/p>\n<table border=\"0\" cellspacing=\"0\" cellpadding=\"0\" align=\"center\">\n<tbody>\n<tr style=\"background-color: #e6e6e6;\">\n<th colspan=\"2\" align=\"center\"><span style=\"font-family: arial, helvetica, sans-serif;\">Especificaciones T\u00e9cnicas<\/span><\/th>\n<\/tr>\n<tr>\n<td><span style=\"font-family: arial, helvetica, sans-serif;\"><strong>Tipo<\/strong><\/span><\/td>\n<td><span style=\"font-family: arial, helvetica, sans-serif;\">\u00a0Motor Yacht &#8211; Naval Steel<\/span><\/td>\n<\/tr>\n<tr>\n<td><span style=\"font-family: arial, helvetica, sans-serif;\"><strong>Categor\u00eda<\/strong><\/span><\/td>\n<td><span style=\"font-family: arial, helvetica, sans-serif;\">\u00a0Turista Superior<\/span><\/td>\n<\/tr>\n<tr>\n<td><span style=\"font-family: arial, helvetica, sans-serif;\"><strong>A\u00f1o Construcci\u00f3n<\/strong><\/span><\/td>\n<td><span style=\"font-family: arial, helvetica, sans-serif;\">\u00a01998<\/span><\/td>\n<\/tr>\n<tr>\n<td><span style=\"font-family: arial, helvetica, sans-serif;\"><strong>Capacidad<\/strong><\/span><\/td>\n<td><span style=\"font-family: arial, helvetica, sans-serif;\">\u00a020 pasajeros<\/span><\/td>\n<\/tr>\n<tr>\n<td><span style=\"font-family: arial, helvetica, sans-serif;\"><strong>Longitud<\/strong><\/span><\/td>\n<td><span style=\"font-family: arial, helvetica, sans-serif;\">\u00a022.66 m<\/span><\/td>\n<\/tr>\n<tr>\n<td><span style=\"font-family: arial, helvetica, sans-serif;\"><b>Haz<\/b><\/span><\/td>\n<td><span style=\"font-family: arial, helvetica, sans-serif;\">\u00a05.35 m<\/span><\/td>\n<\/tr>\n<tr>\n<td><span style=\"font-family: arial, helvetica, sans-serif;\"><strong>Casco<\/strong><\/span><\/td>\n<td><span style=\"font-family: arial, helvetica, sans-serif;\">\u00a03.01 m<\/span><\/td>\n<\/tr>\n<tr>\n<td><span style=\"font-family: arial, helvetica, sans-serif;\"><strong>Velocidad<\/strong><\/span><\/td>\n<td><span style=\"font-family: arial, helvetica, sans-serif;\">\u00a010 nudos<\/span><\/td>\n<\/tr>\n<tr>\n<td><span style=\"font-family: arial, helvetica, sans-serif;\"><strong>Motores<\/strong><\/span><\/td>\n<td><span style=\"font-family: arial, helvetica, sans-serif;\">\u00a02 Cummins (8nds)<\/span><\/td>\n<\/tr>\n<tr>\n<td><span style=\"font-family: arial, helvetica, sans-serif;\"><strong>Sistema El\u00e9ctrico<\/strong><\/span><\/td>\n<td><span style=\"font-family: arial, helvetica, sans-serif;\">\u00a02 Perkins Generators 32 kw<\/span><\/td>\n<\/tr>\n<tr>\n<td><span style=\"font-family: arial, helvetica, sans-serif;\"><strong>Corriente<\/strong><\/span><\/td>\n<td><span style=\"font-family: arial, helvetica, sans-serif;\">\u00a0110v &amp; 220v AC\/DC<\/span><\/td>\n<\/tr>\n<tr>\n<td><span style=\"font-family: arial, helvetica, sans-serif;\"><strong>Tripulaci\u00f3n<br \/>\n<\/strong><\/span><\/td>\n<td><span style=\"font-family: arial, helvetica, sans-serif;\">\u00a08 miembros + 1 Gu\u00eda naturalista biling\u00fce<\/span><\/td>\n<\/tr>\n<tr>\n<td><span style=\"font-family: arial, helvetica, sans-serif;\"><strong>Equipo Seguridad\u00a0<\/strong><\/span><\/td>\n<td><span style=\"font-family: arial, helvetica, sans-serif;\">\u00a0Todo el equipo de seguridad cumple los est\u00e1ndares de guardacostas internacional<\/span><\/td>\n<\/tr>\n<\/tbody>\n<\/table>\n<p>[vc_row][vc_column el_class=&#8221;accocruise&#8221;][vc_column_text]\n<div class=\"panel panel-default accordion__item\">\n\t<div class=\"panel-heading accordion__item__title-wrap\">\n\t\t<h4 class=\"panel-title\">\n\t\t\t<a data-toggle=\"collapse\" data-parent=\"#ataccordion0\" href=\"#ataccordion0_1\" class=\"accordion__item__link collapsed\">Solicite m\u00e1s informaci\u00f3n<\/a>\n\t\t<\/h4>\n\t<\/div>\n\t<div id=\"ataccordion0_1\" class=\"panel-collapse collapse\">\n\t\t<div class=\"panel-body accordion__item__content\">\n                <div class=\"ml-embedded\" data-form=\"DWB8Ol\"><\/div>\n            \n<\/div>\n\t<\/div>\n<\/div>[\/vc_column_text][\/vc_column][\/vc_row]<\/p>\n<\/div>","protected":false},"excerpt":{"rendered":"<p>Descripci\u00f3n del M\/Y Galaven Crucero Gal\u00e1pagos: El M\/Y Galaven Crucero Gal\u00e1pagos tiene una capacidad de 20 pasajeros, considerado a\u00fan como un grupo peque\u00f1o en Gal\u00e1pagos. Comparte las comodidades b\u00e1sicas de otros yates de primera clase, un yate con aire acondicionado y grandes \u00e1reas comunes. Sus cabinas son ligeramente m\u00e1s grandes a nuestro estilo original y<\/p>\n<div class=\"padding-top text-center\"><a href=\"https:\/\/naturegalapagos.com\/es\/cruceros-galapagos\/yate-galaven-primera-clase\/\" class=\"atbtn atbtn--medium atbtn--rounded atbtn--transparent\">Leer m\u00e1s<i class=\"atbtn__icon atbtn__icon--right fa fa-long-arrow-right\"><\/i><\/a><\/div>\n","protected":false},"featured_media":2233,"comment_status":"open","ping_status":"closed","template":"","meta":{"_joinchat":[]},"product_brand":[],"product_cat":[3599],"product_tag":[],"class_list":{"0":"post-1580","1":"product","2":"type-product","3":"status-publish","4":"has-post-thumbnail","6":"product_cat-sin-categoria","7":"tour_category-crucero-primera-clase","9":"first","10":"instock","11":"taxable","12":"shipping-taxable","13":"product-type-tour"},"yoast_head":"<!-- This site is optimized with the Yoast SEO Premium plugin v25.6 (Yoast SEO v26.1.1) - https:\/\/yoast.com\/wordpress\/plugins\/seo\/ -->\n<title>M\/Y Galaven Crucero Gal\u00e1pagos | Yate Primera Clase<\/title>\n<meta name=\"description\" content=\"M\/Y Galaven Crucero Gal\u00e1pagos comparte las comodidades b\u00e1sicas de otros yates de primera clase, un yate con aire acondicionado y grandes \u00e1reas comunes.\" \/>\n<meta name=\"robots\" content=\"index, follow, max-snippet:-1, max-image-preview:large, max-video-preview:-1\" \/>\n<link rel=\"canonical\" href=\"https:\/\/naturegalapagos.com\/es\/cruceros-galapagos\/yate-galaven-primera-clase\/\" \/>\n<meta property=\"og:locale\" content=\"es_ES\" \/>\n<meta property=\"og:type\" content=\"article\" \/>\n<meta property=\"og:title\" content=\"M\/Y Galaven Crucero Gal\u00e1pagos | Yate Primera Clase\" \/>\n<meta property=\"og:description\" content=\"M\/Y Galaven Crucero Gal\u00e1pagos comparte las comodidades b\u00e1sicas de otros yates de primera clase, un yate con aire acondicionado y grandes \u00e1reas comunes.\" \/>\n<meta property=\"og:url\" content=\"https:\/\/naturegalapagos.com\/es\/cruceros-galapagos\/yate-galaven-primera-clase\/\" \/>\n<meta property=\"og:site_name\" content=\"Espa\u00f1ol - Nature Galapagos &amp; Ecuador\" \/>\n<meta property=\"article:publisher\" content=\"https:\/\/www.facebook.com\/naturegalapagosecuador\/\" \/>\n<meta property=\"article:modified_time\" content=\"2024-12-26T16:49:50+00:00\" \/>\n<meta property=\"og:image\" content=\"https:\/\/naturegalapagos.com\/es\/wp-content\/uploads\/sites\/3\/2016\/06\/galaven-crucero-galapagos.jpg\" \/>\n\t<meta property=\"og:image:width\" content=\"1024\" \/>\n\t<meta property=\"og:image:height\" content=\"512\" \/>\n\t<meta property=\"og:image:type\" content=\"image\/jpeg\" \/>\n<meta name=\"twitter:card\" content=\"summary_large_image\" \/>\n<meta name=\"twitter:title\" content=\"M\/Y Galaven Crucero Gal\u00e1pagos | Yate Primera Clase\" \/>\n<meta name=\"twitter:description\" content=\"M\/Y Galaven Crucero Gal\u00e1pagos comparte las comodidades b\u00e1sicas de otros yates de primera clase, un yate con aire acondicionado y grandes \u00e1reas comunes.\" \/>\n<meta name=\"twitter:site\" content=\"@naturegalapagos\" \/>\n<meta name=\"twitter:label1\" content=\"Tiempo de lectura\" \/>\n\t<meta name=\"twitter:data1\" content=\"2 minutos\" \/>\n<!-- \/ Yoast SEO Premium plugin. -->","yoast_head_json":{"title":"M\/Y Galaven Crucero Gal\u00e1pagos | Yate Primera Clase","description":"M\/Y Galaven Crucero Gal\u00e1pagos comparte las comodidades b\u00e1sicas de otros yates de primera clase, un yate con aire acondicionado y grandes \u00e1reas comunes.","robots":{"index":"index","follow":"follow","max-snippet":"max-snippet:-1","max-image-preview":"max-image-preview:large","max-video-preview":"max-video-preview:-1"},"canonical":"https:\/\/naturegalapagos.com\/es\/cruceros-galapagos\/yate-galaven-primera-clase\/","og_locale":"es_ES","og_type":"article","og_title":"M\/Y Galaven Crucero Gal\u00e1pagos | Yate Primera Clase","og_description":"M\/Y Galaven Crucero Gal\u00e1pagos comparte las comodidades b\u00e1sicas de otros yates de primera clase, un yate con aire acondicionado y grandes \u00e1reas comunes.","og_url":"https:\/\/naturegalapagos.com\/es\/cruceros-galapagos\/yate-galaven-primera-clase\/","og_site_name":"Espa\u00f1ol - Nature Galapagos &amp; Ecuador","article_publisher":"https:\/\/www.facebook.com\/naturegalapagosecuador\/","article_modified_time":"2024-12-26T16:49:50+00:00","og_image":[{"width":1024,"height":512,"url":"https:\/\/naturegalapagos.com\/es\/wp-content\/uploads\/sites\/3\/2016\/06\/galaven-crucero-galapagos.jpg","type":"image\/jpeg"}],"twitter_card":"summary_large_image","twitter_title":"M\/Y Galaven Crucero Gal\u00e1pagos | Yate Primera Clase","twitter_description":"M\/Y Galaven Crucero Gal\u00e1pagos comparte las comodidades b\u00e1sicas de otros yates de primera clase, un yate con aire acondicionado y grandes \u00e1reas comunes.","twitter_site":"@naturegalapagos","twitter_misc":{"Tiempo de lectura":"2 minutos"},"schema":{"@context":"https:\/\/schema.org","@graph":[{"@type":"WebPage","@id":"https:\/\/naturegalapagos.com\/es\/cruceros-galapagos\/yate-galaven-primera-clase\/","url":"https:\/\/naturegalapagos.com\/es\/cruceros-galapagos\/yate-galaven-primera-clase\/","name":"M\/Y Galaven Crucero Gal\u00e1pagos | Yate Primera Clase","isPartOf":{"@id":"https:\/\/naturegalapagos.com\/es\/#website"},"primaryImageOfPage":{"@id":"https:\/\/naturegalapagos.com\/es\/cruceros-galapagos\/yate-galaven-primera-clase\/#primaryimage"},"image":{"@id":"https:\/\/naturegalapagos.com\/es\/cruceros-galapagos\/yate-galaven-primera-clase\/#primaryimage"},"thumbnailUrl":"https:\/\/naturegalapagos.com\/es\/wp-content\/uploads\/sites\/3\/2016\/06\/galaven-crucero-galapagos-trip.jpg","datePublished":"2024-12-26T16:48:26+00:00","dateModified":"2024-12-26T16:49:50+00:00","description":"M\/Y Galaven Crucero Gal\u00e1pagos comparte las comodidades b\u00e1sicas de otros yates de primera clase, un yate con aire acondicionado y grandes \u00e1reas comunes.","breadcrumb":{"@id":"https:\/\/naturegalapagos.com\/es\/cruceros-galapagos\/yate-galaven-primera-clase\/#breadcrumb"},"inLanguage":"es","potentialAction":[{"@type":"ReadAction","target":["https:\/\/naturegalapagos.com\/es\/cruceros-galapagos\/yate-galaven-primera-clase\/"]}]},{"@type":"ImageObject","inLanguage":"es","@id":"https:\/\/naturegalapagos.com\/es\/cruceros-galapagos\/yate-galaven-primera-clase\/#primaryimage","url":"https:\/\/naturegalapagos.com\/es\/wp-content\/uploads\/sites\/3\/2016\/06\/galaven-crucero-galapagos-trip.jpg","contentUrl":"https:\/\/naturegalapagos.com\/es\/wp-content\/uploads\/sites\/3\/2016\/06\/galaven-crucero-galapagos-trip.jpg","width":1920,"height":900,"caption":"Galaven Crucero Gal\u00e1pagos Trip"},{"@type":"BreadcrumbList","@id":"https:\/\/naturegalapagos.com\/es\/cruceros-galapagos\/yate-galaven-primera-clase\/#breadcrumb","itemListElement":[{"@type":"ListItem","position":1,"name":"Home","item":"https:\/\/naturegalapagos.com\/es\/"},{"@type":"ListItem","position":2,"name":"Tienda","item":"https:\/\/naturegalapagos.com\/es\/tienda\/"},{"@type":"ListItem","position":3,"name":"M\/Y Galaven Crucero Gal\u00e1pagos"}]},{"@type":"WebSite","@id":"https:\/\/naturegalapagos.com\/es\/#website","url":"https:\/\/naturegalapagos.com\/es\/","name":"Espa\u00f1ol - Nature Galapagos & Ecuador","description":"","publisher":{"@id":"https:\/\/naturegalapagos.com\/es\/#organization"},"potentialAction":[{"@type":"SearchAction","target":{"@type":"EntryPoint","urlTemplate":"https:\/\/naturegalapagos.com\/es\/?s={search_term_string}"},"query-input":{"@type":"PropertyValueSpecification","valueRequired":true,"valueName":"search_term_string"}}],"inLanguage":"es"},{"@type":"Organization","@id":"https:\/\/naturegalapagos.com\/es\/#organization","name":"Espa\u00f1ol - Nature Galapagos & Ecuador","url":"https:\/\/naturegalapagos.com\/es\/","logo":{"@type":"ImageObject","inLanguage":"es","@id":"https:\/\/naturegalapagos.com\/es\/#\/schema\/logo\/image\/","url":"https:\/\/naturegalapagos.com\/es\/wp-content\/uploads\/sites\/3\/2016\/10\/Nature-Galapagos-Logo-COM-300x300.jpg","contentUrl":"https:\/\/naturegalapagos.com\/es\/wp-content\/uploads\/sites\/3\/2016\/10\/Nature-Galapagos-Logo-COM-300x300.jpg","width":300,"height":300,"caption":"Espa\u00f1ol - Nature Galapagos & Ecuador"},"image":{"@id":"https:\/\/naturegalapagos.com\/es\/#\/schema\/logo\/image\/"},"sameAs":["https:\/\/www.facebook.com\/naturegalapagosecuador\/","https:\/\/x.com\/naturegalapagos","https:\/\/www.instagram.com\/naturegalapagos\/","https:\/\/www.pinterest.com\/Naturegalapagos\/","https:\/\/www.youtube.com\/user\/NatureGalapagosTours"]}]}},"_links":{"self":[{"href":"https:\/\/naturegalapagos.com\/es\/wp-json\/wp\/v2\/product\/1580","targetHints":{"allow":["GET"]}}],"collection":[{"href":"https:\/\/naturegalapagos.com\/es\/wp-json\/wp\/v2\/product"}],"about":[{"href":"https:\/\/naturegalapagos.com\/es\/wp-json\/wp\/v2\/types\/product"}],"replies":[{"embeddable":true,"href":"https:\/\/naturegalapagos.com\/es\/wp-json\/wp\/v2\/comments?post=1580"}],"wp:featuredmedia":[{"embeddable":true,"href":"https:\/\/naturegalapagos.com\/es\/wp-json\/wp\/v2\/media\/2233"}],"wp:attachment":[{"href":"https:\/\/naturegalapagos.com\/es\/wp-json\/wp\/v2\/media?parent=1580"}],"wp:term":[{"taxonomy":"product_brand","embeddable":true,"href":"https:\/\/naturegalapagos.com\/es\/wp-json\/wp\/v2\/product_brand?post=1580"},{"taxonomy":"product_cat","embeddable":true,"href":"https:\/\/naturegalapagos.com\/es\/wp-json\/wp\/v2\/product_cat?post=1580"},{"taxonomy":"product_tag","embeddable":true,"href":"https:\/\/naturegalapagos.com\/es\/wp-json\/wp\/v2\/product_tag?post=1580"}],"curies":[{"name":"wp","href":"https:\/\/api.w.org\/{rel}","templated":true}]}}