{"id":1592,"date":"2024-12-26T10:47:12","date_gmt":"2024-12-26T15:47:12","guid":{"rendered":"http:\/\/naturegalapagos.com\/es\/cruceros-galapagos\/yate-majestic-primera-clase"},"modified":"2025-12-19T16:29:57","modified_gmt":"2025-12-19T21:29:57","slug":"monserrat-crucero-galapagos","status":"publish","type":"product","link":"https:\/\/naturegalapagos.com\/es\/cruceros-galapagos\/yate-monserrat-primera-clase\/","title":{"rendered":"M\/Y Monserrat Crucero Gal\u00e1pagos"},"content":{"rendered":"<div class=\"wpb-content-wrapper\"><div style=\"display: flex; justify-content: end; margin-bottom: 10px;\"><a href=\"https:\/\/naturegalapagos.com\/es\/ofertas-de-viajes\/\" target=\"_blank\" rel=\"noopener\"><img decoding=\"async\" src=\"https:\/\/naturegalapagos.com\/es\/wp-content\/uploads\/sites\/3\/2019\/11\/las-minute-deals-gif_Final_espa\u00f1ol.gif\" width=\"227.5\" height=\"77.25\" \/><\/a><\/div>\n<h2><span style=\"font-family: arial, helvetica, sans-serif;\"><strong>D<\/strong><strong>escripci\u00f3n del M\/Y Monserrat Crucero Gal\u00e1pagos<\/strong><strong>:<\/strong><\/span><\/h2>\n<p style=\"text-align: justify;\"><span style=\"font-family: arial, helvetica, sans-serif;\"><strong>Monserrat Crucero Gal\u00e1pagos<\/strong> llamado as\u00ed por la Virgen de Monserrat, patrona de Catalu\u00f1a \u2013 Espa\u00f1a; \u00a0por siglos, marinos alrededor del mundo la han tomado como su leal compa\u00f1era y protectora en su viajes por el mar. \u00a0Nuestro yate lleva su nombre con orgullo como un amuleto tanto para nuestra tripulaci\u00f3n como nuestros invitados.<\/span><\/p>\n<p style=\"text-align: justify;\"><span style=\"font-family: arial, helvetica, sans-serif;\">Originalmente concebido como un yate de pesca, hoy en d\u00eda a sido completamente re-fabricado para ofrecer un servicio de primera clase a nuestros 20 invitados. Esto le permitir\u00e1 explorar las islas de la manera m\u00e1s c\u00f3moda.<\/span><\/p>\n<p><!--more--><\/p>\n<h2><span style=\"font-family: arial, helvetica, sans-serif; font-size: 20px;\"><strong>CARACTER\u00cdSTICAS PRINCIPALES<\/strong><\/span><\/h2>\n<ul>\n<li><span style=\"font-family: arial, helvetica, sans-serif;\">Gran terraza en la cubierta superior con bar, un c\u00f3modo comedor y amplias \u00e1reas de descanso<\/span><\/li>\n<li><span style=\"font-family: arial, helvetica, sans-serif;\">Equipo de Snorkel y toallas de playa incluidas sin cargo adicional.<\/span><\/li>\n<li><span style=\"font-family: arial, helvetica, sans-serif;\">Trajes de ba\u00f1o disponibles para renta.<\/span><\/li>\n<li><span style=\"font-family: arial, helvetica, sans-serif;\">Impresionante comida local e internacional a bordo.<\/span><\/li>\n<li><span style=\"font-family: arial, helvetica, sans-serif;\">Una tripulaci\u00f3n con 11 miembros dedicados a su servicio y un par de gu\u00edas naturalistas expertos<\/span><\/li>\n<\/ul>\n<h3 style=\"text-align: justify;\"><span style=\"font-family: arial, helvetica, sans-serif;\"><strong>Distribuci\u00f3n:<\/strong><\/span><\/h3>\n<ul>\n<li style=\"text-align: justify;\"><span style=\"font-family: arial, helvetica, sans-serif;\"><strong>Cubiertas:<\/strong>\u00a04 (Cubierta inferior, cubierta principal, cubierta superior y terraza)<\/span><\/li>\n<li style=\"text-align: justify;\"><span style=\"font-family: arial, helvetica, sans-serif;\"><strong>Cabinas:\u00a0<\/strong>4 Cabinas Cubierta Inferior \u00a0(2 cabinas twin, 2 cabinas matrimoniales), 6 Cabinas Cubierta Superior (5 cabinas twin, 1 cabina matrimonial).<\/span><\/li>\n<li style=\"text-align: justify;\"><span style=\"font-family: arial, helvetica, sans-serif;\"><strong>Equipamiento Cabinas:<\/strong>\u00a0 Todas constan de camas matrimoniales o dos camas (no literas), aire acondicionado, ropero y ba\u00f1o privado con ducha y agua caliente. Las cabinas incluyen: jab\u00f3n, shampoo, acondicionador, secador de cabello, toallas y tomacorrientes de 110V \/ 60Hz.<\/span><\/li>\n<li style=\"text-align: justify;\"><span style=\"font-family: arial, helvetica, sans-serif;\"><strong>Servicios a bordo:<\/strong>\u00a0 La cubierta principal ofrece una sala de una gran sala de descanso con TV, reproductor de DVD, biblioteca y juegos de mesa; tambi\u00e9n consta de bar, boutique y un amplio comedor. La terraza ofrece un \u00e1rea para disfrutar del sol y un coct\u00e9l.<\/span><\/li>\n<\/ul>\n<p style=\"text-align: justify;\"><span style=\"font-family: arial, helvetica, sans-serif;\">Nuestro director de crucero se encargar\u00e1 de que sus necesidades se cumplan, para que su crucero sea una experiencia inolvidable.<\/span><\/p>\n<table style=\"width: 77.9391%;\" border=\"0\" cellspacing=\"0\" cellpadding=\"0\" align=\"center\">\n<tbody>\n<tr style=\"background-color: #e6e6e6;\">\n<th style=\"width: 201.902%;\" colspan=\"2\" align=\"center\">\n<h4><span style=\"font-size: 16px; font-family: arial, helvetica, sans-serif;\"><strong>Especificaciones T\u00e9cnicas<\/strong><\/span><\/h4>\n<\/th>\n<\/tr>\n<tr>\n<td style=\"width: 28.022%;\"><span style=\"font-size: 16px; font-family: arial, helvetica, sans-serif;\"><strong>Tipo<\/strong><\/span><\/td>\n<td style=\"width: 173.88%;\"><span style=\"font-size: 16px; font-family: arial, helvetica, sans-serif;\">\u00a0Motor Yacht\u00a0&#8211; 2005<\/span><\/td>\n<\/tr>\n<tr>\n<td style=\"width: 28.022%;\"><span style=\"font-size: 16px; font-family: arial, helvetica, sans-serif;\"><strong>Categoria<\/strong><\/span><\/td>\n<td style=\"width: 173.88%;\"><span style=\"font-size: 16px; font-family: arial, helvetica, sans-serif;\">Primera clase<\/span><\/td>\n<\/tr>\n<tr>\n<td style=\"width: 28.022%;\"><span style=\"font-size: 16px; font-family: arial, helvetica, sans-serif;\"><strong>Longitud<\/strong><\/span><\/td>\n<td style=\"width: 173.88%;\"><span style=\"font-size: 16px; font-family: arial, helvetica, sans-serif;\">\u00a091 pies \/ 30 m<\/span><\/td>\n<\/tr>\n<tr>\n<td style=\"width: 28.022%;\"><span style=\"font-size: 16px; font-family: arial, helvetica, sans-serif;\"><strong>Beam<\/strong><\/span><\/td>\n<td style=\"width: 173.88%;\"><span style=\"font-size: 16px; font-family: arial, helvetica, sans-serif;\">22 pies \/ 6.6 m<\/span><\/td>\n<\/tr>\n<tr>\n<td style=\"width: 28.022%;\"><span style=\"font-size: 16px; font-family: arial, helvetica, sans-serif;\"><strong>Draft<\/strong><\/span><\/td>\n<td style=\"width: 173.88%;\"><span style=\"font-size: 16px; font-family: arial, helvetica, sans-serif;\">6 pies \/ 2 m<\/span><\/td>\n<\/tr>\n<tr>\n<td style=\"width: 28.022%;\"><span style=\"font-size: 16px; font-family: arial, helvetica, sans-serif;\"><strong>Capacidad<\/strong><\/span><\/td>\n<td style=\"width: 173.88%;\"><span style=\"font-size: 16px; font-family: arial, helvetica, sans-serif;\">\u00a020 pasajeros<\/span><\/td>\n<\/tr>\n<tr>\n<td style=\"width: 28.022%;\"><span style=\"font-size: 16px; font-family: arial, helvetica, sans-serif;\"><strong>Motores principales<\/strong><\/span><\/td>\n<td style=\"width: 173.88%;\"><span style=\"font-size: 16px; font-family: arial, helvetica, sans-serif;\">\u00a0Propeler \/ Motores generales 340 HP<\/span><\/td>\n<\/tr>\n<tr>\n<td style=\"width: 28.022%;\"><span style=\"font-size: 16px; font-family: arial, helvetica, sans-serif;\"><strong>Sistema el\u00e9ctrico<\/strong><\/span><\/td>\n<td style=\"width: 173.88%;\"><span style=\"font-size: 16px; font-family: arial, helvetica, sans-serif;\">\u00a0110V y 220V<\/span><\/td>\n<\/tr>\n<tr>\n<td style=\"width: 28.022%;\"><span style=\"font-size: 16px; font-family: arial, helvetica, sans-serif;\"><strong>Velocidad<\/strong><\/span><\/td>\n<td style=\"width: 173.88%;\"><span style=\"font-size: 16px; font-family: arial, helvetica, sans-serif;\">\u00a012 nudos<\/span><\/td>\n<\/tr>\n<tr>\n<td style=\"width: 28.022%;\"><span style=\"font-size: 16px; font-family: arial, helvetica, sans-serif;\"><strong>C\u00e1scara<\/strong><\/span><\/td>\n<td style=\"width: 173.88%;\"><span style=\"font-size: 16px; font-family: arial, helvetica, sans-serif;\"> Fibra de vidrio<br \/>\n<\/span><\/td>\n<\/tr>\n<tr>\n<td style=\"width: 28.022%;\"><span style=\"font-size: 16px; font-family: arial, helvetica, sans-serif;\"><strong>Crew<\/strong><\/span><\/td>\n<td style=\"width: 173.88%;\"><span style=\"font-family: arial, helvetica, sans-serif; font-size: 16px;\">11 staff + gu\u00eda naturalista<\/span><\/td>\n<\/tr>\n<tr>\n<td style=\"width: 28.022%;\"><span style=\"font-size: 16px; font-family: arial, helvetica, sans-serif;\"><strong>Accommodation<\/strong><\/span><\/td>\n<td style=\"width: 173.88%;\"><span style=\"font-family: arial, helvetica, sans-serif; font-size: 16px;\">Cubierta inferior:<\/span><br \/>\n<span style=\"font-family: arial, helvetica, sans-serif; font-size: 16px;\">4 caba\u00f1as (2 caba\u00f1as twin y 2 caba\u00f1as matrimoniales)<\/span><br \/>\n<span style=\"font-family: arial, helvetica, sans-serif; font-size: 16px;\">Cubierta alta:<\/span><br \/>\n<span style=\"font-family: arial, helvetica, sans-serif; font-size: 16px;\">6 cabinas (5 cabinas dobles y 1 cabina matrimonial)<\/span><\/td>\n<\/tr>\n<\/tbody>\n<\/table>\n<p>&nbsp;<\/p>\n<h2><span style=\"font-family: arial, helvetica, sans-serif;\">Planos de cubierta<\/span><\/h2>\n<h3><span style=\"font-family: arial, helvetica, sans-serif; font-size: 16px;\">TERRAZA PARA SOLAR<\/span><\/h3>\n<ul>\n<li><span style=\"font-family: arial, helvetica, sans-serif;\">Amplia zona de relax con sombra<\/span><\/li>\n<li><span style=\"font-family: arial, helvetica, sans-serif;\">Zona de relax sin sombra<\/span><\/li>\n<\/ul>\n<h3><span style=\"font-family: arial, helvetica, sans-serif; font-size: 16px;\">ALTA<\/span><\/h3>\n<div>\n<ul>\n<li><span style=\"font-family: arial, helvetica, sans-serif;\">6 caba\u00f1as superiores con cama doble o dos camas individuales con grandes ventanales con vista al oc\u00e9ano<\/span><\/li>\n<li><span style=\"font-family: arial, helvetica, sans-serif;\">\u00c1rea de relajaci\u00f3n sin sombra<\/span><\/li>\n<\/ul>\n<h3><span style=\"font-family: arial, helvetica, sans-serif; font-size: 16px;\">PRINCIPAL<\/span><\/h3>\n<div>\n<ul>\n<li><span style=\"font-family: arial, helvetica, sans-serif;\">Sal\u00f3n principal para sesiones informativas y conferencias.<\/span><\/li>\n<li><span style=\"font-family: arial, helvetica, sans-serif;\">Bar<\/span><\/li>\n<li><span style=\"font-family: arial, helvetica, sans-serif;\">Comedor<\/span><\/li>\n<li><span style=\"font-family: arial, helvetica, sans-serif;\">Cocina<\/span><\/li>\n<\/ul>\n<h3><span style=\"font-family: arial, helvetica, sans-serif; font-size: 16px;\">INFERIOR<\/span><\/h3>\n<ul>\n<li><span style=\"font-family: arial, helvetica, sans-serif;\">2 camarotes con cama doble en la cubierta inferior y ojos de buey<\/span><\/li>\n<li><span style=\"font-family: arial, helvetica, sans-serif;\">2 camarotes con dos camas individuales en la cubierta inferior y ojos de buey<\/span><\/li>\n<\/ul>\n<div id=\"gallery_1\" class=\"gallery\">\n<div class=\"row gallery__items\">\n\t\t\t\t\t<div class=\"col-sm-12 gallery__item-wrap\" data-filterid=\"\">\n\t\t\t<a href=\"https:\/\/naturegalapagos.com\/es\/wp-content\/uploads\/sites\/3\/2023\/12\/deck-plan-monserrat-02.png\" class=\"swipebox gallery__item\" title=\"deck-plan-monserrat-02\">\n\t\t\t\t<img decoding=\"async\" width=\"720\" height=\"480\" src=\"https:\/\/naturegalapagos.com\/es\/wp-content\/uploads\/sites\/3\/2023\/12\/deck-plan-monserrat-02-720x480.png\" class=\"attachment-thumb_gallery size-thumb_gallery\" alt=\"Plano de cubierta crucero Monserrat\" srcset=\"https:\/\/naturegalapagos.com\/es\/wp-content\/uploads\/sites\/3\/2023\/12\/deck-plan-monserrat-02-720x480.png 720w, https:\/\/naturegalapagos.com\/es\/wp-content\/uploads\/sites\/3\/2023\/12\/deck-plan-monserrat-02-531x354.png 531w, https:\/\/naturegalapagos.com\/es\/wp-content\/uploads\/sites\/3\/2023\/12\/deck-plan-monserrat-02-180x120.png 180w\" sizes=\"(max-width: 720px) 100vw, 720px\" \/>\t\t\t\t<span class=\"gallery__item__info\">\n\t\t\t\t\t<span class=\"gallery__item__info__content\">\n\t\t\t\t\t\t<span class=\"gallery__item__title\">deck-plan-monserrat-02<\/span>\n\t\t\t\t\t\t\t\t\t\t<\/span>\n\t\t\t\t\t<span class=\"gallery__item__shadow\"><\/span>\n\t\t\t\t<\/span>\n\t\t\t<\/a>\n\t\t<\/div>\n\t<\/div>\n<\/div>\n<div><\/div>\n<\/div>\n<\/div>\n<p>[vc_row][vc_column el_class=&#8221;accocruise&#8221;][vc_column_text]\n<div class=\"panel panel-default accordion__item\">\n\t<div class=\"panel-heading accordion__item__title-wrap\">\n\t\t<h4 class=\"panel-title\">\n\t\t\t<a data-toggle=\"collapse\" data-parent=\"#ataccordion0\" href=\"#ataccordion0_1\" class=\"accordion__item__link collapsed\">Solicite m\u00e1s informaci\u00f3n<\/a>\n\t\t<\/h4>\n\t<\/div>\n\t<div id=\"ataccordion0_1\" class=\"panel-collapse collapse\">\n\t\t<div class=\"panel-body accordion__item__content\">\n                <div class=\"ml-embedded\" data-form=\"6gKFjk\"><\/div>\n            \n<\/div>\n\t<\/div>\n<\/div>[\/vc_column_text][\/vc_column][\/vc_row]<\/p>\n<\/div>","protected":false},"excerpt":{"rendered":"<p>Descripci\u00f3n del M\/Y Monserrat Crucero Gal\u00e1pagos: Monserrat Crucero Gal\u00e1pagos llamado as\u00ed por la Virgen de Monserrat, patrona de Catalu\u00f1a \u2013 Espa\u00f1a; \u00a0por siglos, marinos alrededor del mundo la han tomado como su leal compa\u00f1era y protectora en su viajes por el mar. \u00a0Nuestro yate lleva su nombre con orgullo como un amuleto tanto para nuestra<\/p>\n<div class=\"padding-top text-center\"><a href=\"https:\/\/naturegalapagos.com\/es\/cruceros-galapagos\/yate-monserrat-primera-clase\/\" class=\"atbtn atbtn--medium atbtn--rounded atbtn--transparent\">Leer m\u00e1s<i class=\"atbtn__icon atbtn__icon--right fa fa-long-arrow-right\"><\/i><\/a><\/div>\n","protected":false},"featured_media":2238,"comment_status":"open","ping_status":"closed","template":"","meta":{"_joinchat":[]},"product_brand":[],"product_cat":[3599],"product_tag":[],"class_list":{"0":"post-1592","1":"product","2":"type-product","3":"status-publish","4":"has-post-thumbnail","6":"product_cat-sin-categoria","7":"tour_category-crucero-primera-clase","9":"first","10":"instock","11":"taxable","12":"shipping-taxable","13":"product-type-tour"},"yoast_head":"<!-- This site is optimized with the Yoast SEO Premium plugin v25.6 (Yoast SEO v26.1.1) - https:\/\/yoast.com\/wordpress\/plugins\/seo\/ -->\n<title>M\/Y Monserrat Crucero Gal\u00e1pagos | Yate Primera Clase<\/title>\n<meta name=\"description\" content=\"M\/Y Monserrat Crucero Gal\u00e1pagos ha sido re-fabricado para ofrecer un servicio de primera clase. Esto le permitir\u00e1 explorar las islas de manera m\u00e1s c\u00f3moda.\" \/>\n<meta name=\"robots\" content=\"index, follow, max-snippet:-1, max-image-preview:large, max-video-preview:-1\" \/>\n<link rel=\"canonical\" href=\"https:\/\/naturegalapagos.com\/es\/cruceros-galapagos\/yate-monserrat-primera-clase\/\" \/>\n<meta property=\"og:locale\" content=\"es_ES\" \/>\n<meta property=\"og:type\" content=\"article\" \/>\n<meta property=\"og:title\" content=\"M\/Y Monserrat Crucero Gal\u00e1pagos | Yate Primera Clase\" \/>\n<meta property=\"og:description\" content=\"M\/Y Monserrat Crucero Gal\u00e1pagos ha sido re-fabricado para ofrecer un servicio de primera clase. Esto le permitir\u00e1 explorar las islas de manera m\u00e1s c\u00f3moda.\" \/>\n<meta property=\"og:url\" content=\"https:\/\/naturegalapagos.com\/es\/cruceros-galapagos\/yate-monserrat-primera-clase\/\" \/>\n<meta property=\"og:site_name\" content=\"Espa\u00f1ol - Nature Galapagos &amp; Ecuador\" \/>\n<meta property=\"article:publisher\" content=\"https:\/\/www.facebook.com\/naturegalapagosecuador\/\" \/>\n<meta property=\"article:modified_time\" content=\"2025-12-19T21:29:57+00:00\" \/>\n<meta property=\"og:image\" content=\"https:\/\/naturegalapagos.com\/es\/wp-content\/uploads\/sites\/3\/2016\/06\/monserrat-crucero-galapagos.jpg\" \/>\n\t<meta property=\"og:image:width\" content=\"1024\" \/>\n\t<meta property=\"og:image:height\" content=\"512\" \/>\n\t<meta property=\"og:image:type\" content=\"image\/jpeg\" \/>\n<meta name=\"twitter:card\" content=\"summary_large_image\" \/>\n<meta name=\"twitter:title\" content=\"M\/Y Monserrat Crucero Gal\u00e1pagos | Yate Primera Clase\" \/>\n<meta name=\"twitter:description\" content=\"M\/Y Monserrat Crucero Gal\u00e1pagos ha sido re-fabricado para ofrecer un servicio de primera clase. Esto le permitir\u00e1 explorar las islas de manera m\u00e1s c\u00f3moda.\" \/>\n<meta name=\"twitter:site\" content=\"@naturegalapagos\" \/>\n<meta name=\"twitter:label1\" content=\"Tiempo de lectura\" \/>\n\t<meta name=\"twitter:data1\" content=\"3 minutos\" \/>\n<!-- \/ Yoast SEO Premium plugin. -->","yoast_head_json":{"title":"M\/Y Monserrat Crucero Gal\u00e1pagos | Yate Primera Clase","description":"M\/Y Monserrat Crucero Gal\u00e1pagos ha sido re-fabricado para ofrecer un servicio de primera clase. Esto le permitir\u00e1 explorar las islas de manera m\u00e1s c\u00f3moda.","robots":{"index":"index","follow":"follow","max-snippet":"max-snippet:-1","max-image-preview":"max-image-preview:large","max-video-preview":"max-video-preview:-1"},"canonical":"https:\/\/naturegalapagos.com\/es\/cruceros-galapagos\/yate-monserrat-primera-clase\/","og_locale":"es_ES","og_type":"article","og_title":"M\/Y Monserrat Crucero Gal\u00e1pagos | Yate Primera Clase","og_description":"M\/Y Monserrat Crucero Gal\u00e1pagos ha sido re-fabricado para ofrecer un servicio de primera clase. Esto le permitir\u00e1 explorar las islas de manera m\u00e1s c\u00f3moda.","og_url":"https:\/\/naturegalapagos.com\/es\/cruceros-galapagos\/yate-monserrat-primera-clase\/","og_site_name":"Espa\u00f1ol - Nature Galapagos &amp; Ecuador","article_publisher":"https:\/\/www.facebook.com\/naturegalapagosecuador\/","article_modified_time":"2025-12-19T21:29:57+00:00","og_image":[{"width":1024,"height":512,"url":"https:\/\/naturegalapagos.com\/es\/wp-content\/uploads\/sites\/3\/2016\/06\/monserrat-crucero-galapagos.jpg","type":"image\/jpeg"}],"twitter_card":"summary_large_image","twitter_title":"M\/Y Monserrat Crucero Gal\u00e1pagos | Yate Primera Clase","twitter_description":"M\/Y Monserrat Crucero Gal\u00e1pagos ha sido re-fabricado para ofrecer un servicio de primera clase. Esto le permitir\u00e1 explorar las islas de manera m\u00e1s c\u00f3moda.","twitter_site":"@naturegalapagos","twitter_misc":{"Tiempo de lectura":"3 minutos"},"schema":{"@context":"https:\/\/schema.org","@graph":[{"@type":"WebPage","@id":"https:\/\/naturegalapagos.com\/es\/cruceros-galapagos\/yate-monserrat-primera-clase\/","url":"https:\/\/naturegalapagos.com\/es\/cruceros-galapagos\/yate-monserrat-primera-clase\/","name":"M\/Y Monserrat Crucero Gal\u00e1pagos | Yate Primera Clase","isPartOf":{"@id":"https:\/\/naturegalapagos.com\/es\/#website"},"primaryImageOfPage":{"@id":"https:\/\/naturegalapagos.com\/es\/cruceros-galapagos\/yate-monserrat-primera-clase\/#primaryimage"},"image":{"@id":"https:\/\/naturegalapagos.com\/es\/cruceros-galapagos\/yate-monserrat-primera-clase\/#primaryimage"},"thumbnailUrl":"https:\/\/naturegalapagos.com\/es\/wp-content\/uploads\/sites\/3\/2016\/06\/monserrat-crucero-galapagos.jpg","datePublished":"2024-12-26T15:47:12+00:00","dateModified":"2025-12-19T21:29:57+00:00","description":"M\/Y Monserrat Crucero Gal\u00e1pagos ha sido re-fabricado para ofrecer un servicio de primera clase. Esto le permitir\u00e1 explorar las islas de manera m\u00e1s c\u00f3moda.","breadcrumb":{"@id":"https:\/\/naturegalapagos.com\/es\/cruceros-galapagos\/yate-monserrat-primera-clase\/#breadcrumb"},"inLanguage":"es","potentialAction":[{"@type":"ReadAction","target":["https:\/\/naturegalapagos.com\/es\/cruceros-galapagos\/yate-monserrat-primera-clase\/"]}]},{"@type":"ImageObject","inLanguage":"es","@id":"https:\/\/naturegalapagos.com\/es\/cruceros-galapagos\/yate-monserrat-primera-clase\/#primaryimage","url":"https:\/\/naturegalapagos.com\/es\/wp-content\/uploads\/sites\/3\/2016\/06\/monserrat-crucero-galapagos.jpg","contentUrl":"https:\/\/naturegalapagos.com\/es\/wp-content\/uploads\/sites\/3\/2016\/06\/monserrat-crucero-galapagos.jpg","width":1024,"height":512,"caption":"Monserrat Crucero Gal\u00e1pagos"},{"@type":"BreadcrumbList","@id":"https:\/\/naturegalapagos.com\/es\/cruceros-galapagos\/yate-monserrat-primera-clase\/#breadcrumb","itemListElement":[{"@type":"ListItem","position":1,"name":"Home","item":"https:\/\/naturegalapagos.com\/es\/"},{"@type":"ListItem","position":2,"name":"Tienda","item":"https:\/\/naturegalapagos.com\/es\/tienda\/"},{"@type":"ListItem","position":3,"name":"M\/Y Monserrat Crucero Gal\u00e1pagos"}]},{"@type":"WebSite","@id":"https:\/\/naturegalapagos.com\/es\/#website","url":"https:\/\/naturegalapagos.com\/es\/","name":"Espa\u00f1ol - Nature Galapagos & Ecuador","description":"","publisher":{"@id":"https:\/\/naturegalapagos.com\/es\/#organization"},"potentialAction":[{"@type":"SearchAction","target":{"@type":"EntryPoint","urlTemplate":"https:\/\/naturegalapagos.com\/es\/?s={search_term_string}"},"query-input":{"@type":"PropertyValueSpecification","valueRequired":true,"valueName":"search_term_string"}}],"inLanguage":"es"},{"@type":"Organization","@id":"https:\/\/naturegalapagos.com\/es\/#organization","name":"Espa\u00f1ol - Nature Galapagos & Ecuador","url":"https:\/\/naturegalapagos.com\/es\/","logo":{"@type":"ImageObject","inLanguage":"es","@id":"https:\/\/naturegalapagos.com\/es\/#\/schema\/logo\/image\/","url":"https:\/\/naturegalapagos.com\/es\/wp-content\/uploads\/sites\/3\/2016\/10\/Nature-Galapagos-Logo-COM-300x300.jpg","contentUrl":"https:\/\/naturegalapagos.com\/es\/wp-content\/uploads\/sites\/3\/2016\/10\/Nature-Galapagos-Logo-COM-300x300.jpg","width":300,"height":300,"caption":"Espa\u00f1ol - Nature Galapagos & Ecuador"},"image":{"@id":"https:\/\/naturegalapagos.com\/es\/#\/schema\/logo\/image\/"},"sameAs":["https:\/\/www.facebook.com\/naturegalapagosecuador\/","https:\/\/x.com\/naturegalapagos","https:\/\/www.instagram.com\/naturegalapagos\/","https:\/\/www.pinterest.com\/Naturegalapagos\/","https:\/\/www.youtube.com\/user\/NatureGalapagosTours"]}]}},"_links":{"self":[{"href":"https:\/\/naturegalapagos.com\/es\/wp-json\/wp\/v2\/product\/1592","targetHints":{"allow":["GET"]}}],"collection":[{"href":"https:\/\/naturegalapagos.com\/es\/wp-json\/wp\/v2\/product"}],"about":[{"href":"https:\/\/naturegalapagos.com\/es\/wp-json\/wp\/v2\/types\/product"}],"replies":[{"embeddable":true,"href":"https:\/\/naturegalapagos.com\/es\/wp-json\/wp\/v2\/comments?post=1592"}],"wp:featuredmedia":[{"embeddable":true,"href":"https:\/\/naturegalapagos.com\/es\/wp-json\/wp\/v2\/media\/2238"}],"wp:attachment":[{"href":"https:\/\/naturegalapagos.com\/es\/wp-json\/wp\/v2\/media?parent=1592"}],"wp:term":[{"taxonomy":"product_brand","embeddable":true,"href":"https:\/\/naturegalapagos.com\/es\/wp-json\/wp\/v2\/product_brand?post=1592"},{"taxonomy":"product_cat","embeddable":true,"href":"https:\/\/naturegalapagos.com\/es\/wp-json\/wp\/v2\/product_cat?post=1592"},{"taxonomy":"product_tag","embeddable":true,"href":"https:\/\/naturegalapagos.com\/es\/wp-json\/wp\/v2\/product_tag?post=1592"}],"curies":[{"name":"wp","href":"https:\/\/api.w.org\/{rel}","templated":true}]}}