{"id":1618,"date":"2024-09-11T12:20:06","date_gmt":"2024-09-11T16:20:06","guid":{"rendered":"http:\/\/naturegalapagos.com\/es\/buceo-galapagos\/tour-buceo-galapagos-8-dias"},"modified":"2026-01-22T16:14:20","modified_gmt":"2026-01-22T21:14:20","slug":"buceo-galapagostour-buceo-galapagos-8-dias","status":"publish","type":"product","link":"https:\/\/naturegalapagos.com\/es\/buceo-galapagos\/tour-buceo-galapagos-8-dias\/","title":{"rendered":"Tour de buceo Gal\u00e1pagos Tour | 8 D\u00edas &#8211; 7 Noches"},"content":{"rendered":"<h2><span style=\"font-family: arial, helvetica, sans-serif; font-size: 18pt;\"><strong>8 D\u00edas de Buceo en las Islas Gal\u00e1pagos \u2013 Tour Terrestre<\/strong><\/span><\/h2>\n<p><span style=\"font-family: arial, helvetica, sans-serif;\">Nuestra <strong>Experiencia de Tours de Buceo en Gal\u00e1pagos<\/strong> es el programa definitivo que combina buceo y caminatas. Este tour terrestre de buceo de 8 d\u00edas en Gal\u00e1pagos lo llevar\u00e1 a los sitios de buceo m\u00e1s impresionantes de San Crist\u00f3bal y Santa Cruz.<\/span><\/p>\n<p><span style=\"font-family: arial, helvetica, sans-serif;\">Disfrute de la exploraci\u00f3n de la fauna marina y terrestre de Gal\u00e1pagos con 4 d\u00edas completos de buceo, adem\u00e1s de caminatas y actividades de snorkel en paisajes \u00fanicos. La mejor combinaci\u00f3n para descubrir todas las maravillas de Gal\u00e1pagos. \u00a1Personalice este viaje y cons\u00faltenos por m\u00e1s opciones!<\/span><\/p>\n<p><span style=\"font-family: arial, helvetica, sans-serif;\"><br \/>\n<strong>Fecha de inicio:<\/strong> Todos los d\u00edas.<br \/>\n<strong>Lugares a visitar:<\/strong> San Crist\u00f3bal y Santa Cruz \u2013 4 destinos de buceo de d\u00eda completo.<br \/>\n<strong>Actividades:<\/strong> Buceo, caminatas, snorkel y observaci\u00f3n de fauna.<br \/>\n<strong>Tipo de viaje:<\/strong> Tour de buceo terrestre.<br \/>\n<strong>Nivel de buceo:<\/strong> Principiantes certificados \u2013 Intermedio \u2013 Avanzado<br \/>\n<\/span><\/p>\n<h3><span style=\"font-family: arial, helvetica, sans-serif; font-size: 18pt;\"><strong>Itinerario Resumido<\/strong><\/span><\/h3>\n<ul>\n<li><span style=\"font-family: arial, helvetica, sans-serif;\"><strong>D\u00eda 1:<\/strong> Llegada al Aeropuerto de San Crist\u00f3bal \u2013 Centro de Interpretaci\u00f3n \/ Cerro Tijeretas<\/span><\/li>\n<li><span style=\"font-family: arial, helvetica, sans-serif;\"><strong>D\u00eda 2:<\/strong> Isla San Crist\u00f3bal: BUCEO DE D\u00cdA COMPLETO EN KICKER ROCKS (2 inmersiones \/ Box Lunch)<\/span><\/li>\n<li><span style=\"font-family: arial, helvetica, sans-serif;\"><strong>D\u00eda 3:<\/strong> Traslado a la Isla Santa Cruz \/ Ma\u00f1ana libre \/ Visita a la Parte Alta (Tortugas Gigantes)<\/span><\/li>\n<li><span style=\"font-family: arial, helvetica, sans-serif;\"><strong>D\u00eda 4:<\/strong> Isla Santa Cruz: BUCEO DE D\u00cdA COMPLETO (2 inmersiones \/ Box Lunch)<\/span><\/li>\n<li><span style=\"font-family: arial, helvetica, sans-serif;\"><strong>D\u00eda 5:<\/strong> Isla Santa Cruz: BUCEO DE D\u00cdA COMPLETO (2 inmersiones \/ Box Lunch)<\/span><\/li>\n<li><span style=\"font-family: arial, helvetica, sans-serif;\"><strong>D\u00eda 6:<\/strong> Isla Santa Cruz: BUCEO DE D\u00cdA COMPLETO (2 inmersiones \/ Box Lunch)<\/span><\/li>\n<li><span style=\"font-family: arial, helvetica, sans-serif;\"><strong>D\u00eda 7:<\/strong> Isla Santa Cruz: D\u00cdA LIBRE<\/span><\/li>\n<li><span style=\"font-family: arial, helvetica, sans-serif;\"><strong>D\u00eda 8:<\/strong> Traslado de salida al Aeropuerto de Baltra<\/span><\/li>\n<\/ul>\n<p>Para ver el itinerario completo, haga clic en la pesta\u00f1a Itinerario de arriba <span style=\"color: #ff0000;\"><strong>\u21d1<\/strong><\/span>.<\/p>\n<h3><strong><span style=\"font-size: 18pt; font-family: arial, helvetica, sans-serif;\">Informaci\u00f3n Esencial del Viaje<\/span><\/strong><\/h3>\n<ul>\n<li><span style=\"font-family: arial, helvetica, sans-serif;\"><a class=\"atbtn atbtn--small\" href=\"https:\/\/naturegalapagos.com\/galapagos-tours\/navigable-diving\/general-information\/\" target=\"_blank\" rel=\"noopener noreferrer\">Informaci\u00f3n General<\/a><\/span><\/li>\n<\/ul>\n<ul>\n<li><span style=\"font-family: arial, helvetica, sans-serif;\"><a class=\"atbtn atbtn--small\" href=\"http:\/\/naturegalapagos.com\/galapagos-tours\/galapagos-land-tours\/trip-tips\/\" target=\"_blank\" rel=\"noopener noreferrer\">Consejos de Viaje<\/a><\/span><\/li>\n<\/ul>\n<p><!-- TABLA DE SITIOS DE BUCEO SE MANTIENE SIN CAMBIOS --><\/p>\n<h3><span style=\"font-size: 18pt;\"><strong><span style=\"font-family: arial, helvetica, sans-serif;\">Observaciones Importantes<\/span><\/strong><\/span><\/h3>\n<p><span style=\"font-family: arial, helvetica, sans-serif;\"><strong>* Sitios y fechas de visita regulados por el Parque Nacional Gal\u00e1pagos *<\/strong><br \/>\n<em><strong>NOTA:<\/strong> Los sitios de buceo se asignan diariamente y dependen de la disponibilidad. El itinerario est\u00e1 sujeto a cambios debido a disposiciones del Parque Nacional o a circunstancias fuera de nuestro control (fuerza mayor).<\/em><\/span><\/p>\n<table class=\"table table-bordered tours-tabs__table\">\n<tbody>\n<tr>\n<td><strong>LUGAR DE SALIDA<\/strong><\/td>\n<td>Aeropuerto de la Isla San Crist\u00f3bal (SCY)<\/td>\n<\/tr>\n<tr>\n<td><strong>LUGAR DE RETORNO<\/strong><\/td>\n<td>Aeropuerto de la Isla Baltra (GPS)<\/td>\n<\/tr>\n<tr>\n<td><strong>HORA DE SALIDA<\/strong><\/td>\n<td>Debe llegar antes de las 11:00 a.m. *Consulte para m\u00e1s detalles.<\/td>\n<\/tr>\n<tr>\n<td><strong>HORA DE RETORNO<\/strong><\/td>\n<td>Aproximadamente 10:00 a.m. *Consulte para m\u00e1s detalles.<\/td>\n<\/tr>\n<tr>\n<td><strong>QU\u00c9 LLEVAR<\/strong><\/td>\n<td>Ropa c\u00f3moda, zapatos para caminata, gorra, chaqueta y protector solar.<\/td>\n<\/tr>\n<\/tbody>\n<\/table>\n<p><em><strong>NOTA:<\/strong> Los sitios de buceo son asignados diariamente y dependen de la disponibilidad. El itinerario puede cambiar por regulaciones del Parque Nacional Gal\u00e1pagos o por causas de fuerza mayor.<\/em><\/p>\n<p>&nbsp;<\/p>\n<div id=\"footable_parent_7479\"\n         class=\" footable_parent ninja_table_wrapper loading_ninja_table wp_table_data_press_parent semantic_ui \">\n                    <h3 class=\"table_title footable_title\">Tarifas de entrada al Parque Nacional Gal\u00e1pagos<\/h3>\n                                <div\n                class=\"table_description footable_description\">Vigentes desde Agosto de 2024<\/div>\n                    <table data-ninja_table_instance=\"ninja_table_instance_0\" data-footable_id=\"7479\" data-filter-delay=\"1000\" aria-label=\"Tarifas de entrada al Parque Nacional Gal\u00e1pagos\"            id=\"footable_7479\"\n           data-unique_identifier=\"ninja_table_unique_id_1679790705_7479\"\n           class=\" foo-table ninja_footable foo_table_7479 ninja_table_unique_id_1679790705_7479 ui table  nt_type_legacy_table vertical_centered  footable-paging-right ninja_table_search_disabled ninja_table_pro\">\n                <colgroup>\n                            <col class=\"ninja_column_0 \"\/>\n                            <col class=\"ninja_column_1 \"\/>\n                    <\/colgroup>\n        <thead>\n<tr class=\"footable-header\">\n                                        <th scope=\"col\"  class=\"ninja_column_0 ninja_clmn_nm_categoria \">Categor\u00eda<\/th><th scope=\"col\"  class=\"ninja_column_1 ninja_clmn_nm_tarifa_usd \">Tarifa (USD)<\/th><\/tr>\n<\/thead>\n<tbody>\n\n        <tr data-row_id=\"2514\" class=\"ninja_table_row_0 nt_row_id_2514\">\n            <td>Turistas extranjeros (mayores de 12 a\u00f1os)<\/td><td>$200<\/td>        <\/tr>\n            <tr data-row_id=\"2515\" class=\"ninja_table_row_1 nt_row_id_2515\">\n            <td>Ni\u00f1os extranjeros (menores de 12 a\u00f1os)<\/td><td>$100<\/td>        <\/tr>\n            <tr data-row_id=\"2516\" class=\"ninja_table_row_2 nt_row_id_2516\">\n            <td>Turistas de pa\u00edses de la Comunidad Andina y MERCOSUR (mayores de 12 a\u00f1os)<\/td><td>$100<\/td>        <\/tr>\n            <tr data-row_id=\"2517\" class=\"ninja_table_row_3 nt_row_id_2517\">\n            <td>Ni\u00f1os de pa\u00edses de la Comunidad Andina y MERCOSUR (menores de 12 a\u00f1os)<\/td><td>$50<\/td>        <\/tr>\n            <tr data-row_id=\"2518\" class=\"ninja_table_row_4 nt_row_id_2518\">\n            <td>Ecuatorianos y residentes en Ecuador (mayores de 12 a\u00f1os)<\/td><td>$30<\/td>        <\/tr>\n            <tr data-row_id=\"2519\" class=\"ninja_table_row_5 nt_row_id_2519\">\n            <td>Ni\u00f1os ecuatorianos y residentes en Ecuador (menores de 12 a\u00f1os)<\/td><td>$15<\/td>        <\/tr>\n            <tr data-row_id=\"2520\" class=\"ninja_table_row_6 nt_row_id_2520\">\n            <td>Adultos mayores (65 a\u00f1os o m\u00e1s, nacionales o residentes)<\/td><td>$15<\/td>        <\/tr>\n            <tr data-row_id=\"2521\" class=\"ninja_table_row_7 nt_row_id_2521\">\n            <td>Personas con discapacidad (certificadas por CONADIS)<\/td><td>$15<\/td>        <\/tr>\n            <tr data-row_id=\"2522\" class=\"ninja_table_row_8 nt_row_id_2522\">\n            <td>Estudiantes extranjeros matriculados en instituciones ecuatorianas<\/td><td>$50<\/td>        <\/tr>\n            <tr data-row_id=\"2523\" class=\"ninja_table_row_9 nt_row_id_2523\">\n            <td>Ni\u00f1os menores de 2 a\u00f1os (nacionales o extranjeros)<\/td><td>Exentos<\/td>        <\/tr>\n    <\/tbody><!--ninja_tobody_rendering_done-->\n    <\/table>\n    \n    \n    \n<\/div>\n\n<div id=\"footable_parent_7481\"\n         class=\" footable_parent ninja_table_wrapper loading_ninja_table wp_table_data_press_parent semantic_ui \">\n                    <h3 class=\"table_title footable_title\">Informaci\u00f3n Adicional<\/h3>\n                        <table data-ninja_table_instance=\"ninja_table_instance_1\" data-footable_id=\"7481\" data-filter-delay=\"1000\" aria-label=\"Informaci\u00f3n Adicional\"            id=\"footable_7481\"\n           data-unique_identifier=\"ninja_table_unique_id_1380785559_7481\"\n           class=\" foo-table ninja_footable foo_table_7481 ninja_table_unique_id_1380785559_7481 ui table  nt_type_legacy_table vertical_centered  footable-paging-right ninjatable_hide_header_row ninja_table_search_disabled ninja_table_pro\">\n                <colgroup>\n                            <col class=\"ninja_column_0 \"\/>\n                            <col class=\"ninja_column_1 \"\/>\n                    <\/colgroup>\n        <thead>\n<tr class=\"footable-header\">\n                                        <th scope=\"col\"  class=\"ninja_column_0 ninja_clmn_nm_forma_de_pago \">Columna 1<\/th><th scope=\"col\"  class=\"ninja_column_1 ninja_clmn_nm_tarjeta_de_conrtol_de_transito \">Columna 2<\/th><\/tr>\n<\/thead>\n<tbody>\n\n        <tr data-row_id=\"2524\" class=\"ninja_table_row_0 nt_row_id_2524\">\n            <td>Forma de pago:<\/td><td>La tarifa se abona en efectivo (USD) al llegar a los aeropuertos de Baltra o San Crist\u00f3bal.<\/td>        <\/tr>\n            <tr data-row_id=\"2525\" class=\"ninja_table_row_1 nt_row_id_2525\">\n            <td>Tarjeta de Control de Tr\u00e1nsito (TCT):<\/td><td>Adem\u00e1s, es obligatorio adquirir esta tarjeta por un valor de $20, la cual se obtiene en los aeropuertos de Quito o Guayaquil antes de abordar el vuelo hacia Gal\u00e1pagos.<\/td>        <\/tr>\n            <tr data-row_id=\"2526\" class=\"ninja_table_row_2 nt_row_id_2526\">\n            <td>Documentaci\u00f3n necesaria:<\/td><td>Pasaporte o c\u00e9dula de identidad vigente, y en el caso de estudiantes extranjeros, presentar el comprobante de matr\u00edcula en una instituci\u00f3n educativa ecuatoriana.<\/td>        <\/tr>\n    <\/tbody><!--ninja_tobody_rendering_done-->\n    <\/table>\n    \n    \n    \n<\/div>\n\n","protected":false},"excerpt":{"rendered":"<p>Tour de buceo Gal\u00e1pagos, tours de 8 d\u00edas y 7 noches, 4 excursiones, 8 inmersiones, elija su experiencia de buceo, compare precios llamemos 593 2 2908725.<\/p>\n","protected":false},"featured_media":2292,"comment_status":"open","ping_status":"closed","template":"","meta":{"_joinchat":[]},"product_brand":[],"product_cat":[3599],"product_tag":[],"class_list":{"0":"post-1618","1":"product","2":"type-product","3":"status-publish","4":"has-post-thumbnail","6":"product_cat-sin-categoria","7":"tour_category-8-day-tours","8":"tour_category-buceo-en-galapagos","9":"tour_category-land-tours","11":"first","12":"instock","13":"taxable","14":"shipping-taxable","15":"product-type-tour"},"yoast_head":"<!-- This site is optimized with the Yoast SEO Premium plugin v25.6 (Yoast SEO v26.1.1) - https:\/\/yoast.com\/wordpress\/plugins\/seo\/ -->\n<title>Tour de buceo Gal\u00e1pagos, tours de 8 d\u00edas y 7 noches<\/title>\n<meta name=\"description\" content=\"Tour de buceo Gal\u00e1pagos, tours de 8 d\u00edas y 7 noches, 4 excursiones, 8 inmersiones, elija su experiencia de buceo, compare precios llamemos 593 2 2908725.\" \/>\n<meta name=\"robots\" content=\"index, follow, max-snippet:-1, max-image-preview:large, max-video-preview:-1\" \/>\n<link rel=\"canonical\" href=\"https:\/\/naturegalapagos.com\/es\/buceo-galapagos\/tour-buceo-galapagos-8-dias\/\" \/>\n<meta property=\"og:locale\" content=\"es_ES\" \/>\n<meta property=\"og:type\" content=\"article\" \/>\n<meta property=\"og:title\" content=\"Tour de buceo Gal\u00e1pagos, tours de 8 d\u00edas y 7 noches\" \/>\n<meta property=\"og:description\" content=\"Tour de buceo Gal\u00e1pagos, tours de 8 d\u00edas y 7 noches, 4 excursiones, 8 inmersiones, elija su experiencia de buceo, compare precios llamemos 593 2 2908725.\" \/>\n<meta property=\"og:url\" content=\"https:\/\/naturegalapagos.com\/es\/buceo-galapagos\/tour-buceo-galapagos-8-dias\/\" \/>\n<meta property=\"og:site_name\" content=\"Espa\u00f1ol - Nature Galapagos &amp; Ecuador\" \/>\n<meta property=\"article:publisher\" content=\"https:\/\/www.facebook.com\/naturegalapagosecuador\/\" \/>\n<meta property=\"article:modified_time\" content=\"2026-01-22T21:14:20+00:00\" \/>\n<meta property=\"og:image\" content=\"https:\/\/naturegalapagos.com\/es\/wp-content\/uploads\/sites\/3\/2016\/06\/tour-de-buceo-galapagos.jpg\" \/>\n\t<meta property=\"og:image:width\" content=\"1024\" \/>\n\t<meta property=\"og:image:height\" content=\"512\" \/>\n\t<meta property=\"og:image:type\" content=\"image\/jpeg\" \/>\n<meta name=\"twitter:card\" content=\"summary_large_image\" \/>\n<meta name=\"twitter:title\" content=\"Tour de buceo Gal\u00e1pagos, tours de 8 d\u00edas y 7 noches\" \/>\n<meta name=\"twitter:description\" content=\"Tour de buceo Gal\u00e1pagos, tours de 8 d\u00edas y 7 noches, 4 excursiones, 8 inmersiones, elija su experiencia de buceo, compare precios llamemos 593 2 2908725.\" \/>\n<meta name=\"twitter:site\" content=\"@naturegalapagos\" \/>\n<meta name=\"twitter:label1\" content=\"Tiempo de lectura\" \/>\n\t<meta name=\"twitter:data1\" content=\"3 minutos\" \/>\n<!-- \/ Yoast SEO Premium plugin. -->","yoast_head_json":{"title":"Tour de buceo Gal\u00e1pagos, tours de 8 d\u00edas y 7 noches","description":"Tour de buceo Gal\u00e1pagos, tours de 8 d\u00edas y 7 noches, 4 excursiones, 8 inmersiones, elija su experiencia de buceo, compare precios llamemos 593 2 2908725.","robots":{"index":"index","follow":"follow","max-snippet":"max-snippet:-1","max-image-preview":"max-image-preview:large","max-video-preview":"max-video-preview:-1"},"canonical":"https:\/\/naturegalapagos.com\/es\/buceo-galapagos\/tour-buceo-galapagos-8-dias\/","og_locale":"es_ES","og_type":"article","og_title":"Tour de buceo Gal\u00e1pagos, tours de 8 d\u00edas y 7 noches","og_description":"Tour de buceo Gal\u00e1pagos, tours de 8 d\u00edas y 7 noches, 4 excursiones, 8 inmersiones, elija su experiencia de buceo, compare precios llamemos 593 2 2908725.","og_url":"https:\/\/naturegalapagos.com\/es\/buceo-galapagos\/tour-buceo-galapagos-8-dias\/","og_site_name":"Espa\u00f1ol - Nature Galapagos &amp; Ecuador","article_publisher":"https:\/\/www.facebook.com\/naturegalapagosecuador\/","article_modified_time":"2026-01-22T21:14:20+00:00","og_image":[{"width":1024,"height":512,"url":"https:\/\/naturegalapagos.com\/es\/wp-content\/uploads\/sites\/3\/2016\/06\/tour-de-buceo-galapagos.jpg","type":"image\/jpeg"}],"twitter_card":"summary_large_image","twitter_title":"Tour de buceo Gal\u00e1pagos, tours de 8 d\u00edas y 7 noches","twitter_description":"Tour de buceo Gal\u00e1pagos, tours de 8 d\u00edas y 7 noches, 4 excursiones, 8 inmersiones, elija su experiencia de buceo, compare precios llamemos 593 2 2908725.","twitter_site":"@naturegalapagos","twitter_misc":{"Tiempo de lectura":"3 minutos"},"schema":{"@context":"https:\/\/schema.org","@graph":[{"@type":"WebPage","@id":"https:\/\/naturegalapagos.com\/es\/buceo-galapagos\/tour-buceo-galapagos-8-dias\/","url":"https:\/\/naturegalapagos.com\/es\/buceo-galapagos\/tour-buceo-galapagos-8-dias\/","name":"Tour de buceo Gal\u00e1pagos, tours de 8 d\u00edas y 7 noches","isPartOf":{"@id":"https:\/\/naturegalapagos.com\/es\/#website"},"primaryImageOfPage":{"@id":"https:\/\/naturegalapagos.com\/es\/buceo-galapagos\/tour-buceo-galapagos-8-dias\/#primaryimage"},"image":{"@id":"https:\/\/naturegalapagos.com\/es\/buceo-galapagos\/tour-buceo-galapagos-8-dias\/#primaryimage"},"thumbnailUrl":"https:\/\/naturegalapagos.com\/es\/wp-content\/uploads\/sites\/3\/2016\/06\/tour-de-buceo-galapagos.jpg","datePublished":"2024-09-11T16:20:06+00:00","dateModified":"2026-01-22T21:14:20+00:00","description":"Tour de buceo Gal\u00e1pagos, tours de 8 d\u00edas y 7 noches, 4 excursiones, 8 inmersiones, elija su experiencia de buceo, compare precios llamemos 593 2 2908725.","breadcrumb":{"@id":"https:\/\/naturegalapagos.com\/es\/buceo-galapagos\/tour-buceo-galapagos-8-dias\/#breadcrumb"},"inLanguage":"es","potentialAction":[{"@type":"ReadAction","target":["https:\/\/naturegalapagos.com\/es\/buceo-galapagos\/tour-buceo-galapagos-8-dias\/"]}]},{"@type":"ImageObject","inLanguage":"es","@id":"https:\/\/naturegalapagos.com\/es\/buceo-galapagos\/tour-buceo-galapagos-8-dias\/#primaryimage","url":"https:\/\/naturegalapagos.com\/es\/wp-content\/uploads\/sites\/3\/2016\/06\/tour-de-buceo-galapagos.jpg","contentUrl":"https:\/\/naturegalapagos.com\/es\/wp-content\/uploads\/sites\/3\/2016\/06\/tour-de-buceo-galapagos.jpg","width":1024,"height":512,"caption":"Tour de Buceo Gal\u00e1pagos"},{"@type":"BreadcrumbList","@id":"https:\/\/naturegalapagos.com\/es\/buceo-galapagos\/tour-buceo-galapagos-8-dias\/#breadcrumb","itemListElement":[{"@type":"ListItem","position":1,"name":"Home","item":"https:\/\/naturegalapagos.com\/es\/"},{"@type":"ListItem","position":2,"name":"Tienda","item":"https:\/\/naturegalapagos.com\/es\/tienda\/"},{"@type":"ListItem","position":3,"name":"Tour de buceo Gal\u00e1pagos Tour | 8 D\u00edas &#8211; 7 Noches"}]},{"@type":"WebSite","@id":"https:\/\/naturegalapagos.com\/es\/#website","url":"https:\/\/naturegalapagos.com\/es\/","name":"Espa\u00f1ol - Nature Galapagos & Ecuador","description":"","publisher":{"@id":"https:\/\/naturegalapagos.com\/es\/#organization"},"potentialAction":[{"@type":"SearchAction","target":{"@type":"EntryPoint","urlTemplate":"https:\/\/naturegalapagos.com\/es\/?s={search_term_string}"},"query-input":{"@type":"PropertyValueSpecification","valueRequired":true,"valueName":"search_term_string"}}],"inLanguage":"es"},{"@type":"Organization","@id":"https:\/\/naturegalapagos.com\/es\/#organization","name":"Espa\u00f1ol - Nature Galapagos & Ecuador","url":"https:\/\/naturegalapagos.com\/es\/","logo":{"@type":"ImageObject","inLanguage":"es","@id":"https:\/\/naturegalapagos.com\/es\/#\/schema\/logo\/image\/","url":"https:\/\/naturegalapagos.com\/es\/wp-content\/uploads\/sites\/3\/2016\/10\/Nature-Galapagos-Logo-COM-300x300.jpg","contentUrl":"https:\/\/naturegalapagos.com\/es\/wp-content\/uploads\/sites\/3\/2016\/10\/Nature-Galapagos-Logo-COM-300x300.jpg","width":300,"height":300,"caption":"Espa\u00f1ol - Nature Galapagos & Ecuador"},"image":{"@id":"https:\/\/naturegalapagos.com\/es\/#\/schema\/logo\/image\/"},"sameAs":["https:\/\/www.facebook.com\/naturegalapagosecuador\/","https:\/\/x.com\/naturegalapagos","https:\/\/www.instagram.com\/naturegalapagos\/","https:\/\/www.pinterest.com\/Naturegalapagos\/","https:\/\/www.youtube.com\/user\/NatureGalapagosTours"]}]}},"_links":{"self":[{"href":"https:\/\/naturegalapagos.com\/es\/wp-json\/wp\/v2\/product\/1618","targetHints":{"allow":["GET"]}}],"collection":[{"href":"https:\/\/naturegalapagos.com\/es\/wp-json\/wp\/v2\/product"}],"about":[{"href":"https:\/\/naturegalapagos.com\/es\/wp-json\/wp\/v2\/types\/product"}],"replies":[{"embeddable":true,"href":"https:\/\/naturegalapagos.com\/es\/wp-json\/wp\/v2\/comments?post=1618"}],"wp:featuredmedia":[{"embeddable":true,"href":"https:\/\/naturegalapagos.com\/es\/wp-json\/wp\/v2\/media\/2292"}],"wp:attachment":[{"href":"https:\/\/naturegalapagos.com\/es\/wp-json\/wp\/v2\/media?parent=1618"}],"wp:term":[{"taxonomy":"product_brand","embeddable":true,"href":"https:\/\/naturegalapagos.com\/es\/wp-json\/wp\/v2\/product_brand?post=1618"},{"taxonomy":"product_cat","embeddable":true,"href":"https:\/\/naturegalapagos.com\/es\/wp-json\/wp\/v2\/product_cat?post=1618"},{"taxonomy":"product_tag","embeddable":true,"href":"https:\/\/naturegalapagos.com\/es\/wp-json\/wp\/v2\/product_tag?post=1618"}],"curies":[{"name":"wp","href":"https:\/\/api.w.org\/{rel}","templated":true}]}}