{"id":1644,"date":"2024-09-17T16:26:28","date_gmt":"2024-09-17T20:26:28","guid":{"rendered":"http:\/\/naturegalapagos.com\/es\/?post_type=product&#038;p=1644"},"modified":"2024-09-17T17:26:21","modified_gmt":"2024-09-17T21:26:21","slug":"quito-turismocity-tour-mitad-del-mundo-2","status":"publish","type":"product","link":"https:\/\/naturegalapagos.com\/es\/quito-turismo\/city-tour-mitad-del-mundo\/","title":{"rendered":"Quito City Tour y Mitad del Mundo"},"content":{"rendered":"<div class=\"wpb-content-wrapper\"><h2><span style=\"font-family: arial, helvetica, sans-serif;\"><strong>Classic Quito City Tour y Mitad del Mundo<\/strong><\/span><\/h2>\n<p><span style=\"font-family: arial, helvetica, sans-serif;\">Explora la historia colonial de Quito visitando sus iglesias y plazas emblem\u00e1ticas, y luego pon un pie en cada hemisferio en la Mitad del Mundo con <strong>Quito City Tour y Mitad del Mundo<\/strong>. Disfruta de vistas impresionantes del volc\u00e1n Pululahua en este tour lleno de cultura y naturaleza.<\/span><\/p>\n<ul>\n<li><span style=\"font-family: arial, helvetica, sans-serif;\">Visita la id\u00edlica ciudad Colonial de Quito (Plaza de la Independencia, La C\u00e1tedral, Plaza de San Francisco)<\/span><\/li>\n<li><span style=\"font-family: arial, helvetica, sans-serif;\">Descubre el mejor ejemplo de la arquitectura barroca de Espa\u00f1a en Am\u00e9rica del Sur en la iglesia de la Compa\u00f1\u00eda de Jes\u00fas.<\/span><\/li>\n<li><span style=\"font-family: arial, helvetica, sans-serif;\">Un pie en el hemisferio norte y otro en el Sur en la mitad del mundo!<\/span><\/li>\n<li><span style=\"font-family: arial, helvetica, sans-serif;\">Disfruta un gran espect\u00e1culo en el mirador del Volcan Pululahua ubicado al norte de Quito!<\/span><\/li>\n<li><span style=\"font-family: arial, helvetica, sans-serif;\">Familiarizarse con delicias culinarias de Quito durante este cl\u00e1sico Quito City Tour.<\/span><\/li>\n<li><span style=\"font-family: arial, helvetica, sans-serif;\">Seguro quedaras admirado por su belleza.<\/span><\/li>\n<\/ul>\n<p><span style=\"font-family: arial, helvetica, sans-serif;\"><!--more--><\/span><\/p>\n<h3><span style=\"font-family: arial, helvetica, sans-serif;\">Datos importantes<\/span><\/h3>\n<table class=\"table table-bordered tours-tabs__table\" style=\"height: 233px; width: 858px;\">\n<tbody>\n<tr style=\"height: 24px;\">\n<td style=\"height: 24px; width: 221px;\"><span style=\"font-family: arial, helvetica, sans-serif;\"><strong>SALIDA COMPARTIDA:<\/strong><\/span><\/td>\n<td style=\"height: 24px; width: 625px;\"><span style=\"font-family: arial, helvetica, sans-serif;\">N\/A<\/span><\/td>\n<\/tr>\n<tr style=\"height: 24px;\">\n<td style=\"height: 24px; width: 221px;\"><span style=\"font-family: arial, helvetica, sans-serif;\"><strong>SALIDA PRIVADA:<\/strong><\/span><\/td>\n<td style=\"height: 24px; width: 625px;\"><span style=\"font-family: arial, helvetica, sans-serif;\">Todos los dias.<\/span><\/td>\n<\/tr>\n<tr style=\"height: 24px;\">\n<td style=\"height: 24px; width: 221px;\"><span style=\"font-family: arial, helvetica, sans-serif;\"><strong>PUNTO DE SALIDA:<\/strong><\/span><\/td>\n<td style=\"height: 24px; width: 625px;\"><span style=\"font-family: arial, helvetica, sans-serif;\">Lugar de su alojamiento.<\/span><\/td>\n<\/tr>\n<tr style=\"height: 24px;\">\n<td style=\"height: 24px; width: 221px;\"><span style=\"font-family: arial, helvetica, sans-serif;\"><strong>PUNTO DE RETORNO:<\/strong><\/span><\/td>\n<td style=\"height: 24px; width: 625px;\"><span style=\"font-family: arial, helvetica, sans-serif;\">Lugar de su alojamiento.<\/span><\/td>\n<\/tr>\n<tr style=\"height: 24px;\">\n<td style=\"height: 24px; width: 221px;\"><span style=\"font-family: arial, helvetica, sans-serif;\"><strong>HORA DE SALIDA:<\/strong><\/span><\/td>\n<td style=\"height: 24px; width: 625px;\"><span style=\"font-family: arial, helvetica, sans-serif;\">08.30 am. Aproximadamente.<\/span><\/td>\n<\/tr>\n<tr style=\"height: 24px;\">\n<td style=\"height: 24px; width: 221px;\"><span style=\"font-family: arial, helvetica, sans-serif;\"><strong>DURACION:<\/strong><\/span><\/td>\n<td style=\"height: 24px; width: 625px;\"><span style=\"font-family: arial, helvetica, sans-serif;\">6\u00a0horas aproximadamente.<\/span><\/td>\n<\/tr>\n<tr style=\"height: 24px;\">\n<td style=\"height: 24px; width: 221px;\"><span style=\"font-family: arial, helvetica, sans-serif;\"><strong>QUE LLEVAR:<\/strong><\/span><\/td>\n<td style=\"height: 24px; width: 625px;\"><span style=\"font-family: arial, helvetica, sans-serif;\">Ropa comoda, agua,\u00a0zapatos para caminar, gorro, chaqueta, protector solar.<\/span><\/td>\n<\/tr>\n<tr style=\"height: 23px;\">\n<td style=\"height: 23px; width: 221px;\"><span style=\"font-family: arial, helvetica, sans-serif;\"><strong>INCLUYE<\/strong><\/span><\/td>\n<td style=\"height: 23px; width: 625px;\"><span style=\"font-family: arial, helvetica, sans-serif;\"><i class=\"fa fa-check icon-tick icon-tick--on\"><\/i> Guia Biling\u00fce.<\/span><br \/>\n<span style=\"font-family: arial, helvetica, sans-serif;\"> <i class=\"fa fa-check icon-tick icon-tick--on\"><\/i>\u00a0Transporte desde el punto de encuentro.<\/span><br \/>\n<span style=\"font-family: arial, helvetica, sans-serif;\"> <i class=\"fa fa-check icon-tick icon-tick--on\"><\/i> Lunch (solo si es solicitado)<\/span><\/td>\n<\/tr>\n<tr style=\"height: 38px;\">\n<td style=\"height: 38px; width: 221px;\"><span style=\"font-family: arial, helvetica, sans-serif;\"><b>NOT INCLUDED<\/b><\/span><\/td>\n<td style=\"height: 38px; width: 625px;\"><span style=\"font-family: arial, helvetica, sans-serif;\"><i class=\"fa fa-times icon-tick icon-tick--off\"><\/i> Comidas (no especificadas)<\/span><br \/>\n<span style=\"font-family: arial, helvetica, sans-serif;\"> <i class=\"fa fa-times icon-tick icon-tick--off\"><\/i> Entradas.<\/span><br \/>\n<span style=\"font-family: arial, helvetica, sans-serif;\"> <i class=\"fa fa-times icon-tick icon-tick--off\"><\/i> Costos extras de actividades no indicadas.<\/span><br \/>\n<span style=\"font-family: arial, helvetica, sans-serif;\"> <i class=\"fa fa-times icon-tick icon-tick--off\"><\/i> Hotel en Quito (Podemos ayudarle con la research si desea.)<\/span><br \/>\n<span style=\"font-family: arial, helvetica, sans-serif;\"> <i class=\"fa fa-times icon-tick icon-tick--off\"><\/i> Propinas\u00a0(opcional)<\/span><\/td>\n<\/tr>\n<\/tbody>\n<\/table>\n<h3><span style=\"font-family: arial, helvetica, sans-serif; font-size: 18pt;\">Descripci\u00f3n Quito City Tour y Mitad del Mundo.<\/span><\/h3>\n<p><span style=\"font-family: arial, helvetica, sans-serif;\">Visitar el Centro Hist\u00f3rico de Quito, es abrirse paso entre las bellas iglesias coloniales y sumergirse en su historia y el arte cl\u00e1sico. Disfrutar de una impresionante vista de 360 grados de las ciudad de Quito desde la colina del Panecillo.<\/span><\/p>\n<p><span style=\"font-family: arial, helvetica, sans-serif;\">Entra en el pasado callejeando por el Centro Hist\u00f3rico de Quito. Su legado colonial produce una sensaci\u00f3n muy similar a los paseos por viejas ciudades europeas. No es de extra\u00f1ar por qu\u00e9 la UNESCO la nombr\u00f3 Patrimonio Cultural de la Humanidad; las plazas, la arquitectura barroca y sus m\u00e1s de treinta iglesias coloniales, la mayor\u00eda de ellos datan de 500 a\u00f1os le deslumbrar\u00e1n sus sentidos.<\/span><\/p>\n<p><span style=\"font-family: arial, helvetica, sans-serif;\">Comenzaremos visitando la Plaza San Francisco y su iglesia, la plaza de la Independencia y de la Catedral de Quito principal, el Palacio Presidencial (no se ingresa), la Iglesia del Sagrario, y uno de los mejores ejemplos del movimiento barroco en Am\u00e9rica del Sur, la Iglesia de la Compa\u00f1\u00eda de Jes\u00fas, el pan de oro cubri\u00f3 el templo, la fachada meticulosamente elaborada y la puerta de madera perfectamente tallada entretiene a sus visitantes.<\/span><\/p>\n<p><span style=\"font-family: arial, helvetica, sans-serif;\">La mezcla extra\u00f1a de dos visiones del mundo (religi\u00f3n inca y catolicismo europeo) se refleja hermosamente en la Ciudad Colonial.<\/span><\/p>\n<p><span style=\"font-family: arial, helvetica, sans-serif;\">Despu\u00e9s de esta visita hist\u00f3rica enriquecedora, seguimos hacia el norte 15 kilometros desde Quito hacia la mitad del Mundo. En esta peque\u00f1a ciudadela, visitaremos \u00a0el monumento a la Mitad del Monumento, construido en honor a la expedici\u00f3n cient\u00edfica francesa (siglo XVIII), que intent\u00f3 definir la la dimensi\u00f3n de la Tierra por primera vez. Despu\u00e9s, usted tendr\u00e1 la oportunidad de visitar el Museo Inti \u00d1an, un museo cient\u00edfico y cultural situado en la ubicaci\u00f3n real de la l\u00ednea del Ecuador, luego de esta visita vamos a salir a la carretera con direccion al mirador del Volc\u00e1n Pululahua para luego retornar a la ciudad de Quito<\/span>.<\/p>\n<p>[vc_row][vc_column el_class=&#8221;accocruise&#8221;][vc_column_text]\n<div class=\"panel panel-default accordion__item\">\n\t<div class=\"panel-heading accordion__item__title-wrap\">\n\t\t<h4 class=\"panel-title\">\n\t\t\t<a data-toggle=\"collapse\" data-parent=\"#ataccordion0\" href=\"#ataccordion0_1\" class=\"accordion__item__link collapsed\">Solicite m\u00e1s informaci\u00f3n<\/a>\n\t\t<\/h4>\n\t<\/div>\n\t<div id=\"ataccordion0_1\" class=\"panel-collapse collapse\">\n\t\t<div class=\"panel-body accordion__item__content\">\n                <div class=\"ml-embedded\" data-form=\"o8vBxM\"><\/div>\n            \n<\/div>\n\t<\/div>\n<\/div>[\/vc_column_text][\/vc_column][\/vc_row]<\/p>\n<\/div>","protected":false},"excerpt":{"rendered":"<p>Quito City Tour y Mitad del Mundo, visite estos 2 atractivos un solo d\u00eda, la arquitectura del magn\u00edfico centro hist\u00f3rico de Quito lo dejara maravillado.<\/p>\n","protected":false},"featured_media":1646,"comment_status":"open","ping_status":"closed","template":"","meta":{"_joinchat":[]},"product_brand":[],"product_cat":[3599],"product_tag":[],"class_list":{"0":"post-1644","1":"product","2":"type-product","3":"status-publish","4":"has-post-thumbnail","6":"product_cat-sin-categoria","7":"tour_category-quito-turismo","9":"first","10":"instock","11":"taxable","12":"shipping-taxable","13":"product-type-tour"},"yoast_head":"<!-- This site is optimized with the Yoast SEO Premium plugin v25.6 (Yoast SEO v26.1.1) - https:\/\/yoast.com\/wordpress\/plugins\/seo\/ -->\n<title>Quito City Tour y Mitad del Mundo, visite 2 atractivos en un d\u00eda.<\/title>\n<meta name=\"description\" content=\"Quito City Tour y Mitad del Mundo, visite estos 2 atractivos un solo d\u00eda, la arquitectura del magn\u00edfico centro hist\u00f3rico de Quito lo dejara maravillado.\" \/>\n<meta name=\"robots\" content=\"index, follow, max-snippet:-1, max-image-preview:large, max-video-preview:-1\" \/>\n<link rel=\"canonical\" href=\"https:\/\/naturegalapagos.com\/es\/quito-turismo\/city-tour-mitad-del-mundo\/\" \/>\n<meta property=\"og:locale\" content=\"es_ES\" \/>\n<meta property=\"og:type\" content=\"article\" \/>\n<meta property=\"og:title\" content=\"Quito City Tour y Mitad del Mundo, visite 2 atractivos en un d\u00eda.\" \/>\n<meta property=\"og:description\" content=\"Quito City Tour y Mitad del Mundo, visite estos 2 atractivos un solo d\u00eda, la arquitectura del magn\u00edfico centro hist\u00f3rico de Quito lo dejara maravillado.\" \/>\n<meta property=\"og:url\" content=\"https:\/\/naturegalapagos.com\/es\/quito-turismo\/city-tour-mitad-del-mundo\/\" \/>\n<meta property=\"og:site_name\" content=\"Espa\u00f1ol - Nature Galapagos &amp; Ecuador\" \/>\n<meta property=\"article:publisher\" content=\"https:\/\/www.facebook.com\/naturegalapagosecuador\/\" \/>\n<meta property=\"article:modified_time\" content=\"2024-09-17T21:26:21+00:00\" \/>\n<meta property=\"og:image\" content=\"https:\/\/naturegalapagos.com\/es\/wp-content\/uploads\/sites\/3\/2016\/06\/Quito-City-Tour-y-Mitad-del-Mundo.jpg\" \/>\n\t<meta property=\"og:image:width\" content=\"1024\" \/>\n\t<meta property=\"og:image:height\" content=\"512\" \/>\n\t<meta property=\"og:image:type\" content=\"image\/jpeg\" \/>\n<meta name=\"twitter:card\" content=\"summary_large_image\" \/>\n<meta name=\"twitter:title\" content=\"Quito City Tour y Mitad del Mundo, visite 2 atractivos en un d\u00eda.\" \/>\n<meta name=\"twitter:description\" content=\"Quito City Tour y Mitad del Mundo, visite estos 2 atractivos un solo d\u00eda, la arquitectura del magn\u00edfico centro hist\u00f3rico de Quito lo dejara maravillado.\" \/>\n<meta name=\"twitter:site\" content=\"@naturegalapagos\" \/>\n<meta name=\"twitter:label1\" content=\"Tiempo de lectura\" \/>\n\t<meta name=\"twitter:data1\" content=\"3 minutos\" \/>\n<!-- \/ Yoast SEO Premium plugin. -->","yoast_head_json":{"title":"Quito City Tour y Mitad del Mundo, visite 2 atractivos en un d\u00eda.","description":"Quito City Tour y Mitad del Mundo, visite estos 2 atractivos un solo d\u00eda, la arquitectura del magn\u00edfico centro hist\u00f3rico de Quito lo dejara maravillado.","robots":{"index":"index","follow":"follow","max-snippet":"max-snippet:-1","max-image-preview":"max-image-preview:large","max-video-preview":"max-video-preview:-1"},"canonical":"https:\/\/naturegalapagos.com\/es\/quito-turismo\/city-tour-mitad-del-mundo\/","og_locale":"es_ES","og_type":"article","og_title":"Quito City Tour y Mitad del Mundo, visite 2 atractivos en un d\u00eda.","og_description":"Quito City Tour y Mitad del Mundo, visite estos 2 atractivos un solo d\u00eda, la arquitectura del magn\u00edfico centro hist\u00f3rico de Quito lo dejara maravillado.","og_url":"https:\/\/naturegalapagos.com\/es\/quito-turismo\/city-tour-mitad-del-mundo\/","og_site_name":"Espa\u00f1ol - Nature Galapagos &amp; Ecuador","article_publisher":"https:\/\/www.facebook.com\/naturegalapagosecuador\/","article_modified_time":"2024-09-17T21:26:21+00:00","og_image":[{"width":1024,"height":512,"url":"https:\/\/naturegalapagos.com\/es\/wp-content\/uploads\/sites\/3\/2016\/06\/Quito-City-Tour-y-Mitad-del-Mundo.jpg","type":"image\/jpeg"}],"twitter_card":"summary_large_image","twitter_title":"Quito City Tour y Mitad del Mundo, visite 2 atractivos en un d\u00eda.","twitter_description":"Quito City Tour y Mitad del Mundo, visite estos 2 atractivos un solo d\u00eda, la arquitectura del magn\u00edfico centro hist\u00f3rico de Quito lo dejara maravillado.","twitter_site":"@naturegalapagos","twitter_misc":{"Tiempo de lectura":"3 minutos"},"schema":{"@context":"https:\/\/schema.org","@graph":[{"@type":"WebPage","@id":"https:\/\/naturegalapagos.com\/es\/quito-turismo\/city-tour-mitad-del-mundo\/","url":"https:\/\/naturegalapagos.com\/es\/quito-turismo\/city-tour-mitad-del-mundo\/","name":"Quito City Tour y Mitad del Mundo, visite 2 atractivos en un d\u00eda.","isPartOf":{"@id":"https:\/\/naturegalapagos.com\/es\/#website"},"primaryImageOfPage":{"@id":"https:\/\/naturegalapagos.com\/es\/quito-turismo\/city-tour-mitad-del-mundo\/#primaryimage"},"image":{"@id":"https:\/\/naturegalapagos.com\/es\/quito-turismo\/city-tour-mitad-del-mundo\/#primaryimage"},"thumbnailUrl":"https:\/\/naturegalapagos.com\/es\/wp-content\/uploads\/sites\/3\/2016\/06\/Quito-City-Tour-y-Mitad-del-Mundo.jpg","datePublished":"2024-09-17T20:26:28+00:00","dateModified":"2024-09-17T21:26:21+00:00","description":"Quito City Tour y Mitad del Mundo, visite estos 2 atractivos un solo d\u00eda, la arquitectura del magn\u00edfico centro hist\u00f3rico de Quito lo dejara maravillado.","breadcrumb":{"@id":"https:\/\/naturegalapagos.com\/es\/quito-turismo\/city-tour-mitad-del-mundo\/#breadcrumb"},"inLanguage":"es","potentialAction":[{"@type":"ReadAction","target":["https:\/\/naturegalapagos.com\/es\/quito-turismo\/city-tour-mitad-del-mundo\/"]}]},{"@type":"ImageObject","inLanguage":"es","@id":"https:\/\/naturegalapagos.com\/es\/quito-turismo\/city-tour-mitad-del-mundo\/#primaryimage","url":"https:\/\/naturegalapagos.com\/es\/wp-content\/uploads\/sites\/3\/2016\/06\/Quito-City-Tour-y-Mitad-del-Mundo.jpg","contentUrl":"https:\/\/naturegalapagos.com\/es\/wp-content\/uploads\/sites\/3\/2016\/06\/Quito-City-Tour-y-Mitad-del-Mundo.jpg","width":1024,"height":512,"caption":"Quito City Tour y Mitad del Mundo"},{"@type":"BreadcrumbList","@id":"https:\/\/naturegalapagos.com\/es\/quito-turismo\/city-tour-mitad-del-mundo\/#breadcrumb","itemListElement":[{"@type":"ListItem","position":1,"name":"Home","item":"https:\/\/naturegalapagos.com\/es\/"},{"@type":"ListItem","position":2,"name":"Tienda","item":"https:\/\/naturegalapagos.com\/es\/tienda\/"},{"@type":"ListItem","position":3,"name":"Quito City Tour y Mitad del Mundo"}]},{"@type":"WebSite","@id":"https:\/\/naturegalapagos.com\/es\/#website","url":"https:\/\/naturegalapagos.com\/es\/","name":"Espa\u00f1ol - Nature Galapagos & Ecuador","description":"","publisher":{"@id":"https:\/\/naturegalapagos.com\/es\/#organization"},"potentialAction":[{"@type":"SearchAction","target":{"@type":"EntryPoint","urlTemplate":"https:\/\/naturegalapagos.com\/es\/?s={search_term_string}"},"query-input":{"@type":"PropertyValueSpecification","valueRequired":true,"valueName":"search_term_string"}}],"inLanguage":"es"},{"@type":"Organization","@id":"https:\/\/naturegalapagos.com\/es\/#organization","name":"Espa\u00f1ol - Nature Galapagos & Ecuador","url":"https:\/\/naturegalapagos.com\/es\/","logo":{"@type":"ImageObject","inLanguage":"es","@id":"https:\/\/naturegalapagos.com\/es\/#\/schema\/logo\/image\/","url":"https:\/\/naturegalapagos.com\/es\/wp-content\/uploads\/sites\/3\/2016\/10\/Nature-Galapagos-Logo-COM-300x300.jpg","contentUrl":"https:\/\/naturegalapagos.com\/es\/wp-content\/uploads\/sites\/3\/2016\/10\/Nature-Galapagos-Logo-COM-300x300.jpg","width":300,"height":300,"caption":"Espa\u00f1ol - Nature Galapagos & Ecuador"},"image":{"@id":"https:\/\/naturegalapagos.com\/es\/#\/schema\/logo\/image\/"},"sameAs":["https:\/\/www.facebook.com\/naturegalapagosecuador\/","https:\/\/x.com\/naturegalapagos","https:\/\/www.instagram.com\/naturegalapagos\/","https:\/\/www.pinterest.com\/Naturegalapagos\/","https:\/\/www.youtube.com\/user\/NatureGalapagosTours"]}]}},"_links":{"self":[{"href":"https:\/\/naturegalapagos.com\/es\/wp-json\/wp\/v2\/product\/1644","targetHints":{"allow":["GET"]}}],"collection":[{"href":"https:\/\/naturegalapagos.com\/es\/wp-json\/wp\/v2\/product"}],"about":[{"href":"https:\/\/naturegalapagos.com\/es\/wp-json\/wp\/v2\/types\/product"}],"replies":[{"embeddable":true,"href":"https:\/\/naturegalapagos.com\/es\/wp-json\/wp\/v2\/comments?post=1644"}],"wp:featuredmedia":[{"embeddable":true,"href":"https:\/\/naturegalapagos.com\/es\/wp-json\/wp\/v2\/media\/1646"}],"wp:attachment":[{"href":"https:\/\/naturegalapagos.com\/es\/wp-json\/wp\/v2\/media?parent=1644"}],"wp:term":[{"taxonomy":"product_brand","embeddable":true,"href":"https:\/\/naturegalapagos.com\/es\/wp-json\/wp\/v2\/product_brand?post=1644"},{"taxonomy":"product_cat","embeddable":true,"href":"https:\/\/naturegalapagos.com\/es\/wp-json\/wp\/v2\/product_cat?post=1644"},{"taxonomy":"product_tag","embeddable":true,"href":"https:\/\/naturegalapagos.com\/es\/wp-json\/wp\/v2\/product_tag?post=1644"}],"curies":[{"name":"wp","href":"https:\/\/api.w.org\/{rel}","templated":true}]}}