{"id":1647,"date":"2024-08-30T15:47:01","date_gmt":"2024-08-30T19:47:01","guid":{"rendered":"http:\/\/naturegalapagos.com\/es\/?post_type=product&#038;p=1647"},"modified":"2024-08-30T16:47:53","modified_gmt":"2024-08-30T20:47:53","slug":"quito-turismo-teleferico-de-quito","status":"publish","type":"product","link":"https:\/\/naturegalapagos.com\/es\/quito-turismo\/teleferico-de-quito\/","title":{"rendered":"Telef\u00e9rico de Quito Tour + Mitad del Mundo"},"content":{"rendered":"<div class=\"wpb-content-wrapper\"><h2><span style=\"font-family: arial, helvetica, sans-serif;\"><strong>Tour al Telef\u00e9rico de Quito y Mitad del Mundo<\/strong><\/span><\/h2>\n<ul>\n<li><span style=\"font-family: arial, helvetica, sans-serif;\">El <strong>Telef\u00e9rico de Quito<\/strong>, es uno de los m\u00e1s altos del mundo.<\/span><\/li>\n<li><span style=\"font-family: arial, helvetica, sans-serif;\">El\u00e9vese a las estribaciones del Volc\u00e1n Pichincha ubicadas a 4050 metros o 13.300 pies en 8 min (ahorra un mont\u00f3n de tiempo!)<\/span><\/li>\n<li><span style=\"font-family: arial, helvetica, sans-serif;\">Atrape a un impresionante vista de la ciudad de Quito y el paisaje andino, en un d\u00eda a cielo despejado ofrece una gran vista del nevado del Antisana, el volcan Cotopaxi , el nevado del Cayambe y hasta 13 volcanes y cumbres alrededor de Quito).<\/span><\/li>\n<li><span style=\"font-family: arial, helvetica, sans-serif;\">Disfrute de una maravillosa excursi\u00f3n.<\/span><\/li>\n<li><span style=\"font-family: arial, helvetica, sans-serif;\">Despu\u00e9s de una ma\u00f1ana en el Telef\u00e9rico de Quito, nos dirigimos al Monumento de la Mitad del Mundo.<\/span><\/li>\n<\/ul>\n<p><span style=\"font-family: arial, helvetica, sans-serif;\"><!--more--><\/span><\/p>\n<h3><span style=\"font-family: arial, helvetica, sans-serif;\">Datos Importantes<\/span><\/h3>\n<table class=\"table table-bordered tours-tabs__table\" style=\"height: 233px; width: 858px;\">\n<tbody>\n<tr style=\"height: 24px;\">\n<td style=\"height: 24px; width: 221px;\"><span style=\"font-family: arial, helvetica, sans-serif;\"><strong>SALIDA COMPARTIDA<\/strong><\/span><\/td>\n<td style=\"height: 24px; width: 625px;\"><span style=\"font-family: arial, helvetica, sans-serif;\">N\/A<\/span><\/td>\n<\/tr>\n<tr style=\"height: 24px;\">\n<td style=\"height: 24px; width: 221px;\"><span style=\"font-family: arial, helvetica, sans-serif;\"><strong>SALIDA PRIVADA<\/strong><\/span><\/td>\n<td style=\"height: 24px; width: 625px;\"><span style=\"font-family: arial, helvetica, sans-serif;\">Todos los dias.<\/span><\/td>\n<\/tr>\n<tr style=\"height: 24px;\">\n<td style=\"height: 24px; width: 221px;\"><span style=\"font-family: arial, helvetica, sans-serif;\"><strong>PUNTO DE SALIDA<\/strong><\/span><\/td>\n<td style=\"height: 24px; width: 625px;\"><span style=\"font-family: arial, helvetica, sans-serif;\">Lugar de Alojamiento<\/span><\/td>\n<\/tr>\n<tr style=\"height: 24px;\">\n<td style=\"height: 24px; width: 221px;\"><span style=\"font-family: arial, helvetica, sans-serif;\"><strong>PUNTO DE RETORNO<\/strong><\/span><\/td>\n<td style=\"height: 24px; width: 625px;\"><span style=\"font-family: arial, helvetica, sans-serif;\">Lugar de Alojamiento<\/span><\/td>\n<\/tr>\n<tr style=\"height: 24px;\">\n<td style=\"height: 24px; width: 221px;\"><span style=\"font-family: arial, helvetica, sans-serif;\"><strong>HORA DE SALIDA<\/strong><\/span><\/td>\n<td style=\"height: 24px; width: 625px;\"><span style=\"font-family: arial, helvetica, sans-serif;\">Around 08.00 am.<\/span><\/td>\n<\/tr>\n<tr style=\"height: 24px;\">\n<td style=\"height: 24px; width: 221px;\"><span style=\"font-family: arial, helvetica, sans-serif;\"><strong>DURACION<\/strong><\/span><\/td>\n<td style=\"height: 24px; width: 625px;\"><span style=\"font-family: arial, helvetica, sans-serif;\">6 horas aproximadamente.<\/span><\/td>\n<\/tr>\n<tr style=\"height: 24px;\">\n<td style=\"height: 24px; width: 221px;\"><span style=\"font-family: arial, helvetica, sans-serif;\"><strong>QUE LLEVAR<\/strong><\/span><\/td>\n<td style=\"height: 24px; width: 625px;\"><span style=\"font-family: arial, helvetica, sans-serif;\">Ropa comoda, agua,\u00a0zapatos para caminar, gorro, chaqueta, protector solar.<\/span><\/td>\n<\/tr>\n<tr style=\"height: 23px;\">\n<td style=\"height: 23px; width: 221px;\"><span style=\"font-family: arial, helvetica, sans-serif;\"><strong>INCLUYE<\/strong><\/span><\/td>\n<td style=\"height: 23px; width: 625px;\"><span style=\"font-family: arial, helvetica, sans-serif;\"><i class=\"fa fa-check icon-tick icon-tick--on\"><\/i> Guia Biling\u00fce.<\/span><br \/>\n<span style=\"font-family: arial, helvetica, sans-serif;\"> <i class=\"fa fa-check icon-tick icon-tick--on\"><\/i>\u00a0Transporte desde el punto de encuentro.<\/span><br \/>\n<span style=\"font-family: arial, helvetica, sans-serif;\"> <i class=\"fa fa-check icon-tick icon-tick--on\"><\/i> Lunch (solo si es solicitado)<\/span><\/td>\n<\/tr>\n<tr style=\"height: 38px;\">\n<td style=\"height: 38px; width: 221px;\"><span style=\"font-family: arial, helvetica, sans-serif;\"><b>NOT INCLUDED<\/b><\/span><\/td>\n<td style=\"height: 38px; width: 625px;\"><span style=\"font-family: arial, helvetica, sans-serif;\"><i class=\"fa fa-times icon-tick icon-tick--off\"><\/i> Comidas (no especificadas)<\/span><br \/>\n<span style=\"font-family: arial, helvetica, sans-serif;\"> <i class=\"fa fa-times icon-tick icon-tick--off\"><\/i> Entradas.<\/span><br \/>\n<span style=\"font-family: arial, helvetica, sans-serif;\"> <i class=\"fa fa-times icon-tick icon-tick--off\"><\/i> Costos extras de actividades no indicadas.<\/span><br \/>\n<span style=\"font-family: arial, helvetica, sans-serif;\"> <i class=\"fa fa-times icon-tick icon-tick--off\"><\/i> Hotel en Quito (Podemos ayudarle con la research si desea.)<\/span><br \/>\n<span style=\"font-family: arial, helvetica, sans-serif;\"> <i class=\"fa fa-times icon-tick icon-tick--off\"><\/i> Propinas\u00a0(opcional)<\/span><\/td>\n<\/tr>\n<\/tbody>\n<\/table>\n<p><span style=\"font-family: arial, helvetica, sans-serif; font-size: 18pt;\"><strong>DESCRIPCI\u00d3N DEL TOUR AL TELEFERICO<\/strong><\/span><\/p>\n<p><span style=\"font-family: arial, helvetica, sans-serif;\">Despu\u00e9s de recogerlos en el hotel, vamos en camino a trav\u00e9s de la Avenida Occidental hasta el punto para embarque en el moderno &#8220;TeleferiQ&#8221; esto es justo a los pies de la monta\u00f1a llamada Pichincha. El estacionamiento se encuentra a 2950 msnm donde dejaremos nuestro transporte.<\/span><br \/>\n<span style=\"font-family: arial, helvetica, sans-serif;\"> Luego subiremos hasta 4050 msnm de altura al sitio conocido como Cruz Loma. El viento fr\u00edo y el encantador paisaje son ideales para una peque\u00f1a caminata o cabalgata opcional en la zona. Este sitio ofrece una excelente vista panor\u00e1mica de casi toda la ciudad de Quito y los volcanes rodean a Quito en un d\u00eda de cielo abierto proporciona una vista inmejorable del Antisana, Cotopaxi, Cayambe y hasta a 13 volcanes y cumbres alrededor de Quito.<\/span><\/p>\n<p><span style=\"font-family: arial, helvetica, sans-serif;\">Despu\u00e9s de esto descendemos y continuamos nuestro recorrido por unos 15 kil\u00f3metros hacia el norte de Quito. En una peque\u00f1a ciudadela, se encuentra ubicado el Monumento a la Mitad del Mundo, construido en honor a la expedici\u00f3n cient\u00edfica francesa del siglo XVIII, que intent\u00f3 definir la ubicaci\u00f3n de la l\u00ednea ecuatorial por primera vez. Despu\u00e9s, usted tendr\u00e1 la oportunidad de visitar el Museo Inti \u00f1an, un museo cient\u00edfico y cultural ubicado en el lugar real donde cruza la l\u00ednea del Ecuador<\/span><span style=\"font-size: 10pt;\">.<\/span><\/p>\n<p>[vc_row][vc_column el_class=&#8221;accocruise&#8221;][vc_column_text]\n<div class=\"panel panel-default accordion__item\">\n\t<div class=\"panel-heading accordion__item__title-wrap\">\n\t\t<h4 class=\"panel-title\">\n\t\t\t<a data-toggle=\"collapse\" data-parent=\"#ataccordion0\" href=\"#ataccordion0_1\" class=\"accordion__item__link collapsed\">Solicite m\u00e1s informaci\u00f3n<\/a>\n\t\t<\/h4>\n\t<\/div>\n\t<div id=\"ataccordion0_1\" class=\"panel-collapse collapse\">\n\t\t<div class=\"panel-body accordion__item__content\"><br \/>\n                <div class=\"ml-embedded\" data-form=\"ektELr\"><\/div>\n            <br \/>\n<\/div>\n\t<\/div>\n<\/div>[\/vc_column_text][\/vc_column][\/vc_row]<\/p>\n<\/div>","protected":false},"excerpt":{"rendered":"<p>Tour al Telef\u00e9rico de Quito y Mitad del Mundo El Telef\u00e9rico de Quito, es uno de los m\u00e1s altos del mundo. El\u00e9vese a las estribaciones del Volc\u00e1n Pichincha ubicadas a 4050 metros o 13.300 pies en 8 min (ahorra un mont\u00f3n de tiempo!) Atrape a un impresionante vista de la ciudad de Quito y el<\/p>\n<div class=\"padding-top text-center\"><a href=\"https:\/\/naturegalapagos.com\/es\/quito-turismo\/teleferico-de-quito\/\" class=\"atbtn atbtn--medium atbtn--rounded atbtn--transparent\">Leer m\u00e1s<i class=\"atbtn__icon atbtn__icon--right fa fa-long-arrow-right\"><\/i><\/a><\/div>\n","protected":false},"featured_media":1654,"comment_status":"open","ping_status":"closed","template":"","meta":{"_joinchat":[]},"product_brand":[],"product_cat":[3599],"product_tag":[],"class_list":{"0":"post-1647","1":"product","2":"type-product","3":"status-publish","4":"has-post-thumbnail","6":"product_cat-sin-categoria","7":"tour_category-quito-turismo","9":"first","10":"instock","11":"taxable","12":"shipping-taxable","13":"product-type-tour"},"yoast_head":"<!-- This site is optimized with the Yoast SEO Premium plugin v25.6 (Yoast SEO v26.1.1) - https:\/\/yoast.com\/wordpress\/plugins\/seo\/ -->\n<title>Telef\u00e9rico de Quito Tour y Mitad del Mundo por 6 horas aprox.<\/title>\n<meta name=\"description\" content=\"Telef\u00e9rico de Quito Tour y Mitad del Mundo nos brinda la oportunidad unica de disfrutar de una vista incomparable de Quito con sus alrededores y volcanes.\" \/>\n<meta name=\"robots\" content=\"index, follow, max-snippet:-1, max-image-preview:large, max-video-preview:-1\" \/>\n<link rel=\"canonical\" href=\"https:\/\/naturegalapagos.com\/es\/quito-turismo\/teleferico-de-quito\/\" \/>\n<meta property=\"og:locale\" content=\"es_ES\" \/>\n<meta property=\"og:type\" content=\"article\" \/>\n<meta property=\"og:title\" content=\"Telef\u00e9rico de Quito Tour y Mitad del Mundo por 6 horas aprox.\" \/>\n<meta property=\"og:description\" content=\"Telef\u00e9rico de Quito Tour y Mitad del Mundo nos brinda la oportunidad unica de disfrutar de una vista incomparable de Quito con sus alrededores y volcanes.\" \/>\n<meta property=\"og:url\" content=\"https:\/\/naturegalapagos.com\/es\/quito-turismo\/teleferico-de-quito\/\" \/>\n<meta property=\"og:site_name\" content=\"Espa\u00f1ol - Nature Galapagos &amp; Ecuador\" \/>\n<meta property=\"article:publisher\" content=\"https:\/\/www.facebook.com\/naturegalapagosecuador\/\" \/>\n<meta property=\"article:modified_time\" content=\"2024-08-30T20:47:53+00:00\" \/>\n<meta property=\"og:image\" content=\"https:\/\/naturegalapagos.com\/es\/wp-content\/uploads\/sites\/3\/2014\/12\/teleferico-de-Quito.jpg\" \/>\n\t<meta property=\"og:image:width\" content=\"1024\" \/>\n\t<meta property=\"og:image:height\" content=\"512\" \/>\n\t<meta property=\"og:image:type\" content=\"image\/jpeg\" \/>\n<meta name=\"twitter:card\" content=\"summary_large_image\" \/>\n<meta name=\"twitter:title\" content=\"Telef\u00e9rico de Quito Tour y Mitad del Mundo por 6 horas aprox.\" \/>\n<meta name=\"twitter:description\" content=\"Telef\u00e9rico de Quito Tour y Mitad del Mundo nos brinda la oportunidad unica de disfrutar de una vista incomparable de Quito con sus alrededores y volcanes.\" \/>\n<meta name=\"twitter:site\" content=\"@naturegalapagos\" \/>\n<meta name=\"twitter:label1\" content=\"Tiempo de lectura\" \/>\n\t<meta name=\"twitter:data1\" content=\"3 minutos\" \/>\n<!-- \/ Yoast SEO Premium plugin. -->","yoast_head_json":{"title":"Telef\u00e9rico de Quito Tour y Mitad del Mundo por 6 horas aprox.","description":"Telef\u00e9rico de Quito Tour y Mitad del Mundo nos brinda la oportunidad unica de disfrutar de una vista incomparable de Quito con sus alrededores y volcanes.","robots":{"index":"index","follow":"follow","max-snippet":"max-snippet:-1","max-image-preview":"max-image-preview:large","max-video-preview":"max-video-preview:-1"},"canonical":"https:\/\/naturegalapagos.com\/es\/quito-turismo\/teleferico-de-quito\/","og_locale":"es_ES","og_type":"article","og_title":"Telef\u00e9rico de Quito Tour y Mitad del Mundo por 6 horas aprox.","og_description":"Telef\u00e9rico de Quito Tour y Mitad del Mundo nos brinda la oportunidad unica de disfrutar de una vista incomparable de Quito con sus alrededores y volcanes.","og_url":"https:\/\/naturegalapagos.com\/es\/quito-turismo\/teleferico-de-quito\/","og_site_name":"Espa\u00f1ol - Nature Galapagos &amp; Ecuador","article_publisher":"https:\/\/www.facebook.com\/naturegalapagosecuador\/","article_modified_time":"2024-08-30T20:47:53+00:00","og_image":[{"width":1024,"height":512,"url":"https:\/\/naturegalapagos.com\/es\/wp-content\/uploads\/sites\/3\/2014\/12\/teleferico-de-Quito.jpg","type":"image\/jpeg"}],"twitter_card":"summary_large_image","twitter_title":"Telef\u00e9rico de Quito Tour y Mitad del Mundo por 6 horas aprox.","twitter_description":"Telef\u00e9rico de Quito Tour y Mitad del Mundo nos brinda la oportunidad unica de disfrutar de una vista incomparable de Quito con sus alrededores y volcanes.","twitter_site":"@naturegalapagos","twitter_misc":{"Tiempo de lectura":"3 minutos"},"schema":{"@context":"https:\/\/schema.org","@graph":[{"@type":"WebPage","@id":"https:\/\/naturegalapagos.com\/es\/quito-turismo\/teleferico-de-quito\/","url":"https:\/\/naturegalapagos.com\/es\/quito-turismo\/teleferico-de-quito\/","name":"Telef\u00e9rico de Quito Tour y Mitad del Mundo por 6 horas aprox.","isPartOf":{"@id":"https:\/\/naturegalapagos.com\/es\/#website"},"primaryImageOfPage":{"@id":"https:\/\/naturegalapagos.com\/es\/quito-turismo\/teleferico-de-quito\/#primaryimage"},"image":{"@id":"https:\/\/naturegalapagos.com\/es\/quito-turismo\/teleferico-de-quito\/#primaryimage"},"thumbnailUrl":"https:\/\/naturegalapagos.com\/es\/wp-content\/uploads\/sites\/3\/2014\/12\/teleferico-de-Quito.jpg","datePublished":"2024-08-30T19:47:01+00:00","dateModified":"2024-08-30T20:47:53+00:00","description":"Telef\u00e9rico de Quito Tour y Mitad del Mundo nos brinda la oportunidad unica de disfrutar de una vista incomparable de Quito con sus alrededores y volcanes.","breadcrumb":{"@id":"https:\/\/naturegalapagos.com\/es\/quito-turismo\/teleferico-de-quito\/#breadcrumb"},"inLanguage":"es","potentialAction":[{"@type":"ReadAction","target":["https:\/\/naturegalapagos.com\/es\/quito-turismo\/teleferico-de-quito\/"]}]},{"@type":"ImageObject","inLanguage":"es","@id":"https:\/\/naturegalapagos.com\/es\/quito-turismo\/teleferico-de-quito\/#primaryimage","url":"https:\/\/naturegalapagos.com\/es\/wp-content\/uploads\/sites\/3\/2014\/12\/teleferico-de-Quito.jpg","contentUrl":"https:\/\/naturegalapagos.com\/es\/wp-content\/uploads\/sites\/3\/2014\/12\/teleferico-de-Quito.jpg","width":1024,"height":512,"caption":"Telef\u00e9rico de Quito"},{"@type":"BreadcrumbList","@id":"https:\/\/naturegalapagos.com\/es\/quito-turismo\/teleferico-de-quito\/#breadcrumb","itemListElement":[{"@type":"ListItem","position":1,"name":"Home","item":"https:\/\/naturegalapagos.com\/es\/"},{"@type":"ListItem","position":2,"name":"Tienda","item":"https:\/\/naturegalapagos.com\/es\/tienda\/"},{"@type":"ListItem","position":3,"name":"Telef\u00e9rico de Quito Tour + Mitad del Mundo"}]},{"@type":"WebSite","@id":"https:\/\/naturegalapagos.com\/es\/#website","url":"https:\/\/naturegalapagos.com\/es\/","name":"Espa\u00f1ol - Nature Galapagos & Ecuador","description":"","publisher":{"@id":"https:\/\/naturegalapagos.com\/es\/#organization"},"potentialAction":[{"@type":"SearchAction","target":{"@type":"EntryPoint","urlTemplate":"https:\/\/naturegalapagos.com\/es\/?s={search_term_string}"},"query-input":{"@type":"PropertyValueSpecification","valueRequired":true,"valueName":"search_term_string"}}],"inLanguage":"es"},{"@type":"Organization","@id":"https:\/\/naturegalapagos.com\/es\/#organization","name":"Espa\u00f1ol - Nature Galapagos & Ecuador","url":"https:\/\/naturegalapagos.com\/es\/","logo":{"@type":"ImageObject","inLanguage":"es","@id":"https:\/\/naturegalapagos.com\/es\/#\/schema\/logo\/image\/","url":"https:\/\/naturegalapagos.com\/es\/wp-content\/uploads\/sites\/3\/2016\/10\/Nature-Galapagos-Logo-COM-300x300.jpg","contentUrl":"https:\/\/naturegalapagos.com\/es\/wp-content\/uploads\/sites\/3\/2016\/10\/Nature-Galapagos-Logo-COM-300x300.jpg","width":300,"height":300,"caption":"Espa\u00f1ol - Nature Galapagos & Ecuador"},"image":{"@id":"https:\/\/naturegalapagos.com\/es\/#\/schema\/logo\/image\/"},"sameAs":["https:\/\/www.facebook.com\/naturegalapagosecuador\/","https:\/\/x.com\/naturegalapagos","https:\/\/www.instagram.com\/naturegalapagos\/","https:\/\/www.pinterest.com\/Naturegalapagos\/","https:\/\/www.youtube.com\/user\/NatureGalapagosTours"]}]}},"_links":{"self":[{"href":"https:\/\/naturegalapagos.com\/es\/wp-json\/wp\/v2\/product\/1647","targetHints":{"allow":["GET"]}}],"collection":[{"href":"https:\/\/naturegalapagos.com\/es\/wp-json\/wp\/v2\/product"}],"about":[{"href":"https:\/\/naturegalapagos.com\/es\/wp-json\/wp\/v2\/types\/product"}],"replies":[{"embeddable":true,"href":"https:\/\/naturegalapagos.com\/es\/wp-json\/wp\/v2\/comments?post=1647"}],"wp:featuredmedia":[{"embeddable":true,"href":"https:\/\/naturegalapagos.com\/es\/wp-json\/wp\/v2\/media\/1654"}],"wp:attachment":[{"href":"https:\/\/naturegalapagos.com\/es\/wp-json\/wp\/v2\/media?parent=1647"}],"wp:term":[{"taxonomy":"product_brand","embeddable":true,"href":"https:\/\/naturegalapagos.com\/es\/wp-json\/wp\/v2\/product_brand?post=1647"},{"taxonomy":"product_cat","embeddable":true,"href":"https:\/\/naturegalapagos.com\/es\/wp-json\/wp\/v2\/product_cat?post=1647"},{"taxonomy":"product_tag","embeddable":true,"href":"https:\/\/naturegalapagos.com\/es\/wp-json\/wp\/v2\/product_tag?post=1647"}],"curies":[{"name":"wp","href":"https:\/\/api.w.org\/{rel}","templated":true}]}}