{"id":1656,"date":"2024-09-17T16:27:25","date_gmt":"2024-09-17T20:27:25","guid":{"rendered":"http:\/\/naturegalapagos.com\/es\/?post_type=product&#038;p=1656"},"modified":"2024-09-17T17:27:12","modified_gmt":"2024-09-17T21:27:12","slug":"quito-turismoquito-colonial-nocturno-tour","status":"publish","type":"product","link":"https:\/\/naturegalapagos.com\/es\/quito-turismo\/quito-colonial-nocturno-tour\/","title":{"rendered":"Quito Colonial Nocturno Tour | Quito Nocturno"},"content":{"rendered":"<div class=\"wpb-content-wrapper\"><h2><span style=\"font-family: arial, helvetica, sans-serif;\"><strong>Quito Colonial Nocturno Tour | Quito Nocturno<\/strong><\/span><\/h2>\n<ul>\n<li><span style=\"font-family: arial, helvetica, sans-serif;\">\u00a0El Quito Colonial Nocturno Tour lo familiarizara con la excitante vida nocturna de la ciudad.<\/span><\/li>\n<li><span style=\"font-family: arial, helvetica, sans-serif;\">\u00a0Visite la id\u00edlica Quito Colonial bajo la luz de la luna y las luces de su centro hist\u00f3rico!<\/span><\/li>\n<li><span style=\"font-family: arial, helvetica, sans-serif;\">\u00a0Celebre al estilo capitalino en &#8220;La Ronda&#8221;<\/span><\/li>\n<li><span style=\"font-family: arial, helvetica, sans-serif;\">\u00a0Visite La Virgen de Quito en &#8220;El Panecillo&#8221;<\/span><\/li>\n<li><span style=\"font-family: arial, helvetica, sans-serif;\">\u00a0Disfrute de una vista panor\u00e1mica desde el norte hasta el sur de la ciudad.<\/span><\/li>\n<\/ul>\n<p><span style=\"font-family: arial, helvetica, sans-serif;\"><!--more--><\/span><\/p>\n<table class=\"table table-bordered tours-tabs__table\" style=\"height: 233px; width: 856px;\">\n<tbody>\n<tr style=\"height: 24px;\">\n<td style=\"height: 24px; width: 221px;\"><span style=\"font-family: arial, helvetica, sans-serif;\"><strong>SALIDA COMPARTIDA:<\/strong><\/span><\/td>\n<td style=\"height: 24px; width: 625px;\"><span style=\"font-family: arial, helvetica, sans-serif;\">N\/A<\/span><\/td>\n<\/tr>\n<tr style=\"height: 24px;\">\n<td style=\"height: 24px; width: 221px;\"><span style=\"font-family: arial, helvetica, sans-serif;\"><strong>SALIDA PRIVADA:<\/strong><\/span><\/td>\n<td style=\"height: 24px; width: 625px;\"><span style=\"font-family: arial, helvetica, sans-serif;\">Todos los dias.<\/span><\/td>\n<\/tr>\n<tr style=\"height: 24px;\">\n<td style=\"height: 24px; width: 221px;\"><span style=\"font-family: arial, helvetica, sans-serif;\"><strong>PUNTO DE SALIDA:<\/strong><\/span><\/td>\n<td style=\"height: 24px; width: 625px;\"><span style=\"font-family: arial, helvetica, sans-serif;\">Lugar de su alojamiento.<\/span><\/td>\n<\/tr>\n<tr style=\"height: 24px;\">\n<td style=\"height: 24px; width: 221px;\"><span style=\"font-family: arial, helvetica, sans-serif;\"><strong>PUNTO DE RETORNO:<\/strong><\/span><\/td>\n<td style=\"height: 24px; width: 625px;\"><span style=\"font-family: arial, helvetica, sans-serif;\">Lugar de su alojamiento.<\/span><\/td>\n<\/tr>\n<tr style=\"height: 24px;\">\n<td style=\"height: 24px; width: 221px;\"><span style=\"font-family: arial, helvetica, sans-serif;\"><strong>HORA DE SALIDA:<\/strong><\/span><\/td>\n<td style=\"height: 24px; width: 625px;\"><span style=\"font-family: arial, helvetica, sans-serif;\">17.30 am. Aproximadamente.<\/span><\/td>\n<\/tr>\n<tr style=\"height: 24px;\">\n<td style=\"height: 24px; width: 221px;\"><span style=\"font-family: arial, helvetica, sans-serif;\"><strong>DURACION:<\/strong><\/span><\/td>\n<td style=\"height: 24px; width: 625px;\"><span style=\"font-family: arial, helvetica, sans-serif;\">3 horas aproximadamente.<\/span><\/td>\n<\/tr>\n<tr style=\"height: 24px;\">\n<td style=\"height: 24px; width: 221px;\"><span style=\"font-family: arial, helvetica, sans-serif;\"><strong>QUE LLEVAR:<\/strong><\/span><\/td>\n<td style=\"height: 24px; width: 625px;\"><span style=\"font-family: arial, helvetica, sans-serif;\">Ropa comoda, agua,\u00a0zapatos para caminar, chaqueta.<\/span><\/td>\n<\/tr>\n<tr style=\"height: 23.8125px;\">\n<td style=\"height: 23.8125px; width: 221px;\"><span style=\"font-family: arial, helvetica, sans-serif;\"><strong>INCLUYE<\/strong><\/span><\/td>\n<td style=\"height: 23.8125px; width: 625px;\"><span style=\"font-family: arial, helvetica, sans-serif;\"><i class=\"fa fa-check icon-tick icon-tick--on\"><\/i> Guia Biling\u00fce.<\/span><br \/>\n<span style=\"font-family: arial, helvetica, sans-serif;\"> <i class=\"fa fa-check icon-tick icon-tick--on\"><\/i>\u00a0Transporte desde el punto de encuentro.<\/span><\/td>\n<\/tr>\n<tr style=\"height: 38px;\">\n<td style=\"height: 38px; width: 221px;\"><span style=\"font-family: arial, helvetica, sans-serif;\"><b>NOT INCLUDED<\/b><\/span><\/td>\n<td style=\"height: 38px; width: 625px;\"><span style=\"font-family: arial, helvetica, sans-serif;\"><i class=\"fa fa-times icon-tick icon-tick--off\"><\/i> Comidas (no especificadas)<\/span><br \/>\n<span style=\"font-family: arial, helvetica, sans-serif;\"> <i class=\"fa fa-times icon-tick icon-tick--off\"><\/i> Entradas<\/span><br \/>\n<span style=\"font-family: arial, helvetica, sans-serif;\"> <i class=\"fa fa-times icon-tick icon-tick--off\"><\/i> Costos extras de actividades no indicadas (bikes, kayaks etc.)<\/span><br \/>\n<span style=\"font-family: arial, helvetica, sans-serif;\"> <i class=\"fa fa-times icon-tick icon-tick--off\"><\/i> Hotel en Quito (Podemos ayudarle con la research si desea.)<\/span><br \/>\n<span style=\"font-family: arial, helvetica, sans-serif;\"> <i class=\"fa fa-times icon-tick icon-tick--off\"><\/i> Propinas\u00a0(opcional)<\/span><\/td>\n<\/tr>\n<\/tbody>\n<\/table>\n<h3><span style=\"font-family: arial, helvetica, sans-serif; font-size: 18pt;\">Descripci\u00f3n del\u00a0tour\u00a0Quito colonial nocturno.<\/span><\/h3>\n<p><span style=\"font-family: arial, helvetica, sans-serif;\">Una vista corta pero bastante completa de\u00a0<strong>Quito Colonial Nocturno<\/strong>. Caminar por las calles del centro hist\u00f3rico bajo las luces de la noche; las\u00a0<strong>construcciones e iglesias coloniales<\/strong>\u00a0son ideales para fotografiar durante la noche. Echa un vistazo de c\u00f3mo los quite\u00f1os disfrutan de la\u00a0<strong>vida nocturna<\/strong>\u00a0con esta incre\u00edble vista panor\u00e1mica de la ciudad de Quito (norte a sur) desde el\u00a0<strong>Panecillo.<\/strong><\/span><\/p>\n<p><span style=\"font-family: arial, helvetica, sans-serif;\">Disfrute de las bellezas coloniales del\u00a0<strong>Centro Hist\u00f3rico<\/strong>\u00a0bajo las luces de la noche. El recorrido comienza con el edificio del parlamento y luego contin\u00faa a la ciudad colonial para un paseo rom\u00e1ntico a los templos coloniales y monasterios de esta joya urbana, incluyendo la Plaza de la Independencia, la Catedral, la iglesia de<strong>\u00a0El Sagrario<\/strong>, el Palacio Presidencial, el Edificio Municipal y el Palacio Arzobispal, la fachada de la iglesia de la\u00a0<strong>Compa\u00f1\u00eda de Jes\u00fas<\/strong>, el mejor ejemplo de\u00a0<strong>estilo barroco<\/strong>\u00a0sudamericano. Luego nos trasladaremos a\u00a0<strong>Iglesia de San Francisco.<\/strong><\/span><\/p>\n<p><span style=\"font-family: arial, helvetica, sans-serif;\">Despu\u00e9s de caminar por las calles coloniales, vamos a seguir para el\u00a0<strong>Panecillo<\/strong>, el cerro m\u00e1s famoso en Quito y hacer una parada para una vista impresionante de la ciudad de Quito bajo las luces de la noche.<\/span><\/p>\n<p>[vc_row][vc_column el_class=&#8221;accocruise&#8221;][vc_column_text]\n<div class=\"panel panel-default accordion__item\">\n\t<div class=\"panel-heading accordion__item__title-wrap\">\n\t\t<h4 class=\"panel-title\">\n\t\t\t<a data-toggle=\"collapse\" data-parent=\"#ataccordion0\" href=\"#ataccordion0_1\" class=\"accordion__item__link collapsed\">Solicite m\u00e1s informaci\u00f3n<\/a>\n\t\t<\/h4>\n\t<\/div>\n\t<div id=\"ataccordion0_1\" class=\"panel-collapse collapse\">\n\t\t<div class=\"panel-body accordion__item__content\">\n                <div class=\"ml-embedded\" data-form=\"fFWluV\"><\/div>\n            \n<\/div>\n\t<\/div>\n<\/div>[\/vc_column_text][\/vc_column][\/vc_row]<\/p>\n<\/div>","protected":false},"excerpt":{"rendered":"<p>El Quito Colonial Nocturno Tour le gu\u00eda a trav\u00e9s de la excitante vida nocturna de Quito. Durante su visita al Centro Hist\u00f3rico bajo las luces de luna.<\/p>\n","protected":false},"featured_media":1658,"comment_status":"open","ping_status":"closed","template":"","meta":{"_joinchat":[]},"product_brand":[],"product_cat":[3599],"product_tag":[],"class_list":{"0":"post-1656","1":"product","2":"type-product","3":"status-publish","4":"has-post-thumbnail","6":"product_cat-sin-categoria","7":"tour_category-quito-turismo","9":"first","10":"instock","11":"taxable","12":"shipping-taxable","13":"product-type-tour"},"yoast_head":"<!-- This site is optimized with the Yoast SEO Premium plugin v25.6 (Yoast SEO v26.1.1) - https:\/\/yoast.com\/wordpress\/plugins\/seo\/ -->\n<title>Quito Colonial Nocturno Tour | Quito Nocturno m\u00e1s cena<\/title>\n<meta name=\"description\" content=\"El Quito Colonial Nocturno Tour le gu\u00eda a trav\u00e9s de la excitante vida nocturna de Quito. Durante su visita al Centro Hist\u00f3rico bajo las luces de luna. NG&amp;E\" \/>\n<meta name=\"robots\" content=\"index, follow, max-snippet:-1, max-image-preview:large, max-video-preview:-1\" \/>\n<link rel=\"canonical\" href=\"https:\/\/naturegalapagos.com\/es\/quito-turismo\/quito-colonial-nocturno-tour\/\" \/>\n<meta property=\"og:locale\" content=\"es_ES\" \/>\n<meta property=\"og:type\" content=\"article\" \/>\n<meta property=\"og:title\" content=\"Quito Colonial Nocturno Tour | Quito Nocturno m\u00e1s cena\" \/>\n<meta property=\"og:description\" content=\"El Quito Colonial Nocturno Tour le gu\u00eda a trav\u00e9s de la excitante vida nocturna de Quito. Durante su visita al Centro Hist\u00f3rico bajo las luces de luna. NG&amp;E\" \/>\n<meta property=\"og:url\" content=\"https:\/\/naturegalapagos.com\/es\/quito-turismo\/quito-colonial-nocturno-tour\/\" \/>\n<meta property=\"og:site_name\" content=\"Espa\u00f1ol - Nature Galapagos &amp; Ecuador\" \/>\n<meta property=\"article:publisher\" content=\"https:\/\/www.facebook.com\/naturegalapagosecuador\/\" \/>\n<meta property=\"article:modified_time\" content=\"2024-09-17T21:27:12+00:00\" \/>\n<meta property=\"og:image\" content=\"https:\/\/naturegalapagos.com\/es\/wp-content\/uploads\/sites\/3\/2016\/06\/Quito-colonial-nocturno.jpg\" \/>\n\t<meta property=\"og:image:width\" content=\"1024\" \/>\n\t<meta property=\"og:image:height\" content=\"512\" \/>\n\t<meta property=\"og:image:type\" content=\"image\/jpeg\" \/>\n<meta name=\"twitter:card\" content=\"summary_large_image\" \/>\n<meta name=\"twitter:title\" content=\"Quito Colonial Nocturno Tour | Quito Nocturno m\u00e1s cena\" \/>\n<meta name=\"twitter:description\" content=\"El Quito Colonial Nocturno Tour le gu\u00eda a trav\u00e9s de la excitante vida nocturna de Quito. Durante su visita al Centro Hist\u00f3rico bajo las luces de luna. NG&amp;E\" \/>\n<meta name=\"twitter:site\" content=\"@naturegalapagos\" \/>\n<meta name=\"twitter:label1\" content=\"Tiempo de lectura\" \/>\n\t<meta name=\"twitter:data1\" content=\"2 minutos\" \/>\n<!-- \/ Yoast SEO Premium plugin. -->","yoast_head_json":{"title":"Quito Colonial Nocturno Tour | Quito Nocturno m\u00e1s cena","description":"El Quito Colonial Nocturno Tour le gu\u00eda a trav\u00e9s de la excitante vida nocturna de Quito. Durante su visita al Centro Hist\u00f3rico bajo las luces de luna. NG&E","robots":{"index":"index","follow":"follow","max-snippet":"max-snippet:-1","max-image-preview":"max-image-preview:large","max-video-preview":"max-video-preview:-1"},"canonical":"https:\/\/naturegalapagos.com\/es\/quito-turismo\/quito-colonial-nocturno-tour\/","og_locale":"es_ES","og_type":"article","og_title":"Quito Colonial Nocturno Tour | Quito Nocturno m\u00e1s cena","og_description":"El Quito Colonial Nocturno Tour le gu\u00eda a trav\u00e9s de la excitante vida nocturna de Quito. Durante su visita al Centro Hist\u00f3rico bajo las luces de luna. NG&E","og_url":"https:\/\/naturegalapagos.com\/es\/quito-turismo\/quito-colonial-nocturno-tour\/","og_site_name":"Espa\u00f1ol - Nature Galapagos &amp; Ecuador","article_publisher":"https:\/\/www.facebook.com\/naturegalapagosecuador\/","article_modified_time":"2024-09-17T21:27:12+00:00","og_image":[{"width":1024,"height":512,"url":"https:\/\/naturegalapagos.com\/es\/wp-content\/uploads\/sites\/3\/2016\/06\/Quito-colonial-nocturno.jpg","type":"image\/jpeg"}],"twitter_card":"summary_large_image","twitter_title":"Quito Colonial Nocturno Tour | Quito Nocturno m\u00e1s cena","twitter_description":"El Quito Colonial Nocturno Tour le gu\u00eda a trav\u00e9s de la excitante vida nocturna de Quito. Durante su visita al Centro Hist\u00f3rico bajo las luces de luna. NG&E","twitter_site":"@naturegalapagos","twitter_misc":{"Tiempo de lectura":"2 minutos"},"schema":{"@context":"https:\/\/schema.org","@graph":[{"@type":"WebPage","@id":"https:\/\/naturegalapagos.com\/es\/quito-turismo\/quito-colonial-nocturno-tour\/","url":"https:\/\/naturegalapagos.com\/es\/quito-turismo\/quito-colonial-nocturno-tour\/","name":"Quito Colonial Nocturno Tour | Quito Nocturno m\u00e1s cena","isPartOf":{"@id":"https:\/\/naturegalapagos.com\/es\/#website"},"primaryImageOfPage":{"@id":"https:\/\/naturegalapagos.com\/es\/quito-turismo\/quito-colonial-nocturno-tour\/#primaryimage"},"image":{"@id":"https:\/\/naturegalapagos.com\/es\/quito-turismo\/quito-colonial-nocturno-tour\/#primaryimage"},"thumbnailUrl":"https:\/\/naturegalapagos.com\/es\/wp-content\/uploads\/sites\/3\/2016\/06\/Quito-colonial-nocturno.jpg","datePublished":"2024-09-17T20:27:25+00:00","dateModified":"2024-09-17T21:27:12+00:00","description":"El Quito Colonial Nocturno Tour le gu\u00eda a trav\u00e9s de la excitante vida nocturna de Quito. Durante su visita al Centro Hist\u00f3rico bajo las luces de luna. NG&E","breadcrumb":{"@id":"https:\/\/naturegalapagos.com\/es\/quito-turismo\/quito-colonial-nocturno-tour\/#breadcrumb"},"inLanguage":"es","potentialAction":[{"@type":"ReadAction","target":["https:\/\/naturegalapagos.com\/es\/quito-turismo\/quito-colonial-nocturno-tour\/"]}]},{"@type":"ImageObject","inLanguage":"es","@id":"https:\/\/naturegalapagos.com\/es\/quito-turismo\/quito-colonial-nocturno-tour\/#primaryimage","url":"https:\/\/naturegalapagos.com\/es\/wp-content\/uploads\/sites\/3\/2016\/06\/Quito-colonial-nocturno.jpg","contentUrl":"https:\/\/naturegalapagos.com\/es\/wp-content\/uploads\/sites\/3\/2016\/06\/Quito-colonial-nocturno.jpg","width":1024,"height":512,"caption":"Quito colonial nocturno"},{"@type":"BreadcrumbList","@id":"https:\/\/naturegalapagos.com\/es\/quito-turismo\/quito-colonial-nocturno-tour\/#breadcrumb","itemListElement":[{"@type":"ListItem","position":1,"name":"Home","item":"https:\/\/naturegalapagos.com\/es\/"},{"@type":"ListItem","position":2,"name":"Tienda","item":"https:\/\/naturegalapagos.com\/es\/tienda\/"},{"@type":"ListItem","position":3,"name":"Quito Colonial Nocturno Tour | Quito Nocturno"}]},{"@type":"WebSite","@id":"https:\/\/naturegalapagos.com\/es\/#website","url":"https:\/\/naturegalapagos.com\/es\/","name":"Espa\u00f1ol - Nature Galapagos & Ecuador","description":"","publisher":{"@id":"https:\/\/naturegalapagos.com\/es\/#organization"},"potentialAction":[{"@type":"SearchAction","target":{"@type":"EntryPoint","urlTemplate":"https:\/\/naturegalapagos.com\/es\/?s={search_term_string}"},"query-input":{"@type":"PropertyValueSpecification","valueRequired":true,"valueName":"search_term_string"}}],"inLanguage":"es"},{"@type":"Organization","@id":"https:\/\/naturegalapagos.com\/es\/#organization","name":"Espa\u00f1ol - Nature Galapagos & Ecuador","url":"https:\/\/naturegalapagos.com\/es\/","logo":{"@type":"ImageObject","inLanguage":"es","@id":"https:\/\/naturegalapagos.com\/es\/#\/schema\/logo\/image\/","url":"https:\/\/naturegalapagos.com\/es\/wp-content\/uploads\/sites\/3\/2016\/10\/Nature-Galapagos-Logo-COM-300x300.jpg","contentUrl":"https:\/\/naturegalapagos.com\/es\/wp-content\/uploads\/sites\/3\/2016\/10\/Nature-Galapagos-Logo-COM-300x300.jpg","width":300,"height":300,"caption":"Espa\u00f1ol - Nature Galapagos & Ecuador"},"image":{"@id":"https:\/\/naturegalapagos.com\/es\/#\/schema\/logo\/image\/"},"sameAs":["https:\/\/www.facebook.com\/naturegalapagosecuador\/","https:\/\/x.com\/naturegalapagos","https:\/\/www.instagram.com\/naturegalapagos\/","https:\/\/www.pinterest.com\/Naturegalapagos\/","https:\/\/www.youtube.com\/user\/NatureGalapagosTours"]}]}},"_links":{"self":[{"href":"https:\/\/naturegalapagos.com\/es\/wp-json\/wp\/v2\/product\/1656","targetHints":{"allow":["GET"]}}],"collection":[{"href":"https:\/\/naturegalapagos.com\/es\/wp-json\/wp\/v2\/product"}],"about":[{"href":"https:\/\/naturegalapagos.com\/es\/wp-json\/wp\/v2\/types\/product"}],"replies":[{"embeddable":true,"href":"https:\/\/naturegalapagos.com\/es\/wp-json\/wp\/v2\/comments?post=1656"}],"wp:featuredmedia":[{"embeddable":true,"href":"https:\/\/naturegalapagos.com\/es\/wp-json\/wp\/v2\/media\/1658"}],"wp:attachment":[{"href":"https:\/\/naturegalapagos.com\/es\/wp-json\/wp\/v2\/media?parent=1656"}],"wp:term":[{"taxonomy":"product_brand","embeddable":true,"href":"https:\/\/naturegalapagos.com\/es\/wp-json\/wp\/v2\/product_brand?post=1656"},{"taxonomy":"product_cat","embeddable":true,"href":"https:\/\/naturegalapagos.com\/es\/wp-json\/wp\/v2\/product_cat?post=1656"},{"taxonomy":"product_tag","embeddable":true,"href":"https:\/\/naturegalapagos.com\/es\/wp-json\/wp\/v2\/product_tag?post=1656"}],"curies":[{"name":"wp","href":"https:\/\/api.w.org\/{rel}","templated":true}]}}