{"id":1664,"date":"2024-12-14T05:33:59","date_gmt":"2024-12-14T10:33:59","guid":{"rendered":"http:\/\/naturegalapagos.com\/es\/cruceros-galapagos\/yate-tip-top-ii-primera-clase-crucero-galapagos"},"modified":"2024-12-26T10:43:03","modified_gmt":"2024-12-26T15:43:03","slug":"tip-top-iv-crucero-galapagos","status":"publish","type":"product","link":"https:\/\/naturegalapagos.com\/es\/cruceros-galapagos\/yate-tip-top-iv-primera-clase-crucero-galapagos\/","title":{"rendered":"M\/Y Tip Top IV Crucero Gal\u00e1pagos"},"content":{"rendered":"<div class=\"wpb-content-wrapper\"><div style=\"display: flex; justify-content: end; margin-bottom: 10px;\"><a href=\"https:\/\/naturegalapagos.com\/es\/ofertas-de-viajes\/\" target=\"_blank\" rel=\"noopener\"><img decoding=\"async\" src=\"https:\/\/naturegalapagos.com\/es\/wp-content\/uploads\/sites\/3\/2019\/11\/las-minute-deals-gif_Final_espa\u00f1ol.gif\" width=\"227.5\" height=\"77.25\" \/><\/a><\/div>\n<h2><span style=\"font-family: arial, helvetica, sans-serif;\"><strong>D<\/strong><strong>escripci\u00f3n del M\/Y Tip Top IV Crucero Gal\u00e1pagos<\/strong><strong>:<\/strong><\/span><\/h2>\n<p style=\"text-align: justify;\"><span style=\"font-family: arial, helvetica, sans-serif;\">El <strong>M\/Y Tip Top IV crucero Gal\u00e1pagos<\/strong> fue dise\u00f1ado para ofrecer el m\u00e1s alto nivel de seguridad y comodidad a sus invitados. Es un Yate construido con los m\u00e1s altos est\u00e1ndares en Guayaquil \u2013 Ecuador en el a\u00f1o 2006.<\/span><\/p>\n<p><!--more--><\/p>\n<h3><span style=\"font-family: arial, helvetica, sans-serif;\"><strong>CARACTER\u00cdSTICAS PRINCIPALES<\/strong><\/span><\/h3>\n<ul>\n<li><span style=\"font-family: arial, helvetica, sans-serif;\">El M\/Y Tip Top IV Yacht Crucero Gal\u00e1pagos es un yate de Primera Clase<\/span><\/li>\n<li><span style=\"font-family: arial, helvetica, sans-serif;\">El m\u00e1s largo entre su familia, Tip Top II &amp; III<\/span><\/li>\n<li><span style=\"font-family: arial, helvetica, sans-serif;\">C\u00f3modas \u00e1reas sociales y terrazas<\/span><\/li>\n<li><span style=\"font-family: arial, helvetica, sans-serif;\">Equipo de Snorkel (renta)<\/span><\/li>\n<li><span style=\"font-family: arial, helvetica, sans-serif;\">Administrado por la legendaria familia Wittmer<\/span><\/li>\n<\/ul>\n<h3 style=\"text-align: justify;\"><span style=\"font-family: arial, helvetica, sans-serif;\"><strong>Cabinas del M\/Y Tip Top IV crucero Gal\u00e1pagos<\/strong><\/span><\/h3>\n<p style=\"text-align: justify;\"><span style=\"font-family: arial, helvetica, sans-serif;\">El <strong>M\/Y Tip Top IV Crucero Gal\u00e1pagos<\/strong> est\u00e1 especialmente dise\u00f1ado y construido para albergar 16 invitados en sus c\u00f3modas cabinas. Tiene un total de 10 cabinas, as\u00ed como su ba\u00f1o privado en cada una. Las cabinas de la Cubierta Inferior (seis) pueden ser transformadas en una suite familiar (conjuntas) y las cabinas de la Cubierta Superior (cuatro) pueden ser transformadas a una cama tama\u00f1o king. Por otro lado, las cabinas, el bar y la sala de descanso est\u00e1n completamente alfombradas para su comodidad. As\u00ed mismo, cuenta una hermosa terraza y un comedor con pisos de teca crean un lugar maravilloso para descansar y relajarse a bordo.<\/span><\/p>\n<table border=\"0\" cellspacing=\"0\" cellpadding=\"0\" align=\"center\">\n<tbody>\n<tr style=\"background-color: #e6e6e6;\">\n<th colspan=\"2\" align=\"center\">\n<h4><span style=\"font-family: arial, helvetica, sans-serif;\">Especificaciones T\u00e9cnicas<\/span><\/h4>\n<\/th>\n<\/tr>\n<tr>\n<td><span style=\"font-family: arial, helvetica, sans-serif;\"><strong>Tipo:<\/strong><\/span><\/td>\n<td><span style=\"font-family: arial, helvetica, sans-serif;\">Yate de Motor<\/span><\/td>\n<\/tr>\n<tr>\n<td><span style=\"font-family: arial, helvetica, sans-serif;\"><strong>Longitud:<\/strong><\/span><\/td>\n<td><span style=\"font-family: arial, helvetica, sans-serif;\">\u00a0125 pies<\/span><\/td>\n<\/tr>\n<tr>\n<td><span style=\"font-family: arial, helvetica, sans-serif;\"><strong>Haz:<\/strong><\/span><\/td>\n<td><span style=\"font-family: arial, helvetica, sans-serif;\">\u00a025 pies<\/span><\/td>\n<\/tr>\n<tr>\n<td><span style=\"font-family: arial, helvetica, sans-serif;\"><strong>Casco:<\/strong><\/span><\/td>\n<td><span style=\"font-family: arial, helvetica, sans-serif;\">\u00a06 pies<\/span><\/td>\n<\/tr>\n<tr>\n<td><span style=\"font-family: arial, helvetica, sans-serif;\"><strong>Motores:<\/strong><\/span><\/td>\n<td><span style=\"font-family: arial, helvetica, sans-serif;\">\u00a0Twin Deutz BF8M 1015MC engines (442 HP each)<\/span><\/td>\n<\/tr>\n<tr>\n<td><span style=\"font-family: arial, helvetica, sans-serif;\"><strong>Velocidad:<\/strong><\/span><\/td>\n<td><span style=\"font-family: arial, helvetica, sans-serif;\">\u00a012 nudos<\/span><\/td>\n<\/tr>\n<tr>\n<td><span style=\"font-family: arial, helvetica, sans-serif;\"><strong>Tripulaci\u00f3n:<\/strong><\/span><\/td>\n<td><span style=\"font-family: arial, helvetica, sans-serif;\">\u00a0Capit\u00e1n, gu\u00eda pluriling\u00fce, ingeniero, cocinero, cantinero, mesero, y 2 marineros<\/span><\/td>\n<\/tr>\n<tr>\n<td><span style=\"font-family: arial, helvetica, sans-serif;\"><strong>Capacidad:<\/strong><\/span><\/td>\n<td><span style=\"font-family: arial, helvetica, sans-serif;\">\u00a016 pasajeros<\/span><\/td>\n<\/tr>\n<tr>\n<td><span style=\"font-family: arial, helvetica, sans-serif;\"><strong>Habitaciones:<\/strong><\/span><\/td>\n<td><span style=\"font-family: arial, helvetica, sans-serif;\">\u00a09 cabinas cada una con ba\u00f1o privado<\/span><\/td>\n<\/tr>\n<tr>\n<td><span style=\"font-family: arial, helvetica, sans-serif;\"><strong>Construcci\u00f3n:<\/strong><\/span><\/td>\n<td><span style=\"font-family: arial, helvetica, sans-serif;\">\u00a0Guayaquil, Ecuador (2006) Steel-hulled Motor Yacht<\/span><\/td>\n<\/tr>\n<tr>\n<td><span style=\"font-family: arial, helvetica, sans-serif;\"><strong>Electricidad:<\/strong><\/span><\/td>\n<td><span style=\"font-family: arial, helvetica, sans-serif;\">\u00a0110\/220 v AC<\/span><\/td>\n<\/tr>\n<tr>\n<td><span style=\"font-family: arial, helvetica, sans-serif;\"><strong>Equipo de Snorkel:<\/strong><\/span><\/td>\n<td><span style=\"font-family: arial, helvetica, sans-serif;\">Disponibles para su renta<\/span><\/td>\n<\/tr>\n<tr>\n<td><span style=\"font-family: arial, helvetica, sans-serif;\"><strong>Equipo de Seguridad y Navegaci\u00f3n:<\/strong><\/span><\/td>\n<td style=\"text-align: justify;\"><span style=\"font-family: arial, helvetica, sans-serif;\">Twin Raymarine E1250 GPS, Radar &amp; Ecosounder, Twin UNIDEN UM 625c VHF \/DSC, Furuno FS &#8211; 1530 HF Radio, twin Youlong KHA 2331 balsas salvavidas para 25 pasajeros, Twin DEUTZ BF8M 1015 MC 442 HP engines. Twin ONAN 6BS.9-D (M) electric generators, Village Marine Tec Oil \/ Water Separator, TIDAL HEADHUNTER TW &#8211; 200 water purifier, three YAMAHA 25 HP FOUR STROKE ecologic outboard motors, magnetic compass, bar\u00f3metro; reloj; term\u00f3metro; helm indicator; searchlight; horn., 50 chalecos salvavidas; detectores de humo; sistema contra incendios; Twin 19 feet Nautical RIB Botes inflables con motor de 25 HP para 16 pasajeros cada uno. Equipo de seguridad cumple con las regulaciones de guardacostas internacional.<\/span><\/td>\n<\/tr>\n<\/tbody>\n<\/table>\n<p>[\/vc_column_text][\/vc_column][\/vc_row][vc_row][vc_column el_class=&#8221;accocruise&#8221;][vc_column_text]\n<div class=\"panel panel-default accordion__item\">\n\t<div class=\"panel-heading accordion__item__title-wrap\">\n\t\t<h4 class=\"panel-title\">\n\t\t\t<a data-toggle=\"collapse\" data-parent=\"#ataccordion0\" href=\"#ataccordion0_1\" class=\"accordion__item__link collapsed\">Solicite m\u00e1s informaci\u00f3n<\/a>\n\t\t<\/h4>\n\t<\/div>\n\t<div id=\"ataccordion0_1\" class=\"panel-collapse collapse\">\n\t\t<div class=\"panel-body accordion__item__content\">\n<div class=\"ml-embedded\" data-form=\"9RRmfq\"><\/div>\n<\/div>\n\t<\/div>\n<\/div>[\/vc_column_text][\/vc_column][\/vc_row][vc_row][vc_column][\/vc_column][\/vc_row]<\/p>\n<\/div>","protected":false},"excerpt":{"rendered":"<p>Descripci\u00f3n del M\/Y Tip Top IV Crucero Gal\u00e1pagos: El M\/Y Tip Top IV crucero Gal\u00e1pagos fue dise\u00f1ado para ofrecer el m\u00e1s alto nivel de seguridad y comodidad a sus invitados. Es un Yate construido con los m\u00e1s altos est\u00e1ndares en Guayaquil \u2013 Ecuador en el a\u00f1o 2006.<\/p>\n","protected":false},"featured_media":2255,"comment_status":"open","ping_status":"closed","template":"","meta":{"_joinchat":[]},"product_brand":[],"product_cat":[3599],"product_tag":[],"class_list":{"0":"post-1664","1":"product","2":"type-product","3":"status-publish","4":"has-post-thumbnail","6":"product_cat-sin-categoria","7":"tour_category-crucero-primera-clase","9":"first","10":"instock","11":"taxable","12":"shipping-taxable","13":"product-type-tour"},"yoast_head":"<!-- This site is optimized with the Yoast SEO Premium plugin v25.6 (Yoast SEO v26.1.1) - https:\/\/yoast.com\/wordpress\/plugins\/seo\/ -->\n<title>M\/Y Tip Top IV Crucero Gal\u00e1pagos | Yate Primera Clase<\/title>\n<meta name=\"description\" content=\"M\/Y Tip Top IV Crucero Gal\u00e1pagos est\u00e1 especialmente construido; una hermosa terraza y un comedor crean un lugar maravilloso para descansar y relajarse.\" \/>\n<meta name=\"robots\" content=\"index, follow, max-snippet:-1, max-image-preview:large, max-video-preview:-1\" \/>\n<link rel=\"canonical\" href=\"https:\/\/naturegalapagos.com\/es\/cruceros-galapagos\/yate-tip-top-iv-primera-clase-crucero-galapagos\/\" \/>\n<meta property=\"og:locale\" content=\"es_ES\" \/>\n<meta property=\"og:type\" content=\"article\" \/>\n<meta property=\"og:title\" content=\"M\/Y Tip Top IV Crucero Gal\u00e1pagos | Yate Primera Clase\" \/>\n<meta property=\"og:description\" content=\"M\/Y Tip Top IV Crucero Gal\u00e1pagos est\u00e1 especialmente construido; una hermosa terraza y un comedor crean un lugar maravilloso para descansar y relajarse.\" \/>\n<meta property=\"og:url\" content=\"https:\/\/naturegalapagos.com\/es\/cruceros-galapagos\/yate-tip-top-iv-primera-clase-crucero-galapagos\/\" \/>\n<meta property=\"og:site_name\" content=\"Espa\u00f1ol - Nature Galapagos &amp; Ecuador\" \/>\n<meta property=\"article:publisher\" content=\"https:\/\/www.facebook.com\/naturegalapagosecuador\/\" \/>\n<meta property=\"article:modified_time\" content=\"2024-12-26T15:43:03+00:00\" \/>\n<meta property=\"og:image\" content=\"https:\/\/naturegalapagos.com\/es\/wp-content\/uploads\/sites\/3\/2016\/06\/tip-top-iv-crucero-galapagos.jpg\" \/>\n\t<meta property=\"og:image:width\" content=\"1024\" \/>\n\t<meta property=\"og:image:height\" content=\"512\" \/>\n\t<meta property=\"og:image:type\" content=\"image\/jpeg\" \/>\n<meta name=\"twitter:card\" content=\"summary_large_image\" \/>\n<meta name=\"twitter:title\" content=\"M\/Y Tip Top IV Crucero Gal\u00e1pagos | Yate Primera Clase\" \/>\n<meta name=\"twitter:description\" content=\"M\/Y Tip Top IV Crucero Gal\u00e1pagos est\u00e1 especialmente construido; una hermosa terraza y un comedor crean un lugar maravilloso para descansar y relajarse.\" \/>\n<meta name=\"twitter:site\" content=\"@naturegalapagos\" \/>\n<meta name=\"twitter:label1\" content=\"Tiempo de lectura\" \/>\n\t<meta name=\"twitter:data1\" content=\"3 minutos\" \/>\n<!-- \/ Yoast SEO Premium plugin. -->","yoast_head_json":{"title":"M\/Y Tip Top IV Crucero Gal\u00e1pagos | Yate Primera Clase","description":"M\/Y Tip Top IV Crucero Gal\u00e1pagos est\u00e1 especialmente construido; una hermosa terraza y un comedor crean un lugar maravilloso para descansar y relajarse.","robots":{"index":"index","follow":"follow","max-snippet":"max-snippet:-1","max-image-preview":"max-image-preview:large","max-video-preview":"max-video-preview:-1"},"canonical":"https:\/\/naturegalapagos.com\/es\/cruceros-galapagos\/yate-tip-top-iv-primera-clase-crucero-galapagos\/","og_locale":"es_ES","og_type":"article","og_title":"M\/Y Tip Top IV Crucero Gal\u00e1pagos | Yate Primera Clase","og_description":"M\/Y Tip Top IV Crucero Gal\u00e1pagos est\u00e1 especialmente construido; una hermosa terraza y un comedor crean un lugar maravilloso para descansar y relajarse.","og_url":"https:\/\/naturegalapagos.com\/es\/cruceros-galapagos\/yate-tip-top-iv-primera-clase-crucero-galapagos\/","og_site_name":"Espa\u00f1ol - Nature Galapagos &amp; Ecuador","article_publisher":"https:\/\/www.facebook.com\/naturegalapagosecuador\/","article_modified_time":"2024-12-26T15:43:03+00:00","og_image":[{"width":1024,"height":512,"url":"https:\/\/naturegalapagos.com\/es\/wp-content\/uploads\/sites\/3\/2016\/06\/tip-top-iv-crucero-galapagos.jpg","type":"image\/jpeg"}],"twitter_card":"summary_large_image","twitter_title":"M\/Y Tip Top IV Crucero Gal\u00e1pagos | Yate Primera Clase","twitter_description":"M\/Y Tip Top IV Crucero Gal\u00e1pagos est\u00e1 especialmente construido; una hermosa terraza y un comedor crean un lugar maravilloso para descansar y relajarse.","twitter_site":"@naturegalapagos","twitter_misc":{"Tiempo de lectura":"3 minutos"},"schema":{"@context":"https:\/\/schema.org","@graph":[{"@type":"WebPage","@id":"https:\/\/naturegalapagos.com\/es\/cruceros-galapagos\/yate-tip-top-iv-primera-clase-crucero-galapagos\/","url":"https:\/\/naturegalapagos.com\/es\/cruceros-galapagos\/yate-tip-top-iv-primera-clase-crucero-galapagos\/","name":"M\/Y Tip Top IV Crucero Gal\u00e1pagos | Yate Primera Clase","isPartOf":{"@id":"https:\/\/naturegalapagos.com\/es\/#website"},"primaryImageOfPage":{"@id":"https:\/\/naturegalapagos.com\/es\/cruceros-galapagos\/yate-tip-top-iv-primera-clase-crucero-galapagos\/#primaryimage"},"image":{"@id":"https:\/\/naturegalapagos.com\/es\/cruceros-galapagos\/yate-tip-top-iv-primera-clase-crucero-galapagos\/#primaryimage"},"thumbnailUrl":"https:\/\/naturegalapagos.com\/es\/wp-content\/uploads\/sites\/3\/2016\/06\/tip-top-iv-crucero-galapagos.jpg","datePublished":"2024-12-14T10:33:59+00:00","dateModified":"2024-12-26T15:43:03+00:00","description":"M\/Y Tip Top IV Crucero Gal\u00e1pagos est\u00e1 especialmente construido; una hermosa terraza y un comedor crean un lugar maravilloso para descansar y relajarse.","breadcrumb":{"@id":"https:\/\/naturegalapagos.com\/es\/cruceros-galapagos\/yate-tip-top-iv-primera-clase-crucero-galapagos\/#breadcrumb"},"inLanguage":"es","potentialAction":[{"@type":"ReadAction","target":["https:\/\/naturegalapagos.com\/es\/cruceros-galapagos\/yate-tip-top-iv-primera-clase-crucero-galapagos\/"]}]},{"@type":"ImageObject","inLanguage":"es","@id":"https:\/\/naturegalapagos.com\/es\/cruceros-galapagos\/yate-tip-top-iv-primera-clase-crucero-galapagos\/#primaryimage","url":"https:\/\/naturegalapagos.com\/es\/wp-content\/uploads\/sites\/3\/2016\/06\/tip-top-iv-crucero-galapagos.jpg","contentUrl":"https:\/\/naturegalapagos.com\/es\/wp-content\/uploads\/sites\/3\/2016\/06\/tip-top-iv-crucero-galapagos.jpg","width":1024,"height":512,"caption":"Tip Top IV Crucero Gal\u00e1pagos"},{"@type":"BreadcrumbList","@id":"https:\/\/naturegalapagos.com\/es\/cruceros-galapagos\/yate-tip-top-iv-primera-clase-crucero-galapagos\/#breadcrumb","itemListElement":[{"@type":"ListItem","position":1,"name":"Home","item":"https:\/\/naturegalapagos.com\/es\/"},{"@type":"ListItem","position":2,"name":"Tienda","item":"https:\/\/naturegalapagos.com\/es\/tienda\/"},{"@type":"ListItem","position":3,"name":"M\/Y Tip Top IV Crucero Gal\u00e1pagos"}]},{"@type":"WebSite","@id":"https:\/\/naturegalapagos.com\/es\/#website","url":"https:\/\/naturegalapagos.com\/es\/","name":"Espa\u00f1ol - Nature Galapagos & Ecuador","description":"","publisher":{"@id":"https:\/\/naturegalapagos.com\/es\/#organization"},"potentialAction":[{"@type":"SearchAction","target":{"@type":"EntryPoint","urlTemplate":"https:\/\/naturegalapagos.com\/es\/?s={search_term_string}"},"query-input":{"@type":"PropertyValueSpecification","valueRequired":true,"valueName":"search_term_string"}}],"inLanguage":"es"},{"@type":"Organization","@id":"https:\/\/naturegalapagos.com\/es\/#organization","name":"Espa\u00f1ol - Nature Galapagos & Ecuador","url":"https:\/\/naturegalapagos.com\/es\/","logo":{"@type":"ImageObject","inLanguage":"es","@id":"https:\/\/naturegalapagos.com\/es\/#\/schema\/logo\/image\/","url":"https:\/\/naturegalapagos.com\/es\/wp-content\/uploads\/sites\/3\/2016\/10\/Nature-Galapagos-Logo-COM-300x300.jpg","contentUrl":"https:\/\/naturegalapagos.com\/es\/wp-content\/uploads\/sites\/3\/2016\/10\/Nature-Galapagos-Logo-COM-300x300.jpg","width":300,"height":300,"caption":"Espa\u00f1ol - Nature Galapagos & Ecuador"},"image":{"@id":"https:\/\/naturegalapagos.com\/es\/#\/schema\/logo\/image\/"},"sameAs":["https:\/\/www.facebook.com\/naturegalapagosecuador\/","https:\/\/x.com\/naturegalapagos","https:\/\/www.instagram.com\/naturegalapagos\/","https:\/\/www.pinterest.com\/Naturegalapagos\/","https:\/\/www.youtube.com\/user\/NatureGalapagosTours"]}]}},"_links":{"self":[{"href":"https:\/\/naturegalapagos.com\/es\/wp-json\/wp\/v2\/product\/1664","targetHints":{"allow":["GET"]}}],"collection":[{"href":"https:\/\/naturegalapagos.com\/es\/wp-json\/wp\/v2\/product"}],"about":[{"href":"https:\/\/naturegalapagos.com\/es\/wp-json\/wp\/v2\/types\/product"}],"replies":[{"embeddable":true,"href":"https:\/\/naturegalapagos.com\/es\/wp-json\/wp\/v2\/comments?post=1664"}],"wp:featuredmedia":[{"embeddable":true,"href":"https:\/\/naturegalapagos.com\/es\/wp-json\/wp\/v2\/media\/2255"}],"wp:attachment":[{"href":"https:\/\/naturegalapagos.com\/es\/wp-json\/wp\/v2\/media?parent=1664"}],"wp:term":[{"taxonomy":"product_brand","embeddable":true,"href":"https:\/\/naturegalapagos.com\/es\/wp-json\/wp\/v2\/product_brand?post=1664"},{"taxonomy":"product_cat","embeddable":true,"href":"https:\/\/naturegalapagos.com\/es\/wp-json\/wp\/v2\/product_cat?post=1664"},{"taxonomy":"product_tag","embeddable":true,"href":"https:\/\/naturegalapagos.com\/es\/wp-json\/wp\/v2\/product_tag?post=1664"}],"curies":[{"name":"wp","href":"https:\/\/api.w.org\/{rel}","templated":true}]}}