{"id":1677,"date":"2024-12-16T11:57:48","date_gmt":"2024-12-16T16:57:48","guid":{"rendered":"http:\/\/naturegalapagos.com\/es\/cruceros-galapagos\/catamaran-nemo-ii-crucero-galapagos"},"modified":"2024-12-16T11:57:16","modified_gmt":"2024-12-16T16:57:16","slug":"cruceros-galapagoscrucero-daphne-galapagos","status":"publish","type":"product","link":"https:\/\/naturegalapagos.com\/es\/cruceros-galapagos\/crucero-daphne-galapagos","title":{"rendered":"Crucero Daphne Gal\u00e1pagos"},"content":{"rendered":"<div class=\"wpb-content-wrapper\"><p>&nbsp;<\/p>\n<div style=\"display: flex; justify-content: end; margin-bottom: 10px;\"><span style=\"font-family: arial, helvetica, sans-serif;\"><a href=\"https:\/\/naturegalapagos.com\/es\/ofertas-de-viajes\/\" target=\"_blank\" rel=\"noopener\"><img decoding=\"async\" src=\"https:\/\/naturegalapagos.com\/es\/wp-content\/uploads\/sites\/3\/2019\/11\/las-minute-deals-gif_Final_espa\u00f1ol.gif\" width=\"227.5\" height=\"77.25\" \/><\/a><\/span><\/div>\n<h2><span style=\"font-size: 24px; font-family: arial, helvetica, sans-serif;\"><strong>D<\/strong><strong>escripci\u00f3n del Crucero Daphne Gal\u00e1pagos<\/strong><strong>:<\/strong><\/span><\/h2>\n<p style=\"text-align: justify;\"><span style=\"font-size: 16px; font-family: arial, helvetica, sans-serif;\">El <strong>Crucero Daphne Gal\u00e1pagos<\/strong> conoce muy bien la zona del Archipielago, ya que han estado operando en las Islas Gal\u00e1pagos durante m\u00e1s de 25 a\u00f1os. Su equipo local conoce el entorno y da un excelente servicio a bordo de su yate de\u00a070 pies. Tambien ofrece un espacio c\u00f3modo para 16 pasajeros, esta enbarcacion se restauro\u00a0en 2004 con una amplia terraza, en la parte superior \u00a0tiene 7 cabinas.<\/span><\/p>\n<p><!--more--><\/p>\n<h3><span style=\"font-size: 20px; font-family: arial, helvetica, sans-serif;\"><strong>Principales caracter\u00edsticas<\/strong><\/span><\/h3>\n<ul>\n<li><span style=\"font-size: 16px; font-family: arial, helvetica, sans-serif;\">El Crucero Daphne\u00a0Gal\u00e1pagos es un grande y c\u00f3modo yate a motor<\/span><\/li>\n<li><span style=\"font-size: 16px; font-family: arial, helvetica, sans-serif;\">Tripulaci\u00f3n Experimentada y Gu\u00eda naturalista biling\u00fce<\/span><\/li>\n<li><span style=\"font-size: 16px; font-family: arial, helvetica, sans-serif;\">Ba\u00f1o privado en cada cabina<\/span><\/li>\n<li><span style=\"font-size: 16px; font-family: arial, helvetica, sans-serif;\">Aire acondicionado<\/span><\/li>\n<li><span style=\"font-size: 16px; font-family: arial, helvetica, sans-serif;\">Una experiencia de viaje placentera.<\/span><\/li>\n<\/ul>\n<h3 style=\"text-align: justify;\"><span style=\"font-size: 20px; font-family: arial, helvetica, sans-serif;\"><strong>Cabinas y Comodidades &#8211; crucero daphne galapagos<\/strong><\/span><\/h3>\n<p style=\"text-align: justify;\"><span style=\"font-size: 16px; font-family: arial, helvetica, sans-serif;\">8 cabinas dobles, literas superiores e inferiores con ba\u00f1o privado y aire acondicionado. Cruceros naturalista con un excelente servicio, personal experto con gu\u00edas naturalistas biling\u00fces y exquisitos men\u00fas que ofrecen la mejor cocina nacional e internacional disponible en las islas.<\/span><\/p>\n<table style=\"border-collapse: collapse; width: 100%;\">\n<tbody>\n<tr>\n<td style=\"width: 100%; text-align: center;\" colspan=\"2\">\n<h4><span style=\"font-size: 16px; font-family: arial, helvetica, sans-serif;\"><strong>Especificaciones T\u00e9cnicas<\/strong><\/span><\/h4>\n<\/td>\n<\/tr>\n<tr>\n<td style=\"width: 50%;\"><span style=\"font-size: 16px; font-family: arial, helvetica, sans-serif;\"><strong>Tipo<\/strong><\/span><\/td>\n<td style=\"width: 50%;\"><span style=\"font-size: 16px; font-family: arial, helvetica, sans-serif;\">Yate a motor<\/span><\/td>\n<\/tr>\n<tr>\n<td style=\"width: 50%;\"><span style=\"font-size: 16px; font-family: arial, helvetica, sans-serif;\"><strong>Clase<\/strong><\/span><\/td>\n<td style=\"width: 50%;\"><span style=\"font-size: 16px; font-family: arial, helvetica, sans-serif;\">Turista Superior<\/span><\/td>\n<\/tr>\n<tr>\n<td style=\"width: 50%;\"><span style=\"font-size: 16px; font-family: arial, helvetica, sans-serif;\"><strong>Capacidad<\/strong><\/span><\/td>\n<td style=\"width: 50%;\"><span style=\"font-size: 16px; font-family: arial, helvetica, sans-serif;\">16 pasajeros<\/span><\/td>\n<\/tr>\n<tr>\n<td style=\"width: 50%;\"><span style=\"font-size: 16px; font-family: arial, helvetica, sans-serif;\"><strong>Longitud<\/strong><\/span><\/td>\n<td style=\"width: 50%;\"><span style=\"font-size: 16px; font-family: arial, helvetica, sans-serif;\">70 pies<\/span><\/td>\n<\/tr>\n<tr>\n<td style=\"width: 50%;\"><span style=\"font-size: 16px; font-family: arial, helvetica, sans-serif;\"><strong>Generadores<\/strong><\/span><\/td>\n<td style=\"width: 50%;\"><span style=\"font-size: 16px; font-family: arial, helvetica, sans-serif;\">2 Generadores Kohler &#8211; 13 kw, 10 kw<\/span><\/td>\n<\/tr>\n<tr>\n<td style=\"width: 50%;\"><span style=\"font-size: 16px; font-family: arial, helvetica, sans-serif;\"><strong>Velocidad<\/strong><\/span><\/td>\n<td style=\"width: 50%;\"><span style=\"font-size: 16px; font-family: arial, helvetica, sans-serif;\">8 nudos<\/span><\/td>\n<\/tr>\n<tr>\n<td style=\"width: 50%;\"><span style=\"font-size: 16px; font-family: arial, helvetica, sans-serif;\"><strong>Equipo de Navigation<\/strong><\/span><\/td>\n<td style=\"width: 50%;\"><span style=\"font-size: 16px; font-family: arial, helvetica, sans-serif;\">24 Radares Furuno, GPS, navegador satelitas, ecosonda, Registrador de velocidad y distancia furuno 1000 pies , compas, barometro<\/span><\/td>\n<\/tr>\n<tr>\n<td style=\"width: 50%;\"><span style=\"font-size: 16px; font-family: arial, helvetica, sans-serif;\"><strong>Equipo de Seguridad<\/strong><\/span><\/td>\n<td style=\"width: 50%;\"><span style=\"font-size: 16px; font-family: arial, helvetica, sans-serif;\">EPIRB, salvavidas, bengalas y se\u00f1ales, detector de humos, y sistema completo contra incendios<strong><br \/>\n<\/strong><\/span><\/td>\n<\/tr>\n<tr>\n<td style=\"width: 50%;\"><span style=\"font-size: 16px; font-family: arial, helvetica, sans-serif;\"><strong>Tripulaci\u00f3n<\/strong><\/span><\/td>\n<td style=\"width: 50%;\"><span style=\"font-size: 16px; font-family: arial, helvetica, sans-serif;\">Capit\u00e1n, Ingeniero, Chef, Marinero, Gu\u00eda naturalista biling\u00fce<\/span><\/td>\n<\/tr>\n<\/tbody>\n<\/table>\n<p>&nbsp;<\/p>\n<h3>Planos de cubierta<\/h3>\n<div id=\"gallery_1\" class=\"gallery\">\n<div class=\"row gallery__items\">\n\t\t\t\t\t<div class=\"col-sm-4 gallery__item-wrap\" data-filterid=\"\">\n\t\t\t<a href=\"https:\/\/naturegalapagos.com\/es\/wp-content\/uploads\/sites\/3\/2024\/01\/sundeck.jpg\" class=\"swipebox gallery__item\" title=\"Solarium\">\n\t\t\t\t<img decoding=\"async\" width=\"720\" height=\"236\" src=\"https:\/\/naturegalapagos.com\/es\/wp-content\/uploads\/sites\/3\/2024\/01\/sundeck-720x236.jpg\" class=\"attachment-thumb_gallery size-thumb_gallery\" alt=\"Solarium del Crucero Daphne\" \/>\t\t\t\t<span class=\"gallery__item__info\">\n\t\t\t\t\t<span class=\"gallery__item__info__content\">\n\t\t\t\t\t\t<span class=\"gallery__item__title\">Solarium<\/span>\n\t\t\t\t\t\t\t\t\t\t<\/span>\n\t\t\t\t\t<span class=\"gallery__item__shadow\"><\/span>\n\t\t\t\t<\/span>\n\t\t\t<\/a>\n\t\t<\/div>\n\t\t\t\t\t<div class=\"col-sm-4 gallery__item-wrap\" data-filterid=\"\">\n\t\t\t<a href=\"https:\/\/naturegalapagos.com\/es\/wp-content\/uploads\/sites\/3\/2024\/01\/main.jpg\" class=\"swipebox gallery__item\" title=\"Cubierta Principal\">\n\t\t\t\t<img decoding=\"async\" width=\"720\" height=\"236\" src=\"https:\/\/naturegalapagos.com\/es\/wp-content\/uploads\/sites\/3\/2024\/01\/main-720x236.jpg\" class=\"attachment-thumb_gallery size-thumb_gallery\" alt=\"Cubierta Principal del Crucero Daphne\" \/>\t\t\t\t<span class=\"gallery__item__info\">\n\t\t\t\t\t<span class=\"gallery__item__info__content\">\n\t\t\t\t\t\t<span class=\"gallery__item__title\">Cubierta Principal<\/span>\n\t\t\t\t\t\t\t\t\t\t<\/span>\n\t\t\t\t\t<span class=\"gallery__item__shadow\"><\/span>\n\t\t\t\t<\/span>\n\t\t\t<\/a>\n\t\t<\/div>\n\t\t\t\t\t<div class=\"col-sm-4 gallery__item-wrap\" data-filterid=\"\">\n\t\t\t<a href=\"https:\/\/naturegalapagos.com\/es\/wp-content\/uploads\/sites\/3\/2024\/01\/lower.jpg\" class=\"swipebox gallery__item\" title=\"Cubierta inferior\">\n\t\t\t\t<img decoding=\"async\" width=\"720\" height=\"236\" src=\"https:\/\/naturegalapagos.com\/es\/wp-content\/uploads\/sites\/3\/2024\/01\/lower-720x236.jpg\" class=\"attachment-thumb_gallery size-thumb_gallery\" alt=\"Cubierta inferior del Crucero Daphne\" \/>\t\t\t\t<span class=\"gallery__item__info\">\n\t\t\t\t\t<span class=\"gallery__item__info__content\">\n\t\t\t\t\t\t<span class=\"gallery__item__title\">Cubierta inferior<\/span>\n\t\t\t\t\t\t\t\t\t\t<\/span>\n\t\t\t\t\t<span class=\"gallery__item__shadow\"><\/span>\n\t\t\t\t<\/span>\n\t\t\t<\/a>\n\t\t<\/div>\n\t<\/div>\n<\/div>\n<p>[vc_row][vc_column el_class=&#8221;accocruise&#8221;][vc_column_text]\n<div class=\"panel panel-default accordion__item\">\n\t<div class=\"panel-heading accordion__item__title-wrap\">\n\t\t<h4 class=\"panel-title\">\n\t\t\t<a data-toggle=\"collapse\" data-parent=\"#ataccordion0\" href=\"#ataccordion0_1\" class=\"accordion__item__link collapsed\">Solicite m\u00e1s informaci\u00f3n<\/a>\n\t\t<\/h4>\n\t<\/div>\n\t<div id=\"ataccordion0_1\" class=\"panel-collapse collapse\">\n\t\t<div class=\"panel-body accordion__item__content\">\n                <div class=\"ml-embedded\" data-form=\"C4mYGi\"><\/div>\n            \n<\/div>\n\t<\/div>\n<\/div>[\/vc_column_text][\/vc_column][\/vc_row]<\/p>\n<\/div>","protected":false},"excerpt":{"rendered":"<p>Crucero Daphne Gal\u00e1pagos uno de los yates m\u00e1s emblem\u00e1ticos del Archipi\u00e9lago, operado por una familia Galapague\u00f1a. Itinerarios de 5 &amp; 8 d\u00edas.<\/p>\n","protected":false},"featured_media":2093,"comment_status":"open","ping_status":"closed","template":"","meta":{"_joinchat":[]},"product_brand":[],"product_cat":[3599],"product_tag":[],"class_list":{"0":"post-1677","1":"product","2":"type-product","3":"status-publish","4":"has-post-thumbnail","6":"product_cat-sin-categoria","7":"tour_category-cruceros-turista-superior","9":"first","10":"instock","11":"taxable","12":"shipping-taxable","13":"product-type-tour"},"yoast_head":"<!-- This site is optimized with the Yoast SEO Premium plugin v25.6 (Yoast SEO v26.1.1) - https:\/\/yoast.com\/wordpress\/plugins\/seo\/ -->\n<title>Crucero Daphne Gal\u00e1pagos | Yate Turista Superior<\/title>\n<meta name=\"description\" content=\"Crucero Daphne Gal\u00e1pagos uno de los yates m\u00e1s emblem\u00e1ticos del Archipi\u00e9lago, operado por una familia Galapague\u00f1a. Itinerarios de 5 &amp; 8 d\u00edas.\" \/>\n<meta name=\"robots\" content=\"index, follow, max-snippet:-1, max-image-preview:large, max-video-preview:-1\" \/>\n<link rel=\"canonical\" href=\"https:\/\/naturegalapagos.com\/es\/cruceros-galapagos\/crucero-daphne-galapagos\/\" \/>\n<meta property=\"og:locale\" content=\"es_ES\" \/>\n<meta property=\"og:type\" content=\"article\" \/>\n<meta property=\"og:title\" content=\"Crucero Daphne Gal\u00e1pagos | Yate Turista Superior\" \/>\n<meta property=\"og:description\" content=\"Crucero Daphne Gal\u00e1pagos uno de los yates m\u00e1s emblem\u00e1ticos del Archipi\u00e9lago, operado por una familia Galapague\u00f1a. Itinerarios de 5 &amp; 8 d\u00edas.\" \/>\n<meta property=\"og:url\" content=\"https:\/\/naturegalapagos.com\/es\/cruceros-galapagos\/crucero-daphne-galapagos\/\" \/>\n<meta property=\"og:site_name\" content=\"Espa\u00f1ol - Nature Galapagos &amp; Ecuador\" \/>\n<meta property=\"article:publisher\" content=\"https:\/\/www.facebook.com\/naturegalapagosecuador\/\" \/>\n<meta property=\"og:image\" content=\"https:\/\/naturegalapagos.com\/es\/wp-content\/uploads\/sites\/3\/2016\/06\/crucero-daphne-galapagos.jpg\" \/>\n\t<meta property=\"og:image:width\" content=\"1024\" \/>\n\t<meta property=\"og:image:height\" content=\"512\" \/>\n\t<meta property=\"og:image:type\" content=\"image\/jpeg\" \/>\n<meta name=\"twitter:card\" content=\"summary_large_image\" \/>\n<meta name=\"twitter:title\" content=\"Crucero Daphne Gal\u00e1pagos | Yate Turista Superior\" \/>\n<meta name=\"twitter:description\" content=\"Crucero Daphne Gal\u00e1pagos uno de los yates m\u00e1s emblem\u00e1ticos del Archipi\u00e9lago, operado por una familia Galapague\u00f1a. Itinerarios de 5 &amp; 8 d\u00edas.\" \/>\n<meta name=\"twitter:site\" content=\"@naturegalapagos\" \/>\n<meta name=\"twitter:label1\" content=\"Tiempo de lectura\" \/>\n\t<meta name=\"twitter:data1\" content=\"2 minutos\" \/>\n<!-- \/ Yoast SEO Premium plugin. -->","yoast_head_json":{"title":"Crucero Daphne Gal\u00e1pagos | Yate Turista Superior","description":"Crucero Daphne Gal\u00e1pagos uno de los yates m\u00e1s emblem\u00e1ticos del Archipi\u00e9lago, operado por una familia Galapague\u00f1a. Itinerarios de 5 & 8 d\u00edas.","robots":{"index":"index","follow":"follow","max-snippet":"max-snippet:-1","max-image-preview":"max-image-preview:large","max-video-preview":"max-video-preview:-1"},"canonical":"https:\/\/naturegalapagos.com\/es\/cruceros-galapagos\/crucero-daphne-galapagos\/","og_locale":"es_ES","og_type":"article","og_title":"Crucero Daphne Gal\u00e1pagos | Yate Turista Superior","og_description":"Crucero Daphne Gal\u00e1pagos uno de los yates m\u00e1s emblem\u00e1ticos del Archipi\u00e9lago, operado por una familia Galapague\u00f1a. Itinerarios de 5 & 8 d\u00edas.","og_url":"https:\/\/naturegalapagos.com\/es\/cruceros-galapagos\/crucero-daphne-galapagos\/","og_site_name":"Espa\u00f1ol - Nature Galapagos &amp; Ecuador","article_publisher":"https:\/\/www.facebook.com\/naturegalapagosecuador\/","og_image":[{"width":1024,"height":512,"url":"https:\/\/naturegalapagos.com\/es\/wp-content\/uploads\/sites\/3\/2016\/06\/crucero-daphne-galapagos.jpg","type":"image\/jpeg"}],"twitter_card":"summary_large_image","twitter_title":"Crucero Daphne Gal\u00e1pagos | Yate Turista Superior","twitter_description":"Crucero Daphne Gal\u00e1pagos uno de los yates m\u00e1s emblem\u00e1ticos del Archipi\u00e9lago, operado por una familia Galapague\u00f1a. Itinerarios de 5 & 8 d\u00edas.","twitter_site":"@naturegalapagos","twitter_misc":{"Tiempo de lectura":"2 minutos"},"schema":{"@context":"https:\/\/schema.org","@graph":[{"@type":"WebPage","@id":"https:\/\/naturegalapagos.com\/es\/cruceros-galapagos\/crucero-daphne-galapagos\/","url":"https:\/\/naturegalapagos.com\/es\/cruceros-galapagos\/crucero-daphne-galapagos\/","name":"Crucero Daphne Gal\u00e1pagos | Yate Turista Superior","isPartOf":{"@id":"https:\/\/naturegalapagos.com\/es\/#website"},"primaryImageOfPage":{"@id":"https:\/\/naturegalapagos.com\/es\/cruceros-galapagos\/crucero-daphne-galapagos\/#primaryimage"},"image":{"@id":"https:\/\/naturegalapagos.com\/es\/cruceros-galapagos\/crucero-daphne-galapagos\/#primaryimage"},"thumbnailUrl":"https:\/\/naturegalapagos.com\/es\/wp-content\/uploads\/sites\/3\/2016\/06\/crucero-daphne-galapagos.jpg","datePublished":"2024-12-16T16:57:48+00:00","description":"Crucero Daphne Gal\u00e1pagos uno de los yates m\u00e1s emblem\u00e1ticos del Archipi\u00e9lago, operado por una familia Galapague\u00f1a. Itinerarios de 5 & 8 d\u00edas.","breadcrumb":{"@id":"https:\/\/naturegalapagos.com\/es\/cruceros-galapagos\/crucero-daphne-galapagos\/#breadcrumb"},"inLanguage":"es","potentialAction":[{"@type":"ReadAction","target":["https:\/\/naturegalapagos.com\/es\/cruceros-galapagos\/crucero-daphne-galapagos\/"]}]},{"@type":"ImageObject","inLanguage":"es","@id":"https:\/\/naturegalapagos.com\/es\/cruceros-galapagos\/crucero-daphne-galapagos\/#primaryimage","url":"https:\/\/naturegalapagos.com\/es\/wp-content\/uploads\/sites\/3\/2016\/06\/crucero-daphne-galapagos.jpg","contentUrl":"https:\/\/naturegalapagos.com\/es\/wp-content\/uploads\/sites\/3\/2016\/06\/crucero-daphne-galapagos.jpg","width":1024,"height":512,"caption":"Crucero Daphne Gal\u00e1pagos"},{"@type":"BreadcrumbList","@id":"https:\/\/naturegalapagos.com\/es\/cruceros-galapagos\/crucero-daphne-galapagos\/#breadcrumb","itemListElement":[{"@type":"ListItem","position":1,"name":"Home","item":"https:\/\/naturegalapagos.com\/es\/"},{"@type":"ListItem","position":2,"name":"Tienda","item":"https:\/\/naturegalapagos.com\/es\/tienda\/"},{"@type":"ListItem","position":3,"name":"Crucero Daphne Gal\u00e1pagos"}]},{"@type":"WebSite","@id":"https:\/\/naturegalapagos.com\/es\/#website","url":"https:\/\/naturegalapagos.com\/es\/","name":"Espa\u00f1ol - Nature Galapagos & Ecuador","description":"","publisher":{"@id":"https:\/\/naturegalapagos.com\/es\/#organization"},"potentialAction":[{"@type":"SearchAction","target":{"@type":"EntryPoint","urlTemplate":"https:\/\/naturegalapagos.com\/es\/?s={search_term_string}"},"query-input":{"@type":"PropertyValueSpecification","valueRequired":true,"valueName":"search_term_string"}}],"inLanguage":"es"},{"@type":"Organization","@id":"https:\/\/naturegalapagos.com\/es\/#organization","name":"Espa\u00f1ol - Nature Galapagos & Ecuador","url":"https:\/\/naturegalapagos.com\/es\/","logo":{"@type":"ImageObject","inLanguage":"es","@id":"https:\/\/naturegalapagos.com\/es\/#\/schema\/logo\/image\/","url":"https:\/\/naturegalapagos.com\/es\/wp-content\/uploads\/sites\/3\/2016\/10\/Nature-Galapagos-Logo-COM-300x300.jpg","contentUrl":"https:\/\/naturegalapagos.com\/es\/wp-content\/uploads\/sites\/3\/2016\/10\/Nature-Galapagos-Logo-COM-300x300.jpg","width":300,"height":300,"caption":"Espa\u00f1ol - Nature Galapagos & Ecuador"},"image":{"@id":"https:\/\/naturegalapagos.com\/es\/#\/schema\/logo\/image\/"},"sameAs":["https:\/\/www.facebook.com\/naturegalapagosecuador\/","https:\/\/x.com\/naturegalapagos","https:\/\/www.instagram.com\/naturegalapagos\/","https:\/\/www.pinterest.com\/Naturegalapagos\/","https:\/\/www.youtube.com\/user\/NatureGalapagosTours"]}]}},"_links":{"self":[{"href":"https:\/\/naturegalapagos.com\/es\/wp-json\/wp\/v2\/product\/1677","targetHints":{"allow":["GET"]}}],"collection":[{"href":"https:\/\/naturegalapagos.com\/es\/wp-json\/wp\/v2\/product"}],"about":[{"href":"https:\/\/naturegalapagos.com\/es\/wp-json\/wp\/v2\/types\/product"}],"replies":[{"embeddable":true,"href":"https:\/\/naturegalapagos.com\/es\/wp-json\/wp\/v2\/comments?post=1677"}],"wp:featuredmedia":[{"embeddable":true,"href":"https:\/\/naturegalapagos.com\/es\/wp-json\/wp\/v2\/media\/2093"}],"wp:attachment":[{"href":"https:\/\/naturegalapagos.com\/es\/wp-json\/wp\/v2\/media?parent=1677"}],"wp:term":[{"taxonomy":"product_brand","embeddable":true,"href":"https:\/\/naturegalapagos.com\/es\/wp-json\/wp\/v2\/product_brand?post=1677"},{"taxonomy":"product_cat","embeddable":true,"href":"https:\/\/naturegalapagos.com\/es\/wp-json\/wp\/v2\/product_cat?post=1677"},{"taxonomy":"product_tag","embeddable":true,"href":"https:\/\/naturegalapagos.com\/es\/wp-json\/wp\/v2\/product_tag?post=1677"}],"curies":[{"name":"wp","href":"https:\/\/api.w.org\/{rel}","templated":true}]}}